{"id":75471,"date":"2026-05-07T14:42:02","date_gmt":"2026-05-07T13:42:02","guid":{"rendered":"https:\/\/c-profil.se\/?post_type=product&#038;p=75471"},"modified":"2026-05-07T14:42:56","modified_gmt":"2026-05-07T13:42:56","slug":"wire-harnesses-kt-bl-multi","status":"publish","type":"product","link":"https:\/\/c-profil.se\/english\/produkt\/kabelinsatser-kt-bl-multi\/","title":{"rendered":"Cable sets | KT-BL multi"},"content":{"rendered":"<p><strong>The KT-BL series of cable inserts are used together with KEL-ER-BL cable entry frames<\/strong> and provides clear visual identification thanks to its blue signal color. The multi-hole inserts enable sealing up to IP54 and effectively increase cable density in both cable entry frames and cable glands.<\/p>","protected":false},"excerpt":{"rendered":"<p data-start=\"0\" data-end=\"171\">The KT-BL series of cable inserts is particularly suitable for use with:<\/p>\n<p data-start=\"0\" data-end=\"171\"><strong><a class=\"zn-inspecting-element zn-inspecting-element--relative\" href=\"https:\/\/c-profil.se\/english\/product\/cable-entry-frame-for-the-food-industry-kel-er-bl\/\">Cable gland frame<\/a><\/strong><\/p>\n<p data-start=\"0\" data-end=\"171\">The blue signal color provides clear visual identification.<\/p>\n<p data-start=\"173\" data-end=\"238\">KT-BL multi enables sealing of cables up to IP54.<\/p>\n<p data-start=\"240\" data-end=\"437\">By using double or quadruple inserts, cable density in cable glands and cable entry frames can be significantly increased. The KT-BL multi series is designed for cable diameters from 1 to 8 mm.<\/p>\n<p data-start=\"439\" data-end=\"603\" data-is-last-node=\"\" data-is-only-node=\"\">When assembling small inserts in multiple rows, the flat sides should face each other. This ensures that the flat surfaces seal tightly, providing a secure seal.<\/p>\n<p data-start=\"439\" data-end=\"603\" data-is-last-node=\"\" data-is-only-node=\"\"><strong>Advantages<\/strong><\/p>\n<ul>\n<li>Pulling cables with and without connectors through the cable entry frame KEL-ER-BL<\/li>\n<li>High strain relief according to EN 62444<\/li>\n<li>Available for a wide range of cable diameters<\/li>\n<li>Blue signal color for clear visual identification within the food industry<\/li>\n<li>Significantly increased cable density when using twin- or quadruple-hole inserts<\/li>\n<\/ul>\n<p data-start=\"439\" data-end=\"603\" data-is-last-node=\"\" data-is-only-node=\"\">","protected":false},"featured_media":75474,"template":"","meta":{"_acf_changed":false},"product_brand":[740],"product_cat":[1007],"product_tag":[953,992,1005,939],"class_list":{"0":"post-75471","1":"product","2":"type-product","3":"status-publish","4":"has-post-thumbnail","6":"product_brand-icotek","7":"product_cat-kabelinsatser","8":"product_tag-eftermontering","9":"product_tag-kabelgenomforing","10":"product_tag-platbearbetning","11":"product_tag-tatning","13":"first","14":"instock","15":"shipping-taxable","16":"product-type-simple"},"acf":[],"yoast_head":"<!-- This site is optimized with the Yoast SEO Premium plugin v27.5 (Yoast SEO v27.5) - https:\/\/yoast.com\/product\/yoast-seo-premium-wordpress\/ -->\n<title>Kabelinsatser | KT-BL multi - C-Pro<\/title>\n<meta name=\"description\" content=\"KT-BL-serien av kabelinsatser \u00e4r s\u00e4rskilt l\u00e4mplig f\u00f6r anv\u00e4ndning tillsammans med: KEL-ER-BL-Kabelgenomf\u00f6ringsram \u2192 Den bl\u00e5 signalf\u00e4rgen ger tydlig visuell identifiering. KT-BL multi m\u00f6jligg\u00f6r t\u00e4tning av kablar upp till IP54. Genom att anv\u00e4nda dubbel- eller fyrh\u00e5lsinsatser kan kabelt\u00e4theten i kabelgenomf\u00f6ringsramar och kabelf\u00f6rskruvningar \u00f6kas avsev\u00e4rt. Serien KT-BL multi \u00e4r utformad f\u00f6r kabeldiametrar fr\u00e5n 1 till 8 mm. Vid montage av sm\u00e5 insatser i flera rader ska de plana sidorna vara v\u00e4nda mot varandra. Detta s\u00e4kerst\u00e4ller att de plana ytorna sluter t\u00e4tt och ger en s\u00e4ker t\u00e4tning. F\u00f6rdelar    Dragning av kablar med och utan kontakter genom kabelgenomf\u00f6ringsramen KEL-ER-BL  H\u00f6g dragavlastning enligt EN 62444  Finns f\u00f6r ett brett spann av kabeldiametrar  Bl\u00e5 signalf\u00e4rg f\u00f6r tydlig visuell identifiering inom livsmedelsindustrin  Avsev\u00e4rt \u00f6kad kabelt\u00e4thet vid anv\u00e4ndning av dubbel- eller fyrh\u00e5lsinsatser\" \/>\n<meta name=\"robots\" content=\"index, follow, max-snippet:-1, max-image-preview:large, max-video-preview:-1\" \/>\n<link rel=\"canonical\" href=\"https:\/\/c-profil.se\/english\/product\/wire-harnesses-kt-bl-multi\/\" \/>\n<meta property=\"og:locale\" content=\"en_US\" \/>\n<meta property=\"og:type\" content=\"article\" \/>\n<meta property=\"og:title\" content=\"Kabelinsatser | KT-BL multi - C-Pro\" \/>\n<meta property=\"og:description\" content=\"KT-BL-serien av kabelinsatser \u00e4r s\u00e4rskilt l\u00e4mplig f\u00f6r anv\u00e4ndning tillsammans med: KEL-ER-BL-Kabelgenomf\u00f6ringsram \u2192 Den bl\u00e5 signalf\u00e4rgen ger tydlig visuell identifiering. KT-BL multi m\u00f6jligg\u00f6r t\u00e4tning av kablar upp till IP54. Genom att anv\u00e4nda dubbel- eller fyrh\u00e5lsinsatser kan kabelt\u00e4theten i kabelgenomf\u00f6ringsramar och kabelf\u00f6rskruvningar \u00f6kas avsev\u00e4rt. Serien KT-BL multi \u00e4r utformad f\u00f6r kabeldiametrar fr\u00e5n 1 till 8 mm. Vid montage av sm\u00e5 insatser i flera rader ska de plana sidorna vara v\u00e4nda mot varandra. Detta s\u00e4kerst\u00e4ller att de plana ytorna sluter t\u00e4tt och ger en s\u00e4ker t\u00e4tning. F\u00f6rdelar    Dragning av kablar med och utan kontakter genom kabelgenomf\u00f6ringsramen KEL-ER-BL  H\u00f6g dragavlastning enligt EN 62444  Finns f\u00f6r ett brett spann av kabeldiametrar  Bl\u00e5 signalf\u00e4rg f\u00f6r tydlig visuell identifiering inom livsmedelsindustrin  Avsev\u00e4rt \u00f6kad kabelt\u00e4thet vid anv\u00e4ndning av dubbel- eller fyrh\u00e5lsinsatser\" \/>\n<meta property=\"og:url\" content=\"https:\/\/c-profil.se\/english\/product\/wire-harnesses-kt-bl-multi\/\" \/>\n<meta property=\"og:site_name\" content=\"C-Pro\" \/>\n<meta property=\"article:publisher\" content=\"https:\/\/www.facebook.com\/people\/C-Pro\/61561767306874\/\" \/>\n<meta property=\"article:modified_time\" content=\"2026-05-07T13:42:56+00:00\" \/>\n<meta property=\"og:image\" content=\"https:\/\/c-profil.se\/wp-content\/uploads\/2026\/05\/Kabelinsatser-KT-BL-multi.jpg\" \/>\n\t<meta property=\"og:image:width\" content=\"1000\" \/>\n\t<meta property=\"og:image:height\" content=\"1000\" \/>\n\t<meta property=\"og:image:type\" content=\"image\/jpeg\" \/>\n<meta name=\"twitter:card\" content=\"summary_large_image\" \/>\n<meta name=\"twitter:label1\" content=\"Price\" \/>\n\t<meta name=\"twitter:data1\" content=\"\" \/>\n\t<meta name=\"twitter:label2\" content=\"Availability\" \/>\n\t<meta name=\"twitter:data2\" content=\"In stock\" \/>\n<script type=\"application\/ld+json\" class=\"yoast-schema-graph\">{\"@context\":\"https:\\\/\\\/schema.org\",\"@graph\":[{\"@type\":\"WebPage\",\"@id\":\"https:\\\/\\\/c-profil.se\\\/produkt\\\/kabelinsatser-kt-bl-multi\\\/\",\"url\":\"https:\\\/\\\/c-profil.se\\\/produkt\\\/kabelinsatser-kt-bl-multi\\\/\",\"name\":\"Kabelinsatser | KT-BL multi - C-Pro\",\"isPartOf\":{\"@id\":\"https:\\\/\\\/c-profil.se\\\/#website\"},\"primaryImageOfPage\":{\"@id\":\"https:\\\/\\\/c-profil.se\\\/produkt\\\/kabelinsatser-kt-bl-multi\\\/#primaryimage\"},\"image\":{\"@id\":\"https:\\\/\\\/c-profil.se\\\/produkt\\\/kabelinsatser-kt-bl-multi\\\/#primaryimage\"},\"thumbnailUrl\":\"https:\\\/\\\/c-profil.se\\\/wp-content\\\/uploads\\\/2026\\\/05\\\/Kabelinsatser-KT-BL-multi.jpg\",\"datePublished\":\"2026-05-07T13:42:02+00:00\",\"dateModified\":\"2026-05-07T13:42:56+00:00\",\"description\":\"KT-BL-serien av kabelinsatser \u00e4r s\u00e4rskilt l\u00e4mplig f\u00f6r anv\u00e4ndning tillsammans med: KEL-ER-BL-Kabelgenomf\u00f6ringsram \u2192 Den bl\u00e5 signalf\u00e4rgen ger tydlig visuell identifiering. KT-BL multi m\u00f6jligg\u00f6r t\u00e4tning av kablar upp till IP54. Genom att anv\u00e4nda dubbel- eller fyrh\u00e5lsinsatser kan kabelt\u00e4theten i kabelgenomf\u00f6ringsramar och kabelf\u00f6rskruvningar \u00f6kas avsev\u00e4rt. Serien KT-BL multi \u00e4r utformad f\u00f6r kabeldiametrar fr\u00e5n 1 till 8 mm. Vid montage av sm\u00e5 insatser i flera rader ska de plana sidorna vara v\u00e4nda mot varandra. Detta s\u00e4kerst\u00e4ller att de plana ytorna sluter t\u00e4tt och ger en s\u00e4ker t\u00e4tning. F\u00f6rdelar Dragning av kablar med och utan kontakter genom kabelgenomf\u00f6ringsramen KEL-ER-BL H\u00f6g dragavlastning enligt EN 62444 Finns f\u00f6r ett brett spann av kabeldiametrar Bl\u00e5 signalf\u00e4rg f\u00f6r tydlig visuell identifiering inom livsmedelsindustrin Avsev\u00e4rt \u00f6kad kabelt\u00e4thet vid anv\u00e4ndning av dubbel- eller fyrh\u00e5lsinsatser\",\"breadcrumb\":{\"@id\":\"https:\\\/\\\/c-profil.se\\\/produkt\\\/kabelinsatser-kt-bl-multi\\\/#breadcrumb\"},\"inLanguage\":\"en\",\"potentialAction\":[{\"@type\":\"ReadAction\",\"target\":[\"https:\\\/\\\/c-profil.se\\\/produkt\\\/kabelinsatser-kt-bl-multi\\\/\"]}]},{\"@type\":\"ImageObject\",\"inLanguage\":\"en\",\"@id\":\"https:\\\/\\\/c-profil.se\\\/produkt\\\/kabelinsatser-kt-bl-multi\\\/#primaryimage\",\"url\":\"https:\\\/\\\/c-profil.se\\\/wp-content\\\/uploads\\\/2026\\\/05\\\/Kabelinsatser-KT-BL-multi.jpg\",\"contentUrl\":\"https:\\\/\\\/c-profil.se\\\/wp-content\\\/uploads\\\/2026\\\/05\\\/Kabelinsatser-KT-BL-multi.jpg\",\"width\":1000,\"height\":1000,\"caption\":\"Kabelinsatser KT-BL multi\"},{\"@type\":\"BreadcrumbList\",\"@id\":\"https:\\\/\\\/c-profil.se\\\/produkt\\\/kabelinsatser-kt-bl-multi\\\/#breadcrumb\",\"itemListElement\":[{\"@type\":\"ListItem\",\"position\":1,\"name\":\"Hem\",\"item\":\"https:\\\/\\\/c-profil.se\\\/\"},{\"@type\":\"ListItem\",\"position\":2,\"name\":\"Produkter\",\"item\":\"https:\\\/\\\/c-profil.se\\\/produkter\\\/\"},{\"@type\":\"ListItem\",\"position\":3,\"name\":\"Kabelinsatser\",\"item\":\"https:\\\/\\\/c-profil.se\\\/produkt-kategori\\\/kabelinsatser\\\/\"},{\"@type\":\"ListItem\",\"position\":4,\"name\":\"Kabelinsatser | KT-BL multi\"}]},{\"@type\":\"WebSite\",\"@id\":\"https:\\\/\\\/c-profil.se\\\/#website\",\"url\":\"https:\\\/\\\/c-profil.se\\\/\",\"name\":\"C-Pro\",\"description\":\"Produkter f\u00f6r El och Automation\",\"publisher\":{\"@id\":\"https:\\\/\\\/c-profil.se\\\/#organization\"},\"potentialAction\":[{\"@type\":\"SearchAction\",\"target\":{\"@type\":\"EntryPoint\",\"urlTemplate\":\"https:\\\/\\\/c-profil.se\\\/?s={search_term_string}\"},\"query-input\":{\"@type\":\"PropertyValueSpecification\",\"valueRequired\":true,\"valueName\":\"search_term_string\"}}],\"inLanguage\":\"en\"},{\"@type\":\"Organization\",\"@id\":\"https:\\\/\\\/c-profil.se\\\/#organization\",\"name\":\"C-Pro\",\"alternateName\":\"C-PRO\",\"url\":\"https:\\\/\\\/c-profil.se\\\/\",\"logo\":{\"@type\":\"ImageObject\",\"inLanguage\":\"en\",\"@id\":\"https:\\\/\\\/c-profil.se\\\/#\\\/schema\\\/logo\\\/image\\\/\",\"url\":\"https:\\\/\\\/c-profil.se\\\/wp-content\\\/uploads\\\/2022\\\/03\\\/c-pro-logga-liggande-500x500-1.png\",\"contentUrl\":\"https:\\\/\\\/c-profil.se\\\/wp-content\\\/uploads\\\/2022\\\/03\\\/c-pro-logga-liggande-500x500-1.png\",\"width\":500,\"height\":500,\"caption\":\"C-Pro\"},\"image\":{\"@id\":\"https:\\\/\\\/c-profil.se\\\/#\\\/schema\\\/logo\\\/image\\\/\"},\"sameAs\":[\"https:\\\/\\\/www.facebook.com\\\/people\\\/C-Pro\\\/61561767306874\\\/\",\"https:\\\/\\\/www.linkedin.com\\\/company\\\/c-pro-ab\",\"https:\\\/\\\/www.instagram.com\\\/cpro.ab\\\/\"],\"description\":\"C-PRO AB \u00e4r en helt\u00e4ckande leverant\u00f6r av material f\u00f6r applikationer inom el och automation. \u00c4nda sedan starten 1987 har vi f\u00f6rsett den svenska tillverkande industrin med elmaterial. Trots v\u00e5r storlek och ledande position har vi aldrig \u00f6vergett v\u00e5r grundfilosofi, att vara en personlig leverant\u00f6r. Vi p\u00e5 C-PRO \u00e4r l\u00e4tta att komma i kontakt med, \u00e4rliga och brinner f\u00f6r att l\u00f6sa v\u00e5ra kunders problem.\",\"email\":\"info@c-profil.se\",\"telephone\":\"031575785\",\"legalName\":\"C-Profil F\u00f6rl\u00e4ggningsmaterial AB\",\"foundingDate\":\"1987-01-01\"}]}<\/script>\n<meta property=\"product:brand\" content=\"eftermontering\" \/>\n<meta property=\"product:price:currency\" content=\"SEK\" \/>\n<meta property=\"og:availability\" content=\"instock\" \/>\n<meta property=\"product:availability\" content=\"instock\" \/>\n<meta property=\"product:retailer_item_id\" content=\"KT-BL multi\" \/>\n<meta property=\"product:condition\" content=\"new\" \/>\n<!-- \/ Yoast SEO Premium plugin. -->","yoast_head_json":{"title":"Cable sets | KT-BL multi - C-Pro","description":"The KT-BL series of cable entry plates is particularly suitable for use with: KEL-ER-BL cable entry frames \u2192 The blue signal color provides clear visual identification. KT-BL multi enables sealing of cables up to IP54. By using double or quadruple grommet inserts, cable density in cable entry frames and cable glands can be significantly increased. The KT-BL multi series is designed for cable diameters from 1 to 8 mm. When installing small multiple rows of inserts, the flat sides should face each other. This ensures that the flat surfaces mate tightly and provide a secure seal. Benefits: Routing of cables with and without connectors through the KEL-ER-BL cable entry frame. High strain relief according to EN 62444. Available for a wide range of cable diameters. Blue signal color for clear visual identification in the food industry. Significantly increased cable density when using double or quadruple grommet inserts.","robots":{"index":"index","follow":"follow","max-snippet":"max-snippet:-1","max-image-preview":"max-image-preview:large","max-video-preview":"max-video-preview:-1"},"canonical":"https:\/\/c-profil.se\/english\/product\/wire-harnesses-kt-bl-multi\/","og_locale":"en_US","og_type":"article","og_title":"Kabelinsatser | KT-BL multi - C-Pro","og_description":"KT-BL-serien av kabelinsatser \u00e4r s\u00e4rskilt l\u00e4mplig f\u00f6r anv\u00e4ndning tillsammans med: KEL-ER-BL-Kabelgenomf\u00f6ringsram \u2192 Den bl\u00e5 signalf\u00e4rgen ger tydlig visuell identifiering. KT-BL multi m\u00f6jligg\u00f6r t\u00e4tning av kablar upp till IP54. Genom att anv\u00e4nda dubbel- eller fyrh\u00e5lsinsatser kan kabelt\u00e4theten i kabelgenomf\u00f6ringsramar och kabelf\u00f6rskruvningar \u00f6kas avsev\u00e4rt. Serien KT-BL multi \u00e4r utformad f\u00f6r kabeldiametrar fr\u00e5n 1 till 8 mm. Vid montage av sm\u00e5 insatser i flera rader ska de plana sidorna vara v\u00e4nda mot varandra. Detta s\u00e4kerst\u00e4ller att de plana ytorna sluter t\u00e4tt och ger en s\u00e4ker t\u00e4tning. F\u00f6rdelar    Dragning av kablar med och utan kontakter genom kabelgenomf\u00f6ringsramen KEL-ER-BL  H\u00f6g dragavlastning enligt EN 62444  Finns f\u00f6r ett brett spann av kabeldiametrar  Bl\u00e5 signalf\u00e4rg f\u00f6r tydlig visuell identifiering inom livsmedelsindustrin  Avsev\u00e4rt \u00f6kad kabelt\u00e4thet vid anv\u00e4ndning av dubbel- eller fyrh\u00e5lsinsatser","og_url":"https:\/\/c-profil.se\/english\/product\/wire-harnesses-kt-bl-multi\/","og_site_name":"C-Pro","article_publisher":"https:\/\/www.facebook.com\/people\/C-Pro\/61561767306874\/","article_modified_time":"2026-05-07T13:42:56+00:00","og_image":[{"width":1000,"height":1000,"url":"https:\/\/c-profil.se\/wp-content\/uploads\/2026\/05\/Kabelinsatser-KT-BL-multi.jpg","type":"image\/jpeg"}],"twitter_card":"summary_large_image","twitter_misc":{"Price":"","Availability":"In stock"},"schema":{"@context":"https:\/\/schema.org","@graph":[{"@type":"WebPage","@id":"https:\/\/c-profil.se\/produkt\/kabelinsatser-kt-bl-multi\/","url":"https:\/\/c-profil.se\/produkt\/kabelinsatser-kt-bl-multi\/","name":"Cable sets | KT-BL multi - C-Pro","isPartOf":{"@id":"https:\/\/c-profil.se\/#website"},"primaryImageOfPage":{"@id":"https:\/\/c-profil.se\/produkt\/kabelinsatser-kt-bl-multi\/#primaryimage"},"image":{"@id":"https:\/\/c-profil.se\/produkt\/kabelinsatser-kt-bl-multi\/#primaryimage"},"thumbnailUrl":"https:\/\/c-profil.se\/wp-content\/uploads\/2026\/05\/Kabelinsatser-KT-BL-multi.jpg","datePublished":"2026-05-07T13:42:02+00:00","dateModified":"2026-05-07T13:42:56+00:00","description":"The KT-BL series of cable grommets is particularly suitable for use with: KEL-ER-BL cable entry frames \u2192 The blue signal color provides clear visual identification. KT-BL multi enables sealing of cables up to IP54. By using double or quad-hole grommets, the cable density in cable entry frames and cable glands can be significantly increased. The KT-BL multi series is designed for cable diameters from 1 to 8 mm. When mounting small grommets in multiple rows, the flat sides should face each other. This ensures that the flat surfaces seal tightly and provide a secure seal. Advantages Routing of cables with and without connectors through the KEL-ER-BL cable entry frame High strain relief according to EN 62444 Available for a wide range of cable diameters Blue signal color for clear visual identification in the food industry Significantly increased cable density when using double or quad-hole grommets","breadcrumb":{"@id":"https:\/\/c-profil.se\/produkt\/kabelinsatser-kt-bl-multi\/#breadcrumb"},"inLanguage":"en","potentialAction":[{"@type":"ReadAction","target":["https:\/\/c-profil.se\/produkt\/kabelinsatser-kt-bl-multi\/"]}]},{"@type":"ImageObject","inLanguage":"en","@id":"https:\/\/c-profil.se\/produkt\/kabelinsatser-kt-bl-multi\/#primaryimage","url":"https:\/\/c-profil.se\/wp-content\/uploads\/2026\/05\/Kabelinsatser-KT-BL-multi.jpg","contentUrl":"https:\/\/c-profil.se\/wp-content\/uploads\/2026\/05\/Kabelinsatser-KT-BL-multi.jpg","width":1000,"height":1000,"caption":"Kabelinsatser KT-BL multi"},{"@type":"BreadcrumbList","@id":"https:\/\/c-profil.se\/produkt\/kabelinsatser-kt-bl-multi\/#breadcrumb","itemListElement":[{"@type":"ListItem","position":1,"name":"Hem","item":"https:\/\/c-profil.se\/"},{"@type":"ListItem","position":2,"name":"Produkter","item":"https:\/\/c-profil.se\/produkter\/"},{"@type":"ListItem","position":3,"name":"Kabelinsatser","item":"https:\/\/c-profil.se\/produkt-kategori\/kabelinsatser\/"},{"@type":"ListItem","position":4,"name":"Kabelinsatser | KT-BL multi"}]},{"@type":"WebSite","@id":"https:\/\/c-profil.se\/#website","url":"https:\/\/c-profil.se\/","name":"C-Pro","description":"Products for Electricity and Automation","publisher":{"@id":"https:\/\/c-profil.se\/#organization"},"potentialAction":[{"@type":"SearchAction","target":{"@type":"EntryPoint","urlTemplate":"https:\/\/c-profil.se\/?s={search_term_string}"},"query-input":{"@type":"PropertyValueSpecification","valueRequired":true,"valueName":"search_term_string"}}],"inLanguage":"en"},{"@type":"Organization","@id":"https:\/\/c-profil.se\/#organization","name":"C-Pro","alternateName":"C-PRO","url":"https:\/\/c-profil.se\/","logo":{"@type":"ImageObject","inLanguage":"en","@id":"https:\/\/c-profil.se\/#\/schema\/logo\/image\/","url":"https:\/\/c-profil.se\/wp-content\/uploads\/2022\/03\/c-pro-logga-liggande-500x500-1.png","contentUrl":"https:\/\/c-profil.se\/wp-content\/uploads\/2022\/03\/c-pro-logga-liggande-500x500-1.png","width":500,"height":500,"caption":"C-Pro"},"image":{"@id":"https:\/\/c-profil.se\/#\/schema\/logo\/image\/"},"sameAs":["https:\/\/www.facebook.com\/people\/C-Pro\/61561767306874\/","https:\/\/www.linkedin.com\/company\/c-pro-ab","https:\/\/www.instagram.com\/cpro.ab\/"],"description":"C-PRO AB is a comprehensive supplier of materials for applications in electricity and automation. Ever since the start in 1987, we have supplied the Swedish manufacturing industry with electrical materials. Despite our size and leading position, we have never abandoned our basic philosophy, to be a personal supplier. We at C-PRO are easy to get in touch with, honest and passionate about solving our customers&#039; problems.","email":"info@c-profil.se","telephone":"031575785","legalName":"C-Profil F\u00f6rl\u00e4ggningsmaterial AB","foundingDate":"1987-01-01"}]},"product_brand":"eftermontering","product_price_currency":"SEK","og_availability":"instock","product_availability":"instock","product_retailer_item_id":"KT-BL multi","product_condition":"new"},"_links":{"self":[{"href":"https:\/\/c-profil.se\/english\/wp-json\/wp\/v2\/product\/75471","targetHints":{"allow":["GET"]}}],"collection":[{"href":"https:\/\/c-profil.se\/english\/wp-json\/wp\/v2\/product"}],"about":[{"href":"https:\/\/c-profil.se\/english\/wp-json\/wp\/v2\/types\/product"}],"version-history":[{"count":1,"href":"https:\/\/c-profil.se\/english\/wp-json\/wp\/v2\/product\/75471\/revisions"}],"predecessor-version":[{"id":75475,"href":"https:\/\/c-profil.se\/english\/wp-json\/wp\/v2\/product\/75471\/revisions\/75475"}],"wp:featuredmedia":[{"embeddable":true,"href":"https:\/\/c-profil.se\/english\/wp-json\/wp\/v2\/media\/75474"}],"wp:attachment":[{"href":"https:\/\/c-profil.se\/english\/wp-json\/wp\/v2\/media?parent=75471"}],"wp:term":[{"taxonomy":"product_brand","embeddable":true,"href":"https:\/\/c-profil.se\/english\/wp-json\/wp\/v2\/product_brand?post=75471"},{"taxonomy":"product_cat","embeddable":true,"href":"https:\/\/c-profil.se\/english\/wp-json\/wp\/v2\/product_cat?post=75471"},{"taxonomy":"product_tag","embeddable":true,"href":"https:\/\/c-profil.se\/english\/wp-json\/wp\/v2\/product_tag?post=75471"}],"curies":[{"name":"wp","href":"https:\/\/api.w.org\/{rel}","templated":true}]}}