{"id":75466,"date":"2026-05-07T14:26:14","date_gmt":"2026-05-07T13:26:14","guid":{"rendered":"https:\/\/c-profil.se\/?post_type=product&#038;p=75466"},"modified":"2026-05-07T14:26:15","modified_gmt":"2026-05-07T13:26:15","slug":"wiring-harnesses-kt-bl","status":"publish","type":"product","link":"https:\/\/c-profil.se\/english\/produkt\/kabelinsatser-kt-bl\/","title":{"rendered":"Cable sets | KT-BL"},"content":{"rendered":"<p><strong>Cable entry kits KT-BL are used together with KEL-ER-BL cable entry frames<\/strong> and provide clear visual identification thanks to its blue signal color. The inserts are available for cable diameters from 1 to 35 mm and ensure a tight and secure installation when the flat sides are mounted against each other.<\/p>","protected":false},"excerpt":{"rendered":"<p>Cable sets | KT-BL are particularly suitable for use with:<\/p>\n<p><strong><a href=\"\/english\/product\/cable-entry-frame-for-the-food-industry-kel-er-bl\/\"> Cable gland frame<\/a><\/strong><\/p>\n<p>The signal color blue provides clear visual color identification. The small inserts are designed for cable diameters from 1 to 16 mm, and the large ones for diameters from 16 to 35 mm.<br \/>\nDuring installation, the flat sides should face each other. This allows the flat sides to match and provides a secure seal.<\/p>","protected":false},"featured_media":75469,"template":"","meta":{"_acf_changed":false},"product_brand":[740],"product_cat":[1007],"product_tag":[953,992,1005,939],"class_list":{"0":"post-75466","1":"product","2":"type-product","3":"status-publish","4":"has-post-thumbnail","6":"product_brand-icotek","7":"product_cat-kabelinsatser","8":"product_tag-eftermontering","9":"product_tag-kabelgenomforing","10":"product_tag-platbearbetning","11":"product_tag-tatning","13":"first","14":"instock","15":"shipping-taxable","16":"product-type-simple"},"acf":[],"yoast_head":"<!-- This site is optimized with the Yoast SEO Premium plugin v27.6 (Yoast SEO v27.6) - https:\/\/yoast.com\/product\/yoast-seo-premium-wordpress\/ -->\n<title>Kabelinsatser | KT-BL - C-Pro<\/title>\n<meta name=\"description\" content=\"Kabelinsatser | KT-BL \u00e4r s\u00e4rskilt l\u00e4mpliga f\u00f6r anv\u00e4ndning med:   KEL-ER-BL-Kabelgenomf\u00f6ringsram \u2192  Signalf\u00e4rgen bl\u00e5 ger tydlig visuell f\u00e4rgidentifiering. De sm\u00e5 insatserna \u00e4r utformade f\u00f6r kabeldiametrar fr\u00e5n 1 till 16 mm, de stora f\u00f6r diametrar fr\u00e5n 16 till 35 mm. Vid installation b\u00f6r de platta sidorna vara v\u00e4nda mot varandra. Detta g\u00f6r att de platta sidorna matchar och ger en s\u00e4ker t\u00e4tning.\" \/>\n<meta name=\"robots\" content=\"index, follow, max-snippet:-1, max-image-preview:large, max-video-preview:-1\" \/>\n<link rel=\"canonical\" href=\"https:\/\/c-profil.se\/english\/product\/wiring-harnesses-kt-bl\/\" \/>\n<meta property=\"og:locale\" content=\"en_US\" \/>\n<meta property=\"og:type\" content=\"article\" \/>\n<meta property=\"og:title\" content=\"Kabelinsatser | KT-BL - C-Pro\" \/>\n<meta property=\"og:description\" content=\"Kabelinsatser | KT-BL \u00e4r s\u00e4rskilt l\u00e4mpliga f\u00f6r anv\u00e4ndning med:   KEL-ER-BL-Kabelgenomf\u00f6ringsram \u2192  Signalf\u00e4rgen bl\u00e5 ger tydlig visuell f\u00e4rgidentifiering. De sm\u00e5 insatserna \u00e4r utformade f\u00f6r kabeldiametrar fr\u00e5n 1 till 16 mm, de stora f\u00f6r diametrar fr\u00e5n 16 till 35 mm. Vid installation b\u00f6r de platta sidorna vara v\u00e4nda mot varandra. Detta g\u00f6r att de platta sidorna matchar och ger en s\u00e4ker t\u00e4tning.\" \/>\n<meta property=\"og:url\" content=\"https:\/\/c-profil.se\/english\/product\/wiring-harnesses-kt-bl\/\" \/>\n<meta property=\"og:site_name\" content=\"C-Pro\" \/>\n<meta property=\"article:publisher\" content=\"https:\/\/www.facebook.com\/people\/C-Pro\/61561767306874\/\" \/>\n<meta property=\"article:modified_time\" content=\"2026-05-07T13:26:15+00:00\" \/>\n<meta property=\"og:image\" content=\"https:\/\/c-profil.se\/wp-content\/uploads\/2026\/05\/Kabelinsatser-KT-BL.jpg\" \/>\n\t<meta property=\"og:image:width\" content=\"1000\" \/>\n\t<meta property=\"og:image:height\" content=\"1000\" \/>\n\t<meta property=\"og:image:type\" content=\"image\/jpeg\" \/>\n<meta name=\"twitter:card\" content=\"summary_large_image\" \/>\n<meta name=\"twitter:label1\" content=\"Price\" \/>\n\t<meta name=\"twitter:data1\" content=\"\" \/>\n\t<meta name=\"twitter:label2\" content=\"Availability\" \/>\n\t<meta name=\"twitter:data2\" content=\"In stock\" \/>\n<script type=\"application\/ld+json\" class=\"yoast-schema-graph\">{\"@context\":\"https:\\\/\\\/schema.org\",\"@graph\":[{\"@type\":\"WebPage\",\"@id\":\"https:\\\/\\\/c-profil.se\\\/produkt\\\/kabelinsatser-kt-bl\\\/\",\"url\":\"https:\\\/\\\/c-profil.se\\\/produkt\\\/kabelinsatser-kt-bl\\\/\",\"name\":\"Kabelinsatser | KT-BL - C-Pro\",\"isPartOf\":{\"@id\":\"https:\\\/\\\/c-profil.se\\\/#website\"},\"primaryImageOfPage\":{\"@id\":\"https:\\\/\\\/c-profil.se\\\/produkt\\\/kabelinsatser-kt-bl\\\/#primaryimage\"},\"image\":{\"@id\":\"https:\\\/\\\/c-profil.se\\\/produkt\\\/kabelinsatser-kt-bl\\\/#primaryimage\"},\"thumbnailUrl\":\"https:\\\/\\\/c-profil.se\\\/wp-content\\\/uploads\\\/2026\\\/05\\\/Kabelinsatser-KT-BL.jpg\",\"datePublished\":\"2026-05-07T13:26:14+00:00\",\"dateModified\":\"2026-05-07T13:26:15+00:00\",\"description\":\"Kabelinsatser | KT-BL \u00e4r s\u00e4rskilt l\u00e4mpliga f\u00f6r anv\u00e4ndning med: KEL-ER-BL-Kabelgenomf\u00f6ringsram \u2192 Signalf\u00e4rgen bl\u00e5 ger tydlig visuell f\u00e4rgidentifiering. De sm\u00e5 insatserna \u00e4r utformade f\u00f6r kabeldiametrar fr\u00e5n 1 till 16 mm, de stora f\u00f6r diametrar fr\u00e5n 16 till 35 mm. Vid installation b\u00f6r de platta sidorna vara v\u00e4nda mot varandra. Detta g\u00f6r att de platta sidorna matchar och ger en s\u00e4ker t\u00e4tning.\",\"breadcrumb\":{\"@id\":\"https:\\\/\\\/c-profil.se\\\/produkt\\\/kabelinsatser-kt-bl\\\/#breadcrumb\"},\"inLanguage\":\"en\",\"potentialAction\":[{\"@type\":\"ReadAction\",\"target\":[\"https:\\\/\\\/c-profil.se\\\/produkt\\\/kabelinsatser-kt-bl\\\/\"]}]},{\"@type\":\"ImageObject\",\"inLanguage\":\"en\",\"@id\":\"https:\\\/\\\/c-profil.se\\\/produkt\\\/kabelinsatser-kt-bl\\\/#primaryimage\",\"url\":\"https:\\\/\\\/c-profil.se\\\/wp-content\\\/uploads\\\/2026\\\/05\\\/Kabelinsatser-KT-BL.jpg\",\"contentUrl\":\"https:\\\/\\\/c-profil.se\\\/wp-content\\\/uploads\\\/2026\\\/05\\\/Kabelinsatser-KT-BL.jpg\",\"width\":1000,\"height\":1000,\"caption\":\"Kabelinsatser KT-BL\"},{\"@type\":\"BreadcrumbList\",\"@id\":\"https:\\\/\\\/c-profil.se\\\/produkt\\\/kabelinsatser-kt-bl\\\/#breadcrumb\",\"itemListElement\":[{\"@type\":\"ListItem\",\"position\":1,\"name\":\"Hem\",\"item\":\"https:\\\/\\\/c-profil.se\\\/\"},{\"@type\":\"ListItem\",\"position\":2,\"name\":\"Produkter\",\"item\":\"https:\\\/\\\/c-profil.se\\\/produkter\\\/\"},{\"@type\":\"ListItem\",\"position\":3,\"name\":\"Kabelinsatser\",\"item\":\"https:\\\/\\\/c-profil.se\\\/produkt-kategori\\\/kabelinsatser\\\/\"},{\"@type\":\"ListItem\",\"position\":4,\"name\":\"Kabelinsatser | KT-BL\"}]},{\"@type\":\"WebSite\",\"@id\":\"https:\\\/\\\/c-profil.se\\\/#website\",\"url\":\"https:\\\/\\\/c-profil.se\\\/\",\"name\":\"C-Pro\",\"description\":\"Produkter f\u00f6r El och Automation\",\"publisher\":{\"@id\":\"https:\\\/\\\/c-profil.se\\\/#organization\"},\"potentialAction\":[{\"@type\":\"SearchAction\",\"target\":{\"@type\":\"EntryPoint\",\"urlTemplate\":\"https:\\\/\\\/c-profil.se\\\/?s={search_term_string}\"},\"query-input\":{\"@type\":\"PropertyValueSpecification\",\"valueRequired\":true,\"valueName\":\"search_term_string\"}}],\"inLanguage\":\"en\"},{\"@type\":\"Organization\",\"@id\":\"https:\\\/\\\/c-profil.se\\\/#organization\",\"name\":\"C-Pro\",\"alternateName\":\"C-PRO\",\"url\":\"https:\\\/\\\/c-profil.se\\\/\",\"logo\":{\"@type\":\"ImageObject\",\"inLanguage\":\"en\",\"@id\":\"https:\\\/\\\/c-profil.se\\\/#\\\/schema\\\/logo\\\/image\\\/\",\"url\":\"https:\\\/\\\/c-profil.se\\\/wp-content\\\/uploads\\\/2022\\\/03\\\/c-pro-logga-liggande-500x500-1.png\",\"contentUrl\":\"https:\\\/\\\/c-profil.se\\\/wp-content\\\/uploads\\\/2022\\\/03\\\/c-pro-logga-liggande-500x500-1.png\",\"width\":500,\"height\":500,\"caption\":\"C-Pro\"},\"image\":{\"@id\":\"https:\\\/\\\/c-profil.se\\\/#\\\/schema\\\/logo\\\/image\\\/\"},\"sameAs\":[\"https:\\\/\\\/www.facebook.com\\\/people\\\/C-Pro\\\/61561767306874\\\/\",\"https:\\\/\\\/www.linkedin.com\\\/company\\\/c-pro-ab\",\"https:\\\/\\\/www.instagram.com\\\/cpro.ab\\\/\"],\"description\":\"C-PRO AB \u00e4r en helt\u00e4ckande leverant\u00f6r av material f\u00f6r applikationer inom el och automation. \u00c4nda sedan starten 1987 har vi f\u00f6rsett den svenska tillverkande industrin med elmaterial. Trots v\u00e5r storlek och ledande position har vi aldrig \u00f6vergett v\u00e5r grundfilosofi, att vara en personlig leverant\u00f6r. Vi p\u00e5 C-PRO \u00e4r l\u00e4tta att komma i kontakt med, \u00e4rliga och brinner f\u00f6r att l\u00f6sa v\u00e5ra kunders problem.\",\"email\":\"info@c-profil.se\",\"telephone\":\"031575785\",\"legalName\":\"C-Profil F\u00f6rl\u00e4ggningsmaterial AB\",\"foundingDate\":\"1987-01-01\"}]}<\/script>\n<meta property=\"product:brand\" content=\"eftermontering\" \/>\n<meta property=\"product:price:currency\" content=\"SEK\" \/>\n<meta property=\"og:availability\" content=\"instock\" \/>\n<meta property=\"product:availability\" content=\"instock\" \/>\n<meta property=\"product:retailer_item_id\" content=\"KT-BL\" \/>\n<meta property=\"product:condition\" content=\"new\" \/>\n<!-- \/ Yoast SEO Premium plugin. -->","yoast_head_json":{"title":"Cable harnesses | KT-BL - C-Pro","description":"Cable grommets | KT-BL are particularly suitable for use with: KEL-ER-BL cable entry frames \u2192 The signal color blue provides clear visual color identification. The small inserts are designed for cable diameters from 1 to 16 mm, the large ones for diameters from 16 to 35 mm. When installing, the flat sides should be facing each other. This allows the flat sides to match and provides a secure seal.","robots":{"index":"index","follow":"follow","max-snippet":"max-snippet:-1","max-image-preview":"max-image-preview:large","max-video-preview":"max-video-preview:-1"},"canonical":"https:\/\/c-profil.se\/english\/product\/wiring-harnesses-kt-bl\/","og_locale":"en_US","og_type":"article","og_title":"Kabelinsatser | KT-BL - C-Pro","og_description":"Kabelinsatser | KT-BL \u00e4r s\u00e4rskilt l\u00e4mpliga f\u00f6r anv\u00e4ndning med:   KEL-ER-BL-Kabelgenomf\u00f6ringsram \u2192  Signalf\u00e4rgen bl\u00e5 ger tydlig visuell f\u00e4rgidentifiering. De sm\u00e5 insatserna \u00e4r utformade f\u00f6r kabeldiametrar fr\u00e5n 1 till 16 mm, de stora f\u00f6r diametrar fr\u00e5n 16 till 35 mm. Vid installation b\u00f6r de platta sidorna vara v\u00e4nda mot varandra. Detta g\u00f6r att de platta sidorna matchar och ger en s\u00e4ker t\u00e4tning.","og_url":"https:\/\/c-profil.se\/english\/product\/wiring-harnesses-kt-bl\/","og_site_name":"C-Pro","article_publisher":"https:\/\/www.facebook.com\/people\/C-Pro\/61561767306874\/","article_modified_time":"2026-05-07T13:26:15+00:00","og_image":[{"width":1000,"height":1000,"url":"https:\/\/c-profil.se\/wp-content\/uploads\/2026\/05\/Kabelinsatser-KT-BL.jpg","type":"image\/jpeg"}],"twitter_card":"summary_large_image","twitter_misc":{"Price":"","Availability":"In stock"},"schema":{"@context":"https:\/\/schema.org","@graph":[{"@type":"WebPage","@id":"https:\/\/c-profil.se\/produkt\/kabelinsatser-kt-bl\/","url":"https:\/\/c-profil.se\/produkt\/kabelinsatser-kt-bl\/","name":"Cable harnesses | KT-BL - C-Pro","isPartOf":{"@id":"https:\/\/c-profil.se\/#website"},"primaryImageOfPage":{"@id":"https:\/\/c-profil.se\/produkt\/kabelinsatser-kt-bl\/#primaryimage"},"image":{"@id":"https:\/\/c-profil.se\/produkt\/kabelinsatser-kt-bl\/#primaryimage"},"thumbnailUrl":"https:\/\/c-profil.se\/wp-content\/uploads\/2026\/05\/Kabelinsatser-KT-BL.jpg","datePublished":"2026-05-07T13:26:14+00:00","dateModified":"2026-05-07T13:26:15+00:00","description":"Cable inserts | KT-BL are particularly suitable for use with: KEL-ER-BL cable entry frames \u2192 The signal color blue ensures clear visual color identification. The small inserts are designed for cable diameters from 1 to 16 mm, the large ones for diameters from 16 to 35 mm. When installing, the flat sides should face each other. This ensures the flat sides match and provides a secure seal.","breadcrumb":{"@id":"https:\/\/c-profil.se\/produkt\/kabelinsatser-kt-bl\/#breadcrumb"},"inLanguage":"en","potentialAction":[{"@type":"ReadAction","target":["https:\/\/c-profil.se\/produkt\/kabelinsatser-kt-bl\/"]}]},{"@type":"ImageObject","inLanguage":"en","@id":"https:\/\/c-profil.se\/produkt\/kabelinsatser-kt-bl\/#primaryimage","url":"https:\/\/c-profil.se\/wp-content\/uploads\/2026\/05\/Kabelinsatser-KT-BL.jpg","contentUrl":"https:\/\/c-profil.se\/wp-content\/uploads\/2026\/05\/Kabelinsatser-KT-BL.jpg","width":1000,"height":1000,"caption":"Kabelinsatser KT-BL"},{"@type":"BreadcrumbList","@id":"https:\/\/c-profil.se\/produkt\/kabelinsatser-kt-bl\/#breadcrumb","itemListElement":[{"@type":"ListItem","position":1,"name":"Hem","item":"https:\/\/c-profil.se\/"},{"@type":"ListItem","position":2,"name":"Produkter","item":"https:\/\/c-profil.se\/produkter\/"},{"@type":"ListItem","position":3,"name":"Kabelinsatser","item":"https:\/\/c-profil.se\/produkt-kategori\/kabelinsatser\/"},{"@type":"ListItem","position":4,"name":"Kabelinsatser | KT-BL"}]},{"@type":"WebSite","@id":"https:\/\/c-profil.se\/#website","url":"https:\/\/c-profil.se\/","name":"C-Pro","description":"Products for Electricity and Automation","publisher":{"@id":"https:\/\/c-profil.se\/#organization"},"potentialAction":[{"@type":"SearchAction","target":{"@type":"EntryPoint","urlTemplate":"https:\/\/c-profil.se\/?s={search_term_string}"},"query-input":{"@type":"PropertyValueSpecification","valueRequired":true,"valueName":"search_term_string"}}],"inLanguage":"en"},{"@type":"Organization","@id":"https:\/\/c-profil.se\/#organization","name":"C-Pro","alternateName":"C-PRO","url":"https:\/\/c-profil.se\/","logo":{"@type":"ImageObject","inLanguage":"en","@id":"https:\/\/c-profil.se\/#\/schema\/logo\/image\/","url":"https:\/\/c-profil.se\/wp-content\/uploads\/2022\/03\/c-pro-logga-liggande-500x500-1.png","contentUrl":"https:\/\/c-profil.se\/wp-content\/uploads\/2022\/03\/c-pro-logga-liggande-500x500-1.png","width":500,"height":500,"caption":"C-Pro"},"image":{"@id":"https:\/\/c-profil.se\/#\/schema\/logo\/image\/"},"sameAs":["https:\/\/www.facebook.com\/people\/C-Pro\/61561767306874\/","https:\/\/www.linkedin.com\/company\/c-pro-ab","https:\/\/www.instagram.com\/cpro.ab\/"],"description":"C-PRO AB is a comprehensive supplier of materials for applications in electricity and automation. Ever since the start in 1987, we have supplied the Swedish manufacturing industry with electrical materials. Despite our size and leading position, we have never abandoned our basic philosophy, to be a personal supplier. We at C-PRO are easy to get in touch with, honest and passionate about solving our customers&#039; problems.","email":"info@c-profil.se","telephone":"031575785","legalName":"C-Profil F\u00f6rl\u00e4ggningsmaterial AB","foundingDate":"1987-01-01"}]},"product_brand":"eftermontering","product_price_currency":"SEK","og_availability":"instock","product_availability":"instock","product_retailer_item_id":"KT-BL","product_condition":"new"},"_links":{"self":[{"href":"https:\/\/c-profil.se\/english\/wp-json\/wp\/v2\/product\/75466","targetHints":{"allow":["GET"]}}],"collection":[{"href":"https:\/\/c-profil.se\/english\/wp-json\/wp\/v2\/product"}],"about":[{"href":"https:\/\/c-profil.se\/english\/wp-json\/wp\/v2\/types\/product"}],"version-history":[{"count":1,"href":"https:\/\/c-profil.se\/english\/wp-json\/wp\/v2\/product\/75466\/revisions"}],"predecessor-version":[{"id":75470,"href":"https:\/\/c-profil.se\/english\/wp-json\/wp\/v2\/product\/75466\/revisions\/75470"}],"wp:featuredmedia":[{"embeddable":true,"href":"https:\/\/c-profil.se\/english\/wp-json\/wp\/v2\/media\/75469"}],"wp:attachment":[{"href":"https:\/\/c-profil.se\/english\/wp-json\/wp\/v2\/media?parent=75466"}],"wp:term":[{"taxonomy":"product_brand","embeddable":true,"href":"https:\/\/c-profil.se\/english\/wp-json\/wp\/v2\/product_brand?post=75466"},{"taxonomy":"product_cat","embeddable":true,"href":"https:\/\/c-profil.se\/english\/wp-json\/wp\/v2\/product_cat?post=75466"},{"taxonomy":"product_tag","embeddable":true,"href":"https:\/\/c-profil.se\/english\/wp-json\/wp\/v2\/product_tag?post=75466"}],"curies":[{"name":"wp","href":"https:\/\/api.w.org\/{rel}","templated":true}]}}