{"id":75463,"date":"2026-05-07T13:37:32","date_gmt":"2026-05-07T12:37:32","guid":{"rendered":"https:\/\/c-profil.se\/?post_type=product&#038;p=75463"},"modified":"2026-05-07T13:37:33","modified_gmt":"2026-05-07T12:37:33","slug":"wiring-harnesses-qt","status":"publish","type":"product","link":"https:\/\/c-profil.se\/english\/produkt\/kabelinsatser-qt\/","title":{"rendered":"Cable sets | QT"},"content":{"rendered":"<p><strong>The cable gland QT is used in several flexible cable gland systems<\/strong> and accommodates cables with diameters from 1 to 15 mm. With different cable glands and custom designs, the system can be easily adapted for high density, increased flexibility, and secure installation in industrial applications.<\/p>","protected":false},"excerpt":{"rendered":"<p>The cable gland QT is used in the following cable gland systems:<\/p>\n<p><a href=\"https:\/\/c-profil.se\/english\/product\/split-cable-entry-frame-kel-quick\/\"><strong>Cable entry frame KEL-QUICK<\/strong><\/a><\/p>\n<p><a href=\"\/english\/product\/split-cable-gland-qvt\/\"><strong>Cable gland-QVT<\/strong><\/a><\/p>\n<p><a href=\"\/english\/product\/split-cable-gland-qvt-click\/\"><strong>Cable gland-QVT-CLICK<\/strong><\/a><\/p>\n<p>The model series can be used from 1 to 15 mm in diameter.<\/p>\n<p>Through the use of cable glands, the packing density of cable glands can be massively increased.<\/p>\n<p>Special bushings, e.g. bushings for ASI cables, increase the variability of cable entries. Blind bushings can seal locations where bushings are not fitted.<\/p>\n<p>When assembling multi-level units, it is important that the flat sides of the flat shelves face each other.<\/p>\n<p><strong>Advantages<\/strong><\/p>\n<ul>\n<li>Enable routing of pre-terminated cables through cable entry frames and split cable glands<\/li>\n<li>Available for a large range of cable diameters<\/li>\n<li>Increased packing density when using double or quadruple bushings<\/li>\n<\/ul>","protected":false},"featured_media":75464,"template":"","meta":{"_acf_changed":false},"product_brand":[740],"product_cat":[1007],"product_tag":[953,992,1005,939],"class_list":{"0":"post-75463","1":"product","2":"type-product","3":"status-publish","4":"has-post-thumbnail","6":"product_brand-icotek","7":"product_cat-kabelinsatser","8":"product_tag-eftermontering","9":"product_tag-kabelgenomforing","10":"product_tag-platbearbetning","11":"product_tag-tatning","13":"first","14":"instock","15":"shipping-taxable","16":"product-type-simple"},"acf":[],"yoast_head":"<!-- This site is optimized with the Yoast SEO Premium plugin v27.6 (Yoast SEO v27.6) - https:\/\/yoast.com\/product\/yoast-seo-premium-wordpress\/ -->\n<title>Kabelinsatser | QT - C-Pro<\/title>\n<meta name=\"description\" content=\"Kabelgenomf\u00f6ringen QT anv\u00e4nds i f\u00f6ljande kabelgenomf\u00f6ringssystem:  Kabelgenomf\u00f6ringsram-KEL-QUICK \u2192  Kabelf\u00f6rskruvning-QVT \u2192  Kabelf\u00f6rskruvning-QVT-CLICK \u2192  Modellserien kan anv\u00e4ndas fr\u00e5n 1 till 15 mm i diameter.  Genom anv\u00e4ndningen av kabelhylsor kan packningst\u00e4theten av kabelgenomf\u00f6ringen \u00f6kas massivt.  Olika speciella hylser, t.ex. hylser f\u00f6r ASI-ledningar, \u00f6kar kabelgenomf\u00f6ringens variabilitet. Blindhylser kan f\u00f6rsegla st\u00e4llen d\u00e4r hylser inte \u00e4r monterade.  Vid montage \u00f6ver flera etage \u00e4r det viktigt att de plana hylsernas platta sidor visar mot varandra.  F\u00f6rdelar   G\u00f6r genomf\u00f6ring av f\u00f6rkontakterade kablar via kabelgenomf\u00f6ring ramar och delade kabelgenomf\u00f6ringar  Finns f\u00f6r ett stort antal kabeldiametrar  \u00d6kad packningst\u00e4thet vid anv\u00e4ndning av dubbla eller fyrdubbla genomf\u00f6ringar\" \/>\n<meta name=\"robots\" content=\"index, follow, max-snippet:-1, max-image-preview:large, max-video-preview:-1\" \/>\n<link rel=\"canonical\" href=\"https:\/\/c-profil.se\/english\/product\/wiring-harnesses-qt\/\" \/>\n<meta property=\"og:locale\" content=\"en_US\" \/>\n<meta property=\"og:type\" content=\"article\" \/>\n<meta property=\"og:title\" content=\"Kabelinsatser | QT - C-Pro\" \/>\n<meta property=\"og:description\" content=\"Kabelgenomf\u00f6ringen QT anv\u00e4nds i f\u00f6ljande kabelgenomf\u00f6ringssystem:  Kabelgenomf\u00f6ringsram-KEL-QUICK \u2192  Kabelf\u00f6rskruvning-QVT \u2192  Kabelf\u00f6rskruvning-QVT-CLICK \u2192  Modellserien kan anv\u00e4ndas fr\u00e5n 1 till 15 mm i diameter.  Genom anv\u00e4ndningen av kabelhylsor kan packningst\u00e4theten av kabelgenomf\u00f6ringen \u00f6kas massivt.  Olika speciella hylser, t.ex. hylser f\u00f6r ASI-ledningar, \u00f6kar kabelgenomf\u00f6ringens variabilitet. Blindhylser kan f\u00f6rsegla st\u00e4llen d\u00e4r hylser inte \u00e4r monterade.  Vid montage \u00f6ver flera etage \u00e4r det viktigt att de plana hylsernas platta sidor visar mot varandra.  F\u00f6rdelar   G\u00f6r genomf\u00f6ring av f\u00f6rkontakterade kablar via kabelgenomf\u00f6ring ramar och delade kabelgenomf\u00f6ringar  Finns f\u00f6r ett stort antal kabeldiametrar  \u00d6kad packningst\u00e4thet vid anv\u00e4ndning av dubbla eller fyrdubbla genomf\u00f6ringar\" \/>\n<meta property=\"og:url\" content=\"https:\/\/c-profil.se\/english\/product\/wiring-harnesses-qt\/\" \/>\n<meta property=\"og:site_name\" content=\"C-Pro\" \/>\n<meta property=\"article:publisher\" content=\"https:\/\/www.facebook.com\/people\/C-Pro\/61561767306874\/\" \/>\n<meta property=\"article:modified_time\" content=\"2026-05-07T12:37:33+00:00\" \/>\n<meta property=\"og:image\" content=\"https:\/\/c-profil.se\/wp-content\/uploads\/2026\/05\/Kabelinsatser-QT.jpg\" \/>\n\t<meta property=\"og:image:width\" content=\"1000\" \/>\n\t<meta property=\"og:image:height\" content=\"1000\" \/>\n\t<meta property=\"og:image:type\" content=\"image\/jpeg\" \/>\n<meta name=\"twitter:card\" content=\"summary_large_image\" \/>\n<meta name=\"twitter:label1\" content=\"Price\" \/>\n\t<meta name=\"twitter:data1\" content=\"\" \/>\n\t<meta name=\"twitter:label2\" content=\"Availability\" \/>\n\t<meta name=\"twitter:data2\" content=\"In stock\" \/>\n<script type=\"application\/ld+json\" class=\"yoast-schema-graph\">{\"@context\":\"https:\\\/\\\/schema.org\",\"@graph\":[{\"@type\":\"WebPage\",\"@id\":\"https:\\\/\\\/c-profil.se\\\/produkt\\\/kabelinsatser-qt\\\/\",\"url\":\"https:\\\/\\\/c-profil.se\\\/produkt\\\/kabelinsatser-qt\\\/\",\"name\":\"Kabelinsatser | QT - C-Pro\",\"isPartOf\":{\"@id\":\"https:\\\/\\\/c-profil.se\\\/#website\"},\"primaryImageOfPage\":{\"@id\":\"https:\\\/\\\/c-profil.se\\\/produkt\\\/kabelinsatser-qt\\\/#primaryimage\"},\"image\":{\"@id\":\"https:\\\/\\\/c-profil.se\\\/produkt\\\/kabelinsatser-qt\\\/#primaryimage\"},\"thumbnailUrl\":\"https:\\\/\\\/c-profil.se\\\/wp-content\\\/uploads\\\/2026\\\/05\\\/Kabelinsatser-QT.jpg\",\"datePublished\":\"2026-05-07T12:37:32+00:00\",\"dateModified\":\"2026-05-07T12:37:33+00:00\",\"description\":\"Kabelgenomf\u00f6ringen QT anv\u00e4nds i f\u00f6ljande kabelgenomf\u00f6ringssystem: Kabelgenomf\u00f6ringsram-KEL-QUICK \u2192 Kabelf\u00f6rskruvning-QVT \u2192 Kabelf\u00f6rskruvning-QVT-CLICK \u2192 Modellserien kan anv\u00e4ndas fr\u00e5n 1 till 15 mm i diameter. Genom anv\u00e4ndningen av kabelhylsor kan packningst\u00e4theten av kabelgenomf\u00f6ringen \u00f6kas massivt. Olika speciella hylser, t.ex. hylser f\u00f6r ASI-ledningar, \u00f6kar kabelgenomf\u00f6ringens variabilitet. Blindhylser kan f\u00f6rsegla st\u00e4llen d\u00e4r hylser inte \u00e4r monterade. Vid montage \u00f6ver flera etage \u00e4r det viktigt att de plana hylsernas platta sidor visar mot varandra. F\u00f6rdelar G\u00f6r genomf\u00f6ring av f\u00f6rkontakterade kablar via kabelgenomf\u00f6ring ramar och delade kabelgenomf\u00f6ringar Finns f\u00f6r ett stort antal kabeldiametrar \u00d6kad packningst\u00e4thet vid anv\u00e4ndning av dubbla eller fyrdubbla genomf\u00f6ringar\",\"breadcrumb\":{\"@id\":\"https:\\\/\\\/c-profil.se\\\/produkt\\\/kabelinsatser-qt\\\/#breadcrumb\"},\"inLanguage\":\"en\",\"potentialAction\":[{\"@type\":\"ReadAction\",\"target\":[\"https:\\\/\\\/c-profil.se\\\/produkt\\\/kabelinsatser-qt\\\/\"]}]},{\"@type\":\"ImageObject\",\"inLanguage\":\"en\",\"@id\":\"https:\\\/\\\/c-profil.se\\\/produkt\\\/kabelinsatser-qt\\\/#primaryimage\",\"url\":\"https:\\\/\\\/c-profil.se\\\/wp-content\\\/uploads\\\/2026\\\/05\\\/Kabelinsatser-QT.jpg\",\"contentUrl\":\"https:\\\/\\\/c-profil.se\\\/wp-content\\\/uploads\\\/2026\\\/05\\\/Kabelinsatser-QT.jpg\",\"width\":1000,\"height\":1000,\"caption\":\"Kabelinsatser QT\"},{\"@type\":\"BreadcrumbList\",\"@id\":\"https:\\\/\\\/c-profil.se\\\/produkt\\\/kabelinsatser-qt\\\/#breadcrumb\",\"itemListElement\":[{\"@type\":\"ListItem\",\"position\":1,\"name\":\"Hem\",\"item\":\"https:\\\/\\\/c-profil.se\\\/\"},{\"@type\":\"ListItem\",\"position\":2,\"name\":\"Produkter\",\"item\":\"https:\\\/\\\/c-profil.se\\\/produkter\\\/\"},{\"@type\":\"ListItem\",\"position\":3,\"name\":\"Kabelinsatser\",\"item\":\"https:\\\/\\\/c-profil.se\\\/produkt-kategori\\\/kabelinsatser\\\/\"},{\"@type\":\"ListItem\",\"position\":4,\"name\":\"Kabelinsatser | QT\"}]},{\"@type\":\"WebSite\",\"@id\":\"https:\\\/\\\/c-profil.se\\\/#website\",\"url\":\"https:\\\/\\\/c-profil.se\\\/\",\"name\":\"C-Pro\",\"description\":\"Produkter f\u00f6r El och Automation\",\"publisher\":{\"@id\":\"https:\\\/\\\/c-profil.se\\\/#organization\"},\"potentialAction\":[{\"@type\":\"SearchAction\",\"target\":{\"@type\":\"EntryPoint\",\"urlTemplate\":\"https:\\\/\\\/c-profil.se\\\/?s={search_term_string}\"},\"query-input\":{\"@type\":\"PropertyValueSpecification\",\"valueRequired\":true,\"valueName\":\"search_term_string\"}}],\"inLanguage\":\"en\"},{\"@type\":\"Organization\",\"@id\":\"https:\\\/\\\/c-profil.se\\\/#organization\",\"name\":\"C-Pro\",\"alternateName\":\"C-PRO\",\"url\":\"https:\\\/\\\/c-profil.se\\\/\",\"logo\":{\"@type\":\"ImageObject\",\"inLanguage\":\"en\",\"@id\":\"https:\\\/\\\/c-profil.se\\\/#\\\/schema\\\/logo\\\/image\\\/\",\"url\":\"https:\\\/\\\/c-profil.se\\\/wp-content\\\/uploads\\\/2022\\\/03\\\/c-pro-logga-liggande-500x500-1.png\",\"contentUrl\":\"https:\\\/\\\/c-profil.se\\\/wp-content\\\/uploads\\\/2022\\\/03\\\/c-pro-logga-liggande-500x500-1.png\",\"width\":500,\"height\":500,\"caption\":\"C-Pro\"},\"image\":{\"@id\":\"https:\\\/\\\/c-profil.se\\\/#\\\/schema\\\/logo\\\/image\\\/\"},\"sameAs\":[\"https:\\\/\\\/www.facebook.com\\\/people\\\/C-Pro\\\/61561767306874\\\/\",\"https:\\\/\\\/www.linkedin.com\\\/company\\\/c-pro-ab\",\"https:\\\/\\\/www.instagram.com\\\/cpro.ab\\\/\"],\"description\":\"C-PRO AB \u00e4r en helt\u00e4ckande leverant\u00f6r av material f\u00f6r applikationer inom el och automation. \u00c4nda sedan starten 1987 har vi f\u00f6rsett den svenska tillverkande industrin med elmaterial. Trots v\u00e5r storlek och ledande position har vi aldrig \u00f6vergett v\u00e5r grundfilosofi, att vara en personlig leverant\u00f6r. Vi p\u00e5 C-PRO \u00e4r l\u00e4tta att komma i kontakt med, \u00e4rliga och brinner f\u00f6r att l\u00f6sa v\u00e5ra kunders problem.\",\"email\":\"info@c-profil.se\",\"telephone\":\"031575785\",\"legalName\":\"C-Profil F\u00f6rl\u00e4ggningsmaterial AB\",\"foundingDate\":\"1987-01-01\"}]}<\/script>\n<meta property=\"product:brand\" content=\"eftermontering\" \/>\n<meta property=\"product:price:currency\" content=\"SEK\" \/>\n<meta property=\"og:availability\" content=\"instock\" \/>\n<meta property=\"product:availability\" content=\"instock\" \/>\n<meta property=\"product:retailer_item_id\" content=\"QT\" \/>\n<meta property=\"product:condition\" content=\"new\" \/>\n<!-- \/ Yoast SEO Premium plugin. -->","yoast_head_json":{"title":"Cable sets | QT - C-Pro","description":"The QT cable entry is used in the following cable entry systems: KEL-QUICK cable entry frame \u2192 QVT cable gland \u2192 QVT-CLICK cable gland \u2192 The series can be used for diameters from 1 to 15 mm. By using cable collars, the sealing of the cable entry can be significantly increased. Various special collars, e.g., collars for ASI cables, increase the variability of the cable entry. Blank collars can seal locations where collars are not installed. When installing across multiple levels, it is important that the flat sides of the flat collars face each other. Benefits: Enables the passage of pre-assembled cables through cable entry frames and split cable entries. Available for a wide range of cable diameters. Increased sealing when using double or quadruple entries.","robots":{"index":"index","follow":"follow","max-snippet":"max-snippet:-1","max-image-preview":"max-image-preview:large","max-video-preview":"max-video-preview:-1"},"canonical":"https:\/\/c-profil.se\/english\/product\/wiring-harnesses-qt\/","og_locale":"en_US","og_type":"article","og_title":"Kabelinsatser | QT - C-Pro","og_description":"Kabelgenomf\u00f6ringen QT anv\u00e4nds i f\u00f6ljande kabelgenomf\u00f6ringssystem:  Kabelgenomf\u00f6ringsram-KEL-QUICK \u2192  Kabelf\u00f6rskruvning-QVT \u2192  Kabelf\u00f6rskruvning-QVT-CLICK \u2192  Modellserien kan anv\u00e4ndas fr\u00e5n 1 till 15 mm i diameter.  Genom anv\u00e4ndningen av kabelhylsor kan packningst\u00e4theten av kabelgenomf\u00f6ringen \u00f6kas massivt.  Olika speciella hylser, t.ex. hylser f\u00f6r ASI-ledningar, \u00f6kar kabelgenomf\u00f6ringens variabilitet. Blindhylser kan f\u00f6rsegla st\u00e4llen d\u00e4r hylser inte \u00e4r monterade.  Vid montage \u00f6ver flera etage \u00e4r det viktigt att de plana hylsernas platta sidor visar mot varandra.  F\u00f6rdelar   G\u00f6r genomf\u00f6ring av f\u00f6rkontakterade kablar via kabelgenomf\u00f6ring ramar och delade kabelgenomf\u00f6ringar  Finns f\u00f6r ett stort antal kabeldiametrar  \u00d6kad packningst\u00e4thet vid anv\u00e4ndning av dubbla eller fyrdubbla genomf\u00f6ringar","og_url":"https:\/\/c-profil.se\/english\/product\/wiring-harnesses-qt\/","og_site_name":"C-Pro","article_publisher":"https:\/\/www.facebook.com\/people\/C-Pro\/61561767306874\/","article_modified_time":"2026-05-07T12:37:33+00:00","og_image":[{"width":1000,"height":1000,"url":"https:\/\/c-profil.se\/wp-content\/uploads\/2026\/05\/Kabelinsatser-QT.jpg","type":"image\/jpeg"}],"twitter_card":"summary_large_image","twitter_misc":{"Price":"","Availability":"In stock"},"schema":{"@context":"https:\/\/schema.org","@graph":[{"@type":"WebPage","@id":"https:\/\/c-profil.se\/produkt\/kabelinsatser-qt\/","url":"https:\/\/c-profil.se\/produkt\/kabelinsatser-qt\/","name":"Cable sets | QT - C-Pro","isPartOf":{"@id":"https:\/\/c-profil.se\/#website"},"primaryImageOfPage":{"@id":"https:\/\/c-profil.se\/produkt\/kabelinsatser-qt\/#primaryimage"},"image":{"@id":"https:\/\/c-profil.se\/produkt\/kabelinsatser-qt\/#primaryimage"},"thumbnailUrl":"https:\/\/c-profil.se\/wp-content\/uploads\/2026\/05\/Kabelinsatser-QT.jpg","datePublished":"2026-05-07T12:37:32+00:00","dateModified":"2026-05-07T12:37:33+00:00","description":"The QT cable gland is used in the following cable gland systems: KEL-QUICK cable entry frame \u2192 QVT cable gland \u2192 QVT-CLICK cable gland \u2192 The series can be used for diameters from 1 to 15 mm. By using cable bushings, the sealing density of the cable gland can be significantly increased. Various special bushings, e.g., bushings for ASI cables, increase the variability of the cable gland. Blind bushings can seal locations where bushings are not installed. When installing on multiple levels, it is important that the flat sides of the flat bushings face each other. Advantages: Allows the passage of pre-assembled cables via cable entry frames and split cable entries. Available for a large number of cable diameters. Increased sealing density when using double or quadruple entries.","breadcrumb":{"@id":"https:\/\/c-profil.se\/produkt\/kabelinsatser-qt\/#breadcrumb"},"inLanguage":"en","potentialAction":[{"@type":"ReadAction","target":["https:\/\/c-profil.se\/produkt\/kabelinsatser-qt\/"]}]},{"@type":"ImageObject","inLanguage":"en","@id":"https:\/\/c-profil.se\/produkt\/kabelinsatser-qt\/#primaryimage","url":"https:\/\/c-profil.se\/wp-content\/uploads\/2026\/05\/Kabelinsatser-QT.jpg","contentUrl":"https:\/\/c-profil.se\/wp-content\/uploads\/2026\/05\/Kabelinsatser-QT.jpg","width":1000,"height":1000,"caption":"Kabelinsatser QT"},{"@type":"BreadcrumbList","@id":"https:\/\/c-profil.se\/produkt\/kabelinsatser-qt\/#breadcrumb","itemListElement":[{"@type":"ListItem","position":1,"name":"Hem","item":"https:\/\/c-profil.se\/"},{"@type":"ListItem","position":2,"name":"Produkter","item":"https:\/\/c-profil.se\/produkter\/"},{"@type":"ListItem","position":3,"name":"Kabelinsatser","item":"https:\/\/c-profil.se\/produkt-kategori\/kabelinsatser\/"},{"@type":"ListItem","position":4,"name":"Kabelinsatser | QT"}]},{"@type":"WebSite","@id":"https:\/\/c-profil.se\/#website","url":"https:\/\/c-profil.se\/","name":"C-Pro","description":"Products for Electricity and Automation","publisher":{"@id":"https:\/\/c-profil.se\/#organization"},"potentialAction":[{"@type":"SearchAction","target":{"@type":"EntryPoint","urlTemplate":"https:\/\/c-profil.se\/?s={search_term_string}"},"query-input":{"@type":"PropertyValueSpecification","valueRequired":true,"valueName":"search_term_string"}}],"inLanguage":"en"},{"@type":"Organization","@id":"https:\/\/c-profil.se\/#organization","name":"C-Pro","alternateName":"C-PRO","url":"https:\/\/c-profil.se\/","logo":{"@type":"ImageObject","inLanguage":"en","@id":"https:\/\/c-profil.se\/#\/schema\/logo\/image\/","url":"https:\/\/c-profil.se\/wp-content\/uploads\/2022\/03\/c-pro-logga-liggande-500x500-1.png","contentUrl":"https:\/\/c-profil.se\/wp-content\/uploads\/2022\/03\/c-pro-logga-liggande-500x500-1.png","width":500,"height":500,"caption":"C-Pro"},"image":{"@id":"https:\/\/c-profil.se\/#\/schema\/logo\/image\/"},"sameAs":["https:\/\/www.facebook.com\/people\/C-Pro\/61561767306874\/","https:\/\/www.linkedin.com\/company\/c-pro-ab","https:\/\/www.instagram.com\/cpro.ab\/"],"description":"C-PRO AB is a comprehensive supplier of materials for applications in electricity and automation. Ever since the start in 1987, we have supplied the Swedish manufacturing industry with electrical materials. Despite our size and leading position, we have never abandoned our basic philosophy, to be a personal supplier. We at C-PRO are easy to get in touch with, honest and passionate about solving our customers&#039; problems.","email":"info@c-profil.se","telephone":"031575785","legalName":"C-Profil F\u00f6rl\u00e4ggningsmaterial AB","foundingDate":"1987-01-01"}]},"product_brand":"eftermontering","product_price_currency":"SEK","og_availability":"instock","product_availability":"instock","product_retailer_item_id":"QT","product_condition":"new"},"_links":{"self":[{"href":"https:\/\/c-profil.se\/english\/wp-json\/wp\/v2\/product\/75463","targetHints":{"allow":["GET"]}}],"collection":[{"href":"https:\/\/c-profil.se\/english\/wp-json\/wp\/v2\/product"}],"about":[{"href":"https:\/\/c-profil.se\/english\/wp-json\/wp\/v2\/types\/product"}],"version-history":[{"count":1,"href":"https:\/\/c-profil.se\/english\/wp-json\/wp\/v2\/product\/75463\/revisions"}],"predecessor-version":[{"id":75465,"href":"https:\/\/c-profil.se\/english\/wp-json\/wp\/v2\/product\/75463\/revisions\/75465"}],"wp:featuredmedia":[{"embeddable":true,"href":"https:\/\/c-profil.se\/english\/wp-json\/wp\/v2\/media\/75464"}],"wp:attachment":[{"href":"https:\/\/c-profil.se\/english\/wp-json\/wp\/v2\/media?parent=75463"}],"wp:term":[{"taxonomy":"product_brand","embeddable":true,"href":"https:\/\/c-profil.se\/english\/wp-json\/wp\/v2\/product_brand?post=75463"},{"taxonomy":"product_cat","embeddable":true,"href":"https:\/\/c-profil.se\/english\/wp-json\/wp\/v2\/product_cat?post=75463"},{"taxonomy":"product_tag","embeddable":true,"href":"https:\/\/c-profil.se\/english\/wp-json\/wp\/v2\/product_tag?post=75463"}],"curies":[{"name":"wp","href":"https:\/\/api.w.org\/{rel}","templated":true}]}}