{"id":75456,"date":"2026-05-07T12:37:31","date_gmt":"2026-05-07T11:37:31","guid":{"rendered":"https:\/\/c-profil.se\/?post_type=product&#038;p=75456"},"modified":"2026-05-07T13:21:00","modified_gmt":"2026-05-07T12:21:00","slug":"cable-kits-kt-multi-special","status":"publish","type":"product","link":"https:\/\/c-profil.se\/english\/produkt\/kabelinsatser-kt-multi-special\/","title":{"rendered":"Cable harnesses | KT multi\/special"},"content":{"rendered":"<p><strong class=\"zn-inspecting-element zn-inspecting-element--relative\">Slotted cable inserts for routing pre-terminated cables <\/strong>i split cable glands and cable entry systems. Available in multiple sizes for different cable diameters and provide flexible adaptation of cable density in the installation.<\/p>","protected":false},"excerpt":{"rendered":"<p>Cable inserts | KT multi\/special can be used with the following cable gland component:<\/p>\n<p><strong><a href=\"https:\/\/c-profil.se\/english\/produkt-kategokabelforskruvningarri\/-for-kablar-med-kontakt\/\">KEL Cable entry frames<\/a><\/strong><\/p>\n<p><strong><a href=\"https:\/\/c-profil.se\/english\/product-category\/cable-entry-systems-for-cables-with-connectors\/\">KVT Cable Glands<\/a><br \/>\n<\/strong><\/p>\n<p>An ATG adapter enables a KT small passage to be \u201dheld\u201d to reduce the stress range down to 1mm.<\/p>\n<p><strong>Advantages<\/strong><\/p>\n<ul>\n<li>Enable routing of pre-terminated cables through cable entry frames and split cable glands<\/li>\n<li>Available for a large range of cable diameters<\/li>\n<li>Increased packing density when using double or quadruple bushings<\/li>\n<\/ul>","protected":false},"featured_media":75459,"template":"","meta":{"_acf_changed":false},"product_brand":[740],"product_cat":[1007],"product_tag":[953,992,1005,939],"class_list":{"0":"post-75456","1":"product","2":"type-product","3":"status-publish","4":"has-post-thumbnail","6":"product_brand-icotek","7":"product_cat-kabelinsatser","8":"product_tag-eftermontering","9":"product_tag-kabelgenomforing","10":"product_tag-platbearbetning","11":"product_tag-tatning","13":"first","14":"instock","15":"shipping-taxable","16":"product-type-simple"},"acf":[],"yoast_head":"<!-- This site is optimized with the Yoast SEO Premium plugin v27.6 (Yoast SEO v27.6) - https:\/\/yoast.com\/product\/yoast-seo-premium-wordpress\/ -->\n<title>Kabelinsatser | KT multi\/special - C-Pro<\/title>\n<meta name=\"description\" content=\"Kabelinsatser | KT multi\/special \u00a0kan anv\u00e4ndas med f\u00f6ljande kabelgenomf\u00f6ringskomponent:  KEL-Kabelgenomf\u00f6ringssramar \u2192  KVT-Kabelgenomf\u00f6ringar \u2192   En ATG genomf\u00f6ringsadapter m\u00f6jlig\u00f6r att en KT small genomf\u00f6ring kan &quot;h\u00e5llas&quot; f\u00f6r att reducera sp\u00e4nnomr\u00e5det ned till 1mm.  F\u00f6rdelar   G\u00f6r genomf\u00f6ring av f\u00f6rkontakterade kablar via kabelgenomf\u00f6ring ramar och delade kabelgenomf\u00f6ringar  Finns f\u00f6r ett stort antal kabeldiametrar  \u00d6kad packningst\u00e4thet vid anv\u00e4ndning av dubbla eller fyrdubbla genomf\u00f6ringar\" \/>\n<meta name=\"robots\" content=\"index, follow, max-snippet:-1, max-image-preview:large, max-video-preview:-1\" \/>\n<link rel=\"canonical\" href=\"https:\/\/c-profil.se\/english\/product\/cable-kits-kt-multi-special\/\" \/>\n<meta property=\"og:locale\" content=\"en_US\" \/>\n<meta property=\"og:type\" content=\"article\" \/>\n<meta property=\"og:title\" content=\"Kabelinsatser | KT multi\/special - C-Pro\" \/>\n<meta property=\"og:description\" content=\"Kabelinsatser | KT multi\/special \u00a0kan anv\u00e4ndas med f\u00f6ljande kabelgenomf\u00f6ringskomponent:  KEL-Kabelgenomf\u00f6ringssramar \u2192  KVT-Kabelgenomf\u00f6ringar \u2192   En ATG genomf\u00f6ringsadapter m\u00f6jlig\u00f6r att en KT small genomf\u00f6ring kan &quot;h\u00e5llas&quot; f\u00f6r att reducera sp\u00e4nnomr\u00e5det ned till 1mm.  F\u00f6rdelar   G\u00f6r genomf\u00f6ring av f\u00f6rkontakterade kablar via kabelgenomf\u00f6ring ramar och delade kabelgenomf\u00f6ringar  Finns f\u00f6r ett stort antal kabeldiametrar  \u00d6kad packningst\u00e4thet vid anv\u00e4ndning av dubbla eller fyrdubbla genomf\u00f6ringar\" \/>\n<meta property=\"og:url\" content=\"https:\/\/c-profil.se\/english\/product\/cable-kits-kt-multi-special\/\" \/>\n<meta property=\"og:site_name\" content=\"C-Pro\" \/>\n<meta property=\"article:publisher\" content=\"https:\/\/www.facebook.com\/people\/C-Pro\/61561767306874\/\" \/>\n<meta property=\"article:modified_time\" content=\"2026-05-07T12:21:00+00:00\" \/>\n<meta property=\"og:image\" content=\"https:\/\/c-profil.se\/wp-content\/uploads\/2026\/05\/Kabelinsatser-KT-multi-special-gra.jpg\" \/>\n\t<meta property=\"og:image:width\" content=\"1000\" \/>\n\t<meta property=\"og:image:height\" content=\"1000\" \/>\n\t<meta property=\"og:image:type\" content=\"image\/jpeg\" \/>\n<meta name=\"twitter:card\" content=\"summary_large_image\" \/>\n<meta name=\"twitter:label1\" content=\"Price\" \/>\n\t<meta name=\"twitter:data1\" content=\"\" \/>\n\t<meta name=\"twitter:label2\" content=\"Availability\" \/>\n\t<meta name=\"twitter:data2\" content=\"In stock\" \/>\n<script type=\"application\/ld+json\" class=\"yoast-schema-graph\">{\"@context\":\"https:\\\/\\\/schema.org\",\"@graph\":[{\"@type\":\"WebPage\",\"@id\":\"https:\\\/\\\/c-profil.se\\\/produkt\\\/kabelinsatser-kt-multi-special\\\/\",\"url\":\"https:\\\/\\\/c-profil.se\\\/produkt\\\/kabelinsatser-kt-multi-special\\\/\",\"name\":\"Kabelinsatser | KT multi\\\/special - C-Pro\",\"isPartOf\":{\"@id\":\"https:\\\/\\\/c-profil.se\\\/#website\"},\"primaryImageOfPage\":{\"@id\":\"https:\\\/\\\/c-profil.se\\\/produkt\\\/kabelinsatser-kt-multi-special\\\/#primaryimage\"},\"image\":{\"@id\":\"https:\\\/\\\/c-profil.se\\\/produkt\\\/kabelinsatser-kt-multi-special\\\/#primaryimage\"},\"thumbnailUrl\":\"https:\\\/\\\/c-profil.se\\\/wp-content\\\/uploads\\\/2026\\\/05\\\/Kabelinsatser-KT-multi-special-gra.jpg\",\"datePublished\":\"2026-05-07T11:37:31+00:00\",\"dateModified\":\"2026-05-07T12:21:00+00:00\",\"description\":\"Kabelinsatser | KT multi\\\/special \u00a0kan anv\u00e4ndas med f\u00f6ljande kabelgenomf\u00f6ringskomponent: KEL-Kabelgenomf\u00f6ringssramar \u2192 KVT-Kabelgenomf\u00f6ringar \u2192 En ATG genomf\u00f6ringsadapter m\u00f6jlig\u00f6r att en KT small genomf\u00f6ring kan \\\"h\u00e5llas\\\" f\u00f6r att reducera sp\u00e4nnomr\u00e5det ned till 1mm. F\u00f6rdelar G\u00f6r genomf\u00f6ring av f\u00f6rkontakterade kablar via kabelgenomf\u00f6ring ramar och delade kabelgenomf\u00f6ringar Finns f\u00f6r ett stort antal kabeldiametrar \u00d6kad packningst\u00e4thet vid anv\u00e4ndning av dubbla eller fyrdubbla genomf\u00f6ringar\",\"breadcrumb\":{\"@id\":\"https:\\\/\\\/c-profil.se\\\/produkt\\\/kabelinsatser-kt-multi-special\\\/#breadcrumb\"},\"inLanguage\":\"en\",\"potentialAction\":[{\"@type\":\"ReadAction\",\"target\":[\"https:\\\/\\\/c-profil.se\\\/produkt\\\/kabelinsatser-kt-multi-special\\\/\"]}]},{\"@type\":\"ImageObject\",\"inLanguage\":\"en\",\"@id\":\"https:\\\/\\\/c-profil.se\\\/produkt\\\/kabelinsatser-kt-multi-special\\\/#primaryimage\",\"url\":\"https:\\\/\\\/c-profil.se\\\/wp-content\\\/uploads\\\/2026\\\/05\\\/Kabelinsatser-KT-multi-special-gra.jpg\",\"contentUrl\":\"https:\\\/\\\/c-profil.se\\\/wp-content\\\/uploads\\\/2026\\\/05\\\/Kabelinsatser-KT-multi-special-gra.jpg\",\"width\":1000,\"height\":1000,\"caption\":\"Kabelinsatser KT multi special gr\u00e5\"},{\"@type\":\"BreadcrumbList\",\"@id\":\"https:\\\/\\\/c-profil.se\\\/produkt\\\/kabelinsatser-kt-multi-special\\\/#breadcrumb\",\"itemListElement\":[{\"@type\":\"ListItem\",\"position\":1,\"name\":\"Hem\",\"item\":\"https:\\\/\\\/c-profil.se\\\/\"},{\"@type\":\"ListItem\",\"position\":2,\"name\":\"Produkter\",\"item\":\"https:\\\/\\\/c-profil.se\\\/produkter\\\/\"},{\"@type\":\"ListItem\",\"position\":3,\"name\":\"Kabelinsatser\",\"item\":\"https:\\\/\\\/c-profil.se\\\/produkt-kategori\\\/kabelinsatser\\\/\"},{\"@type\":\"ListItem\",\"position\":4,\"name\":\"Kabelinsatser | KT multi\\\/special\"}]},{\"@type\":\"WebSite\",\"@id\":\"https:\\\/\\\/c-profil.se\\\/#website\",\"url\":\"https:\\\/\\\/c-profil.se\\\/\",\"name\":\"C-Pro\",\"description\":\"Produkter f\u00f6r El och Automation\",\"publisher\":{\"@id\":\"https:\\\/\\\/c-profil.se\\\/#organization\"},\"potentialAction\":[{\"@type\":\"SearchAction\",\"target\":{\"@type\":\"EntryPoint\",\"urlTemplate\":\"https:\\\/\\\/c-profil.se\\\/?s={search_term_string}\"},\"query-input\":{\"@type\":\"PropertyValueSpecification\",\"valueRequired\":true,\"valueName\":\"search_term_string\"}}],\"inLanguage\":\"en\"},{\"@type\":\"Organization\",\"@id\":\"https:\\\/\\\/c-profil.se\\\/#organization\",\"name\":\"C-Pro\",\"alternateName\":\"C-PRO\",\"url\":\"https:\\\/\\\/c-profil.se\\\/\",\"logo\":{\"@type\":\"ImageObject\",\"inLanguage\":\"en\",\"@id\":\"https:\\\/\\\/c-profil.se\\\/#\\\/schema\\\/logo\\\/image\\\/\",\"url\":\"https:\\\/\\\/c-profil.se\\\/wp-content\\\/uploads\\\/2022\\\/03\\\/c-pro-logga-liggande-500x500-1.png\",\"contentUrl\":\"https:\\\/\\\/c-profil.se\\\/wp-content\\\/uploads\\\/2022\\\/03\\\/c-pro-logga-liggande-500x500-1.png\",\"width\":500,\"height\":500,\"caption\":\"C-Pro\"},\"image\":{\"@id\":\"https:\\\/\\\/c-profil.se\\\/#\\\/schema\\\/logo\\\/image\\\/\"},\"sameAs\":[\"https:\\\/\\\/www.facebook.com\\\/people\\\/C-Pro\\\/61561767306874\\\/\",\"https:\\\/\\\/www.linkedin.com\\\/company\\\/c-pro-ab\",\"https:\\\/\\\/www.instagram.com\\\/cpro.ab\\\/\"],\"description\":\"C-PRO AB \u00e4r en helt\u00e4ckande leverant\u00f6r av material f\u00f6r applikationer inom el och automation. \u00c4nda sedan starten 1987 har vi f\u00f6rsett den svenska tillverkande industrin med elmaterial. Trots v\u00e5r storlek och ledande position har vi aldrig \u00f6vergett v\u00e5r grundfilosofi, att vara en personlig leverant\u00f6r. Vi p\u00e5 C-PRO \u00e4r l\u00e4tta att komma i kontakt med, \u00e4rliga och brinner f\u00f6r att l\u00f6sa v\u00e5ra kunders problem.\",\"email\":\"info@c-profil.se\",\"telephone\":\"031575785\",\"legalName\":\"C-Profil F\u00f6rl\u00e4ggningsmaterial AB\",\"foundingDate\":\"1987-01-01\"}]}<\/script>\n<meta property=\"product:brand\" content=\"eftermontering\" \/>\n<meta property=\"product:price:currency\" content=\"SEK\" \/>\n<meta property=\"og:availability\" content=\"instock\" \/>\n<meta property=\"product:availability\" content=\"instock\" \/>\n<meta property=\"product:retailer_item_id\" content=\"KT multi\/special\" \/>\n<meta property=\"product:condition\" content=\"new\" \/>\n<!-- \/ Yoast SEO Premium plugin. -->","yoast_head_json":{"title":"Cable harnesses | KT multi\/special - C-Pro","description":"Cable entry inserts | KT multi\/special can be used with the following cable entry components: KEL cable entry frames \u2192 KVT cable glands \u2192 An ATG entry adapter enables a KT small gland to be \"held\" to reduce the clamping range down to 1mm. Advantages Enables the entry of pre-terminated cables via cable entry frames and split cable glands Available for a large number of cable diameters Increased packing density when using double or quadruple glands","robots":{"index":"index","follow":"follow","max-snippet":"max-snippet:-1","max-image-preview":"max-image-preview:large","max-video-preview":"max-video-preview:-1"},"canonical":"https:\/\/c-profil.se\/english\/product\/cable-kits-kt-multi-special\/","og_locale":"en_US","og_type":"article","og_title":"Kabelinsatser | KT multi\/special - C-Pro","og_description":"Kabelinsatser | KT multi\/special \u00a0kan anv\u00e4ndas med f\u00f6ljande kabelgenomf\u00f6ringskomponent:  KEL-Kabelgenomf\u00f6ringssramar \u2192  KVT-Kabelgenomf\u00f6ringar \u2192   En ATG genomf\u00f6ringsadapter m\u00f6jlig\u00f6r att en KT small genomf\u00f6ring kan \"h\u00e5llas\" f\u00f6r att reducera sp\u00e4nnomr\u00e5det ned till 1mm.  F\u00f6rdelar   G\u00f6r genomf\u00f6ring av f\u00f6rkontakterade kablar via kabelgenomf\u00f6ring ramar och delade kabelgenomf\u00f6ringar  Finns f\u00f6r ett stort antal kabeldiametrar  \u00d6kad packningst\u00e4thet vid anv\u00e4ndning av dubbla eller fyrdubbla genomf\u00f6ringar","og_url":"https:\/\/c-profil.se\/english\/product\/cable-kits-kt-multi-special\/","og_site_name":"C-Pro","article_publisher":"https:\/\/www.facebook.com\/people\/C-Pro\/61561767306874\/","article_modified_time":"2026-05-07T12:21:00+00:00","og_image":[{"width":1000,"height":1000,"url":"https:\/\/c-profil.se\/wp-content\/uploads\/2026\/05\/Kabelinsatser-KT-multi-special-gra.jpg","type":"image\/jpeg"}],"twitter_card":"summary_large_image","twitter_misc":{"Price":"","Availability":"In stock"},"schema":{"@context":"https:\/\/schema.org","@graph":[{"@type":"WebPage","@id":"https:\/\/c-profil.se\/produkt\/kabelinsatser-kt-multi-special\/","url":"https:\/\/c-profil.se\/produkt\/kabelinsatser-kt-multi-special\/","name":"Cable harnesses | KT multi\/special - C-Pro","isPartOf":{"@id":"https:\/\/c-profil.se\/#website"},"primaryImageOfPage":{"@id":"https:\/\/c-profil.se\/produkt\/kabelinsatser-kt-multi-special\/#primaryimage"},"image":{"@id":"https:\/\/c-profil.se\/produkt\/kabelinsatser-kt-multi-special\/#primaryimage"},"thumbnailUrl":"https:\/\/c-profil.se\/wp-content\/uploads\/2026\/05\/Kabelinsatser-KT-multi-special-gra.jpg","datePublished":"2026-05-07T11:37:31+00:00","dateModified":"2026-05-07T12:21:00+00:00","description":"Cable grommets | KT multi\/special can be used with the following cable grommet component: KEL cable grommet frames \u2192 KVT cable glands \u2192 An ATG grommet adapter allows a KT small grommet to be \"held\" to reduce the clamping range down to 1mm. Advantages Enables the passage of pre-connected cables via cable grommet frames and split cable glands Available for a large number of cable diameters Increased packing density when using double or quadruple grommets","breadcrumb":{"@id":"https:\/\/c-profil.se\/produkt\/kabelinsatser-kt-multi-special\/#breadcrumb"},"inLanguage":"en","potentialAction":[{"@type":"ReadAction","target":["https:\/\/c-profil.se\/produkt\/kabelinsatser-kt-multi-special\/"]}]},{"@type":"ImageObject","inLanguage":"en","@id":"https:\/\/c-profil.se\/produkt\/kabelinsatser-kt-multi-special\/#primaryimage","url":"https:\/\/c-profil.se\/wp-content\/uploads\/2026\/05\/Kabelinsatser-KT-multi-special-gra.jpg","contentUrl":"https:\/\/c-profil.se\/wp-content\/uploads\/2026\/05\/Kabelinsatser-KT-multi-special-gra.jpg","width":1000,"height":1000,"caption":"Kabelinsatser KT multi special gr\u00e5"},{"@type":"BreadcrumbList","@id":"https:\/\/c-profil.se\/produkt\/kabelinsatser-kt-multi-special\/#breadcrumb","itemListElement":[{"@type":"ListItem","position":1,"name":"Hem","item":"https:\/\/c-profil.se\/"},{"@type":"ListItem","position":2,"name":"Produkter","item":"https:\/\/c-profil.se\/produkter\/"},{"@type":"ListItem","position":3,"name":"Kabelinsatser","item":"https:\/\/c-profil.se\/produkt-kategori\/kabelinsatser\/"},{"@type":"ListItem","position":4,"name":"Kabelinsatser | KT multi\/special"}]},{"@type":"WebSite","@id":"https:\/\/c-profil.se\/#website","url":"https:\/\/c-profil.se\/","name":"C-Pro","description":"Products for Electricity and Automation","publisher":{"@id":"https:\/\/c-profil.se\/#organization"},"potentialAction":[{"@type":"SearchAction","target":{"@type":"EntryPoint","urlTemplate":"https:\/\/c-profil.se\/?s={search_term_string}"},"query-input":{"@type":"PropertyValueSpecification","valueRequired":true,"valueName":"search_term_string"}}],"inLanguage":"en"},{"@type":"Organization","@id":"https:\/\/c-profil.se\/#organization","name":"C-Pro","alternateName":"C-PRO","url":"https:\/\/c-profil.se\/","logo":{"@type":"ImageObject","inLanguage":"en","@id":"https:\/\/c-profil.se\/#\/schema\/logo\/image\/","url":"https:\/\/c-profil.se\/wp-content\/uploads\/2022\/03\/c-pro-logga-liggande-500x500-1.png","contentUrl":"https:\/\/c-profil.se\/wp-content\/uploads\/2022\/03\/c-pro-logga-liggande-500x500-1.png","width":500,"height":500,"caption":"C-Pro"},"image":{"@id":"https:\/\/c-profil.se\/#\/schema\/logo\/image\/"},"sameAs":["https:\/\/www.facebook.com\/people\/C-Pro\/61561767306874\/","https:\/\/www.linkedin.com\/company\/c-pro-ab","https:\/\/www.instagram.com\/cpro.ab\/"],"description":"C-PRO AB is a comprehensive supplier of materials for applications in electricity and automation. Ever since the start in 1987, we have supplied the Swedish manufacturing industry with electrical materials. Despite our size and leading position, we have never abandoned our basic philosophy, to be a personal supplier. We at C-PRO are easy to get in touch with, honest and passionate about solving our customers&#039; problems.","email":"info@c-profil.se","telephone":"031575785","legalName":"C-Profil F\u00f6rl\u00e4ggningsmaterial AB","foundingDate":"1987-01-01"}]},"product_brand":"eftermontering","product_price_currency":"SEK","og_availability":"instock","product_availability":"instock","product_retailer_item_id":"KT multi\/special","product_condition":"new"},"_links":{"self":[{"href":"https:\/\/c-profil.se\/english\/wp-json\/wp\/v2\/product\/75456","targetHints":{"allow":["GET"]}}],"collection":[{"href":"https:\/\/c-profil.se\/english\/wp-json\/wp\/v2\/product"}],"about":[{"href":"https:\/\/c-profil.se\/english\/wp-json\/wp\/v2\/types\/product"}],"version-history":[{"count":3,"href":"https:\/\/c-profil.se\/english\/wp-json\/wp\/v2\/product\/75456\/revisions"}],"predecessor-version":[{"id":75462,"href":"https:\/\/c-profil.se\/english\/wp-json\/wp\/v2\/product\/75456\/revisions\/75462"}],"wp:featuredmedia":[{"embeddable":true,"href":"https:\/\/c-profil.se\/english\/wp-json\/wp\/v2\/media\/75459"}],"wp:attachment":[{"href":"https:\/\/c-profil.se\/english\/wp-json\/wp\/v2\/media?parent=75456"}],"wp:term":[{"taxonomy":"product_brand","embeddable":true,"href":"https:\/\/c-profil.se\/english\/wp-json\/wp\/v2\/product_brand?post=75456"},{"taxonomy":"product_cat","embeddable":true,"href":"https:\/\/c-profil.se\/english\/wp-json\/wp\/v2\/product_cat?post=75456"},{"taxonomy":"product_tag","embeddable":true,"href":"https:\/\/c-profil.se\/english\/wp-json\/wp\/v2\/product_tag?post=75456"}],"curies":[{"name":"wp","href":"https:\/\/api.w.org\/{rel}","templated":true}]}}