{"id":75141,"date":"2026-04-22T14:10:02","date_gmt":"2026-04-22T13:10:02","guid":{"rendered":"https:\/\/c-profil.se\/?post_type=product&#038;p=75141"},"modified":"2026-04-22T14:19:40","modified_gmt":"2026-04-22T13:19:40","slug":"ground-floor","status":"publish","type":"product","link":"https:\/\/c-profil.se\/english\/produkt\/jordflator-mb\/","title":{"rendered":"Soil braids | MB"},"content":{"rendered":"<div class=\"\" data-turn-id-container=\"request-WEB:c462e42c-cc34-4799-b2a2-58e1d6a7e097-29\" data-is-intersecting=\"true\">\n<section class=\"text-token-text-primary w-full focus:outline-none [--shadow-height:45px] has-data-writing-block:pointer-events-none has-data-writing-block:-mt-(--shadow-height) has-data-writing-block:pt-(--shadow-height) [&amp;:has([data-writing-block])&gt;*]:pointer-events-auto R6Vx5W_threadScrollVars scroll-mb-[calc(var(--scroll-root-safe-area-inset-bottom,0px)+var(--thread-response-height))] scroll-mt-[calc(var(--header-height)+min(200px,max(70px,20svh)))]\" dir=\"auto\" data-turn-id=\"request-WEB:c462e42c-cc34-4799-b2a2-58e1d6a7e097-29\" data-testid=\"conversation-turn-4\" data-scroll-anchor=\"false\" data-turn=\"assistant\">\n<div class=\"text-base my-auto mx-auto pb-10 [--thread-content-margin:var(--thread-content-margin-xs,calc(var(--spacing)*4))] @w-sm\/main:[--thread-content-margin:var(--thread-content-margin-sm,calc(var(--spacing)*6))] @w-lg\/main:[--thread-content-margin:var(--thread-content-margin-lg,calc(var(--spacing)*16))] px-(--thread-content-margin)\">\n<div class=\"[--thread-content-max-width:40rem] @w-lg\/main:[--thread-content-max-width:48rem] mx-auto max-w-(--thread-content-max-width) flex-1 group\/turn-messages focus-visible:outline-hidden relative flex w-full min-w-0 flex-col agent-turn\">\n<div class=\"flex max-w-full flex-col gap-4 grow\">\n<div class=\"min-h-8 text-message relative flex w-full flex-col items-end gap-2 text-start break-words whitespace-normal outline-none keyboard-focused:focus-ring [.text-message+&amp;]:mt-1\" dir=\"auto\" tabindex=\"0\" data-message-author-role=\"assistant\" data-message-id=\"ea5e28d2-f0ea-4cee-b258-1df31f6b2769\" data-message-model-slug=\"gpt-5-3\" data-turn-start-message=\"true\">\n<div class=\"flex w-full flex-col gap-1 empty:hidden\">\n<div class=\"markdown prose dark:prose-invert w-full wrap-break-word light markdown-new-styling\">\n<p data-start=\"0\" data-end=\"194\" data-is-last-node=\"\" data-is-only-node=\"\">MB jordfl\u00e4tor s\u00e4kerst\u00e4ller l\u00e5g resistans och en drifts\u00e4ker jordf\u00f6rbindelse i apparatsk\u00e5p och industriella installationer. Den flexibla konstruktionen g\u00f6r dem enkla att montera \u00e4ven i tr\u00e5nga utrymmen.<\/p>\n<\/div>\n<\/div>\n<\/div>\n<\/div>\n<\/div>\n<\/div>\n<\/section>\n<\/div>\n","protected":false},"excerpt":{"rendered":"<p>Manufactured from very flexible E-Cu fine-stranded copper conductors with tinned copper strip connectors.<br \/>\nThe low transition and connection resistance makes them particularly suitable as ground connections.<br \/>\nThe ground braids are available with connections for M4, M5, M6, M8, or M10, and in some versions with combined connection sizes.<br \/>\nThe earth braids are also available with yellow\/green shrink tubing (MB-GG), which provides clear visual identification.<\/p>\n<p><strong>UL Product iQ: <a href=\"https:\/\/www.icotek.com\/downloads\/zertifikate\/GROUNDING_AND_BONDING_EQUIPMENT-COMPONENT_UL_Product_iQ.pdf\" target=\"_blank\" rel=\"noopener\">Download the PDF<\/a><\/strong><br \/>\n(Does not apply to MB-GG and article numbers 32868 \/ 32870 \/ 32872)<\/p>\n<p><strong>Cross-section \u2013 Current load<\/strong><\/p>\n<p>6 mm\u00b2 \u2013 67\u201380 A<br \/>\n10 mm\u00b2 \u2013 89\u2013106 A<br \/>\n16 mm\u00b2 \u2013 132\u2013157 A<br \/>\n25 mm\u00b2 \u2013 177\u2013210 A<br \/>\n35 mm\u00b2 \u2013 230\u2013275 A<br \/>\n50 mm\u00b2 \u2013 280\u2013350 A<br \/>\n70 mm\u00b2 \u2013 338\u2013403 A<\/p>\n<p><strong>Advantages<\/strong><\/p>\n<ul>\n<li>Available in several lengths and cross-sections<\/li>\n<li>Low impedance<\/li>\n<li>UL-listed<\/li>\n<\/ul>","protected":false},"featured_media":75142,"template":"","meta":{"_acf_changed":false},"product_brand":[740],"product_cat":[312],"product_tag":[940,990,957],"class_list":{"0":"post-75141","1":"product","2":"type-product","3":"status-publish","4":"has-post-thumbnail","6":"product_brand-icotek","7":"product_cat-jordskenor","8":"product_tag-apparatskap","9":"product_tag-kapsling","10":"product_tag-potentialutjamning","12":"first","13":"instock","14":"shipping-taxable","15":"product-type-simple"},"acf":[],"yoast_head":"<!-- This site is optimized with the Yoast SEO Premium plugin v27.5 (Yoast SEO v27.5) - https:\/\/yoast.com\/product\/yoast-seo-premium-wordpress\/ -->\n<title>Jordfl\u00e4tor | MB - C-Pro<\/title>\n<meta name=\"description\" content=\"Tillverkas av mycket flexibla E-Cu fintr\u00e5diga kopparledare med anslutningsplattor i f\u00f6rtent kopparband. Den l\u00e5ga \u00f6verg\u00e5ngs- och anslutningsresistansen g\u00f6r dem s\u00e4rskilt l\u00e4mpliga som jordf\u00f6rbindningar. Jordfl\u00e4torna finns med anslutningar f\u00f6r M4, M5, M6, M8 eller M10, och i vissa utf\u00f6randen med kombinerade anslutningsstorlekar. Jordfl\u00e4torna finns \u00e4ven med gul\/gr\u00f6n krympslang (MB-GG), vilket ger tydlig visuell identifiering.  UL Product iQ: Ladda ner PDF (g\u00e4ller ej MB-GG samt artikelnummer 32868 \/ 32870 \/ 32872)  Tv\u00e4rsnitt \u2013 Str\u00f6mbelastning  6 mm\u00b2 \u2013 67\u201380 A 10 mm\u00b2 \u2013 89\u2013106 A 16 mm\u00b2 \u2013 132\u2013157 A 25 mm\u00b2 \u2013 177\u2013210 A 35 mm\u00b2 \u2013 230\u2013275 A 50 mm\u00b2 \u2013 280\u2013350 A 70 mm\u00b2 \u2013 338\u2013403 A  F\u00f6rdelar   Finns i flera l\u00e4ngder och tv\u00e4rsnitt  L\u00e5g impedans  UL-listad\" \/>\n<meta name=\"robots\" content=\"index, follow, max-snippet:-1, max-image-preview:large, max-video-preview:-1\" \/>\n<link rel=\"canonical\" href=\"https:\/\/c-profil.se\/english\/product\/ground-floor\/\" \/>\n<meta property=\"og:locale\" content=\"en_US\" \/>\n<meta property=\"og:type\" content=\"article\" \/>\n<meta property=\"og:title\" content=\"Jordfl\u00e4tor | MB - C-Pro\" \/>\n<meta property=\"og:description\" content=\"Tillverkas av mycket flexibla E-Cu fintr\u00e5diga kopparledare med anslutningsplattor i f\u00f6rtent kopparband. Den l\u00e5ga \u00f6verg\u00e5ngs- och anslutningsresistansen g\u00f6r dem s\u00e4rskilt l\u00e4mpliga som jordf\u00f6rbindningar. Jordfl\u00e4torna finns med anslutningar f\u00f6r M4, M5, M6, M8 eller M10, och i vissa utf\u00f6randen med kombinerade anslutningsstorlekar. Jordfl\u00e4torna finns \u00e4ven med gul\/gr\u00f6n krympslang (MB-GG), vilket ger tydlig visuell identifiering.  UL Product iQ: Ladda ner PDF (g\u00e4ller ej MB-GG samt artikelnummer 32868 \/ 32870 \/ 32872)  Tv\u00e4rsnitt \u2013 Str\u00f6mbelastning  6 mm\u00b2 \u2013 67\u201380 A 10 mm\u00b2 \u2013 89\u2013106 A 16 mm\u00b2 \u2013 132\u2013157 A 25 mm\u00b2 \u2013 177\u2013210 A 35 mm\u00b2 \u2013 230\u2013275 A 50 mm\u00b2 \u2013 280\u2013350 A 70 mm\u00b2 \u2013 338\u2013403 A  F\u00f6rdelar   Finns i flera l\u00e4ngder och tv\u00e4rsnitt  L\u00e5g impedans  UL-listad\" \/>\n<meta property=\"og:url\" content=\"https:\/\/c-profil.se\/english\/product\/ground-floor\/\" \/>\n<meta property=\"og:site_name\" content=\"C-Pro\" \/>\n<meta property=\"article:publisher\" content=\"https:\/\/www.facebook.com\/people\/C-Pro\/61561767306874\/\" \/>\n<meta property=\"article:modified_time\" content=\"2026-04-22T13:19:40+00:00\" \/>\n<meta property=\"og:image\" content=\"https:\/\/c-profil.se\/wp-content\/uploads\/2026\/04\/Jordflator-_-MB.jpg\" \/>\n\t<meta property=\"og:image:width\" content=\"1000\" \/>\n\t<meta property=\"og:image:height\" content=\"1000\" \/>\n\t<meta property=\"og:image:type\" content=\"image\/jpeg\" \/>\n<meta name=\"twitter:card\" content=\"summary_large_image\" \/>\n<meta name=\"twitter:label1\" content=\"Price\" \/>\n\t<meta name=\"twitter:data1\" content=\"\" \/>\n\t<meta name=\"twitter:label2\" content=\"Availability\" \/>\n\t<meta name=\"twitter:data2\" content=\"In stock\" \/>\n<script type=\"application\/ld+json\" class=\"yoast-schema-graph\">{\"@context\":\"https:\\\/\\\/schema.org\",\"@graph\":[{\"@type\":\"WebPage\",\"@id\":\"https:\\\/\\\/c-profil.se\\\/produkt\\\/jordflator-mb\\\/\",\"url\":\"https:\\\/\\\/c-profil.se\\\/produkt\\\/jordflator-mb\\\/\",\"name\":\"Jordfl\u00e4tor | MB - C-Pro\",\"isPartOf\":{\"@id\":\"https:\\\/\\\/c-profil.se\\\/#website\"},\"primaryImageOfPage\":{\"@id\":\"https:\\\/\\\/c-profil.se\\\/produkt\\\/jordflator-mb\\\/#primaryimage\"},\"image\":{\"@id\":\"https:\\\/\\\/c-profil.se\\\/produkt\\\/jordflator-mb\\\/#primaryimage\"},\"thumbnailUrl\":\"https:\\\/\\\/c-profil.se\\\/wp-content\\\/uploads\\\/2026\\\/04\\\/Jordflator-_-MB.jpg\",\"datePublished\":\"2026-04-22T13:10:02+00:00\",\"dateModified\":\"2026-04-22T13:19:40+00:00\",\"description\":\"Tillverkas av mycket flexibla E-Cu fintr\u00e5diga kopparledare med anslutningsplattor i f\u00f6rtent kopparband. Den l\u00e5ga \u00f6verg\u00e5ngs- och anslutningsresistansen g\u00f6r dem s\u00e4rskilt l\u00e4mpliga som jordf\u00f6rbindningar. Jordfl\u00e4torna finns med anslutningar f\u00f6r M4, M5, M6, M8 eller M10, och i vissa utf\u00f6randen med kombinerade anslutningsstorlekar. Jordfl\u00e4torna finns \u00e4ven med gul\\\/gr\u00f6n krympslang (MB-GG), vilket ger tydlig visuell identifiering. UL Product iQ: Ladda ner PDF (g\u00e4ller ej MB-GG samt artikelnummer 32868 \\\/ 32870 \\\/ 32872) Tv\u00e4rsnitt \u2013 Str\u00f6mbelastning 6 mm\u00b2 \u2013 67\u201380 A 10 mm\u00b2 \u2013 89\u2013106 A 16 mm\u00b2 \u2013 132\u2013157 A 25 mm\u00b2 \u2013 177\u2013210 A 35 mm\u00b2 \u2013 230\u2013275 A 50 mm\u00b2 \u2013 280\u2013350 A 70 mm\u00b2 \u2013 338\u2013403 A F\u00f6rdelar Finns i flera l\u00e4ngder och tv\u00e4rsnitt L\u00e5g impedans UL-listad\",\"breadcrumb\":{\"@id\":\"https:\\\/\\\/c-profil.se\\\/produkt\\\/jordflator-mb\\\/#breadcrumb\"},\"inLanguage\":\"en\",\"potentialAction\":[{\"@type\":\"ReadAction\",\"target\":[\"https:\\\/\\\/c-profil.se\\\/produkt\\\/jordflator-mb\\\/\"]}]},{\"@type\":\"ImageObject\",\"inLanguage\":\"en\",\"@id\":\"https:\\\/\\\/c-profil.se\\\/produkt\\\/jordflator-mb\\\/#primaryimage\",\"url\":\"https:\\\/\\\/c-profil.se\\\/wp-content\\\/uploads\\\/2026\\\/04\\\/Jordflator-_-MB.jpg\",\"contentUrl\":\"https:\\\/\\\/c-profil.se\\\/wp-content\\\/uploads\\\/2026\\\/04\\\/Jordflator-_-MB.jpg\",\"width\":1000,\"height\":1000,\"caption\":\"Jordfl\u00e4tor | MB\"},{\"@type\":\"BreadcrumbList\",\"@id\":\"https:\\\/\\\/c-profil.se\\\/produkt\\\/jordflator-mb\\\/#breadcrumb\",\"itemListElement\":[{\"@type\":\"ListItem\",\"position\":1,\"name\":\"Hem\",\"item\":\"https:\\\/\\\/c-profil.se\\\/\"},{\"@type\":\"ListItem\",\"position\":2,\"name\":\"Produkter\",\"item\":\"https:\\\/\\\/c-profil.se\\\/produkter\\\/\"},{\"@type\":\"ListItem\",\"position\":3,\"name\":\"Jordskenor\",\"item\":\"https:\\\/\\\/c-profil.se\\\/produkt-kategori\\\/jordskenor\\\/\"},{\"@type\":\"ListItem\",\"position\":4,\"name\":\"Jordfl\u00e4tor | MB\"}]},{\"@type\":\"WebSite\",\"@id\":\"https:\\\/\\\/c-profil.se\\\/#website\",\"url\":\"https:\\\/\\\/c-profil.se\\\/\",\"name\":\"C-Pro\",\"description\":\"Produkter f\u00f6r El och Automation\",\"publisher\":{\"@id\":\"https:\\\/\\\/c-profil.se\\\/#organization\"},\"potentialAction\":[{\"@type\":\"SearchAction\",\"target\":{\"@type\":\"EntryPoint\",\"urlTemplate\":\"https:\\\/\\\/c-profil.se\\\/?s={search_term_string}\"},\"query-input\":{\"@type\":\"PropertyValueSpecification\",\"valueRequired\":true,\"valueName\":\"search_term_string\"}}],\"inLanguage\":\"en\"},{\"@type\":\"Organization\",\"@id\":\"https:\\\/\\\/c-profil.se\\\/#organization\",\"name\":\"C-Pro\",\"alternateName\":\"C-PRO\",\"url\":\"https:\\\/\\\/c-profil.se\\\/\",\"logo\":{\"@type\":\"ImageObject\",\"inLanguage\":\"en\",\"@id\":\"https:\\\/\\\/c-profil.se\\\/#\\\/schema\\\/logo\\\/image\\\/\",\"url\":\"https:\\\/\\\/c-profil.se\\\/wp-content\\\/uploads\\\/2022\\\/03\\\/c-pro-logga-liggande-500x500-1.png\",\"contentUrl\":\"https:\\\/\\\/c-profil.se\\\/wp-content\\\/uploads\\\/2022\\\/03\\\/c-pro-logga-liggande-500x500-1.png\",\"width\":500,\"height\":500,\"caption\":\"C-Pro\"},\"image\":{\"@id\":\"https:\\\/\\\/c-profil.se\\\/#\\\/schema\\\/logo\\\/image\\\/\"},\"sameAs\":[\"https:\\\/\\\/www.facebook.com\\\/people\\\/C-Pro\\\/61561767306874\\\/\",\"https:\\\/\\\/www.linkedin.com\\\/company\\\/c-pro-ab\",\"https:\\\/\\\/www.instagram.com\\\/cpro.ab\\\/\"],\"description\":\"C-PRO AB \u00e4r en helt\u00e4ckande leverant\u00f6r av material f\u00f6r applikationer inom el och automation. \u00c4nda sedan starten 1987 har vi f\u00f6rsett den svenska tillverkande industrin med elmaterial. Trots v\u00e5r storlek och ledande position har vi aldrig \u00f6vergett v\u00e5r grundfilosofi, att vara en personlig leverant\u00f6r. Vi p\u00e5 C-PRO \u00e4r l\u00e4tta att komma i kontakt med, \u00e4rliga och brinner f\u00f6r att l\u00f6sa v\u00e5ra kunders problem.\",\"email\":\"info@c-profil.se\",\"telephone\":\"031575785\",\"legalName\":\"C-Profil F\u00f6rl\u00e4ggningsmaterial AB\",\"foundingDate\":\"1987-01-01\"}]}<\/script>\n<meta property=\"product:brand\" content=\"apparatsk\u00e5p\" \/>\n<meta property=\"product:price:currency\" content=\"SEK\" \/>\n<meta property=\"og:availability\" content=\"instock\" \/>\n<meta property=\"product:availability\" content=\"instock\" \/>\n<meta property=\"product:retailer_item_id\" content=\"MB\" \/>\n<meta property=\"product:condition\" content=\"new\" \/>\n<!-- \/ Yoast SEO Premium plugin. -->","yoast_head_json":{"title":"Earth braids | MB - C-Pro","description":"Manufactured from highly flexible E-Cu fine-stranded copper conductors with tinned copper strip connection plates. The low transition and connection resistance makes them particularly suitable as ground connections. Ground braids are available with connections for M4, M5, M6, M8 or M10, and in some designs with combined connection sizes. Ground braids are also available with yellow\/green heat shrink tubing (MB-GG), providing clear visual identification. UL Product iQ: Download PDF (does not apply to MB-GG and article numbers 32868 \/ 32870 \/ 32872) Cross-section \u2013 Current load 6 mm\u00b2 \u2013 67\u201380 A 10 mm\u00b2 \u2013 89\u2013106 A 16 mm\u00b2 \u2013 132\u2013157 A 25 mm\u00b2 \u2013 177\u2013210 A 35 mm\u00b2 \u2013 230\u2013275 A 50 mm\u00b2 \u2013 280\u2013350 A 70 mm\u00b2 \u2013 338\u2013403 A Advantages Available in several lengths and cross-sections Low impedance UL-listed","robots":{"index":"index","follow":"follow","max-snippet":"max-snippet:-1","max-image-preview":"max-image-preview:large","max-video-preview":"max-video-preview:-1"},"canonical":"https:\/\/c-profil.se\/english\/product\/ground-floor\/","og_locale":"en_US","og_type":"article","og_title":"Jordfl\u00e4tor | MB - C-Pro","og_description":"Tillverkas av mycket flexibla E-Cu fintr\u00e5diga kopparledare med anslutningsplattor i f\u00f6rtent kopparband. Den l\u00e5ga \u00f6verg\u00e5ngs- och anslutningsresistansen g\u00f6r dem s\u00e4rskilt l\u00e4mpliga som jordf\u00f6rbindningar. Jordfl\u00e4torna finns med anslutningar f\u00f6r M4, M5, M6, M8 eller M10, och i vissa utf\u00f6randen med kombinerade anslutningsstorlekar. Jordfl\u00e4torna finns \u00e4ven med gul\/gr\u00f6n krympslang (MB-GG), vilket ger tydlig visuell identifiering.  UL Product iQ: Ladda ner PDF (g\u00e4ller ej MB-GG samt artikelnummer 32868 \/ 32870 \/ 32872)  Tv\u00e4rsnitt \u2013 Str\u00f6mbelastning  6 mm\u00b2 \u2013 67\u201380 A 10 mm\u00b2 \u2013 89\u2013106 A 16 mm\u00b2 \u2013 132\u2013157 A 25 mm\u00b2 \u2013 177\u2013210 A 35 mm\u00b2 \u2013 230\u2013275 A 50 mm\u00b2 \u2013 280\u2013350 A 70 mm\u00b2 \u2013 338\u2013403 A  F\u00f6rdelar   Finns i flera l\u00e4ngder och tv\u00e4rsnitt  L\u00e5g impedans  UL-listad","og_url":"https:\/\/c-profil.se\/english\/product\/ground-floor\/","og_site_name":"C-Pro","article_publisher":"https:\/\/www.facebook.com\/people\/C-Pro\/61561767306874\/","article_modified_time":"2026-04-22T13:19:40+00:00","og_image":[{"width":1000,"height":1000,"url":"https:\/\/c-profil.se\/wp-content\/uploads\/2026\/04\/Jordflator-_-MB.jpg","type":"image\/jpeg"}],"twitter_card":"summary_large_image","twitter_misc":{"Price":"","Availability":"In stock"},"schema":{"@context":"https:\/\/schema.org","@graph":[{"@type":"WebPage","@id":"https:\/\/c-profil.se\/produkt\/jordflator-mb\/","url":"https:\/\/c-profil.se\/produkt\/jordflator-mb\/","name":"Earth braids | MB - C-Pro","isPartOf":{"@id":"https:\/\/c-profil.se\/#website"},"primaryImageOfPage":{"@id":"https:\/\/c-profil.se\/produkt\/jordflator-mb\/#primaryimage"},"image":{"@id":"https:\/\/c-profil.se\/produkt\/jordflator-mb\/#primaryimage"},"thumbnailUrl":"https:\/\/c-profil.se\/wp-content\/uploads\/2026\/04\/Jordflator-_-MB.jpg","datePublished":"2026-04-22T13:10:02+00:00","dateModified":"2026-04-22T13:19:40+00:00","description":"Manufactured from highly flexible E-Cu fine-wire copper conductors with connector plates made of tinned copper strip. The low contact and connection resistance makes them particularly suitable for earth connections. The earth braids are available with connectors for M4, M5, M6, M8 or M10, and in some designs with combined connector sizes. The earth braids are also available with yellow\/green heat shrink tubing (MB-GG), providing clear visual identification. UL Product iQ: Download PDF (does not apply to MB-GG and article numbers 32868 \/ 32870 \/ 32872) Cross-section \u2013 Current load 6 mm\u00b2 \u2013 67\u201380 A 10 mm\u00b2 \u2013 89\u2013106 A 16 mm\u00b2 \u2013 132\u2013157 A 25 mm\u00b2 \u2013 177\u2013210 A 35 mm\u00b2 \u2013 230\u2013275 A 50 mm\u00b2 \u2013 280\u2013350 A 70 mm\u00b2 \u2013 338\u2013403 A Advantages Available in multiple lengths and cross-sections Low impedance UL-listed","breadcrumb":{"@id":"https:\/\/c-profil.se\/produkt\/jordflator-mb\/#breadcrumb"},"inLanguage":"en","potentialAction":[{"@type":"ReadAction","target":["https:\/\/c-profil.se\/produkt\/jordflator-mb\/"]}]},{"@type":"ImageObject","inLanguage":"en","@id":"https:\/\/c-profil.se\/produkt\/jordflator-mb\/#primaryimage","url":"https:\/\/c-profil.se\/wp-content\/uploads\/2026\/04\/Jordflator-_-MB.jpg","contentUrl":"https:\/\/c-profil.se\/wp-content\/uploads\/2026\/04\/Jordflator-_-MB.jpg","width":1000,"height":1000,"caption":"Jordfl\u00e4tor | MB"},{"@type":"BreadcrumbList","@id":"https:\/\/c-profil.se\/produkt\/jordflator-mb\/#breadcrumb","itemListElement":[{"@type":"ListItem","position":1,"name":"Hem","item":"https:\/\/c-profil.se\/"},{"@type":"ListItem","position":2,"name":"Produkter","item":"https:\/\/c-profil.se\/produkter\/"},{"@type":"ListItem","position":3,"name":"Jordskenor","item":"https:\/\/c-profil.se\/produkt-kategori\/jordskenor\/"},{"@type":"ListItem","position":4,"name":"Jordfl\u00e4tor | MB"}]},{"@type":"WebSite","@id":"https:\/\/c-profil.se\/#website","url":"https:\/\/c-profil.se\/","name":"C-Pro","description":"Products for Electricity and Automation","publisher":{"@id":"https:\/\/c-profil.se\/#organization"},"potentialAction":[{"@type":"SearchAction","target":{"@type":"EntryPoint","urlTemplate":"https:\/\/c-profil.se\/?s={search_term_string}"},"query-input":{"@type":"PropertyValueSpecification","valueRequired":true,"valueName":"search_term_string"}}],"inLanguage":"en"},{"@type":"Organization","@id":"https:\/\/c-profil.se\/#organization","name":"C-Pro","alternateName":"C-PRO","url":"https:\/\/c-profil.se\/","logo":{"@type":"ImageObject","inLanguage":"en","@id":"https:\/\/c-profil.se\/#\/schema\/logo\/image\/","url":"https:\/\/c-profil.se\/wp-content\/uploads\/2022\/03\/c-pro-logga-liggande-500x500-1.png","contentUrl":"https:\/\/c-profil.se\/wp-content\/uploads\/2022\/03\/c-pro-logga-liggande-500x500-1.png","width":500,"height":500,"caption":"C-Pro"},"image":{"@id":"https:\/\/c-profil.se\/#\/schema\/logo\/image\/"},"sameAs":["https:\/\/www.facebook.com\/people\/C-Pro\/61561767306874\/","https:\/\/www.linkedin.com\/company\/c-pro-ab","https:\/\/www.instagram.com\/cpro.ab\/"],"description":"C-PRO AB is a comprehensive supplier of materials for applications in electricity and automation. Ever since the start in 1987, we have supplied the Swedish manufacturing industry with electrical materials. Despite our size and leading position, we have never abandoned our basic philosophy, to be a personal supplier. We at C-PRO are easy to get in touch with, honest and passionate about solving our customers&#039; problems.","email":"info@c-profil.se","telephone":"031575785","legalName":"C-Profil F\u00f6rl\u00e4ggningsmaterial AB","foundingDate":"1987-01-01"}]},"product_brand":"apparatsk\u00e5p","product_price_currency":"SEK","og_availability":"instock","product_availability":"instock","product_retailer_item_id":"MB","product_condition":"new"},"_links":{"self":[{"href":"https:\/\/c-profil.se\/english\/wp-json\/wp\/v2\/product\/75141","targetHints":{"allow":["GET"]}}],"collection":[{"href":"https:\/\/c-profil.se\/english\/wp-json\/wp\/v2\/product"}],"about":[{"href":"https:\/\/c-profil.se\/english\/wp-json\/wp\/v2\/types\/product"}],"version-history":[{"count":4,"href":"https:\/\/c-profil.se\/english\/wp-json\/wp\/v2\/product\/75141\/revisions"}],"predecessor-version":[{"id":75147,"href":"https:\/\/c-profil.se\/english\/wp-json\/wp\/v2\/product\/75141\/revisions\/75147"}],"wp:featuredmedia":[{"embeddable":true,"href":"https:\/\/c-profil.se\/english\/wp-json\/wp\/v2\/media\/75142"}],"wp:attachment":[{"href":"https:\/\/c-profil.se\/english\/wp-json\/wp\/v2\/media?parent=75141"}],"wp:term":[{"taxonomy":"product_brand","embeddable":true,"href":"https:\/\/c-profil.se\/english\/wp-json\/wp\/v2\/product_brand?post=75141"},{"taxonomy":"product_cat","embeddable":true,"href":"https:\/\/c-profil.se\/english\/wp-json\/wp\/v2\/product_cat?post=75141"},{"taxonomy":"product_tag","embeddable":true,"href":"https:\/\/c-profil.se\/english\/wp-json\/wp\/v2\/product_tag?post=75141"}],"curies":[{"name":"wp","href":"https:\/\/api.w.org\/{rel}","templated":true}]}}