{"id":75131,"date":"2026-04-22T12:23:06","date_gmt":"2026-04-22T11:23:06","guid":{"rendered":"https:\/\/c-profil.se\/?post_type=product&#038;p=75131"},"modified":"2026-04-23T08:39:44","modified_gmt":"2026-04-23T07:39:44","slug":"emc-cable-clamps-on-ground-strap-mbmskl","status":"publish","type":"product","link":"https:\/\/c-profil.se\/english\/produkt\/emc-skarmklammor-pa-jordningsband-mbmskl\/","title":{"rendered":"EMC shielding clamps on ground strap | MB\/MSKL"},"content":{"rendered":"","protected":false},"excerpt":{"rendered":"<p>The grounding straps are equipped with a shield clamp at one end. This solution is used where space is limited.<\/p>\n<p>The grounding lugs are available with M4 or M6 holes<\/p>\n<p>Advantages<\/p>\n<ul>\n<li>Very flexible mounting<\/li>\n<li>Installation also in hard-to-reach places<\/li>\n<li>Grounding tape with pressed connection end pads<\/li>\n<li>Standard products, short delivery times<\/li>\n<li>UL listed<\/li>\n<\/ul>","protected":false},"featured_media":50775,"template":"","meta":{"_acf_changed":false},"product_brand":[740],"product_cat":[310],"product_tag":[],"class_list":{"0":"post-75131","1":"product","2":"type-product","3":"status-publish","4":"has-post-thumbnail","6":"product_brand-icotek","7":"product_cat-skarmklammor","9":"first","10":"instock","11":"shipping-taxable","12":"product-type-simple"},"acf":[],"yoast_head":"<!-- This site is optimized with the Yoast SEO Premium plugin v27.4 (Yoast SEO v27.4) - https:\/\/yoast.com\/product\/yoast-seo-premium-wordpress\/ -->\n<title>EMC sk\u00e4rmkl\u00e4mmor p\u00e5 jordningsband | MB\/MSKL - C-Pro<\/title>\n<meta name=\"description\" content=\"Jordningsbanden \u00e4r f\u00f6rsedda med en sk\u00e4rmkl\u00e4mma i ena \u00e4nden. Denna l\u00f6sning anv\u00e4nds d\u00e4r utrymmet \u00e4r begr\u00e4nsat.  Jordningstejparna finns med M4- eller M6-h\u00e5l  F\u00f6rdelar   Mycket flexibel montering  Installation \u00e4ven p\u00e5 platser som \u00e4r sv\u00e5ra att komma \u00e5t  Jordningstejp med pressade anslutnings\u00e4ndkuddar  Standardprodukter, korta leveranstider  UL listad\" \/>\n<meta name=\"robots\" content=\"index, follow, max-snippet:-1, max-image-preview:large, max-video-preview:-1\" \/>\n<link rel=\"canonical\" href=\"https:\/\/c-profil.se\/english\/product\/emc-cable-clamps-on-ground-strap-mbmskl\/\" \/>\n<meta property=\"og:locale\" content=\"en_US\" \/>\n<meta property=\"og:type\" content=\"article\" \/>\n<meta property=\"og:title\" content=\"EMC sk\u00e4rmkl\u00e4mmor p\u00e5 jordningsband | MB\/MSKL - C-Pro\" \/>\n<meta property=\"og:description\" content=\"Jordningsbanden \u00e4r f\u00f6rsedda med en sk\u00e4rmkl\u00e4mma i ena \u00e4nden. Denna l\u00f6sning anv\u00e4nds d\u00e4r utrymmet \u00e4r begr\u00e4nsat.  Jordningstejparna finns med M4- eller M6-h\u00e5l  F\u00f6rdelar   Mycket flexibel montering  Installation \u00e4ven p\u00e5 platser som \u00e4r sv\u00e5ra att komma \u00e5t  Jordningstejp med pressade anslutnings\u00e4ndkuddar  Standardprodukter, korta leveranstider  UL listad\" \/>\n<meta property=\"og:url\" content=\"https:\/\/c-profil.se\/english\/product\/emc-cable-clamps-on-ground-strap-mbmskl\/\" \/>\n<meta property=\"og:site_name\" content=\"C-Pro\" \/>\n<meta property=\"article:publisher\" content=\"https:\/\/www.facebook.com\/people\/C-Pro\/61561767306874\/\" \/>\n<meta property=\"article:modified_time\" content=\"2026-04-23T07:39:44+00:00\" \/>\n<meta property=\"og:image\" content=\"https:\/\/c-profil.se\/wp-content\/uploads\/2024\/11\/Jordflator-2.jpg\" \/>\n\t<meta property=\"og:image:width\" content=\"1000\" \/>\n\t<meta property=\"og:image:height\" content=\"1000\" \/>\n\t<meta property=\"og:image:type\" content=\"image\/jpeg\" \/>\n<meta name=\"twitter:card\" content=\"summary_large_image\" \/>\n<meta name=\"twitter:label1\" content=\"Price\" \/>\n\t<meta name=\"twitter:data1\" content=\"\" \/>\n\t<meta name=\"twitter:label2\" content=\"Availability\" \/>\n\t<meta name=\"twitter:data2\" content=\"In stock\" \/>\n<script type=\"application\/ld+json\" class=\"yoast-schema-graph\">{\"@context\":\"https:\\\/\\\/schema.org\",\"@graph\":[{\"@type\":\"WebPage\",\"@id\":\"https:\\\/\\\/c-profil.se\\\/produkt\\\/emc-skarmklammor-pa-jordningsband-mbmskl\\\/\",\"url\":\"https:\\\/\\\/c-profil.se\\\/produkt\\\/emc-skarmklammor-pa-jordningsband-mbmskl\\\/\",\"name\":\"EMC sk\u00e4rmkl\u00e4mmor p\u00e5 jordningsband | MB\\\/MSKL - C-Pro\",\"isPartOf\":{\"@id\":\"https:\\\/\\\/c-profil.se\\\/#website\"},\"primaryImageOfPage\":{\"@id\":\"https:\\\/\\\/c-profil.se\\\/produkt\\\/emc-skarmklammor-pa-jordningsband-mbmskl\\\/#primaryimage\"},\"image\":{\"@id\":\"https:\\\/\\\/c-profil.se\\\/produkt\\\/emc-skarmklammor-pa-jordningsband-mbmskl\\\/#primaryimage\"},\"thumbnailUrl\":\"https:\\\/\\\/c-profil.se\\\/wp-content\\\/uploads\\\/2024\\\/11\\\/Jordflator-2.jpg\",\"datePublished\":\"2026-04-22T11:23:06+00:00\",\"dateModified\":\"2026-04-23T07:39:44+00:00\",\"description\":\"Jordningsbanden \u00e4r f\u00f6rsedda med en sk\u00e4rmkl\u00e4mma i ena \u00e4nden. Denna l\u00f6sning anv\u00e4nds d\u00e4r utrymmet \u00e4r begr\u00e4nsat. Jordningstejparna finns med M4- eller M6-h\u00e5l F\u00f6rdelar Mycket flexibel montering Installation \u00e4ven p\u00e5 platser som \u00e4r sv\u00e5ra att komma \u00e5t Jordningstejp med pressade anslutnings\u00e4ndkuddar Standardprodukter, korta leveranstider UL listad\",\"breadcrumb\":{\"@id\":\"https:\\\/\\\/c-profil.se\\\/produkt\\\/emc-skarmklammor-pa-jordningsband-mbmskl\\\/#breadcrumb\"},\"inLanguage\":\"en\",\"potentialAction\":[{\"@type\":\"ReadAction\",\"target\":[\"https:\\\/\\\/c-profil.se\\\/produkt\\\/emc-skarmklammor-pa-jordningsband-mbmskl\\\/\"]}]},{\"@type\":\"ImageObject\",\"inLanguage\":\"en\",\"@id\":\"https:\\\/\\\/c-profil.se\\\/produkt\\\/emc-skarmklammor-pa-jordningsband-mbmskl\\\/#primaryimage\",\"url\":\"https:\\\/\\\/c-profil.se\\\/wp-content\\\/uploads\\\/2024\\\/11\\\/Jordflator-2.jpg\",\"contentUrl\":\"https:\\\/\\\/c-profil.se\\\/wp-content\\\/uploads\\\/2024\\\/11\\\/Jordflator-2.jpg\",\"width\":1000,\"height\":1000,\"caption\":\"EMC sk\u00e4rmkl\u00e4mmor p\u00e5 jordningsband | MB|MSKL\"},{\"@type\":\"BreadcrumbList\",\"@id\":\"https:\\\/\\\/c-profil.se\\\/produkt\\\/emc-skarmklammor-pa-jordningsband-mbmskl\\\/#breadcrumb\",\"itemListElement\":[{\"@type\":\"ListItem\",\"position\":1,\"name\":\"Hem\",\"item\":\"https:\\\/\\\/c-profil.se\\\/\"},{\"@type\":\"ListItem\",\"position\":2,\"name\":\"Produkter\",\"item\":\"https:\\\/\\\/c-profil.se\\\/produkter\\\/\"},{\"@type\":\"ListItem\",\"position\":3,\"name\":\"Sk\u00e4rmkl\u00e4mmor\",\"item\":\"https:\\\/\\\/c-profil.se\\\/produkt-kategori\\\/skarmklammor\\\/\"},{\"@type\":\"ListItem\",\"position\":4,\"name\":\"EMC sk\u00e4rmkl\u00e4mmor p\u00e5 jordningsband | MB\\\/MSKL\"}]},{\"@type\":\"WebSite\",\"@id\":\"https:\\\/\\\/c-profil.se\\\/#website\",\"url\":\"https:\\\/\\\/c-profil.se\\\/\",\"name\":\"C-Pro\",\"description\":\"Produkter f\u00f6r El och Automation\",\"publisher\":{\"@id\":\"https:\\\/\\\/c-profil.se\\\/#organization\"},\"potentialAction\":[{\"@type\":\"SearchAction\",\"target\":{\"@type\":\"EntryPoint\",\"urlTemplate\":\"https:\\\/\\\/c-profil.se\\\/?s={search_term_string}\"},\"query-input\":{\"@type\":\"PropertyValueSpecification\",\"valueRequired\":true,\"valueName\":\"search_term_string\"}}],\"inLanguage\":\"en\"},{\"@type\":\"Organization\",\"@id\":\"https:\\\/\\\/c-profil.se\\\/#organization\",\"name\":\"C-Pro\",\"alternateName\":\"C-PRO\",\"url\":\"https:\\\/\\\/c-profil.se\\\/\",\"logo\":{\"@type\":\"ImageObject\",\"inLanguage\":\"en\",\"@id\":\"https:\\\/\\\/c-profil.se\\\/#\\\/schema\\\/logo\\\/image\\\/\",\"url\":\"https:\\\/\\\/c-profil.se\\\/wp-content\\\/uploads\\\/2022\\\/03\\\/c-pro-logga-liggande-500x500-1.png\",\"contentUrl\":\"https:\\\/\\\/c-profil.se\\\/wp-content\\\/uploads\\\/2022\\\/03\\\/c-pro-logga-liggande-500x500-1.png\",\"width\":500,\"height\":500,\"caption\":\"C-Pro\"},\"image\":{\"@id\":\"https:\\\/\\\/c-profil.se\\\/#\\\/schema\\\/logo\\\/image\\\/\"},\"sameAs\":[\"https:\\\/\\\/www.facebook.com\\\/people\\\/C-Pro\\\/61561767306874\\\/\",\"https:\\\/\\\/www.linkedin.com\\\/company\\\/c-pro-ab\",\"https:\\\/\\\/www.instagram.com\\\/cpro.ab\\\/\"],\"description\":\"C-PRO AB \u00e4r en helt\u00e4ckande leverant\u00f6r av material f\u00f6r applikationer inom el och automation. \u00c4nda sedan starten 1987 har vi f\u00f6rsett den svenska tillverkande industrin med elmaterial. Trots v\u00e5r storlek och ledande position har vi aldrig \u00f6vergett v\u00e5r grundfilosofi, att vara en personlig leverant\u00f6r. Vi p\u00e5 C-PRO \u00e4r l\u00e4tta att komma i kontakt med, \u00e4rliga och brinner f\u00f6r att l\u00f6sa v\u00e5ra kunders problem.\",\"email\":\"info@c-profil.se\",\"telephone\":\"031575785\",\"legalName\":\"C-Profil F\u00f6rl\u00e4ggningsmaterial AB\",\"foundingDate\":\"1987-01-01\"}]}<\/script>\n<meta property=\"product:price:currency\" content=\"SEK\" \/>\n<meta property=\"og:availability\" content=\"instock\" \/>\n<meta property=\"product:availability\" content=\"instock\" \/>\n<meta property=\"product:retailer_item_id\" content=\"MB\/MSKL\" \/>\n<meta property=\"product:condition\" content=\"new\" \/>\n<!-- \/ Yoast SEO Premium plugin. -->","yoast_head_json":{"title":"EMC shielding clamps on ground strap | MB\/MSKL - C-Pro","description":"The grounding straps are equipped with a shield clamp at one end. This solution is used where space is limited. The grounding straps are available with M4 or M6 holes. Advantages: Very flexible mounting, Installation even in hard-to-reach places, Grounding strap with crimped connection end pads, Standard products, short delivery times, UL listed.","robots":{"index":"index","follow":"follow","max-snippet":"max-snippet:-1","max-image-preview":"max-image-preview:large","max-video-preview":"max-video-preview:-1"},"canonical":"https:\/\/c-profil.se\/english\/product\/emc-cable-clamps-on-ground-strap-mbmskl\/","og_locale":"en_US","og_type":"article","og_title":"EMC sk\u00e4rmkl\u00e4mmor p\u00e5 jordningsband | MB\/MSKL - C-Pro","og_description":"Jordningsbanden \u00e4r f\u00f6rsedda med en sk\u00e4rmkl\u00e4mma i ena \u00e4nden. Denna l\u00f6sning anv\u00e4nds d\u00e4r utrymmet \u00e4r begr\u00e4nsat.  Jordningstejparna finns med M4- eller M6-h\u00e5l  F\u00f6rdelar   Mycket flexibel montering  Installation \u00e4ven p\u00e5 platser som \u00e4r sv\u00e5ra att komma \u00e5t  Jordningstejp med pressade anslutnings\u00e4ndkuddar  Standardprodukter, korta leveranstider  UL listad","og_url":"https:\/\/c-profil.se\/english\/product\/emc-cable-clamps-on-ground-strap-mbmskl\/","og_site_name":"C-Pro","article_publisher":"https:\/\/www.facebook.com\/people\/C-Pro\/61561767306874\/","article_modified_time":"2026-04-23T07:39:44+00:00","og_image":[{"width":1000,"height":1000,"url":"https:\/\/c-profil.se\/wp-content\/uploads\/2024\/11\/Jordflator-2.jpg","type":"image\/jpeg"}],"twitter_card":"summary_large_image","twitter_misc":{"Price":"","Availability":"In stock"},"schema":{"@context":"https:\/\/schema.org","@graph":[{"@type":"WebPage","@id":"https:\/\/c-profil.se\/produkt\/emc-skarmklammor-pa-jordningsband-mbmskl\/","url":"https:\/\/c-profil.se\/produkt\/emc-skarmklammor-pa-jordningsband-mbmskl\/","name":"EMC shielding clamps on ground strap | MB\/MSKL - C-Pro","isPartOf":{"@id":"https:\/\/c-profil.se\/#website"},"primaryImageOfPage":{"@id":"https:\/\/c-profil.se\/produkt\/emc-skarmklammor-pa-jordningsband-mbmskl\/#primaryimage"},"image":{"@id":"https:\/\/c-profil.se\/produkt\/emc-skarmklammor-pa-jordningsband-mbmskl\/#primaryimage"},"thumbnailUrl":"https:\/\/c-profil.se\/wp-content\/uploads\/2024\/11\/Jordflator-2.jpg","datePublished":"2026-04-22T11:23:06+00:00","dateModified":"2026-04-23T07:39:44+00:00","description":"The grounding straps are equipped with a shield clamp at one end. This solution is used where space is limited. The grounding straps are available with M4 or M6 holes. Advantages: Very flexible mounting. Installation even in hard-to-reach places. Grounding strap with pressed connection end pads. Standard products, short delivery times. UL listed.","breadcrumb":{"@id":"https:\/\/c-profil.se\/produkt\/emc-skarmklammor-pa-jordningsband-mbmskl\/#breadcrumb"},"inLanguage":"en","potentialAction":[{"@type":"ReadAction","target":["https:\/\/c-profil.se\/produkt\/emc-skarmklammor-pa-jordningsband-mbmskl\/"]}]},{"@type":"ImageObject","inLanguage":"en","@id":"https:\/\/c-profil.se\/produkt\/emc-skarmklammor-pa-jordningsband-mbmskl\/#primaryimage","url":"https:\/\/c-profil.se\/wp-content\/uploads\/2024\/11\/Jordflator-2.jpg","contentUrl":"https:\/\/c-profil.se\/wp-content\/uploads\/2024\/11\/Jordflator-2.jpg","width":1000,"height":1000,"caption":"EMC sk\u00e4rmkl\u00e4mmor p\u00e5 jordningsband | MB|MSKL"},{"@type":"BreadcrumbList","@id":"https:\/\/c-profil.se\/produkt\/emc-skarmklammor-pa-jordningsband-mbmskl\/#breadcrumb","itemListElement":[{"@type":"ListItem","position":1,"name":"Hem","item":"https:\/\/c-profil.se\/"},{"@type":"ListItem","position":2,"name":"Produkter","item":"https:\/\/c-profil.se\/produkter\/"},{"@type":"ListItem","position":3,"name":"Sk\u00e4rmkl\u00e4mmor","item":"https:\/\/c-profil.se\/produkt-kategori\/skarmklammor\/"},{"@type":"ListItem","position":4,"name":"EMC sk\u00e4rmkl\u00e4mmor p\u00e5 jordningsband | MB\/MSKL"}]},{"@type":"WebSite","@id":"https:\/\/c-profil.se\/#website","url":"https:\/\/c-profil.se\/","name":"C-Pro","description":"Products for Electricity and Automation","publisher":{"@id":"https:\/\/c-profil.se\/#organization"},"potentialAction":[{"@type":"SearchAction","target":{"@type":"EntryPoint","urlTemplate":"https:\/\/c-profil.se\/?s={search_term_string}"},"query-input":{"@type":"PropertyValueSpecification","valueRequired":true,"valueName":"search_term_string"}}],"inLanguage":"en"},{"@type":"Organization","@id":"https:\/\/c-profil.se\/#organization","name":"C-Pro","alternateName":"C-PRO","url":"https:\/\/c-profil.se\/","logo":{"@type":"ImageObject","inLanguage":"en","@id":"https:\/\/c-profil.se\/#\/schema\/logo\/image\/","url":"https:\/\/c-profil.se\/wp-content\/uploads\/2022\/03\/c-pro-logga-liggande-500x500-1.png","contentUrl":"https:\/\/c-profil.se\/wp-content\/uploads\/2022\/03\/c-pro-logga-liggande-500x500-1.png","width":500,"height":500,"caption":"C-Pro"},"image":{"@id":"https:\/\/c-profil.se\/#\/schema\/logo\/image\/"},"sameAs":["https:\/\/www.facebook.com\/people\/C-Pro\/61561767306874\/","https:\/\/www.linkedin.com\/company\/c-pro-ab","https:\/\/www.instagram.com\/cpro.ab\/"],"description":"C-PRO AB is a comprehensive supplier of materials for applications in electricity and automation. Ever since the start in 1987, we have supplied the Swedish manufacturing industry with electrical materials. Despite our size and leading position, we have never abandoned our basic philosophy, to be a personal supplier. We at C-PRO are easy to get in touch with, honest and passionate about solving our customers&#039; problems.","email":"info@c-profil.se","telephone":"031575785","legalName":"C-Profil F\u00f6rl\u00e4ggningsmaterial AB","foundingDate":"1987-01-01"}]},"product_price_currency":"SEK","og_availability":"instock","product_availability":"instock","product_retailer_item_id":"MB\/MSKL","product_condition":"new"},"_links":{"self":[{"href":"https:\/\/c-profil.se\/english\/wp-json\/wp\/v2\/product\/75131","targetHints":{"allow":["GET"]}}],"collection":[{"href":"https:\/\/c-profil.se\/english\/wp-json\/wp\/v2\/product"}],"about":[{"href":"https:\/\/c-profil.se\/english\/wp-json\/wp\/v2\/types\/product"}],"version-history":[{"count":2,"href":"https:\/\/c-profil.se\/english\/wp-json\/wp\/v2\/product\/75131\/revisions"}],"predecessor-version":[{"id":75157,"href":"https:\/\/c-profil.se\/english\/wp-json\/wp\/v2\/product\/75131\/revisions\/75157"}],"wp:featuredmedia":[{"embeddable":true,"href":"https:\/\/c-profil.se\/english\/wp-json\/wp\/v2\/media\/50775"}],"wp:attachment":[{"href":"https:\/\/c-profil.se\/english\/wp-json\/wp\/v2\/media?parent=75131"}],"wp:term":[{"taxonomy":"product_brand","embeddable":true,"href":"https:\/\/c-profil.se\/english\/wp-json\/wp\/v2\/product_brand?post=75131"},{"taxonomy":"product_cat","embeddable":true,"href":"https:\/\/c-profil.se\/english\/wp-json\/wp\/v2\/product_cat?post=75131"},{"taxonomy":"product_tag","embeddable":true,"href":"https:\/\/c-profil.se\/english\/wp-json\/wp\/v2\/product_tag?post=75131"}],"curies":[{"name":"wp","href":"https:\/\/api.w.org\/{rel}","templated":true}]}}