{"id":75117,"date":"2026-04-22T08:01:14","date_gmt":"2026-04-22T07:01:14","guid":{"rendered":"https:\/\/c-profil.se\/?post_type=product&#038;p=75117"},"modified":"2026-05-11T10:05:46","modified_gmt":"2026-05-11T09:05:46","slug":"enclosure-accessories-mbp","status":"publish","type":"product","link":"https:\/\/c-profil.se\/english\/produkt\/tillbehor-kapsling-mbp\/","title":{"rendered":"Enclosures Accessories | MBP"},"content":{"rendered":"<p><strong>Enclosures Accessories | MBP<\/strong> which simplifies assembly, installation, and adaptation. The range includes components for safe and flexible integration into MBP systems.<\/p>","protected":false},"excerpt":{"rendered":"<p><strong>Enclosures Accessories | MBP<\/strong> are developed to complement and adapt installations in industry and automation. The range includes components that facilitate assembly, integration, and practical use of MBP enclosures in various applications.<\/p>\n<p>The accessories are optimized for the MBP series and contribute to a safe, stable, and functional enclosure solution.<\/p>\n<p><strong>Benefits of MBP accessories<\/strong><\/p>\n<ul>\n<li>Customized for MBP enclosures<\/li>\n<li>Simple and efficient installation<\/li>\n<li>Robust construction for industrial environments<\/li>\n<li>Flexible adaptation to the application<\/li>\n<li>Facilitates service and replenishment<\/li>\n<\/ul>","protected":false},"featured_media":75524,"template":"","meta":{"_acf_changed":false},"product_brand":[743],"product_cat":[1009],"product_tag":[990],"class_list":{"0":"post-75117","1":"product","2":"type-product","3":"status-publish","4":"has-post-thumbnail","6":"product_brand-multi-box","7":"product_cat-kapsling-mbp","8":"product_tag-kapsling","10":"first","11":"instock","12":"shipping-taxable","13":"product-type-simple"},"acf":[],"yoast_head":"<!-- This site is optimized with the Yoast SEO Premium plugin v27.6 (Yoast SEO v27.6) - https:\/\/yoast.com\/product\/yoast-seo-premium-wordpress\/ -->\n<title>Tillbeh\u00f6r Kapsling | MBP - C-Pro<\/title>\n<meta name=\"description\" content=\"Tillbeh\u00f6r Kapsling | MBP \u00e4r utvecklade f\u00f6r att komplettera och anpassa installationer inom industri och automation. Sortimentet inneh\u00e5ller komponenter som underl\u00e4ttar montage, integration och praktisk anv\u00e4ndning av MBP-kapslingar i olika applikationer.  Tillbeh\u00f6ren \u00e4r anpassade f\u00f6r MBP-serien och bidrar till en s\u00e4ker, stabil och funktionell kapslingsl\u00f6sning.  F\u00f6rdelar med MBP-tillbeh\u00f6r   Anpassade f\u00f6r MBP-kapslingar  Enkel och effektiv installation  Robust konstruktion f\u00f6r industrimilj\u00f6er  Flexibel anpassning efter applikation  Underl\u00e4ttar service och komplettering\" \/>\n<meta name=\"robots\" content=\"index, follow, max-snippet:-1, max-image-preview:large, max-video-preview:-1\" \/>\n<link rel=\"canonical\" href=\"https:\/\/c-profil.se\/english\/product\/enclosure-accessories-mbp\/\" \/>\n<meta property=\"og:locale\" content=\"en_US\" \/>\n<meta property=\"og:type\" content=\"article\" \/>\n<meta property=\"og:title\" content=\"Tillbeh\u00f6r Kapsling | MBP - C-Pro\" \/>\n<meta property=\"og:description\" content=\"Tillbeh\u00f6r Kapsling | MBP \u00e4r utvecklade f\u00f6r att komplettera och anpassa installationer inom industri och automation. Sortimentet inneh\u00e5ller komponenter som underl\u00e4ttar montage, integration och praktisk anv\u00e4ndning av MBP-kapslingar i olika applikationer.  Tillbeh\u00f6ren \u00e4r anpassade f\u00f6r MBP-serien och bidrar till en s\u00e4ker, stabil och funktionell kapslingsl\u00f6sning.  F\u00f6rdelar med MBP-tillbeh\u00f6r   Anpassade f\u00f6r MBP-kapslingar  Enkel och effektiv installation  Robust konstruktion f\u00f6r industrimilj\u00f6er  Flexibel anpassning efter applikation  Underl\u00e4ttar service och komplettering\" \/>\n<meta property=\"og:url\" content=\"https:\/\/c-profil.se\/english\/product\/enclosure-accessories-mbp\/\" \/>\n<meta property=\"og:site_name\" content=\"C-Pro\" \/>\n<meta property=\"article:publisher\" content=\"https:\/\/www.facebook.com\/people\/C-Pro\/61561767306874\/\" \/>\n<meta property=\"article:modified_time\" content=\"2026-05-11T09:05:46+00:00\" \/>\n<meta property=\"og:image\" content=\"https:\/\/c-profil.se\/wp-content\/uploads\/2026\/04\/Montageplat-MBP.jpg\" \/>\n\t<meta property=\"og:image:width\" content=\"1000\" \/>\n\t<meta property=\"og:image:height\" content=\"1000\" \/>\n\t<meta property=\"og:image:type\" content=\"image\/jpeg\" \/>\n<meta name=\"twitter:card\" content=\"summary_large_image\" \/>\n<meta name=\"twitter:label1\" content=\"Price\" \/>\n\t<meta name=\"twitter:data1\" content=\"\" \/>\n\t<meta name=\"twitter:label2\" content=\"Availability\" \/>\n\t<meta name=\"twitter:data2\" content=\"In stock\" \/>\n<script type=\"application\/ld+json\" class=\"yoast-schema-graph\">{\"@context\":\"https:\\\/\\\/schema.org\",\"@graph\":[{\"@type\":\"WebPage\",\"@id\":\"https:\\\/\\\/c-profil.se\\\/produkt\\\/tillbehor-kapsling-mbp\\\/\",\"url\":\"https:\\\/\\\/c-profil.se\\\/produkt\\\/tillbehor-kapsling-mbp\\\/\",\"name\":\"Tillbeh\u00f6r Kapsling | MBP - C-Pro\",\"isPartOf\":{\"@id\":\"https:\\\/\\\/c-profil.se\\\/#website\"},\"primaryImageOfPage\":{\"@id\":\"https:\\\/\\\/c-profil.se\\\/produkt\\\/tillbehor-kapsling-mbp\\\/#primaryimage\"},\"image\":{\"@id\":\"https:\\\/\\\/c-profil.se\\\/produkt\\\/tillbehor-kapsling-mbp\\\/#primaryimage\"},\"thumbnailUrl\":\"https:\\\/\\\/c-profil.se\\\/wp-content\\\/uploads\\\/2026\\\/04\\\/Montageplat-MBP.jpg\",\"datePublished\":\"2026-04-22T07:01:14+00:00\",\"dateModified\":\"2026-05-11T09:05:46+00:00\",\"description\":\"Tillbeh\u00f6r Kapsling | MBP \u00e4r utvecklade f\u00f6r att komplettera och anpassa installationer inom industri och automation. Sortimentet inneh\u00e5ller komponenter som underl\u00e4ttar montage, integration och praktisk anv\u00e4ndning av MBP-kapslingar i olika applikationer. Tillbeh\u00f6ren \u00e4r anpassade f\u00f6r MBP-serien och bidrar till en s\u00e4ker, stabil och funktionell kapslingsl\u00f6sning. F\u00f6rdelar med MBP-tillbeh\u00f6r Anpassade f\u00f6r MBP-kapslingar Enkel och effektiv installation Robust konstruktion f\u00f6r industrimilj\u00f6er Flexibel anpassning efter applikation Underl\u00e4ttar service och komplettering\",\"breadcrumb\":{\"@id\":\"https:\\\/\\\/c-profil.se\\\/produkt\\\/tillbehor-kapsling-mbp\\\/#breadcrumb\"},\"inLanguage\":\"en\",\"potentialAction\":[{\"@type\":\"ReadAction\",\"target\":[\"https:\\\/\\\/c-profil.se\\\/produkt\\\/tillbehor-kapsling-mbp\\\/\"]}]},{\"@type\":\"ImageObject\",\"inLanguage\":\"en\",\"@id\":\"https:\\\/\\\/c-profil.se\\\/produkt\\\/tillbehor-kapsling-mbp\\\/#primaryimage\",\"url\":\"https:\\\/\\\/c-profil.se\\\/wp-content\\\/uploads\\\/2026\\\/04\\\/Montageplat-MBP.jpg\",\"contentUrl\":\"https:\\\/\\\/c-profil.se\\\/wp-content\\\/uploads\\\/2026\\\/04\\\/Montageplat-MBP.jpg\",\"width\":1000,\"height\":1000,\"caption\":\"Montagepl\u00e5t MBP\"},{\"@type\":\"BreadcrumbList\",\"@id\":\"https:\\\/\\\/c-profil.se\\\/produkt\\\/tillbehor-kapsling-mbp\\\/#breadcrumb\",\"itemListElement\":[{\"@type\":\"ListItem\",\"position\":1,\"name\":\"Hem\",\"item\":\"https:\\\/\\\/c-profil.se\\\/\"},{\"@type\":\"ListItem\",\"position\":2,\"name\":\"Produkter\",\"item\":\"https:\\\/\\\/c-profil.se\\\/produkter\\\/\"},{\"@type\":\"ListItem\",\"position\":3,\"name\":\"Kapslingar i plast\",\"item\":\"https:\\\/\\\/c-profil.se\\\/produkt-kategori\\\/kapslingar-i-plast\\\/\"},{\"@type\":\"ListItem\",\"position\":4,\"name\":\"Kapsling MBP\",\"item\":\"https:\\\/\\\/c-profil.se\\\/produkt-kategori\\\/kapslingar-i-plast\\\/kapsling-mbp\\\/\"},{\"@type\":\"ListItem\",\"position\":5,\"name\":\"Tillbeh\u00f6r Kapsling | MBP\"}]},{\"@type\":\"WebSite\",\"@id\":\"https:\\\/\\\/c-profil.se\\\/#website\",\"url\":\"https:\\\/\\\/c-profil.se\\\/\",\"name\":\"C-Pro\",\"description\":\"Produkter f\u00f6r El och Automation\",\"publisher\":{\"@id\":\"https:\\\/\\\/c-profil.se\\\/#organization\"},\"potentialAction\":[{\"@type\":\"SearchAction\",\"target\":{\"@type\":\"EntryPoint\",\"urlTemplate\":\"https:\\\/\\\/c-profil.se\\\/?s={search_term_string}\"},\"query-input\":{\"@type\":\"PropertyValueSpecification\",\"valueRequired\":true,\"valueName\":\"search_term_string\"}}],\"inLanguage\":\"en\"},{\"@type\":\"Organization\",\"@id\":\"https:\\\/\\\/c-profil.se\\\/#organization\",\"name\":\"C-Pro\",\"alternateName\":\"C-PRO\",\"url\":\"https:\\\/\\\/c-profil.se\\\/\",\"logo\":{\"@type\":\"ImageObject\",\"inLanguage\":\"en\",\"@id\":\"https:\\\/\\\/c-profil.se\\\/#\\\/schema\\\/logo\\\/image\\\/\",\"url\":\"https:\\\/\\\/c-profil.se\\\/wp-content\\\/uploads\\\/2022\\\/03\\\/c-pro-logga-liggande-500x500-1.png\",\"contentUrl\":\"https:\\\/\\\/c-profil.se\\\/wp-content\\\/uploads\\\/2022\\\/03\\\/c-pro-logga-liggande-500x500-1.png\",\"width\":500,\"height\":500,\"caption\":\"C-Pro\"},\"image\":{\"@id\":\"https:\\\/\\\/c-profil.se\\\/#\\\/schema\\\/logo\\\/image\\\/\"},\"sameAs\":[\"https:\\\/\\\/www.facebook.com\\\/people\\\/C-Pro\\\/61561767306874\\\/\",\"https:\\\/\\\/www.linkedin.com\\\/company\\\/c-pro-ab\",\"https:\\\/\\\/www.instagram.com\\\/cpro.ab\\\/\"],\"description\":\"C-PRO AB \u00e4r en helt\u00e4ckande leverant\u00f6r av material f\u00f6r applikationer inom el och automation. \u00c4nda sedan starten 1987 har vi f\u00f6rsett den svenska tillverkande industrin med elmaterial. Trots v\u00e5r storlek och ledande position har vi aldrig \u00f6vergett v\u00e5r grundfilosofi, att vara en personlig leverant\u00f6r. Vi p\u00e5 C-PRO \u00e4r l\u00e4tta att komma i kontakt med, \u00e4rliga och brinner f\u00f6r att l\u00f6sa v\u00e5ra kunders problem.\",\"email\":\"info@c-profil.se\",\"telephone\":\"031575785\",\"legalName\":\"C-Profil F\u00f6rl\u00e4ggningsmaterial AB\",\"foundingDate\":\"1987-01-01\"}]}<\/script>\n<meta property=\"product:brand\" content=\"kapsling\" \/>\n<meta property=\"product:price:currency\" content=\"SEK\" \/>\n<meta property=\"og:availability\" content=\"instock\" \/>\n<meta property=\"product:availability\" content=\"instock\" \/>\n<meta property=\"product:retailer_item_id\" content=\"Tillbeh\u00f6r Kapsling MBP\" \/>\n<meta property=\"product:condition\" content=\"new\" \/>\n<!-- \/ Yoast SEO Premium plugin. -->","yoast_head_json":{"title":"Accessories Enclosure | MBP - C-Pro","description":"Accessories Enclosure | MBP are developed to complement and adapt installations in industry and automation. The range includes components that facilitate mounting, integration, and practical use of MBP enclosures in various applications. The accessories are adapted for the MBP series and contribute to a safe, stable, and functional enclosure solution. Benefits of MBP accessories Tailored for MBP enclosures Simple and efficient installation Robust construction for industrial environments Flexible adaptation to the application Facilitates service and expansion","robots":{"index":"index","follow":"follow","max-snippet":"max-snippet:-1","max-image-preview":"max-image-preview:large","max-video-preview":"max-video-preview:-1"},"canonical":"https:\/\/c-profil.se\/english\/product\/enclosure-accessories-mbp\/","og_locale":"en_US","og_type":"article","og_title":"Tillbeh\u00f6r Kapsling | MBP - C-Pro","og_description":"Tillbeh\u00f6r Kapsling | MBP \u00e4r utvecklade f\u00f6r att komplettera och anpassa installationer inom industri och automation. Sortimentet inneh\u00e5ller komponenter som underl\u00e4ttar montage, integration och praktisk anv\u00e4ndning av MBP-kapslingar i olika applikationer.  Tillbeh\u00f6ren \u00e4r anpassade f\u00f6r MBP-serien och bidrar till en s\u00e4ker, stabil och funktionell kapslingsl\u00f6sning.  F\u00f6rdelar med MBP-tillbeh\u00f6r   Anpassade f\u00f6r MBP-kapslingar  Enkel och effektiv installation  Robust konstruktion f\u00f6r industrimilj\u00f6er  Flexibel anpassning efter applikation  Underl\u00e4ttar service och komplettering","og_url":"https:\/\/c-profil.se\/english\/product\/enclosure-accessories-mbp\/","og_site_name":"C-Pro","article_publisher":"https:\/\/www.facebook.com\/people\/C-Pro\/61561767306874\/","article_modified_time":"2026-05-11T09:05:46+00:00","og_image":[{"width":1000,"height":1000,"url":"https:\/\/c-profil.se\/wp-content\/uploads\/2026\/04\/Montageplat-MBP.jpg","type":"image\/jpeg"}],"twitter_card":"summary_large_image","twitter_misc":{"Price":"","Availability":"In stock"},"schema":{"@context":"https:\/\/schema.org","@graph":[{"@type":"WebPage","@id":"https:\/\/c-profil.se\/produkt\/tillbehor-kapsling-mbp\/","url":"https:\/\/c-profil.se\/produkt\/tillbehor-kapsling-mbp\/","name":"Accessories Enclosure | MBP - C-Pro","isPartOf":{"@id":"https:\/\/c-profil.se\/#website"},"primaryImageOfPage":{"@id":"https:\/\/c-profil.se\/produkt\/tillbehor-kapsling-mbp\/#primaryimage"},"image":{"@id":"https:\/\/c-profil.se\/produkt\/tillbehor-kapsling-mbp\/#primaryimage"},"thumbnailUrl":"https:\/\/c-profil.se\/wp-content\/uploads\/2026\/04\/Montageplat-MBP.jpg","datePublished":"2026-04-22T07:01:14+00:00","dateModified":"2026-05-11T09:05:46+00:00","description":"Accessories Enclosure | MBP are developed to complement and customize installations within industry and automation. The range includes components that facilitate mounting, integration, and practical use of MBP enclosures in various applications. The accessories are adapted for the MBP series and contribute to a safe, stable, and functional enclosure solution. Benefits of MBP Accessories Adapted for MBP Enclosures Simple and efficient installation Robust construction for industrial environments Flexible customization according to application Facilitates service and completion","breadcrumb":{"@id":"https:\/\/c-profil.se\/produkt\/tillbehor-kapsling-mbp\/#breadcrumb"},"inLanguage":"en","potentialAction":[{"@type":"ReadAction","target":["https:\/\/c-profil.se\/produkt\/tillbehor-kapsling-mbp\/"]}]},{"@type":"ImageObject","inLanguage":"en","@id":"https:\/\/c-profil.se\/produkt\/tillbehor-kapsling-mbp\/#primaryimage","url":"https:\/\/c-profil.se\/wp-content\/uploads\/2026\/04\/Montageplat-MBP.jpg","contentUrl":"https:\/\/c-profil.se\/wp-content\/uploads\/2026\/04\/Montageplat-MBP.jpg","width":1000,"height":1000,"caption":"Montagepl\u00e5t MBP"},{"@type":"BreadcrumbList","@id":"https:\/\/c-profil.se\/produkt\/tillbehor-kapsling-mbp\/#breadcrumb","itemListElement":[{"@type":"ListItem","position":1,"name":"Hem","item":"https:\/\/c-profil.se\/"},{"@type":"ListItem","position":2,"name":"Produkter","item":"https:\/\/c-profil.se\/produkter\/"},{"@type":"ListItem","position":3,"name":"Kapslingar i plast","item":"https:\/\/c-profil.se\/produkt-kategori\/kapslingar-i-plast\/"},{"@type":"ListItem","position":4,"name":"Kapsling MBP","item":"https:\/\/c-profil.se\/produkt-kategori\/kapslingar-i-plast\/kapsling-mbp\/"},{"@type":"ListItem","position":5,"name":"Tillbeh\u00f6r Kapsling | MBP"}]},{"@type":"WebSite","@id":"https:\/\/c-profil.se\/#website","url":"https:\/\/c-profil.se\/","name":"C-Pro","description":"Products for Electricity and Automation","publisher":{"@id":"https:\/\/c-profil.se\/#organization"},"potentialAction":[{"@type":"SearchAction","target":{"@type":"EntryPoint","urlTemplate":"https:\/\/c-profil.se\/?s={search_term_string}"},"query-input":{"@type":"PropertyValueSpecification","valueRequired":true,"valueName":"search_term_string"}}],"inLanguage":"en"},{"@type":"Organization","@id":"https:\/\/c-profil.se\/#organization","name":"C-Pro","alternateName":"C-PRO","url":"https:\/\/c-profil.se\/","logo":{"@type":"ImageObject","inLanguage":"en","@id":"https:\/\/c-profil.se\/#\/schema\/logo\/image\/","url":"https:\/\/c-profil.se\/wp-content\/uploads\/2022\/03\/c-pro-logga-liggande-500x500-1.png","contentUrl":"https:\/\/c-profil.se\/wp-content\/uploads\/2022\/03\/c-pro-logga-liggande-500x500-1.png","width":500,"height":500,"caption":"C-Pro"},"image":{"@id":"https:\/\/c-profil.se\/#\/schema\/logo\/image\/"},"sameAs":["https:\/\/www.facebook.com\/people\/C-Pro\/61561767306874\/","https:\/\/www.linkedin.com\/company\/c-pro-ab","https:\/\/www.instagram.com\/cpro.ab\/"],"description":"C-PRO AB is a comprehensive supplier of materials for applications in electricity and automation. Ever since the start in 1987, we have supplied the Swedish manufacturing industry with electrical materials. Despite our size and leading position, we have never abandoned our basic philosophy, to be a personal supplier. We at C-PRO are easy to get in touch with, honest and passionate about solving our customers&#039; problems.","email":"info@c-profil.se","telephone":"031575785","legalName":"C-Profil F\u00f6rl\u00e4ggningsmaterial AB","foundingDate":"1987-01-01"}]},"product_brand":"kapsling","product_price_currency":"SEK","og_availability":"instock","product_availability":"instock","product_retailer_item_id":"Tillbeh\u00f6r Kapsling MBP","product_condition":"new"},"_links":{"self":[{"href":"https:\/\/c-profil.se\/english\/wp-json\/wp\/v2\/product\/75117","targetHints":{"allow":["GET"]}}],"collection":[{"href":"https:\/\/c-profil.se\/english\/wp-json\/wp\/v2\/product"}],"about":[{"href":"https:\/\/c-profil.se\/english\/wp-json\/wp\/v2\/types\/product"}],"version-history":[{"count":5,"href":"https:\/\/c-profil.se\/english\/wp-json\/wp\/v2\/product\/75117\/revisions"}],"predecessor-version":[{"id":75526,"href":"https:\/\/c-profil.se\/english\/wp-json\/wp\/v2\/product\/75117\/revisions\/75526"}],"wp:featuredmedia":[{"embeddable":true,"href":"https:\/\/c-profil.se\/english\/wp-json\/wp\/v2\/media\/75524"}],"wp:attachment":[{"href":"https:\/\/c-profil.se\/english\/wp-json\/wp\/v2\/media?parent=75117"}],"wp:term":[{"taxonomy":"product_brand","embeddable":true,"href":"https:\/\/c-profil.se\/english\/wp-json\/wp\/v2\/product_brand?post=75117"},{"taxonomy":"product_cat","embeddable":true,"href":"https:\/\/c-profil.se\/english\/wp-json\/wp\/v2\/product_cat?post=75117"},{"taxonomy":"product_tag","embeddable":true,"href":"https:\/\/c-profil.se\/english\/wp-json\/wp\/v2\/product_tag?post=75117"}],"curies":[{"name":"wp","href":"https:\/\/api.w.org\/{rel}","templated":true}]}}