{"id":75095,"date":"2026-04-21T13:44:14","date_gmt":"2026-04-21T12:44:14","guid":{"rendered":"https:\/\/c-profil.se\/?post_type=product&#038;p=75095"},"modified":"2026-05-11T08:47:07","modified_gmt":"2026-05-11T07:47:07","slug":"enclosure-accessories","status":"publish","type":"product","link":"https:\/\/c-profil.se\/english\/produkt\/tillbehor-kapsling-mbi\/","title":{"rendered":"Accessories Enclosure | MBI"},"content":{"rendered":"<p><strong>Accessories for MBI enclosures<\/strong> which simplifies assembly, adaptation, and installation. The range includes components for safe and flexible integration into MBI systems.<\/p>","protected":false},"excerpt":{"rendered":"<p>Accessories Enclosure | MBI are developed to complement and customize installations within industry and automation. The range includes components that facilitate assembly, integration, and practical use of MBI enclosures in various applications.<\/p>\n<p>The accessories are designed to fit the MBI series and contribute to a safe, stable, and functional enclosure solution.<\/p>\n<p><strong>Benefits of MBI accessories<\/strong><\/p>\n<ul>\n<li>Customized for MBI enclosures<\/li>\n<li>Simple and efficient installation<\/li>\n<li>Robust execution for industrial environments<\/li>\n<li>Flexible adaptation to the application<\/li>\n<li>Simplifies service and replenishment<\/li>\n<\/ul>","protected":false},"featured_media":75498,"template":"","meta":{"_acf_changed":false},"product_brand":[743],"product_cat":[600,601],"product_tag":[938,990,982],"class_list":{"0":"post-75095","1":"product","2":"type-product","3":"status-publish","4":"has-post-thumbnail","6":"product_brand-multi-box","7":"product_cat-kapsling-mbi","8":"product_cat-kapsling-mbi-black","9":"product_tag-kabelinforing","10":"product_tag-kapsling","11":"product_tag-panelmontage","13":"first","14":"instock","15":"shipping-taxable","16":"product-type-simple"},"acf":[],"yoast_head":"<!-- This site is optimized with the Yoast SEO Premium plugin v27.5 (Yoast SEO v27.5) - https:\/\/yoast.com\/product\/yoast-seo-premium-wordpress\/ -->\n<title>Tillbeh\u00f6r Kapsling | MBI - C-Pro<\/title>\n<meta name=\"description\" content=\"Tillbeh\u00f6r Kapsling | MBI \u00e4r utvecklade f\u00f6r att komplettera och anpassa installationer inom industri och automation. Sortimentet inneh\u00e5ller komponenter som underl\u00e4ttar montage, integration och praktisk anv\u00e4ndning av MBI-kapslingar i olika applikationer.  Tillbeh\u00f6ren \u00e4r konstruerade f\u00f6r att passa MBI-serien och bidra till en s\u00e4ker, stabil och funktionell kapslingsl\u00f6sning.  F\u00f6rdelar med MBI-tillbeh\u00f6r   Anpassade f\u00f6r MBI-kapslingar  Enkel och effektiv installation  Robust utf\u00f6rande f\u00f6r industrimilj\u00f6er  Flexibel anpassning efter applikation  F\u00f6renklar service och komplettering\" \/>\n<meta name=\"robots\" content=\"index, follow, max-snippet:-1, max-image-preview:large, max-video-preview:-1\" \/>\n<link rel=\"canonical\" href=\"https:\/\/c-profil.se\/english\/product\/enclosure-accessories\/\" \/>\n<meta property=\"og:locale\" content=\"en_US\" \/>\n<meta property=\"og:type\" content=\"article\" \/>\n<meta property=\"og:title\" content=\"Tillbeh\u00f6r Kapsling | MBI - C-Pro\" \/>\n<meta property=\"og:description\" content=\"Tillbeh\u00f6r Kapsling | MBI \u00e4r utvecklade f\u00f6r att komplettera och anpassa installationer inom industri och automation. Sortimentet inneh\u00e5ller komponenter som underl\u00e4ttar montage, integration och praktisk anv\u00e4ndning av MBI-kapslingar i olika applikationer.  Tillbeh\u00f6ren \u00e4r konstruerade f\u00f6r att passa MBI-serien och bidra till en s\u00e4ker, stabil och funktionell kapslingsl\u00f6sning.  F\u00f6rdelar med MBI-tillbeh\u00f6r   Anpassade f\u00f6r MBI-kapslingar  Enkel och effektiv installation  Robust utf\u00f6rande f\u00f6r industrimilj\u00f6er  Flexibel anpassning efter applikation  F\u00f6renklar service och komplettering\" \/>\n<meta property=\"og:url\" content=\"https:\/\/c-profil.se\/english\/product\/enclosure-accessories\/\" \/>\n<meta property=\"og:site_name\" content=\"C-Pro\" \/>\n<meta property=\"article:publisher\" content=\"https:\/\/www.facebook.com\/people\/C-Pro\/61561767306874\/\" \/>\n<meta property=\"article:modified_time\" content=\"2026-05-11T07:47:07+00:00\" \/>\n<meta property=\"og:image\" content=\"https:\/\/c-profil.se\/wp-content\/uploads\/2026\/04\/Montageplat-MBI.jpg\" \/>\n\t<meta property=\"og:image:width\" content=\"1000\" \/>\n\t<meta property=\"og:image:height\" content=\"1000\" \/>\n\t<meta property=\"og:image:type\" content=\"image\/jpeg\" \/>\n<meta name=\"twitter:card\" content=\"summary_large_image\" \/>\n<meta name=\"twitter:label1\" content=\"Price\" \/>\n\t<meta name=\"twitter:data1\" content=\"\" \/>\n\t<meta name=\"twitter:label2\" content=\"Availability\" \/>\n\t<meta name=\"twitter:data2\" content=\"In stock\" \/>\n<script type=\"application\/ld+json\" class=\"yoast-schema-graph\">{\"@context\":\"https:\\\/\\\/schema.org\",\"@graph\":[{\"@type\":\"WebPage\",\"@id\":\"https:\\\/\\\/c-profil.se\\\/produkt\\\/tillbehor-kapsling-mbi\\\/\",\"url\":\"https:\\\/\\\/c-profil.se\\\/produkt\\\/tillbehor-kapsling-mbi\\\/\",\"name\":\"Tillbeh\u00f6r Kapsling | MBI - C-Pro\",\"isPartOf\":{\"@id\":\"https:\\\/\\\/c-profil.se\\\/#website\"},\"primaryImageOfPage\":{\"@id\":\"https:\\\/\\\/c-profil.se\\\/produkt\\\/tillbehor-kapsling-mbi\\\/#primaryimage\"},\"image\":{\"@id\":\"https:\\\/\\\/c-profil.se\\\/produkt\\\/tillbehor-kapsling-mbi\\\/#primaryimage\"},\"thumbnailUrl\":\"https:\\\/\\\/c-profil.se\\\/wp-content\\\/uploads\\\/2026\\\/04\\\/Montageplat-MBI.jpg\",\"datePublished\":\"2026-04-21T12:44:14+00:00\",\"dateModified\":\"2026-05-11T07:47:07+00:00\",\"description\":\"Tillbeh\u00f6r Kapsling | MBI \u00e4r utvecklade f\u00f6r att komplettera och anpassa installationer inom industri och automation. Sortimentet inneh\u00e5ller komponenter som underl\u00e4ttar montage, integration och praktisk anv\u00e4ndning av MBI-kapslingar i olika applikationer. Tillbeh\u00f6ren \u00e4r konstruerade f\u00f6r att passa MBI-serien och bidra till en s\u00e4ker, stabil och funktionell kapslingsl\u00f6sning. F\u00f6rdelar med MBI-tillbeh\u00f6r Anpassade f\u00f6r MBI-kapslingar Enkel och effektiv installation Robust utf\u00f6rande f\u00f6r industrimilj\u00f6er Flexibel anpassning efter applikation F\u00f6renklar service och komplettering\",\"breadcrumb\":{\"@id\":\"https:\\\/\\\/c-profil.se\\\/produkt\\\/tillbehor-kapsling-mbi\\\/#breadcrumb\"},\"inLanguage\":\"en\",\"potentialAction\":[{\"@type\":\"ReadAction\",\"target\":[\"https:\\\/\\\/c-profil.se\\\/produkt\\\/tillbehor-kapsling-mbi\\\/\"]}]},{\"@type\":\"ImageObject\",\"inLanguage\":\"en\",\"@id\":\"https:\\\/\\\/c-profil.se\\\/produkt\\\/tillbehor-kapsling-mbi\\\/#primaryimage\",\"url\":\"https:\\\/\\\/c-profil.se\\\/wp-content\\\/uploads\\\/2026\\\/04\\\/Montageplat-MBI.jpg\",\"contentUrl\":\"https:\\\/\\\/c-profil.se\\\/wp-content\\\/uploads\\\/2026\\\/04\\\/Montageplat-MBI.jpg\",\"width\":1000,\"height\":1000,\"caption\":\"Montagepl\u00e5t MBI\"},{\"@type\":\"BreadcrumbList\",\"@id\":\"https:\\\/\\\/c-profil.se\\\/produkt\\\/tillbehor-kapsling-mbi\\\/#breadcrumb\",\"itemListElement\":[{\"@type\":\"ListItem\",\"position\":1,\"name\":\"Hem\",\"item\":\"https:\\\/\\\/c-profil.se\\\/\"},{\"@type\":\"ListItem\",\"position\":2,\"name\":\"Produkter\",\"item\":\"https:\\\/\\\/c-profil.se\\\/produkter\\\/\"},{\"@type\":\"ListItem\",\"position\":3,\"name\":\"Kapslingar i plast\",\"item\":\"https:\\\/\\\/c-profil.se\\\/produkt-kategori\\\/kapslingar-i-plast\\\/\"},{\"@type\":\"ListItem\",\"position\":4,\"name\":\"Kapsling MBI\",\"item\":\"https:\\\/\\\/c-profil.se\\\/produkt-kategori\\\/kapslingar-i-plast\\\/kapsling-mbi\\\/\"},{\"@type\":\"ListItem\",\"position\":5,\"name\":\"Tillbeh\u00f6r Kapsling | MBI\"}]},{\"@type\":\"WebSite\",\"@id\":\"https:\\\/\\\/c-profil.se\\\/#website\",\"url\":\"https:\\\/\\\/c-profil.se\\\/\",\"name\":\"C-Pro\",\"description\":\"Produkter f\u00f6r El och Automation\",\"publisher\":{\"@id\":\"https:\\\/\\\/c-profil.se\\\/#organization\"},\"potentialAction\":[{\"@type\":\"SearchAction\",\"target\":{\"@type\":\"EntryPoint\",\"urlTemplate\":\"https:\\\/\\\/c-profil.se\\\/?s={search_term_string}\"},\"query-input\":{\"@type\":\"PropertyValueSpecification\",\"valueRequired\":true,\"valueName\":\"search_term_string\"}}],\"inLanguage\":\"en\"},{\"@type\":\"Organization\",\"@id\":\"https:\\\/\\\/c-profil.se\\\/#organization\",\"name\":\"C-Pro\",\"alternateName\":\"C-PRO\",\"url\":\"https:\\\/\\\/c-profil.se\\\/\",\"logo\":{\"@type\":\"ImageObject\",\"inLanguage\":\"en\",\"@id\":\"https:\\\/\\\/c-profil.se\\\/#\\\/schema\\\/logo\\\/image\\\/\",\"url\":\"https:\\\/\\\/c-profil.se\\\/wp-content\\\/uploads\\\/2022\\\/03\\\/c-pro-logga-liggande-500x500-1.png\",\"contentUrl\":\"https:\\\/\\\/c-profil.se\\\/wp-content\\\/uploads\\\/2022\\\/03\\\/c-pro-logga-liggande-500x500-1.png\",\"width\":500,\"height\":500,\"caption\":\"C-Pro\"},\"image\":{\"@id\":\"https:\\\/\\\/c-profil.se\\\/#\\\/schema\\\/logo\\\/image\\\/\"},\"sameAs\":[\"https:\\\/\\\/www.facebook.com\\\/people\\\/C-Pro\\\/61561767306874\\\/\",\"https:\\\/\\\/www.linkedin.com\\\/company\\\/c-pro-ab\",\"https:\\\/\\\/www.instagram.com\\\/cpro.ab\\\/\"],\"description\":\"C-PRO AB \u00e4r en helt\u00e4ckande leverant\u00f6r av material f\u00f6r applikationer inom el och automation. \u00c4nda sedan starten 1987 har vi f\u00f6rsett den svenska tillverkande industrin med elmaterial. Trots v\u00e5r storlek och ledande position har vi aldrig \u00f6vergett v\u00e5r grundfilosofi, att vara en personlig leverant\u00f6r. Vi p\u00e5 C-PRO \u00e4r l\u00e4tta att komma i kontakt med, \u00e4rliga och brinner f\u00f6r att l\u00f6sa v\u00e5ra kunders problem.\",\"email\":\"info@c-profil.se\",\"telephone\":\"031575785\",\"legalName\":\"C-Profil F\u00f6rl\u00e4ggningsmaterial AB\",\"foundingDate\":\"1987-01-01\"}]}<\/script>\n<meta property=\"product:brand\" content=\"kabelinf\u00f6ring\" \/>\n<meta property=\"product:price:currency\" content=\"SEK\" \/>\n<meta property=\"og:availability\" content=\"instock\" \/>\n<meta property=\"product:availability\" content=\"instock\" \/>\n<meta property=\"product:retailer_item_id\" content=\"Tillbeh\u00f6r Kapsling MBI\" \/>\n<meta property=\"product:condition\" content=\"new\" \/>\n<!-- \/ Yoast SEO Premium plugin. -->","yoast_head_json":{"title":"Accessories Enclosure | MBI - C-Pro","description":"Accessories Enclosure | MBI are developed to complement and customize installations within industry and automation. The range includes components that facilitate assembly, integration, and practical use of MBI enclosures in various applications. The accessories are designed to fit the MBI series and contribute to a safe, stable, and functional enclosure solution. Benefits of MBI Accessories Tailored for MBI Enclosures Simple and Efficient Installation Robust Design for Industrial Environments Flexible Customization According to Application Simplifies Service and Augmentation","robots":{"index":"index","follow":"follow","max-snippet":"max-snippet:-1","max-image-preview":"max-image-preview:large","max-video-preview":"max-video-preview:-1"},"canonical":"https:\/\/c-profil.se\/english\/product\/enclosure-accessories\/","og_locale":"en_US","og_type":"article","og_title":"Tillbeh\u00f6r Kapsling | MBI - C-Pro","og_description":"Tillbeh\u00f6r Kapsling | MBI \u00e4r utvecklade f\u00f6r att komplettera och anpassa installationer inom industri och automation. Sortimentet inneh\u00e5ller komponenter som underl\u00e4ttar montage, integration och praktisk anv\u00e4ndning av MBI-kapslingar i olika applikationer.  Tillbeh\u00f6ren \u00e4r konstruerade f\u00f6r att passa MBI-serien och bidra till en s\u00e4ker, stabil och funktionell kapslingsl\u00f6sning.  F\u00f6rdelar med MBI-tillbeh\u00f6r   Anpassade f\u00f6r MBI-kapslingar  Enkel och effektiv installation  Robust utf\u00f6rande f\u00f6r industrimilj\u00f6er  Flexibel anpassning efter applikation  F\u00f6renklar service och komplettering","og_url":"https:\/\/c-profil.se\/english\/product\/enclosure-accessories\/","og_site_name":"C-Pro","article_publisher":"https:\/\/www.facebook.com\/people\/C-Pro\/61561767306874\/","article_modified_time":"2026-05-11T07:47:07+00:00","og_image":[{"width":1000,"height":1000,"url":"https:\/\/c-profil.se\/wp-content\/uploads\/2026\/04\/Montageplat-MBI.jpg","type":"image\/jpeg"}],"twitter_card":"summary_large_image","twitter_misc":{"Price":"","Availability":"In stock"},"schema":{"@context":"https:\/\/schema.org","@graph":[{"@type":"WebPage","@id":"https:\/\/c-profil.se\/produkt\/tillbehor-kapsling-mbi\/","url":"https:\/\/c-profil.se\/produkt\/tillbehor-kapsling-mbi\/","name":"Accessories Enclosure | MBI - C-Pro","isPartOf":{"@id":"https:\/\/c-profil.se\/#website"},"primaryImageOfPage":{"@id":"https:\/\/c-profil.se\/produkt\/tillbehor-kapsling-mbi\/#primaryimage"},"image":{"@id":"https:\/\/c-profil.se\/produkt\/tillbehor-kapsling-mbi\/#primaryimage"},"thumbnailUrl":"https:\/\/c-profil.se\/wp-content\/uploads\/2026\/04\/Montageplat-MBI.jpg","datePublished":"2026-04-21T12:44:14+00:00","dateModified":"2026-05-11T07:47:07+00:00","description":"Accessories Enclosure | MBI are developed to complement and customize installations in industry and automation. The range includes components that facilitate assembly, integration, and practical use of MBI enclosures in various applications. The accessories are designed to fit the MBI series and contribute to a safe, stable, and functional enclosure solution. Benefits of MBI accessories Customized for MBI enclosures Simple and efficient installation Robust design for industrial environments Flexible customization according to application Simplifies service and completion","breadcrumb":{"@id":"https:\/\/c-profil.se\/produkt\/tillbehor-kapsling-mbi\/#breadcrumb"},"inLanguage":"en","potentialAction":[{"@type":"ReadAction","target":["https:\/\/c-profil.se\/produkt\/tillbehor-kapsling-mbi\/"]}]},{"@type":"ImageObject","inLanguage":"en","@id":"https:\/\/c-profil.se\/produkt\/tillbehor-kapsling-mbi\/#primaryimage","url":"https:\/\/c-profil.se\/wp-content\/uploads\/2026\/04\/Montageplat-MBI.jpg","contentUrl":"https:\/\/c-profil.se\/wp-content\/uploads\/2026\/04\/Montageplat-MBI.jpg","width":1000,"height":1000,"caption":"Montagepl\u00e5t MBI"},{"@type":"BreadcrumbList","@id":"https:\/\/c-profil.se\/produkt\/tillbehor-kapsling-mbi\/#breadcrumb","itemListElement":[{"@type":"ListItem","position":1,"name":"Hem","item":"https:\/\/c-profil.se\/"},{"@type":"ListItem","position":2,"name":"Produkter","item":"https:\/\/c-profil.se\/produkter\/"},{"@type":"ListItem","position":3,"name":"Kapslingar i plast","item":"https:\/\/c-profil.se\/produkt-kategori\/kapslingar-i-plast\/"},{"@type":"ListItem","position":4,"name":"Kapsling MBI","item":"https:\/\/c-profil.se\/produkt-kategori\/kapslingar-i-plast\/kapsling-mbi\/"},{"@type":"ListItem","position":5,"name":"Tillbeh\u00f6r Kapsling | MBI"}]},{"@type":"WebSite","@id":"https:\/\/c-profil.se\/#website","url":"https:\/\/c-profil.se\/","name":"C-Pro","description":"Products for Electricity and Automation","publisher":{"@id":"https:\/\/c-profil.se\/#organization"},"potentialAction":[{"@type":"SearchAction","target":{"@type":"EntryPoint","urlTemplate":"https:\/\/c-profil.se\/?s={search_term_string}"},"query-input":{"@type":"PropertyValueSpecification","valueRequired":true,"valueName":"search_term_string"}}],"inLanguage":"en"},{"@type":"Organization","@id":"https:\/\/c-profil.se\/#organization","name":"C-Pro","alternateName":"C-PRO","url":"https:\/\/c-profil.se\/","logo":{"@type":"ImageObject","inLanguage":"en","@id":"https:\/\/c-profil.se\/#\/schema\/logo\/image\/","url":"https:\/\/c-profil.se\/wp-content\/uploads\/2022\/03\/c-pro-logga-liggande-500x500-1.png","contentUrl":"https:\/\/c-profil.se\/wp-content\/uploads\/2022\/03\/c-pro-logga-liggande-500x500-1.png","width":500,"height":500,"caption":"C-Pro"},"image":{"@id":"https:\/\/c-profil.se\/#\/schema\/logo\/image\/"},"sameAs":["https:\/\/www.facebook.com\/people\/C-Pro\/61561767306874\/","https:\/\/www.linkedin.com\/company\/c-pro-ab","https:\/\/www.instagram.com\/cpro.ab\/"],"description":"C-PRO AB is a comprehensive supplier of materials for applications in electricity and automation. Ever since the start in 1987, we have supplied the Swedish manufacturing industry with electrical materials. Despite our size and leading position, we have never abandoned our basic philosophy, to be a personal supplier. We at C-PRO are easy to get in touch with, honest and passionate about solving our customers&#039; problems.","email":"info@c-profil.se","telephone":"031575785","legalName":"C-Profil F\u00f6rl\u00e4ggningsmaterial AB","foundingDate":"1987-01-01"}]},"product_brand":"kabelinf\u00f6ring","product_price_currency":"SEK","og_availability":"instock","product_availability":"instock","product_retailer_item_id":"Tillbeh\u00f6r Kapsling MBI","product_condition":"new"},"_links":{"self":[{"href":"https:\/\/c-profil.se\/english\/wp-json\/wp\/v2\/product\/75095","targetHints":{"allow":["GET"]}}],"collection":[{"href":"https:\/\/c-profil.se\/english\/wp-json\/wp\/v2\/product"}],"about":[{"href":"https:\/\/c-profil.se\/english\/wp-json\/wp\/v2\/types\/product"}],"version-history":[{"count":5,"href":"https:\/\/c-profil.se\/english\/wp-json\/wp\/v2\/product\/75095\/revisions"}],"predecessor-version":[{"id":75499,"href":"https:\/\/c-profil.se\/english\/wp-json\/wp\/v2\/product\/75095\/revisions\/75499"}],"wp:featuredmedia":[{"embeddable":true,"href":"https:\/\/c-profil.se\/english\/wp-json\/wp\/v2\/media\/75498"}],"wp:attachment":[{"href":"https:\/\/c-profil.se\/english\/wp-json\/wp\/v2\/media?parent=75095"}],"wp:term":[{"taxonomy":"product_brand","embeddable":true,"href":"https:\/\/c-profil.se\/english\/wp-json\/wp\/v2\/product_brand?post=75095"},{"taxonomy":"product_cat","embeddable":true,"href":"https:\/\/c-profil.se\/english\/wp-json\/wp\/v2\/product_cat?post=75095"},{"taxonomy":"product_tag","embeddable":true,"href":"https:\/\/c-profil.se\/english\/wp-json\/wp\/v2\/product_tag?post=75095"}],"curies":[{"name":"wp","href":"https:\/\/api.w.org\/{rel}","templated":true}]}}