{"id":75083,"date":"2026-04-21T12:22:51","date_gmt":"2026-04-21T11:22:51","guid":{"rendered":"https:\/\/c-profil.se\/?post_type=product&#038;p=75083"},"modified":"2026-05-08T13:26:22","modified_gmt":"2026-05-08T12:26:22","slug":"enclosure-accessories-mbx","status":"publish","type":"product","link":"https:\/\/c-profil.se\/english\/produkt\/tillbehor-kapsling-mbx\/","title":{"rendered":"Accessories Enclosure | MBX"},"content":{"rendered":"<p>Accessories Enclosure | MBX simplifies assembly, installation, and customization. The assortment includes components for secure and flexible integration into control cabinets and industrial environments.<\/p>","protected":false},"excerpt":{"rendered":"<p><strong>Accessories Enclosure | MBX<\/strong> are developed to simplify the installation, completion, and customization of control cabinets in industrial environments. The range includes components that support both mechanical mounting and practical integration of equipment and cable management.<\/p>\n<p>The accessories are adapted for MBX enclosures and help to create a safe, functional, and professional installation.<\/p>\n<p><strong>Benefits of MBX accessories<\/strong><\/p>\n<ul>\n<li>Customized for MBX enclosure systems<\/li>\n<li>Easy and quick assembly<\/li>\n<li>Robust construction for industrial environments<\/li>\n<li>Flexible integration of components<\/li>\n<li>Efficient installation and service<\/li>\n<\/ul>","protected":false},"featured_media":75492,"template":"","meta":{"_acf_changed":false},"product_brand":[743],"product_cat":[599],"product_tag":[938,990,982],"class_list":{"0":"post-75083","1":"product","2":"type-product","3":"status-publish","4":"has-post-thumbnail","6":"product_brand-multi-box","7":"product_cat-kapsling-mbx","8":"product_tag-kabelinforing","9":"product_tag-kapsling","10":"product_tag-panelmontage","12":"first","13":"instock","14":"shipping-taxable","15":"product-type-simple"},"acf":[],"yoast_head":"<!-- This site is optimized with the Yoast SEO Premium plugin v27.5 (Yoast SEO v27.5) - https:\/\/yoast.com\/product\/yoast-seo-premium-wordpress\/ -->\n<title>Tillbeh\u00f6r Kapsling | MBX - C-Pro<\/title>\n<meta name=\"description\" content=\"Tillbeh\u00f6r Kapsling | MBX \u00e4r utvecklade f\u00f6r att f\u00f6renkla installation, komplettering och anpassning av apparatsk\u00e5p i industriella milj\u00f6er. Sortimentet inneh\u00e5ller komponenter som st\u00f6djer b\u00e5de mekanisk montering och praktisk integration av utrustning och kabelhantering.  Tillbeh\u00f6ren \u00e4r anpassade f\u00f6r MBX-kapslingar och hj\u00e4lper till att skapa en s\u00e4ker, funktionell och professionell installation.  F\u00f6rdelar med MBX-tillbeh\u00f6r   Anpassade f\u00f6r MBX-kapslingssystem  Enkel och snabb montering  Robust konstruktion f\u00f6r industrimilj\u00f6  Flexibel integration av komponenter  Effektiv installation och service\" \/>\n<meta name=\"robots\" content=\"index, follow, max-snippet:-1, max-image-preview:large, max-video-preview:-1\" \/>\n<link rel=\"canonical\" href=\"https:\/\/c-profil.se\/english\/product\/enclosure-accessories-mbx\/\" \/>\n<meta property=\"og:locale\" content=\"en_US\" \/>\n<meta property=\"og:type\" content=\"article\" \/>\n<meta property=\"og:title\" content=\"Tillbeh\u00f6r Kapsling | MBX - C-Pro\" \/>\n<meta property=\"og:description\" content=\"Tillbeh\u00f6r Kapsling | MBX \u00e4r utvecklade f\u00f6r att f\u00f6renkla installation, komplettering och anpassning av apparatsk\u00e5p i industriella milj\u00f6er. Sortimentet inneh\u00e5ller komponenter som st\u00f6djer b\u00e5de mekanisk montering och praktisk integration av utrustning och kabelhantering.  Tillbeh\u00f6ren \u00e4r anpassade f\u00f6r MBX-kapslingar och hj\u00e4lper till att skapa en s\u00e4ker, funktionell och professionell installation.  F\u00f6rdelar med MBX-tillbeh\u00f6r   Anpassade f\u00f6r MBX-kapslingssystem  Enkel och snabb montering  Robust konstruktion f\u00f6r industrimilj\u00f6  Flexibel integration av komponenter  Effektiv installation och service\" \/>\n<meta property=\"og:url\" content=\"https:\/\/c-profil.se\/english\/product\/enclosure-accessories-mbx\/\" \/>\n<meta property=\"og:site_name\" content=\"C-Pro\" \/>\n<meta property=\"article:publisher\" content=\"https:\/\/www.facebook.com\/people\/C-Pro\/61561767306874\/\" \/>\n<meta property=\"article:modified_time\" content=\"2026-05-08T12:26:22+00:00\" \/>\n<meta property=\"og:image\" content=\"https:\/\/c-profil.se\/wp-content\/uploads\/2026\/04\/Montageplat-MBX.jpg\" \/>\n\t<meta property=\"og:image:width\" content=\"1000\" \/>\n\t<meta property=\"og:image:height\" content=\"1000\" \/>\n\t<meta property=\"og:image:type\" content=\"image\/jpeg\" \/>\n<meta name=\"twitter:card\" content=\"summary_large_image\" \/>\n<meta name=\"twitter:label1\" content=\"Price\" \/>\n\t<meta name=\"twitter:data1\" content=\"\" \/>\n\t<meta name=\"twitter:label2\" content=\"Availability\" \/>\n\t<meta name=\"twitter:data2\" content=\"In stock\" \/>\n<script type=\"application\/ld+json\" class=\"yoast-schema-graph\">{\"@context\":\"https:\\\/\\\/schema.org\",\"@graph\":[{\"@type\":\"WebPage\",\"@id\":\"https:\\\/\\\/c-profil.se\\\/produkt\\\/tillbehor-kapsling-mbx\\\/\",\"url\":\"https:\\\/\\\/c-profil.se\\\/produkt\\\/tillbehor-kapsling-mbx\\\/\",\"name\":\"Tillbeh\u00f6r Kapsling | MBX - C-Pro\",\"isPartOf\":{\"@id\":\"https:\\\/\\\/c-profil.se\\\/#website\"},\"primaryImageOfPage\":{\"@id\":\"https:\\\/\\\/c-profil.se\\\/produkt\\\/tillbehor-kapsling-mbx\\\/#primaryimage\"},\"image\":{\"@id\":\"https:\\\/\\\/c-profil.se\\\/produkt\\\/tillbehor-kapsling-mbx\\\/#primaryimage\"},\"thumbnailUrl\":\"https:\\\/\\\/c-profil.se\\\/wp-content\\\/uploads\\\/2026\\\/04\\\/Montageplat-MBX.jpg\",\"datePublished\":\"2026-04-21T11:22:51+00:00\",\"dateModified\":\"2026-05-08T12:26:22+00:00\",\"description\":\"Tillbeh\u00f6r Kapsling | MBX \u00e4r utvecklade f\u00f6r att f\u00f6renkla installation, komplettering och anpassning av apparatsk\u00e5p i industriella milj\u00f6er. Sortimentet inneh\u00e5ller komponenter som st\u00f6djer b\u00e5de mekanisk montering och praktisk integration av utrustning och kabelhantering. Tillbeh\u00f6ren \u00e4r anpassade f\u00f6r MBX-kapslingar och hj\u00e4lper till att skapa en s\u00e4ker, funktionell och professionell installation. F\u00f6rdelar med MBX-tillbeh\u00f6r Anpassade f\u00f6r MBX-kapslingssystem Enkel och snabb montering Robust konstruktion f\u00f6r industrimilj\u00f6 Flexibel integration av komponenter Effektiv installation och service\",\"breadcrumb\":{\"@id\":\"https:\\\/\\\/c-profil.se\\\/produkt\\\/tillbehor-kapsling-mbx\\\/#breadcrumb\"},\"inLanguage\":\"en\",\"potentialAction\":[{\"@type\":\"ReadAction\",\"target\":[\"https:\\\/\\\/c-profil.se\\\/produkt\\\/tillbehor-kapsling-mbx\\\/\"]}]},{\"@type\":\"ImageObject\",\"inLanguage\":\"en\",\"@id\":\"https:\\\/\\\/c-profil.se\\\/produkt\\\/tillbehor-kapsling-mbx\\\/#primaryimage\",\"url\":\"https:\\\/\\\/c-profil.se\\\/wp-content\\\/uploads\\\/2026\\\/04\\\/Montageplat-MBX.jpg\",\"contentUrl\":\"https:\\\/\\\/c-profil.se\\\/wp-content\\\/uploads\\\/2026\\\/04\\\/Montageplat-MBX.jpg\",\"width\":1000,\"height\":1000,\"caption\":\"Montagepl\u00e5t MBX\"},{\"@type\":\"BreadcrumbList\",\"@id\":\"https:\\\/\\\/c-profil.se\\\/produkt\\\/tillbehor-kapsling-mbx\\\/#breadcrumb\",\"itemListElement\":[{\"@type\":\"ListItem\",\"position\":1,\"name\":\"Hem\",\"item\":\"https:\\\/\\\/c-profil.se\\\/\"},{\"@type\":\"ListItem\",\"position\":2,\"name\":\"Produkter\",\"item\":\"https:\\\/\\\/c-profil.se\\\/produkter\\\/\"},{\"@type\":\"ListItem\",\"position\":3,\"name\":\"Kapslingar i plast\",\"item\":\"https:\\\/\\\/c-profil.se\\\/produkt-kategori\\\/kapslingar-i-plast\\\/\"},{\"@type\":\"ListItem\",\"position\":4,\"name\":\"Kapsling MBX\",\"item\":\"https:\\\/\\\/c-profil.se\\\/produkt-kategori\\\/kapslingar-i-plast\\\/kapsling-mbx\\\/\"},{\"@type\":\"ListItem\",\"position\":5,\"name\":\"Tillbeh\u00f6r Kapsling | MBX\"}]},{\"@type\":\"WebSite\",\"@id\":\"https:\\\/\\\/c-profil.se\\\/#website\",\"url\":\"https:\\\/\\\/c-profil.se\\\/\",\"name\":\"C-Pro\",\"description\":\"Produkter f\u00f6r El och Automation\",\"publisher\":{\"@id\":\"https:\\\/\\\/c-profil.se\\\/#organization\"},\"potentialAction\":[{\"@type\":\"SearchAction\",\"target\":{\"@type\":\"EntryPoint\",\"urlTemplate\":\"https:\\\/\\\/c-profil.se\\\/?s={search_term_string}\"},\"query-input\":{\"@type\":\"PropertyValueSpecification\",\"valueRequired\":true,\"valueName\":\"search_term_string\"}}],\"inLanguage\":\"en\"},{\"@type\":\"Organization\",\"@id\":\"https:\\\/\\\/c-profil.se\\\/#organization\",\"name\":\"C-Pro\",\"alternateName\":\"C-PRO\",\"url\":\"https:\\\/\\\/c-profil.se\\\/\",\"logo\":{\"@type\":\"ImageObject\",\"inLanguage\":\"en\",\"@id\":\"https:\\\/\\\/c-profil.se\\\/#\\\/schema\\\/logo\\\/image\\\/\",\"url\":\"https:\\\/\\\/c-profil.se\\\/wp-content\\\/uploads\\\/2022\\\/03\\\/c-pro-logga-liggande-500x500-1.png\",\"contentUrl\":\"https:\\\/\\\/c-profil.se\\\/wp-content\\\/uploads\\\/2022\\\/03\\\/c-pro-logga-liggande-500x500-1.png\",\"width\":500,\"height\":500,\"caption\":\"C-Pro\"},\"image\":{\"@id\":\"https:\\\/\\\/c-profil.se\\\/#\\\/schema\\\/logo\\\/image\\\/\"},\"sameAs\":[\"https:\\\/\\\/www.facebook.com\\\/people\\\/C-Pro\\\/61561767306874\\\/\",\"https:\\\/\\\/www.linkedin.com\\\/company\\\/c-pro-ab\",\"https:\\\/\\\/www.instagram.com\\\/cpro.ab\\\/\"],\"description\":\"C-PRO AB \u00e4r en helt\u00e4ckande leverant\u00f6r av material f\u00f6r applikationer inom el och automation. \u00c4nda sedan starten 1987 har vi f\u00f6rsett den svenska tillverkande industrin med elmaterial. Trots v\u00e5r storlek och ledande position har vi aldrig \u00f6vergett v\u00e5r grundfilosofi, att vara en personlig leverant\u00f6r. Vi p\u00e5 C-PRO \u00e4r l\u00e4tta att komma i kontakt med, \u00e4rliga och brinner f\u00f6r att l\u00f6sa v\u00e5ra kunders problem.\",\"email\":\"info@c-profil.se\",\"telephone\":\"031575785\",\"legalName\":\"C-Profil F\u00f6rl\u00e4ggningsmaterial AB\",\"foundingDate\":\"1987-01-01\"}]}<\/script>\n<meta property=\"product:brand\" content=\"kabelinf\u00f6ring\" \/>\n<meta property=\"product:price:currency\" content=\"SEK\" \/>\n<meta property=\"og:availability\" content=\"instock\" \/>\n<meta property=\"product:availability\" content=\"instock\" \/>\n<meta property=\"product:retailer_item_id\" content=\"Tillbeh\u00f6r Kapsling MBX\" \/>\n<meta property=\"product:condition\" content=\"new\" \/>\n<!-- \/ Yoast SEO Premium plugin. -->","yoast_head_json":{"title":"Accessories Enclosure | MBX - C-Pro","description":"Accessories Enclosure | MBX are developed to simplify installation, completion, and customization of control cabinets in industrial environments. The range includes components that support both mechanical mounting and practical integration of equipment and cable management. The accessories are adapted for MBX enclosures and help create a safe, functional, and professional installation. Benefits of MBX accessories Adapted for MBX enclosure systems Simple and fast assembly Robust construction for industrial environments Flexible integration of components Efficient installation and service","robots":{"index":"index","follow":"follow","max-snippet":"max-snippet:-1","max-image-preview":"max-image-preview:large","max-video-preview":"max-video-preview:-1"},"canonical":"https:\/\/c-profil.se\/english\/product\/enclosure-accessories-mbx\/","og_locale":"en_US","og_type":"article","og_title":"Tillbeh\u00f6r Kapsling | MBX - C-Pro","og_description":"Tillbeh\u00f6r Kapsling | MBX \u00e4r utvecklade f\u00f6r att f\u00f6renkla installation, komplettering och anpassning av apparatsk\u00e5p i industriella milj\u00f6er. Sortimentet inneh\u00e5ller komponenter som st\u00f6djer b\u00e5de mekanisk montering och praktisk integration av utrustning och kabelhantering.  Tillbeh\u00f6ren \u00e4r anpassade f\u00f6r MBX-kapslingar och hj\u00e4lper till att skapa en s\u00e4ker, funktionell och professionell installation.  F\u00f6rdelar med MBX-tillbeh\u00f6r   Anpassade f\u00f6r MBX-kapslingssystem  Enkel och snabb montering  Robust konstruktion f\u00f6r industrimilj\u00f6  Flexibel integration av komponenter  Effektiv installation och service","og_url":"https:\/\/c-profil.se\/english\/product\/enclosure-accessories-mbx\/","og_site_name":"C-Pro","article_publisher":"https:\/\/www.facebook.com\/people\/C-Pro\/61561767306874\/","article_modified_time":"2026-05-08T12:26:22+00:00","og_image":[{"width":1000,"height":1000,"url":"https:\/\/c-profil.se\/wp-content\/uploads\/2026\/04\/Montageplat-MBX.jpg","type":"image\/jpeg"}],"twitter_card":"summary_large_image","twitter_misc":{"Price":"","Availability":"In stock"},"schema":{"@context":"https:\/\/schema.org","@graph":[{"@type":"WebPage","@id":"https:\/\/c-profil.se\/produkt\/tillbehor-kapsling-mbx\/","url":"https:\/\/c-profil.se\/produkt\/tillbehor-kapsling-mbx\/","name":"Accessories Enclosure | MBX - C-Pro","isPartOf":{"@id":"https:\/\/c-profil.se\/#website"},"primaryImageOfPage":{"@id":"https:\/\/c-profil.se\/produkt\/tillbehor-kapsling-mbx\/#primaryimage"},"image":{"@id":"https:\/\/c-profil.se\/produkt\/tillbehor-kapsling-mbx\/#primaryimage"},"thumbnailUrl":"https:\/\/c-profil.se\/wp-content\/uploads\/2026\/04\/Montageplat-MBX.jpg","datePublished":"2026-04-21T11:22:51+00:00","dateModified":"2026-05-08T12:26:22+00:00","description":"Accessories Enclosure | MBX are developed to simplify installation, completion, and customization of control cabinets in industrial environments. The range includes components that support both mechanical mounting and practical integration of equipment and cable management. The accessories are adapted for MBX enclosures and help create a safe, functional, and professional installation. Benefits of MBX Accessories Adapted for MBX Enclosure Systems Simple and fast assembly Robust construction for industrial environments Flexible integration of components Efficient installation and service","breadcrumb":{"@id":"https:\/\/c-profil.se\/produkt\/tillbehor-kapsling-mbx\/#breadcrumb"},"inLanguage":"en","potentialAction":[{"@type":"ReadAction","target":["https:\/\/c-profil.se\/produkt\/tillbehor-kapsling-mbx\/"]}]},{"@type":"ImageObject","inLanguage":"en","@id":"https:\/\/c-profil.se\/produkt\/tillbehor-kapsling-mbx\/#primaryimage","url":"https:\/\/c-profil.se\/wp-content\/uploads\/2026\/04\/Montageplat-MBX.jpg","contentUrl":"https:\/\/c-profil.se\/wp-content\/uploads\/2026\/04\/Montageplat-MBX.jpg","width":1000,"height":1000,"caption":"Montagepl\u00e5t MBX"},{"@type":"BreadcrumbList","@id":"https:\/\/c-profil.se\/produkt\/tillbehor-kapsling-mbx\/#breadcrumb","itemListElement":[{"@type":"ListItem","position":1,"name":"Hem","item":"https:\/\/c-profil.se\/"},{"@type":"ListItem","position":2,"name":"Produkter","item":"https:\/\/c-profil.se\/produkter\/"},{"@type":"ListItem","position":3,"name":"Kapslingar i plast","item":"https:\/\/c-profil.se\/produkt-kategori\/kapslingar-i-plast\/"},{"@type":"ListItem","position":4,"name":"Kapsling MBX","item":"https:\/\/c-profil.se\/produkt-kategori\/kapslingar-i-plast\/kapsling-mbx\/"},{"@type":"ListItem","position":5,"name":"Tillbeh\u00f6r Kapsling | MBX"}]},{"@type":"WebSite","@id":"https:\/\/c-profil.se\/#website","url":"https:\/\/c-profil.se\/","name":"C-Pro","description":"Products for Electricity and Automation","publisher":{"@id":"https:\/\/c-profil.se\/#organization"},"potentialAction":[{"@type":"SearchAction","target":{"@type":"EntryPoint","urlTemplate":"https:\/\/c-profil.se\/?s={search_term_string}"},"query-input":{"@type":"PropertyValueSpecification","valueRequired":true,"valueName":"search_term_string"}}],"inLanguage":"en"},{"@type":"Organization","@id":"https:\/\/c-profil.se\/#organization","name":"C-Pro","alternateName":"C-PRO","url":"https:\/\/c-profil.se\/","logo":{"@type":"ImageObject","inLanguage":"en","@id":"https:\/\/c-profil.se\/#\/schema\/logo\/image\/","url":"https:\/\/c-profil.se\/wp-content\/uploads\/2022\/03\/c-pro-logga-liggande-500x500-1.png","contentUrl":"https:\/\/c-profil.se\/wp-content\/uploads\/2022\/03\/c-pro-logga-liggande-500x500-1.png","width":500,"height":500,"caption":"C-Pro"},"image":{"@id":"https:\/\/c-profil.se\/#\/schema\/logo\/image\/"},"sameAs":["https:\/\/www.facebook.com\/people\/C-Pro\/61561767306874\/","https:\/\/www.linkedin.com\/company\/c-pro-ab","https:\/\/www.instagram.com\/cpro.ab\/"],"description":"C-PRO AB is a comprehensive supplier of materials for applications in electricity and automation. Ever since the start in 1987, we have supplied the Swedish manufacturing industry with electrical materials. Despite our size and leading position, we have never abandoned our basic philosophy, to be a personal supplier. We at C-PRO are easy to get in touch with, honest and passionate about solving our customers&#039; problems.","email":"info@c-profil.se","telephone":"031575785","legalName":"C-Profil F\u00f6rl\u00e4ggningsmaterial AB","foundingDate":"1987-01-01"}]},"product_brand":"kabelinf\u00f6ring","product_price_currency":"SEK","og_availability":"instock","product_availability":"instock","product_retailer_item_id":"Tillbeh\u00f6r Kapsling MBX","product_condition":"new"},"_links":{"self":[{"href":"https:\/\/c-profil.se\/english\/wp-json\/wp\/v2\/product\/75083","targetHints":{"allow":["GET"]}}],"collection":[{"href":"https:\/\/c-profil.se\/english\/wp-json\/wp\/v2\/product"}],"about":[{"href":"https:\/\/c-profil.se\/english\/wp-json\/wp\/v2\/types\/product"}],"version-history":[{"count":6,"href":"https:\/\/c-profil.se\/english\/wp-json\/wp\/v2\/product\/75083\/revisions"}],"predecessor-version":[{"id":75494,"href":"https:\/\/c-profil.se\/english\/wp-json\/wp\/v2\/product\/75083\/revisions\/75494"}],"wp:featuredmedia":[{"embeddable":true,"href":"https:\/\/c-profil.se\/english\/wp-json\/wp\/v2\/media\/75492"}],"wp:attachment":[{"href":"https:\/\/c-profil.se\/english\/wp-json\/wp\/v2\/media?parent=75083"}],"wp:term":[{"taxonomy":"product_brand","embeddable":true,"href":"https:\/\/c-profil.se\/english\/wp-json\/wp\/v2\/product_brand?post=75083"},{"taxonomy":"product_cat","embeddable":true,"href":"https:\/\/c-profil.se\/english\/wp-json\/wp\/v2\/product_cat?post=75083"},{"taxonomy":"product_tag","embeddable":true,"href":"https:\/\/c-profil.se\/english\/wp-json\/wp\/v2\/product_tag?post=75083"}],"curies":[{"name":"wp","href":"https:\/\/api.w.org\/{rel}","templated":true}]}}