{"id":71266,"date":"2026-02-09T10:52:00","date_gmt":"2026-02-09T09:52:00","guid":{"rendered":"https:\/\/c-profil.se\/?post_type=product&#038;p=71266"},"modified":"2026-03-18T15:12:56","modified_gmt":"2026-03-18T14:12:56","slug":"industrial-fixed-ethernet-switch-ie-008i00c","status":"publish","type":"product","link":"https:\/\/c-profil.se\/english\/produkt\/industriell-fast-ethernet-switch-dvs-008i00c\/","title":{"rendered":"Industrial Fast Ethernet Switch | DVS-008I00C"},"content":{"rendered":"<p><strong>Delta DVS-008I00C is a compact industrial 8-port Ethernet switch for stable and secure network communication in automation environments<\/strong> with 1.6 Gbps switching capacity and support for leading industry protocols.<br \/>\nIt is built for DIN rail or wall mounting, operates on 12\u201324 V DC and can withstand operating temperatures from \u201310 \u00b0C to +60 \u00b0C in demanding industrial environments.<\/p>","protected":false},"excerpt":{"rendered":"<p>Delta DVS-008I00C is an industrial Ethernet switch with <strong>8 \u00d7 10\/100Base-T(X) ports<\/strong> in a compact IP40 housing for DIN rail or wall mounting. The switch offers <strong>1.6 Gbps switching capacity<\/strong>, transparent VLAN support and support for common automation protocols such as EtherNet\/IP, PROFINET, CC-Link IE and DNP-3.0. This makes the switch suitable for robust network communication in automation and industrial environments. It is powered by <strong>12\u201324V<\/strong> DC and is designed for stable operation in temperatures from \u201310 \u00b0C to +60 \u00b0C.<\/p>\n<p><strong>Network and ports<\/strong><\/p>\n<ul>\n<li>Number of ports: 8 \u00d7 10\/100 Base-T(X), RJ45, auto MDI\/MDI-X, auto-negotiation<\/li>\n<\/ul>\n<p><strong>Performance<\/strong><\/p>\n<ul>\n<li>Switching capacity: 1.6 Gbps, wire-speed, non-blocking<\/li>\n<li>Forwarding speed: 1.19 Mpps<\/li>\n<li>MAC address table: 1000 addresses<\/li>\n<li>Packet buffer: 448 K bit<\/li>\n<li>Transparent transmission of VLAN tagged packets: enabled by default<\/li>\n<\/ul>\n<p><strong>Communication &amp; Protocol<\/strong><\/p>\n<ul>\n<li>Supports IEEE standards: IEEE 802.3, IEEE 802.3u, IEEE 802.3x flow control<\/li>\n<\/ul>\n<p><strong>Power Supplies &amp; IIoT<\/strong><\/p>\n<ul>\n<li>Input voltage: 12\u201324 V DC<\/li>\n<li>Input current: Max 0.12 A<\/li>\n<li>Overload and reverse polarity protection: Yes<\/li>\n<\/ul>\n<p><strong>Physical &amp; environment<\/strong><\/p>\n<ul>\n<li>Protection class: IP40<\/li>\n<li>Housing: Plastic\u2020<\/li>\n<li>Installation method: DIN rail and wall mounting<\/li>\n<li>Dimensions (H\u00d7W\u00d7D): approx. 109.1 \u00d7 38 \u00d7 88.3 mm<\/li>\n<li>Weight: approx. 151.5 g<\/li>\n<li>Operating temperature: \u201310\u00b0C to +60\u00b0C<\/li>\n<li>Storage temperature: \u201340\u00b0C to +85\u00b0C<\/li>\n<li>Relative humidity (non-condensing): 5 % to 95 %<\/li>\n<\/ul>\n<p><strong>Approvals<\/strong><\/p>\n<ul>\n<li>CE, FCC, UL standards as well as industrial EMC\/EMS test requirements (ESD, RS, EFT, Surge, CS, PFMF) according to relevant IEC\/EN standards.<\/li>\n<\/ul>","protected":false},"featured_media":71267,"template":"","meta":{"_acf_changed":false},"product_brand":[736],"product_cat":[573],"product_tag":[988,977],"class_list":{"0":"post-71266","1":"product","2":"type-product","3":"status-publish","4":"has-post-thumbnail","6":"product_brand-delta-electronics","7":"product_cat-ethernet-switchar","8":"product_tag-fjarratkomst","9":"product_tag-industriellt-natverk","11":"first","12":"instock","13":"shipping-taxable","14":"product-type-simple"},"acf":[],"yoast_head":"<!-- This site is optimized with the Yoast SEO Premium plugin v27.4 (Yoast SEO v27.4) - https:\/\/yoast.com\/product\/yoast-seo-premium-wordpress\/ -->\n<title>Industriell Fast Ethernet-switch | DVS-008I00C - C-Pro<\/title>\n<meta name=\"description\" content=\"Uppt\u00e4ck kraften hos v\u00e5r Ethernet-switch med 8 portar och 1.6 Gbps kapacitet. Perfekt f\u00f6r industriella l\u00f6sningar, best\u00e4ll din nu!\" \/>\n<meta name=\"robots\" content=\"index, follow, max-snippet:-1, max-image-preview:large, max-video-preview:-1\" \/>\n<link rel=\"canonical\" href=\"https:\/\/c-profil.se\/english\/product\/industrial-fixed-ethernet-switch-ie-008i00c\/\" \/>\n<meta property=\"og:locale\" content=\"en_US\" \/>\n<meta property=\"og:type\" content=\"article\" \/>\n<meta property=\"og:title\" content=\"Industriell Fast Ethernet-switch | DVS-008I00C - C-Pro\" \/>\n<meta property=\"og:description\" content=\"Delta DVS-008I00C \u00e4r en industriell Ethernet-switch med 8 \u00d7 10\/100Base-T(X)-portar i kompakt IP40-h\u00f6lje f\u00f6r DIN-skena eller v\u00e4ggmontage. Switchen erbjuder 1,6 Gbps switching-kapacitet, transparent VLAN-st\u00f6d och st\u00f6d f\u00f6r vanliga automationsprotokoll som EtherNet\/IP, PROFINET, CC-Link IE och DNP-3.0. Detta g\u00f6r switchen l\u00e4mplig f\u00f6r robust n\u00e4tverkskommunikation i automations- och industrimilj\u00f6er. Den drivs med 12\u201324 V DC och \u00e4r konstruerad f\u00f6r stabil drift i temperaturer fr\u00e5n \u201310 \u00b0C till +60 \u00b0C. N\u00e4tverk och portar  Antal portar: 8 \u00d7 10\/100 Base-T(X), RJ45, auto MDI\/MDI-X, auto-f\u00f6rhandling Prestanda  Switching-kapacitet: 1.6 Gbps, tr\u00e5dbunden hastighet, icke-blockerande  Vidarebefordringshastighet: 1.19 Mpps  MAC-adress-tabell: 1 000 adresser  Paketbuffert: 448 K bit  Transparent \u00f6verf\u00f6ring av VLAN-taggade paket: aktiverat som standard Kommunikation &amp; Protokoll  St\u00f6der IEEE-standarder: IEEE 802.3, IEEE 802.3u, IEEE 802.3x fl\u00f6deskontroll Str\u00f6mf\u00f6rs\u00f6rjning  Ing\u00e5ngssp\u00e4nning: 12\u201324 V DC  Ing\u00e5ngsstr\u00f6m: Max 0.12 A  Skydd mot \u00f6verbelastning och omv\u00e4nd polaritet: Ja Fysisk &amp; milj\u00f6  Skyddsklass: IP40  H\u00f6lje: Plast\u2020  Installationsmetod: DIN-skena och v\u00e4ggmontage  M\u00e5tt (H\u00d7B\u00d7D): ca 109.1 \u00d7 38 \u00d7 88.3 mm  Vikt: ca 151.5 g  Driftstemperatur: \u201310 \u00b0C till +60 \u00b0C  F\u00f6rvaringstemperatur: \u201340 \u00b0C till +85 \u00b0C  Relativ luftfuktighet (icke kondenserande): 5 % till 95 % Godk\u00e4nnanden  CE, FCC, UL-standarder samt industriella EMC\/EMS-testkrav (ESD, RS, EFT, Surge, CS, PFMF) enligt relevanta IEC\/EN-normer.\" \/>\n<meta property=\"og:url\" content=\"https:\/\/c-profil.se\/english\/product\/industrial-fixed-ethernet-switch-ie-008i00c\/\" \/>\n<meta property=\"og:site_name\" content=\"C-Pro\" \/>\n<meta property=\"article:publisher\" content=\"https:\/\/www.facebook.com\/people\/C-Pro\/61561767306874\/\" \/>\n<meta property=\"article:modified_time\" content=\"2026-03-18T14:12:56+00:00\" \/>\n<meta property=\"og:image\" content=\"https:\/\/c-profil.se\/wp-content\/uploads\/2026\/02\/Industriell-Fast-Ethernet-switch-DVS-008I00C.jpg\" \/>\n\t<meta property=\"og:image:width\" content=\"1000\" \/>\n\t<meta property=\"og:image:height\" content=\"1000\" \/>\n\t<meta property=\"og:image:type\" content=\"image\/jpeg\" \/>\n<meta name=\"twitter:card\" content=\"summary_large_image\" \/>\n<meta name=\"twitter:label1\" content=\"Price\" \/>\n\t<meta name=\"twitter:data1\" content=\"\" \/>\n\t<meta name=\"twitter:label2\" content=\"Availability\" \/>\n\t<meta name=\"twitter:data2\" content=\"In stock\" \/>\n<script type=\"application\/ld+json\" class=\"yoast-schema-graph\">{\"@context\":\"https:\\\/\\\/schema.org\",\"@graph\":[{\"@type\":\"WebPage\",\"@id\":\"https:\\\/\\\/c-profil.se\\\/produkt\\\/industriell-fast-ethernet-switch-dvs-008i00c\\\/\",\"url\":\"https:\\\/\\\/c-profil.se\\\/produkt\\\/industriell-fast-ethernet-switch-dvs-008i00c\\\/\",\"name\":\"Industriell Fast Ethernet-switch | DVS-008I00C - C-Pro\",\"isPartOf\":{\"@id\":\"https:\\\/\\\/c-profil.se\\\/#website\"},\"primaryImageOfPage\":{\"@id\":\"https:\\\/\\\/c-profil.se\\\/produkt\\\/industriell-fast-ethernet-switch-dvs-008i00c\\\/#primaryimage\"},\"image\":{\"@id\":\"https:\\\/\\\/c-profil.se\\\/produkt\\\/industriell-fast-ethernet-switch-dvs-008i00c\\\/#primaryimage\"},\"thumbnailUrl\":\"https:\\\/\\\/c-profil.se\\\/wp-content\\\/uploads\\\/2026\\\/02\\\/Industriell-Fast-Ethernet-switch-DVS-008I00C.jpg\",\"datePublished\":\"2026-02-09T09:52:00+00:00\",\"dateModified\":\"2026-03-18T14:12:56+00:00\",\"description\":\"Uppt\u00e4ck kraften hos v\u00e5r Ethernet-switch med 8 portar och 1.6 Gbps kapacitet. Perfekt f\u00f6r industriella l\u00f6sningar, best\u00e4ll din nu!\",\"breadcrumb\":{\"@id\":\"https:\\\/\\\/c-profil.se\\\/produkt\\\/industriell-fast-ethernet-switch-dvs-008i00c\\\/#breadcrumb\"},\"inLanguage\":\"en\",\"potentialAction\":[{\"@type\":\"ReadAction\",\"target\":[\"https:\\\/\\\/c-profil.se\\\/produkt\\\/industriell-fast-ethernet-switch-dvs-008i00c\\\/\"]}]},{\"@type\":\"ImageObject\",\"inLanguage\":\"en\",\"@id\":\"https:\\\/\\\/c-profil.se\\\/produkt\\\/industriell-fast-ethernet-switch-dvs-008i00c\\\/#primaryimage\",\"url\":\"https:\\\/\\\/c-profil.se\\\/wp-content\\\/uploads\\\/2026\\\/02\\\/Industriell-Fast-Ethernet-switch-DVS-008I00C.jpg\",\"contentUrl\":\"https:\\\/\\\/c-profil.se\\\/wp-content\\\/uploads\\\/2026\\\/02\\\/Industriell-Fast-Ethernet-switch-DVS-008I00C.jpg\",\"width\":1000,\"height\":1000,\"caption\":\"Industriell Fast Ethernet-switch DVS-008I00C\"},{\"@type\":\"BreadcrumbList\",\"@id\":\"https:\\\/\\\/c-profil.se\\\/produkt\\\/industriell-fast-ethernet-switch-dvs-008i00c\\\/#breadcrumb\",\"itemListElement\":[{\"@type\":\"ListItem\",\"position\":1,\"name\":\"Hem\",\"item\":\"https:\\\/\\\/c-profil.se\\\/\"},{\"@type\":\"ListItem\",\"position\":2,\"name\":\"Produkter\",\"item\":\"https:\\\/\\\/c-profil.se\\\/produkter\\\/\"},{\"@type\":\"ListItem\",\"position\":3,\"name\":\"Ethernet Switchar\",\"item\":\"https:\\\/\\\/c-profil.se\\\/produkt-kategori\\\/ethernet-switchar\\\/\"},{\"@type\":\"ListItem\",\"position\":4,\"name\":\"Industriell Fast Ethernet-switch | DVS-008I00C\"}]},{\"@type\":\"WebSite\",\"@id\":\"https:\\\/\\\/c-profil.se\\\/#website\",\"url\":\"https:\\\/\\\/c-profil.se\\\/\",\"name\":\"C-Pro\",\"description\":\"Produkter f\u00f6r El och Automation\",\"publisher\":{\"@id\":\"https:\\\/\\\/c-profil.se\\\/#organization\"},\"potentialAction\":[{\"@type\":\"SearchAction\",\"target\":{\"@type\":\"EntryPoint\",\"urlTemplate\":\"https:\\\/\\\/c-profil.se\\\/?s={search_term_string}\"},\"query-input\":{\"@type\":\"PropertyValueSpecification\",\"valueRequired\":true,\"valueName\":\"search_term_string\"}}],\"inLanguage\":\"en\"},{\"@type\":\"Organization\",\"@id\":\"https:\\\/\\\/c-profil.se\\\/#organization\",\"name\":\"C-Pro\",\"alternateName\":\"C-PRO\",\"url\":\"https:\\\/\\\/c-profil.se\\\/\",\"logo\":{\"@type\":\"ImageObject\",\"inLanguage\":\"en\",\"@id\":\"https:\\\/\\\/c-profil.se\\\/#\\\/schema\\\/logo\\\/image\\\/\",\"url\":\"https:\\\/\\\/c-profil.se\\\/wp-content\\\/uploads\\\/2022\\\/03\\\/c-pro-logga-liggande-500x500-1.png\",\"contentUrl\":\"https:\\\/\\\/c-profil.se\\\/wp-content\\\/uploads\\\/2022\\\/03\\\/c-pro-logga-liggande-500x500-1.png\",\"width\":500,\"height\":500,\"caption\":\"C-Pro\"},\"image\":{\"@id\":\"https:\\\/\\\/c-profil.se\\\/#\\\/schema\\\/logo\\\/image\\\/\"},\"sameAs\":[\"https:\\\/\\\/www.facebook.com\\\/people\\\/C-Pro\\\/61561767306874\\\/\",\"https:\\\/\\\/www.linkedin.com\\\/company\\\/c-pro-ab\",\"https:\\\/\\\/www.instagram.com\\\/cpro.ab\\\/\"],\"description\":\"C-PRO AB \u00e4r en helt\u00e4ckande leverant\u00f6r av material f\u00f6r applikationer inom el och automation. \u00c4nda sedan starten 1987 har vi f\u00f6rsett den svenska tillverkande industrin med elmaterial. Trots v\u00e5r storlek och ledande position har vi aldrig \u00f6vergett v\u00e5r grundfilosofi, att vara en personlig leverant\u00f6r. Vi p\u00e5 C-PRO \u00e4r l\u00e4tta att komma i kontakt med, \u00e4rliga och brinner f\u00f6r att l\u00f6sa v\u00e5ra kunders problem.\",\"email\":\"info@c-profil.se\",\"telephone\":\"031575785\",\"legalName\":\"C-Profil F\u00f6rl\u00e4ggningsmaterial AB\",\"foundingDate\":\"1987-01-01\"}]}<\/script>\n<meta property=\"product:brand\" content=\"fj\u00e4rr\u00e5tkomst\" \/>\n<meta property=\"product:price:currency\" content=\"SEK\" \/>\n<meta property=\"og:availability\" content=\"instock\" \/>\n<meta property=\"product:availability\" content=\"instock\" \/>\n<meta property=\"product:retailer_item_id\" content=\"DVS-008I00C\" \/>\n<meta property=\"product:condition\" content=\"new\" \/>\n<!-- \/ Yoast SEO Premium plugin. -->","yoast_head_json":{"title":"Industrial Fast Ethernet Switch | DVS-008I00C - C-Pro","description":"Discover the power of our 8-port Ethernet switch with 1.6 Gbps capacity. Perfect for industrial solutions, order yours now!","robots":{"index":"index","follow":"follow","max-snippet":"max-snippet:-1","max-image-preview":"max-image-preview:large","max-video-preview":"max-video-preview:-1"},"canonical":"https:\/\/c-profil.se\/english\/product\/industrial-fixed-ethernet-switch-ie-008i00c\/","og_locale":"en_US","og_type":"article","og_title":"Industriell Fast Ethernet-switch | DVS-008I00C - C-Pro","og_description":"Delta DVS-008I00C \u00e4r en industriell Ethernet-switch med 8 \u00d7 10\/100Base-T(X)-portar i kompakt IP40-h\u00f6lje f\u00f6r DIN-skena eller v\u00e4ggmontage. Switchen erbjuder 1,6 Gbps switching-kapacitet, transparent VLAN-st\u00f6d och st\u00f6d f\u00f6r vanliga automationsprotokoll som EtherNet\/IP, PROFINET, CC-Link IE och DNP-3.0. Detta g\u00f6r switchen l\u00e4mplig f\u00f6r robust n\u00e4tverkskommunikation i automations- och industrimilj\u00f6er. Den drivs med 12\u201324 V DC och \u00e4r konstruerad f\u00f6r stabil drift i temperaturer fr\u00e5n \u201310 \u00b0C till +60 \u00b0C. N\u00e4tverk och portar  Antal portar: 8 \u00d7 10\/100 Base-T(X), RJ45, auto MDI\/MDI-X, auto-f\u00f6rhandling Prestanda  Switching-kapacitet: 1.6 Gbps, tr\u00e5dbunden hastighet, icke-blockerande  Vidarebefordringshastighet: 1.19 Mpps  MAC-adress-tabell: 1 000 adresser  Paketbuffert: 448 K bit  Transparent \u00f6verf\u00f6ring av VLAN-taggade paket: aktiverat som standard Kommunikation &amp; Protokoll  St\u00f6der IEEE-standarder: IEEE 802.3, IEEE 802.3u, IEEE 802.3x fl\u00f6deskontroll Str\u00f6mf\u00f6rs\u00f6rjning  Ing\u00e5ngssp\u00e4nning: 12\u201324 V DC  Ing\u00e5ngsstr\u00f6m: Max 0.12 A  Skydd mot \u00f6verbelastning och omv\u00e4nd polaritet: Ja Fysisk &amp; milj\u00f6  Skyddsklass: IP40  H\u00f6lje: Plast\u2020  Installationsmetod: DIN-skena och v\u00e4ggmontage  M\u00e5tt (H\u00d7B\u00d7D): ca 109.1 \u00d7 38 \u00d7 88.3 mm  Vikt: ca 151.5 g  Driftstemperatur: \u201310 \u00b0C till +60 \u00b0C  F\u00f6rvaringstemperatur: \u201340 \u00b0C till +85 \u00b0C  Relativ luftfuktighet (icke kondenserande): 5 % till 95 % Godk\u00e4nnanden  CE, FCC, UL-standarder samt industriella EMC\/EMS-testkrav (ESD, RS, EFT, Surge, CS, PFMF) enligt relevanta IEC\/EN-normer.","og_url":"https:\/\/c-profil.se\/english\/product\/industrial-fixed-ethernet-switch-ie-008i00c\/","og_site_name":"C-Pro","article_publisher":"https:\/\/www.facebook.com\/people\/C-Pro\/61561767306874\/","article_modified_time":"2026-03-18T14:12:56+00:00","og_image":[{"width":1000,"height":1000,"url":"https:\/\/c-profil.se\/wp-content\/uploads\/2026\/02\/Industriell-Fast-Ethernet-switch-DVS-008I00C.jpg","type":"image\/jpeg"}],"twitter_card":"summary_large_image","twitter_misc":{"Price":"","Availability":"In stock"},"schema":{"@context":"https:\/\/schema.org","@graph":[{"@type":"WebPage","@id":"https:\/\/c-profil.se\/produkt\/industriell-fast-ethernet-switch-dvs-008i00c\/","url":"https:\/\/c-profil.se\/produkt\/industriell-fast-ethernet-switch-dvs-008i00c\/","name":"Industrial Fast Ethernet Switch | DVS-008I00C - C-Pro","isPartOf":{"@id":"https:\/\/c-profil.se\/#website"},"primaryImageOfPage":{"@id":"https:\/\/c-profil.se\/produkt\/industriell-fast-ethernet-switch-dvs-008i00c\/#primaryimage"},"image":{"@id":"https:\/\/c-profil.se\/produkt\/industriell-fast-ethernet-switch-dvs-008i00c\/#primaryimage"},"thumbnailUrl":"https:\/\/c-profil.se\/wp-content\/uploads\/2026\/02\/Industriell-Fast-Ethernet-switch-DVS-008I00C.jpg","datePublished":"2026-02-09T09:52:00+00:00","dateModified":"2026-03-18T14:12:56+00:00","description":"Discover the power of our 8-port Ethernet switch with 1.6 Gbps capacity. Perfect for industrial solutions, order yours now!","breadcrumb":{"@id":"https:\/\/c-profil.se\/produkt\/industriell-fast-ethernet-switch-dvs-008i00c\/#breadcrumb"},"inLanguage":"en","potentialAction":[{"@type":"ReadAction","target":["https:\/\/c-profil.se\/produkt\/industriell-fast-ethernet-switch-dvs-008i00c\/"]}]},{"@type":"ImageObject","inLanguage":"en","@id":"https:\/\/c-profil.se\/produkt\/industriell-fast-ethernet-switch-dvs-008i00c\/#primaryimage","url":"https:\/\/c-profil.se\/wp-content\/uploads\/2026\/02\/Industriell-Fast-Ethernet-switch-DVS-008I00C.jpg","contentUrl":"https:\/\/c-profil.se\/wp-content\/uploads\/2026\/02\/Industriell-Fast-Ethernet-switch-DVS-008I00C.jpg","width":1000,"height":1000,"caption":"Industriell Fast Ethernet-switch DVS-008I00C"},{"@type":"BreadcrumbList","@id":"https:\/\/c-profil.se\/produkt\/industriell-fast-ethernet-switch-dvs-008i00c\/#breadcrumb","itemListElement":[{"@type":"ListItem","position":1,"name":"Hem","item":"https:\/\/c-profil.se\/"},{"@type":"ListItem","position":2,"name":"Produkter","item":"https:\/\/c-profil.se\/produkter\/"},{"@type":"ListItem","position":3,"name":"Ethernet Switchar","item":"https:\/\/c-profil.se\/produkt-kategori\/ethernet-switchar\/"},{"@type":"ListItem","position":4,"name":"Industriell Fast Ethernet-switch | DVS-008I00C"}]},{"@type":"WebSite","@id":"https:\/\/c-profil.se\/#website","url":"https:\/\/c-profil.se\/","name":"C-Pro","description":"Products for Electricity and Automation","publisher":{"@id":"https:\/\/c-profil.se\/#organization"},"potentialAction":[{"@type":"SearchAction","target":{"@type":"EntryPoint","urlTemplate":"https:\/\/c-profil.se\/?s={search_term_string}"},"query-input":{"@type":"PropertyValueSpecification","valueRequired":true,"valueName":"search_term_string"}}],"inLanguage":"en"},{"@type":"Organization","@id":"https:\/\/c-profil.se\/#organization","name":"C-Pro","alternateName":"C-PRO","url":"https:\/\/c-profil.se\/","logo":{"@type":"ImageObject","inLanguage":"en","@id":"https:\/\/c-profil.se\/#\/schema\/logo\/image\/","url":"https:\/\/c-profil.se\/wp-content\/uploads\/2022\/03\/c-pro-logga-liggande-500x500-1.png","contentUrl":"https:\/\/c-profil.se\/wp-content\/uploads\/2022\/03\/c-pro-logga-liggande-500x500-1.png","width":500,"height":500,"caption":"C-Pro"},"image":{"@id":"https:\/\/c-profil.se\/#\/schema\/logo\/image\/"},"sameAs":["https:\/\/www.facebook.com\/people\/C-Pro\/61561767306874\/","https:\/\/www.linkedin.com\/company\/c-pro-ab","https:\/\/www.instagram.com\/cpro.ab\/"],"description":"C-PRO AB is a comprehensive supplier of materials for applications in electricity and automation. Ever since the start in 1987, we have supplied the Swedish manufacturing industry with electrical materials. Despite our size and leading position, we have never abandoned our basic philosophy, to be a personal supplier. We at C-PRO are easy to get in touch with, honest and passionate about solving our customers&#039; problems.","email":"info@c-profil.se","telephone":"031575785","legalName":"C-Profil F\u00f6rl\u00e4ggningsmaterial AB","foundingDate":"1987-01-01"}]},"product_brand":"fj\u00e4rr\u00e5tkomst","product_price_currency":"SEK","og_availability":"instock","product_availability":"instock","product_retailer_item_id":"DVS-008I00C","product_condition":"new"},"_links":{"self":[{"href":"https:\/\/c-profil.se\/english\/wp-json\/wp\/v2\/product\/71266","targetHints":{"allow":["GET"]}}],"collection":[{"href":"https:\/\/c-profil.se\/english\/wp-json\/wp\/v2\/product"}],"about":[{"href":"https:\/\/c-profil.se\/english\/wp-json\/wp\/v2\/types\/product"}],"version-history":[{"count":5,"href":"https:\/\/c-profil.se\/english\/wp-json\/wp\/v2\/product\/71266\/revisions"}],"predecessor-version":[{"id":73993,"href":"https:\/\/c-profil.se\/english\/wp-json\/wp\/v2\/product\/71266\/revisions\/73993"}],"wp:featuredmedia":[{"embeddable":true,"href":"https:\/\/c-profil.se\/english\/wp-json\/wp\/v2\/media\/71267"}],"wp:attachment":[{"href":"https:\/\/c-profil.se\/english\/wp-json\/wp\/v2\/media?parent=71266"}],"wp:term":[{"taxonomy":"product_brand","embeddable":true,"href":"https:\/\/c-profil.se\/english\/wp-json\/wp\/v2\/product_brand?post=71266"},{"taxonomy":"product_cat","embeddable":true,"href":"https:\/\/c-profil.se\/english\/wp-json\/wp\/v2\/product_cat?post=71266"},{"taxonomy":"product_tag","embeddable":true,"href":"https:\/\/c-profil.se\/english\/wp-json\/wp\/v2\/product_tag?post=71266"}],"curies":[{"name":"wp","href":"https:\/\/api.w.org\/{rel}","templated":true}]}}