{"id":70823,"date":"2026-02-03T15:41:00","date_gmt":"2026-02-03T14:41:00","guid":{"rendered":"https:\/\/c-profil.se\/?post_type=product&#038;p=70823"},"modified":"2026-03-19T08:29:22","modified_gmt":"2026-03-19T07:29:22","slug":"temperature-controllers-dtk4848r01-dtk4848v01","status":"publish","type":"product","link":"https:\/\/c-profil.se\/english\/produkt\/temperaturregulatorer-dtk4848r01-dtk4848v01\/","title":{"rendered":"Temperature regulators | DTK4848R01 \/ DTK4848V01"},"content":{"rendered":"<p><strong>The DTK4848R01 and DTK4848V01 are compact 48 \u00d7 48 mm (1\/16 DIN) temperature controllers for precise and stable temperature control in industrial applications.<\/strong><br \/>\nThey are suitable for heating processes, enclosures and machine control where fast response, flexible signal handling and reliable regulation are crucial.<\/p>","protected":false},"excerpt":{"rendered":"<p>DTK4848R01 and DTK4848V01 <strong>are compact temperature controllers in 48 \u00d7 48 mm format (1\/16 DIN)<\/strong>, developed for accurate and stable temperature control in industrial applications. They are often used for controlling heating processes, enclosures, machines and other applications where precise temperature control is required.<\/p>\n<p>Both models support <strong>PID control, ON\/OFF operation and manual control<\/strong> and a wide selection of temperature inputs such as thermocouples (K, J, T, E, N, R, S, B) and RTD sensors (Pt100, JPt100). The controllers have fast sampling (approx. 100 ms), which provides a fast response even with rapid temperature changes.<\/p>\n<p>The difference between the models lies in the output type:<br \/>\nDTK4848R01 has <strong>relay output<\/strong> for direct control of load, while DTK4848V01 has <strong>voltage\/pulse signal or analog output (12 V DC or 4\u201320 mA depending on configuration)<\/strong>, making it suitable for controlling external power regulators or control systems.<\/p>","protected":false},"featured_media":68090,"template":"","meta":{"_acf_changed":false},"product_brand":[736],"product_cat":[764],"product_tag":[963,980,967],"class_list":{"0":"post-70823","1":"product","2":"type-product","3":"status-publish","4":"has-post-thumbnail","6":"product_brand-delta-electronics","7":"product_cat-temperaturregulatorer","8":"product_tag-klimatisering-av-apparatskap","9":"product_tag-overvakning","10":"product_tag-temperaturstyrning","12":"first","13":"instock","14":"shipping-taxable","15":"product-type-simple"},"acf":[],"yoast_head":"<!-- This site is optimized with the Yoast SEO Premium plugin v27.4 (Yoast SEO v27.4) - https:\/\/yoast.com\/product\/yoast-seo-premium-wordpress\/ -->\n<title>Temperaturregulator DTK4848 | PID-regulator 48\u00d748 - C-Pro<\/title>\n<meta name=\"description\" content=\"Kompakta PID-temperaturregulatorer i 48\u00d748 mm f\u00f6r industriella applikationer. DTK4848R01 med rel\u00e4utg\u00e5ng och DTK4848V01 med analog\/pulsutg\u00e5ng.\" \/>\n<meta name=\"robots\" content=\"index, follow, max-snippet:-1, max-image-preview:large, max-video-preview:-1\" \/>\n<link rel=\"canonical\" href=\"https:\/\/c-profil.se\/english\/product\/temperature-controllers-dtk4848r01-dtk4848v01\/\" \/>\n<meta property=\"og:locale\" content=\"en_US\" \/>\n<meta property=\"og:type\" content=\"article\" \/>\n<meta property=\"og:title\" content=\"Temperaturregulator DTK4848 | PID-regulator 48\u00d748 - C-Pro\" \/>\n<meta property=\"og:description\" content=\"Kompakta PID-temperaturregulatorer i 48\u00d748 mm f\u00f6r industriella applikationer. DTK4848R01 med rel\u00e4utg\u00e5ng och DTK4848V01 med analog\/pulsutg\u00e5ng.\" \/>\n<meta property=\"og:url\" content=\"https:\/\/c-profil.se\/english\/product\/temperature-controllers-dtk4848r01-dtk4848v01\/\" \/>\n<meta property=\"og:site_name\" content=\"C-Pro\" \/>\n<meta property=\"article:publisher\" content=\"https:\/\/www.facebook.com\/people\/C-Pro\/61561767306874\/\" \/>\n<meta property=\"article:modified_time\" content=\"2026-03-19T07:29:22+00:00\" \/>\n<meta property=\"og:image\" content=\"https:\/\/c-profil.se\/wp-content\/uploads\/2025\/11\/Temperaturregulator-DTK4848V01.jpg\" \/>\n\t<meta property=\"og:image:width\" content=\"1000\" \/>\n\t<meta property=\"og:image:height\" content=\"1000\" \/>\n\t<meta property=\"og:image:type\" content=\"image\/jpeg\" \/>\n<meta name=\"twitter:card\" content=\"summary_large_image\" \/>\n<meta name=\"twitter:title\" content=\"Temperaturregulatorer | DTK4848R01 \/ DTK4848V01 - C-Pro\" \/>\n<meta name=\"twitter:description\" content=\"DTK4848R01 och DTK4848V01 \u00e4r kompakta temperaturregulatorer i 48 \u00d7 48 mm-format (1\/16 DIN), utvecklade f\u00f6r noggrann och stabil temperaturstyrning i industriella applikationer. De anv\u00e4nds ofta f\u00f6r styrning av v\u00e4rmeprocesser, kapslingar, maskiner och andra applikationer d\u00e4r exakt temperaturreglering kr\u00e4vs.  B\u00e5da modellerna st\u00f6der PID-reglering, ON\/OFF-drift och manuell styrning samt ett brett urval av temperaturing\u00e5ngar s\u00e5som termoelement (K, J, T, E, N, R, S, B) och RTD-givare (Pt100, JPt100). Regulatorerna har snabb sampling (ca 100 ms), vilket ger snabb respons \u00e4ven vid snabba temperaturf\u00f6r\u00e4ndringar.  Skillnaden mellan modellerna ligger i utg\u00e5ngstypen: DTK4848R01 har rel\u00e4utg\u00e5ng f\u00f6r direkt styrning av last, medan DTK4848V01 har sp\u00e4nnings-\/pulssignal eller analog utg\u00e5ng (12 V DC eller 4\u201320 mA beroende p\u00e5 konfiguration), vilket g\u00f6r den l\u00e4mplig f\u00f6r styrning av externa effektregulatorer eller styrsystem.\" \/>\n<meta name=\"twitter:label1\" content=\"Price\" \/>\n\t<meta name=\"twitter:data1\" content=\"\" \/>\n\t<meta name=\"twitter:label2\" content=\"Availability\" \/>\n\t<meta name=\"twitter:data2\" content=\"In stock\" \/>\n<script type=\"application\/ld+json\" class=\"yoast-schema-graph\">{\"@context\":\"https:\\\/\\\/schema.org\",\"@graph\":[{\"@type\":\"WebPage\",\"@id\":\"https:\\\/\\\/c-profil.se\\\/produkt\\\/temperaturregulatorer-dtk4848r01-dtk4848v01\\\/\",\"url\":\"https:\\\/\\\/c-profil.se\\\/produkt\\\/temperaturregulatorer-dtk4848r01-dtk4848v01\\\/\",\"name\":\"Temperaturregulator DTK4848 | PID-regulator 48\u00d748 - C-Pro\",\"isPartOf\":{\"@id\":\"https:\\\/\\\/c-profil.se\\\/#website\"},\"primaryImageOfPage\":{\"@id\":\"https:\\\/\\\/c-profil.se\\\/produkt\\\/temperaturregulatorer-dtk4848r01-dtk4848v01\\\/#primaryimage\"},\"image\":{\"@id\":\"https:\\\/\\\/c-profil.se\\\/produkt\\\/temperaturregulatorer-dtk4848r01-dtk4848v01\\\/#primaryimage\"},\"thumbnailUrl\":\"https:\\\/\\\/c-profil.se\\\/wp-content\\\/uploads\\\/2025\\\/11\\\/Temperaturregulator-DTK4848V01.jpg\",\"datePublished\":\"2026-02-03T14:41:00+00:00\",\"dateModified\":\"2026-03-19T07:29:22+00:00\",\"description\":\"Kompakta PID-temperaturregulatorer i 48\u00d748 mm f\u00f6r industriella applikationer. DTK4848R01 med rel\u00e4utg\u00e5ng och DTK4848V01 med analog\\\/pulsutg\u00e5ng.\",\"breadcrumb\":{\"@id\":\"https:\\\/\\\/c-profil.se\\\/produkt\\\/temperaturregulatorer-dtk4848r01-dtk4848v01\\\/#breadcrumb\"},\"inLanguage\":\"en\",\"potentialAction\":[{\"@type\":\"ReadAction\",\"target\":[\"https:\\\/\\\/c-profil.se\\\/produkt\\\/temperaturregulatorer-dtk4848r01-dtk4848v01\\\/\"]}]},{\"@type\":\"ImageObject\",\"inLanguage\":\"en\",\"@id\":\"https:\\\/\\\/c-profil.se\\\/produkt\\\/temperaturregulatorer-dtk4848r01-dtk4848v01\\\/#primaryimage\",\"url\":\"https:\\\/\\\/c-profil.se\\\/wp-content\\\/uploads\\\/2025\\\/11\\\/Temperaturregulator-DTK4848V01.jpg\",\"contentUrl\":\"https:\\\/\\\/c-profil.se\\\/wp-content\\\/uploads\\\/2025\\\/11\\\/Temperaturregulator-DTK4848V01.jpg\",\"width\":1000,\"height\":1000,\"caption\":\"Temperaturregulator - DTK4848V01\"},{\"@type\":\"BreadcrumbList\",\"@id\":\"https:\\\/\\\/c-profil.se\\\/produkt\\\/temperaturregulatorer-dtk4848r01-dtk4848v01\\\/#breadcrumb\",\"itemListElement\":[{\"@type\":\"ListItem\",\"position\":1,\"name\":\"Hem\",\"item\":\"https:\\\/\\\/c-profil.se\\\/\"},{\"@type\":\"ListItem\",\"position\":2,\"name\":\"Produkter\",\"item\":\"https:\\\/\\\/c-profil.se\\\/produkter\\\/\"},{\"@type\":\"ListItem\",\"position\":3,\"name\":\"Temperaturregulatorer\",\"item\":\"https:\\\/\\\/c-profil.se\\\/produkt-kategori\\\/temperaturregulatorer\\\/\"},{\"@type\":\"ListItem\",\"position\":4,\"name\":\"Temperaturregulatorer | DTK4848R01 \\\/ DTK4848V01\"}]},{\"@type\":\"WebSite\",\"@id\":\"https:\\\/\\\/c-profil.se\\\/#website\",\"url\":\"https:\\\/\\\/c-profil.se\\\/\",\"name\":\"C-Pro\",\"description\":\"Produkter f\u00f6r El och Automation\",\"publisher\":{\"@id\":\"https:\\\/\\\/c-profil.se\\\/#organization\"},\"potentialAction\":[{\"@type\":\"SearchAction\",\"target\":{\"@type\":\"EntryPoint\",\"urlTemplate\":\"https:\\\/\\\/c-profil.se\\\/?s={search_term_string}\"},\"query-input\":{\"@type\":\"PropertyValueSpecification\",\"valueRequired\":true,\"valueName\":\"search_term_string\"}}],\"inLanguage\":\"en\"},{\"@type\":\"Organization\",\"@id\":\"https:\\\/\\\/c-profil.se\\\/#organization\",\"name\":\"C-Pro\",\"alternateName\":\"C-PRO\",\"url\":\"https:\\\/\\\/c-profil.se\\\/\",\"logo\":{\"@type\":\"ImageObject\",\"inLanguage\":\"en\",\"@id\":\"https:\\\/\\\/c-profil.se\\\/#\\\/schema\\\/logo\\\/image\\\/\",\"url\":\"https:\\\/\\\/c-profil.se\\\/wp-content\\\/uploads\\\/2022\\\/03\\\/c-pro-logga-liggande-500x500-1.png\",\"contentUrl\":\"https:\\\/\\\/c-profil.se\\\/wp-content\\\/uploads\\\/2022\\\/03\\\/c-pro-logga-liggande-500x500-1.png\",\"width\":500,\"height\":500,\"caption\":\"C-Pro\"},\"image\":{\"@id\":\"https:\\\/\\\/c-profil.se\\\/#\\\/schema\\\/logo\\\/image\\\/\"},\"sameAs\":[\"https:\\\/\\\/www.facebook.com\\\/people\\\/C-Pro\\\/61561767306874\\\/\",\"https:\\\/\\\/www.linkedin.com\\\/company\\\/c-pro-ab\",\"https:\\\/\\\/www.instagram.com\\\/cpro.ab\\\/\"],\"description\":\"C-PRO AB \u00e4r en helt\u00e4ckande leverant\u00f6r av material f\u00f6r applikationer inom el och automation. \u00c4nda sedan starten 1987 har vi f\u00f6rsett den svenska tillverkande industrin med elmaterial. Trots v\u00e5r storlek och ledande position har vi aldrig \u00f6vergett v\u00e5r grundfilosofi, att vara en personlig leverant\u00f6r. Vi p\u00e5 C-PRO \u00e4r l\u00e4tta att komma i kontakt med, \u00e4rliga och brinner f\u00f6r att l\u00f6sa v\u00e5ra kunders problem.\",\"email\":\"info@c-profil.se\",\"telephone\":\"031575785\",\"legalName\":\"C-Profil F\u00f6rl\u00e4ggningsmaterial AB\",\"foundingDate\":\"1987-01-01\"}]}<\/script>\n<meta property=\"product:brand\" content=\"klimatisering av apparatsk\u00e5p\" \/>\n<meta property=\"product:price:currency\" content=\"SEK\" \/>\n<meta property=\"og:availability\" content=\"instock\" \/>\n<meta property=\"product:availability\" content=\"instock\" \/>\n<meta property=\"product:retailer_item_id\" content=\"DTK4848R01 \/ DTK4848V01\" \/>\n<meta property=\"product:condition\" content=\"new\" \/>\n<!-- \/ Yoast SEO Premium plugin. -->","yoast_head_json":{"title":"Temperature controller DTK4848 | PID controller 48\u00d748 - C-Pro","description":"Compact PID temperature controllers in 48\u00d748 mm for industrial applications. DTK4848R01 with relay output and DTK4848V01 with analog\/pulse output.","robots":{"index":"index","follow":"follow","max-snippet":"max-snippet:-1","max-image-preview":"max-image-preview:large","max-video-preview":"max-video-preview:-1"},"canonical":"https:\/\/c-profil.se\/english\/product\/temperature-controllers-dtk4848r01-dtk4848v01\/","og_locale":"en_US","og_type":"article","og_title":"Temperaturregulator DTK4848 | PID-regulator 48\u00d748 - C-Pro","og_description":"Kompakta PID-temperaturregulatorer i 48\u00d748 mm f\u00f6r industriella applikationer. DTK4848R01 med rel\u00e4utg\u00e5ng och DTK4848V01 med analog\/pulsutg\u00e5ng.","og_url":"https:\/\/c-profil.se\/english\/product\/temperature-controllers-dtk4848r01-dtk4848v01\/","og_site_name":"C-Pro","article_publisher":"https:\/\/www.facebook.com\/people\/C-Pro\/61561767306874\/","article_modified_time":"2026-03-19T07:29:22+00:00","og_image":[{"width":1000,"height":1000,"url":"https:\/\/c-profil.se\/wp-content\/uploads\/2025\/11\/Temperaturregulator-DTK4848V01.jpg","type":"image\/jpeg"}],"twitter_card":"summary_large_image","twitter_title":"Temperaturregulatorer | DTK4848R01 \/ DTK4848V01 - C-Pro","twitter_description":"DTK4848R01 och DTK4848V01 \u00e4r kompakta temperaturregulatorer i 48 \u00d7 48 mm-format (1\/16 DIN), utvecklade f\u00f6r noggrann och stabil temperaturstyrning i industriella applikationer. De anv\u00e4nds ofta f\u00f6r styrning av v\u00e4rmeprocesser, kapslingar, maskiner och andra applikationer d\u00e4r exakt temperaturreglering kr\u00e4vs.  B\u00e5da modellerna st\u00f6der PID-reglering, ON\/OFF-drift och manuell styrning samt ett brett urval av temperaturing\u00e5ngar s\u00e5som termoelement (K, J, T, E, N, R, S, B) och RTD-givare (Pt100, JPt100). Regulatorerna har snabb sampling (ca 100 ms), vilket ger snabb respons \u00e4ven vid snabba temperaturf\u00f6r\u00e4ndringar.  Skillnaden mellan modellerna ligger i utg\u00e5ngstypen: DTK4848R01 har rel\u00e4utg\u00e5ng f\u00f6r direkt styrning av last, medan DTK4848V01 har sp\u00e4nnings-\/pulssignal eller analog utg\u00e5ng (12 V DC eller 4\u201320 mA beroende p\u00e5 konfiguration), vilket g\u00f6r den l\u00e4mplig f\u00f6r styrning av externa effektregulatorer eller styrsystem.","twitter_misc":{"Price":"","Availability":"In stock"},"schema":{"@context":"https:\/\/schema.org","@graph":[{"@type":"WebPage","@id":"https:\/\/c-profil.se\/produkt\/temperaturregulatorer-dtk4848r01-dtk4848v01\/","url":"https:\/\/c-profil.se\/produkt\/temperaturregulatorer-dtk4848r01-dtk4848v01\/","name":"Temperature controller DTK4848 | PID controller 48\u00d748 - C-Pro","isPartOf":{"@id":"https:\/\/c-profil.se\/#website"},"primaryImageOfPage":{"@id":"https:\/\/c-profil.se\/produkt\/temperaturregulatorer-dtk4848r01-dtk4848v01\/#primaryimage"},"image":{"@id":"https:\/\/c-profil.se\/produkt\/temperaturregulatorer-dtk4848r01-dtk4848v01\/#primaryimage"},"thumbnailUrl":"https:\/\/c-profil.se\/wp-content\/uploads\/2025\/11\/Temperaturregulator-DTK4848V01.jpg","datePublished":"2026-02-03T14:41:00+00:00","dateModified":"2026-03-19T07:29:22+00:00","description":"Compact PID temperature controllers in 48\u00d748 mm for industrial applications. DTK4848R01 with relay output and DTK4848V01 with analog\/pulse output.","breadcrumb":{"@id":"https:\/\/c-profil.se\/produkt\/temperaturregulatorer-dtk4848r01-dtk4848v01\/#breadcrumb"},"inLanguage":"en","potentialAction":[{"@type":"ReadAction","target":["https:\/\/c-profil.se\/produkt\/temperaturregulatorer-dtk4848r01-dtk4848v01\/"]}]},{"@type":"ImageObject","inLanguage":"en","@id":"https:\/\/c-profil.se\/produkt\/temperaturregulatorer-dtk4848r01-dtk4848v01\/#primaryimage","url":"https:\/\/c-profil.se\/wp-content\/uploads\/2025\/11\/Temperaturregulator-DTK4848V01.jpg","contentUrl":"https:\/\/c-profil.se\/wp-content\/uploads\/2025\/11\/Temperaturregulator-DTK4848V01.jpg","width":1000,"height":1000,"caption":"Temperaturregulator - DTK4848V01"},{"@type":"BreadcrumbList","@id":"https:\/\/c-profil.se\/produkt\/temperaturregulatorer-dtk4848r01-dtk4848v01\/#breadcrumb","itemListElement":[{"@type":"ListItem","position":1,"name":"Hem","item":"https:\/\/c-profil.se\/"},{"@type":"ListItem","position":2,"name":"Produkter","item":"https:\/\/c-profil.se\/produkter\/"},{"@type":"ListItem","position":3,"name":"Temperaturregulatorer","item":"https:\/\/c-profil.se\/produkt-kategori\/temperaturregulatorer\/"},{"@type":"ListItem","position":4,"name":"Temperaturregulatorer | DTK4848R01 \/ DTK4848V01"}]},{"@type":"WebSite","@id":"https:\/\/c-profil.se\/#website","url":"https:\/\/c-profil.se\/","name":"C-Pro","description":"Products for Electricity and Automation","publisher":{"@id":"https:\/\/c-profil.se\/#organization"},"potentialAction":[{"@type":"SearchAction","target":{"@type":"EntryPoint","urlTemplate":"https:\/\/c-profil.se\/?s={search_term_string}"},"query-input":{"@type":"PropertyValueSpecification","valueRequired":true,"valueName":"search_term_string"}}],"inLanguage":"en"},{"@type":"Organization","@id":"https:\/\/c-profil.se\/#organization","name":"C-Pro","alternateName":"C-PRO","url":"https:\/\/c-profil.se\/","logo":{"@type":"ImageObject","inLanguage":"en","@id":"https:\/\/c-profil.se\/#\/schema\/logo\/image\/","url":"https:\/\/c-profil.se\/wp-content\/uploads\/2022\/03\/c-pro-logga-liggande-500x500-1.png","contentUrl":"https:\/\/c-profil.se\/wp-content\/uploads\/2022\/03\/c-pro-logga-liggande-500x500-1.png","width":500,"height":500,"caption":"C-Pro"},"image":{"@id":"https:\/\/c-profil.se\/#\/schema\/logo\/image\/"},"sameAs":["https:\/\/www.facebook.com\/people\/C-Pro\/61561767306874\/","https:\/\/www.linkedin.com\/company\/c-pro-ab","https:\/\/www.instagram.com\/cpro.ab\/"],"description":"C-PRO AB is a comprehensive supplier of materials for applications in electricity and automation. Ever since the start in 1987, we have supplied the Swedish manufacturing industry with electrical materials. Despite our size and leading position, we have never abandoned our basic philosophy, to be a personal supplier. We at C-PRO are easy to get in touch with, honest and passionate about solving our customers&#039; problems.","email":"info@c-profil.se","telephone":"031575785","legalName":"C-Profil F\u00f6rl\u00e4ggningsmaterial AB","foundingDate":"1987-01-01"}]},"product_brand":"klimatisering av apparatsk\u00e5p","product_price_currency":"SEK","og_availability":"instock","product_availability":"instock","product_retailer_item_id":"DTK4848R01 \/ DTK4848V01","product_condition":"new"},"_links":{"self":[{"href":"https:\/\/c-profil.se\/english\/wp-json\/wp\/v2\/product\/70823","targetHints":{"allow":["GET"]}}],"collection":[{"href":"https:\/\/c-profil.se\/english\/wp-json\/wp\/v2\/product"}],"about":[{"href":"https:\/\/c-profil.se\/english\/wp-json\/wp\/v2\/types\/product"}],"version-history":[{"count":4,"href":"https:\/\/c-profil.se\/english\/wp-json\/wp\/v2\/product\/70823\/revisions"}],"predecessor-version":[{"id":73996,"href":"https:\/\/c-profil.se\/english\/wp-json\/wp\/v2\/product\/70823\/revisions\/73996"}],"wp:featuredmedia":[{"embeddable":true,"href":"https:\/\/c-profil.se\/english\/wp-json\/wp\/v2\/media\/68090"}],"wp:attachment":[{"href":"https:\/\/c-profil.se\/english\/wp-json\/wp\/v2\/media?parent=70823"}],"wp:term":[{"taxonomy":"product_brand","embeddable":true,"href":"https:\/\/c-profil.se\/english\/wp-json\/wp\/v2\/product_brand?post=70823"},{"taxonomy":"product_cat","embeddable":true,"href":"https:\/\/c-profil.se\/english\/wp-json\/wp\/v2\/product_cat?post=70823"},{"taxonomy":"product_tag","embeddable":true,"href":"https:\/\/c-profil.se\/english\/wp-json\/wp\/v2\/product_tag?post=70823"}],"curies":[{"name":"wp","href":"https:\/\/api.w.org\/{rel}","templated":true}]}}