{"id":70817,"date":"2026-02-03T14:32:00","date_gmt":"2026-02-03T13:32:00","guid":{"rendered":"https:\/\/c-profil.se\/?post_type=product&#038;p=70817"},"modified":"2026-03-18T15:04:21","modified_gmt":"2026-03-18T14:04:21","slug":"energy-feeder-dpm-da510-dpm-da530","status":"publish","type":"product","link":"https:\/\/c-profil.se\/english\/produkt\/energimatare-dpm-da510-dpm-da530\/","title":{"rendered":"Energy meter | DPM-DA510 \/ DPM-DA530"},"content":{"rendered":"<p><strong>The DPM-DA510 and DPM-DA530 are DIN-mounted energy meters for accurate measurement and monitoring of energy consumption in industrial installations.<\/strong><br \/>\nThey are easily integrated via RS-485 (Modbus RTU) into PLC, SCADA and IIoT systems for efficient energy monitoring and data collection in control cabinets and automation environments.<\/p>","protected":false},"excerpt":{"rendered":"<p>The DPM-DA510 and DPM-DA530 are <strong>DIN-mounted energy meters<\/strong> intended for reliable measurement and monitoring of energy consumption in industrial installations and control cabinets. They are primarily used for energy monitoring, monitoring and data collection in automation and IIoT systems.<\/p>\n<p>Both models measure voltage, current, power and energy and communicate via <strong>RS-485 (Modbus RTU)<\/strong> for integration into PLC, SCADA and monitoring systems.<br \/>\nThe DPM-DA510 is the base model for basic energy measurement, while <strong>DPM-DA530<\/strong> offers extended features such as <strong>THD measurement, time-of-use energy measurement, power calculation and data logging<\/strong>, making it suitable for more advanced energy monitoring.<\/p>\n<p>The models require an external current transformer (CT), which provides flexibility in selecting the current level and is suitable for installations where higher currents are to be measured.<\/p>","protected":false},"featured_media":70818,"template":"","meta":{"_acf_changed":false},"product_brand":[736],"product_cat":[763],"product_tag":[983,979,961,980],"class_list":{"0":"post-70817","1":"product","2":"type-product","3":"status-publish","4":"has-post-thumbnail","6":"product_brand-delta-electronics","7":"product_cat-energimatare","8":"product_tag-energibesparing","9":"product_tag-energimatning","10":"product_tag-kraftdistribution-i-skap","11":"product_tag-overvakning","13":"first","14":"instock","15":"shipping-taxable","16":"product-type-simple"},"acf":[],"yoast_head":"<!-- This site is optimized with the Yoast SEO Premium plugin v27.4 (Yoast SEO v27.4) - https:\/\/yoast.com\/product\/yoast-seo-premium-wordpress\/ -->\n<title>DIN-monterad energim\u00e4tare DPM-DA510 \/ DA530 - C-Pro<\/title>\n<meta name=\"description\" content=\"DIN-monterade energim\u00e4tare f\u00f6r energi\u00f6vervakning i industriella system. DPM-DA510 och DPM-DA530 med extern str\u00f6mtransformator och Modbus.\" \/>\n<meta name=\"robots\" content=\"index, follow, max-snippet:-1, max-image-preview:large, max-video-preview:-1\" \/>\n<link rel=\"canonical\" href=\"https:\/\/c-profil.se\/english\/product\/energy-feeder-dpm-da510-dpm-da530\/\" \/>\n<meta property=\"og:locale\" content=\"en_US\" \/>\n<meta property=\"og:type\" content=\"article\" \/>\n<meta property=\"og:title\" content=\"DIN-monterad energim\u00e4tare DPM-DA510 \/ DA530 - C-Pro\" \/>\n<meta property=\"og:description\" content=\"DIN-monterade energim\u00e4tare f\u00f6r energi\u00f6vervakning i industriella system. DPM-DA510 och DPM-DA530 med extern str\u00f6mtransformator och Modbus.\" \/>\n<meta property=\"og:url\" content=\"https:\/\/c-profil.se\/english\/product\/energy-feeder-dpm-da510-dpm-da530\/\" \/>\n<meta property=\"og:site_name\" content=\"C-Pro\" \/>\n<meta property=\"article:publisher\" content=\"https:\/\/www.facebook.com\/people\/C-Pro\/61561767306874\/\" \/>\n<meta property=\"article:modified_time\" content=\"2026-03-18T14:04:21+00:00\" \/>\n<meta property=\"og:image\" content=\"https:\/\/c-profil.se\/wp-content\/uploads\/2026\/02\/DPM\u2011DA510-DPM\u2011DA530-2.jpg\" \/>\n\t<meta property=\"og:image:width\" content=\"1000\" \/>\n\t<meta property=\"og:image:height\" content=\"1000\" \/>\n\t<meta property=\"og:image:type\" content=\"image\/jpeg\" \/>\n<meta name=\"twitter:card\" content=\"summary_large_image\" \/>\n<meta name=\"twitter:title\" content=\"Energim\u00e4tare | DPM-DA510 \/ DPM-DA530 - C-Pro\" \/>\n<meta name=\"twitter:description\" content=\"DPM-DA510 och DPM-DA530 \u00e4r DIN-monterade energim\u00e4tare avsedda f\u00f6r tillf\u00f6rlitlig m\u00e4tning och uppf\u00f6ljning av energif\u00f6rbrukning i industriella installationer och apparatsk\u00e5p. De anv\u00e4nds fr\u00e4mst f\u00f6r energi\u00f6vervakning, uppf\u00f6ljning och datainsamling i automations- och IIoT-system.  B\u00e5da modellerna m\u00e4ter sp\u00e4nning, str\u00f6m, effekt och energi och kommunicerar via RS-485 (Modbus RTU) f\u00f6r integration i PLC-, SCADA- och \u00f6vervakningssystem. DPM-DA510 \u00e4r basmodellen f\u00f6r grundl\u00e4ggande energim\u00e4tning, medan DPM-DA530 erbjuder ut\u00f6kade funktioner s\u00e5som THD-m\u00e4tning, tidsstyrd energim\u00e4tning (time-of-use), effektber\u00e4kning och datalogging, vilket g\u00f6r den l\u00e4mplig f\u00f6r mer avancerad energiuppf\u00f6ljning.  Modellerna kr\u00e4ver extern str\u00f6mtransformator (CT), vilket ger flexibilitet vid val av str\u00f6mniv\u00e5 och passar installationer d\u00e4r h\u00f6gre str\u00f6mmar ska m\u00e4tas.\" \/>\n<meta name=\"twitter:label1\" content=\"Price\" \/>\n\t<meta name=\"twitter:data1\" content=\"\" \/>\n\t<meta name=\"twitter:label2\" content=\"Availability\" \/>\n\t<meta name=\"twitter:data2\" content=\"In stock\" \/>\n<script type=\"application\/ld+json\" class=\"yoast-schema-graph\">{\"@context\":\"https:\\\/\\\/schema.org\",\"@graph\":[{\"@type\":\"WebPage\",\"@id\":\"https:\\\/\\\/c-profil.se\\\/produkt\\\/energimatare-dpm-da510-dpm-da530\\\/\",\"url\":\"https:\\\/\\\/c-profil.se\\\/produkt\\\/energimatare-dpm-da510-dpm-da530\\\/\",\"name\":\"DIN-monterad energim\u00e4tare DPM-DA510 \\\/ DA530 - C-Pro\",\"isPartOf\":{\"@id\":\"https:\\\/\\\/c-profil.se\\\/#website\"},\"primaryImageOfPage\":{\"@id\":\"https:\\\/\\\/c-profil.se\\\/produkt\\\/energimatare-dpm-da510-dpm-da530\\\/#primaryimage\"},\"image\":{\"@id\":\"https:\\\/\\\/c-profil.se\\\/produkt\\\/energimatare-dpm-da510-dpm-da530\\\/#primaryimage\"},\"thumbnailUrl\":\"https:\\\/\\\/c-profil.se\\\/wp-content\\\/uploads\\\/2026\\\/02\\\/DPM\u2011DA510-DPM\u2011DA530-2.jpg\",\"datePublished\":\"2026-02-03T13:32:00+00:00\",\"dateModified\":\"2026-03-18T14:04:21+00:00\",\"description\":\"DIN-monterade energim\u00e4tare f\u00f6r energi\u00f6vervakning i industriella system. DPM-DA510 och DPM-DA530 med extern str\u00f6mtransformator och Modbus.\",\"breadcrumb\":{\"@id\":\"https:\\\/\\\/c-profil.se\\\/produkt\\\/energimatare-dpm-da510-dpm-da530\\\/#breadcrumb\"},\"inLanguage\":\"en\",\"potentialAction\":[{\"@type\":\"ReadAction\",\"target\":[\"https:\\\/\\\/c-profil.se\\\/produkt\\\/energimatare-dpm-da510-dpm-da530\\\/\"]}]},{\"@type\":\"ImageObject\",\"inLanguage\":\"en\",\"@id\":\"https:\\\/\\\/c-profil.se\\\/produkt\\\/energimatare-dpm-da510-dpm-da530\\\/#primaryimage\",\"url\":\"https:\\\/\\\/c-profil.se\\\/wp-content\\\/uploads\\\/2026\\\/02\\\/DPM\u2011DA510-DPM\u2011DA530-2.jpg\",\"contentUrl\":\"https:\\\/\\\/c-profil.se\\\/wp-content\\\/uploads\\\/2026\\\/02\\\/DPM\u2011DA510-DPM\u2011DA530-2.jpg\",\"width\":1000,\"height\":1000,\"caption\":\"Energim\u00e4tare DPM\u2011DA510 DPM\u2011DA530\"},{\"@type\":\"BreadcrumbList\",\"@id\":\"https:\\\/\\\/c-profil.se\\\/produkt\\\/energimatare-dpm-da510-dpm-da530\\\/#breadcrumb\",\"itemListElement\":[{\"@type\":\"ListItem\",\"position\":1,\"name\":\"Hem\",\"item\":\"https:\\\/\\\/c-profil.se\\\/\"},{\"@type\":\"ListItem\",\"position\":2,\"name\":\"Produkter\",\"item\":\"https:\\\/\\\/c-profil.se\\\/produkter\\\/\"},{\"@type\":\"ListItem\",\"position\":3,\"name\":\"Energim\u00e4tare\",\"item\":\"https:\\\/\\\/c-profil.se\\\/produkt-kategori\\\/energimatare\\\/\"},{\"@type\":\"ListItem\",\"position\":4,\"name\":\"Energim\u00e4tare | DPM-DA510 \\\/ DPM-DA530\"}]},{\"@type\":\"WebSite\",\"@id\":\"https:\\\/\\\/c-profil.se\\\/#website\",\"url\":\"https:\\\/\\\/c-profil.se\\\/\",\"name\":\"C-Pro\",\"description\":\"Produkter f\u00f6r El och Automation\",\"publisher\":{\"@id\":\"https:\\\/\\\/c-profil.se\\\/#organization\"},\"potentialAction\":[{\"@type\":\"SearchAction\",\"target\":{\"@type\":\"EntryPoint\",\"urlTemplate\":\"https:\\\/\\\/c-profil.se\\\/?s={search_term_string}\"},\"query-input\":{\"@type\":\"PropertyValueSpecification\",\"valueRequired\":true,\"valueName\":\"search_term_string\"}}],\"inLanguage\":\"en\"},{\"@type\":\"Organization\",\"@id\":\"https:\\\/\\\/c-profil.se\\\/#organization\",\"name\":\"C-Pro\",\"alternateName\":\"C-PRO\",\"url\":\"https:\\\/\\\/c-profil.se\\\/\",\"logo\":{\"@type\":\"ImageObject\",\"inLanguage\":\"en\",\"@id\":\"https:\\\/\\\/c-profil.se\\\/#\\\/schema\\\/logo\\\/image\\\/\",\"url\":\"https:\\\/\\\/c-profil.se\\\/wp-content\\\/uploads\\\/2022\\\/03\\\/c-pro-logga-liggande-500x500-1.png\",\"contentUrl\":\"https:\\\/\\\/c-profil.se\\\/wp-content\\\/uploads\\\/2022\\\/03\\\/c-pro-logga-liggande-500x500-1.png\",\"width\":500,\"height\":500,\"caption\":\"C-Pro\"},\"image\":{\"@id\":\"https:\\\/\\\/c-profil.se\\\/#\\\/schema\\\/logo\\\/image\\\/\"},\"sameAs\":[\"https:\\\/\\\/www.facebook.com\\\/people\\\/C-Pro\\\/61561767306874\\\/\",\"https:\\\/\\\/www.linkedin.com\\\/company\\\/c-pro-ab\",\"https:\\\/\\\/www.instagram.com\\\/cpro.ab\\\/\"],\"description\":\"C-PRO AB \u00e4r en helt\u00e4ckande leverant\u00f6r av material f\u00f6r applikationer inom el och automation. \u00c4nda sedan starten 1987 har vi f\u00f6rsett den svenska tillverkande industrin med elmaterial. Trots v\u00e5r storlek och ledande position har vi aldrig \u00f6vergett v\u00e5r grundfilosofi, att vara en personlig leverant\u00f6r. Vi p\u00e5 C-PRO \u00e4r l\u00e4tta att komma i kontakt med, \u00e4rliga och brinner f\u00f6r att l\u00f6sa v\u00e5ra kunders problem.\",\"email\":\"info@c-profil.se\",\"telephone\":\"031575785\",\"legalName\":\"C-Profil F\u00f6rl\u00e4ggningsmaterial AB\",\"foundingDate\":\"1987-01-01\"}]}<\/script>\n<meta property=\"product:brand\" content=\"energibesparing\" \/>\n<meta property=\"product:price:currency\" content=\"SEK\" \/>\n<meta property=\"og:availability\" content=\"instock\" \/>\n<meta property=\"product:availability\" content=\"instock\" \/>\n<meta property=\"product:retailer_item_id\" content=\"DPM-DA510 \/ DPM-DA530\" \/>\n<meta property=\"product:condition\" content=\"new\" \/>\n<!-- \/ Yoast SEO Premium plugin. -->","yoast_head_json":{"title":"DIN-mounted energy meter DPM-DA510 \/ DA530 - C-Pro","description":"DIN-mounted energy meters for energy monitoring in industrial systems. DPM-DA510 and DPM-DA530 with external current transformer and Modbus.","robots":{"index":"index","follow":"follow","max-snippet":"max-snippet:-1","max-image-preview":"max-image-preview:large","max-video-preview":"max-video-preview:-1"},"canonical":"https:\/\/c-profil.se\/english\/product\/energy-feeder-dpm-da510-dpm-da530\/","og_locale":"en_US","og_type":"article","og_title":"DIN-monterad energim\u00e4tare DPM-DA510 \/ DA530 - C-Pro","og_description":"DIN-monterade energim\u00e4tare f\u00f6r energi\u00f6vervakning i industriella system. DPM-DA510 och DPM-DA530 med extern str\u00f6mtransformator och Modbus.","og_url":"https:\/\/c-profil.se\/english\/product\/energy-feeder-dpm-da510-dpm-da530\/","og_site_name":"C-Pro","article_publisher":"https:\/\/www.facebook.com\/people\/C-Pro\/61561767306874\/","article_modified_time":"2026-03-18T14:04:21+00:00","og_image":[{"width":1000,"height":1000,"url":"https:\/\/c-profil.se\/wp-content\/uploads\/2026\/02\/DPM\u2011DA510-DPM\u2011DA530-2.jpg","type":"image\/jpeg"}],"twitter_card":"summary_large_image","twitter_title":"Energim\u00e4tare | DPM-DA510 \/ DPM-DA530 - C-Pro","twitter_description":"DPM-DA510 och DPM-DA530 \u00e4r DIN-monterade energim\u00e4tare avsedda f\u00f6r tillf\u00f6rlitlig m\u00e4tning och uppf\u00f6ljning av energif\u00f6rbrukning i industriella installationer och apparatsk\u00e5p. De anv\u00e4nds fr\u00e4mst f\u00f6r energi\u00f6vervakning, uppf\u00f6ljning och datainsamling i automations- och IIoT-system.  B\u00e5da modellerna m\u00e4ter sp\u00e4nning, str\u00f6m, effekt och energi och kommunicerar via RS-485 (Modbus RTU) f\u00f6r integration i PLC-, SCADA- och \u00f6vervakningssystem. DPM-DA510 \u00e4r basmodellen f\u00f6r grundl\u00e4ggande energim\u00e4tning, medan DPM-DA530 erbjuder ut\u00f6kade funktioner s\u00e5som THD-m\u00e4tning, tidsstyrd energim\u00e4tning (time-of-use), effektber\u00e4kning och datalogging, vilket g\u00f6r den l\u00e4mplig f\u00f6r mer avancerad energiuppf\u00f6ljning.  Modellerna kr\u00e4ver extern str\u00f6mtransformator (CT), vilket ger flexibilitet vid val av str\u00f6mniv\u00e5 och passar installationer d\u00e4r h\u00f6gre str\u00f6mmar ska m\u00e4tas.","twitter_misc":{"Price":"","Availability":"In stock"},"schema":{"@context":"https:\/\/schema.org","@graph":[{"@type":"WebPage","@id":"https:\/\/c-profil.se\/produkt\/energimatare-dpm-da510-dpm-da530\/","url":"https:\/\/c-profil.se\/produkt\/energimatare-dpm-da510-dpm-da530\/","name":"DIN-mounted energy meter DPM-DA510 \/ DA530 - C-Pro","isPartOf":{"@id":"https:\/\/c-profil.se\/#website"},"primaryImageOfPage":{"@id":"https:\/\/c-profil.se\/produkt\/energimatare-dpm-da510-dpm-da530\/#primaryimage"},"image":{"@id":"https:\/\/c-profil.se\/produkt\/energimatare-dpm-da510-dpm-da530\/#primaryimage"},"thumbnailUrl":"https:\/\/c-profil.se\/wp-content\/uploads\/2026\/02\/DPM\u2011DA510-DPM\u2011DA530-2.jpg","datePublished":"2026-02-03T13:32:00+00:00","dateModified":"2026-03-18T14:04:21+00:00","description":"DIN-mounted energy meters for energy monitoring in industrial systems. DPM-DA510 and DPM-DA530 with external current transformer and Modbus.","breadcrumb":{"@id":"https:\/\/c-profil.se\/produkt\/energimatare-dpm-da510-dpm-da530\/#breadcrumb"},"inLanguage":"en","potentialAction":[{"@type":"ReadAction","target":["https:\/\/c-profil.se\/produkt\/energimatare-dpm-da510-dpm-da530\/"]}]},{"@type":"ImageObject","inLanguage":"en","@id":"https:\/\/c-profil.se\/produkt\/energimatare-dpm-da510-dpm-da530\/#primaryimage","url":"https:\/\/c-profil.se\/wp-content\/uploads\/2026\/02\/DPM\u2011DA510-DPM\u2011DA530-2.jpg","contentUrl":"https:\/\/c-profil.se\/wp-content\/uploads\/2026\/02\/DPM\u2011DA510-DPM\u2011DA530-2.jpg","width":1000,"height":1000,"caption":"Energim\u00e4tare DPM\u2011DA510 DPM\u2011DA530"},{"@type":"BreadcrumbList","@id":"https:\/\/c-profil.se\/produkt\/energimatare-dpm-da510-dpm-da530\/#breadcrumb","itemListElement":[{"@type":"ListItem","position":1,"name":"Hem","item":"https:\/\/c-profil.se\/"},{"@type":"ListItem","position":2,"name":"Produkter","item":"https:\/\/c-profil.se\/produkter\/"},{"@type":"ListItem","position":3,"name":"Energim\u00e4tare","item":"https:\/\/c-profil.se\/produkt-kategori\/energimatare\/"},{"@type":"ListItem","position":4,"name":"Energim\u00e4tare | DPM-DA510 \/ DPM-DA530"}]},{"@type":"WebSite","@id":"https:\/\/c-profil.se\/#website","url":"https:\/\/c-profil.se\/","name":"C-Pro","description":"Products for Electricity and Automation","publisher":{"@id":"https:\/\/c-profil.se\/#organization"},"potentialAction":[{"@type":"SearchAction","target":{"@type":"EntryPoint","urlTemplate":"https:\/\/c-profil.se\/?s={search_term_string}"},"query-input":{"@type":"PropertyValueSpecification","valueRequired":true,"valueName":"search_term_string"}}],"inLanguage":"en"},{"@type":"Organization","@id":"https:\/\/c-profil.se\/#organization","name":"C-Pro","alternateName":"C-PRO","url":"https:\/\/c-profil.se\/","logo":{"@type":"ImageObject","inLanguage":"en","@id":"https:\/\/c-profil.se\/#\/schema\/logo\/image\/","url":"https:\/\/c-profil.se\/wp-content\/uploads\/2022\/03\/c-pro-logga-liggande-500x500-1.png","contentUrl":"https:\/\/c-profil.se\/wp-content\/uploads\/2022\/03\/c-pro-logga-liggande-500x500-1.png","width":500,"height":500,"caption":"C-Pro"},"image":{"@id":"https:\/\/c-profil.se\/#\/schema\/logo\/image\/"},"sameAs":["https:\/\/www.facebook.com\/people\/C-Pro\/61561767306874\/","https:\/\/www.linkedin.com\/company\/c-pro-ab","https:\/\/www.instagram.com\/cpro.ab\/"],"description":"C-PRO AB is a comprehensive supplier of materials for applications in electricity and automation. Ever since the start in 1987, we have supplied the Swedish manufacturing industry with electrical materials. Despite our size and leading position, we have never abandoned our basic philosophy, to be a personal supplier. We at C-PRO are easy to get in touch with, honest and passionate about solving our customers&#039; problems.","email":"info@c-profil.se","telephone":"031575785","legalName":"C-Profil F\u00f6rl\u00e4ggningsmaterial AB","foundingDate":"1987-01-01"}]},"product_brand":"energibesparing","product_price_currency":"SEK","og_availability":"instock","product_availability":"instock","product_retailer_item_id":"DPM-DA510 \/ DPM-DA530","product_condition":"new"},"_links":{"self":[{"href":"https:\/\/c-profil.se\/english\/wp-json\/wp\/v2\/product\/70817","targetHints":{"allow":["GET"]}}],"collection":[{"href":"https:\/\/c-profil.se\/english\/wp-json\/wp\/v2\/product"}],"about":[{"href":"https:\/\/c-profil.se\/english\/wp-json\/wp\/v2\/types\/product"}],"version-history":[{"count":3,"href":"https:\/\/c-profil.se\/english\/wp-json\/wp\/v2\/product\/70817\/revisions"}],"predecessor-version":[{"id":73997,"href":"https:\/\/c-profil.se\/english\/wp-json\/wp\/v2\/product\/70817\/revisions\/73997"}],"wp:featuredmedia":[{"embeddable":true,"href":"https:\/\/c-profil.se\/english\/wp-json\/wp\/v2\/media\/70818"}],"wp:attachment":[{"href":"https:\/\/c-profil.se\/english\/wp-json\/wp\/v2\/media?parent=70817"}],"wp:term":[{"taxonomy":"product_brand","embeddable":true,"href":"https:\/\/c-profil.se\/english\/wp-json\/wp\/v2\/product_brand?post=70817"},{"taxonomy":"product_cat","embeddable":true,"href":"https:\/\/c-profil.se\/english\/wp-json\/wp\/v2\/product_cat?post=70817"},{"taxonomy":"product_tag","embeddable":true,"href":"https:\/\/c-profil.se\/english\/wp-json\/wp\/v2\/product_tag?post=70817"}],"curies":[{"name":"wp","href":"https:\/\/api.w.org\/{rel}","templated":true}]}}