{"id":70807,"date":"2026-02-03T14:06:00","date_gmt":"2026-02-03T13:06:00","guid":{"rendered":"https:\/\/c-profil.se\/?post_type=product&#038;p=70807"},"modified":"2026-03-18T15:04:23","modified_gmt":"2026-03-18T14:04:23","slug":"energy-feeder-dpm-c530em-dpm-c532m","status":"publish","type":"product","link":"https:\/\/c-profil.se\/english\/produkt\/energimatare-dpm-c530em-dpm-c532m\/","title":{"rendered":"Energy meter | DPM-C530EM \/ DPM-C532M"},"content":{"rendered":"<p><strong>The DPM-C530EM and DPM-C532M are panel-mounted, MID-certified energy meters for accurate measurement, billing and monitoring of power quality.<\/strong><br \/>\nThey are developed for industry, real estate and energy distribution where reliable measurements, network integration and advanced energy monitoring are crucial.<\/p>","protected":false},"excerpt":{"rendered":"<p>DPM-C530EM and DPM-C532M are panel-mounted energy meters developed for applications where <strong>accurate energy measurement, billing and monitoring of electricity quality<\/strong> required. Both models are <strong>MID certified according to EN 50470-1\/-3<\/strong>, making them approved for use in applications where meter values are the basis for cost allocation or billing.<\/p>\n<p>The DPM-C530EM is based on the C530E platform and combines MID certification with <strong data-start=\"1117\" data-end=\"1136\">dual Ethernet<\/strong> and Modbus TCP for easy integration into networks and IIoT systems.<br \/>\nThe DPM-C532M also offers extended Power Quality (PQ) analysis with detailed measurement of harmonics up to the 31st order, making it suitable for power quality analysis and troubleshooting in industrial facilities<br \/>\nBoth models feature clear dot matrix displays, support for data logging, alarms and multi-tariffs, and are widely used in industry, real estate, charging infrastructure and energy distribution systems.<\/p>","protected":false},"featured_media":68082,"template":"","meta":{"_acf_changed":false},"product_brand":[736],"product_cat":[763],"product_tag":[983,979,961,980],"class_list":{"0":"post-70807","1":"product","2":"type-product","3":"status-publish","4":"has-post-thumbnail","6":"product_brand-delta-electronics","7":"product_cat-energimatare","8":"product_tag-energibesparing","9":"product_tag-energimatning","10":"product_tag-kraftdistribution-i-skap","11":"product_tag-overvakning","13":"first","14":"instock","15":"shipping-taxable","16":"product-type-simple"},"acf":[],"yoast_head":"<!-- This site is optimized with the Yoast SEO Premium plugin v27.4 (Yoast SEO v27.4) - https:\/\/yoast.com\/product\/yoast-seo-premium-wordpress\/ -->\n<title>MID-certifierad energim\u00e4tare DPM-C530EM \/ C532M - C-Pro<\/title>\n<meta name=\"description\" content=\"Panelmonterade MID-certifierade energim\u00e4tare f\u00f6r debitering och elkvalitetsanalys. DPM-C530EM och DPM-C532M f\u00f6r industri och automation.\" \/>\n<meta name=\"robots\" content=\"index, follow, max-snippet:-1, max-image-preview:large, max-video-preview:-1\" \/>\n<link rel=\"canonical\" href=\"https:\/\/c-profil.se\/english\/product\/energy-feeder-dpm-c530em-dpm-c532m\/\" \/>\n<meta property=\"og:locale\" content=\"en_US\" \/>\n<meta property=\"og:type\" content=\"article\" \/>\n<meta property=\"og:title\" content=\"Energim\u00e4tare | DPM-C530EM \/ DPM-C532M - C-Pro\" \/>\n<meta property=\"og:description\" content=\"DPM-C530EM och DPM-C532M \u00e4r panelmonterade energim\u00e4tare utvecklade f\u00f6r applikationer d\u00e4r noggrann energim\u00e4tning, debitering och uppf\u00f6ljning av elkvalitet kr\u00e4vs. B\u00e5da modellerna \u00e4r MID-certifierade enligt EN 50470-1\/-3, vilket g\u00f6r dem godk\u00e4nda f\u00f6r anv\u00e4ndning i applikationer d\u00e4r m\u00e4tv\u00e4rden ligger till grund f\u00f6r kostnadsf\u00f6rdelning eller debitering.  DPM-C530EM \u00e4r baserad p\u00e5 C530E-plattformen och kombinerar MID-certifiering med dubbel Ethernet och Modbus TCP f\u00f6r enkel integration i n\u00e4tverk och IIoT-system. DPM-C532M erbjuder dessutom ut\u00f6kad Power Quality-analys (PQ) med detaljerad m\u00e4tning av harmoniska upp till 31:a ordningen, vilket g\u00f6r den l\u00e4mplig f\u00f6r analys av elkvalitet och fels\u00f6kning i industriella anl\u00e4ggningar B\u00e5da modellerna har tydlig punktmatris-display, st\u00f6d f\u00f6r datalogging, larm och multi-tariff, och anv\u00e4nds ofta i industri, fastigheter, laddinfrastruktur och energidistributionssystem.\" \/>\n<meta property=\"og:url\" content=\"https:\/\/c-profil.se\/english\/product\/energy-feeder-dpm-c530em-dpm-c532m\/\" \/>\n<meta property=\"og:site_name\" content=\"C-Pro\" \/>\n<meta property=\"article:publisher\" content=\"https:\/\/www.facebook.com\/people\/C-Pro\/61561767306874\/\" \/>\n<meta property=\"article:modified_time\" content=\"2026-03-18T14:04:23+00:00\" \/>\n<meta property=\"og:image\" content=\"https:\/\/c-profil.se\/wp-content\/uploads\/2025\/11\/DPM\u2011C530EM-_-DPM\u2011C532M-ny.jpg\" \/>\n\t<meta property=\"og:image:width\" content=\"1000\" \/>\n\t<meta property=\"og:image:height\" content=\"1000\" \/>\n\t<meta property=\"og:image:type\" content=\"image\/jpeg\" \/>\n<meta name=\"twitter:card\" content=\"summary_large_image\" \/>\n<meta name=\"twitter:label1\" content=\"Price\" \/>\n\t<meta name=\"twitter:data1\" content=\"\" \/>\n\t<meta name=\"twitter:label2\" content=\"Availability\" \/>\n\t<meta name=\"twitter:data2\" content=\"In stock\" \/>\n<script type=\"application\/ld+json\" class=\"yoast-schema-graph\">{\"@context\":\"https:\\\/\\\/schema.org\",\"@graph\":[{\"@type\":\"WebPage\",\"@id\":\"https:\\\/\\\/c-profil.se\\\/produkt\\\/energimatare-dpm-c530em-dpm-c532m\\\/\",\"url\":\"https:\\\/\\\/c-profil.se\\\/produkt\\\/energimatare-dpm-c530em-dpm-c532m\\\/\",\"name\":\"MID-certifierad energim\u00e4tare DPM-C530EM \\\/ C532M - C-Pro\",\"isPartOf\":{\"@id\":\"https:\\\/\\\/c-profil.se\\\/#website\"},\"primaryImageOfPage\":{\"@id\":\"https:\\\/\\\/c-profil.se\\\/produkt\\\/energimatare-dpm-c530em-dpm-c532m\\\/#primaryimage\"},\"image\":{\"@id\":\"https:\\\/\\\/c-profil.se\\\/produkt\\\/energimatare-dpm-c530em-dpm-c532m\\\/#primaryimage\"},\"thumbnailUrl\":\"https:\\\/\\\/c-profil.se\\\/wp-content\\\/uploads\\\/2025\\\/11\\\/DPM\u2011C530EM-_-DPM\u2011C532M-ny.jpg\",\"datePublished\":\"2026-02-03T13:06:00+00:00\",\"dateModified\":\"2026-03-18T14:04:23+00:00\",\"description\":\"Panelmonterade MID-certifierade energim\u00e4tare f\u00f6r debitering och elkvalitetsanalys. DPM-C530EM och DPM-C532M f\u00f6r industri och automation.\",\"breadcrumb\":{\"@id\":\"https:\\\/\\\/c-profil.se\\\/produkt\\\/energimatare-dpm-c530em-dpm-c532m\\\/#breadcrumb\"},\"inLanguage\":\"en\",\"potentialAction\":[{\"@type\":\"ReadAction\",\"target\":[\"https:\\\/\\\/c-profil.se\\\/produkt\\\/energimatare-dpm-c530em-dpm-c532m\\\/\"]}]},{\"@type\":\"ImageObject\",\"inLanguage\":\"en\",\"@id\":\"https:\\\/\\\/c-profil.se\\\/produkt\\\/energimatare-dpm-c530em-dpm-c532m\\\/#primaryimage\",\"url\":\"https:\\\/\\\/c-profil.se\\\/wp-content\\\/uploads\\\/2025\\\/11\\\/DPM\u2011C530EM-_-DPM\u2011C532M-ny.jpg\",\"contentUrl\":\"https:\\\/\\\/c-profil.se\\\/wp-content\\\/uploads\\\/2025\\\/11\\\/DPM\u2011C530EM-_-DPM\u2011C532M-ny.jpg\",\"width\":1000,\"height\":1000,\"caption\":\"Energim\u00e4tare DPM\u2011C530EM | DPM\u2011C532M\"},{\"@type\":\"BreadcrumbList\",\"@id\":\"https:\\\/\\\/c-profil.se\\\/produkt\\\/energimatare-dpm-c530em-dpm-c532m\\\/#breadcrumb\",\"itemListElement\":[{\"@type\":\"ListItem\",\"position\":1,\"name\":\"Hem\",\"item\":\"https:\\\/\\\/c-profil.se\\\/\"},{\"@type\":\"ListItem\",\"position\":2,\"name\":\"Produkter\",\"item\":\"https:\\\/\\\/c-profil.se\\\/produkter\\\/\"},{\"@type\":\"ListItem\",\"position\":3,\"name\":\"Energim\u00e4tare\",\"item\":\"https:\\\/\\\/c-profil.se\\\/produkt-kategori\\\/energimatare\\\/\"},{\"@type\":\"ListItem\",\"position\":4,\"name\":\"Energim\u00e4tare | DPM-C530EM \\\/ DPM-C532M\"}]},{\"@type\":\"WebSite\",\"@id\":\"https:\\\/\\\/c-profil.se\\\/#website\",\"url\":\"https:\\\/\\\/c-profil.se\\\/\",\"name\":\"C-Pro\",\"description\":\"Produkter f\u00f6r El och Automation\",\"publisher\":{\"@id\":\"https:\\\/\\\/c-profil.se\\\/#organization\"},\"potentialAction\":[{\"@type\":\"SearchAction\",\"target\":{\"@type\":\"EntryPoint\",\"urlTemplate\":\"https:\\\/\\\/c-profil.se\\\/?s={search_term_string}\"},\"query-input\":{\"@type\":\"PropertyValueSpecification\",\"valueRequired\":true,\"valueName\":\"search_term_string\"}}],\"inLanguage\":\"en\"},{\"@type\":\"Organization\",\"@id\":\"https:\\\/\\\/c-profil.se\\\/#organization\",\"name\":\"C-Pro\",\"alternateName\":\"C-PRO\",\"url\":\"https:\\\/\\\/c-profil.se\\\/\",\"logo\":{\"@type\":\"ImageObject\",\"inLanguage\":\"en\",\"@id\":\"https:\\\/\\\/c-profil.se\\\/#\\\/schema\\\/logo\\\/image\\\/\",\"url\":\"https:\\\/\\\/c-profil.se\\\/wp-content\\\/uploads\\\/2022\\\/03\\\/c-pro-logga-liggande-500x500-1.png\",\"contentUrl\":\"https:\\\/\\\/c-profil.se\\\/wp-content\\\/uploads\\\/2022\\\/03\\\/c-pro-logga-liggande-500x500-1.png\",\"width\":500,\"height\":500,\"caption\":\"C-Pro\"},\"image\":{\"@id\":\"https:\\\/\\\/c-profil.se\\\/#\\\/schema\\\/logo\\\/image\\\/\"},\"sameAs\":[\"https:\\\/\\\/www.facebook.com\\\/people\\\/C-Pro\\\/61561767306874\\\/\",\"https:\\\/\\\/www.linkedin.com\\\/company\\\/c-pro-ab\",\"https:\\\/\\\/www.instagram.com\\\/cpro.ab\\\/\"],\"description\":\"C-PRO AB \u00e4r en helt\u00e4ckande leverant\u00f6r av material f\u00f6r applikationer inom el och automation. \u00c4nda sedan starten 1987 har vi f\u00f6rsett den svenska tillverkande industrin med elmaterial. Trots v\u00e5r storlek och ledande position har vi aldrig \u00f6vergett v\u00e5r grundfilosofi, att vara en personlig leverant\u00f6r. Vi p\u00e5 C-PRO \u00e4r l\u00e4tta att komma i kontakt med, \u00e4rliga och brinner f\u00f6r att l\u00f6sa v\u00e5ra kunders problem.\",\"email\":\"info@c-profil.se\",\"telephone\":\"031575785\",\"legalName\":\"C-Profil F\u00f6rl\u00e4ggningsmaterial AB\",\"foundingDate\":\"1987-01-01\"}]}<\/script>\n<meta property=\"product:brand\" content=\"energibesparing\" \/>\n<meta property=\"product:price:currency\" content=\"SEK\" \/>\n<meta property=\"og:availability\" content=\"instock\" \/>\n<meta property=\"product:availability\" content=\"instock\" \/>\n<meta property=\"product:retailer_item_id\" content=\"DPM-C530EM \/ DPM-C532M\" \/>\n<meta property=\"product:condition\" content=\"new\" \/>\n<!-- \/ Yoast SEO Premium plugin. -->","yoast_head_json":{"title":"MID certified energy meter DPM-C530EM \/ C532M - C-Pro","description":"Panel-mounted MID-certified energy meters for billing and power quality analysis. DPM-C530EM and DPM-C532M for industry and automation.","robots":{"index":"index","follow":"follow","max-snippet":"max-snippet:-1","max-image-preview":"max-image-preview:large","max-video-preview":"max-video-preview:-1"},"canonical":"https:\/\/c-profil.se\/english\/product\/energy-feeder-dpm-c530em-dpm-c532m\/","og_locale":"en_US","og_type":"article","og_title":"Energim\u00e4tare | DPM-C530EM \/ DPM-C532M - C-Pro","og_description":"DPM-C530EM och DPM-C532M \u00e4r panelmonterade energim\u00e4tare utvecklade f\u00f6r applikationer d\u00e4r noggrann energim\u00e4tning, debitering och uppf\u00f6ljning av elkvalitet kr\u00e4vs. B\u00e5da modellerna \u00e4r MID-certifierade enligt EN 50470-1\/-3, vilket g\u00f6r dem godk\u00e4nda f\u00f6r anv\u00e4ndning i applikationer d\u00e4r m\u00e4tv\u00e4rden ligger till grund f\u00f6r kostnadsf\u00f6rdelning eller debitering.  DPM-C530EM \u00e4r baserad p\u00e5 C530E-plattformen och kombinerar MID-certifiering med dubbel Ethernet och Modbus TCP f\u00f6r enkel integration i n\u00e4tverk och IIoT-system. DPM-C532M erbjuder dessutom ut\u00f6kad Power Quality-analys (PQ) med detaljerad m\u00e4tning av harmoniska upp till 31:a ordningen, vilket g\u00f6r den l\u00e4mplig f\u00f6r analys av elkvalitet och fels\u00f6kning i industriella anl\u00e4ggningar B\u00e5da modellerna har tydlig punktmatris-display, st\u00f6d f\u00f6r datalogging, larm och multi-tariff, och anv\u00e4nds ofta i industri, fastigheter, laddinfrastruktur och energidistributionssystem.","og_url":"https:\/\/c-profil.se\/english\/product\/energy-feeder-dpm-c530em-dpm-c532m\/","og_site_name":"C-Pro","article_publisher":"https:\/\/www.facebook.com\/people\/C-Pro\/61561767306874\/","article_modified_time":"2026-03-18T14:04:23+00:00","og_image":[{"width":1000,"height":1000,"url":"https:\/\/c-profil.se\/wp-content\/uploads\/2025\/11\/DPM\u2011C530EM-_-DPM\u2011C532M-ny.jpg","type":"image\/jpeg"}],"twitter_card":"summary_large_image","twitter_misc":{"Price":"","Availability":"In stock"},"schema":{"@context":"https:\/\/schema.org","@graph":[{"@type":"WebPage","@id":"https:\/\/c-profil.se\/produkt\/energimatare-dpm-c530em-dpm-c532m\/","url":"https:\/\/c-profil.se\/produkt\/energimatare-dpm-c530em-dpm-c532m\/","name":"MID certified energy meter DPM-C530EM \/ C532M - C-Pro","isPartOf":{"@id":"https:\/\/c-profil.se\/#website"},"primaryImageOfPage":{"@id":"https:\/\/c-profil.se\/produkt\/energimatare-dpm-c530em-dpm-c532m\/#primaryimage"},"image":{"@id":"https:\/\/c-profil.se\/produkt\/energimatare-dpm-c530em-dpm-c532m\/#primaryimage"},"thumbnailUrl":"https:\/\/c-profil.se\/wp-content\/uploads\/2025\/11\/DPM\u2011C530EM-_-DPM\u2011C532M-ny.jpg","datePublished":"2026-02-03T13:06:00+00:00","dateModified":"2026-03-18T14:04:23+00:00","description":"Panel-mounted MID-certified energy meters for billing and power quality analysis. DPM-C530EM and DPM-C532M for industry and automation.","breadcrumb":{"@id":"https:\/\/c-profil.se\/produkt\/energimatare-dpm-c530em-dpm-c532m\/#breadcrumb"},"inLanguage":"en","potentialAction":[{"@type":"ReadAction","target":["https:\/\/c-profil.se\/produkt\/energimatare-dpm-c530em-dpm-c532m\/"]}]},{"@type":"ImageObject","inLanguage":"en","@id":"https:\/\/c-profil.se\/produkt\/energimatare-dpm-c530em-dpm-c532m\/#primaryimage","url":"https:\/\/c-profil.se\/wp-content\/uploads\/2025\/11\/DPM\u2011C530EM-_-DPM\u2011C532M-ny.jpg","contentUrl":"https:\/\/c-profil.se\/wp-content\/uploads\/2025\/11\/DPM\u2011C530EM-_-DPM\u2011C532M-ny.jpg","width":1000,"height":1000,"caption":"Energim\u00e4tare DPM\u2011C530EM | DPM\u2011C532M"},{"@type":"BreadcrumbList","@id":"https:\/\/c-profil.se\/produkt\/energimatare-dpm-c530em-dpm-c532m\/#breadcrumb","itemListElement":[{"@type":"ListItem","position":1,"name":"Hem","item":"https:\/\/c-profil.se\/"},{"@type":"ListItem","position":2,"name":"Produkter","item":"https:\/\/c-profil.se\/produkter\/"},{"@type":"ListItem","position":3,"name":"Energim\u00e4tare","item":"https:\/\/c-profil.se\/produkt-kategori\/energimatare\/"},{"@type":"ListItem","position":4,"name":"Energim\u00e4tare | DPM-C530EM \/ DPM-C532M"}]},{"@type":"WebSite","@id":"https:\/\/c-profil.se\/#website","url":"https:\/\/c-profil.se\/","name":"C-Pro","description":"Products for Electricity and Automation","publisher":{"@id":"https:\/\/c-profil.se\/#organization"},"potentialAction":[{"@type":"SearchAction","target":{"@type":"EntryPoint","urlTemplate":"https:\/\/c-profil.se\/?s={search_term_string}"},"query-input":{"@type":"PropertyValueSpecification","valueRequired":true,"valueName":"search_term_string"}}],"inLanguage":"en"},{"@type":"Organization","@id":"https:\/\/c-profil.se\/#organization","name":"C-Pro","alternateName":"C-PRO","url":"https:\/\/c-profil.se\/","logo":{"@type":"ImageObject","inLanguage":"en","@id":"https:\/\/c-profil.se\/#\/schema\/logo\/image\/","url":"https:\/\/c-profil.se\/wp-content\/uploads\/2022\/03\/c-pro-logga-liggande-500x500-1.png","contentUrl":"https:\/\/c-profil.se\/wp-content\/uploads\/2022\/03\/c-pro-logga-liggande-500x500-1.png","width":500,"height":500,"caption":"C-Pro"},"image":{"@id":"https:\/\/c-profil.se\/#\/schema\/logo\/image\/"},"sameAs":["https:\/\/www.facebook.com\/people\/C-Pro\/61561767306874\/","https:\/\/www.linkedin.com\/company\/c-pro-ab","https:\/\/www.instagram.com\/cpro.ab\/"],"description":"C-PRO AB is a comprehensive supplier of materials for applications in electricity and automation. Ever since the start in 1987, we have supplied the Swedish manufacturing industry with electrical materials. Despite our size and leading position, we have never abandoned our basic philosophy, to be a personal supplier. We at C-PRO are easy to get in touch with, honest and passionate about solving our customers&#039; problems.","email":"info@c-profil.se","telephone":"031575785","legalName":"C-Profil F\u00f6rl\u00e4ggningsmaterial AB","foundingDate":"1987-01-01"}]},"product_brand":"energibesparing","product_price_currency":"SEK","og_availability":"instock","product_availability":"instock","product_retailer_item_id":"DPM-C530EM \/ DPM-C532M","product_condition":"new"},"_links":{"self":[{"href":"https:\/\/c-profil.se\/english\/wp-json\/wp\/v2\/product\/70807","targetHints":{"allow":["GET"]}}],"collection":[{"href":"https:\/\/c-profil.se\/english\/wp-json\/wp\/v2\/product"}],"about":[{"href":"https:\/\/c-profil.se\/english\/wp-json\/wp\/v2\/types\/product"}],"version-history":[{"count":3,"href":"https:\/\/c-profil.se\/english\/wp-json\/wp\/v2\/product\/70807\/revisions"}],"predecessor-version":[{"id":73999,"href":"https:\/\/c-profil.se\/english\/wp-json\/wp\/v2\/product\/70807\/revisions\/73999"}],"wp:featuredmedia":[{"embeddable":true,"href":"https:\/\/c-profil.se\/english\/wp-json\/wp\/v2\/media\/68082"}],"wp:attachment":[{"href":"https:\/\/c-profil.se\/english\/wp-json\/wp\/v2\/media?parent=70807"}],"wp:term":[{"taxonomy":"product_brand","embeddable":true,"href":"https:\/\/c-profil.se\/english\/wp-json\/wp\/v2\/product_brand?post=70807"},{"taxonomy":"product_cat","embeddable":true,"href":"https:\/\/c-profil.se\/english\/wp-json\/wp\/v2\/product_cat?post=70807"},{"taxonomy":"product_tag","embeddable":true,"href":"https:\/\/c-profil.se\/english\/wp-json\/wp\/v2\/product_tag?post=70807"}],"curies":[{"name":"wp","href":"https:\/\/api.w.org\/{rel}","templated":true}]}}