{"id":70799,"date":"2026-02-03T13:33:00","date_gmt":"2026-02-03T12:33:00","guid":{"rendered":"https:\/\/c-profil.se\/?post_type=product&#038;p=70799"},"modified":"2026-03-18T15:04:24","modified_gmt":"2026-03-18T14:04:24","slug":"energy-feeder-dpm-c530-dpm-c530e","status":"publish","type":"product","link":"https:\/\/c-profil.se\/english\/produkt\/energimatare-dpm-c530-dpm-c530e\/","title":{"rendered":"Energy Meter | DPM-C530 \/ DPM-C530E"},"content":{"rendered":"<p><strong>The DPM-C530 and DPM-C530E are panel-mounted energy meters for accurate energy monitoring and analysis in industrial systems and control cabinets.<\/strong><br \/>\nThey provide detailed insight into both energy consumption and power quality and can be easily integrated into PLC, SCADA and IIoT environments.<\/p>","protected":false},"excerpt":{"rendered":"<p>The DPM-C530 and DPM-C530E are panel-mounted energy meters for accurate measurement and monitoring of electrical consumption in industrial systems and control cabinets. They measure voltage, current, power, energy and power factor as well as harmonics up to the 31st order, providing good insight into both energy consumption and power quality.<\/p>\n<p data-start=\"886\" data-end=\"1215\">The DPM-C530 is the base model with RS-485 Modbus, while <strong>DPM-C530E<\/strong> also has <strong>dual Ethernet port<\/strong> with Modbus TCP for easy integration into networks and IIoT systems. Both models have a clear dot matrix display and support for data logging, alarms and multi-tariffs, making them well suited for energy monitoring, analysis and optimization.<\/p>","protected":false},"featured_media":68081,"template":"","meta":{"_acf_changed":false},"product_brand":[736],"product_cat":[763],"product_tag":[983,979,961,980],"class_list":{"0":"post-70799","1":"product","2":"type-product","3":"status-publish","4":"has-post-thumbnail","6":"product_brand-delta-electronics","7":"product_cat-energimatare","8":"product_tag-energibesparing","9":"product_tag-energimatning","10":"product_tag-kraftdistribution-i-skap","11":"product_tag-overvakning","13":"first","14":"instock","15":"shipping-taxable","16":"product-type-simple"},"acf":[],"yoast_head":"<!-- This site is optimized with the Yoast SEO Premium plugin v27.4 (Yoast SEO v27.4) - https:\/\/yoast.com\/product\/yoast-seo-premium-wordpress\/ -->\n<title>Energim\u00e4tare DPM-C530 \/ C530E | Panelmonterad energim\u00e4tare - C-Pro<\/title>\n<meta name=\"description\" content=\"Panelmonterade energim\u00e4tare f\u00f6r industriella installationer. DPM-C530 med RS-485 och DPM-C530E med dubbel Ethernet f\u00f6r energim\u00e4tning och elkvalitetsanalys.\" \/>\n<meta name=\"robots\" content=\"index, follow, max-snippet:-1, max-image-preview:large, max-video-preview:-1\" \/>\n<link rel=\"canonical\" href=\"https:\/\/c-profil.se\/english\/product\/energy-feeder-dpm-c530-dpm-c530e\/\" \/>\n<meta property=\"og:locale\" content=\"en_US\" \/>\n<meta property=\"og:type\" content=\"article\" \/>\n<meta property=\"og:title\" content=\"Energim\u00e4tare | DPM-C530 \/ DPM-C530E - C-Pro\" \/>\n<meta property=\"og:description\" content=\"DPM-C530 och DPM-C530E \u00e4r panelmonterade energim\u00e4tare f\u00f6r noggrann m\u00e4tning och uppf\u00f6ljning av elf\u00f6rbrukning i industriella system och apparatsk\u00e5p. De m\u00e4ter sp\u00e4nning, str\u00f6m, effekt, energi och effektfaktor samt harmoniska upp till 31:a ordningen, vilket ger god insyn i b\u00e5de energif\u00f6rbrukning och elkvalitet. DPM-C530 \u00e4r basmodellen med RS-485 Modbus, medan DPM-C530E \u00e4ven har dubbel Ethernet-port med Modbus TCP f\u00f6r enkel integration i n\u00e4tverk och IIoT-system. B\u00e5da modellerna har tydlig punktmatris-display och st\u00f6d f\u00f6r datalogging, larm och multi-tariff, vilket g\u00f6r dem v\u00e4l l\u00e4mpade f\u00f6r energi\u00f6vervakning, analys och optimering.\" \/>\n<meta property=\"og:url\" content=\"https:\/\/c-profil.se\/english\/product\/energy-feeder-dpm-c530-dpm-c530e\/\" \/>\n<meta property=\"og:site_name\" content=\"C-Pro\" \/>\n<meta property=\"article:publisher\" content=\"https:\/\/www.facebook.com\/people\/C-Pro\/61561767306874\/\" \/>\n<meta property=\"article:modified_time\" content=\"2026-03-18T14:04:24+00:00\" \/>\n<meta property=\"og:image\" content=\"https:\/\/c-profil.se\/wp-content\/uploads\/2025\/11\/DPM\u2011C530-_-DPM\u2011C530E-ny.jpg\" \/>\n\t<meta property=\"og:image:width\" content=\"1000\" \/>\n\t<meta property=\"og:image:height\" content=\"1000\" \/>\n\t<meta property=\"og:image:type\" content=\"image\/jpeg\" \/>\n<meta name=\"twitter:card\" content=\"summary_large_image\" \/>\n<meta name=\"twitter:label1\" content=\"Price\" \/>\n\t<meta name=\"twitter:data1\" content=\"\" \/>\n\t<meta name=\"twitter:label2\" content=\"Availability\" \/>\n\t<meta name=\"twitter:data2\" content=\"In stock\" \/>\n<script type=\"application\/ld+json\" class=\"yoast-schema-graph\">{\"@context\":\"https:\\\/\\\/schema.org\",\"@graph\":[{\"@type\":\"WebPage\",\"@id\":\"https:\\\/\\\/c-profil.se\\\/produkt\\\/energimatare-dpm-c530-dpm-c530e\\\/\",\"url\":\"https:\\\/\\\/c-profil.se\\\/produkt\\\/energimatare-dpm-c530-dpm-c530e\\\/\",\"name\":\"Energim\u00e4tare DPM-C530 \\\/ C530E | Panelmonterad energim\u00e4tare - C-Pro\",\"isPartOf\":{\"@id\":\"https:\\\/\\\/c-profil.se\\\/#website\"},\"primaryImageOfPage\":{\"@id\":\"https:\\\/\\\/c-profil.se\\\/produkt\\\/energimatare-dpm-c530-dpm-c530e\\\/#primaryimage\"},\"image\":{\"@id\":\"https:\\\/\\\/c-profil.se\\\/produkt\\\/energimatare-dpm-c530-dpm-c530e\\\/#primaryimage\"},\"thumbnailUrl\":\"https:\\\/\\\/c-profil.se\\\/wp-content\\\/uploads\\\/2025\\\/11\\\/DPM\u2011C530-_-DPM\u2011C530E-ny.jpg\",\"datePublished\":\"2026-02-03T12:33:00+00:00\",\"dateModified\":\"2026-03-18T14:04:24+00:00\",\"description\":\"Panelmonterade energim\u00e4tare f\u00f6r industriella installationer. DPM-C530 med RS-485 och DPM-C530E med dubbel Ethernet f\u00f6r energim\u00e4tning och elkvalitetsanalys.\",\"breadcrumb\":{\"@id\":\"https:\\\/\\\/c-profil.se\\\/produkt\\\/energimatare-dpm-c530-dpm-c530e\\\/#breadcrumb\"},\"inLanguage\":\"en\",\"potentialAction\":[{\"@type\":\"ReadAction\",\"target\":[\"https:\\\/\\\/c-profil.se\\\/produkt\\\/energimatare-dpm-c530-dpm-c530e\\\/\"]}]},{\"@type\":\"ImageObject\",\"inLanguage\":\"en\",\"@id\":\"https:\\\/\\\/c-profil.se\\\/produkt\\\/energimatare-dpm-c530-dpm-c530e\\\/#primaryimage\",\"url\":\"https:\\\/\\\/c-profil.se\\\/wp-content\\\/uploads\\\/2025\\\/11\\\/DPM\u2011C530-_-DPM\u2011C530E-ny.jpg\",\"contentUrl\":\"https:\\\/\\\/c-profil.se\\\/wp-content\\\/uploads\\\/2025\\\/11\\\/DPM\u2011C530-_-DPM\u2011C530E-ny.jpg\",\"width\":1000,\"height\":1000,\"caption\":\"Energim\u00e4tare DPM\u2011C530 | DPM\u2011C530E\"},{\"@type\":\"BreadcrumbList\",\"@id\":\"https:\\\/\\\/c-profil.se\\\/produkt\\\/energimatare-dpm-c530-dpm-c530e\\\/#breadcrumb\",\"itemListElement\":[{\"@type\":\"ListItem\",\"position\":1,\"name\":\"Hem\",\"item\":\"https:\\\/\\\/c-profil.se\\\/\"},{\"@type\":\"ListItem\",\"position\":2,\"name\":\"Produkter\",\"item\":\"https:\\\/\\\/c-profil.se\\\/produkter\\\/\"},{\"@type\":\"ListItem\",\"position\":3,\"name\":\"Energim\u00e4tare\",\"item\":\"https:\\\/\\\/c-profil.se\\\/produkt-kategori\\\/energimatare\\\/\"},{\"@type\":\"ListItem\",\"position\":4,\"name\":\"Energim\u00e4tare | DPM-C530 \\\/ DPM-C530E\"}]},{\"@type\":\"WebSite\",\"@id\":\"https:\\\/\\\/c-profil.se\\\/#website\",\"url\":\"https:\\\/\\\/c-profil.se\\\/\",\"name\":\"C-Pro\",\"description\":\"Produkter f\u00f6r El och Automation\",\"publisher\":{\"@id\":\"https:\\\/\\\/c-profil.se\\\/#organization\"},\"potentialAction\":[{\"@type\":\"SearchAction\",\"target\":{\"@type\":\"EntryPoint\",\"urlTemplate\":\"https:\\\/\\\/c-profil.se\\\/?s={search_term_string}\"},\"query-input\":{\"@type\":\"PropertyValueSpecification\",\"valueRequired\":true,\"valueName\":\"search_term_string\"}}],\"inLanguage\":\"en\"},{\"@type\":\"Organization\",\"@id\":\"https:\\\/\\\/c-profil.se\\\/#organization\",\"name\":\"C-Pro\",\"alternateName\":\"C-PRO\",\"url\":\"https:\\\/\\\/c-profil.se\\\/\",\"logo\":{\"@type\":\"ImageObject\",\"inLanguage\":\"en\",\"@id\":\"https:\\\/\\\/c-profil.se\\\/#\\\/schema\\\/logo\\\/image\\\/\",\"url\":\"https:\\\/\\\/c-profil.se\\\/wp-content\\\/uploads\\\/2022\\\/03\\\/c-pro-logga-liggande-500x500-1.png\",\"contentUrl\":\"https:\\\/\\\/c-profil.se\\\/wp-content\\\/uploads\\\/2022\\\/03\\\/c-pro-logga-liggande-500x500-1.png\",\"width\":500,\"height\":500,\"caption\":\"C-Pro\"},\"image\":{\"@id\":\"https:\\\/\\\/c-profil.se\\\/#\\\/schema\\\/logo\\\/image\\\/\"},\"sameAs\":[\"https:\\\/\\\/www.facebook.com\\\/people\\\/C-Pro\\\/61561767306874\\\/\",\"https:\\\/\\\/www.linkedin.com\\\/company\\\/c-pro-ab\",\"https:\\\/\\\/www.instagram.com\\\/cpro.ab\\\/\"],\"description\":\"C-PRO AB \u00e4r en helt\u00e4ckande leverant\u00f6r av material f\u00f6r applikationer inom el och automation. \u00c4nda sedan starten 1987 har vi f\u00f6rsett den svenska tillverkande industrin med elmaterial. Trots v\u00e5r storlek och ledande position har vi aldrig \u00f6vergett v\u00e5r grundfilosofi, att vara en personlig leverant\u00f6r. Vi p\u00e5 C-PRO \u00e4r l\u00e4tta att komma i kontakt med, \u00e4rliga och brinner f\u00f6r att l\u00f6sa v\u00e5ra kunders problem.\",\"email\":\"info@c-profil.se\",\"telephone\":\"031575785\",\"legalName\":\"C-Profil F\u00f6rl\u00e4ggningsmaterial AB\",\"foundingDate\":\"1987-01-01\"}]}<\/script>\n<meta property=\"product:brand\" content=\"energibesparing\" \/>\n<meta property=\"product:price:currency\" content=\"SEK\" \/>\n<meta property=\"og:availability\" content=\"instock\" \/>\n<meta property=\"product:availability\" content=\"instock\" \/>\n<meta property=\"product:retailer_item_id\" content=\"DPM-C530 \/ DPM-C530E\" \/>\n<meta property=\"product:condition\" content=\"new\" \/>\n<!-- \/ Yoast SEO Premium plugin. -->","yoast_head_json":{"title":"Energy meter DPM-C530 \/ C530E | Panel-mounted energy meter - C-Pro","description":"Panel-mounted energy meters for industrial installations. DPM-C530 with RS-485 and DPM-C530E with dual Ethernet for energy measurement and power quality analysis.","robots":{"index":"index","follow":"follow","max-snippet":"max-snippet:-1","max-image-preview":"max-image-preview:large","max-video-preview":"max-video-preview:-1"},"canonical":"https:\/\/c-profil.se\/english\/product\/energy-feeder-dpm-c530-dpm-c530e\/","og_locale":"en_US","og_type":"article","og_title":"Energim\u00e4tare | DPM-C530 \/ DPM-C530E - C-Pro","og_description":"DPM-C530 och DPM-C530E \u00e4r panelmonterade energim\u00e4tare f\u00f6r noggrann m\u00e4tning och uppf\u00f6ljning av elf\u00f6rbrukning i industriella system och apparatsk\u00e5p. De m\u00e4ter sp\u00e4nning, str\u00f6m, effekt, energi och effektfaktor samt harmoniska upp till 31:a ordningen, vilket ger god insyn i b\u00e5de energif\u00f6rbrukning och elkvalitet. DPM-C530 \u00e4r basmodellen med RS-485 Modbus, medan DPM-C530E \u00e4ven har dubbel Ethernet-port med Modbus TCP f\u00f6r enkel integration i n\u00e4tverk och IIoT-system. B\u00e5da modellerna har tydlig punktmatris-display och st\u00f6d f\u00f6r datalogging, larm och multi-tariff, vilket g\u00f6r dem v\u00e4l l\u00e4mpade f\u00f6r energi\u00f6vervakning, analys och optimering.","og_url":"https:\/\/c-profil.se\/english\/product\/energy-feeder-dpm-c530-dpm-c530e\/","og_site_name":"C-Pro","article_publisher":"https:\/\/www.facebook.com\/people\/C-Pro\/61561767306874\/","article_modified_time":"2026-03-18T14:04:24+00:00","og_image":[{"width":1000,"height":1000,"url":"https:\/\/c-profil.se\/wp-content\/uploads\/2025\/11\/DPM\u2011C530-_-DPM\u2011C530E-ny.jpg","type":"image\/jpeg"}],"twitter_card":"summary_large_image","twitter_misc":{"Price":"","Availability":"In stock"},"schema":{"@context":"https:\/\/schema.org","@graph":[{"@type":"WebPage","@id":"https:\/\/c-profil.se\/produkt\/energimatare-dpm-c530-dpm-c530e\/","url":"https:\/\/c-profil.se\/produkt\/energimatare-dpm-c530-dpm-c530e\/","name":"Energy meter DPM-C530 \/ C530E | Panel-mounted energy meter - C-Pro","isPartOf":{"@id":"https:\/\/c-profil.se\/#website"},"primaryImageOfPage":{"@id":"https:\/\/c-profil.se\/produkt\/energimatare-dpm-c530-dpm-c530e\/#primaryimage"},"image":{"@id":"https:\/\/c-profil.se\/produkt\/energimatare-dpm-c530-dpm-c530e\/#primaryimage"},"thumbnailUrl":"https:\/\/c-profil.se\/wp-content\/uploads\/2025\/11\/DPM\u2011C530-_-DPM\u2011C530E-ny.jpg","datePublished":"2026-02-03T12:33:00+00:00","dateModified":"2026-03-18T14:04:24+00:00","description":"Panel-mounted energy meters for industrial installations. DPM-C530 with RS-485 and DPM-C530E with dual Ethernet for energy measurement and power quality analysis.","breadcrumb":{"@id":"https:\/\/c-profil.se\/produkt\/energimatare-dpm-c530-dpm-c530e\/#breadcrumb"},"inLanguage":"en","potentialAction":[{"@type":"ReadAction","target":["https:\/\/c-profil.se\/produkt\/energimatare-dpm-c530-dpm-c530e\/"]}]},{"@type":"ImageObject","inLanguage":"en","@id":"https:\/\/c-profil.se\/produkt\/energimatare-dpm-c530-dpm-c530e\/#primaryimage","url":"https:\/\/c-profil.se\/wp-content\/uploads\/2025\/11\/DPM\u2011C530-_-DPM\u2011C530E-ny.jpg","contentUrl":"https:\/\/c-profil.se\/wp-content\/uploads\/2025\/11\/DPM\u2011C530-_-DPM\u2011C530E-ny.jpg","width":1000,"height":1000,"caption":"Energim\u00e4tare DPM\u2011C530 | DPM\u2011C530E"},{"@type":"BreadcrumbList","@id":"https:\/\/c-profil.se\/produkt\/energimatare-dpm-c530-dpm-c530e\/#breadcrumb","itemListElement":[{"@type":"ListItem","position":1,"name":"Hem","item":"https:\/\/c-profil.se\/"},{"@type":"ListItem","position":2,"name":"Produkter","item":"https:\/\/c-profil.se\/produkter\/"},{"@type":"ListItem","position":3,"name":"Energim\u00e4tare","item":"https:\/\/c-profil.se\/produkt-kategori\/energimatare\/"},{"@type":"ListItem","position":4,"name":"Energim\u00e4tare | DPM-C530 \/ DPM-C530E"}]},{"@type":"WebSite","@id":"https:\/\/c-profil.se\/#website","url":"https:\/\/c-profil.se\/","name":"C-Pro","description":"Products for Electricity and Automation","publisher":{"@id":"https:\/\/c-profil.se\/#organization"},"potentialAction":[{"@type":"SearchAction","target":{"@type":"EntryPoint","urlTemplate":"https:\/\/c-profil.se\/?s={search_term_string}"},"query-input":{"@type":"PropertyValueSpecification","valueRequired":true,"valueName":"search_term_string"}}],"inLanguage":"en"},{"@type":"Organization","@id":"https:\/\/c-profil.se\/#organization","name":"C-Pro","alternateName":"C-PRO","url":"https:\/\/c-profil.se\/","logo":{"@type":"ImageObject","inLanguage":"en","@id":"https:\/\/c-profil.se\/#\/schema\/logo\/image\/","url":"https:\/\/c-profil.se\/wp-content\/uploads\/2022\/03\/c-pro-logga-liggande-500x500-1.png","contentUrl":"https:\/\/c-profil.se\/wp-content\/uploads\/2022\/03\/c-pro-logga-liggande-500x500-1.png","width":500,"height":500,"caption":"C-Pro"},"image":{"@id":"https:\/\/c-profil.se\/#\/schema\/logo\/image\/"},"sameAs":["https:\/\/www.facebook.com\/people\/C-Pro\/61561767306874\/","https:\/\/www.linkedin.com\/company\/c-pro-ab","https:\/\/www.instagram.com\/cpro.ab\/"],"description":"C-PRO AB is a comprehensive supplier of materials for applications in electricity and automation. Ever since the start in 1987, we have supplied the Swedish manufacturing industry with electrical materials. Despite our size and leading position, we have never abandoned our basic philosophy, to be a personal supplier. We at C-PRO are easy to get in touch with, honest and passionate about solving our customers&#039; problems.","email":"info@c-profil.se","telephone":"031575785","legalName":"C-Profil F\u00f6rl\u00e4ggningsmaterial AB","foundingDate":"1987-01-01"}]},"product_brand":"energibesparing","product_price_currency":"SEK","og_availability":"instock","product_availability":"instock","product_retailer_item_id":"DPM-C530 \/ DPM-C530E","product_condition":"new"},"_links":{"self":[{"href":"https:\/\/c-profil.se\/english\/wp-json\/wp\/v2\/product\/70799","targetHints":{"allow":["GET"]}}],"collection":[{"href":"https:\/\/c-profil.se\/english\/wp-json\/wp\/v2\/product"}],"about":[{"href":"https:\/\/c-profil.se\/english\/wp-json\/wp\/v2\/types\/product"}],"version-history":[{"count":5,"href":"https:\/\/c-profil.se\/english\/wp-json\/wp\/v2\/product\/70799\/revisions"}],"predecessor-version":[{"id":74000,"href":"https:\/\/c-profil.se\/english\/wp-json\/wp\/v2\/product\/70799\/revisions\/74000"}],"wp:featuredmedia":[{"embeddable":true,"href":"https:\/\/c-profil.se\/english\/wp-json\/wp\/v2\/media\/68081"}],"wp:attachment":[{"href":"https:\/\/c-profil.se\/english\/wp-json\/wp\/v2\/media?parent=70799"}],"wp:term":[{"taxonomy":"product_brand","embeddable":true,"href":"https:\/\/c-profil.se\/english\/wp-json\/wp\/v2\/product_brand?post=70799"},{"taxonomy":"product_cat","embeddable":true,"href":"https:\/\/c-profil.se\/english\/wp-json\/wp\/v2\/product_cat?post=70799"},{"taxonomy":"product_tag","embeddable":true,"href":"https:\/\/c-profil.se\/english\/wp-json\/wp\/v2\/product_tag?post=70799"}],"curies":[{"name":"wp","href":"https:\/\/api.w.org\/{rel}","templated":true}]}}