{"id":65409,"date":"2025-10-24T10:44:00","date_gmt":"2025-10-24T09:44:00","guid":{"rendered":"https:\/\/c-profil.se\/?post_type=product&#038;p=65409"},"modified":"2026-03-19T15:18:54","modified_gmt":"2026-03-19T14:18:54","slug":"lock-nut-emc-massing","status":"publish","type":"product","link":"https:\/\/c-profil.se\/english\/produkt\/kontramutter-emc-massing\/","title":{"rendered":"Lock nut | EMC"},"content":{"rendered":"<p><strong>The brass EMC lock nut is an accessory for secure fastening of EMC cable glands.<\/strong>, developed for applications with high electromagnetic compatibility requirements.<br \/>\nIt is used in non-threaded holes on enclosures and ensures reliable mechanical and electrical connection.<\/p>","protected":false},"excerpt":{"rendered":"<ul>\n<li><span dir=\"auto\">EMC Brass locknut for EMC applications of high-quality metal machines and housings.<\/span><\/li>\n<li><span dir=\"auto\">Secure attachment of EMC cable glands.<\/span><\/li>\n<\/ul>","protected":false},"featured_media":65411,"template":"","meta":{"_acf_changed":false},"product_brand":[734],"product_cat":[626,627],"product_tag":[991,975,1006,1005,957],"class_list":{"0":"post-65409","1":"product","2":"type-product","3":"status-publish","4":"has-post-thumbnail","6":"product_brand-bimed","7":"product_cat-kabelforskruvningar-emc","8":"product_cat-tillbehor-kabelforskruvningar","9":"product_tag-emc","10":"product_tag-fastsattning","11":"product_tag-kabelforskruvning","12":"product_tag-platbearbetning","13":"product_tag-potentialutjamning","15":"first","16":"instock","17":"shipping-taxable","18":"product-type-simple"},"acf":[],"yoast_head":"<!-- This site is optimized with the Yoast SEO Premium plugin v27.5 (Yoast SEO v27.5) - https:\/\/yoast.com\/product\/yoast-seo-premium-wordpress\/ -->\n<title>Kontramutter | EMC - C-Pro<\/title>\n<meta name=\"description\" content=\"Kontramutter EMC M\u00e4ssing f\u00f6r EMC-till\u00e4mpningar av h\u00f6gkvalitativa metallmaskiner och h\u00f6ljen.  S\u00e4ker fasts\u00e4ttning av EMC-kabelf\u00f6rskruvningar.\" \/>\n<meta name=\"robots\" content=\"index, follow, max-snippet:-1, max-image-preview:large, max-video-preview:-1\" \/>\n<link rel=\"canonical\" href=\"https:\/\/c-profil.se\/english\/product\/lock-nut-emc-massing\/\" \/>\n<meta property=\"og:locale\" content=\"en_US\" \/>\n<meta property=\"og:type\" content=\"article\" \/>\n<meta property=\"og:title\" content=\"Kontramutter | EMC - C-Pro\" \/>\n<meta property=\"og:description\" content=\"Kontramutter EMC M\u00e4ssing f\u00f6r EMC-till\u00e4mpningar av h\u00f6gkvalitativa metallmaskiner och h\u00f6ljen.  S\u00e4ker fasts\u00e4ttning av EMC-kabelf\u00f6rskruvningar.\" \/>\n<meta property=\"og:url\" content=\"https:\/\/c-profil.se\/english\/product\/lock-nut-emc-massing\/\" \/>\n<meta property=\"og:site_name\" content=\"C-Pro\" \/>\n<meta property=\"article:publisher\" content=\"https:\/\/www.facebook.com\/people\/C-Pro\/61561767306874\/\" \/>\n<meta property=\"article:modified_time\" content=\"2026-03-19T14:18:54+00:00\" \/>\n<meta property=\"og:image\" content=\"https:\/\/c-profil.se\/wp-content\/uploads\/2025\/10\/Kontramutter-EMC-i-Massing-1.jpg\" \/>\n\t<meta property=\"og:image:width\" content=\"1000\" \/>\n\t<meta property=\"og:image:height\" content=\"1000\" \/>\n\t<meta property=\"og:image:type\" content=\"image\/jpeg\" \/>\n<meta name=\"twitter:card\" content=\"summary_large_image\" \/>\n<meta name=\"twitter:label1\" content=\"Price\" \/>\n\t<meta name=\"twitter:data1\" content=\"\" \/>\n\t<meta name=\"twitter:label2\" content=\"Availability\" \/>\n\t<meta name=\"twitter:data2\" content=\"In stock\" \/>\n<script type=\"application\/ld+json\" class=\"yoast-schema-graph\">{\"@context\":\"https:\\\/\\\/schema.org\",\"@graph\":[{\"@type\":\"WebPage\",\"@id\":\"https:\\\/\\\/c-profil.se\\\/produkt\\\/kontramutter-emc-massing\\\/\",\"url\":\"https:\\\/\\\/c-profil.se\\\/produkt\\\/kontramutter-emc-massing\\\/\",\"name\":\"Kontramutter | EMC - C-Pro\",\"isPartOf\":{\"@id\":\"https:\\\/\\\/c-profil.se\\\/#website\"},\"primaryImageOfPage\":{\"@id\":\"https:\\\/\\\/c-profil.se\\\/produkt\\\/kontramutter-emc-massing\\\/#primaryimage\"},\"image\":{\"@id\":\"https:\\\/\\\/c-profil.se\\\/produkt\\\/kontramutter-emc-massing\\\/#primaryimage\"},\"thumbnailUrl\":\"https:\\\/\\\/c-profil.se\\\/wp-content\\\/uploads\\\/2025\\\/10\\\/Kontramutter-EMC-i-Massing-1.jpg\",\"datePublished\":\"2025-10-24T09:44:00+00:00\",\"dateModified\":\"2026-03-19T14:18:54+00:00\",\"description\":\"Kontramutter EMC M\u00e4ssing f\u00f6r EMC-till\u00e4mpningar av h\u00f6gkvalitativa metallmaskiner och h\u00f6ljen. S\u00e4ker fasts\u00e4ttning av EMC-kabelf\u00f6rskruvningar.\",\"breadcrumb\":{\"@id\":\"https:\\\/\\\/c-profil.se\\\/produkt\\\/kontramutter-emc-massing\\\/#breadcrumb\"},\"inLanguage\":\"en\",\"potentialAction\":[{\"@type\":\"ReadAction\",\"target\":[\"https:\\\/\\\/c-profil.se\\\/produkt\\\/kontramutter-emc-massing\\\/\"]}]},{\"@type\":\"ImageObject\",\"inLanguage\":\"en\",\"@id\":\"https:\\\/\\\/c-profil.se\\\/produkt\\\/kontramutter-emc-massing\\\/#primaryimage\",\"url\":\"https:\\\/\\\/c-profil.se\\\/wp-content\\\/uploads\\\/2025\\\/10\\\/Kontramutter-EMC-i-Massing-1.jpg\",\"contentUrl\":\"https:\\\/\\\/c-profil.se\\\/wp-content\\\/uploads\\\/2025\\\/10\\\/Kontramutter-EMC-i-Massing-1.jpg\",\"width\":1000,\"height\":1000,\"caption\":\"Kontramutter EMC i M\u00e4ssing 1\"},{\"@type\":\"BreadcrumbList\",\"@id\":\"https:\\\/\\\/c-profil.se\\\/produkt\\\/kontramutter-emc-massing\\\/#breadcrumb\",\"itemListElement\":[{\"@type\":\"ListItem\",\"position\":1,\"name\":\"Hem\",\"item\":\"https:\\\/\\\/c-profil.se\\\/\"},{\"@type\":\"ListItem\",\"position\":2,\"name\":\"Produkter\",\"item\":\"https:\\\/\\\/c-profil.se\\\/produkter\\\/\"},{\"@type\":\"ListItem\",\"position\":3,\"name\":\"Kabelf\u00f6rskruvningar EMC\",\"item\":\"https:\\\/\\\/c-profil.se\\\/produkt-kategori\\\/kabelforskruvningar-emc\\\/\"},{\"@type\":\"ListItem\",\"position\":4,\"name\":\"Kontramutter | EMC\"}]},{\"@type\":\"WebSite\",\"@id\":\"https:\\\/\\\/c-profil.se\\\/#website\",\"url\":\"https:\\\/\\\/c-profil.se\\\/\",\"name\":\"C-Pro\",\"description\":\"Produkter f\u00f6r El och Automation\",\"publisher\":{\"@id\":\"https:\\\/\\\/c-profil.se\\\/#organization\"},\"potentialAction\":[{\"@type\":\"SearchAction\",\"target\":{\"@type\":\"EntryPoint\",\"urlTemplate\":\"https:\\\/\\\/c-profil.se\\\/?s={search_term_string}\"},\"query-input\":{\"@type\":\"PropertyValueSpecification\",\"valueRequired\":true,\"valueName\":\"search_term_string\"}}],\"inLanguage\":\"en\"},{\"@type\":\"Organization\",\"@id\":\"https:\\\/\\\/c-profil.se\\\/#organization\",\"name\":\"C-Pro\",\"alternateName\":\"C-PRO\",\"url\":\"https:\\\/\\\/c-profil.se\\\/\",\"logo\":{\"@type\":\"ImageObject\",\"inLanguage\":\"en\",\"@id\":\"https:\\\/\\\/c-profil.se\\\/#\\\/schema\\\/logo\\\/image\\\/\",\"url\":\"https:\\\/\\\/c-profil.se\\\/wp-content\\\/uploads\\\/2022\\\/03\\\/c-pro-logga-liggande-500x500-1.png\",\"contentUrl\":\"https:\\\/\\\/c-profil.se\\\/wp-content\\\/uploads\\\/2022\\\/03\\\/c-pro-logga-liggande-500x500-1.png\",\"width\":500,\"height\":500,\"caption\":\"C-Pro\"},\"image\":{\"@id\":\"https:\\\/\\\/c-profil.se\\\/#\\\/schema\\\/logo\\\/image\\\/\"},\"sameAs\":[\"https:\\\/\\\/www.facebook.com\\\/people\\\/C-Pro\\\/61561767306874\\\/\",\"https:\\\/\\\/www.linkedin.com\\\/company\\\/c-pro-ab\",\"https:\\\/\\\/www.instagram.com\\\/cpro.ab\\\/\"],\"description\":\"C-PRO AB \u00e4r en helt\u00e4ckande leverant\u00f6r av material f\u00f6r applikationer inom el och automation. \u00c4nda sedan starten 1987 har vi f\u00f6rsett den svenska tillverkande industrin med elmaterial. Trots v\u00e5r storlek och ledande position har vi aldrig \u00f6vergett v\u00e5r grundfilosofi, att vara en personlig leverant\u00f6r. Vi p\u00e5 C-PRO \u00e4r l\u00e4tta att komma i kontakt med, \u00e4rliga och brinner f\u00f6r att l\u00f6sa v\u00e5ra kunders problem.\",\"email\":\"info@c-profil.se\",\"telephone\":\"031575785\",\"legalName\":\"C-Profil F\u00f6rl\u00e4ggningsmaterial AB\",\"foundingDate\":\"1987-01-01\"}]}<\/script>\n<meta property=\"product:brand\" content=\"emc\" \/>\n<meta property=\"product:price:currency\" content=\"SEK\" \/>\n<meta property=\"og:availability\" content=\"instock\" \/>\n<meta property=\"product:availability\" content=\"instock\" \/>\n<meta property=\"product:retailer_item_id\" content=\"Kontramutter | EMC\" \/>\n<meta property=\"product:condition\" content=\"new\" \/>\n<!-- \/ Yoast SEO Premium plugin. -->","yoast_head_json":{"title":"Locknut | EMC - C-Pro","description":"EMC lock nut Brass for EMC applications of high-quality metal machines and housings. Secure fastening of EMC cable glands.","robots":{"index":"index","follow":"follow","max-snippet":"max-snippet:-1","max-image-preview":"max-image-preview:large","max-video-preview":"max-video-preview:-1"},"canonical":"https:\/\/c-profil.se\/english\/product\/lock-nut-emc-massing\/","og_locale":"en_US","og_type":"article","og_title":"Kontramutter | EMC - C-Pro","og_description":"Kontramutter EMC M\u00e4ssing f\u00f6r EMC-till\u00e4mpningar av h\u00f6gkvalitativa metallmaskiner och h\u00f6ljen.  S\u00e4ker fasts\u00e4ttning av EMC-kabelf\u00f6rskruvningar.","og_url":"https:\/\/c-profil.se\/english\/product\/lock-nut-emc-massing\/","og_site_name":"C-Pro","article_publisher":"https:\/\/www.facebook.com\/people\/C-Pro\/61561767306874\/","article_modified_time":"2026-03-19T14:18:54+00:00","og_image":[{"width":1000,"height":1000,"url":"https:\/\/c-profil.se\/wp-content\/uploads\/2025\/10\/Kontramutter-EMC-i-Massing-1.jpg","type":"image\/jpeg"}],"twitter_card":"summary_large_image","twitter_misc":{"Price":"","Availability":"In stock"},"schema":{"@context":"https:\/\/schema.org","@graph":[{"@type":"WebPage","@id":"https:\/\/c-profil.se\/produkt\/kontramutter-emc-massing\/","url":"https:\/\/c-profil.se\/produkt\/kontramutter-emc-massing\/","name":"Locknut | EMC - C-Pro","isPartOf":{"@id":"https:\/\/c-profil.se\/#website"},"primaryImageOfPage":{"@id":"https:\/\/c-profil.se\/produkt\/kontramutter-emc-massing\/#primaryimage"},"image":{"@id":"https:\/\/c-profil.se\/produkt\/kontramutter-emc-massing\/#primaryimage"},"thumbnailUrl":"https:\/\/c-profil.se\/wp-content\/uploads\/2025\/10\/Kontramutter-EMC-i-Massing-1.jpg","datePublished":"2025-10-24T09:44:00+00:00","dateModified":"2026-03-19T14:18:54+00:00","description":"EMC lock nut Brass for EMC applications of high-quality metal machines and housings. Secure fastening of EMC cable glands.","breadcrumb":{"@id":"https:\/\/c-profil.se\/produkt\/kontramutter-emc-massing\/#breadcrumb"},"inLanguage":"en","potentialAction":[{"@type":"ReadAction","target":["https:\/\/c-profil.se\/produkt\/kontramutter-emc-massing\/"]}]},{"@type":"ImageObject","inLanguage":"en","@id":"https:\/\/c-profil.se\/produkt\/kontramutter-emc-massing\/#primaryimage","url":"https:\/\/c-profil.se\/wp-content\/uploads\/2025\/10\/Kontramutter-EMC-i-Massing-1.jpg","contentUrl":"https:\/\/c-profil.se\/wp-content\/uploads\/2025\/10\/Kontramutter-EMC-i-Massing-1.jpg","width":1000,"height":1000,"caption":"Kontramutter EMC i M\u00e4ssing 1"},{"@type":"BreadcrumbList","@id":"https:\/\/c-profil.se\/produkt\/kontramutter-emc-massing\/#breadcrumb","itemListElement":[{"@type":"ListItem","position":1,"name":"Hem","item":"https:\/\/c-profil.se\/"},{"@type":"ListItem","position":2,"name":"Produkter","item":"https:\/\/c-profil.se\/produkter\/"},{"@type":"ListItem","position":3,"name":"Kabelf\u00f6rskruvningar EMC","item":"https:\/\/c-profil.se\/produkt-kategori\/kabelforskruvningar-emc\/"},{"@type":"ListItem","position":4,"name":"Kontramutter | EMC"}]},{"@type":"WebSite","@id":"https:\/\/c-profil.se\/#website","url":"https:\/\/c-profil.se\/","name":"C-Pro","description":"Products for Electricity and Automation","publisher":{"@id":"https:\/\/c-profil.se\/#organization"},"potentialAction":[{"@type":"SearchAction","target":{"@type":"EntryPoint","urlTemplate":"https:\/\/c-profil.se\/?s={search_term_string}"},"query-input":{"@type":"PropertyValueSpecification","valueRequired":true,"valueName":"search_term_string"}}],"inLanguage":"en"},{"@type":"Organization","@id":"https:\/\/c-profil.se\/#organization","name":"C-Pro","alternateName":"C-PRO","url":"https:\/\/c-profil.se\/","logo":{"@type":"ImageObject","inLanguage":"en","@id":"https:\/\/c-profil.se\/#\/schema\/logo\/image\/","url":"https:\/\/c-profil.se\/wp-content\/uploads\/2022\/03\/c-pro-logga-liggande-500x500-1.png","contentUrl":"https:\/\/c-profil.se\/wp-content\/uploads\/2022\/03\/c-pro-logga-liggande-500x500-1.png","width":500,"height":500,"caption":"C-Pro"},"image":{"@id":"https:\/\/c-profil.se\/#\/schema\/logo\/image\/"},"sameAs":["https:\/\/www.facebook.com\/people\/C-Pro\/61561767306874\/","https:\/\/www.linkedin.com\/company\/c-pro-ab","https:\/\/www.instagram.com\/cpro.ab\/"],"description":"C-PRO AB is a comprehensive supplier of materials for applications in electricity and automation. Ever since the start in 1987, we have supplied the Swedish manufacturing industry with electrical materials. Despite our size and leading position, we have never abandoned our basic philosophy, to be a personal supplier. We at C-PRO are easy to get in touch with, honest and passionate about solving our customers&#039; problems.","email":"info@c-profil.se","telephone":"031575785","legalName":"C-Profil F\u00f6rl\u00e4ggningsmaterial AB","foundingDate":"1987-01-01"}]},"product_brand":"emc","product_price_currency":"SEK","og_availability":"instock","product_availability":"instock","product_retailer_item_id":"Kontramutter | EMC","product_condition":"new"},"_links":{"self":[{"href":"https:\/\/c-profil.se\/english\/wp-json\/wp\/v2\/product\/65409","targetHints":{"allow":["GET"]}}],"collection":[{"href":"https:\/\/c-profil.se\/english\/wp-json\/wp\/v2\/product"}],"about":[{"href":"https:\/\/c-profil.se\/english\/wp-json\/wp\/v2\/types\/product"}],"version-history":[{"count":5,"href":"https:\/\/c-profil.se\/english\/wp-json\/wp\/v2\/product\/65409\/revisions"}],"predecessor-version":[{"id":74247,"href":"https:\/\/c-profil.se\/english\/wp-json\/wp\/v2\/product\/65409\/revisions\/74247"}],"wp:featuredmedia":[{"embeddable":true,"href":"https:\/\/c-profil.se\/english\/wp-json\/wp\/v2\/media\/65411"}],"wp:attachment":[{"href":"https:\/\/c-profil.se\/english\/wp-json\/wp\/v2\/media?parent=65409"}],"wp:term":[{"taxonomy":"product_brand","embeddable":true,"href":"https:\/\/c-profil.se\/english\/wp-json\/wp\/v2\/product_brand?post=65409"},{"taxonomy":"product_cat","embeddable":true,"href":"https:\/\/c-profil.se\/english\/wp-json\/wp\/v2\/product_cat?post=65409"},{"taxonomy":"product_tag","embeddable":true,"href":"https:\/\/c-profil.se\/english\/wp-json\/wp\/v2\/product_tag?post=65409"}],"curies":[{"name":"wp","href":"https:\/\/api.w.org\/{rel}","templated":true}]}}