{"id":60883,"date":"2025-08-26T10:51:00","date_gmt":"2025-08-26T09:51:00","guid":{"rendered":"https:\/\/c-profil.se\/?post_type=product&#038;p=60883"},"modified":"2026-03-19T15:27:22","modified_gmt":"2026-03-19T14:27:22","slug":"horizontal-door-rail-ectp","status":"publish","type":"product","link":"https:\/\/c-profil.se\/english\/produkt\/dorrskena-horisontell-ectp\/","title":{"rendered":"Door rail horizontal | ECTP"},"content":{"rendered":"","protected":false},"excerpt":{"rendered":"<p>Door crosspiece designed to facilitate the passage of cables or pipes. Solution with 25 mm drilling distance and 4.5 mm holes in the vertical profiles of the door.<\/p>\n<p><strong>Content:<\/strong> Delivery includes 10 pieces complete with mounting accessories.<br \/>\n<strong>St\/fp:<\/strong> 10 pcs.<\/p>","protected":false},"featured_media":53865,"template":"","meta":{"_acf_changed":false},"product_brand":[738],"product_cat":[18],"product_tag":[940,975,968],"class_list":{"0":"post-60883","1":"product","2":"type-product","3":"status-publish","4":"has-post-thumbnail","6":"product_brand-eta","7":"product_cat-okategoriserad","8":"product_tag-apparatskap","9":"product_tag-fastsattning","10":"product_tag-montage","12":"first","13":"instock","14":"shipping-taxable","15":"product-type-simple"},"acf":[],"yoast_head":"<!-- This site is optimized with the Yoast SEO Premium plugin v27.5 (Yoast SEO v27.5) - https:\/\/yoast.com\/product\/yoast-seo-premium-wordpress\/ -->\n<title>D\u00f6rrskena horisontell | ECTP - C-Pro<\/title>\n<meta name=\"description\" content=\"D\u00f6rrtv\u00e4rstycke utformat f\u00f6r att underl\u00e4tta passage av kablar eller r\u00f6r. L\u00f6sning med 25 mm borravst\u00e5nd och 4,5 mm h\u00e5l i d\u00f6rrens vertikala profiler.  Inneh\u00e5ll: Leveransen inkluderar nr 10 stycken kompletta med monteringstillbeh\u00f6r. St\/fp: 10 st.\" \/>\n<meta name=\"robots\" content=\"index, follow, max-snippet:-1, max-image-preview:large, max-video-preview:-1\" \/>\n<link rel=\"canonical\" href=\"https:\/\/c-profil.se\/english\/product\/horizontal-door-rail-ectp\/\" \/>\n<meta property=\"og:locale\" content=\"en_US\" \/>\n<meta property=\"og:type\" content=\"article\" \/>\n<meta property=\"og:title\" content=\"D\u00f6rrskena horisontell | ECTP - C-Pro\" \/>\n<meta property=\"og:description\" content=\"D\u00f6rrtv\u00e4rstycke utformat f\u00f6r att underl\u00e4tta passage av kablar eller r\u00f6r. L\u00f6sning med 25 mm borravst\u00e5nd och 4,5 mm h\u00e5l i d\u00f6rrens vertikala profiler.  Inneh\u00e5ll: Leveransen inkluderar nr 10 stycken kompletta med monteringstillbeh\u00f6r. St\/fp: 10 st.\" \/>\n<meta property=\"og:url\" content=\"https:\/\/c-profil.se\/english\/product\/horizontal-door-rail-ectp\/\" \/>\n<meta property=\"og:site_name\" content=\"C-Pro\" \/>\n<meta property=\"article:publisher\" content=\"https:\/\/www.facebook.com\/people\/C-Pro\/61561767306874\/\" \/>\n<meta property=\"article:modified_time\" content=\"2026-03-19T14:27:22+00:00\" \/>\n<meta property=\"og:image\" content=\"https:\/\/c-profil.se\/wp-content\/uploads\/2025\/02\/Horisontell-dorrskena-E-COR.jpg\" \/>\n\t<meta property=\"og:image:width\" content=\"1000\" \/>\n\t<meta property=\"og:image:height\" content=\"1000\" \/>\n\t<meta property=\"og:image:type\" content=\"image\/jpeg\" \/>\n<meta name=\"twitter:card\" content=\"summary_large_image\" \/>\n<meta name=\"twitter:label1\" content=\"Price\" \/>\n\t<meta name=\"twitter:data1\" content=\"\" \/>\n\t<meta name=\"twitter:label2\" content=\"Availability\" \/>\n\t<meta name=\"twitter:data2\" content=\"In stock\" \/>\n<script type=\"application\/ld+json\" class=\"yoast-schema-graph\">{\"@context\":\"https:\\\/\\\/schema.org\",\"@graph\":[{\"@type\":\"WebPage\",\"@id\":\"https:\\\/\\\/c-profil.se\\\/produkt\\\/dorrskena-horisontell-ectp\\\/\",\"url\":\"https:\\\/\\\/c-profil.se\\\/produkt\\\/dorrskena-horisontell-ectp\\\/\",\"name\":\"D\u00f6rrskena horisontell | ECTP - C-Pro\",\"isPartOf\":{\"@id\":\"https:\\\/\\\/c-profil.se\\\/#website\"},\"primaryImageOfPage\":{\"@id\":\"https:\\\/\\\/c-profil.se\\\/produkt\\\/dorrskena-horisontell-ectp\\\/#primaryimage\"},\"image\":{\"@id\":\"https:\\\/\\\/c-profil.se\\\/produkt\\\/dorrskena-horisontell-ectp\\\/#primaryimage\"},\"thumbnailUrl\":\"https:\\\/\\\/c-profil.se\\\/wp-content\\\/uploads\\\/2025\\\/02\\\/Horisontell-dorrskena-E-COR.jpg\",\"datePublished\":\"2025-08-26T09:51:00+00:00\",\"dateModified\":\"2026-03-19T14:27:22+00:00\",\"description\":\"D\u00f6rrtv\u00e4rstycke utformat f\u00f6r att underl\u00e4tta passage av kablar eller r\u00f6r. L\u00f6sning med 25 mm borravst\u00e5nd och 4,5 mm h\u00e5l i d\u00f6rrens vertikala profiler. Inneh\u00e5ll: Leveransen inkluderar nr 10 stycken kompletta med monteringstillbeh\u00f6r. St\\\/fp: 10 st.\",\"breadcrumb\":{\"@id\":\"https:\\\/\\\/c-profil.se\\\/produkt\\\/dorrskena-horisontell-ectp\\\/#breadcrumb\"},\"inLanguage\":\"en\",\"potentialAction\":[{\"@type\":\"ReadAction\",\"target\":[\"https:\\\/\\\/c-profil.se\\\/produkt\\\/dorrskena-horisontell-ectp\\\/\"]}]},{\"@type\":\"ImageObject\",\"inLanguage\":\"en\",\"@id\":\"https:\\\/\\\/c-profil.se\\\/produkt\\\/dorrskena-horisontell-ectp\\\/#primaryimage\",\"url\":\"https:\\\/\\\/c-profil.se\\\/wp-content\\\/uploads\\\/2025\\\/02\\\/Horisontell-dorrskena-E-COR.jpg\",\"contentUrl\":\"https:\\\/\\\/c-profil.se\\\/wp-content\\\/uploads\\\/2025\\\/02\\\/Horisontell-dorrskena-E-COR.jpg\",\"width\":1000,\"height\":1000,\"caption\":\"D\u00f6rrskena horisontell \\\/ ECTP\"},{\"@type\":\"BreadcrumbList\",\"@id\":\"https:\\\/\\\/c-profil.se\\\/produkt\\\/dorrskena-horisontell-ectp\\\/#breadcrumb\",\"itemListElement\":[{\"@type\":\"ListItem\",\"position\":1,\"name\":\"Hem\",\"item\":\"https:\\\/\\\/c-profil.se\\\/\"},{\"@type\":\"ListItem\",\"position\":2,\"name\":\"Produkter\",\"item\":\"https:\\\/\\\/c-profil.se\\\/produkter\\\/\"},{\"@type\":\"ListItem\",\"position\":3,\"name\":\"Apparatsk\u00e5p i Pl\u00e5t\",\"item\":\"https:\\\/\\\/c-profil.se\\\/produkt-kategori\\\/apparatskap-plat\\\/\"},{\"@type\":\"ListItem\",\"position\":4,\"name\":\"Apparatsk\u00e5p E COR Nordic\",\"item\":\"https:\\\/\\\/c-profil.se\\\/produkt-kategori\\\/apparatskap-plat\\\/apparatskap-e-cor-nordic\\\/\"},{\"@type\":\"ListItem\",\"position\":5,\"name\":\"D\u00f6rrskena horisontell | ECTP\"}]},{\"@type\":\"WebSite\",\"@id\":\"https:\\\/\\\/c-profil.se\\\/#website\",\"url\":\"https:\\\/\\\/c-profil.se\\\/\",\"name\":\"C-Pro\",\"description\":\"Produkter f\u00f6r El och Automation\",\"publisher\":{\"@id\":\"https:\\\/\\\/c-profil.se\\\/#organization\"},\"potentialAction\":[{\"@type\":\"SearchAction\",\"target\":{\"@type\":\"EntryPoint\",\"urlTemplate\":\"https:\\\/\\\/c-profil.se\\\/?s={search_term_string}\"},\"query-input\":{\"@type\":\"PropertyValueSpecification\",\"valueRequired\":true,\"valueName\":\"search_term_string\"}}],\"inLanguage\":\"en\"},{\"@type\":\"Organization\",\"@id\":\"https:\\\/\\\/c-profil.se\\\/#organization\",\"name\":\"C-Pro\",\"alternateName\":\"C-PRO\",\"url\":\"https:\\\/\\\/c-profil.se\\\/\",\"logo\":{\"@type\":\"ImageObject\",\"inLanguage\":\"en\",\"@id\":\"https:\\\/\\\/c-profil.se\\\/#\\\/schema\\\/logo\\\/image\\\/\",\"url\":\"https:\\\/\\\/c-profil.se\\\/wp-content\\\/uploads\\\/2022\\\/03\\\/c-pro-logga-liggande-500x500-1.png\",\"contentUrl\":\"https:\\\/\\\/c-profil.se\\\/wp-content\\\/uploads\\\/2022\\\/03\\\/c-pro-logga-liggande-500x500-1.png\",\"width\":500,\"height\":500,\"caption\":\"C-Pro\"},\"image\":{\"@id\":\"https:\\\/\\\/c-profil.se\\\/#\\\/schema\\\/logo\\\/image\\\/\"},\"sameAs\":[\"https:\\\/\\\/www.facebook.com\\\/people\\\/C-Pro\\\/61561767306874\\\/\",\"https:\\\/\\\/www.linkedin.com\\\/company\\\/c-pro-ab\",\"https:\\\/\\\/www.instagram.com\\\/cpro.ab\\\/\"],\"description\":\"C-PRO AB \u00e4r en helt\u00e4ckande leverant\u00f6r av material f\u00f6r applikationer inom el och automation. \u00c4nda sedan starten 1987 har vi f\u00f6rsett den svenska tillverkande industrin med elmaterial. Trots v\u00e5r storlek och ledande position har vi aldrig \u00f6vergett v\u00e5r grundfilosofi, att vara en personlig leverant\u00f6r. Vi p\u00e5 C-PRO \u00e4r l\u00e4tta att komma i kontakt med, \u00e4rliga och brinner f\u00f6r att l\u00f6sa v\u00e5ra kunders problem.\",\"email\":\"info@c-profil.se\",\"telephone\":\"031575785\",\"legalName\":\"C-Profil F\u00f6rl\u00e4ggningsmaterial AB\",\"foundingDate\":\"1987-01-01\"}]}<\/script>\n<meta property=\"product:brand\" content=\"apparatsk\u00e5p\" \/>\n<meta property=\"product:price:currency\" content=\"SEK\" \/>\n<meta property=\"og:availability\" content=\"instock\" \/>\n<meta property=\"product:availability\" content=\"instock\" \/>\n<meta property=\"product:retailer_item_id\" content=\"ECTP\" \/>\n<meta property=\"product:condition\" content=\"new\" \/>\n<!-- \/ Yoast SEO Premium plugin. -->","yoast_head_json":{"title":"Door rail horizontal | ECTP - C-Pro","description":"Door crosspiece designed to facilitate the passage of cables or pipes. Solution with 25 mm drilling distance and 4.5 mm holes in the vertical profiles of the door. Contents: Delivery includes no. 10 pieces complete with mounting accessories. Qty\/box: 10 pcs.","robots":{"index":"index","follow":"follow","max-snippet":"max-snippet:-1","max-image-preview":"max-image-preview:large","max-video-preview":"max-video-preview:-1"},"canonical":"https:\/\/c-profil.se\/english\/product\/horizontal-door-rail-ectp\/","og_locale":"en_US","og_type":"article","og_title":"D\u00f6rrskena horisontell | ECTP - C-Pro","og_description":"D\u00f6rrtv\u00e4rstycke utformat f\u00f6r att underl\u00e4tta passage av kablar eller r\u00f6r. L\u00f6sning med 25 mm borravst\u00e5nd och 4,5 mm h\u00e5l i d\u00f6rrens vertikala profiler.  Inneh\u00e5ll: Leveransen inkluderar nr 10 stycken kompletta med monteringstillbeh\u00f6r. St\/fp: 10 st.","og_url":"https:\/\/c-profil.se\/english\/product\/horizontal-door-rail-ectp\/","og_site_name":"C-Pro","article_publisher":"https:\/\/www.facebook.com\/people\/C-Pro\/61561767306874\/","article_modified_time":"2026-03-19T14:27:22+00:00","og_image":[{"width":1000,"height":1000,"url":"https:\/\/c-profil.se\/wp-content\/uploads\/2025\/02\/Horisontell-dorrskena-E-COR.jpg","type":"image\/jpeg"}],"twitter_card":"summary_large_image","twitter_misc":{"Price":"","Availability":"In stock"},"schema":{"@context":"https:\/\/schema.org","@graph":[{"@type":"WebPage","@id":"https:\/\/c-profil.se\/produkt\/dorrskena-horisontell-ectp\/","url":"https:\/\/c-profil.se\/produkt\/dorrskena-horisontell-ectp\/","name":"Door rail horizontal | ECTP - C-Pro","isPartOf":{"@id":"https:\/\/c-profil.se\/#website"},"primaryImageOfPage":{"@id":"https:\/\/c-profil.se\/produkt\/dorrskena-horisontell-ectp\/#primaryimage"},"image":{"@id":"https:\/\/c-profil.se\/produkt\/dorrskena-horisontell-ectp\/#primaryimage"},"thumbnailUrl":"https:\/\/c-profil.se\/wp-content\/uploads\/2025\/02\/Horisontell-dorrskena-E-COR.jpg","datePublished":"2025-08-26T09:51:00+00:00","dateModified":"2026-03-19T14:27:22+00:00","description":"Door crosspiece designed to facilitate the passage of cables or pipes. Solution with 25 mm drilling distance and 4.5 mm holes in the vertical profiles of the door. Contents: Delivery includes no. 10 pieces complete with mounting accessories. Qty\/box: 10 pcs.","breadcrumb":{"@id":"https:\/\/c-profil.se\/produkt\/dorrskena-horisontell-ectp\/#breadcrumb"},"inLanguage":"en","potentialAction":[{"@type":"ReadAction","target":["https:\/\/c-profil.se\/produkt\/dorrskena-horisontell-ectp\/"]}]},{"@type":"ImageObject","inLanguage":"en","@id":"https:\/\/c-profil.se\/produkt\/dorrskena-horisontell-ectp\/#primaryimage","url":"https:\/\/c-profil.se\/wp-content\/uploads\/2025\/02\/Horisontell-dorrskena-E-COR.jpg","contentUrl":"https:\/\/c-profil.se\/wp-content\/uploads\/2025\/02\/Horisontell-dorrskena-E-COR.jpg","width":1000,"height":1000,"caption":"D\u00f6rrskena horisontell \/ ECTP"},{"@type":"BreadcrumbList","@id":"https:\/\/c-profil.se\/produkt\/dorrskena-horisontell-ectp\/#breadcrumb","itemListElement":[{"@type":"ListItem","position":1,"name":"Hem","item":"https:\/\/c-profil.se\/"},{"@type":"ListItem","position":2,"name":"Produkter","item":"https:\/\/c-profil.se\/produkter\/"},{"@type":"ListItem","position":3,"name":"Apparatsk\u00e5p i Pl\u00e5t","item":"https:\/\/c-profil.se\/produkt-kategori\/apparatskap-plat\/"},{"@type":"ListItem","position":4,"name":"Apparatsk\u00e5p E COR Nordic","item":"https:\/\/c-profil.se\/produkt-kategori\/apparatskap-plat\/apparatskap-e-cor-nordic\/"},{"@type":"ListItem","position":5,"name":"D\u00f6rrskena horisontell | ECTP"}]},{"@type":"WebSite","@id":"https:\/\/c-profil.se\/#website","url":"https:\/\/c-profil.se\/","name":"C-Pro","description":"Products for Electricity and Automation","publisher":{"@id":"https:\/\/c-profil.se\/#organization"},"potentialAction":[{"@type":"SearchAction","target":{"@type":"EntryPoint","urlTemplate":"https:\/\/c-profil.se\/?s={search_term_string}"},"query-input":{"@type":"PropertyValueSpecification","valueRequired":true,"valueName":"search_term_string"}}],"inLanguage":"en"},{"@type":"Organization","@id":"https:\/\/c-profil.se\/#organization","name":"C-Pro","alternateName":"C-PRO","url":"https:\/\/c-profil.se\/","logo":{"@type":"ImageObject","inLanguage":"en","@id":"https:\/\/c-profil.se\/#\/schema\/logo\/image\/","url":"https:\/\/c-profil.se\/wp-content\/uploads\/2022\/03\/c-pro-logga-liggande-500x500-1.png","contentUrl":"https:\/\/c-profil.se\/wp-content\/uploads\/2022\/03\/c-pro-logga-liggande-500x500-1.png","width":500,"height":500,"caption":"C-Pro"},"image":{"@id":"https:\/\/c-profil.se\/#\/schema\/logo\/image\/"},"sameAs":["https:\/\/www.facebook.com\/people\/C-Pro\/61561767306874\/","https:\/\/www.linkedin.com\/company\/c-pro-ab","https:\/\/www.instagram.com\/cpro.ab\/"],"description":"C-PRO AB is a comprehensive supplier of materials for applications in electricity and automation. Ever since the start in 1987, we have supplied the Swedish manufacturing industry with electrical materials. Despite our size and leading position, we have never abandoned our basic philosophy, to be a personal supplier. We at C-PRO are easy to get in touch with, honest and passionate about solving our customers&#039; problems.","email":"info@c-profil.se","telephone":"031575785","legalName":"C-Profil F\u00f6rl\u00e4ggningsmaterial AB","foundingDate":"1987-01-01"}]},"product_brand":"apparatsk\u00e5p","product_price_currency":"SEK","og_availability":"instock","product_availability":"instock","product_retailer_item_id":"ECTP","product_condition":"new"},"_links":{"self":[{"href":"https:\/\/c-profil.se\/english\/wp-json\/wp\/v2\/product\/60883","targetHints":{"allow":["GET"]}}],"collection":[{"href":"https:\/\/c-profil.se\/english\/wp-json\/wp\/v2\/product"}],"about":[{"href":"https:\/\/c-profil.se\/english\/wp-json\/wp\/v2\/types\/product"}],"version-history":[{"count":4,"href":"https:\/\/c-profil.se\/english\/wp-json\/wp\/v2\/product\/60883\/revisions"}],"predecessor-version":[{"id":74192,"href":"https:\/\/c-profil.se\/english\/wp-json\/wp\/v2\/product\/60883\/revisions\/74192"}],"wp:featuredmedia":[{"embeddable":true,"href":"https:\/\/c-profil.se\/english\/wp-json\/wp\/v2\/media\/53865"}],"wp:attachment":[{"href":"https:\/\/c-profil.se\/english\/wp-json\/wp\/v2\/media?parent=60883"}],"wp:term":[{"taxonomy":"product_brand","embeddable":true,"href":"https:\/\/c-profil.se\/english\/wp-json\/wp\/v2\/product_brand?post=60883"},{"taxonomy":"product_cat","embeddable":true,"href":"https:\/\/c-profil.se\/english\/wp-json\/wp\/v2\/product_cat?post=60883"},{"taxonomy":"product_tag","embeddable":true,"href":"https:\/\/c-profil.se\/english\/wp-json\/wp\/v2\/product_tag?post=60883"}],"curies":[{"name":"wp","href":"https:\/\/api.w.org\/{rel}","templated":true}]}}