{"id":58569,"date":"2025-06-23T10:59:00","date_gmt":"2025-06-23T09:59:00","guid":{"rendered":"https:\/\/c-profil.se\/?post_type=product&#038;p=58569"},"modified":"2026-04-23T13:41:43","modified_gmt":"2026-04-23T12:41:43","slug":"cable-glands-dt-polyamide","status":"publish","type":"product","link":"https:\/\/c-profil.se\/english\/produkt\/kabelforskruvningar-dt-polyamid\/","title":{"rendered":"Cable glands | DT Polyamide"},"content":{"rendered":"<p><strong>Cable gland DT in polyamide is an industrial gland with double seal<\/strong>, developed for reliable sealing and strain relief over a wide range of cable diameters.<br \/>\nThe screw connection is based on proven sealing technology, is easy to install and meets current international approvals for industrial standard applications.<\/p>","protected":false},"excerpt":{"rendered":"<p>Cable glands DT Polyamid is a gland with <strong>double seal<\/strong>These cable glands are manufactured with <strong>two nested seals <\/strong>which enables reliable sealing for a <strong>wider variety of cable diameters<\/strong>. With proven sealing technology and international approvals, you can be sure that these cable glands meet the highest standards. Whether it's heavy industry or other demanding applications, these polyamide cable glands are a reliable choice for your needs.<\/p>\n<ul>\n<li>For standard industrial applications<\/li>\n<li>UL and VDE certified along with various other approvals - see technical data for full details<\/li>\n<li>Fast and easy mounting<\/li>\n<li>High quality strain relief and sealing, reliable performance for standard industrial applications<\/li>\n<li>Current international approvals<\/li>\n<\/ul>","protected":false},"featured_media":58575,"template":"","meta":{"_acf_changed":false},"product_brand":[734],"product_cat":[624],"product_tag":[1006,938,1005,939],"class_list":{"0":"post-58569","1":"product","2":"type-product","3":"status-publish","4":"has-post-thumbnail","6":"product_brand-bimed","7":"product_cat-kabelforskruvningar-i-plast","8":"product_tag-kabelforskruvning","9":"product_tag-kabelinforing","10":"product_tag-platbearbetning","11":"product_tag-tatning","13":"first","14":"instock","15":"shipping-taxable","16":"product-type-simple"},"acf":[],"yoast_head":"<!-- This site is optimized with the Yoast SEO Premium plugin v27.6 (Yoast SEO v27.6) - https:\/\/yoast.com\/product\/yoast-seo-premium-wordpress\/ -->\n<title>Kabelf\u00f6rskruvningar | DT Polyamid - C-Pro<\/title>\n<meta name=\"description\" content=\"V\u00e5ra kabelf\u00f6rskruvningar DT Polyamid erbjuder dubbel t\u00e4tning och enkel montering. Optimera dina industriella l\u00f6sningar nu! \ud83d\udd27\" \/>\n<meta name=\"robots\" content=\"index, follow, max-snippet:-1, max-image-preview:large, max-video-preview:-1\" \/>\n<link rel=\"canonical\" href=\"https:\/\/c-profil.se\/english\/product\/cable-glands-dt-polyamide\/\" \/>\n<meta property=\"og:locale\" content=\"en_US\" \/>\n<meta property=\"og:type\" content=\"article\" \/>\n<meta property=\"og:title\" content=\"Kabelf\u00f6rskruvningar | DT Polyamid - C-Pro\" \/>\n<meta property=\"og:description\" content=\"Kabelf\u00f6rskruvningar DT Polyamid \u00e4r en f\u00f6rskruvning men dubbelt\u00e4tning. Dessa f\u00f6rskruvningar \u00e4r tillverkad med tv\u00e5 kapslade t\u00e4tningar som m\u00f6jligg\u00f6r tillf\u00f6rlitlig t\u00e4tning f\u00f6r en bredare variation av kabeldiametrar. Med bepr\u00f6vad t\u00e4tningsteknik och internationella godk\u00e4nnanden kan du vara s\u00e4ker p\u00e5 att dessa kabelf\u00f6rskruvningar lever upp till de h\u00f6gsta standarderna. Oavsett om det handlar om tung industri eller andra kr\u00e4vande applikationer, s\u00e5 \u00e4r dessa kabelf\u00f6rskruvningar i polyamid ett p\u00e5litligt val f\u00f6r dina behov.   F\u00f6r industriella standardapplikationer  UL- och VDE-certifierade tillsammans med olika andra godk\u00e4nnanden - se tekniska data f\u00f6r fullst\u00e4ndiga detaljer  Enkel montering  H\u00f6gkvalitativ dragavlastning och t\u00e4tning, p\u00e5litlig prestanda f\u00f6r industriella standardapplikationer  Aktuella internationella godk\u00e4nnanden\" \/>\n<meta property=\"og:url\" content=\"https:\/\/c-profil.se\/english\/product\/cable-glands-dt-polyamide\/\" \/>\n<meta property=\"og:site_name\" content=\"C-Pro\" \/>\n<meta property=\"article:publisher\" content=\"https:\/\/www.facebook.com\/people\/C-Pro\/61561767306874\/\" \/>\n<meta property=\"article:modified_time\" content=\"2026-04-23T12:41:43+00:00\" \/>\n<meta property=\"og:image\" content=\"https:\/\/c-profil.se\/wp-content\/uploads\/2025\/06\/Kabelforskruvningar-DT-Polyamid-CBMDS-ny.jpg\" \/>\n\t<meta property=\"og:image:width\" content=\"1000\" \/>\n\t<meta property=\"og:image:height\" content=\"1000\" \/>\n\t<meta property=\"og:image:type\" content=\"image\/jpeg\" \/>\n<meta name=\"twitter:card\" content=\"summary_large_image\" \/>\n<meta name=\"twitter:label1\" content=\"Price\" \/>\n\t<meta name=\"twitter:data1\" content=\"\" \/>\n\t<meta name=\"twitter:label2\" content=\"Availability\" \/>\n\t<meta name=\"twitter:data2\" content=\"In stock\" \/>\n<script type=\"application\/ld+json\" class=\"yoast-schema-graph\">{\"@context\":\"https:\\\/\\\/schema.org\",\"@graph\":[{\"@type\":\"WebPage\",\"@id\":\"https:\\\/\\\/c-profil.se\\\/produkt\\\/kabelforskruvningar-dt-polyamid\\\/\",\"url\":\"https:\\\/\\\/c-profil.se\\\/produkt\\\/kabelforskruvningar-dt-polyamid\\\/\",\"name\":\"Kabelf\u00f6rskruvningar | DT Polyamid - C-Pro\",\"isPartOf\":{\"@id\":\"https:\\\/\\\/c-profil.se\\\/#website\"},\"primaryImageOfPage\":{\"@id\":\"https:\\\/\\\/c-profil.se\\\/produkt\\\/kabelforskruvningar-dt-polyamid\\\/#primaryimage\"},\"image\":{\"@id\":\"https:\\\/\\\/c-profil.se\\\/produkt\\\/kabelforskruvningar-dt-polyamid\\\/#primaryimage\"},\"thumbnailUrl\":\"https:\\\/\\\/c-profil.se\\\/wp-content\\\/uploads\\\/2025\\\/06\\\/Kabelforskruvningar-DT-Polyamid-CBMDS-ny.jpg\",\"datePublished\":\"2025-06-23T09:59:00+00:00\",\"dateModified\":\"2026-04-23T12:41:43+00:00\",\"description\":\"V\u00e5ra kabelf\u00f6rskruvningar DT Polyamid erbjuder dubbel t\u00e4tning och enkel montering. Optimera dina industriella l\u00f6sningar nu! \ud83d\udd27\",\"breadcrumb\":{\"@id\":\"https:\\\/\\\/c-profil.se\\\/produkt\\\/kabelforskruvningar-dt-polyamid\\\/#breadcrumb\"},\"inLanguage\":\"en\",\"potentialAction\":[{\"@type\":\"ReadAction\",\"target\":[\"https:\\\/\\\/c-profil.se\\\/produkt\\\/kabelforskruvningar-dt-polyamid\\\/\"]}]},{\"@type\":\"ImageObject\",\"inLanguage\":\"en\",\"@id\":\"https:\\\/\\\/c-profil.se\\\/produkt\\\/kabelforskruvningar-dt-polyamid\\\/#primaryimage\",\"url\":\"https:\\\/\\\/c-profil.se\\\/wp-content\\\/uploads\\\/2025\\\/06\\\/Kabelforskruvningar-DT-Polyamid-CBMDS-ny.jpg\",\"contentUrl\":\"https:\\\/\\\/c-profil.se\\\/wp-content\\\/uploads\\\/2025\\\/06\\\/Kabelforskruvningar-DT-Polyamid-CBMDS-ny.jpg\",\"width\":1000,\"height\":1000,\"caption\":\"Kabelf\u00f6rskruvningar DT Polyamid CBMDS\"},{\"@type\":\"BreadcrumbList\",\"@id\":\"https:\\\/\\\/c-profil.se\\\/produkt\\\/kabelforskruvningar-dt-polyamid\\\/#breadcrumb\",\"itemListElement\":[{\"@type\":\"ListItem\",\"position\":1,\"name\":\"Hem\",\"item\":\"https:\\\/\\\/c-profil.se\\\/\"},{\"@type\":\"ListItem\",\"position\":2,\"name\":\"Produkter\",\"item\":\"https:\\\/\\\/c-profil.se\\\/produkter\\\/\"},{\"@type\":\"ListItem\",\"position\":3,\"name\":\"Kabelf\u00f6rskruvningar i Plast\",\"item\":\"https:\\\/\\\/c-profil.se\\\/produkt-kategori\\\/kabelforskruvningar-i-plast\\\/\"},{\"@type\":\"ListItem\",\"position\":4,\"name\":\"Kabelf\u00f6rskruvningar | DT Polyamid\"}]},{\"@type\":\"WebSite\",\"@id\":\"https:\\\/\\\/c-profil.se\\\/#website\",\"url\":\"https:\\\/\\\/c-profil.se\\\/\",\"name\":\"C-Pro\",\"description\":\"Produkter f\u00f6r El och Automation\",\"publisher\":{\"@id\":\"https:\\\/\\\/c-profil.se\\\/#organization\"},\"potentialAction\":[{\"@type\":\"SearchAction\",\"target\":{\"@type\":\"EntryPoint\",\"urlTemplate\":\"https:\\\/\\\/c-profil.se\\\/?s={search_term_string}\"},\"query-input\":{\"@type\":\"PropertyValueSpecification\",\"valueRequired\":true,\"valueName\":\"search_term_string\"}}],\"inLanguage\":\"en\"},{\"@type\":\"Organization\",\"@id\":\"https:\\\/\\\/c-profil.se\\\/#organization\",\"name\":\"C-Pro\",\"alternateName\":\"C-PRO\",\"url\":\"https:\\\/\\\/c-profil.se\\\/\",\"logo\":{\"@type\":\"ImageObject\",\"inLanguage\":\"en\",\"@id\":\"https:\\\/\\\/c-profil.se\\\/#\\\/schema\\\/logo\\\/image\\\/\",\"url\":\"https:\\\/\\\/c-profil.se\\\/wp-content\\\/uploads\\\/2022\\\/03\\\/c-pro-logga-liggande-500x500-1.png\",\"contentUrl\":\"https:\\\/\\\/c-profil.se\\\/wp-content\\\/uploads\\\/2022\\\/03\\\/c-pro-logga-liggande-500x500-1.png\",\"width\":500,\"height\":500,\"caption\":\"C-Pro\"},\"image\":{\"@id\":\"https:\\\/\\\/c-profil.se\\\/#\\\/schema\\\/logo\\\/image\\\/\"},\"sameAs\":[\"https:\\\/\\\/www.facebook.com\\\/people\\\/C-Pro\\\/61561767306874\\\/\",\"https:\\\/\\\/www.linkedin.com\\\/company\\\/c-pro-ab\",\"https:\\\/\\\/www.instagram.com\\\/cpro.ab\\\/\"],\"description\":\"C-PRO AB \u00e4r en helt\u00e4ckande leverant\u00f6r av material f\u00f6r applikationer inom el och automation. \u00c4nda sedan starten 1987 har vi f\u00f6rsett den svenska tillverkande industrin med elmaterial. Trots v\u00e5r storlek och ledande position har vi aldrig \u00f6vergett v\u00e5r grundfilosofi, att vara en personlig leverant\u00f6r. Vi p\u00e5 C-PRO \u00e4r l\u00e4tta att komma i kontakt med, \u00e4rliga och brinner f\u00f6r att l\u00f6sa v\u00e5ra kunders problem.\",\"email\":\"info@c-profil.se\",\"telephone\":\"031575785\",\"legalName\":\"C-Profil F\u00f6rl\u00e4ggningsmaterial AB\",\"foundingDate\":\"1987-01-01\"}]}<\/script>\n<meta property=\"product:brand\" content=\"kabelf\u00f6rskruvning\" \/>\n<meta property=\"product:price:currency\" content=\"SEK\" \/>\n<meta property=\"og:availability\" content=\"instock\" \/>\n<meta property=\"product:availability\" content=\"instock\" \/>\n<meta property=\"product:retailer_item_id\" content=\"Kabelf\u00f6rskruvningar | DT Polyamid\" \/>\n<meta property=\"product:condition\" content=\"new\" \/>\n<!-- \/ Yoast SEO Premium plugin. -->","yoast_head_json":{"title":"Cable glands | DT Polyamide - C-Pro","description":"Our DT Polyamid cable glands offer double sealing and easy assembly. Optimize your industrial solutions now! \ud83d\udd27","robots":{"index":"index","follow":"follow","max-snippet":"max-snippet:-1","max-image-preview":"max-image-preview:large","max-video-preview":"max-video-preview:-1"},"canonical":"https:\/\/c-profil.se\/english\/product\/cable-glands-dt-polyamide\/","og_locale":"en_US","og_type":"article","og_title":"Kabelf\u00f6rskruvningar | DT Polyamid - C-Pro","og_description":"Kabelf\u00f6rskruvningar DT Polyamid \u00e4r en f\u00f6rskruvning men dubbelt\u00e4tning. Dessa f\u00f6rskruvningar \u00e4r tillverkad med tv\u00e5 kapslade t\u00e4tningar som m\u00f6jligg\u00f6r tillf\u00f6rlitlig t\u00e4tning f\u00f6r en bredare variation av kabeldiametrar. Med bepr\u00f6vad t\u00e4tningsteknik och internationella godk\u00e4nnanden kan du vara s\u00e4ker p\u00e5 att dessa kabelf\u00f6rskruvningar lever upp till de h\u00f6gsta standarderna. Oavsett om det handlar om tung industri eller andra kr\u00e4vande applikationer, s\u00e5 \u00e4r dessa kabelf\u00f6rskruvningar i polyamid ett p\u00e5litligt val f\u00f6r dina behov.   F\u00f6r industriella standardapplikationer  UL- och VDE-certifierade tillsammans med olika andra godk\u00e4nnanden - se tekniska data f\u00f6r fullst\u00e4ndiga detaljer  Enkel montering  H\u00f6gkvalitativ dragavlastning och t\u00e4tning, p\u00e5litlig prestanda f\u00f6r industriella standardapplikationer  Aktuella internationella godk\u00e4nnanden","og_url":"https:\/\/c-profil.se\/english\/product\/cable-glands-dt-polyamide\/","og_site_name":"C-Pro","article_publisher":"https:\/\/www.facebook.com\/people\/C-Pro\/61561767306874\/","article_modified_time":"2026-04-23T12:41:43+00:00","og_image":[{"width":1000,"height":1000,"url":"https:\/\/c-profil.se\/wp-content\/uploads\/2025\/06\/Kabelforskruvningar-DT-Polyamid-CBMDS-ny.jpg","type":"image\/jpeg"}],"twitter_card":"summary_large_image","twitter_misc":{"Price":"","Availability":"In stock"},"schema":{"@context":"https:\/\/schema.org","@graph":[{"@type":"WebPage","@id":"https:\/\/c-profil.se\/produkt\/kabelforskruvningar-dt-polyamid\/","url":"https:\/\/c-profil.se\/produkt\/kabelforskruvningar-dt-polyamid\/","name":"Cable glands | DT Polyamide - C-Pro","isPartOf":{"@id":"https:\/\/c-profil.se\/#website"},"primaryImageOfPage":{"@id":"https:\/\/c-profil.se\/produkt\/kabelforskruvningar-dt-polyamid\/#primaryimage"},"image":{"@id":"https:\/\/c-profil.se\/produkt\/kabelforskruvningar-dt-polyamid\/#primaryimage"},"thumbnailUrl":"https:\/\/c-profil.se\/wp-content\/uploads\/2025\/06\/Kabelforskruvningar-DT-Polyamid-CBMDS-ny.jpg","datePublished":"2025-06-23T09:59:00+00:00","dateModified":"2026-04-23T12:41:43+00:00","description":"Our DT Polyamid cable glands offer double sealing and easy assembly. Optimize your industrial solutions now! \ud83d\udd27","breadcrumb":{"@id":"https:\/\/c-profil.se\/produkt\/kabelforskruvningar-dt-polyamid\/#breadcrumb"},"inLanguage":"en","potentialAction":[{"@type":"ReadAction","target":["https:\/\/c-profil.se\/produkt\/kabelforskruvningar-dt-polyamid\/"]}]},{"@type":"ImageObject","inLanguage":"en","@id":"https:\/\/c-profil.se\/produkt\/kabelforskruvningar-dt-polyamid\/#primaryimage","url":"https:\/\/c-profil.se\/wp-content\/uploads\/2025\/06\/Kabelforskruvningar-DT-Polyamid-CBMDS-ny.jpg","contentUrl":"https:\/\/c-profil.se\/wp-content\/uploads\/2025\/06\/Kabelforskruvningar-DT-Polyamid-CBMDS-ny.jpg","width":1000,"height":1000,"caption":"Kabelf\u00f6rskruvningar DT Polyamid CBMDS"},{"@type":"BreadcrumbList","@id":"https:\/\/c-profil.se\/produkt\/kabelforskruvningar-dt-polyamid\/#breadcrumb","itemListElement":[{"@type":"ListItem","position":1,"name":"Hem","item":"https:\/\/c-profil.se\/"},{"@type":"ListItem","position":2,"name":"Produkter","item":"https:\/\/c-profil.se\/produkter\/"},{"@type":"ListItem","position":3,"name":"Kabelf\u00f6rskruvningar i Plast","item":"https:\/\/c-profil.se\/produkt-kategori\/kabelforskruvningar-i-plast\/"},{"@type":"ListItem","position":4,"name":"Kabelf\u00f6rskruvningar | DT Polyamid"}]},{"@type":"WebSite","@id":"https:\/\/c-profil.se\/#website","url":"https:\/\/c-profil.se\/","name":"C-Pro","description":"Products for Electricity and Automation","publisher":{"@id":"https:\/\/c-profil.se\/#organization"},"potentialAction":[{"@type":"SearchAction","target":{"@type":"EntryPoint","urlTemplate":"https:\/\/c-profil.se\/?s={search_term_string}"},"query-input":{"@type":"PropertyValueSpecification","valueRequired":true,"valueName":"search_term_string"}}],"inLanguage":"en"},{"@type":"Organization","@id":"https:\/\/c-profil.se\/#organization","name":"C-Pro","alternateName":"C-PRO","url":"https:\/\/c-profil.se\/","logo":{"@type":"ImageObject","inLanguage":"en","@id":"https:\/\/c-profil.se\/#\/schema\/logo\/image\/","url":"https:\/\/c-profil.se\/wp-content\/uploads\/2022\/03\/c-pro-logga-liggande-500x500-1.png","contentUrl":"https:\/\/c-profil.se\/wp-content\/uploads\/2022\/03\/c-pro-logga-liggande-500x500-1.png","width":500,"height":500,"caption":"C-Pro"},"image":{"@id":"https:\/\/c-profil.se\/#\/schema\/logo\/image\/"},"sameAs":["https:\/\/www.facebook.com\/people\/C-Pro\/61561767306874\/","https:\/\/www.linkedin.com\/company\/c-pro-ab","https:\/\/www.instagram.com\/cpro.ab\/"],"description":"C-PRO AB is a comprehensive supplier of materials for applications in electricity and automation. Ever since the start in 1987, we have supplied the Swedish manufacturing industry with electrical materials. Despite our size and leading position, we have never abandoned our basic philosophy, to be a personal supplier. We at C-PRO are easy to get in touch with, honest and passionate about solving our customers&#039; problems.","email":"info@c-profil.se","telephone":"031575785","legalName":"C-Profil F\u00f6rl\u00e4ggningsmaterial AB","foundingDate":"1987-01-01"}]},"product_brand":"kabelf\u00f6rskruvning","product_price_currency":"SEK","og_availability":"instock","product_availability":"instock","product_retailer_item_id":"Kabelf\u00f6rskruvningar | DT Polyamid","product_condition":"new"},"_links":{"self":[{"href":"https:\/\/c-profil.se\/english\/wp-json\/wp\/v2\/product\/58569","targetHints":{"allow":["GET"]}}],"collection":[{"href":"https:\/\/c-profil.se\/english\/wp-json\/wp\/v2\/product"}],"about":[{"href":"https:\/\/c-profil.se\/english\/wp-json\/wp\/v2\/types\/product"}],"version-history":[{"count":10,"href":"https:\/\/c-profil.se\/english\/wp-json\/wp\/v2\/product\/58569\/revisions"}],"predecessor-version":[{"id":75174,"href":"https:\/\/c-profil.se\/english\/wp-json\/wp\/v2\/product\/58569\/revisions\/75174"}],"wp:featuredmedia":[{"embeddable":true,"href":"https:\/\/c-profil.se\/english\/wp-json\/wp\/v2\/media\/58575"}],"wp:attachment":[{"href":"https:\/\/c-profil.se\/english\/wp-json\/wp\/v2\/media?parent=58569"}],"wp:term":[{"taxonomy":"product_brand","embeddable":true,"href":"https:\/\/c-profil.se\/english\/wp-json\/wp\/v2\/product_brand?post=58569"},{"taxonomy":"product_cat","embeddable":true,"href":"https:\/\/c-profil.se\/english\/wp-json\/wp\/v2\/product_cat?post=58569"},{"taxonomy":"product_tag","embeddable":true,"href":"https:\/\/c-profil.se\/english\/wp-json\/wp\/v2\/product_tag?post=58569"}],"curies":[{"name":"wp","href":"https:\/\/api.w.org\/{rel}","templated":true}]}}