{"id":55746,"date":"2025-04-25T08:40:00","date_gmt":"2025-04-25T07:40:00","guid":{"rendered":"https:\/\/c-profil.se\/?post_type=product&#038;p=55746"},"modified":"2026-04-28T14:01:36","modified_gmt":"2026-04-28T13:01:36","slug":"multi-range-cable-entry-plate-kel-dpfr","status":"publish","type":"product","link":"https:\/\/c-profil.se\/english\/produkt\/kabelgenomforingsplatta-kel-dpfr\/","title":{"rendered":"Cable entry plate | KEL-DPFR"},"content":{"rendered":"<p><strong>KEL-DPFR is a flexible cable entry plate for industrial installations<\/strong>, designed for the passage of several cables with varying diameters.<br \/>\nThe elastic membrane construction enables easy installation, sealing up to IP66 and flexible cable routing even when cable dimensions are not known in advance.<\/p>","protected":false},"excerpt":{"rendered":"<p>The KEL-DPFR cable entry plates make it possible to insert several cables with different diameters from 3 to 28 mm and seal them in accordance with up to IP66. A great benefit when the exact cable diameter is not known in advance.\n\nDue to the flexibility and unique pyramid shape of the membranes, routing and flexible positioning of rigid cables is much easier compared to using conventional cable glands.\n\nIt is recommended that additional strain relief be provided for the cables using a cable tie.<\/p>\n<ul>\n<li>Cutting of DPFR membranes: Cable diameter less 20%.<\/li>\n<li>The KEL-DPFR fits the standard cut-outs for 16- and 24-pin heavy-duty connectors.<\/li>\n<li>It is also possible to integrate threaded bushings. Please ask us about your desired variant.<\/li>\n<li>The version with threaded bushings enables the cable entry plate to be screwed onto the housing from the inside out. This protects against vandalism and tampering with the housing from the outside.<\/li>\n<\/ul>\n<p class=\"g-color-black g-font-size-26--md g-font-weight-600 g-mb-15\"><strong>Advantages:<\/strong><\/p>\n<ul class=\"list-unstyled list-ico\">\n<li>Sealing according to IP66 (certified according to EN 60529)<\/li>\n<li>Maximum flexibility<\/li>\n<li>Very quick and easy installation<\/li>\n<li>Space saving<\/li>\n<li>Very large clamping range from 3 \u2013 28 mm<\/li>\n<li>Suitable for standard cut-outs<\/li>\n<li>Rigid cables can be inserted at an angle without damaging the membrane<\/li>\n<li>Lower storage costs<\/li>\n<\/ul>","protected":false},"featured_media":57495,"template":"","meta":{"_acf_changed":false},"product_brand":[740],"product_cat":[307],"product_tag":[992,938,990,1005,939],"class_list":{"0":"post-55746","1":"product","2":"type-product","3":"status-publish","4":"has-post-thumbnail","6":"product_brand-icotek","7":"product_cat-kabelgenomforingsplattor-multiflansar","8":"product_tag-kabelgenomforing","9":"product_tag-kabelinforing","10":"product_tag-kapsling","11":"product_tag-platbearbetning","12":"product_tag-tatning","14":"first","15":"instock","16":"shipping-taxable","17":"product-type-simple"},"acf":[],"yoast_head":"<!-- This site is optimized with the Yoast SEO Premium plugin v27.5 (Yoast SEO v27.5) - https:\/\/yoast.com\/product\/yoast-seo-premium-wordpress\/ -->\n<title>Kabelgenomf\u00f6ringsplatta \/ KEL-DPFR med IP66 skydd - C-Pro<\/title>\n<meta name=\"description\" content=\"Optimera kabelgenomf\u00f6ring med Kabelgenomf\u00f6ringsplatta \/ KEL-DPFR som erbjuder IP66-t\u00e4tning. Kontakta oss f\u00f6r mer information och b\u00e4sta l\u00f6sningar!\" \/>\n<meta name=\"robots\" content=\"index, follow, max-snippet:-1, max-image-preview:large, max-video-preview:-1\" \/>\n<link rel=\"canonical\" href=\"https:\/\/c-profil.se\/english\/product\/multi-range-cable-entry-plate-kel-dpfr\/\" \/>\n<meta property=\"og:locale\" content=\"en_US\" \/>\n<meta property=\"og:type\" content=\"article\" \/>\n<meta property=\"og:title\" content=\"Kabelgenomf\u00f6ringsplatta | KEL-DPFR - C-Pro\" \/>\n<meta property=\"og:description\" content=\"Kabelgenomf\u00f6ringsplatta \/ KEL-DPFR g\u00f6r det m\u00f6jligt att f\u00f6ra in flera kablar med olika diametrar fr\u00e5n 3 till 28 mm och t\u00e4ta dem i enlighet med upp till IP66. En stor f\u00f6rdel n\u00e4r den exakta kabeldiametern inte \u00e4r k\u00e4nd i f\u00f6rv\u00e4g.\u00a0P\u00e5 grund av membranens flexibilitet och unika pyramidform \u00e4r dragning och flexibel placering av styva kablar mycket enklare j\u00e4mf\u00f6rt med att anv\u00e4nda konventionella kabelf\u00f6rskruvningar.\u00a0Det rekommenderas att ytterligare dragavlastning tillhandah\u00e5lls f\u00f6r kablarna med hj\u00e4lp av ett buntband.   Sk\u00e4rning av DPFR-membran: Kabeldiameter minus 20 %.  KEL-DPFR passar standardutsk\u00e4rningarna f\u00f6r 16- och 24-stifts kraftiga kontakter.  Det \u00e4r \u00e4ven m\u00f6jligt att integrera g\u00e4ngade bussningar. Fr\u00e5ga oss g\u00e4rna om din \u00f6nskade variant.  Utf\u00f6randet med g\u00e4ngade bussningar g\u00f6r att kabelgenomf\u00f6ringsplattan kan skruvas fast p\u00e5 huset inifr\u00e5n och ut. Detta skyddar mot vandalism och manipulering av h\u00f6ljet fr\u00e5n utsidan.  F\u00f6rdelar:    T\u00e4tning enligt IP66 (certifierad enligt EN 60529)  Maximal flexibilitet  Mycket snabb och enkel installation  Utrymmesbesparande  Mycket stort sp\u00e4nnomr\u00e5de fr\u00e5n 3 \u2013 28 mm  L\u00e4mplig f\u00f6r standard h\u00e5ltagning  Styva kablar kan f\u00f6ras in i vinkel utan att skada membranet  L\u00e4gre lagringskostnader\" \/>\n<meta property=\"og:url\" content=\"https:\/\/c-profil.se\/english\/product\/multi-range-cable-entry-plate-kel-dpfr\/\" \/>\n<meta property=\"og:site_name\" content=\"C-Pro\" \/>\n<meta property=\"article:publisher\" content=\"https:\/\/www.facebook.com\/people\/C-Pro\/61561767306874\/\" \/>\n<meta property=\"article:modified_time\" content=\"2026-04-28T13:01:36+00:00\" \/>\n<meta property=\"og:image\" content=\"https:\/\/c-profil.se\/wp-content\/uploads\/2025\/04\/Kabelgenomforingsplatta-KEL-DPFR_ny.jpg\" \/>\n\t<meta property=\"og:image:width\" content=\"1000\" \/>\n\t<meta property=\"og:image:height\" content=\"1000\" \/>\n\t<meta property=\"og:image:type\" content=\"image\/jpeg\" \/>\n<meta name=\"twitter:card\" content=\"summary_large_image\" \/>\n<meta name=\"twitter:label1\" content=\"Price\" \/>\n\t<meta name=\"twitter:data1\" content=\"\" \/>\n\t<meta name=\"twitter:label2\" content=\"Availability\" \/>\n\t<meta name=\"twitter:data2\" content=\"In stock\" \/>\n<script type=\"application\/ld+json\" class=\"yoast-schema-graph\">{\"@context\":\"https:\\\/\\\/schema.org\",\"@graph\":[{\"@type\":\"WebPage\",\"@id\":\"https:\\\/\\\/c-profil.se\\\/produkt\\\/kabelgenomforingsplatta-kel-dpfr\\\/\",\"url\":\"https:\\\/\\\/c-profil.se\\\/produkt\\\/kabelgenomforingsplatta-kel-dpfr\\\/\",\"name\":\"Kabelgenomf\u00f6ringsplatta \\\/ KEL-DPFR med IP66 skydd - C-Pro\",\"isPartOf\":{\"@id\":\"https:\\\/\\\/c-profil.se\\\/#website\"},\"primaryImageOfPage\":{\"@id\":\"https:\\\/\\\/c-profil.se\\\/produkt\\\/kabelgenomforingsplatta-kel-dpfr\\\/#primaryimage\"},\"image\":{\"@id\":\"https:\\\/\\\/c-profil.se\\\/produkt\\\/kabelgenomforingsplatta-kel-dpfr\\\/#primaryimage\"},\"thumbnailUrl\":\"https:\\\/\\\/c-profil.se\\\/wp-content\\\/uploads\\\/2025\\\/04\\\/Kabelgenomforingsplatta-KEL-DPFR_ny.jpg\",\"datePublished\":\"2025-04-25T07:40:00+00:00\",\"dateModified\":\"2026-04-28T13:01:36+00:00\",\"description\":\"Optimera kabelgenomf\u00f6ring med Kabelgenomf\u00f6ringsplatta \\\/ KEL-DPFR som erbjuder IP66-t\u00e4tning. Kontakta oss f\u00f6r mer information och b\u00e4sta l\u00f6sningar!\",\"breadcrumb\":{\"@id\":\"https:\\\/\\\/c-profil.se\\\/produkt\\\/kabelgenomforingsplatta-kel-dpfr\\\/#breadcrumb\"},\"inLanguage\":\"en\",\"potentialAction\":[{\"@type\":\"ReadAction\",\"target\":[\"https:\\\/\\\/c-profil.se\\\/produkt\\\/kabelgenomforingsplatta-kel-dpfr\\\/\"]}]},{\"@type\":\"ImageObject\",\"inLanguage\":\"en\",\"@id\":\"https:\\\/\\\/c-profil.se\\\/produkt\\\/kabelgenomforingsplatta-kel-dpfr\\\/#primaryimage\",\"url\":\"https:\\\/\\\/c-profil.se\\\/wp-content\\\/uploads\\\/2025\\\/04\\\/Kabelgenomforingsplatta-KEL-DPFR_ny.jpg\",\"contentUrl\":\"https:\\\/\\\/c-profil.se\\\/wp-content\\\/uploads\\\/2025\\\/04\\\/Kabelgenomforingsplatta-KEL-DPFR_ny.jpg\",\"width\":1000,\"height\":1000,\"caption\":\"Kabelgenomf\u00f6ringsplatta KEL-DPFR\"},{\"@type\":\"BreadcrumbList\",\"@id\":\"https:\\\/\\\/c-profil.se\\\/produkt\\\/kabelgenomforingsplatta-kel-dpfr\\\/#breadcrumb\",\"itemListElement\":[{\"@type\":\"ListItem\",\"position\":1,\"name\":\"Hem\",\"item\":\"https:\\\/\\\/c-profil.se\\\/\"},{\"@type\":\"ListItem\",\"position\":2,\"name\":\"Produkter\",\"item\":\"https:\\\/\\\/c-profil.se\\\/produkter\\\/\"},{\"@type\":\"ListItem\",\"position\":3,\"name\":\"Kabelgenomf\u00f6ringsplattor &amp; multifl\u00e4nsar\",\"item\":\"https:\\\/\\\/c-profil.se\\\/produkt-kategori\\\/kabelgenomforingsplattor-multiflansar\\\/\"},{\"@type\":\"ListItem\",\"position\":4,\"name\":\"Kabelgenomf\u00f6ringsplatta | KEL-DPFR\"}]},{\"@type\":\"WebSite\",\"@id\":\"https:\\\/\\\/c-profil.se\\\/#website\",\"url\":\"https:\\\/\\\/c-profil.se\\\/\",\"name\":\"C-Pro\",\"description\":\"Produkter f\u00f6r El och Automation\",\"publisher\":{\"@id\":\"https:\\\/\\\/c-profil.se\\\/#organization\"},\"potentialAction\":[{\"@type\":\"SearchAction\",\"target\":{\"@type\":\"EntryPoint\",\"urlTemplate\":\"https:\\\/\\\/c-profil.se\\\/?s={search_term_string}\"},\"query-input\":{\"@type\":\"PropertyValueSpecification\",\"valueRequired\":true,\"valueName\":\"search_term_string\"}}],\"inLanguage\":\"en\"},{\"@type\":\"Organization\",\"@id\":\"https:\\\/\\\/c-profil.se\\\/#organization\",\"name\":\"C-Pro\",\"alternateName\":\"C-PRO\",\"url\":\"https:\\\/\\\/c-profil.se\\\/\",\"logo\":{\"@type\":\"ImageObject\",\"inLanguage\":\"en\",\"@id\":\"https:\\\/\\\/c-profil.se\\\/#\\\/schema\\\/logo\\\/image\\\/\",\"url\":\"https:\\\/\\\/c-profil.se\\\/wp-content\\\/uploads\\\/2022\\\/03\\\/c-pro-logga-liggande-500x500-1.png\",\"contentUrl\":\"https:\\\/\\\/c-profil.se\\\/wp-content\\\/uploads\\\/2022\\\/03\\\/c-pro-logga-liggande-500x500-1.png\",\"width\":500,\"height\":500,\"caption\":\"C-Pro\"},\"image\":{\"@id\":\"https:\\\/\\\/c-profil.se\\\/#\\\/schema\\\/logo\\\/image\\\/\"},\"sameAs\":[\"https:\\\/\\\/www.facebook.com\\\/people\\\/C-Pro\\\/61561767306874\\\/\",\"https:\\\/\\\/www.linkedin.com\\\/company\\\/c-pro-ab\",\"https:\\\/\\\/www.instagram.com\\\/cpro.ab\\\/\"],\"description\":\"C-PRO AB \u00e4r en helt\u00e4ckande leverant\u00f6r av material f\u00f6r applikationer inom el och automation. \u00c4nda sedan starten 1987 har vi f\u00f6rsett den svenska tillverkande industrin med elmaterial. Trots v\u00e5r storlek och ledande position har vi aldrig \u00f6vergett v\u00e5r grundfilosofi, att vara en personlig leverant\u00f6r. Vi p\u00e5 C-PRO \u00e4r l\u00e4tta att komma i kontakt med, \u00e4rliga och brinner f\u00f6r att l\u00f6sa v\u00e5ra kunders problem.\",\"email\":\"info@c-profil.se\",\"telephone\":\"031575785\",\"legalName\":\"C-Profil F\u00f6rl\u00e4ggningsmaterial AB\",\"foundingDate\":\"1987-01-01\"}]}<\/script>\n<meta property=\"product:brand\" content=\"kabelgenomf\u00f6ring\" \/>\n<meta property=\"product:price:currency\" content=\"SEK\" \/>\n<meta property=\"og:availability\" content=\"instock\" \/>\n<meta property=\"product:availability\" content=\"instock\" \/>\n<meta property=\"product:retailer_item_id\" content=\"KEL-DPFR\" \/>\n<meta property=\"product:condition\" content=\"new\" \/>\n<!-- \/ Yoast SEO Premium plugin. -->","yoast_head_json":{"title":"Multi-range cable entry plate \/ with IP66 protection - C-Pro","description":"Optimize cable entry with Cable Entry Plate \/ KEL-DPFR that offers IP66 sealing. Contact us for more information and best solutions!","robots":{"index":"index","follow":"follow","max-snippet":"max-snippet:-1","max-image-preview":"max-image-preview:large","max-video-preview":"max-video-preview:-1"},"canonical":"https:\/\/c-profil.se\/english\/product\/multi-range-cable-entry-plate-kel-dpfr\/","og_locale":"en_US","og_type":"article","og_title":"Kabelgenomf\u00f6ringsplatta | KEL-DPFR - C-Pro","og_description":"Kabelgenomf\u00f6ringsplatta \/ KEL-DPFR g\u00f6r det m\u00f6jligt att f\u00f6ra in flera kablar med olika diametrar fr\u00e5n 3 till 28 mm och t\u00e4ta dem i enlighet med upp till IP66. En stor f\u00f6rdel n\u00e4r den exakta kabeldiametern inte \u00e4r k\u00e4nd i f\u00f6rv\u00e4g.\u00a0P\u00e5 grund av membranens flexibilitet och unika pyramidform \u00e4r dragning och flexibel placering av styva kablar mycket enklare j\u00e4mf\u00f6rt med att anv\u00e4nda konventionella kabelf\u00f6rskruvningar.\u00a0Det rekommenderas att ytterligare dragavlastning tillhandah\u00e5lls f\u00f6r kablarna med hj\u00e4lp av ett buntband.   Sk\u00e4rning av DPFR-membran: Kabeldiameter minus 20 %.  KEL-DPFR passar standardutsk\u00e4rningarna f\u00f6r 16- och 24-stifts kraftiga kontakter.  Det \u00e4r \u00e4ven m\u00f6jligt att integrera g\u00e4ngade bussningar. Fr\u00e5ga oss g\u00e4rna om din \u00f6nskade variant.  Utf\u00f6randet med g\u00e4ngade bussningar g\u00f6r att kabelgenomf\u00f6ringsplattan kan skruvas fast p\u00e5 huset inifr\u00e5n och ut. Detta skyddar mot vandalism och manipulering av h\u00f6ljet fr\u00e5n utsidan.  F\u00f6rdelar:    T\u00e4tning enligt IP66 (certifierad enligt EN 60529)  Maximal flexibilitet  Mycket snabb och enkel installation  Utrymmesbesparande  Mycket stort sp\u00e4nnomr\u00e5de fr\u00e5n 3 \u2013 28 mm  L\u00e4mplig f\u00f6r standard h\u00e5ltagning  Styva kablar kan f\u00f6ras in i vinkel utan att skada membranet  L\u00e4gre lagringskostnader","og_url":"https:\/\/c-profil.se\/english\/product\/multi-range-cable-entry-plate-kel-dpfr\/","og_site_name":"C-Pro","article_publisher":"https:\/\/www.facebook.com\/people\/C-Pro\/61561767306874\/","article_modified_time":"2026-04-28T13:01:36+00:00","og_image":[{"width":1000,"height":1000,"url":"https:\/\/c-profil.se\/wp-content\/uploads\/2025\/04\/Kabelgenomforingsplatta-KEL-DPFR_ny.jpg","type":"image\/jpeg"}],"twitter_card":"summary_large_image","twitter_misc":{"Price":"","Availability":"In stock"},"schema":{"@context":"https:\/\/schema.org","@graph":[{"@type":"WebPage","@id":"https:\/\/c-profil.se\/produkt\/kabelgenomforingsplatta-kel-dpfr\/","url":"https:\/\/c-profil.se\/produkt\/kabelgenomforingsplatta-kel-dpfr\/","name":"Multi-range cable entry plate \/ with IP66 protection - C-Pro","isPartOf":{"@id":"https:\/\/c-profil.se\/#website"},"primaryImageOfPage":{"@id":"https:\/\/c-profil.se\/produkt\/kabelgenomforingsplatta-kel-dpfr\/#primaryimage"},"image":{"@id":"https:\/\/c-profil.se\/produkt\/kabelgenomforingsplatta-kel-dpfr\/#primaryimage"},"thumbnailUrl":"https:\/\/c-profil.se\/wp-content\/uploads\/2025\/04\/Kabelgenomforingsplatta-KEL-DPFR_ny.jpg","datePublished":"2025-04-25T07:40:00+00:00","dateModified":"2026-04-28T13:01:36+00:00","description":"Optimize cable entry with Cable Entry Plate \/ KEL-DPFR that offers IP66 sealing. Contact us for more information and best solutions!","breadcrumb":{"@id":"https:\/\/c-profil.se\/produkt\/kabelgenomforingsplatta-kel-dpfr\/#breadcrumb"},"inLanguage":"en","potentialAction":[{"@type":"ReadAction","target":["https:\/\/c-profil.se\/produkt\/kabelgenomforingsplatta-kel-dpfr\/"]}]},{"@type":"ImageObject","inLanguage":"en","@id":"https:\/\/c-profil.se\/produkt\/kabelgenomforingsplatta-kel-dpfr\/#primaryimage","url":"https:\/\/c-profil.se\/wp-content\/uploads\/2025\/04\/Kabelgenomforingsplatta-KEL-DPFR_ny.jpg","contentUrl":"https:\/\/c-profil.se\/wp-content\/uploads\/2025\/04\/Kabelgenomforingsplatta-KEL-DPFR_ny.jpg","width":1000,"height":1000,"caption":"Kabelgenomf\u00f6ringsplatta KEL-DPFR"},{"@type":"BreadcrumbList","@id":"https:\/\/c-profil.se\/produkt\/kabelgenomforingsplatta-kel-dpfr\/#breadcrumb","itemListElement":[{"@type":"ListItem","position":1,"name":"Hem","item":"https:\/\/c-profil.se\/"},{"@type":"ListItem","position":2,"name":"Produkter","item":"https:\/\/c-profil.se\/produkter\/"},{"@type":"ListItem","position":3,"name":"Kabelgenomf\u00f6ringsplattor &amp; multifl\u00e4nsar","item":"https:\/\/c-profil.se\/produkt-kategori\/kabelgenomforingsplattor-multiflansar\/"},{"@type":"ListItem","position":4,"name":"Kabelgenomf\u00f6ringsplatta | KEL-DPFR"}]},{"@type":"WebSite","@id":"https:\/\/c-profil.se\/#website","url":"https:\/\/c-profil.se\/","name":"C-Pro","description":"Products for Electricity and Automation","publisher":{"@id":"https:\/\/c-profil.se\/#organization"},"potentialAction":[{"@type":"SearchAction","target":{"@type":"EntryPoint","urlTemplate":"https:\/\/c-profil.se\/?s={search_term_string}"},"query-input":{"@type":"PropertyValueSpecification","valueRequired":true,"valueName":"search_term_string"}}],"inLanguage":"en"},{"@type":"Organization","@id":"https:\/\/c-profil.se\/#organization","name":"C-Pro","alternateName":"C-PRO","url":"https:\/\/c-profil.se\/","logo":{"@type":"ImageObject","inLanguage":"en","@id":"https:\/\/c-profil.se\/#\/schema\/logo\/image\/","url":"https:\/\/c-profil.se\/wp-content\/uploads\/2022\/03\/c-pro-logga-liggande-500x500-1.png","contentUrl":"https:\/\/c-profil.se\/wp-content\/uploads\/2022\/03\/c-pro-logga-liggande-500x500-1.png","width":500,"height":500,"caption":"C-Pro"},"image":{"@id":"https:\/\/c-profil.se\/#\/schema\/logo\/image\/"},"sameAs":["https:\/\/www.facebook.com\/people\/C-Pro\/61561767306874\/","https:\/\/www.linkedin.com\/company\/c-pro-ab","https:\/\/www.instagram.com\/cpro.ab\/"],"description":"C-PRO AB is a comprehensive supplier of materials for applications in electricity and automation. Ever since the start in 1987, we have supplied the Swedish manufacturing industry with electrical materials. Despite our size and leading position, we have never abandoned our basic philosophy, to be a personal supplier. We at C-PRO are easy to get in touch with, honest and passionate about solving our customers&#039; problems.","email":"info@c-profil.se","telephone":"031575785","legalName":"C-Profil F\u00f6rl\u00e4ggningsmaterial AB","foundingDate":"1987-01-01"}]},"product_brand":"kabelgenomf\u00f6ring","product_price_currency":"SEK","og_availability":"instock","product_availability":"instock","product_retailer_item_id":"KEL-DPFR","product_condition":"new"},"_links":{"self":[{"href":"https:\/\/c-profil.se\/english\/wp-json\/wp\/v2\/product\/55746","targetHints":{"allow":["GET"]}}],"collection":[{"href":"https:\/\/c-profil.se\/english\/wp-json\/wp\/v2\/product"}],"about":[{"href":"https:\/\/c-profil.se\/english\/wp-json\/wp\/v2\/types\/product"}],"version-history":[{"count":11,"href":"https:\/\/c-profil.se\/english\/wp-json\/wp\/v2\/product\/55746\/revisions"}],"predecessor-version":[{"id":75240,"href":"https:\/\/c-profil.se\/english\/wp-json\/wp\/v2\/product\/55746\/revisions\/75240"}],"wp:featuredmedia":[{"embeddable":true,"href":"https:\/\/c-profil.se\/english\/wp-json\/wp\/v2\/media\/57495"}],"wp:attachment":[{"href":"https:\/\/c-profil.se\/english\/wp-json\/wp\/v2\/media?parent=55746"}],"wp:term":[{"taxonomy":"product_brand","embeddable":true,"href":"https:\/\/c-profil.se\/english\/wp-json\/wp\/v2\/product_brand?post=55746"},{"taxonomy":"product_cat","embeddable":true,"href":"https:\/\/c-profil.se\/english\/wp-json\/wp\/v2\/product_cat?post=55746"},{"taxonomy":"product_tag","embeddable":true,"href":"https:\/\/c-profil.se\/english\/wp-json\/wp\/v2\/product_tag?post=55746"}],"curies":[{"name":"wp","href":"https:\/\/api.w.org\/{rel}","templated":true}]}}