{"id":55173,"date":"2025-03-26T10:57:00","date_gmt":"2025-03-26T09:57:00","guid":{"rendered":"https:\/\/c-profil.se\/?post_type=product&#038;p=55173"},"modified":"2026-03-18T14:41:02","modified_gmt":"2026-03-18T13:41:02","slug":"e-nux-nordic-enux101805pr-n-2","status":"publish","type":"product","link":"https:\/\/c-profil.se\/english\/produkt\/e-nux-nordic-enux101805pr-n-2\/","title":{"rendered":"E NUX Nordic | ENUX101805PR-N-2"},"content":{"rendered":"<p><strong data-end=\"1000\" data-start=\"902\">E NUX Nordic is a floor-mounted steel enclosure for industrial automation installations<\/strong>, developed for environments with requirements for enclosure class, mechanical strength and flexible cable entry.<br data-end=\"1103\" data-start=\"1100\" \/>The cabinet is delivered with a door and back panel and is adapted for FL21 ceiling drilling.<\/p>","protected":false},"excerpt":{"rendered":"<p><strong class=\"zn-inspecting-element zn-inspecting-element--relative\">E NUX Nordic \/ ENUX101805PR-N-2 <\/strong>\u2013 Floor-standing cabinet with double door and punched-out FL21 outlets in the ceiling.<\/p>\n<p class=\"ai-optimize-26\">Introducing E NUX Nordic, a floor mounted cabinet for automation. The cabinet has a front glossy door and back panel made of high-strength steel sheet and holes for <strong>FL21 in the ceiling<\/strong>. E NUX Nordic is made in Italy with design and cutting-edge technology and quality features. Designed to improve functionality, protection and versatility.<\/p>\n<p class=\"ai-optimize-27\">E NUX Nordic floor standing cabinet is designed to improve functionality and provide optimal protection, and is the perfect choice for all professional environments. Customize your cabinet with our wide range of accessories, so that it is tailored exactly to your needs. Improve your automation with E NUX Nordic today.<\/p>\n<ul>\n<li class=\"ai-optimize-28\">Door complete with diam. 3,0 mm lever-operated double bar locking system<\/li>\n<li class=\"ai-optimize-29\">Removable roof made of 1.2 mm steel plate.<\/li>\n<li class=\"ai-optimize-30\">The bottom is made of high-strength sheet steel with adjustable cable entry (double cable entry for W=1000).\n<ul>\n<li class=\"ai-optimize-31\">Seal is supplied separately.<\/li>\n<\/ul>\n<\/li>\n<\/ul>\n<p class=\"ai-optimize-32\"><strong>Included in delivery<\/strong><\/p>\n<ul>\n<li class=\"ai-optimize-33\">Cabinet frame<\/li>\n<li class=\"ai-optimize-34\">Door and rear panel<\/li>\n<\/ul>\n<div><img decoding=\"async\" class=\"alignnone wp-image-55126\" src=\"https:\/\/c-profil.se\/wp-content\/uploads\/2024\/02\/E-NUX-Nordic.png\" alt=\"E NUX Nordic logo\" width=\"300\" height=\"40\" \/><\/div>","protected":false},"featured_media":72095,"template":"","meta":{"_acf_changed":false},"product_brand":[738],"product_cat":[776,247],"product_tag":[940,944,947,946,948],"class_list":{"0":"post-55173","1":"product","2":"type-product","3":"status-publish","4":"has-post-thumbnail","6":"product_brand-eta","7":"product_cat-apparatskap-e-nux-nordic","8":"product_cat-apparatskap-plat","9":"product_tag-apparatskap","10":"product_tag-automation","11":"product_tag-golvmontering","12":"product_tag-kabelhantering-i-apparatskap","13":"product_tag-moduluppbyggnad","15":"first","16":"instock","17":"shipping-taxable","18":"product-type-simple"},"acf":[],"yoast_head":"<!-- This site is optimized with the Yoast SEO Premium plugin v27.5 (Yoast SEO v27.5) - https:\/\/yoast.com\/product\/yoast-seo-premium-wordpress\/ -->\n<title>E NUX Nordic | ENUX101805PR-N-2 - C-Pro<\/title>\n<meta name=\"description\" content=\"E NUX Nordic \/ ENUX101805PR-N-2 E NUX PR Blank Dubbeld\u00f6rr Bredd: 1000 mm H\u00f6jd: 1800 mm Djup: 500 mm\" \/>\n<meta name=\"robots\" content=\"index, follow, max-snippet:-1, max-image-preview:large, max-video-preview:-1\" \/>\n<link rel=\"canonical\" href=\"https:\/\/c-profil.se\/english\/product\/e-nux-nordic-enux101805pr-n-2\/\" \/>\n<meta property=\"og:locale\" content=\"en_US\" \/>\n<meta property=\"og:type\" content=\"article\" \/>\n<meta property=\"og:title\" content=\"E NUX Nordic | ENUX101805PR-N-2 - C-Pro\" \/>\n<meta property=\"og:description\" content=\"E NUX Nordic \/ ENUX101805PR-N-2 \u2013 Golvsk\u00e5p med dubbeld\u00f6rr och utstansade FL21-utg\u00e5ngar i tak. Vi introducerar E NUX Nordic, ett monterat golvsk\u00e5p f\u00f6r automation. Sk\u00e5pet har en fr\u00e4mre blank d\u00f6rr och bakpanel tillverkad av h\u00f6gh\u00e5llfast st\u00e5lpl\u00e5t samt h\u00e5ltagning f\u00f6r FL21 i taket. E NUX Nordic \u00e4r tillverkad i och med Italien design och banbrytande teknologi och kvalitetsfunktioner. Framtagen f\u00f6r att f\u00f6rb\u00e4ttra funktionalitet, skydd och m\u00e5ngsidighet. E NUX Nordic golvsk\u00e5p \u00e4r utformad f\u00f6r att f\u00f6rb\u00e4ttra funktionaliteten och ge optimalt skydd. Apparatsk\u00e5pet \u00e4r det perfekta valet f\u00f6r alla professionella milj\u00f6er. Anpassa ditt sk\u00e5p med v\u00e5rt breda utbud av tillbeh\u00f6r, s\u00e5 att det skr\u00e4ddarsys exakt efter dina behov. F\u00f6rb\u00e4ttra din automation med E NUX Nordic idag.    D\u00f6rr f\u00f6rsedd med 0,3 mm spakman\u00f6vrerat dubbelst\u00e5ngsl\u00e5ssystem.  Avtagbart tak tillverkat av 1,2 mm st\u00e5lpl\u00e5t.  Botten tillverkad av h\u00f6gh\u00e5llfast st\u00e5lpl\u00e5t med justerbar kabelgenomf\u00f6ring (dubbel kabelgenomf\u00f6ring f\u00f6r B=1000).   T\u00e4tning levereras separat.    Ing\u00e5r i leveransen    Sk\u00e5psram  D\u00f6rr och bakre panel\" \/>\n<meta property=\"og:url\" content=\"https:\/\/c-profil.se\/english\/product\/e-nux-nordic-enux101805pr-n-2\/\" \/>\n<meta property=\"og:site_name\" content=\"C-Pro\" \/>\n<meta property=\"article:publisher\" content=\"https:\/\/www.facebook.com\/people\/C-Pro\/61561767306874\/\" \/>\n<meta property=\"article:modified_time\" content=\"2026-03-18T13:41:02+00:00\" \/>\n<meta property=\"og:image\" content=\"https:\/\/c-profil.se\/wp-content\/uploads\/2026\/02\/3.jpg\" \/>\n\t<meta property=\"og:image:width\" content=\"1000\" \/>\n\t<meta property=\"og:image:height\" content=\"1000\" \/>\n\t<meta property=\"og:image:type\" content=\"image\/jpeg\" \/>\n<meta name=\"twitter:card\" content=\"summary_large_image\" \/>\n<meta name=\"twitter:label1\" content=\"Price\" \/>\n\t<meta name=\"twitter:data1\" content=\"\" \/>\n\t<meta name=\"twitter:label2\" content=\"Availability\" \/>\n\t<meta name=\"twitter:data2\" content=\"In stock\" \/>\n<script type=\"application\/ld+json\" class=\"yoast-schema-graph\">{\"@context\":\"https:\\\/\\\/schema.org\",\"@graph\":[{\"@type\":\"WebPage\",\"@id\":\"https:\\\/\\\/c-profil.se\\\/produkt\\\/e-nux-nordic-enux101805pr-n-2\\\/\",\"url\":\"https:\\\/\\\/c-profil.se\\\/produkt\\\/e-nux-nordic-enux101805pr-n-2\\\/\",\"name\":\"E NUX Nordic | ENUX101805PR-N-2 - C-Pro\",\"isPartOf\":{\"@id\":\"https:\\\/\\\/c-profil.se\\\/#website\"},\"primaryImageOfPage\":{\"@id\":\"https:\\\/\\\/c-profil.se\\\/produkt\\\/e-nux-nordic-enux101805pr-n-2\\\/#primaryimage\"},\"image\":{\"@id\":\"https:\\\/\\\/c-profil.se\\\/produkt\\\/e-nux-nordic-enux101805pr-n-2\\\/#primaryimage\"},\"thumbnailUrl\":\"https:\\\/\\\/c-profil.se\\\/wp-content\\\/uploads\\\/2026\\\/02\\\/3.jpg\",\"datePublished\":\"2025-03-26T09:57:00+00:00\",\"dateModified\":\"2026-03-18T13:41:02+00:00\",\"description\":\"E NUX Nordic \\\/ ENUX101805PR-N-2 E NUX PR Blank Dubbeld\u00f6rr Bredd: 1000 mm H\u00f6jd: 1800 mm Djup: 500 mm\",\"breadcrumb\":{\"@id\":\"https:\\\/\\\/c-profil.se\\\/produkt\\\/e-nux-nordic-enux101805pr-n-2\\\/#breadcrumb\"},\"inLanguage\":\"en\",\"potentialAction\":[{\"@type\":\"ReadAction\",\"target\":[\"https:\\\/\\\/c-profil.se\\\/produkt\\\/e-nux-nordic-enux101805pr-n-2\\\/\"]}]},{\"@type\":\"ImageObject\",\"inLanguage\":\"en\",\"@id\":\"https:\\\/\\\/c-profil.se\\\/produkt\\\/e-nux-nordic-enux101805pr-n-2\\\/#primaryimage\",\"url\":\"https:\\\/\\\/c-profil.se\\\/wp-content\\\/uploads\\\/2026\\\/02\\\/3.jpg\",\"contentUrl\":\"https:\\\/\\\/c-profil.se\\\/wp-content\\\/uploads\\\/2026\\\/02\\\/3.jpg\",\"width\":1000,\"height\":1000,\"caption\":\"Apparatsk\u00e5p ENUX Nordic\"},{\"@type\":\"BreadcrumbList\",\"@id\":\"https:\\\/\\\/c-profil.se\\\/produkt\\\/e-nux-nordic-enux101805pr-n-2\\\/#breadcrumb\",\"itemListElement\":[{\"@type\":\"ListItem\",\"position\":1,\"name\":\"Hem\",\"item\":\"https:\\\/\\\/c-profil.se\\\/\"},{\"@type\":\"ListItem\",\"position\":2,\"name\":\"Produkter\",\"item\":\"https:\\\/\\\/c-profil.se\\\/produkter\\\/\"},{\"@type\":\"ListItem\",\"position\":3,\"name\":\"Apparatsk\u00e5p i Pl\u00e5t\",\"item\":\"https:\\\/\\\/c-profil.se\\\/produkt-kategori\\\/apparatskap-plat\\\/\"},{\"@type\":\"ListItem\",\"position\":4,\"name\":\"E NUX Nordic | ENUX101805PR-N-2\"}]},{\"@type\":\"WebSite\",\"@id\":\"https:\\\/\\\/c-profil.se\\\/#website\",\"url\":\"https:\\\/\\\/c-profil.se\\\/\",\"name\":\"C-Pro\",\"description\":\"Produkter f\u00f6r El och Automation\",\"publisher\":{\"@id\":\"https:\\\/\\\/c-profil.se\\\/#organization\"},\"potentialAction\":[{\"@type\":\"SearchAction\",\"target\":{\"@type\":\"EntryPoint\",\"urlTemplate\":\"https:\\\/\\\/c-profil.se\\\/?s={search_term_string}\"},\"query-input\":{\"@type\":\"PropertyValueSpecification\",\"valueRequired\":true,\"valueName\":\"search_term_string\"}}],\"inLanguage\":\"en\"},{\"@type\":\"Organization\",\"@id\":\"https:\\\/\\\/c-profil.se\\\/#organization\",\"name\":\"C-Pro\",\"alternateName\":\"C-PRO\",\"url\":\"https:\\\/\\\/c-profil.se\\\/\",\"logo\":{\"@type\":\"ImageObject\",\"inLanguage\":\"en\",\"@id\":\"https:\\\/\\\/c-profil.se\\\/#\\\/schema\\\/logo\\\/image\\\/\",\"url\":\"https:\\\/\\\/c-profil.se\\\/wp-content\\\/uploads\\\/2022\\\/03\\\/c-pro-logga-liggande-500x500-1.png\",\"contentUrl\":\"https:\\\/\\\/c-profil.se\\\/wp-content\\\/uploads\\\/2022\\\/03\\\/c-pro-logga-liggande-500x500-1.png\",\"width\":500,\"height\":500,\"caption\":\"C-Pro\"},\"image\":{\"@id\":\"https:\\\/\\\/c-profil.se\\\/#\\\/schema\\\/logo\\\/image\\\/\"},\"sameAs\":[\"https:\\\/\\\/www.facebook.com\\\/people\\\/C-Pro\\\/61561767306874\\\/\",\"https:\\\/\\\/www.linkedin.com\\\/company\\\/c-pro-ab\",\"https:\\\/\\\/www.instagram.com\\\/cpro.ab\\\/\"],\"description\":\"C-PRO AB \u00e4r en helt\u00e4ckande leverant\u00f6r av material f\u00f6r applikationer inom el och automation. \u00c4nda sedan starten 1987 har vi f\u00f6rsett den svenska tillverkande industrin med elmaterial. Trots v\u00e5r storlek och ledande position har vi aldrig \u00f6vergett v\u00e5r grundfilosofi, att vara en personlig leverant\u00f6r. Vi p\u00e5 C-PRO \u00e4r l\u00e4tta att komma i kontakt med, \u00e4rliga och brinner f\u00f6r att l\u00f6sa v\u00e5ra kunders problem.\",\"email\":\"info@c-profil.se\",\"telephone\":\"031575785\",\"legalName\":\"C-Profil F\u00f6rl\u00e4ggningsmaterial AB\",\"foundingDate\":\"1987-01-01\"}]}<\/script>\n<meta property=\"product:brand\" content=\"apparatsk\u00e5p\" \/>\n<meta property=\"product:price:currency\" content=\"SEK\" \/>\n<meta property=\"og:availability\" content=\"instock\" \/>\n<meta property=\"product:availability\" content=\"instock\" \/>\n<meta property=\"product:retailer_item_id\" content=\"ENUX101805PR-N-2\" \/>\n<meta property=\"product:condition\" content=\"new\" \/>\n<!-- \/ Yoast SEO Premium plugin. -->","yoast_head_json":{"title":"E NUX Nordic | ENUX101805PR-N-2 - C-Pro","description":"E NUX Nordic \/ ENUX101805PR-N-2 E NUX PR Blank Double Door Width: 1000 mm Height: 1800 mm Depth: 500 mm","robots":{"index":"index","follow":"follow","max-snippet":"max-snippet:-1","max-image-preview":"max-image-preview:large","max-video-preview":"max-video-preview:-1"},"canonical":"https:\/\/c-profil.se\/english\/product\/e-nux-nordic-enux101805pr-n-2\/","og_locale":"en_US","og_type":"article","og_title":"E NUX Nordic | ENUX101805PR-N-2 - C-Pro","og_description":"E NUX Nordic \/ ENUX101805PR-N-2 \u2013 Golvsk\u00e5p med dubbeld\u00f6rr och utstansade FL21-utg\u00e5ngar i tak. Vi introducerar E NUX Nordic, ett monterat golvsk\u00e5p f\u00f6r automation. Sk\u00e5pet har en fr\u00e4mre blank d\u00f6rr och bakpanel tillverkad av h\u00f6gh\u00e5llfast st\u00e5lpl\u00e5t samt h\u00e5ltagning f\u00f6r FL21 i taket. E NUX Nordic \u00e4r tillverkad i och med Italien design och banbrytande teknologi och kvalitetsfunktioner. Framtagen f\u00f6r att f\u00f6rb\u00e4ttra funktionalitet, skydd och m\u00e5ngsidighet. E NUX Nordic golvsk\u00e5p \u00e4r utformad f\u00f6r att f\u00f6rb\u00e4ttra funktionaliteten och ge optimalt skydd. Apparatsk\u00e5pet \u00e4r det perfekta valet f\u00f6r alla professionella milj\u00f6er. Anpassa ditt sk\u00e5p med v\u00e5rt breda utbud av tillbeh\u00f6r, s\u00e5 att det skr\u00e4ddarsys exakt efter dina behov. F\u00f6rb\u00e4ttra din automation med E NUX Nordic idag.    D\u00f6rr f\u00f6rsedd med 0,3 mm spakman\u00f6vrerat dubbelst\u00e5ngsl\u00e5ssystem.  Avtagbart tak tillverkat av 1,2 mm st\u00e5lpl\u00e5t.  Botten tillverkad av h\u00f6gh\u00e5llfast st\u00e5lpl\u00e5t med justerbar kabelgenomf\u00f6ring (dubbel kabelgenomf\u00f6ring f\u00f6r B=1000).   T\u00e4tning levereras separat.    Ing\u00e5r i leveransen    Sk\u00e5psram  D\u00f6rr och bakre panel","og_url":"https:\/\/c-profil.se\/english\/product\/e-nux-nordic-enux101805pr-n-2\/","og_site_name":"C-Pro","article_publisher":"https:\/\/www.facebook.com\/people\/C-Pro\/61561767306874\/","article_modified_time":"2026-03-18T13:41:02+00:00","og_image":[{"width":1000,"height":1000,"url":"https:\/\/c-profil.se\/wp-content\/uploads\/2026\/02\/3.jpg","type":"image\/jpeg"}],"twitter_card":"summary_large_image","twitter_misc":{"Price":"","Availability":"In stock"},"schema":{"@context":"https:\/\/schema.org","@graph":[{"@type":"WebPage","@id":"https:\/\/c-profil.se\/produkt\/e-nux-nordic-enux101805pr-n-2\/","url":"https:\/\/c-profil.se\/produkt\/e-nux-nordic-enux101805pr-n-2\/","name":"E NUX Nordic | ENUX101805PR-N-2 - C-Pro","isPartOf":{"@id":"https:\/\/c-profil.se\/#website"},"primaryImageOfPage":{"@id":"https:\/\/c-profil.se\/produkt\/e-nux-nordic-enux101805pr-n-2\/#primaryimage"},"image":{"@id":"https:\/\/c-profil.se\/produkt\/e-nux-nordic-enux101805pr-n-2\/#primaryimage"},"thumbnailUrl":"https:\/\/c-profil.se\/wp-content\/uploads\/2026\/02\/3.jpg","datePublished":"2025-03-26T09:57:00+00:00","dateModified":"2026-03-18T13:41:02+00:00","description":"E NUX Nordic \/ ENUX101805PR-N-2 E NUX PR Blank Double Door Width: 1000 mm Height: 1800 mm Depth: 500 mm","breadcrumb":{"@id":"https:\/\/c-profil.se\/produkt\/e-nux-nordic-enux101805pr-n-2\/#breadcrumb"},"inLanguage":"en","potentialAction":[{"@type":"ReadAction","target":["https:\/\/c-profil.se\/produkt\/e-nux-nordic-enux101805pr-n-2\/"]}]},{"@type":"ImageObject","inLanguage":"en","@id":"https:\/\/c-profil.se\/produkt\/e-nux-nordic-enux101805pr-n-2\/#primaryimage","url":"https:\/\/c-profil.se\/wp-content\/uploads\/2026\/02\/3.jpg","contentUrl":"https:\/\/c-profil.se\/wp-content\/uploads\/2026\/02\/3.jpg","width":1000,"height":1000,"caption":"Apparatsk\u00e5p ENUX Nordic"},{"@type":"BreadcrumbList","@id":"https:\/\/c-profil.se\/produkt\/e-nux-nordic-enux101805pr-n-2\/#breadcrumb","itemListElement":[{"@type":"ListItem","position":1,"name":"Hem","item":"https:\/\/c-profil.se\/"},{"@type":"ListItem","position":2,"name":"Produkter","item":"https:\/\/c-profil.se\/produkter\/"},{"@type":"ListItem","position":3,"name":"Apparatsk\u00e5p i Pl\u00e5t","item":"https:\/\/c-profil.se\/produkt-kategori\/apparatskap-plat\/"},{"@type":"ListItem","position":4,"name":"E NUX Nordic | ENUX101805PR-N-2"}]},{"@type":"WebSite","@id":"https:\/\/c-profil.se\/#website","url":"https:\/\/c-profil.se\/","name":"C-Pro","description":"Products for Electricity and Automation","publisher":{"@id":"https:\/\/c-profil.se\/#organization"},"potentialAction":[{"@type":"SearchAction","target":{"@type":"EntryPoint","urlTemplate":"https:\/\/c-profil.se\/?s={search_term_string}"},"query-input":{"@type":"PropertyValueSpecification","valueRequired":true,"valueName":"search_term_string"}}],"inLanguage":"en"},{"@type":"Organization","@id":"https:\/\/c-profil.se\/#organization","name":"C-Pro","alternateName":"C-PRO","url":"https:\/\/c-profil.se\/","logo":{"@type":"ImageObject","inLanguage":"en","@id":"https:\/\/c-profil.se\/#\/schema\/logo\/image\/","url":"https:\/\/c-profil.se\/wp-content\/uploads\/2022\/03\/c-pro-logga-liggande-500x500-1.png","contentUrl":"https:\/\/c-profil.se\/wp-content\/uploads\/2022\/03\/c-pro-logga-liggande-500x500-1.png","width":500,"height":500,"caption":"C-Pro"},"image":{"@id":"https:\/\/c-profil.se\/#\/schema\/logo\/image\/"},"sameAs":["https:\/\/www.facebook.com\/people\/C-Pro\/61561767306874\/","https:\/\/www.linkedin.com\/company\/c-pro-ab","https:\/\/www.instagram.com\/cpro.ab\/"],"description":"C-PRO AB is a comprehensive supplier of materials for applications in electricity and automation. Ever since the start in 1987, we have supplied the Swedish manufacturing industry with electrical materials. Despite our size and leading position, we have never abandoned our basic philosophy, to be a personal supplier. We at C-PRO are easy to get in touch with, honest and passionate about solving our customers&#039; problems.","email":"info@c-profil.se","telephone":"031575785","legalName":"C-Profil F\u00f6rl\u00e4ggningsmaterial AB","foundingDate":"1987-01-01"}]},"product_brand":"apparatsk\u00e5p","product_price_currency":"SEK","og_availability":"instock","product_availability":"instock","product_retailer_item_id":"ENUX101805PR-N-2","product_condition":"new"},"_links":{"self":[{"href":"https:\/\/c-profil.se\/english\/wp-json\/wp\/v2\/product\/55173","targetHints":{"allow":["GET"]}}],"collection":[{"href":"https:\/\/c-profil.se\/english\/wp-json\/wp\/v2\/product"}],"about":[{"href":"https:\/\/c-profil.se\/english\/wp-json\/wp\/v2\/types\/product"}],"version-history":[{"count":10,"href":"https:\/\/c-profil.se\/english\/wp-json\/wp\/v2\/product\/55173\/revisions"}],"predecessor-version":[{"id":74169,"href":"https:\/\/c-profil.se\/english\/wp-json\/wp\/v2\/product\/55173\/revisions\/74169"}],"wp:featuredmedia":[{"embeddable":true,"href":"https:\/\/c-profil.se\/english\/wp-json\/wp\/v2\/media\/72095"}],"wp:attachment":[{"href":"https:\/\/c-profil.se\/english\/wp-json\/wp\/v2\/media?parent=55173"}],"wp:term":[{"taxonomy":"product_brand","embeddable":true,"href":"https:\/\/c-profil.se\/english\/wp-json\/wp\/v2\/product_brand?post=55173"},{"taxonomy":"product_cat","embeddable":true,"href":"https:\/\/c-profil.se\/english\/wp-json\/wp\/v2\/product_cat?post=55173"},{"taxonomy":"product_tag","embeddable":true,"href":"https:\/\/c-profil.se\/english\/wp-json\/wp\/v2\/product_tag?post=55173"}],"curies":[{"name":"wp","href":"https:\/\/api.w.org\/{rel}","templated":true}]}}