{"id":54261,"date":"2025-02-14T13:42:00","date_gmt":"2025-02-14T12:42:00","guid":{"rendered":"https:\/\/c-profil.se\/?post_type=product&#038;p=54261"},"modified":"2026-03-18T14:34:36","modified_gmt":"2026-03-18T13:34:36","slug":"e-cor-nordic-ec080830fl21_3","status":"publish","type":"product","link":"https:\/\/c-profil.se\/english\/produkt\/e-cor-nordic-ec080830fl21_3\/","title":{"rendered":"E COR Nordic | EC080830FL21_3"},"content":{"rendered":"<p><strong>E COR Nordic is a wall-mounted steel enclosure for industrial installations<\/strong>, developed to protect electrical and electronic equipment in demanding environments.<br \/>\nThe enclosure is delivered with a door and mounting plate and is adapted for FL21 ceiling drilling for the Nordic market.<\/p>","protected":false},"excerpt":{"rendered":"<p><strong>E COR Nordic \/ EC080830FL21_3<\/strong> \u2013 Wall Box with mounting plate and FL21 cut-outs<\/p>\n<p><strong>E COR Nordic<\/strong> is a wall-mounted cabinet from ETA's E COR series, designed to protect electrical and electronic equipment in demanding industrial environments. The enclosure is made of 1.2 mm Sendzimir-galvanized steel sheet, which provides reliable corrosion protection and excellent mechanical strength.<\/p>\n<p>The surface is treated with electrophoresis primer and powder coating in <strong>RAL 7035 (light grey)<\/strong> for additional protection and a professional appearance. The door is fitted with a polyurethane seal (foam-molded) and together with the fully welded construction provides tight protection according to <strong>IP66 \/ NEMA 4 and impact resistance IK10<\/strong>, making the enclosure suitable for both dusty and humid environments.<\/p>\n<p>E COR Nordic is ideal for the Nordic market as the enclosure has cut-outs in the roof for FL21. The enclosure is delivered complete with door, mounting plate, and screw set for ground connection.<\/p>\n<p><strong>Included in delivery<\/strong><\/p>\n<ul>\n<li>Enclosure \u2013 Fully welded frame in 1.2 mm Sendzimir galvanized steel sheet, painted in RAL 7035.<\/li>\n<li>Reversible door \u2013 Fitted with foam-molded seal and fitted with 3.0 mm double-bit locking system.<\/li>\n<li>Mounting plate \u2013 In galvanized steel 2 mm.<\/li>\n<li>Screw set \u2013 For grounding and internal mounting.<\/li>\n<\/ul>\n<p><strong>Can be equipped with<\/strong><\/p>\n<ul>\n<li>Wall brackets<\/li>\n<li>FL21<\/li>\n<li>Door stop<\/li>\n<li>Various locking systems: padlock, key, ASSA system, etc.<\/li>\n<li>Door profiles (horizontal)<\/li>\n<li>Rain Roof<\/li>\n<li>Door switch<\/li>\n<li>Inner door<\/li>\n<li>Modular kit<\/li>\n<li>Accessories for adjusting the depth of the mounting plate<\/li>\n<li>Base for free-standing mounting<\/li>\n<li>Microperforated mounting plate<\/li>\n<li>Tripod mount for outdoor installation<\/li>\n<\/ul>\n<p><img decoding=\"async\" class=\"alignnone wp-image-55121\" src=\"https:\/\/c-profil.se\/wp-content\/uploads\/2020\/10\/E-COR-Nordic.png\" alt=\"E COR Nordic logo\" width=\"261\" height=\"40\" \/><\/p>","protected":false},"featured_media":72093,"template":"","meta":{"_acf_changed":false},"product_brand":[738],"product_cat":[768,247],"product_tag":[940,944,946,945],"class_list":{"0":"post-54261","1":"product","2":"type-product","3":"status-publish","4":"has-post-thumbnail","6":"product_brand-eta","7":"product_cat-apparatskap-e-cor-nordic","8":"product_cat-apparatskap-plat","9":"product_tag-apparatskap","10":"product_tag-automation","11":"product_tag-kabelhantering-i-apparatskap","12":"product_tag-vaggmontage","14":"first","15":"instock","16":"shipping-taxable","17":"product-type-simple"},"acf":[],"yoast_head":"<!-- This site is optimized with the Yoast SEO Premium plugin v27.4 (Yoast SEO v27.4) - https:\/\/yoast.com\/product\/yoast-seo-premium-wordpress\/ -->\n<title>Apparatsk\u00e5p E COR Nordic | EC080830FL21_3 - C-Pro<\/title>\n<meta name=\"description\" content=\"Apparatsk\u00e5p E COR Nordic \/ EC080830FL21_3 \u00e4r ett\u00a0 v\u00e4ggsk\u00e5p i st\u00e5lpl\u00e5t inkl. montagepl\u00e5t och med 3st utstansade FL21-utg\u00e5ngar i taket.\" \/>\n<meta name=\"robots\" content=\"index, follow, max-snippet:-1, max-image-preview:large, max-video-preview:-1\" \/>\n<link rel=\"canonical\" href=\"https:\/\/c-profil.se\/english\/product\/e-cor-nordic-ec080830fl21_3\/\" \/>\n<meta property=\"og:locale\" content=\"en_US\" \/>\n<meta property=\"og:type\" content=\"article\" \/>\n<meta property=\"og:title\" content=\"E COR Nordic | EC080830FL21_3 - C-Pro\" \/>\n<meta property=\"og:description\" content=\"E COR Nordic \/ EC080830FL21_3 \u2013 V\u00e4ggsk\u00e5p med montagepl\u00e5t och utstansade FL21-utg\u00e5ngar  E COR Nordic \u00e4r ett v\u00e4ggmonterat apparatsk\u00e5p fr\u00e5n ETA:s E COR-serie, framtagen f\u00f6r att skydda elektrisk och elektronisk utrustning i kr\u00e4vande industrimilj\u00f6er. Kapslingen \u00e4r tillverkad i 1,2 mm Sendzimirf\u00f6rzinkad st\u00e5lpl\u00e5t, vilket ger ett p\u00e5litligt korrosionsskydd och utm\u00e4rkt mekanisk h\u00e5llfasthet.  Ytan \u00e4r behandlad med elektroforesgrund och pulverlack i RAL 7035 (ljusgr\u00e5) f\u00f6r ytterligare skydd och ett professionellt utseende. D\u00f6rren \u00e4r f\u00f6rsedd med polyuretant\u00e4tning (skumgjuten) och ger tillsammans med den helsvetsade konstruktionen ett t\u00e4tt skydd enligt IP66 \/ NEMA 4 och slagfasthet IK10, vilket g\u00f6r kapslingen l\u00e4mplig f\u00f6r b\u00e5de dammiga och fuktiga milj\u00f6er.  E COR Nordic \u00e4r idealisk f\u00f6r den nordiska marknaden d\u00e5 kapslingen har utstansade utg\u00e5ngar i taket f\u00f6r FL21. Kapslingen levereras komplett med d\u00f6rr, montagepl\u00e5t, och skruvsats f\u00f6r jordanslutning.  Ing\u00e5r i leveransen   Kapsling \u2013 Helsvetsad stomme i 1,2 mm Sendzimirf\u00f6rzinkad st\u00e5lpl\u00e5t, lackerad i RAL 7035.  V\u00e4ndbar d\u00f6rr \u2013 Monterad med skumgjuten t\u00e4tning och f\u00f6rsett med 3,0 mm dubbelbits l\u00e5ssystem.  Montagepl\u00e5t \u2013 I f\u00f6rzinkat st\u00e5l 2 mm.  Skruvsats \u2013 F\u00f6r jordning och inv\u00e4ndig montering.  Kan kompletteras med   V\u00e4ggf\u00e4sten  FL21  D\u00f6rrstopp  Olika l\u00e5ssystem: h\u00e4ngl\u00e5s, nyckel, ASSA system o.s.v.  D\u00f6rrprofiler (horisontella)  Regntak  D\u00f6rrbrytare  Innerd\u00f6rr  Modul\u00e4rt kit  Tillbeh\u00f6r f\u00f6r justering av montagepl\u00e5tens djup  Sockel f\u00f6r frist\u00e5ende montering  Mikroperforerad montagepl\u00e5t  Stativf\u00e4ste f\u00f6r utomhusinstallation\" \/>\n<meta property=\"og:url\" content=\"https:\/\/c-profil.se\/english\/product\/e-cor-nordic-ec080830fl21_3\/\" \/>\n<meta property=\"og:site_name\" content=\"C-Pro\" \/>\n<meta property=\"article:publisher\" content=\"https:\/\/www.facebook.com\/people\/C-Pro\/61561767306874\/\" \/>\n<meta property=\"article:modified_time\" content=\"2026-03-18T13:34:36+00:00\" \/>\n<meta property=\"og:image\" content=\"https:\/\/c-profil.se\/wp-content\/uploads\/2026\/02\/Apparatskap-ECOR-Nordic-Orginal-ny2.jpg\" \/>\n\t<meta property=\"og:image:width\" content=\"1000\" \/>\n\t<meta property=\"og:image:height\" content=\"1000\" \/>\n\t<meta property=\"og:image:type\" content=\"image\/jpeg\" \/>\n<meta name=\"twitter:card\" content=\"summary_large_image\" \/>\n<meta name=\"twitter:label1\" content=\"Price\" \/>\n\t<meta name=\"twitter:data1\" content=\"\" \/>\n\t<meta name=\"twitter:label2\" content=\"Availability\" \/>\n\t<meta name=\"twitter:data2\" content=\"In stock\" \/>\n<script type=\"application\/ld+json\" class=\"yoast-schema-graph\">{\"@context\":\"https:\\\/\\\/schema.org\",\"@graph\":[{\"@type\":\"WebPage\",\"@id\":\"https:\\\/\\\/c-profil.se\\\/produkt\\\/e-cor-nordic-ec080830fl21_3\\\/\",\"url\":\"https:\\\/\\\/c-profil.se\\\/produkt\\\/e-cor-nordic-ec080830fl21_3\\\/\",\"name\":\"Apparatsk\u00e5p E COR Nordic | EC080830FL21_3 - C-Pro\",\"isPartOf\":{\"@id\":\"https:\\\/\\\/c-profil.se\\\/#website\"},\"primaryImageOfPage\":{\"@id\":\"https:\\\/\\\/c-profil.se\\\/produkt\\\/e-cor-nordic-ec080830fl21_3\\\/#primaryimage\"},\"image\":{\"@id\":\"https:\\\/\\\/c-profil.se\\\/produkt\\\/e-cor-nordic-ec080830fl21_3\\\/#primaryimage\"},\"thumbnailUrl\":\"https:\\\/\\\/c-profil.se\\\/wp-content\\\/uploads\\\/2026\\\/02\\\/Apparatskap-ECOR-Nordic-Orginal-ny2.jpg\",\"datePublished\":\"2025-02-14T12:42:00+00:00\",\"dateModified\":\"2026-03-18T13:34:36+00:00\",\"description\":\"Apparatsk\u00e5p E COR Nordic \\\/ EC080830FL21_3 \u00e4r ett\u00a0 v\u00e4ggsk\u00e5p i st\u00e5lpl\u00e5t inkl. montagepl\u00e5t och med 3st utstansade FL21-utg\u00e5ngar i taket.\",\"breadcrumb\":{\"@id\":\"https:\\\/\\\/c-profil.se\\\/produkt\\\/e-cor-nordic-ec080830fl21_3\\\/#breadcrumb\"},\"inLanguage\":\"en\",\"potentialAction\":[{\"@type\":\"ReadAction\",\"target\":[\"https:\\\/\\\/c-profil.se\\\/produkt\\\/e-cor-nordic-ec080830fl21_3\\\/\"]}]},{\"@type\":\"ImageObject\",\"inLanguage\":\"en\",\"@id\":\"https:\\\/\\\/c-profil.se\\\/produkt\\\/e-cor-nordic-ec080830fl21_3\\\/#primaryimage\",\"url\":\"https:\\\/\\\/c-profil.se\\\/wp-content\\\/uploads\\\/2026\\\/02\\\/Apparatskap-ECOR-Nordic-Orginal-ny2.jpg\",\"contentUrl\":\"https:\\\/\\\/c-profil.se\\\/wp-content\\\/uploads\\\/2026\\\/02\\\/Apparatskap-ECOR-Nordic-Orginal-ny2.jpg\",\"width\":1000,\"height\":1000,\"caption\":\"Apparatsk\u00e5p ECOR Nordic\"},{\"@type\":\"BreadcrumbList\",\"@id\":\"https:\\\/\\\/c-profil.se\\\/produkt\\\/e-cor-nordic-ec080830fl21_3\\\/#breadcrumb\",\"itemListElement\":[{\"@type\":\"ListItem\",\"position\":1,\"name\":\"Hem\",\"item\":\"https:\\\/\\\/c-profil.se\\\/\"},{\"@type\":\"ListItem\",\"position\":2,\"name\":\"Produkter\",\"item\":\"https:\\\/\\\/c-profil.se\\\/produkter\\\/\"},{\"@type\":\"ListItem\",\"position\":3,\"name\":\"Apparatsk\u00e5p i Pl\u00e5t\",\"item\":\"https:\\\/\\\/c-profil.se\\\/produkt-kategori\\\/apparatskap-plat\\\/\"},{\"@type\":\"ListItem\",\"position\":4,\"name\":\"E COR Nordic | EC080830FL21_3\"}]},{\"@type\":\"WebSite\",\"@id\":\"https:\\\/\\\/c-profil.se\\\/#website\",\"url\":\"https:\\\/\\\/c-profil.se\\\/\",\"name\":\"C-Pro\",\"description\":\"Produkter f\u00f6r El och Automation\",\"publisher\":{\"@id\":\"https:\\\/\\\/c-profil.se\\\/#organization\"},\"potentialAction\":[{\"@type\":\"SearchAction\",\"target\":{\"@type\":\"EntryPoint\",\"urlTemplate\":\"https:\\\/\\\/c-profil.se\\\/?s={search_term_string}\"},\"query-input\":{\"@type\":\"PropertyValueSpecification\",\"valueRequired\":true,\"valueName\":\"search_term_string\"}}],\"inLanguage\":\"en\"},{\"@type\":\"Organization\",\"@id\":\"https:\\\/\\\/c-profil.se\\\/#organization\",\"name\":\"C-Pro\",\"alternateName\":\"C-PRO\",\"url\":\"https:\\\/\\\/c-profil.se\\\/\",\"logo\":{\"@type\":\"ImageObject\",\"inLanguage\":\"en\",\"@id\":\"https:\\\/\\\/c-profil.se\\\/#\\\/schema\\\/logo\\\/image\\\/\",\"url\":\"https:\\\/\\\/c-profil.se\\\/wp-content\\\/uploads\\\/2022\\\/03\\\/c-pro-logga-liggande-500x500-1.png\",\"contentUrl\":\"https:\\\/\\\/c-profil.se\\\/wp-content\\\/uploads\\\/2022\\\/03\\\/c-pro-logga-liggande-500x500-1.png\",\"width\":500,\"height\":500,\"caption\":\"C-Pro\"},\"image\":{\"@id\":\"https:\\\/\\\/c-profil.se\\\/#\\\/schema\\\/logo\\\/image\\\/\"},\"sameAs\":[\"https:\\\/\\\/www.facebook.com\\\/people\\\/C-Pro\\\/61561767306874\\\/\",\"https:\\\/\\\/www.linkedin.com\\\/company\\\/c-pro-ab\",\"https:\\\/\\\/www.instagram.com\\\/cpro.ab\\\/\"],\"description\":\"C-PRO AB \u00e4r en helt\u00e4ckande leverant\u00f6r av material f\u00f6r applikationer inom el och automation. \u00c4nda sedan starten 1987 har vi f\u00f6rsett den svenska tillverkande industrin med elmaterial. Trots v\u00e5r storlek och ledande position har vi aldrig \u00f6vergett v\u00e5r grundfilosofi, att vara en personlig leverant\u00f6r. Vi p\u00e5 C-PRO \u00e4r l\u00e4tta att komma i kontakt med, \u00e4rliga och brinner f\u00f6r att l\u00f6sa v\u00e5ra kunders problem.\",\"email\":\"info@c-profil.se\",\"telephone\":\"031575785\",\"legalName\":\"C-Profil F\u00f6rl\u00e4ggningsmaterial AB\",\"foundingDate\":\"1987-01-01\"}]}<\/script>\n<meta property=\"product:brand\" content=\"apparatsk\u00e5p\" \/>\n<meta property=\"product:price:currency\" content=\"SEK\" \/>\n<meta property=\"og:availability\" content=\"instock\" \/>\n<meta property=\"product:availability\" content=\"instock\" \/>\n<meta property=\"product:retailer_item_id\" content=\"EC080830FL21_3\" \/>\n<meta property=\"product:condition\" content=\"new\" \/>\n<!-- \/ Yoast SEO Premium plugin. -->","yoast_head_json":{"title":"Appliance cabinet E COR Nordic | EC080830FL21_3 - C-Pro","description":"The E COR Nordic \/ EC080830FL21_3 equipment cabinet is a wall cabinet made of sheet steel including mounting plate and with 3 punched-out FL21 outlets in the ceiling.","robots":{"index":"index","follow":"follow","max-snippet":"max-snippet:-1","max-image-preview":"max-image-preview:large","max-video-preview":"max-video-preview:-1"},"canonical":"https:\/\/c-profil.se\/english\/product\/e-cor-nordic-ec080830fl21_3\/","og_locale":"en_US","og_type":"article","og_title":"E COR Nordic | EC080830FL21_3 - C-Pro","og_description":"E COR Nordic \/ EC080830FL21_3 \u2013 V\u00e4ggsk\u00e5p med montagepl\u00e5t och utstansade FL21-utg\u00e5ngar  E COR Nordic \u00e4r ett v\u00e4ggmonterat apparatsk\u00e5p fr\u00e5n ETA:s E COR-serie, framtagen f\u00f6r att skydda elektrisk och elektronisk utrustning i kr\u00e4vande industrimilj\u00f6er. Kapslingen \u00e4r tillverkad i 1,2 mm Sendzimirf\u00f6rzinkad st\u00e5lpl\u00e5t, vilket ger ett p\u00e5litligt korrosionsskydd och utm\u00e4rkt mekanisk h\u00e5llfasthet.  Ytan \u00e4r behandlad med elektroforesgrund och pulverlack i RAL 7035 (ljusgr\u00e5) f\u00f6r ytterligare skydd och ett professionellt utseende. D\u00f6rren \u00e4r f\u00f6rsedd med polyuretant\u00e4tning (skumgjuten) och ger tillsammans med den helsvetsade konstruktionen ett t\u00e4tt skydd enligt IP66 \/ NEMA 4 och slagfasthet IK10, vilket g\u00f6r kapslingen l\u00e4mplig f\u00f6r b\u00e5de dammiga och fuktiga milj\u00f6er.  E COR Nordic \u00e4r idealisk f\u00f6r den nordiska marknaden d\u00e5 kapslingen har utstansade utg\u00e5ngar i taket f\u00f6r FL21. Kapslingen levereras komplett med d\u00f6rr, montagepl\u00e5t, och skruvsats f\u00f6r jordanslutning.  Ing\u00e5r i leveransen   Kapsling \u2013 Helsvetsad stomme i 1,2 mm Sendzimirf\u00f6rzinkad st\u00e5lpl\u00e5t, lackerad i RAL 7035.  V\u00e4ndbar d\u00f6rr \u2013 Monterad med skumgjuten t\u00e4tning och f\u00f6rsett med 3,0 mm dubbelbits l\u00e5ssystem.  Montagepl\u00e5t \u2013 I f\u00f6rzinkat st\u00e5l 2 mm.  Skruvsats \u2013 F\u00f6r jordning och inv\u00e4ndig montering.  Kan kompletteras med   V\u00e4ggf\u00e4sten  FL21  D\u00f6rrstopp  Olika l\u00e5ssystem: h\u00e4ngl\u00e5s, nyckel, ASSA system o.s.v.  D\u00f6rrprofiler (horisontella)  Regntak  D\u00f6rrbrytare  Innerd\u00f6rr  Modul\u00e4rt kit  Tillbeh\u00f6r f\u00f6r justering av montagepl\u00e5tens djup  Sockel f\u00f6r frist\u00e5ende montering  Mikroperforerad montagepl\u00e5t  Stativf\u00e4ste f\u00f6r utomhusinstallation","og_url":"https:\/\/c-profil.se\/english\/product\/e-cor-nordic-ec080830fl21_3\/","og_site_name":"C-Pro","article_publisher":"https:\/\/www.facebook.com\/people\/C-Pro\/61561767306874\/","article_modified_time":"2026-03-18T13:34:36+00:00","og_image":[{"width":1000,"height":1000,"url":"https:\/\/c-profil.se\/wp-content\/uploads\/2026\/02\/Apparatskap-ECOR-Nordic-Orginal-ny2.jpg","type":"image\/jpeg"}],"twitter_card":"summary_large_image","twitter_misc":{"Price":"","Availability":"In stock"},"schema":{"@context":"https:\/\/schema.org","@graph":[{"@type":"WebPage","@id":"https:\/\/c-profil.se\/produkt\/e-cor-nordic-ec080830fl21_3\/","url":"https:\/\/c-profil.se\/produkt\/e-cor-nordic-ec080830fl21_3\/","name":"Appliance cabinet E COR Nordic | EC080830FL21_3 - C-Pro","isPartOf":{"@id":"https:\/\/c-profil.se\/#website"},"primaryImageOfPage":{"@id":"https:\/\/c-profil.se\/produkt\/e-cor-nordic-ec080830fl21_3\/#primaryimage"},"image":{"@id":"https:\/\/c-profil.se\/produkt\/e-cor-nordic-ec080830fl21_3\/#primaryimage"},"thumbnailUrl":"https:\/\/c-profil.se\/wp-content\/uploads\/2026\/02\/Apparatskap-ECOR-Nordic-Orginal-ny2.jpg","datePublished":"2025-02-14T12:42:00+00:00","dateModified":"2026-03-18T13:34:36+00:00","description":"The E COR Nordic \/ EC080830FL21_3 equipment cabinet is a wall cabinet made of sheet steel including mounting plate and with 3 punched-out FL21 outlets in the ceiling.","breadcrumb":{"@id":"https:\/\/c-profil.se\/produkt\/e-cor-nordic-ec080830fl21_3\/#breadcrumb"},"inLanguage":"en","potentialAction":[{"@type":"ReadAction","target":["https:\/\/c-profil.se\/produkt\/e-cor-nordic-ec080830fl21_3\/"]}]},{"@type":"ImageObject","inLanguage":"en","@id":"https:\/\/c-profil.se\/produkt\/e-cor-nordic-ec080830fl21_3\/#primaryimage","url":"https:\/\/c-profil.se\/wp-content\/uploads\/2026\/02\/Apparatskap-ECOR-Nordic-Orginal-ny2.jpg","contentUrl":"https:\/\/c-profil.se\/wp-content\/uploads\/2026\/02\/Apparatskap-ECOR-Nordic-Orginal-ny2.jpg","width":1000,"height":1000,"caption":"Apparatsk\u00e5p ECOR Nordic"},{"@type":"BreadcrumbList","@id":"https:\/\/c-profil.se\/produkt\/e-cor-nordic-ec080830fl21_3\/#breadcrumb","itemListElement":[{"@type":"ListItem","position":1,"name":"Hem","item":"https:\/\/c-profil.se\/"},{"@type":"ListItem","position":2,"name":"Produkter","item":"https:\/\/c-profil.se\/produkter\/"},{"@type":"ListItem","position":3,"name":"Apparatsk\u00e5p i Pl\u00e5t","item":"https:\/\/c-profil.se\/produkt-kategori\/apparatskap-plat\/"},{"@type":"ListItem","position":4,"name":"E COR Nordic | EC080830FL21_3"}]},{"@type":"WebSite","@id":"https:\/\/c-profil.se\/#website","url":"https:\/\/c-profil.se\/","name":"C-Pro","description":"Products for Electricity and Automation","publisher":{"@id":"https:\/\/c-profil.se\/#organization"},"potentialAction":[{"@type":"SearchAction","target":{"@type":"EntryPoint","urlTemplate":"https:\/\/c-profil.se\/?s={search_term_string}"},"query-input":{"@type":"PropertyValueSpecification","valueRequired":true,"valueName":"search_term_string"}}],"inLanguage":"en"},{"@type":"Organization","@id":"https:\/\/c-profil.se\/#organization","name":"C-Pro","alternateName":"C-PRO","url":"https:\/\/c-profil.se\/","logo":{"@type":"ImageObject","inLanguage":"en","@id":"https:\/\/c-profil.se\/#\/schema\/logo\/image\/","url":"https:\/\/c-profil.se\/wp-content\/uploads\/2022\/03\/c-pro-logga-liggande-500x500-1.png","contentUrl":"https:\/\/c-profil.se\/wp-content\/uploads\/2022\/03\/c-pro-logga-liggande-500x500-1.png","width":500,"height":500,"caption":"C-Pro"},"image":{"@id":"https:\/\/c-profil.se\/#\/schema\/logo\/image\/"},"sameAs":["https:\/\/www.facebook.com\/people\/C-Pro\/61561767306874\/","https:\/\/www.linkedin.com\/company\/c-pro-ab","https:\/\/www.instagram.com\/cpro.ab\/"],"description":"C-PRO AB is a comprehensive supplier of materials for applications in electricity and automation. Ever since the start in 1987, we have supplied the Swedish manufacturing industry with electrical materials. Despite our size and leading position, we have never abandoned our basic philosophy, to be a personal supplier. We at C-PRO are easy to get in touch with, honest and passionate about solving our customers&#039; problems.","email":"info@c-profil.se","telephone":"031575785","legalName":"C-Profil F\u00f6rl\u00e4ggningsmaterial AB","foundingDate":"1987-01-01"}]},"product_brand":"apparatsk\u00e5p","product_price_currency":"SEK","og_availability":"instock","product_availability":"instock","product_retailer_item_id":"EC080830FL21_3","product_condition":"new"},"_links":{"self":[{"href":"https:\/\/c-profil.se\/english\/wp-json\/wp\/v2\/product\/54261","targetHints":{"allow":["GET"]}}],"collection":[{"href":"https:\/\/c-profil.se\/english\/wp-json\/wp\/v2\/product"}],"about":[{"href":"https:\/\/c-profil.se\/english\/wp-json\/wp\/v2\/types\/product"}],"version-history":[{"count":13,"href":"https:\/\/c-profil.se\/english\/wp-json\/wp\/v2\/product\/54261\/revisions"}],"predecessor-version":[{"id":74070,"href":"https:\/\/c-profil.se\/english\/wp-json\/wp\/v2\/product\/54261\/revisions\/74070"}],"wp:featuredmedia":[{"embeddable":true,"href":"https:\/\/c-profil.se\/english\/wp-json\/wp\/v2\/media\/72093"}],"wp:attachment":[{"href":"https:\/\/c-profil.se\/english\/wp-json\/wp\/v2\/media?parent=54261"}],"wp:term":[{"taxonomy":"product_brand","embeddable":true,"href":"https:\/\/c-profil.se\/english\/wp-json\/wp\/v2\/product_brand?post=54261"},{"taxonomy":"product_cat","embeddable":true,"href":"https:\/\/c-profil.se\/english\/wp-json\/wp\/v2\/product_cat?post=54261"},{"taxonomy":"product_tag","embeddable":true,"href":"https:\/\/c-profil.se\/english\/wp-json\/wp\/v2\/product_tag?post=54261"}],"curies":[{"name":"wp","href":"https:\/\/api.w.org\/{rel}","templated":true}]}}