{"id":51416,"date":"2024-11-22T13:31:00","date_gmt":"2024-11-22T12:31:00","guid":{"rendered":"https:\/\/c-profil.se\/?post_type=product&#038;p=51416"},"modified":"2026-03-17T14:44:21","modified_gmt":"2026-03-17T13:44:21","slug":"chiller-wra-erp","status":"publish","type":"product","link":"https:\/\/c-profil.se\/english\/produkt\/chiller-wra-erp\/","title":{"rendered":"Chiller | WRA ErP"},"content":{"rendered":"<p><strong>Chiller \/ WRA ErP is an energy-efficient liquid chiller developed for high reliability and continuous operation in demanding process applications.<\/strong><br \/>\nThanks to highly efficient heat exchangers, electronic expansion valve and new fans, WRA ErP meets all requirements according to ErP 2021 and delivers high thermodynamic performance all year round.<\/p>","protected":false},"excerpt":{"rendered":"<p><strong>Chiller \/ WRA ErP<\/strong> is the result of a design that has focused on reliability, energy efficiency, the extension of operating limits, and extreme configurability.<\/p>\n<p>Thanks to dedicated technological solutions such as the enlarged heat exchangers, the standard electronic expansion valve, and the new high-efficiency fans, each configuration of the WRA ErP is characterized by high thermodynamic performance, which exceeds the most stringent minimum energy efficiency requirements imposed by the Ecodesign directive starting from 2021.<\/p>\n<p><strong>High energy efficiency<\/strong><\/p>\n<p><strong>Chiller \/ WRA ErP<\/strong> works with high thermal load continuously throughout the year, thus ensuring the highest performance in any operating condition. All WRA liquid coolers comply with the limits required by the ErP2021 regulation \u2013 SEPR HT (EU) 2016\/2281 \u2013 SEPR MT (EU)2015\/1095, becoming the best solution for all process applications.<\/p>\n<p>&nbsp;<\/p>","protected":false},"featured_media":52692,"template":"","meta":{"_acf_changed":false},"product_brand":[735],"product_cat":[266],"product_tag":[952,962,972,971],"class_list":{"0":"post-51416","1":"product","2":"type-product","3":"status-publish","4":"has-post-thumbnail","6":"product_brand-cosmotec","7":"product_cat-chillers","8":"product_tag-kravande-miljo","9":"product_tag-kylning","10":"product_tag-maskinkylning","11":"product_tag-processindustri","13":"first","14":"instock","15":"shipping-taxable","16":"product-type-simple"},"acf":[],"yoast_head":"<!-- This site is optimized with the Yoast SEO Premium plugin v27.6 (Yoast SEO v27.6) - https:\/\/yoast.com\/product\/yoast-seo-premium-wordpress\/ -->\n<title>Chiller | WRA ErP - C-Pro<\/title>\n<meta name=\"description\" content=\"Maximera termodynamisk prestanda med v\u00e5rt Chiller \/ WRA ErP. En l\u00f6sning som levererar oavsett driftsf\u00f6rh\u00e5llanden. Best\u00e4ll idag!\" \/>\n<meta name=\"robots\" content=\"index, follow, max-snippet:-1, max-image-preview:large, max-video-preview:-1\" \/>\n<link rel=\"canonical\" href=\"https:\/\/c-profil.se\/english\/product\/chiller-wra-erp\/\" \/>\n<meta property=\"og:locale\" content=\"en_US\" \/>\n<meta property=\"og:type\" content=\"article\" \/>\n<meta property=\"og:title\" content=\"Chiller | WRA ErP - C-Pro\" \/>\n<meta property=\"og:description\" content=\"Chiller \/ WRA ErP \u00e4r resultatet av en design som har fokuserat p\u00e5 tillf\u00f6rlitlighet, energieffektivitet, utvidgning av driftsgr\u00e4nser och extrem konfigurerbarhet\u00a0.  Tack vare dedikerade tekniska l\u00f6sningar som de f\u00f6rstorade v\u00e4rmev\u00e4xlarna, den vanliga elektroniska expansionsventilen och de nya h\u00f6geffektiva fl\u00e4ktarna,\u00a0k\u00e4nnetecknas varje konfiguration av\u00a0WRA ErP av\u00a0h\u00f6g termodynamisk prestanda , som \u00f6verstiger de str\u00e4ngaste minimikraven f\u00f6r energieffektivitet som st\u00e4lls av ekodesigndirektivet fr\u00e5n och med 2021.  H\u00f6g energieffektivitet  Chiller \/ WRA ErP arbetar med h\u00f6g termisk belastning kontinuerligt under hela \u00e5ret, vilket s\u00e4kerst\u00e4ller h\u00f6gsta prestanda i alla driftsf\u00f6rh\u00e5llanden. Alla WRA v\u00e4tskekylare uppfyller gr\u00e4nserna som kr\u00e4vs av \u00a0ErP2021-f\u00f6rordningen \u2013 SEPR HT (EU) 2016\/2281 \u2013 SEPR MT (EU)2015\/1095\u00a0, vilket blir den b\u00e4sta l\u00f6sningen f\u00f6r alla processtill\u00e4mpningar.  &nbsp;\" \/>\n<meta property=\"og:url\" content=\"https:\/\/c-profil.se\/english\/product\/chiller-wra-erp\/\" \/>\n<meta property=\"og:site_name\" content=\"C-Pro\" \/>\n<meta property=\"article:publisher\" content=\"https:\/\/www.facebook.com\/people\/C-Pro\/61561767306874\/\" \/>\n<meta property=\"article:modified_time\" content=\"2026-03-17T13:44:21+00:00\" \/>\n<meta property=\"og:image\" content=\"https:\/\/c-profil.se\/wp-content\/uploads\/2024\/11\/Chiller-WRA-ErP-Ny.jpg\" \/>\n\t<meta property=\"og:image:width\" content=\"1000\" \/>\n\t<meta property=\"og:image:height\" content=\"1000\" \/>\n\t<meta property=\"og:image:type\" content=\"image\/jpeg\" \/>\n<meta name=\"twitter:card\" content=\"summary_large_image\" \/>\n<meta name=\"twitter:label1\" content=\"Price\" \/>\n\t<meta name=\"twitter:data1\" content=\"\" \/>\n\t<meta name=\"twitter:label2\" content=\"Availability\" \/>\n\t<meta name=\"twitter:data2\" content=\"In stock\" \/>\n<script type=\"application\/ld+json\" class=\"yoast-schema-graph\">{\"@context\":\"https:\\\/\\\/schema.org\",\"@graph\":[{\"@type\":\"WebPage\",\"@id\":\"https:\\\/\\\/c-profil.se\\\/produkt\\\/chiller-wra-erp\\\/\",\"url\":\"https:\\\/\\\/c-profil.se\\\/produkt\\\/chiller-wra-erp\\\/\",\"name\":\"Chiller | WRA ErP - C-Pro\",\"isPartOf\":{\"@id\":\"https:\\\/\\\/c-profil.se\\\/#website\"},\"primaryImageOfPage\":{\"@id\":\"https:\\\/\\\/c-profil.se\\\/produkt\\\/chiller-wra-erp\\\/#primaryimage\"},\"image\":{\"@id\":\"https:\\\/\\\/c-profil.se\\\/produkt\\\/chiller-wra-erp\\\/#primaryimage\"},\"thumbnailUrl\":\"https:\\\/\\\/c-profil.se\\\/wp-content\\\/uploads\\\/2024\\\/11\\\/Chiller-WRA-ErP-Ny.jpg\",\"datePublished\":\"2024-11-22T12:31:00+00:00\",\"dateModified\":\"2026-03-17T13:44:21+00:00\",\"description\":\"Maximera termodynamisk prestanda med v\u00e5rt Chiller \\\/ WRA ErP. En l\u00f6sning som levererar oavsett driftsf\u00f6rh\u00e5llanden. Best\u00e4ll idag!\",\"breadcrumb\":{\"@id\":\"https:\\\/\\\/c-profil.se\\\/produkt\\\/chiller-wra-erp\\\/#breadcrumb\"},\"inLanguage\":\"en\",\"potentialAction\":[{\"@type\":\"ReadAction\",\"target\":[\"https:\\\/\\\/c-profil.se\\\/produkt\\\/chiller-wra-erp\\\/\"]}]},{\"@type\":\"ImageObject\",\"inLanguage\":\"en\",\"@id\":\"https:\\\/\\\/c-profil.se\\\/produkt\\\/chiller-wra-erp\\\/#primaryimage\",\"url\":\"https:\\\/\\\/c-profil.se\\\/wp-content\\\/uploads\\\/2024\\\/11\\\/Chiller-WRA-ErP-Ny.jpg\",\"contentUrl\":\"https:\\\/\\\/c-profil.se\\\/wp-content\\\/uploads\\\/2024\\\/11\\\/Chiller-WRA-ErP-Ny.jpg\",\"width\":1000,\"height\":1000,\"caption\":\"Chiller WRA ErP\"},{\"@type\":\"BreadcrumbList\",\"@id\":\"https:\\\/\\\/c-profil.se\\\/produkt\\\/chiller-wra-erp\\\/#breadcrumb\",\"itemListElement\":[{\"@type\":\"ListItem\",\"position\":1,\"name\":\"Hem\",\"item\":\"https:\\\/\\\/c-profil.se\\\/\"},{\"@type\":\"ListItem\",\"position\":2,\"name\":\"Produkter\",\"item\":\"https:\\\/\\\/c-profil.se\\\/produkter\\\/\"},{\"@type\":\"ListItem\",\"position\":3,\"name\":\"Chillers - industrikylare\",\"item\":\"https:\\\/\\\/c-profil.se\\\/produkt-kategori\\\/chillers\\\/\"},{\"@type\":\"ListItem\",\"position\":4,\"name\":\"Chiller | WRA ErP\"}]},{\"@type\":\"WebSite\",\"@id\":\"https:\\\/\\\/c-profil.se\\\/#website\",\"url\":\"https:\\\/\\\/c-profil.se\\\/\",\"name\":\"C-Pro\",\"description\":\"Produkter f\u00f6r El och Automation\",\"publisher\":{\"@id\":\"https:\\\/\\\/c-profil.se\\\/#organization\"},\"potentialAction\":[{\"@type\":\"SearchAction\",\"target\":{\"@type\":\"EntryPoint\",\"urlTemplate\":\"https:\\\/\\\/c-profil.se\\\/?s={search_term_string}\"},\"query-input\":{\"@type\":\"PropertyValueSpecification\",\"valueRequired\":true,\"valueName\":\"search_term_string\"}}],\"inLanguage\":\"en\"},{\"@type\":\"Organization\",\"@id\":\"https:\\\/\\\/c-profil.se\\\/#organization\",\"name\":\"C-Pro\",\"alternateName\":\"C-PRO\",\"url\":\"https:\\\/\\\/c-profil.se\\\/\",\"logo\":{\"@type\":\"ImageObject\",\"inLanguage\":\"en\",\"@id\":\"https:\\\/\\\/c-profil.se\\\/#\\\/schema\\\/logo\\\/image\\\/\",\"url\":\"https:\\\/\\\/c-profil.se\\\/wp-content\\\/uploads\\\/2022\\\/03\\\/c-pro-logga-liggande-500x500-1.png\",\"contentUrl\":\"https:\\\/\\\/c-profil.se\\\/wp-content\\\/uploads\\\/2022\\\/03\\\/c-pro-logga-liggande-500x500-1.png\",\"width\":500,\"height\":500,\"caption\":\"C-Pro\"},\"image\":{\"@id\":\"https:\\\/\\\/c-profil.se\\\/#\\\/schema\\\/logo\\\/image\\\/\"},\"sameAs\":[\"https:\\\/\\\/www.facebook.com\\\/people\\\/C-Pro\\\/61561767306874\\\/\",\"https:\\\/\\\/www.linkedin.com\\\/company\\\/c-pro-ab\",\"https:\\\/\\\/www.instagram.com\\\/cpro.ab\\\/\"],\"description\":\"C-PRO AB \u00e4r en helt\u00e4ckande leverant\u00f6r av material f\u00f6r applikationer inom el och automation. \u00c4nda sedan starten 1987 har vi f\u00f6rsett den svenska tillverkande industrin med elmaterial. Trots v\u00e5r storlek och ledande position har vi aldrig \u00f6vergett v\u00e5r grundfilosofi, att vara en personlig leverant\u00f6r. Vi p\u00e5 C-PRO \u00e4r l\u00e4tta att komma i kontakt med, \u00e4rliga och brinner f\u00f6r att l\u00f6sa v\u00e5ra kunders problem.\",\"email\":\"info@c-profil.se\",\"telephone\":\"031575785\",\"legalName\":\"C-Profil F\u00f6rl\u00e4ggningsmaterial AB\",\"foundingDate\":\"1987-01-01\"}]}<\/script>\n<meta property=\"product:brand\" content=\"kr\u00e4vande milj\u00f6\" \/>\n<meta property=\"product:price:currency\" content=\"SEK\" \/>\n<meta property=\"og:availability\" content=\"instock\" \/>\n<meta property=\"product:availability\" content=\"instock\" \/>\n<meta property=\"product:retailer_item_id\" content=\"WRA ErP\" \/>\n<meta property=\"product:condition\" content=\"new\" \/>\n<!-- \/ Yoast SEO Premium plugin. -->","yoast_head_json":{"title":"Chiller | WRA ErP - C-Pro","description":"Maximize thermodynamic performance with our Chiller \/ WRA ErP. A solution that delivers regardless of operating conditions. Order today!","robots":{"index":"index","follow":"follow","max-snippet":"max-snippet:-1","max-image-preview":"max-image-preview:large","max-video-preview":"max-video-preview:-1"},"canonical":"https:\/\/c-profil.se\/english\/product\/chiller-wra-erp\/","og_locale":"en_US","og_type":"article","og_title":"Chiller | WRA ErP - C-Pro","og_description":"Chiller \/ WRA ErP \u00e4r resultatet av en design som har fokuserat p\u00e5 tillf\u00f6rlitlighet, energieffektivitet, utvidgning av driftsgr\u00e4nser och extrem konfigurerbarhet\u00a0.  Tack vare dedikerade tekniska l\u00f6sningar som de f\u00f6rstorade v\u00e4rmev\u00e4xlarna, den vanliga elektroniska expansionsventilen och de nya h\u00f6geffektiva fl\u00e4ktarna,\u00a0k\u00e4nnetecknas varje konfiguration av\u00a0WRA ErP av\u00a0h\u00f6g termodynamisk prestanda , som \u00f6verstiger de str\u00e4ngaste minimikraven f\u00f6r energieffektivitet som st\u00e4lls av ekodesigndirektivet fr\u00e5n och med 2021.  H\u00f6g energieffektivitet  Chiller \/ WRA ErP arbetar med h\u00f6g termisk belastning kontinuerligt under hela \u00e5ret, vilket s\u00e4kerst\u00e4ller h\u00f6gsta prestanda i alla driftsf\u00f6rh\u00e5llanden. Alla WRA v\u00e4tskekylare uppfyller gr\u00e4nserna som kr\u00e4vs av \u00a0ErP2021-f\u00f6rordningen \u2013 SEPR HT (EU) 2016\/2281 \u2013 SEPR MT (EU)2015\/1095\u00a0, vilket blir den b\u00e4sta l\u00f6sningen f\u00f6r alla processtill\u00e4mpningar.  &nbsp;","og_url":"https:\/\/c-profil.se\/english\/product\/chiller-wra-erp\/","og_site_name":"C-Pro","article_publisher":"https:\/\/www.facebook.com\/people\/C-Pro\/61561767306874\/","article_modified_time":"2026-03-17T13:44:21+00:00","og_image":[{"width":1000,"height":1000,"url":"https:\/\/c-profil.se\/wp-content\/uploads\/2024\/11\/Chiller-WRA-ErP-Ny.jpg","type":"image\/jpeg"}],"twitter_card":"summary_large_image","twitter_misc":{"Price":"","Availability":"In stock"},"schema":{"@context":"https:\/\/schema.org","@graph":[{"@type":"WebPage","@id":"https:\/\/c-profil.se\/produkt\/chiller-wra-erp\/","url":"https:\/\/c-profil.se\/produkt\/chiller-wra-erp\/","name":"Chiller | WRA ErP - C-Pro","isPartOf":{"@id":"https:\/\/c-profil.se\/#website"},"primaryImageOfPage":{"@id":"https:\/\/c-profil.se\/produkt\/chiller-wra-erp\/#primaryimage"},"image":{"@id":"https:\/\/c-profil.se\/produkt\/chiller-wra-erp\/#primaryimage"},"thumbnailUrl":"https:\/\/c-profil.se\/wp-content\/uploads\/2024\/11\/Chiller-WRA-ErP-Ny.jpg","datePublished":"2024-11-22T12:31:00+00:00","dateModified":"2026-03-17T13:44:21+00:00","description":"Maximize thermodynamic performance with our Chiller \/ WRA ErP. A solution that delivers regardless of operating conditions. Order today!","breadcrumb":{"@id":"https:\/\/c-profil.se\/produkt\/chiller-wra-erp\/#breadcrumb"},"inLanguage":"en","potentialAction":[{"@type":"ReadAction","target":["https:\/\/c-profil.se\/produkt\/chiller-wra-erp\/"]}]},{"@type":"ImageObject","inLanguage":"en","@id":"https:\/\/c-profil.se\/produkt\/chiller-wra-erp\/#primaryimage","url":"https:\/\/c-profil.se\/wp-content\/uploads\/2024\/11\/Chiller-WRA-ErP-Ny.jpg","contentUrl":"https:\/\/c-profil.se\/wp-content\/uploads\/2024\/11\/Chiller-WRA-ErP-Ny.jpg","width":1000,"height":1000,"caption":"Chiller WRA ErP"},{"@type":"BreadcrumbList","@id":"https:\/\/c-profil.se\/produkt\/chiller-wra-erp\/#breadcrumb","itemListElement":[{"@type":"ListItem","position":1,"name":"Hem","item":"https:\/\/c-profil.se\/"},{"@type":"ListItem","position":2,"name":"Produkter","item":"https:\/\/c-profil.se\/produkter\/"},{"@type":"ListItem","position":3,"name":"Chillers - industrikylare","item":"https:\/\/c-profil.se\/produkt-kategori\/chillers\/"},{"@type":"ListItem","position":4,"name":"Chiller | WRA ErP"}]},{"@type":"WebSite","@id":"https:\/\/c-profil.se\/#website","url":"https:\/\/c-profil.se\/","name":"C-Pro","description":"Products for Electricity and Automation","publisher":{"@id":"https:\/\/c-profil.se\/#organization"},"potentialAction":[{"@type":"SearchAction","target":{"@type":"EntryPoint","urlTemplate":"https:\/\/c-profil.se\/?s={search_term_string}"},"query-input":{"@type":"PropertyValueSpecification","valueRequired":true,"valueName":"search_term_string"}}],"inLanguage":"en"},{"@type":"Organization","@id":"https:\/\/c-profil.se\/#organization","name":"C-Pro","alternateName":"C-PRO","url":"https:\/\/c-profil.se\/","logo":{"@type":"ImageObject","inLanguage":"en","@id":"https:\/\/c-profil.se\/#\/schema\/logo\/image\/","url":"https:\/\/c-profil.se\/wp-content\/uploads\/2022\/03\/c-pro-logga-liggande-500x500-1.png","contentUrl":"https:\/\/c-profil.se\/wp-content\/uploads\/2022\/03\/c-pro-logga-liggande-500x500-1.png","width":500,"height":500,"caption":"C-Pro"},"image":{"@id":"https:\/\/c-profil.se\/#\/schema\/logo\/image\/"},"sameAs":["https:\/\/www.facebook.com\/people\/C-Pro\/61561767306874\/","https:\/\/www.linkedin.com\/company\/c-pro-ab","https:\/\/www.instagram.com\/cpro.ab\/"],"description":"C-PRO AB is a comprehensive supplier of materials for applications in electricity and automation. Ever since the start in 1987, we have supplied the Swedish manufacturing industry with electrical materials. Despite our size and leading position, we have never abandoned our basic philosophy, to be a personal supplier. We at C-PRO are easy to get in touch with, honest and passionate about solving our customers&#039; problems.","email":"info@c-profil.se","telephone":"031575785","legalName":"C-Profil F\u00f6rl\u00e4ggningsmaterial AB","foundingDate":"1987-01-01"}]},"product_brand":"kr\u00e4vande milj\u00f6","product_price_currency":"SEK","og_availability":"instock","product_availability":"instock","product_retailer_item_id":"WRA ErP","product_condition":"new"},"_links":{"self":[{"href":"https:\/\/c-profil.se\/english\/wp-json\/wp\/v2\/product\/51416","targetHints":{"allow":["GET"]}}],"collection":[{"href":"https:\/\/c-profil.se\/english\/wp-json\/wp\/v2\/product"}],"about":[{"href":"https:\/\/c-profil.se\/english\/wp-json\/wp\/v2\/types\/product"}],"version-history":[{"count":12,"href":"https:\/\/c-profil.se\/english\/wp-json\/wp\/v2\/product\/51416\/revisions"}],"predecessor-version":[{"id":74382,"href":"https:\/\/c-profil.se\/english\/wp-json\/wp\/v2\/product\/51416\/revisions\/74382"}],"wp:featuredmedia":[{"embeddable":true,"href":"https:\/\/c-profil.se\/english\/wp-json\/wp\/v2\/media\/52692"}],"wp:attachment":[{"href":"https:\/\/c-profil.se\/english\/wp-json\/wp\/v2\/media?parent=51416"}],"wp:term":[{"taxonomy":"product_brand","embeddable":true,"href":"https:\/\/c-profil.se\/english\/wp-json\/wp\/v2\/product_brand?post=51416"},{"taxonomy":"product_cat","embeddable":true,"href":"https:\/\/c-profil.se\/english\/wp-json\/wp\/v2\/product_cat?post=51416"},{"taxonomy":"product_tag","embeddable":true,"href":"https:\/\/c-profil.se\/english\/wp-json\/wp\/v2\/product_tag?post=51416"}],"curies":[{"name":"wp","href":"https:\/\/api.w.org\/{rel}","templated":true}]}}