{"id":51264,"date":"2024-11-20T10:15:00","date_gmt":"2024-11-20T09:15:00","guid":{"rendered":"https:\/\/c-profil.se\/?post_type=product&#038;p=51264"},"modified":"2026-03-19T15:15:13","modified_gmt":"2026-03-19T14:15:13","slug":"cable-entry-plate-multi-membrane-kel-dpr","status":"publish","type":"product","link":"https:\/\/c-profil.se\/english\/produkt\/kabelgenomforingsplatta-multi-membran-kel-dpr\/","title":{"rendered":"Cable entry plate | KEL-DPR"},"content":{"rendered":"<p><strong>KEL-DPR is a reinforced cable entry plate for industrial installations<\/strong>, developed for very high cable density in standardized cutouts.<br \/>\nThe plate enables quick assembly, secure sealing and strain relief of multiple cables in limited space.<\/p>","protected":false},"excerpt":{"rendered":"<p class=\"ai-optimize-31\">Cable entry plate multi-membrane \/ KEL-DPR is based on the proven KEL-DP 24, but has an integrated reinforcement frame made of polypropylene. With the KEL-DPR 24, up to 48 cables from 1 to 16.1 mm can be inserted into the smallest spaces and sealed in accordance with IP65. The KEL-DPR 24 cable entry fits standard  cut-outs for 24-pin connectors.<\/p>\n<p class=\"ai-optimize-32\">Eectrical and pneumatic lines can be assembled in a matter of seconds. The corresponding membrane is perforated and the cables are simply pushed through.<\/p>\n<ul>\n<li class=\"ai-optimize-33\">Perforated membranes can be sealed with ST-B Plugs<\/li>\n<li class=\"ai-optimize-34\">A version with M4 threaded bushings is optionally available for screw assembly from the enclosure interior.<\/li>\n<\/ul>\n<p class=\"g-color-black g-font-size-26--md g-font-weight-600 g-mb-15 ai-optimize-35\"><strong>Advantages:<\/strong><\/p>\n<ul class=\"list-unstyled list-ico\">\n<li class=\"ai-optimize-36\">Strain relief due to reinforced membrane<\/li>\n<li class=\"ai-optimize-37\">Sealing in accordance with IP65<\/li>\n<li class=\"ai-optimize-38\">Very quick installation<\/li>\n<li class=\"ai-optimize-39\">Very high cable density<\/li>\n<li class=\"ai-optimize-40\">Cables can be fed through from both sides<\/li>\n<li class=\"ai-optimize-41\">Suitable for standardised cut-outs<\/li>\n<li class=\"ai-optimize-42\">Optionally available with M4 threaded bushings<\/li>\n<li class=\"ai-optimize-43\">Visually attractive design<\/li>\n<\/ul>","protected":false},"featured_media":51268,"template":"","meta":{"_acf_changed":false},"product_brand":[740],"product_cat":[307],"product_tag":[992,938,990,1005,939],"class_list":{"0":"post-51264","1":"product","2":"type-product","3":"status-publish","4":"has-post-thumbnail","6":"product_brand-icotek","7":"product_cat-kabelgenomforingsplattor-multiflansar","8":"product_tag-kabelgenomforing","9":"product_tag-kabelinforing","10":"product_tag-kapsling","11":"product_tag-platbearbetning","12":"product_tag-tatning","14":"first","15":"instock","16":"shipping-taxable","17":"product-type-simple"},"acf":[],"yoast_head":"<!-- This site is optimized with the Yoast SEO Premium plugin v27.4 (Yoast SEO v27.4) - https:\/\/yoast.com\/product\/yoast-seo-premium-wordpress\/ -->\n<title>Kabelgenomf\u00f6ringsplatta | KEL-DPR - C-Pro<\/title>\n<meta name=\"description\" content=\"Kabelgenomf\u00f6ringsplatta KEL-DPR f\u00f6r enkel och t\u00e4t kabeldragning i tr\u00e5nga utrymmen. Perfekt f\u00f6r elektriska och pneumatiska ledningar. Uppgradera idag!\" \/>\n<meta name=\"robots\" content=\"index, follow, max-snippet:-1, max-image-preview:large, max-video-preview:-1\" \/>\n<link rel=\"canonical\" href=\"https:\/\/c-profil.se\/english\/product\/cable-entry-plate-multi-membrane-kel-dpr\/\" \/>\n<meta property=\"og:locale\" content=\"en_US\" \/>\n<meta property=\"og:type\" content=\"article\" \/>\n<meta property=\"og:title\" content=\"Kabelgenomf\u00f6ringsplatta | KEL-DPR - C-Pro\" \/>\n<meta property=\"og:description\" content=\"Kabelgenomf\u00f6ringsplatta multi-membran \/ KEL-DPR \u00e4r baserad p\u00e5 den bepr\u00f6vade KEL-DP 24, men har en integrerad f\u00f6rst\u00e4rkningsram av polypropylen. Med KEL-DPR 24 kan upp till 48 kablar fr\u00e5n 1 till 16,1 mm f\u00f6ras in i de minsta utrymmen och t\u00e4tas i enlighet med IP65. KEL-DPR 24-kabeling\u00e5ngen passar standard-h\u00e5ltagning f\u00f6r 24-stifts kontakter. Elektriska och pneumatiska ledningar kan monteras p\u00e5 n\u00e5gra sekunder. Motsvarande membran \u00e4r perforerat och kablarna trycks enkelt igenom. Kabelgenomf\u00f6ringsplatta multi-membran \/ KEL-DPR till\u00e5ter ocks\u00e5 att kablarna dras genom baksidan av plattan.    Perforerade membran kan t\u00e4tas med ST-B pluggar  En version med M4-g\u00e4ngade bussningar finns som tillval f\u00f6r skruvmontering fr\u00e5n sk\u00e5pets insida  F\u00f6rdelar:    Dragavlastning p\u00e5 grund av f\u00f6rst\u00e4rkt membran  T\u00e4tning enligt IP65  Mycket snabb installation  Mycket h\u00f6g kabelt\u00e4thet  Kablar kan dras igenom fr\u00e5n b\u00e5da sidor  L\u00e4mplig f\u00f6r standardiserade utsk\u00e4rningar  Finns som tillval med M4 g\u00e4ngade bussningar  Visuellt tilltalande design\" \/>\n<meta property=\"og:url\" content=\"https:\/\/c-profil.se\/english\/product\/cable-entry-plate-multi-membrane-kel-dpr\/\" \/>\n<meta property=\"og:site_name\" content=\"C-Pro\" \/>\n<meta property=\"article:publisher\" content=\"https:\/\/www.facebook.com\/people\/C-Pro\/61561767306874\/\" \/>\n<meta property=\"article:modified_time\" content=\"2026-03-19T14:15:13+00:00\" \/>\n<meta property=\"og:image\" content=\"https:\/\/c-profil.se\/wp-content\/uploads\/2024\/11\/Kabelgenomforingsplatta-KEL-DPR.jpg\" \/>\n\t<meta property=\"og:image:width\" content=\"1000\" \/>\n\t<meta property=\"og:image:height\" content=\"1000\" \/>\n\t<meta property=\"og:image:type\" content=\"image\/jpeg\" \/>\n<meta name=\"twitter:card\" content=\"summary_large_image\" \/>\n<meta name=\"twitter:label1\" content=\"Price\" \/>\n\t<meta name=\"twitter:data1\" content=\"\" \/>\n\t<meta name=\"twitter:label2\" content=\"Availability\" \/>\n\t<meta name=\"twitter:data2\" content=\"In stock\" \/>\n<script type=\"application\/ld+json\" class=\"yoast-schema-graph\">{\"@context\":\"https:\\\/\\\/schema.org\",\"@graph\":[{\"@type\":\"WebPage\",\"@id\":\"https:\\\/\\\/c-profil.se\\\/produkt\\\/kabelgenomforingsplatta-multi-membran-kel-dpr\\\/\",\"url\":\"https:\\\/\\\/c-profil.se\\\/produkt\\\/kabelgenomforingsplatta-multi-membran-kel-dpr\\\/\",\"name\":\"Kabelgenomf\u00f6ringsplatta | KEL-DPR - C-Pro\",\"isPartOf\":{\"@id\":\"https:\\\/\\\/c-profil.se\\\/#website\"},\"primaryImageOfPage\":{\"@id\":\"https:\\\/\\\/c-profil.se\\\/produkt\\\/kabelgenomforingsplatta-multi-membran-kel-dpr\\\/#primaryimage\"},\"image\":{\"@id\":\"https:\\\/\\\/c-profil.se\\\/produkt\\\/kabelgenomforingsplatta-multi-membran-kel-dpr\\\/#primaryimage\"},\"thumbnailUrl\":\"https:\\\/\\\/c-profil.se\\\/wp-content\\\/uploads\\\/2024\\\/11\\\/Kabelgenomforingsplatta-KEL-DPR.jpg\",\"datePublished\":\"2024-11-20T09:15:00+00:00\",\"dateModified\":\"2026-03-19T14:15:13+00:00\",\"description\":\"Kabelgenomf\u00f6ringsplatta KEL-DPR f\u00f6r enkel och t\u00e4t kabeldragning i tr\u00e5nga utrymmen. Perfekt f\u00f6r elektriska och pneumatiska ledningar. Uppgradera idag!\",\"breadcrumb\":{\"@id\":\"https:\\\/\\\/c-profil.se\\\/produkt\\\/kabelgenomforingsplatta-multi-membran-kel-dpr\\\/#breadcrumb\"},\"inLanguage\":\"en\",\"potentialAction\":[{\"@type\":\"ReadAction\",\"target\":[\"https:\\\/\\\/c-profil.se\\\/produkt\\\/kabelgenomforingsplatta-multi-membran-kel-dpr\\\/\"]}]},{\"@type\":\"ImageObject\",\"inLanguage\":\"en\",\"@id\":\"https:\\\/\\\/c-profil.se\\\/produkt\\\/kabelgenomforingsplatta-multi-membran-kel-dpr\\\/#primaryimage\",\"url\":\"https:\\\/\\\/c-profil.se\\\/wp-content\\\/uploads\\\/2024\\\/11\\\/Kabelgenomforingsplatta-KEL-DPR.jpg\",\"contentUrl\":\"https:\\\/\\\/c-profil.se\\\/wp-content\\\/uploads\\\/2024\\\/11\\\/Kabelgenomforingsplatta-KEL-DPR.jpg\",\"width\":1000,\"height\":1000,\"caption\":\"Kabelgenomf\u00f6ringsplatta KEL-DPR\"},{\"@type\":\"BreadcrumbList\",\"@id\":\"https:\\\/\\\/c-profil.se\\\/produkt\\\/kabelgenomforingsplatta-multi-membran-kel-dpr\\\/#breadcrumb\",\"itemListElement\":[{\"@type\":\"ListItem\",\"position\":1,\"name\":\"Hem\",\"item\":\"https:\\\/\\\/c-profil.se\\\/\"},{\"@type\":\"ListItem\",\"position\":2,\"name\":\"Produkter\",\"item\":\"https:\\\/\\\/c-profil.se\\\/produkter\\\/\"},{\"@type\":\"ListItem\",\"position\":3,\"name\":\"Kabelgenomf\u00f6ringsplattor &amp; multifl\u00e4nsar\",\"item\":\"https:\\\/\\\/c-profil.se\\\/produkt-kategori\\\/kabelgenomforingsplattor-multiflansar\\\/\"},{\"@type\":\"ListItem\",\"position\":4,\"name\":\"Kabelgenomf\u00f6ringsplatta | KEL-DPR\"}]},{\"@type\":\"WebSite\",\"@id\":\"https:\\\/\\\/c-profil.se\\\/#website\",\"url\":\"https:\\\/\\\/c-profil.se\\\/\",\"name\":\"C-Pro\",\"description\":\"Produkter f\u00f6r El och Automation\",\"publisher\":{\"@id\":\"https:\\\/\\\/c-profil.se\\\/#organization\"},\"potentialAction\":[{\"@type\":\"SearchAction\",\"target\":{\"@type\":\"EntryPoint\",\"urlTemplate\":\"https:\\\/\\\/c-profil.se\\\/?s={search_term_string}\"},\"query-input\":{\"@type\":\"PropertyValueSpecification\",\"valueRequired\":true,\"valueName\":\"search_term_string\"}}],\"inLanguage\":\"en\"},{\"@type\":\"Organization\",\"@id\":\"https:\\\/\\\/c-profil.se\\\/#organization\",\"name\":\"C-Pro\",\"alternateName\":\"C-PRO\",\"url\":\"https:\\\/\\\/c-profil.se\\\/\",\"logo\":{\"@type\":\"ImageObject\",\"inLanguage\":\"en\",\"@id\":\"https:\\\/\\\/c-profil.se\\\/#\\\/schema\\\/logo\\\/image\\\/\",\"url\":\"https:\\\/\\\/c-profil.se\\\/wp-content\\\/uploads\\\/2022\\\/03\\\/c-pro-logga-liggande-500x500-1.png\",\"contentUrl\":\"https:\\\/\\\/c-profil.se\\\/wp-content\\\/uploads\\\/2022\\\/03\\\/c-pro-logga-liggande-500x500-1.png\",\"width\":500,\"height\":500,\"caption\":\"C-Pro\"},\"image\":{\"@id\":\"https:\\\/\\\/c-profil.se\\\/#\\\/schema\\\/logo\\\/image\\\/\"},\"sameAs\":[\"https:\\\/\\\/www.facebook.com\\\/people\\\/C-Pro\\\/61561767306874\\\/\",\"https:\\\/\\\/www.linkedin.com\\\/company\\\/c-pro-ab\",\"https:\\\/\\\/www.instagram.com\\\/cpro.ab\\\/\"],\"description\":\"C-PRO AB \u00e4r en helt\u00e4ckande leverant\u00f6r av material f\u00f6r applikationer inom el och automation. \u00c4nda sedan starten 1987 har vi f\u00f6rsett den svenska tillverkande industrin med elmaterial. Trots v\u00e5r storlek och ledande position har vi aldrig \u00f6vergett v\u00e5r grundfilosofi, att vara en personlig leverant\u00f6r. Vi p\u00e5 C-PRO \u00e4r l\u00e4tta att komma i kontakt med, \u00e4rliga och brinner f\u00f6r att l\u00f6sa v\u00e5ra kunders problem.\",\"email\":\"info@c-profil.se\",\"telephone\":\"031575785\",\"legalName\":\"C-Profil F\u00f6rl\u00e4ggningsmaterial AB\",\"foundingDate\":\"1987-01-01\"}]}<\/script>\n<meta property=\"product:brand\" content=\"kabelgenomf\u00f6ring\" \/>\n<meta property=\"product:price:currency\" content=\"SEK\" \/>\n<meta property=\"og:availability\" content=\"instock\" \/>\n<meta property=\"product:availability\" content=\"instock\" \/>\n<meta property=\"product:retailer_item_id\" content=\"KEL-DPR\" \/>\n<meta property=\"product:condition\" content=\"new\" \/>\n<!-- \/ Yoast SEO Premium plugin. -->","yoast_head_json":{"title":"Cable entry plate | KEL-DPR - C-Pro","description":"Cable entry plate KEL-DPR for easy and tight cable routing in tight spaces. Perfect for electrical and pneumatic lines. Upgrade today!","robots":{"index":"index","follow":"follow","max-snippet":"max-snippet:-1","max-image-preview":"max-image-preview:large","max-video-preview":"max-video-preview:-1"},"canonical":"https:\/\/c-profil.se\/english\/product\/cable-entry-plate-multi-membrane-kel-dpr\/","og_locale":"en_US","og_type":"article","og_title":"Kabelgenomf\u00f6ringsplatta | KEL-DPR - C-Pro","og_description":"Kabelgenomf\u00f6ringsplatta multi-membran \/ KEL-DPR \u00e4r baserad p\u00e5 den bepr\u00f6vade KEL-DP 24, men har en integrerad f\u00f6rst\u00e4rkningsram av polypropylen. Med KEL-DPR 24 kan upp till 48 kablar fr\u00e5n 1 till 16,1 mm f\u00f6ras in i de minsta utrymmen och t\u00e4tas i enlighet med IP65. KEL-DPR 24-kabeling\u00e5ngen passar standard-h\u00e5ltagning f\u00f6r 24-stifts kontakter. Elektriska och pneumatiska ledningar kan monteras p\u00e5 n\u00e5gra sekunder. Motsvarande membran \u00e4r perforerat och kablarna trycks enkelt igenom. Kabelgenomf\u00f6ringsplatta multi-membran \/ KEL-DPR till\u00e5ter ocks\u00e5 att kablarna dras genom baksidan av plattan.    Perforerade membran kan t\u00e4tas med ST-B pluggar  En version med M4-g\u00e4ngade bussningar finns som tillval f\u00f6r skruvmontering fr\u00e5n sk\u00e5pets insida  F\u00f6rdelar:    Dragavlastning p\u00e5 grund av f\u00f6rst\u00e4rkt membran  T\u00e4tning enligt IP65  Mycket snabb installation  Mycket h\u00f6g kabelt\u00e4thet  Kablar kan dras igenom fr\u00e5n b\u00e5da sidor  L\u00e4mplig f\u00f6r standardiserade utsk\u00e4rningar  Finns som tillval med M4 g\u00e4ngade bussningar  Visuellt tilltalande design","og_url":"https:\/\/c-profil.se\/english\/product\/cable-entry-plate-multi-membrane-kel-dpr\/","og_site_name":"C-Pro","article_publisher":"https:\/\/www.facebook.com\/people\/C-Pro\/61561767306874\/","article_modified_time":"2026-03-19T14:15:13+00:00","og_image":[{"width":1000,"height":1000,"url":"https:\/\/c-profil.se\/wp-content\/uploads\/2024\/11\/Kabelgenomforingsplatta-KEL-DPR.jpg","type":"image\/jpeg"}],"twitter_card":"summary_large_image","twitter_misc":{"Price":"","Availability":"In stock"},"schema":{"@context":"https:\/\/schema.org","@graph":[{"@type":"WebPage","@id":"https:\/\/c-profil.se\/produkt\/kabelgenomforingsplatta-multi-membran-kel-dpr\/","url":"https:\/\/c-profil.se\/produkt\/kabelgenomforingsplatta-multi-membran-kel-dpr\/","name":"Cable entry plate | KEL-DPR - C-Pro","isPartOf":{"@id":"https:\/\/c-profil.se\/#website"},"primaryImageOfPage":{"@id":"https:\/\/c-profil.se\/produkt\/kabelgenomforingsplatta-multi-membran-kel-dpr\/#primaryimage"},"image":{"@id":"https:\/\/c-profil.se\/produkt\/kabelgenomforingsplatta-multi-membran-kel-dpr\/#primaryimage"},"thumbnailUrl":"https:\/\/c-profil.se\/wp-content\/uploads\/2024\/11\/Kabelgenomforingsplatta-KEL-DPR.jpg","datePublished":"2024-11-20T09:15:00+00:00","dateModified":"2026-03-19T14:15:13+00:00","description":"Cable entry plate KEL-DPR for easy and tight cable routing in tight spaces. Perfect for electrical and pneumatic lines. Upgrade today!","breadcrumb":{"@id":"https:\/\/c-profil.se\/produkt\/kabelgenomforingsplatta-multi-membran-kel-dpr\/#breadcrumb"},"inLanguage":"en","potentialAction":[{"@type":"ReadAction","target":["https:\/\/c-profil.se\/produkt\/kabelgenomforingsplatta-multi-membran-kel-dpr\/"]}]},{"@type":"ImageObject","inLanguage":"en","@id":"https:\/\/c-profil.se\/produkt\/kabelgenomforingsplatta-multi-membran-kel-dpr\/#primaryimage","url":"https:\/\/c-profil.se\/wp-content\/uploads\/2024\/11\/Kabelgenomforingsplatta-KEL-DPR.jpg","contentUrl":"https:\/\/c-profil.se\/wp-content\/uploads\/2024\/11\/Kabelgenomforingsplatta-KEL-DPR.jpg","width":1000,"height":1000,"caption":"Kabelgenomf\u00f6ringsplatta KEL-DPR"},{"@type":"BreadcrumbList","@id":"https:\/\/c-profil.se\/produkt\/kabelgenomforingsplatta-multi-membran-kel-dpr\/#breadcrumb","itemListElement":[{"@type":"ListItem","position":1,"name":"Hem","item":"https:\/\/c-profil.se\/"},{"@type":"ListItem","position":2,"name":"Produkter","item":"https:\/\/c-profil.se\/produkter\/"},{"@type":"ListItem","position":3,"name":"Kabelgenomf\u00f6ringsplattor &amp; multifl\u00e4nsar","item":"https:\/\/c-profil.se\/produkt-kategori\/kabelgenomforingsplattor-multiflansar\/"},{"@type":"ListItem","position":4,"name":"Kabelgenomf\u00f6ringsplatta | KEL-DPR"}]},{"@type":"WebSite","@id":"https:\/\/c-profil.se\/#website","url":"https:\/\/c-profil.se\/","name":"C-Pro","description":"Products for Electricity and Automation","publisher":{"@id":"https:\/\/c-profil.se\/#organization"},"potentialAction":[{"@type":"SearchAction","target":{"@type":"EntryPoint","urlTemplate":"https:\/\/c-profil.se\/?s={search_term_string}"},"query-input":{"@type":"PropertyValueSpecification","valueRequired":true,"valueName":"search_term_string"}}],"inLanguage":"en"},{"@type":"Organization","@id":"https:\/\/c-profil.se\/#organization","name":"C-Pro","alternateName":"C-PRO","url":"https:\/\/c-profil.se\/","logo":{"@type":"ImageObject","inLanguage":"en","@id":"https:\/\/c-profil.se\/#\/schema\/logo\/image\/","url":"https:\/\/c-profil.se\/wp-content\/uploads\/2022\/03\/c-pro-logga-liggande-500x500-1.png","contentUrl":"https:\/\/c-profil.se\/wp-content\/uploads\/2022\/03\/c-pro-logga-liggande-500x500-1.png","width":500,"height":500,"caption":"C-Pro"},"image":{"@id":"https:\/\/c-profil.se\/#\/schema\/logo\/image\/"},"sameAs":["https:\/\/www.facebook.com\/people\/C-Pro\/61561767306874\/","https:\/\/www.linkedin.com\/company\/c-pro-ab","https:\/\/www.instagram.com\/cpro.ab\/"],"description":"C-PRO AB is a comprehensive supplier of materials for applications in electricity and automation. Ever since the start in 1987, we have supplied the Swedish manufacturing industry with electrical materials. Despite our size and leading position, we have never abandoned our basic philosophy, to be a personal supplier. We at C-PRO are easy to get in touch with, honest and passionate about solving our customers&#039; problems.","email":"info@c-profil.se","telephone":"031575785","legalName":"C-Profil F\u00f6rl\u00e4ggningsmaterial AB","foundingDate":"1987-01-01"}]},"product_brand":"kabelgenomf\u00f6ring","product_price_currency":"SEK","og_availability":"instock","product_availability":"instock","product_retailer_item_id":"KEL-DPR","product_condition":"new"},"_links":{"self":[{"href":"https:\/\/c-profil.se\/english\/wp-json\/wp\/v2\/product\/51264","targetHints":{"allow":["GET"]}}],"collection":[{"href":"https:\/\/c-profil.se\/english\/wp-json\/wp\/v2\/product"}],"about":[{"href":"https:\/\/c-profil.se\/english\/wp-json\/wp\/v2\/types\/product"}],"version-history":[{"count":10,"href":"https:\/\/c-profil.se\/english\/wp-json\/wp\/v2\/product\/51264\/revisions"}],"predecessor-version":[{"id":74291,"href":"https:\/\/c-profil.se\/english\/wp-json\/wp\/v2\/product\/51264\/revisions\/74291"}],"wp:featuredmedia":[{"embeddable":true,"href":"https:\/\/c-profil.se\/english\/wp-json\/wp\/v2\/media\/51268"}],"wp:attachment":[{"href":"https:\/\/c-profil.se\/english\/wp-json\/wp\/v2\/media?parent=51264"}],"wp:term":[{"taxonomy":"product_brand","embeddable":true,"href":"https:\/\/c-profil.se\/english\/wp-json\/wp\/v2\/product_brand?post=51264"},{"taxonomy":"product_cat","embeddable":true,"href":"https:\/\/c-profil.se\/english\/wp-json\/wp\/v2\/product_cat?post=51264"},{"taxonomy":"product_tag","embeddable":true,"href":"https:\/\/c-profil.se\/english\/wp-json\/wp\/v2\/product_tag?post=51264"}],"curies":[{"name":"wp","href":"https:\/\/api.w.org\/{rel}","templated":true}]}}