{"id":51088,"date":"2024-11-15T11:41:00","date_gmt":"2024-11-15T10:41:00","guid":{"rendered":"https:\/\/c-profil.se\/?post_type=product&#038;p=51088"},"modified":"2026-04-27T14:16:25","modified_gmt":"2026-04-27T13:16:25","slug":"modular-interface-system-mis-eng","status":"publish","type":"product","link":"https:\/\/c-profil.se\/english\/produkt\/modular-interface-system-mis\/","title":{"rendered":"Modular Interface System | MIS"},"content":{"rendered":"<p><strong>MIS is a modular cable entry system for industrial installations<\/strong>, developed for the combination of cables with or without contacts together with industrial 3A and 4A connectors.<br \/>\nThe system enables sealing and strain relief according to EN 62444 as well as space-saving integration of connectors and cable entry in the same frame.<\/p>","protected":false},"excerpt":{"rendered":"<p class=\"zn-inspecting-element zn-inspecting-element--relative ai-optimize-31 ai-optimize-introduction\">The Modular Interface System \/ MIS is a divisible cable entry for cables with or without a contact in combination with industrial connectors 3A or 4A. An industrial connector of size 3A or 4A can be connected directly to the frame. Cables with a diameter of 1 to 15 mm can be routed, sealed and strain relief according to EN 62444.<\/p>\n<p class=\"ai-optimize-32\">The cable gland frame consists of a frame (mounting housing for 3A\/4A socket insert), a cover, two screws and a locking element. The counterpart consists of a housing for the 3A\/4A pin insert and a cable gland, either M20 for cable diameters 6 \u2013 12 mm or M25 for cable diameters 13 \u2013 18 mm. MIS is compatible and CE-compliant with several insert manufacturers.<\/p>\n<p class=\"ai-optimize-33\">The cable inserts are inserted into the frame and are automatically fixed. Once it is fully assembled, the cover is screwed on. The plug is then connected and locked in place with the integrated locking element. A protective cover is available for plug connections that are not needed. This cover is available separately as an accessory.<\/p>\n<p class=\"ai-optimize-34\">The combination of an industrial connector and cable entry saves additional cutouts and thus space.<\/p>\n<p class=\"ai-optimize-35\">The injected seal on the back achieves protection class IP65. IP65 is also achieved in applications with double inserts. The optional protective cover achieves IP54.<\/p>\n<p class=\"ai-optimize-36\"><strong>This product is available in different versions: with steel screws or stainless steel screws. It is also possible to integrate threaded bushings. Please ask us about your desired variant.<\/strong><\/p>\n<p class=\"ai-optimize-38\"><strong>Advantages:<\/strong><\/p>\n<ul>\n<li class=\"ai-optimize-39\">Space saving through numerous possible combinations of industrial connectors and frame solutions<\/li>\n<li class=\"ai-optimize-40\">Warranty on pre-terminated cables remains<\/li>\n<li class=\"ai-optimize-41\">3A \/ 4A connectors and cables can be combined in one frame<\/li>\n<li class=\"ai-optimize-42\">High stability, vibration-proof<\/li>\n<li class=\"ai-optimize-43\">Very easy to assemble<\/li>\n<li class=\"ai-optimize-44\">High flexibility<\/li>\n<li class=\"ai-optimize-45\">Protection IP65 \/ UL Type 12 (with gasket and correct selection of cable grommets)<\/li>\n<li class=\"ai-optimize-46\">Strain relief according to EN 62444<\/li>\n<li class=\"ai-optimize-47\">CE-compliant and compatible with numerous insert manufacturers<\/li>\n<\/ul>","protected":false},"featured_media":51099,"template":"","meta":{"_acf_changed":false},"product_brand":[740],"product_cat":[305],"product_tag":[953,992,938,1005,939],"class_list":{"0":"post-51088","1":"product","2":"type-product","3":"status-publish","4":"has-post-thumbnail","6":"product_brand-icotek","7":"product_cat-kabelgenomforingssystem-for-kablar-med-kontakt","8":"product_tag-eftermontering","9":"product_tag-kabelgenomforing","10":"product_tag-kabelinforing","11":"product_tag-platbearbetning","12":"product_tag-tatning","14":"first","15":"instock","16":"shipping-taxable","17":"product-type-simple"},"acf":[],"yoast_head":"<!-- This site is optimized with the Yoast SEO Premium plugin v27.5 (Yoast SEO v27.5) - https:\/\/yoast.com\/product\/yoast-seo-premium-wordpress\/ -->\n<title>Modular Interface System \/ MIS: Kompatibel med flera tillverkare - C-Pro<\/title>\n<meta name=\"description\" content=\"Spara tid och arbete med Modular Interface System \/ MIS. Enkel installation och kompatibelt med industriella kontakter. Se v\u00e5rt sortiment nu!\" \/>\n<meta name=\"robots\" content=\"index, follow, max-snippet:-1, max-image-preview:large, max-video-preview:-1\" \/>\n<link rel=\"canonical\" href=\"https:\/\/c-profil.se\/english\/product\/modular-interface-system-mis-eng\/\" \/>\n<meta property=\"og:locale\" content=\"en_US\" \/>\n<meta property=\"og:type\" content=\"article\" \/>\n<meta property=\"og:title\" content=\"Modular Interface System | MIS - C-Pro\" \/>\n<meta property=\"og:description\" content=\"Modular Interface System \/ MIS \u00e4r en delbar kabeling\u00e5ng f\u00f6r kablar med eller utan kontakt i kombination med industrikontakter 3A eller 4A. En industrikontakt av storlek 3A eller 4A kan kopplas direkt p\u00e5 ramen. Kablar med en diameter p\u00e5 1 till 15 mm kan dirigeras, t\u00e4tas och dragavlastas enl. EN 62444. Kabelgenomf\u00f6ringsramen best\u00e5r av en ram (monteringshus f\u00f6r 3A\/4A uttagsinsats), ett lock, tv\u00e5 skruvar och ett l\u00e5selement. Motdelen best\u00e5r av ett hus f\u00f6r 3A\/4A-stiftinsatsen och en kabelgenomf\u00f6ring, antingen M20 f\u00f6r kabeldiametrar 6 - 12 mm eller M25 f\u00f6r kabeldiametrar 13 - 18 mm. MIS \u00e4r kompatibel och CE-kompatibel med ett flertal insatstillverkare. Kabelinsatserna f\u00f6rs in i ramen och fixeras automatiskt. N\u00e4r den \u00e4r f\u00e4rdigmonterad skruvas locket p\u00e5. Pluggen ansluts sedan och l\u00e5ses p\u00e5 plats med det integrerade l\u00e5selementet. Ett skyddsh\u00f6lje finns f\u00f6r stickanslutningar som inte beh\u00f6vs. Detta lock finns separat som tillbeh\u00f6r. Kombinationen av en industrikontakt och kabeling\u00e5ng sparar ytterligare utsk\u00e4rningar och d\u00e4rmed utrymme. Den insprutade t\u00e4tningen p\u00e5 baksidan uppn\u00e5r skyddsklass IP65. IP65 uppn\u00e5s \u00e4ven vid applikationer med dubbelinsatser. Det valfria skyddslocket uppn\u00e5r IP54. Denna produkt finns i olika utf\u00f6randen: med st\u00e5lskruvar eller rostfria skruvar. Det \u00e4r \u00e4ven m\u00f6jligt att integrera g\u00e4ngade bussningar. Fr\u00e5ga oss g\u00e4rna om din \u00f6nskade variant. F\u00f6rdelar:    Utrymmesbesparande genom m\u00e5nga m\u00f6jliga kombinationer av industriella kopplingar och raml\u00f6sningar  Garanti p\u00e5 kablar med kontakt kvarst\u00e5r  3A \/ 4A kontakter och kablar kan kombineras i en ram  H\u00f6g stabilitet, vibrationss\u00e4ker  Mycket l\u00e4tt att montera  H\u00f6g flexibilitet  Skyddsklass IP65 \/ UL Typ 12 (med packning och korrekt val av kabelgenomf\u00f6ringar)  Dragavlastning enligt EN 62444  CE-kompatibel och kompatibel med ett flertal sk\u00e4rtillverkare\" \/>\n<meta property=\"og:url\" content=\"https:\/\/c-profil.se\/english\/product\/modular-interface-system-mis-eng\/\" \/>\n<meta property=\"og:site_name\" content=\"C-Pro\" \/>\n<meta property=\"article:publisher\" content=\"https:\/\/www.facebook.com\/people\/C-Pro\/61561767306874\/\" \/>\n<meta property=\"article:modified_time\" content=\"2026-04-27T13:16:25+00:00\" \/>\n<meta property=\"og:image\" content=\"https:\/\/c-profil.se\/wp-content\/uploads\/2024\/11\/Modular-Interface-System-MIS.jpg\" \/>\n\t<meta property=\"og:image:width\" content=\"1000\" \/>\n\t<meta property=\"og:image:height\" content=\"1000\" \/>\n\t<meta property=\"og:image:type\" content=\"image\/jpeg\" \/>\n<meta name=\"twitter:card\" content=\"summary_large_image\" \/>\n<meta name=\"twitter:label1\" content=\"Price\" \/>\n\t<meta name=\"twitter:data1\" content=\"\" \/>\n\t<meta name=\"twitter:label2\" content=\"Availability\" \/>\n\t<meta name=\"twitter:data2\" content=\"In stock\" \/>\n<script type=\"application\/ld+json\" class=\"yoast-schema-graph\">{\"@context\":\"https:\\\/\\\/schema.org\",\"@graph\":[{\"@type\":\"WebPage\",\"@id\":\"https:\\\/\\\/c-profil.se\\\/produkt\\\/modular-interface-system-mis\\\/\",\"url\":\"https:\\\/\\\/c-profil.se\\\/produkt\\\/modular-interface-system-mis\\\/\",\"name\":\"Modular Interface System \\\/ MIS: Kompatibel med flera tillverkare - C-Pro\",\"isPartOf\":{\"@id\":\"https:\\\/\\\/c-profil.se\\\/#website\"},\"primaryImageOfPage\":{\"@id\":\"https:\\\/\\\/c-profil.se\\\/produkt\\\/modular-interface-system-mis\\\/#primaryimage\"},\"image\":{\"@id\":\"https:\\\/\\\/c-profil.se\\\/produkt\\\/modular-interface-system-mis\\\/#primaryimage\"},\"thumbnailUrl\":\"https:\\\/\\\/c-profil.se\\\/wp-content\\\/uploads\\\/2024\\\/11\\\/Modular-Interface-System-MIS.jpg\",\"datePublished\":\"2024-11-15T10:41:00+00:00\",\"dateModified\":\"2026-04-27T13:16:25+00:00\",\"description\":\"Spara tid och arbete med Modular Interface System \\\/ MIS. Enkel installation och kompatibelt med industriella kontakter. Se v\u00e5rt sortiment nu!\",\"breadcrumb\":{\"@id\":\"https:\\\/\\\/c-profil.se\\\/produkt\\\/modular-interface-system-mis\\\/#breadcrumb\"},\"inLanguage\":\"en\",\"potentialAction\":[{\"@type\":\"ReadAction\",\"target\":[\"https:\\\/\\\/c-profil.se\\\/produkt\\\/modular-interface-system-mis\\\/\"]}]},{\"@type\":\"ImageObject\",\"inLanguage\":\"en\",\"@id\":\"https:\\\/\\\/c-profil.se\\\/produkt\\\/modular-interface-system-mis\\\/#primaryimage\",\"url\":\"https:\\\/\\\/c-profil.se\\\/wp-content\\\/uploads\\\/2024\\\/11\\\/Modular-Interface-System-MIS.jpg\",\"contentUrl\":\"https:\\\/\\\/c-profil.se\\\/wp-content\\\/uploads\\\/2024\\\/11\\\/Modular-Interface-System-MIS.jpg\",\"width\":1000,\"height\":1000,\"caption\":\"Modular Interface System MIS\"},{\"@type\":\"BreadcrumbList\",\"@id\":\"https:\\\/\\\/c-profil.se\\\/produkt\\\/modular-interface-system-mis\\\/#breadcrumb\",\"itemListElement\":[{\"@type\":\"ListItem\",\"position\":1,\"name\":\"Hem\",\"item\":\"https:\\\/\\\/c-profil.se\\\/\"},{\"@type\":\"ListItem\",\"position\":2,\"name\":\"Produkter\",\"item\":\"https:\\\/\\\/c-profil.se\\\/produkter\\\/\"},{\"@type\":\"ListItem\",\"position\":3,\"name\":\"Kabelgenomf\u00f6ringssystem f\u00f6r kablar med kontakt\",\"item\":\"https:\\\/\\\/c-profil.se\\\/produkt-kategori\\\/kabelgenomforingssystem-for-kablar-med-kontakt\\\/\"},{\"@type\":\"ListItem\",\"position\":4,\"name\":\"Modular Interface System | MIS\"}]},{\"@type\":\"WebSite\",\"@id\":\"https:\\\/\\\/c-profil.se\\\/#website\",\"url\":\"https:\\\/\\\/c-profil.se\\\/\",\"name\":\"C-Pro\",\"description\":\"Produkter f\u00f6r El och Automation\",\"publisher\":{\"@id\":\"https:\\\/\\\/c-profil.se\\\/#organization\"},\"potentialAction\":[{\"@type\":\"SearchAction\",\"target\":{\"@type\":\"EntryPoint\",\"urlTemplate\":\"https:\\\/\\\/c-profil.se\\\/?s={search_term_string}\"},\"query-input\":{\"@type\":\"PropertyValueSpecification\",\"valueRequired\":true,\"valueName\":\"search_term_string\"}}],\"inLanguage\":\"en\"},{\"@type\":\"Organization\",\"@id\":\"https:\\\/\\\/c-profil.se\\\/#organization\",\"name\":\"C-Pro\",\"alternateName\":\"C-PRO\",\"url\":\"https:\\\/\\\/c-profil.se\\\/\",\"logo\":{\"@type\":\"ImageObject\",\"inLanguage\":\"en\",\"@id\":\"https:\\\/\\\/c-profil.se\\\/#\\\/schema\\\/logo\\\/image\\\/\",\"url\":\"https:\\\/\\\/c-profil.se\\\/wp-content\\\/uploads\\\/2022\\\/03\\\/c-pro-logga-liggande-500x500-1.png\",\"contentUrl\":\"https:\\\/\\\/c-profil.se\\\/wp-content\\\/uploads\\\/2022\\\/03\\\/c-pro-logga-liggande-500x500-1.png\",\"width\":500,\"height\":500,\"caption\":\"C-Pro\"},\"image\":{\"@id\":\"https:\\\/\\\/c-profil.se\\\/#\\\/schema\\\/logo\\\/image\\\/\"},\"sameAs\":[\"https:\\\/\\\/www.facebook.com\\\/people\\\/C-Pro\\\/61561767306874\\\/\",\"https:\\\/\\\/www.linkedin.com\\\/company\\\/c-pro-ab\",\"https:\\\/\\\/www.instagram.com\\\/cpro.ab\\\/\"],\"description\":\"C-PRO AB \u00e4r en helt\u00e4ckande leverant\u00f6r av material f\u00f6r applikationer inom el och automation. \u00c4nda sedan starten 1987 har vi f\u00f6rsett den svenska tillverkande industrin med elmaterial. Trots v\u00e5r storlek och ledande position har vi aldrig \u00f6vergett v\u00e5r grundfilosofi, att vara en personlig leverant\u00f6r. Vi p\u00e5 C-PRO \u00e4r l\u00e4tta att komma i kontakt med, \u00e4rliga och brinner f\u00f6r att l\u00f6sa v\u00e5ra kunders problem.\",\"email\":\"info@c-profil.se\",\"telephone\":\"031575785\",\"legalName\":\"C-Profil F\u00f6rl\u00e4ggningsmaterial AB\",\"foundingDate\":\"1987-01-01\"}]}<\/script>\n<meta property=\"product:brand\" content=\"eftermontering\" \/>\n<meta property=\"product:price:currency\" content=\"SEK\" \/>\n<meta property=\"og:availability\" content=\"instock\" \/>\n<meta property=\"product:availability\" content=\"instock\" \/>\n<meta property=\"product:retailer_item_id\" content=\"MIS\" \/>\n<meta property=\"product:condition\" content=\"new\" \/>\n<!-- \/ Yoast SEO Premium plugin. -->","yoast_head_json":{"title":"Modular Interface System \/ MIS: Compatible with several manufacturers - C-Pro","description":"Save time and work with the Modular Interface System \/ MIS. Easy installation and compatible with industrial connectors. See our range now!","robots":{"index":"index","follow":"follow","max-snippet":"max-snippet:-1","max-image-preview":"max-image-preview:large","max-video-preview":"max-video-preview:-1"},"canonical":"https:\/\/c-profil.se\/english\/product\/modular-interface-system-mis-eng\/","og_locale":"en_US","og_type":"article","og_title":"Modular Interface System | MIS - C-Pro","og_description":"Modular Interface System \/ MIS \u00e4r en delbar kabeling\u00e5ng f\u00f6r kablar med eller utan kontakt i kombination med industrikontakter 3A eller 4A. En industrikontakt av storlek 3A eller 4A kan kopplas direkt p\u00e5 ramen. Kablar med en diameter p\u00e5 1 till 15 mm kan dirigeras, t\u00e4tas och dragavlastas enl. EN 62444. Kabelgenomf\u00f6ringsramen best\u00e5r av en ram (monteringshus f\u00f6r 3A\/4A uttagsinsats), ett lock, tv\u00e5 skruvar och ett l\u00e5selement. Motdelen best\u00e5r av ett hus f\u00f6r 3A\/4A-stiftinsatsen och en kabelgenomf\u00f6ring, antingen M20 f\u00f6r kabeldiametrar 6 - 12 mm eller M25 f\u00f6r kabeldiametrar 13 - 18 mm. MIS \u00e4r kompatibel och CE-kompatibel med ett flertal insatstillverkare. Kabelinsatserna f\u00f6rs in i ramen och fixeras automatiskt. N\u00e4r den \u00e4r f\u00e4rdigmonterad skruvas locket p\u00e5. Pluggen ansluts sedan och l\u00e5ses p\u00e5 plats med det integrerade l\u00e5selementet. Ett skyddsh\u00f6lje finns f\u00f6r stickanslutningar som inte beh\u00f6vs. Detta lock finns separat som tillbeh\u00f6r. Kombinationen av en industrikontakt och kabeling\u00e5ng sparar ytterligare utsk\u00e4rningar och d\u00e4rmed utrymme. Den insprutade t\u00e4tningen p\u00e5 baksidan uppn\u00e5r skyddsklass IP65. IP65 uppn\u00e5s \u00e4ven vid applikationer med dubbelinsatser. Det valfria skyddslocket uppn\u00e5r IP54. Denna produkt finns i olika utf\u00f6randen: med st\u00e5lskruvar eller rostfria skruvar. Det \u00e4r \u00e4ven m\u00f6jligt att integrera g\u00e4ngade bussningar. Fr\u00e5ga oss g\u00e4rna om din \u00f6nskade variant. F\u00f6rdelar:    Utrymmesbesparande genom m\u00e5nga m\u00f6jliga kombinationer av industriella kopplingar och raml\u00f6sningar  Garanti p\u00e5 kablar med kontakt kvarst\u00e5r  3A \/ 4A kontakter och kablar kan kombineras i en ram  H\u00f6g stabilitet, vibrationss\u00e4ker  Mycket l\u00e4tt att montera  H\u00f6g flexibilitet  Skyddsklass IP65 \/ UL Typ 12 (med packning och korrekt val av kabelgenomf\u00f6ringar)  Dragavlastning enligt EN 62444  CE-kompatibel och kompatibel med ett flertal sk\u00e4rtillverkare","og_url":"https:\/\/c-profil.se\/english\/product\/modular-interface-system-mis-eng\/","og_site_name":"C-Pro","article_publisher":"https:\/\/www.facebook.com\/people\/C-Pro\/61561767306874\/","article_modified_time":"2026-04-27T13:16:25+00:00","og_image":[{"width":1000,"height":1000,"url":"https:\/\/c-profil.se\/wp-content\/uploads\/2024\/11\/Modular-Interface-System-MIS.jpg","type":"image\/jpeg"}],"twitter_card":"summary_large_image","twitter_misc":{"Price":"","Availability":"In stock"},"schema":{"@context":"https:\/\/schema.org","@graph":[{"@type":"WebPage","@id":"https:\/\/c-profil.se\/produkt\/modular-interface-system-mis\/","url":"https:\/\/c-profil.se\/produkt\/modular-interface-system-mis\/","name":"Modular Interface System \/ MIS: Compatible with several manufacturers - C-Pro","isPartOf":{"@id":"https:\/\/c-profil.se\/#website"},"primaryImageOfPage":{"@id":"https:\/\/c-profil.se\/produkt\/modular-interface-system-mis\/#primaryimage"},"image":{"@id":"https:\/\/c-profil.se\/produkt\/modular-interface-system-mis\/#primaryimage"},"thumbnailUrl":"https:\/\/c-profil.se\/wp-content\/uploads\/2024\/11\/Modular-Interface-System-MIS.jpg","datePublished":"2024-11-15T10:41:00+00:00","dateModified":"2026-04-27T13:16:25+00:00","description":"Save time and work with the Modular Interface System \/ MIS. Easy installation and compatible with industrial connectors. See our range now!","breadcrumb":{"@id":"https:\/\/c-profil.se\/produkt\/modular-interface-system-mis\/#breadcrumb"},"inLanguage":"en","potentialAction":[{"@type":"ReadAction","target":["https:\/\/c-profil.se\/produkt\/modular-interface-system-mis\/"]}]},{"@type":"ImageObject","inLanguage":"en","@id":"https:\/\/c-profil.se\/produkt\/modular-interface-system-mis\/#primaryimage","url":"https:\/\/c-profil.se\/wp-content\/uploads\/2024\/11\/Modular-Interface-System-MIS.jpg","contentUrl":"https:\/\/c-profil.se\/wp-content\/uploads\/2024\/11\/Modular-Interface-System-MIS.jpg","width":1000,"height":1000,"caption":"Modular Interface System MIS"},{"@type":"BreadcrumbList","@id":"https:\/\/c-profil.se\/produkt\/modular-interface-system-mis\/#breadcrumb","itemListElement":[{"@type":"ListItem","position":1,"name":"Hem","item":"https:\/\/c-profil.se\/"},{"@type":"ListItem","position":2,"name":"Produkter","item":"https:\/\/c-profil.se\/produkter\/"},{"@type":"ListItem","position":3,"name":"Kabelgenomf\u00f6ringssystem f\u00f6r kablar med kontakt","item":"https:\/\/c-profil.se\/produkt-kategori\/kabelgenomforingssystem-for-kablar-med-kontakt\/"},{"@type":"ListItem","position":4,"name":"Modular Interface System | MIS"}]},{"@type":"WebSite","@id":"https:\/\/c-profil.se\/#website","url":"https:\/\/c-profil.se\/","name":"C-Pro","description":"Products for Electricity and Automation","publisher":{"@id":"https:\/\/c-profil.se\/#organization"},"potentialAction":[{"@type":"SearchAction","target":{"@type":"EntryPoint","urlTemplate":"https:\/\/c-profil.se\/?s={search_term_string}"},"query-input":{"@type":"PropertyValueSpecification","valueRequired":true,"valueName":"search_term_string"}}],"inLanguage":"en"},{"@type":"Organization","@id":"https:\/\/c-profil.se\/#organization","name":"C-Pro","alternateName":"C-PRO","url":"https:\/\/c-profil.se\/","logo":{"@type":"ImageObject","inLanguage":"en","@id":"https:\/\/c-profil.se\/#\/schema\/logo\/image\/","url":"https:\/\/c-profil.se\/wp-content\/uploads\/2022\/03\/c-pro-logga-liggande-500x500-1.png","contentUrl":"https:\/\/c-profil.se\/wp-content\/uploads\/2022\/03\/c-pro-logga-liggande-500x500-1.png","width":500,"height":500,"caption":"C-Pro"},"image":{"@id":"https:\/\/c-profil.se\/#\/schema\/logo\/image\/"},"sameAs":["https:\/\/www.facebook.com\/people\/C-Pro\/61561767306874\/","https:\/\/www.linkedin.com\/company\/c-pro-ab","https:\/\/www.instagram.com\/cpro.ab\/"],"description":"C-PRO AB is a comprehensive supplier of materials for applications in electricity and automation. Ever since the start in 1987, we have supplied the Swedish manufacturing industry with electrical materials. Despite our size and leading position, we have never abandoned our basic philosophy, to be a personal supplier. We at C-PRO are easy to get in touch with, honest and passionate about solving our customers&#039; problems.","email":"info@c-profil.se","telephone":"031575785","legalName":"C-Profil F\u00f6rl\u00e4ggningsmaterial AB","foundingDate":"1987-01-01"}]},"product_brand":"eftermontering","product_price_currency":"SEK","og_availability":"instock","product_availability":"instock","product_retailer_item_id":"MIS","product_condition":"new"},"_links":{"self":[{"href":"https:\/\/c-profil.se\/english\/wp-json\/wp\/v2\/product\/51088","targetHints":{"allow":["GET"]}}],"collection":[{"href":"https:\/\/c-profil.se\/english\/wp-json\/wp\/v2\/product"}],"about":[{"href":"https:\/\/c-profil.se\/english\/wp-json\/wp\/v2\/types\/product"}],"version-history":[{"count":21,"href":"https:\/\/c-profil.se\/english\/wp-json\/wp\/v2\/product\/51088\/revisions"}],"predecessor-version":[{"id":75231,"href":"https:\/\/c-profil.se\/english\/wp-json\/wp\/v2\/product\/51088\/revisions\/75231"}],"wp:featuredmedia":[{"embeddable":true,"href":"https:\/\/c-profil.se\/english\/wp-json\/wp\/v2\/media\/51099"}],"wp:attachment":[{"href":"https:\/\/c-profil.se\/english\/wp-json\/wp\/v2\/media?parent=51088"}],"wp:term":[{"taxonomy":"product_brand","embeddable":true,"href":"https:\/\/c-profil.se\/english\/wp-json\/wp\/v2\/product_brand?post=51088"},{"taxonomy":"product_cat","embeddable":true,"href":"https:\/\/c-profil.se\/english\/wp-json\/wp\/v2\/product_cat?post=51088"},{"taxonomy":"product_tag","embeddable":true,"href":"https:\/\/c-profil.se\/english\/wp-json\/wp\/v2\/product_tag?post=51088"}],"curies":[{"name":"wp","href":"https:\/\/api.w.org\/{rel}","templated":true}]}}