{"id":51038,"date":"2024-11-14T13:52:00","date_gmt":"2024-11-14T12:52:00","guid":{"rendered":"https:\/\/c-profil.se\/?post_type=product&#038;p=51038"},"modified":"2026-05-07T10:02:41","modified_gmt":"2026-05-07T09:02:41","slug":"keystone-jack","status":"publish","type":"product","link":"https:\/\/c-profil.se\/english\/produkt\/keystone-uttag\/","title":{"rendered":"Keystone jack"},"content":{"rendered":"<p><strong>Keystone jacks for USB-C, USB 3.0, HDMI and CAT6 are intended for industrial installations within the IMAS-CONNECT\u2122 system<\/strong>, and enables flexible integration of data and interface connections.<br \/>\nThe sockets are used together with the adapter inserts AT-KS-AK and AT-KS for modular and standardized assembly.<\/p>","protected":false},"excerpt":{"rendered":"<p>The Keystone jacks (USB-C, USB 3.0, HDMI, CAT6) are also available individually for use with the following IMAS-CONNECT\u2122 adapter grommets:<\/p>\n<ul>\n<li><a href=\"https:\/\/c-profil.se\/english\/product\/adapter-grommets-at-ks-ak\/\">Adapter grommet \/ AT-KS-AK<\/a><\/li>\n<li><a href=\"https:\/\/c-profil.se\/english\/product\/adapter-grommet-at-ks-2\/\">Adapter grommet \/ AT-KS<\/a><\/li>\n<\/ul>","protected":false},"featured_media":51042,"template":"","meta":{"_acf_changed":false},"product_brand":[740],"product_cat":[304,1007],"product_tag":[953,992,938,1005,939],"class_list":{"0":"post-51038","1":"product","2":"type-product","3":"status-publish","4":"has-post-thumbnail","6":"product_brand-icotek","7":"product_cat-kabelforskruvningar-for-kablar-med-kontakt","8":"product_cat-kabelinsatser","9":"product_tag-eftermontering","10":"product_tag-kabelgenomforing","11":"product_tag-kabelinforing","12":"product_tag-platbearbetning","13":"product_tag-tatning","15":"first","16":"instock","17":"shipping-taxable","18":"product-type-simple"},"acf":[],"yoast_head":"<!-- This site is optimized with the Yoast SEO Premium plugin v27.6 (Yoast SEO v27.6) - https:\/\/yoast.com\/product\/yoast-seo-premium-wordpress\/ -->\n<title>Keystone-uttag - C-Pro<\/title>\n<meta name=\"description\" content=\"Optimera ditt system med v\u00e5ra m\u00e5ngsidiga Keystone-uttag. Med snap-in montering och individuellt tillg\u00e4ngliga adapterhylsor blir installationen enkel.\" \/>\n<meta name=\"robots\" content=\"index, follow, max-snippet:-1, max-image-preview:large, max-video-preview:-1\" \/>\n<link rel=\"canonical\" href=\"https:\/\/c-profil.se\/english\/product\/keystone-jack\/\" \/>\n<meta property=\"og:locale\" content=\"en_US\" \/>\n<meta property=\"og:type\" content=\"article\" \/>\n<meta property=\"og:title\" content=\"Keystone-uttag - C-Pro\" \/>\n<meta property=\"og:description\" content=\"Keystone-uttag (USB-C, USB 3.0, HDMI, CAT6) \u00e4r ocks\u00e5 tillg\u00e4ngliga individuellt f\u00f6r anv\u00e4ndning med f\u00f6ljande IMAS-CONNECT\u2122-adapterhylsor:   Adapterinsats \/ AT-KS-AK  Adapterinsats \/ AT-KS\" \/>\n<meta property=\"og:url\" content=\"https:\/\/c-profil.se\/english\/product\/keystone-jack\/\" \/>\n<meta property=\"og:site_name\" content=\"C-Pro\" \/>\n<meta property=\"article:publisher\" content=\"https:\/\/www.facebook.com\/people\/C-Pro\/61561767306874\/\" \/>\n<meta property=\"article:modified_time\" content=\"2026-05-07T09:02:41+00:00\" \/>\n<meta property=\"og:image\" content=\"https:\/\/c-profil.se\/wp-content\/uploads\/2024\/11\/Keystone-uttag.jpg\" \/>\n\t<meta property=\"og:image:width\" content=\"1000\" \/>\n\t<meta property=\"og:image:height\" content=\"1000\" \/>\n\t<meta property=\"og:image:type\" content=\"image\/jpeg\" \/>\n<meta name=\"twitter:card\" content=\"summary_large_image\" \/>\n<meta name=\"twitter:label1\" content=\"Price\" \/>\n\t<meta name=\"twitter:data1\" content=\"\" \/>\n\t<meta name=\"twitter:label2\" content=\"Availability\" \/>\n\t<meta name=\"twitter:data2\" content=\"In stock\" \/>\n<script type=\"application\/ld+json\" class=\"yoast-schema-graph\">{\"@context\":\"https:\\\/\\\/schema.org\",\"@graph\":[{\"@type\":\"WebPage\",\"@id\":\"https:\\\/\\\/c-profil.se\\\/produkt\\\/keystone-uttag\\\/\",\"url\":\"https:\\\/\\\/c-profil.se\\\/produkt\\\/keystone-uttag\\\/\",\"name\":\"Keystone-uttag - C-Pro\",\"isPartOf\":{\"@id\":\"https:\\\/\\\/c-profil.se\\\/#website\"},\"primaryImageOfPage\":{\"@id\":\"https:\\\/\\\/c-profil.se\\\/produkt\\\/keystone-uttag\\\/#primaryimage\"},\"image\":{\"@id\":\"https:\\\/\\\/c-profil.se\\\/produkt\\\/keystone-uttag\\\/#primaryimage\"},\"thumbnailUrl\":\"https:\\\/\\\/c-profil.se\\\/wp-content\\\/uploads\\\/2024\\\/11\\\/Keystone-uttag.jpg\",\"datePublished\":\"2024-11-14T12:52:00+00:00\",\"dateModified\":\"2026-05-07T09:02:41+00:00\",\"description\":\"Optimera ditt system med v\u00e5ra m\u00e5ngsidiga Keystone-uttag. Med snap-in montering och individuellt tillg\u00e4ngliga adapterhylsor blir installationen enkel.\",\"breadcrumb\":{\"@id\":\"https:\\\/\\\/c-profil.se\\\/produkt\\\/keystone-uttag\\\/#breadcrumb\"},\"inLanguage\":\"en\",\"potentialAction\":[{\"@type\":\"ReadAction\",\"target\":[\"https:\\\/\\\/c-profil.se\\\/produkt\\\/keystone-uttag\\\/\"]}]},{\"@type\":\"ImageObject\",\"inLanguage\":\"en\",\"@id\":\"https:\\\/\\\/c-profil.se\\\/produkt\\\/keystone-uttag\\\/#primaryimage\",\"url\":\"https:\\\/\\\/c-profil.se\\\/wp-content\\\/uploads\\\/2024\\\/11\\\/Keystone-uttag.jpg\",\"contentUrl\":\"https:\\\/\\\/c-profil.se\\\/wp-content\\\/uploads\\\/2024\\\/11\\\/Keystone-uttag.jpg\",\"width\":1000,\"height\":1000,\"caption\":\"Keystone-uttag\"},{\"@type\":\"BreadcrumbList\",\"@id\":\"https:\\\/\\\/c-profil.se\\\/produkt\\\/keystone-uttag\\\/#breadcrumb\",\"itemListElement\":[{\"@type\":\"ListItem\",\"position\":1,\"name\":\"Hem\",\"item\":\"https:\\\/\\\/c-profil.se\\\/\"},{\"@type\":\"ListItem\",\"position\":2,\"name\":\"Produkter\",\"item\":\"https:\\\/\\\/c-profil.se\\\/produkter\\\/\"},{\"@type\":\"ListItem\",\"position\":3,\"name\":\"Kabelf\u00f6rskruvningar f\u00f6r kablar med kontakt\",\"item\":\"https:\\\/\\\/c-profil.se\\\/produkt-kategori\\\/kabelforskruvningar-for-kablar-med-kontakt\\\/\"},{\"@type\":\"ListItem\",\"position\":4,\"name\":\"Keystone-uttag\"}]},{\"@type\":\"WebSite\",\"@id\":\"https:\\\/\\\/c-profil.se\\\/#website\",\"url\":\"https:\\\/\\\/c-profil.se\\\/\",\"name\":\"C-Pro\",\"description\":\"Produkter f\u00f6r El och Automation\",\"publisher\":{\"@id\":\"https:\\\/\\\/c-profil.se\\\/#organization\"},\"potentialAction\":[{\"@type\":\"SearchAction\",\"target\":{\"@type\":\"EntryPoint\",\"urlTemplate\":\"https:\\\/\\\/c-profil.se\\\/?s={search_term_string}\"},\"query-input\":{\"@type\":\"PropertyValueSpecification\",\"valueRequired\":true,\"valueName\":\"search_term_string\"}}],\"inLanguage\":\"en\"},{\"@type\":\"Organization\",\"@id\":\"https:\\\/\\\/c-profil.se\\\/#organization\",\"name\":\"C-Pro\",\"alternateName\":\"C-PRO\",\"url\":\"https:\\\/\\\/c-profil.se\\\/\",\"logo\":{\"@type\":\"ImageObject\",\"inLanguage\":\"en\",\"@id\":\"https:\\\/\\\/c-profil.se\\\/#\\\/schema\\\/logo\\\/image\\\/\",\"url\":\"https:\\\/\\\/c-profil.se\\\/wp-content\\\/uploads\\\/2022\\\/03\\\/c-pro-logga-liggande-500x500-1.png\",\"contentUrl\":\"https:\\\/\\\/c-profil.se\\\/wp-content\\\/uploads\\\/2022\\\/03\\\/c-pro-logga-liggande-500x500-1.png\",\"width\":500,\"height\":500,\"caption\":\"C-Pro\"},\"image\":{\"@id\":\"https:\\\/\\\/c-profil.se\\\/#\\\/schema\\\/logo\\\/image\\\/\"},\"sameAs\":[\"https:\\\/\\\/www.facebook.com\\\/people\\\/C-Pro\\\/61561767306874\\\/\",\"https:\\\/\\\/www.linkedin.com\\\/company\\\/c-pro-ab\",\"https:\\\/\\\/www.instagram.com\\\/cpro.ab\\\/\"],\"description\":\"C-PRO AB \u00e4r en helt\u00e4ckande leverant\u00f6r av material f\u00f6r applikationer inom el och automation. \u00c4nda sedan starten 1987 har vi f\u00f6rsett den svenska tillverkande industrin med elmaterial. Trots v\u00e5r storlek och ledande position har vi aldrig \u00f6vergett v\u00e5r grundfilosofi, att vara en personlig leverant\u00f6r. Vi p\u00e5 C-PRO \u00e4r l\u00e4tta att komma i kontakt med, \u00e4rliga och brinner f\u00f6r att l\u00f6sa v\u00e5ra kunders problem.\",\"email\":\"info@c-profil.se\",\"telephone\":\"031575785\",\"legalName\":\"C-Profil F\u00f6rl\u00e4ggningsmaterial AB\",\"foundingDate\":\"1987-01-01\"}]}<\/script>\n<meta property=\"product:brand\" content=\"eftermontering\" \/>\n<meta property=\"product:price:currency\" content=\"SEK\" \/>\n<meta property=\"og:availability\" content=\"instock\" \/>\n<meta property=\"product:availability\" content=\"instock\" \/>\n<meta property=\"product:retailer_item_id\" content=\"Keystone-uttag\" \/>\n<meta property=\"product:condition\" content=\"new\" \/>\n<!-- \/ Yoast SEO Premium plugin. -->","yoast_head_json":{"title":"Keystone jack - C-Pro","description":"Optimize your system with our versatile Keystone jacks. With snap-in mounting and individually available adapter sleeves, installation is easy.","robots":{"index":"index","follow":"follow","max-snippet":"max-snippet:-1","max-image-preview":"max-image-preview:large","max-video-preview":"max-video-preview:-1"},"canonical":"https:\/\/c-profil.se\/english\/product\/keystone-jack\/","og_locale":"en_US","og_type":"article","og_title":"Keystone-uttag - C-Pro","og_description":"Keystone-uttag (USB-C, USB 3.0, HDMI, CAT6) \u00e4r ocks\u00e5 tillg\u00e4ngliga individuellt f\u00f6r anv\u00e4ndning med f\u00f6ljande IMAS-CONNECT\u2122-adapterhylsor:   Adapterinsats \/ AT-KS-AK  Adapterinsats \/ AT-KS","og_url":"https:\/\/c-profil.se\/english\/product\/keystone-jack\/","og_site_name":"C-Pro","article_publisher":"https:\/\/www.facebook.com\/people\/C-Pro\/61561767306874\/","article_modified_time":"2026-05-07T09:02:41+00:00","og_image":[{"width":1000,"height":1000,"url":"https:\/\/c-profil.se\/wp-content\/uploads\/2024\/11\/Keystone-uttag.jpg","type":"image\/jpeg"}],"twitter_card":"summary_large_image","twitter_misc":{"Price":"","Availability":"In stock"},"schema":{"@context":"https:\/\/schema.org","@graph":[{"@type":"WebPage","@id":"https:\/\/c-profil.se\/produkt\/keystone-uttag\/","url":"https:\/\/c-profil.se\/produkt\/keystone-uttag\/","name":"Keystone jack - C-Pro","isPartOf":{"@id":"https:\/\/c-profil.se\/#website"},"primaryImageOfPage":{"@id":"https:\/\/c-profil.se\/produkt\/keystone-uttag\/#primaryimage"},"image":{"@id":"https:\/\/c-profil.se\/produkt\/keystone-uttag\/#primaryimage"},"thumbnailUrl":"https:\/\/c-profil.se\/wp-content\/uploads\/2024\/11\/Keystone-uttag.jpg","datePublished":"2024-11-14T12:52:00+00:00","dateModified":"2026-05-07T09:02:41+00:00","description":"Optimize your system with our versatile Keystone jacks. With snap-in mounting and individually available adapter sleeves, installation is easy.","breadcrumb":{"@id":"https:\/\/c-profil.se\/produkt\/keystone-uttag\/#breadcrumb"},"inLanguage":"en","potentialAction":[{"@type":"ReadAction","target":["https:\/\/c-profil.se\/produkt\/keystone-uttag\/"]}]},{"@type":"ImageObject","inLanguage":"en","@id":"https:\/\/c-profil.se\/produkt\/keystone-uttag\/#primaryimage","url":"https:\/\/c-profil.se\/wp-content\/uploads\/2024\/11\/Keystone-uttag.jpg","contentUrl":"https:\/\/c-profil.se\/wp-content\/uploads\/2024\/11\/Keystone-uttag.jpg","width":1000,"height":1000,"caption":"Keystone-uttag"},{"@type":"BreadcrumbList","@id":"https:\/\/c-profil.se\/produkt\/keystone-uttag\/#breadcrumb","itemListElement":[{"@type":"ListItem","position":1,"name":"Hem","item":"https:\/\/c-profil.se\/"},{"@type":"ListItem","position":2,"name":"Produkter","item":"https:\/\/c-profil.se\/produkter\/"},{"@type":"ListItem","position":3,"name":"Kabelf\u00f6rskruvningar f\u00f6r kablar med kontakt","item":"https:\/\/c-profil.se\/produkt-kategori\/kabelforskruvningar-for-kablar-med-kontakt\/"},{"@type":"ListItem","position":4,"name":"Keystone-uttag"}]},{"@type":"WebSite","@id":"https:\/\/c-profil.se\/#website","url":"https:\/\/c-profil.se\/","name":"C-Pro","description":"Products for Electricity and Automation","publisher":{"@id":"https:\/\/c-profil.se\/#organization"},"potentialAction":[{"@type":"SearchAction","target":{"@type":"EntryPoint","urlTemplate":"https:\/\/c-profil.se\/?s={search_term_string}"},"query-input":{"@type":"PropertyValueSpecification","valueRequired":true,"valueName":"search_term_string"}}],"inLanguage":"en"},{"@type":"Organization","@id":"https:\/\/c-profil.se\/#organization","name":"C-Pro","alternateName":"C-PRO","url":"https:\/\/c-profil.se\/","logo":{"@type":"ImageObject","inLanguage":"en","@id":"https:\/\/c-profil.se\/#\/schema\/logo\/image\/","url":"https:\/\/c-profil.se\/wp-content\/uploads\/2022\/03\/c-pro-logga-liggande-500x500-1.png","contentUrl":"https:\/\/c-profil.se\/wp-content\/uploads\/2022\/03\/c-pro-logga-liggande-500x500-1.png","width":500,"height":500,"caption":"C-Pro"},"image":{"@id":"https:\/\/c-profil.se\/#\/schema\/logo\/image\/"},"sameAs":["https:\/\/www.facebook.com\/people\/C-Pro\/61561767306874\/","https:\/\/www.linkedin.com\/company\/c-pro-ab","https:\/\/www.instagram.com\/cpro.ab\/"],"description":"C-PRO AB is a comprehensive supplier of materials for applications in electricity and automation. Ever since the start in 1987, we have supplied the Swedish manufacturing industry with electrical materials. Despite our size and leading position, we have never abandoned our basic philosophy, to be a personal supplier. We at C-PRO are easy to get in touch with, honest and passionate about solving our customers&#039; problems.","email":"info@c-profil.se","telephone":"031575785","legalName":"C-Profil F\u00f6rl\u00e4ggningsmaterial AB","foundingDate":"1987-01-01"}]},"product_brand":"eftermontering","product_price_currency":"SEK","og_availability":"instock","product_availability":"instock","product_retailer_item_id":"Keystone-uttag","product_condition":"new"},"_links":{"self":[{"href":"https:\/\/c-profil.se\/english\/wp-json\/wp\/v2\/product\/51038","targetHints":{"allow":["GET"]}}],"collection":[{"href":"https:\/\/c-profil.se\/english\/wp-json\/wp\/v2\/product"}],"about":[{"href":"https:\/\/c-profil.se\/english\/wp-json\/wp\/v2\/types\/product"}],"version-history":[{"count":5,"href":"https:\/\/c-profil.se\/english\/wp-json\/wp\/v2\/product\/51038\/revisions"}],"predecessor-version":[{"id":71663,"href":"https:\/\/c-profil.se\/english\/wp-json\/wp\/v2\/product\/51038\/revisions\/71663"}],"wp:featuredmedia":[{"embeddable":true,"href":"https:\/\/c-profil.se\/english\/wp-json\/wp\/v2\/media\/51042"}],"wp:attachment":[{"href":"https:\/\/c-profil.se\/english\/wp-json\/wp\/v2\/media?parent=51038"}],"wp:term":[{"taxonomy":"product_brand","embeddable":true,"href":"https:\/\/c-profil.se\/english\/wp-json\/wp\/v2\/product_brand?post=51038"},{"taxonomy":"product_cat","embeddable":true,"href":"https:\/\/c-profil.se\/english\/wp-json\/wp\/v2\/product_cat?post=51038"},{"taxonomy":"product_tag","embeddable":true,"href":"https:\/\/c-profil.se\/english\/wp-json\/wp\/v2\/product_tag?post=51038"}],"curies":[{"name":"wp","href":"https:\/\/api.w.org\/{rel}","templated":true}]}}