{"id":51008,"date":"2024-11-14T11:10:00","date_gmt":"2024-11-14T10:10:00","guid":{"rendered":"https:\/\/c-profil.se\/?post_type=product&#038;p=51008"},"modified":"2026-05-07T10:03:19","modified_gmt":"2026-05-07T09:03:19","slug":"adapter-grommets-at-ks-ak","status":"publish","type":"product","link":"https:\/\/c-profil.se\/english\/produkt\/adapterinsats-at-ks-ak\/","title":{"rendered":"Adapter insert | AT-KS-AK"},"content":{"rendered":"<p><strong>AT-KS-AK is an adapter insert in the IMAS-CONNECT\u2122 system for integrating Keystone interfaces in industrial installations<\/strong>, based on a KT cable gland with snap-in mounting.<br \/>\nThe adapter insert enables the passage of cables with or without a connector and creates a Keystone interface directly in the cable entry frame without the need for separate drilling.<\/p>","protected":false},"excerpt":{"rendered":"<p class=\"ai-optimize-47 ai-optimize-introduction\"><strong>Adapter grommet \/ AT-KS-AK<\/strong> IMAS-CONNECT\u2122 is constructed on the basis of a large KT bushing. The polyamide body is molded with elastomer.<\/p>\n<p class=\"ai-optimize-48\">The cut-out enables a snap-in assembly of all couplers based on the Keystone system. If required <a href=\"https:\/\/c-profil.se\/english\/product\/keystone-jack\/\" data-tabindex-counter=\"1\" data-tabindex-value=\"none\">Keystone jack<\/a>\u00a0can be disassembled with a screwdriver.<\/p>\n<p class=\"ai-optimize-49\">The introduction of the AT-KS-AK into an icotek cable entry frame enables the entry of cables with and without connectors in combination with the creation of interfaces for Keystone couplers within a cable entry system. Separate hole-punching for connectors is no longer necessary.<\/p>\n<p class=\"zn-inspecting-element zn-inspecting-element--relative ai-optimize-50\">AT-KS-AK provides protection class IP54 when the door is closed (regardless of Keystone connector type and manufacturer).<\/p>\n<p class=\"ai-optimize-33\"><strong>AT-KS-AK is compatible with:<\/strong><\/p>\n<p class=\"ai-optimize-34\"><a href=\"https:\/\/c-profil.se\/english\/product\/keystone-jack\/\">Keystone jack<\/a><\/p>\n<p class=\"ai-optimize-35\"><a href=\"https:\/\/c-profil.se\/english\/product-category\/cable-glands-for-cables-with-connectors\/\">Cable glands for cables with connectors<\/a><\/p>\n<p class=\"ai-optimize-36\"><a href=\"https:\/\/c-profil.se\/english\/product-category\/cable-entry-systems-for-cables-with-connectors\/\">Cable entry systems for cables with connectors<\/a><\/p>\n<p class=\"ai-optimize-38\"><strong>Advantages:<\/strong><\/p>\n<ul>\n<li class=\"ai-optimize-39\">Connectors can be integrated directly into the cable entry frame<\/li>\n<li class=\"ai-optimize-40\">Separate cut-outs for connectors are no longer necessary<\/li>\n<li class=\"ai-optimize-41\">Certified protection class IP54 (according to EN 60529) when cover is closed<\/li>\n<li class=\"ai-optimize-42\">The interface can be secured by sealing<\/li>\n<li class=\"ai-optimize-43\">Space-saving design<\/li>\n<li class=\"ai-optimize-44\">Grommet is suitable for all Keystone couplers<\/li>\n<li class=\"ai-optimize-45\">Snap-in assembly<\/li>\n<\/ul>","protected":false},"featured_media":51013,"template":"","meta":{"_acf_changed":false},"product_brand":[740],"product_cat":[1007],"product_tag":[953,992,938,1005,939],"class_list":{"0":"post-51008","1":"product","2":"type-product","3":"status-publish","4":"has-post-thumbnail","6":"product_brand-icotek","7":"product_cat-kabelinsatser","8":"product_tag-eftermontering","9":"product_tag-kabelgenomforing","10":"product_tag-kabelinforing","11":"product_tag-platbearbetning","12":"product_tag-tatning","14":"first","15":"instock","16":"shipping-taxable","17":"product-type-simple"},"acf":[],"yoast_head":"<!-- This site is optimized with the Yoast SEO Premium plugin v27.5 (Yoast SEO v27.5) - https:\/\/yoast.com\/product\/yoast-seo-premium-wordpress\/ -->\n<title>Adapterinsats | AT-KS-AK - C-Pro<\/title>\n<meta name=\"description\" content=\"Optimera ditt kabelgenomf\u00f6ringssystem med Adapterinsats \/ AT-KS-AK. Silikon- och halogenfri, med m\u00f6jlighet att integrera anslutningar direkt. Best\u00e4ll idag!\" \/>\n<meta name=\"robots\" content=\"index, follow, max-snippet:-1, max-image-preview:large, max-video-preview:-1\" \/>\n<link rel=\"canonical\" href=\"https:\/\/c-profil.se\/english\/product\/adapter-grommets-at-ks-ak\/\" \/>\n<meta property=\"og:locale\" content=\"en_US\" \/>\n<meta property=\"og:type\" content=\"article\" \/>\n<meta property=\"og:title\" content=\"Adapterinsats | AT-KS-AK - C-Pro\" \/>\n<meta property=\"og:description\" content=\"Adapterinsats \/ AT-KS-AK IMAS-CONNECT\u2122 \u00e4r konstruerad p\u00e5 basis av en stor KT-genomf\u00f6ring. Polyamidkroppen \u00e4r gjuten med elastomer. H\u00e5ltagningen m\u00f6jligg\u00f6r en snap-in-montering f\u00f6r alla kopplingar baserade p\u00e5 Keystone-systemet. Vid behov kan Keystone-uttag\u00a0demonteras med en skruvmejsel. Inf\u00f6randet av AT-KS-AK i en icotek-kabelgenomf\u00f6ringsram m\u00f6jligg\u00f6r genomf\u00f6ring av kablar med och utan kontakter i kombination med skapandet av gr\u00e4nssnitt f\u00f6r Keystone-kopplare inom ett kabelgenomf\u00f6ringssystem. Separat h\u00e5ltagning f\u00f6r kontakter \u00e4r inte l\u00e4ngre n\u00f6dv\u00e4ndigt. AT-KS-AK ger skyddsklass IP54\u00a0n\u00e4r luckan \u00e4r st\u00e4ngd (oavsett Keystone-kopplingstyp och tillverkare). AT-KS-AK \u00e4r kompatibel med: Keystone-uttag Kabelf\u00f6rskruvningar f\u00f6r kablar med kontakt Kabelgenomf\u00f6ringssystem f\u00f6r kablar med kontakt F\u00f6rdelar:    Genom att anv\u00e4nda genomf\u00f6ringar kan anslutningar integreras direkt i kabelgenomf\u00f6ringsramen  Separat h\u00e5ltagning i h\u00f6ljets v\u00e4gg \u00e4r inte n\u00f6dv\u00e4ndigt  Certifierad skyddsklass IP54 (enligt EN 60529) med luckan st\u00e4ngd  Gr\u00e4nssnittet kan s\u00e4kras genom t\u00e4tning  Platsbesparande design  Genomf\u00f6ringarna passar alla Keystonekopplingar  Snap-in montering\" \/>\n<meta property=\"og:url\" content=\"https:\/\/c-profil.se\/english\/product\/adapter-grommets-at-ks-ak\/\" \/>\n<meta property=\"og:site_name\" content=\"C-Pro\" \/>\n<meta property=\"article:publisher\" content=\"https:\/\/www.facebook.com\/people\/C-Pro\/61561767306874\/\" \/>\n<meta property=\"article:modified_time\" content=\"2026-05-07T09:03:19+00:00\" \/>\n<meta property=\"og:image\" content=\"https:\/\/c-profil.se\/wp-content\/uploads\/2024\/11\/Adapterinsats-AT-KS-AK.jpg\" \/>\n\t<meta property=\"og:image:width\" content=\"1000\" \/>\n\t<meta property=\"og:image:height\" content=\"1000\" \/>\n\t<meta property=\"og:image:type\" content=\"image\/jpeg\" \/>\n<meta name=\"twitter:card\" content=\"summary_large_image\" \/>\n<meta name=\"twitter:label1\" content=\"Price\" \/>\n\t<meta name=\"twitter:data1\" content=\"\" \/>\n\t<meta name=\"twitter:label2\" content=\"Availability\" \/>\n\t<meta name=\"twitter:data2\" content=\"In stock\" \/>\n<script type=\"application\/ld+json\" class=\"yoast-schema-graph\">{\"@context\":\"https:\\\/\\\/schema.org\",\"@graph\":[{\"@type\":\"WebPage\",\"@id\":\"https:\\\/\\\/c-profil.se\\\/produkt\\\/adapterinsats-at-ks-ak\\\/\",\"url\":\"https:\\\/\\\/c-profil.se\\\/produkt\\\/adapterinsats-at-ks-ak\\\/\",\"name\":\"Adapterinsats | AT-KS-AK - C-Pro\",\"isPartOf\":{\"@id\":\"https:\\\/\\\/c-profil.se\\\/#website\"},\"primaryImageOfPage\":{\"@id\":\"https:\\\/\\\/c-profil.se\\\/produkt\\\/adapterinsats-at-ks-ak\\\/#primaryimage\"},\"image\":{\"@id\":\"https:\\\/\\\/c-profil.se\\\/produkt\\\/adapterinsats-at-ks-ak\\\/#primaryimage\"},\"thumbnailUrl\":\"https:\\\/\\\/c-profil.se\\\/wp-content\\\/uploads\\\/2024\\\/11\\\/Adapterinsats-AT-KS-AK.jpg\",\"datePublished\":\"2024-11-14T10:10:00+00:00\",\"dateModified\":\"2026-05-07T09:03:19+00:00\",\"description\":\"Optimera ditt kabelgenomf\u00f6ringssystem med Adapterinsats \\\/ AT-KS-AK. Silikon- och halogenfri, med m\u00f6jlighet att integrera anslutningar direkt. Best\u00e4ll idag!\",\"breadcrumb\":{\"@id\":\"https:\\\/\\\/c-profil.se\\\/produkt\\\/adapterinsats-at-ks-ak\\\/#breadcrumb\"},\"inLanguage\":\"en\",\"potentialAction\":[{\"@type\":\"ReadAction\",\"target\":[\"https:\\\/\\\/c-profil.se\\\/produkt\\\/adapterinsats-at-ks-ak\\\/\"]}]},{\"@type\":\"ImageObject\",\"inLanguage\":\"en\",\"@id\":\"https:\\\/\\\/c-profil.se\\\/produkt\\\/adapterinsats-at-ks-ak\\\/#primaryimage\",\"url\":\"https:\\\/\\\/c-profil.se\\\/wp-content\\\/uploads\\\/2024\\\/11\\\/Adapterinsats-AT-KS-AK.jpg\",\"contentUrl\":\"https:\\\/\\\/c-profil.se\\\/wp-content\\\/uploads\\\/2024\\\/11\\\/Adapterinsats-AT-KS-AK.jpg\",\"width\":1000,\"height\":1000,\"caption\":\"Adapterinsats AT-KS-AK\"},{\"@type\":\"BreadcrumbList\",\"@id\":\"https:\\\/\\\/c-profil.se\\\/produkt\\\/adapterinsats-at-ks-ak\\\/#breadcrumb\",\"itemListElement\":[{\"@type\":\"ListItem\",\"position\":1,\"name\":\"Hem\",\"item\":\"https:\\\/\\\/c-profil.se\\\/\"},{\"@type\":\"ListItem\",\"position\":2,\"name\":\"Produkter\",\"item\":\"https:\\\/\\\/c-profil.se\\\/produkter\\\/\"},{\"@type\":\"ListItem\",\"position\":3,\"name\":\"Kabelinsatser\",\"item\":\"https:\\\/\\\/c-profil.se\\\/produkt-kategori\\\/kabelinsatser\\\/\"},{\"@type\":\"ListItem\",\"position\":4,\"name\":\"Adapterinsats | AT-KS-AK\"}]},{\"@type\":\"WebSite\",\"@id\":\"https:\\\/\\\/c-profil.se\\\/#website\",\"url\":\"https:\\\/\\\/c-profil.se\\\/\",\"name\":\"C-Pro\",\"description\":\"Produkter f\u00f6r El och Automation\",\"publisher\":{\"@id\":\"https:\\\/\\\/c-profil.se\\\/#organization\"},\"potentialAction\":[{\"@type\":\"SearchAction\",\"target\":{\"@type\":\"EntryPoint\",\"urlTemplate\":\"https:\\\/\\\/c-profil.se\\\/?s={search_term_string}\"},\"query-input\":{\"@type\":\"PropertyValueSpecification\",\"valueRequired\":true,\"valueName\":\"search_term_string\"}}],\"inLanguage\":\"en\"},{\"@type\":\"Organization\",\"@id\":\"https:\\\/\\\/c-profil.se\\\/#organization\",\"name\":\"C-Pro\",\"alternateName\":\"C-PRO\",\"url\":\"https:\\\/\\\/c-profil.se\\\/\",\"logo\":{\"@type\":\"ImageObject\",\"inLanguage\":\"en\",\"@id\":\"https:\\\/\\\/c-profil.se\\\/#\\\/schema\\\/logo\\\/image\\\/\",\"url\":\"https:\\\/\\\/c-profil.se\\\/wp-content\\\/uploads\\\/2022\\\/03\\\/c-pro-logga-liggande-500x500-1.png\",\"contentUrl\":\"https:\\\/\\\/c-profil.se\\\/wp-content\\\/uploads\\\/2022\\\/03\\\/c-pro-logga-liggande-500x500-1.png\",\"width\":500,\"height\":500,\"caption\":\"C-Pro\"},\"image\":{\"@id\":\"https:\\\/\\\/c-profil.se\\\/#\\\/schema\\\/logo\\\/image\\\/\"},\"sameAs\":[\"https:\\\/\\\/www.facebook.com\\\/people\\\/C-Pro\\\/61561767306874\\\/\",\"https:\\\/\\\/www.linkedin.com\\\/company\\\/c-pro-ab\",\"https:\\\/\\\/www.instagram.com\\\/cpro.ab\\\/\"],\"description\":\"C-PRO AB \u00e4r en helt\u00e4ckande leverant\u00f6r av material f\u00f6r applikationer inom el och automation. \u00c4nda sedan starten 1987 har vi f\u00f6rsett den svenska tillverkande industrin med elmaterial. Trots v\u00e5r storlek och ledande position har vi aldrig \u00f6vergett v\u00e5r grundfilosofi, att vara en personlig leverant\u00f6r. Vi p\u00e5 C-PRO \u00e4r l\u00e4tta att komma i kontakt med, \u00e4rliga och brinner f\u00f6r att l\u00f6sa v\u00e5ra kunders problem.\",\"email\":\"info@c-profil.se\",\"telephone\":\"031575785\",\"legalName\":\"C-Profil F\u00f6rl\u00e4ggningsmaterial AB\",\"foundingDate\":\"1987-01-01\"}]}<\/script>\n<meta property=\"product:brand\" content=\"eftermontering\" \/>\n<meta property=\"product:price:currency\" content=\"SEK\" \/>\n<meta property=\"og:availability\" content=\"instock\" \/>\n<meta property=\"product:availability\" content=\"instock\" \/>\n<meta property=\"product:retailer_item_id\" content=\"AT-KS-AK\" \/>\n<meta property=\"product:condition\" content=\"new\" \/>\n<!-- \/ Yoast SEO Premium plugin. -->","yoast_head_json":{"title":"Adapter Insert | AT-KS-AK - C-Pro","description":"Optimize your cable entry system with Adapter grommet \/ AT-KS-AK. Silicone and halogen free, with the option of integrating connections directly. Order today!","robots":{"index":"index","follow":"follow","max-snippet":"max-snippet:-1","max-image-preview":"max-image-preview:large","max-video-preview":"max-video-preview:-1"},"canonical":"https:\/\/c-profil.se\/english\/product\/adapter-grommets-at-ks-ak\/","og_locale":"en_US","og_type":"article","og_title":"Adapterinsats | AT-KS-AK - C-Pro","og_description":"Adapterinsats \/ AT-KS-AK IMAS-CONNECT\u2122 \u00e4r konstruerad p\u00e5 basis av en stor KT-genomf\u00f6ring. Polyamidkroppen \u00e4r gjuten med elastomer. H\u00e5ltagningen m\u00f6jligg\u00f6r en snap-in-montering f\u00f6r alla kopplingar baserade p\u00e5 Keystone-systemet. Vid behov kan Keystone-uttag\u00a0demonteras med en skruvmejsel. Inf\u00f6randet av AT-KS-AK i en icotek-kabelgenomf\u00f6ringsram m\u00f6jligg\u00f6r genomf\u00f6ring av kablar med och utan kontakter i kombination med skapandet av gr\u00e4nssnitt f\u00f6r Keystone-kopplare inom ett kabelgenomf\u00f6ringssystem. Separat h\u00e5ltagning f\u00f6r kontakter \u00e4r inte l\u00e4ngre n\u00f6dv\u00e4ndigt. AT-KS-AK ger skyddsklass IP54\u00a0n\u00e4r luckan \u00e4r st\u00e4ngd (oavsett Keystone-kopplingstyp och tillverkare). AT-KS-AK \u00e4r kompatibel med: Keystone-uttag Kabelf\u00f6rskruvningar f\u00f6r kablar med kontakt Kabelgenomf\u00f6ringssystem f\u00f6r kablar med kontakt F\u00f6rdelar:    Genom att anv\u00e4nda genomf\u00f6ringar kan anslutningar integreras direkt i kabelgenomf\u00f6ringsramen  Separat h\u00e5ltagning i h\u00f6ljets v\u00e4gg \u00e4r inte n\u00f6dv\u00e4ndigt  Certifierad skyddsklass IP54 (enligt EN 60529) med luckan st\u00e4ngd  Gr\u00e4nssnittet kan s\u00e4kras genom t\u00e4tning  Platsbesparande design  Genomf\u00f6ringarna passar alla Keystonekopplingar  Snap-in montering","og_url":"https:\/\/c-profil.se\/english\/product\/adapter-grommets-at-ks-ak\/","og_site_name":"C-Pro","article_publisher":"https:\/\/www.facebook.com\/people\/C-Pro\/61561767306874\/","article_modified_time":"2026-05-07T09:03:19+00:00","og_image":[{"width":1000,"height":1000,"url":"https:\/\/c-profil.se\/wp-content\/uploads\/2024\/11\/Adapterinsats-AT-KS-AK.jpg","type":"image\/jpeg"}],"twitter_card":"summary_large_image","twitter_misc":{"Price":"","Availability":"In stock"},"schema":{"@context":"https:\/\/schema.org","@graph":[{"@type":"WebPage","@id":"https:\/\/c-profil.se\/produkt\/adapterinsats-at-ks-ak\/","url":"https:\/\/c-profil.se\/produkt\/adapterinsats-at-ks-ak\/","name":"Adapter Insert | AT-KS-AK - C-Pro","isPartOf":{"@id":"https:\/\/c-profil.se\/#website"},"primaryImageOfPage":{"@id":"https:\/\/c-profil.se\/produkt\/adapterinsats-at-ks-ak\/#primaryimage"},"image":{"@id":"https:\/\/c-profil.se\/produkt\/adapterinsats-at-ks-ak\/#primaryimage"},"thumbnailUrl":"https:\/\/c-profil.se\/wp-content\/uploads\/2024\/11\/Adapterinsats-AT-KS-AK.jpg","datePublished":"2024-11-14T10:10:00+00:00","dateModified":"2026-05-07T09:03:19+00:00","description":"Optimize your cable entry system with Adapter grommet \/ AT-KS-AK. Silicone and halogen free, with the option of integrating connections directly. Order today!","breadcrumb":{"@id":"https:\/\/c-profil.se\/produkt\/adapterinsats-at-ks-ak\/#breadcrumb"},"inLanguage":"en","potentialAction":[{"@type":"ReadAction","target":["https:\/\/c-profil.se\/produkt\/adapterinsats-at-ks-ak\/"]}]},{"@type":"ImageObject","inLanguage":"en","@id":"https:\/\/c-profil.se\/produkt\/adapterinsats-at-ks-ak\/#primaryimage","url":"https:\/\/c-profil.se\/wp-content\/uploads\/2024\/11\/Adapterinsats-AT-KS-AK.jpg","contentUrl":"https:\/\/c-profil.se\/wp-content\/uploads\/2024\/11\/Adapterinsats-AT-KS-AK.jpg","width":1000,"height":1000,"caption":"Adapterinsats AT-KS-AK"},{"@type":"BreadcrumbList","@id":"https:\/\/c-profil.se\/produkt\/adapterinsats-at-ks-ak\/#breadcrumb","itemListElement":[{"@type":"ListItem","position":1,"name":"Hem","item":"https:\/\/c-profil.se\/"},{"@type":"ListItem","position":2,"name":"Produkter","item":"https:\/\/c-profil.se\/produkter\/"},{"@type":"ListItem","position":3,"name":"Kabelinsatser","item":"https:\/\/c-profil.se\/produkt-kategori\/kabelinsatser\/"},{"@type":"ListItem","position":4,"name":"Adapterinsats | AT-KS-AK"}]},{"@type":"WebSite","@id":"https:\/\/c-profil.se\/#website","url":"https:\/\/c-profil.se\/","name":"C-Pro","description":"Products for Electricity and Automation","publisher":{"@id":"https:\/\/c-profil.se\/#organization"},"potentialAction":[{"@type":"SearchAction","target":{"@type":"EntryPoint","urlTemplate":"https:\/\/c-profil.se\/?s={search_term_string}"},"query-input":{"@type":"PropertyValueSpecification","valueRequired":true,"valueName":"search_term_string"}}],"inLanguage":"en"},{"@type":"Organization","@id":"https:\/\/c-profil.se\/#organization","name":"C-Pro","alternateName":"C-PRO","url":"https:\/\/c-profil.se\/","logo":{"@type":"ImageObject","inLanguage":"en","@id":"https:\/\/c-profil.se\/#\/schema\/logo\/image\/","url":"https:\/\/c-profil.se\/wp-content\/uploads\/2022\/03\/c-pro-logga-liggande-500x500-1.png","contentUrl":"https:\/\/c-profil.se\/wp-content\/uploads\/2022\/03\/c-pro-logga-liggande-500x500-1.png","width":500,"height":500,"caption":"C-Pro"},"image":{"@id":"https:\/\/c-profil.se\/#\/schema\/logo\/image\/"},"sameAs":["https:\/\/www.facebook.com\/people\/C-Pro\/61561767306874\/","https:\/\/www.linkedin.com\/company\/c-pro-ab","https:\/\/www.instagram.com\/cpro.ab\/"],"description":"C-PRO AB is a comprehensive supplier of materials for applications in electricity and automation. Ever since the start in 1987, we have supplied the Swedish manufacturing industry with electrical materials. Despite our size and leading position, we have never abandoned our basic philosophy, to be a personal supplier. We at C-PRO are easy to get in touch with, honest and passionate about solving our customers&#039; problems.","email":"info@c-profil.se","telephone":"031575785","legalName":"C-Profil F\u00f6rl\u00e4ggningsmaterial AB","foundingDate":"1987-01-01"}]},"product_brand":"eftermontering","product_price_currency":"SEK","og_availability":"instock","product_availability":"instock","product_retailer_item_id":"AT-KS-AK","product_condition":"new"},"_links":{"self":[{"href":"https:\/\/c-profil.se\/english\/wp-json\/wp\/v2\/product\/51008","targetHints":{"allow":["GET"]}}],"collection":[{"href":"https:\/\/c-profil.se\/english\/wp-json\/wp\/v2\/product"}],"about":[{"href":"https:\/\/c-profil.se\/english\/wp-json\/wp\/v2\/types\/product"}],"version-history":[{"count":13,"href":"https:\/\/c-profil.se\/english\/wp-json\/wp\/v2\/product\/51008\/revisions"}],"predecessor-version":[{"id":74268,"href":"https:\/\/c-profil.se\/english\/wp-json\/wp\/v2\/product\/51008\/revisions\/74268"}],"wp:featuredmedia":[{"embeddable":true,"href":"https:\/\/c-profil.se\/english\/wp-json\/wp\/v2\/media\/51013"}],"wp:attachment":[{"href":"https:\/\/c-profil.se\/english\/wp-json\/wp\/v2\/media?parent=51008"}],"wp:term":[{"taxonomy":"product_brand","embeddable":true,"href":"https:\/\/c-profil.se\/english\/wp-json\/wp\/v2\/product_brand?post=51008"},{"taxonomy":"product_cat","embeddable":true,"href":"https:\/\/c-profil.se\/english\/wp-json\/wp\/v2\/product_cat?post=51008"},{"taxonomy":"product_tag","embeddable":true,"href":"https:\/\/c-profil.se\/english\/wp-json\/wp\/v2\/product_tag?post=51008"}],"curies":[{"name":"wp","href":"https:\/\/api.w.org\/{rel}","templated":true}]}}