{"id":50971,"date":"2024-11-13T13:16:00","date_gmt":"2024-11-13T12:16:00","guid":{"rendered":"https:\/\/c-profil.se\/?post_type=product&#038;p=50971"},"modified":"2026-03-19T15:09:00","modified_gmt":"2026-03-19T14:09:00","slug":"distribution-box-360-split-cable-entry-system","status":"publish","type":"product","link":"https:\/\/c-profil.se\/english\/produkt\/distribution-box-360-delbart-kabelgenomforingsystem-db\/","title":{"rendered":"Distribution Box 360\u00b0 | DB"},"content":{"rendered":"<p><strong>Distribution Box 360\u00b0 is a cable distribution solution for industrial installations, developed to collect, route and distribute cables in 360\u00b0<\/strong> in all directions.<br \/>\nThe solution enables sealing and strain relief according to EN 62444 for cables with or without contacts and provides high cable density with metric holes M32\u2013M75.<\/p>","protected":false},"excerpt":{"rendered":"<p class=\"ai-optimize-31 ai-optimize-introduction\">With <strong>Distribution Box 360\u00b0 \/ DB<\/strong> can distribute bundled cables (with or without connectors) and route them 360\u00b0 in all directions. Cables (with or without connectors) and with a diameter of 1 to 15mm can be routed, sealed and provided with strain relief according to EN 62444. The Distribution Box 360\u00b0 is suitable for metric holes M32-M75 and can be fixed with a lock nut, which is included in the delivery. Up to 48 possible positions and thus high cable density through multi-inserts. Thanks to the simple screw mounting and the use of divisible inserts, reinstallations, repairs and maintenance can be handled very easily and smoothly.<\/p>\n<p class=\"ai-optimize-33\"><strong>Advantages:<\/strong><\/p>\n<ul>\n<li class=\"ai-optimize-34\">Quick and easy assembly<\/li>\n<li class=\"ai-optimize-35\">Easy distribution of cables in a 360\u00b0 angle<\/li>\n<li class=\"ai-optimize-36\">Warranty on pre-terminated cables remains<\/li>\n<li class=\"ai-optimize-37\">Re-installations, repairs and maintenance can be handled very easily and smoothly<\/li>\n<li class=\"ai-optimize-38\">Suitable for metric cut-outs M32 \u2013 M75<\/li>\n<li class=\"ai-optimize-39\">Strain relief according to EN 62444<\/li>\n<li class=\"ai-optimize-40\">Use of the proven KT grommet system<\/li>\n<li class=\"ai-optimize-41\">\u00b4High cable density, wide variety of grommet<\/li>\n<li class=\"ai-optimize-42\">High flexibility with the use of multi-range and IMAS-CONNECT\u2122 adapter grommets<\/li>\n<li class=\"ai-optimize-43\">Hexagonal locknut included in the delivery<\/li>\n<li class=\"ai-optimize-44\">High stability, vibration resistant<\/li>\n<li class=\"ai-optimize-45\">Mechanical protection of the central entry point<\/li>\n<\/ul>","protected":false},"featured_media":50973,"template":"","meta":{"_acf_changed":false},"product_brand":[740],"product_cat":[304],"product_tag":[953,992,938,990,1005,939],"class_list":{"0":"post-50971","1":"product","2":"type-product","3":"status-publish","4":"has-post-thumbnail","6":"product_brand-icotek","7":"product_cat-kabelforskruvningar-for-kablar-med-kontakt","8":"product_tag-eftermontering","9":"product_tag-kabelgenomforing","10":"product_tag-kabelinforing","11":"product_tag-kapsling","12":"product_tag-platbearbetning","13":"product_tag-tatning","15":"first","16":"instock","17":"shipping-taxable","18":"product-type-simple"},"acf":[],"yoast_head":"<!-- This site is optimized with the Yoast SEO Premium plugin v27.4 (Yoast SEO v27.4) - https:\/\/yoast.com\/product\/yoast-seo-premium-wordpress\/ -->\n<title>Distribution Box 360\u00b0 | DB - C-Pro<\/title>\n<meta name=\"description\" content=\"Enkel distribution av kablar i 360\u00b0 med v\u00e5rt Distribution Box 360\u00b0. Perfekt f\u00f6r kablar med eller utan kontakt. Best\u00e4ll idag f\u00f6r snabb och enkel montering!\" \/>\n<meta name=\"robots\" content=\"index, follow, max-snippet:-1, max-image-preview:large, max-video-preview:-1\" \/>\n<link rel=\"canonical\" href=\"https:\/\/c-profil.se\/english\/product\/distribution-box-360-split-cable-entry-system\/\" \/>\n<meta property=\"og:locale\" content=\"en_US\" \/>\n<meta property=\"og:type\" content=\"article\" \/>\n<meta property=\"og:title\" content=\"Distribution Box 360\u00b0 | DB - C-Pro\" \/>\n<meta property=\"og:description\" content=\"Med Distribution Box 360\u00b0 \/ DB kan samlade kablar distribueras(med eller utan kontakt)och dirigeras i 360\u00b0 i alla riktningar. Kablar (med eller utan kontakt) och med en diameter av 1 till 15mm kan bli dirigerade, t\u00e4tade och erh\u00e5lla dragavlastning enligt EN 62444. Distribution Box 360\u00b0\u00e4r l\u00e4mpad f\u00f6r Metrisk h\u00e5ltagning M32-M75 och kan bli fixerade med en l\u00e5smutter, som ing\u00e5r i f\u00f6rs\u00e4ndelsen. Upp till 48st m\u00f6jliga positioner och d\u00e4rigenom stor kabelt\u00e4thet genom multi-insatser. Tack vare enkel skruvmontering och anv\u00e4ndandet av delbara insatser kan ominstallationer, reparationer och underh\u00e5ll sk\u00f6tas v\u00e4ldigt enkelt och smidigt. F\u00f6rdelar:    Snabb och enkel montering  Enkel distribution av kablar i 360\u00b0  Garantin p\u00e5 kontakterat kablage bibeh\u00e5lles  Ominstallationer, reparationer och underh\u00e5ll kan sk\u00f6tas v\u00e4ldigt enkelt och smidigt  Anpassade f\u00f6r metrisk h\u00e5ltagning M32-M75  Dragavlastning enligt EN62444  Anv\u00e4ndande av bepr\u00f6vade KT insatser  H\u00f6g kabelt\u00e4thet, stort utbud av insatser  H\u00f6g flexibilitet vid anv\u00e4ndande av multi-insater och IMAS-CONNECT\u2122 adapter insatser  Hexagonal l\u00e5smutter ing\u00e5r  H\u00f6g stabilitet, motst\u00e5ndskraftig mot vibrationer  Mekaniskt skydd av samlat kablage\" \/>\n<meta property=\"og:url\" content=\"https:\/\/c-profil.se\/english\/product\/distribution-box-360-split-cable-entry-system\/\" \/>\n<meta property=\"og:site_name\" content=\"C-Pro\" \/>\n<meta property=\"article:publisher\" content=\"https:\/\/www.facebook.com\/people\/C-Pro\/61561767306874\/\" \/>\n<meta property=\"article:modified_time\" content=\"2026-03-19T14:09:00+00:00\" \/>\n<meta property=\"og:image\" content=\"https:\/\/c-profil.se\/wp-content\/uploads\/2024\/11\/DISTRI1.jpg\" \/>\n\t<meta property=\"og:image:width\" content=\"1000\" \/>\n\t<meta property=\"og:image:height\" content=\"1000\" \/>\n\t<meta property=\"og:image:type\" content=\"image\/jpeg\" \/>\n<meta name=\"twitter:card\" content=\"summary_large_image\" \/>\n<meta name=\"twitter:label1\" content=\"Price\" \/>\n\t<meta name=\"twitter:data1\" content=\"\" \/>\n\t<meta name=\"twitter:label2\" content=\"Availability\" \/>\n\t<meta name=\"twitter:data2\" content=\"In stock\" \/>\n<script type=\"application\/ld+json\" class=\"yoast-schema-graph\">{\"@context\":\"https:\\\/\\\/schema.org\",\"@graph\":[{\"@type\":\"WebPage\",\"@id\":\"https:\\\/\\\/c-profil.se\\\/produkt\\\/distribution-box-360-delbart-kabelgenomforingsystem-db\\\/\",\"url\":\"https:\\\/\\\/c-profil.se\\\/produkt\\\/distribution-box-360-delbart-kabelgenomforingsystem-db\\\/\",\"name\":\"Distribution Box 360\u00b0 | DB - C-Pro\",\"isPartOf\":{\"@id\":\"https:\\\/\\\/c-profil.se\\\/#website\"},\"primaryImageOfPage\":{\"@id\":\"https:\\\/\\\/c-profil.se\\\/produkt\\\/distribution-box-360-delbart-kabelgenomforingsystem-db\\\/#primaryimage\"},\"image\":{\"@id\":\"https:\\\/\\\/c-profil.se\\\/produkt\\\/distribution-box-360-delbart-kabelgenomforingsystem-db\\\/#primaryimage\"},\"thumbnailUrl\":\"https:\\\/\\\/c-profil.se\\\/wp-content\\\/uploads\\\/2024\\\/11\\\/DISTRI1.jpg\",\"datePublished\":\"2024-11-13T12:16:00+00:00\",\"dateModified\":\"2026-03-19T14:09:00+00:00\",\"description\":\"Enkel distribution av kablar i 360\u00b0 med v\u00e5rt Distribution Box 360\u00b0. Perfekt f\u00f6r kablar med eller utan kontakt. Best\u00e4ll idag f\u00f6r snabb och enkel montering!\",\"breadcrumb\":{\"@id\":\"https:\\\/\\\/c-profil.se\\\/produkt\\\/distribution-box-360-delbart-kabelgenomforingsystem-db\\\/#breadcrumb\"},\"inLanguage\":\"en\",\"potentialAction\":[{\"@type\":\"ReadAction\",\"target\":[\"https:\\\/\\\/c-profil.se\\\/produkt\\\/distribution-box-360-delbart-kabelgenomforingsystem-db\\\/\"]}]},{\"@type\":\"ImageObject\",\"inLanguage\":\"en\",\"@id\":\"https:\\\/\\\/c-profil.se\\\/produkt\\\/distribution-box-360-delbart-kabelgenomforingsystem-db\\\/#primaryimage\",\"url\":\"https:\\\/\\\/c-profil.se\\\/wp-content\\\/uploads\\\/2024\\\/11\\\/DISTRI1.jpg\",\"contentUrl\":\"https:\\\/\\\/c-profil.se\\\/wp-content\\\/uploads\\\/2024\\\/11\\\/DISTRI1.jpg\",\"width\":1000,\"height\":1000,\"caption\":\"Distribution Box 360\u00b0 delbart kabelgenomf\u00f6ringsystem \\\/ DB\"},{\"@type\":\"BreadcrumbList\",\"@id\":\"https:\\\/\\\/c-profil.se\\\/produkt\\\/distribution-box-360-delbart-kabelgenomforingsystem-db\\\/#breadcrumb\",\"itemListElement\":[{\"@type\":\"ListItem\",\"position\":1,\"name\":\"Hem\",\"item\":\"https:\\\/\\\/c-profil.se\\\/\"},{\"@type\":\"ListItem\",\"position\":2,\"name\":\"Produkter\",\"item\":\"https:\\\/\\\/c-profil.se\\\/produkter\\\/\"},{\"@type\":\"ListItem\",\"position\":3,\"name\":\"Kabelf\u00f6rskruvningar f\u00f6r kablar med kontakt\",\"item\":\"https:\\\/\\\/c-profil.se\\\/produkt-kategori\\\/kabelforskruvningar-for-kablar-med-kontakt\\\/\"},{\"@type\":\"ListItem\",\"position\":4,\"name\":\"Distribution Box 360\u00b0 | DB\"}]},{\"@type\":\"WebSite\",\"@id\":\"https:\\\/\\\/c-profil.se\\\/#website\",\"url\":\"https:\\\/\\\/c-profil.se\\\/\",\"name\":\"C-Pro\",\"description\":\"Produkter f\u00f6r El och Automation\",\"publisher\":{\"@id\":\"https:\\\/\\\/c-profil.se\\\/#organization\"},\"potentialAction\":[{\"@type\":\"SearchAction\",\"target\":{\"@type\":\"EntryPoint\",\"urlTemplate\":\"https:\\\/\\\/c-profil.se\\\/?s={search_term_string}\"},\"query-input\":{\"@type\":\"PropertyValueSpecification\",\"valueRequired\":true,\"valueName\":\"search_term_string\"}}],\"inLanguage\":\"en\"},{\"@type\":\"Organization\",\"@id\":\"https:\\\/\\\/c-profil.se\\\/#organization\",\"name\":\"C-Pro\",\"alternateName\":\"C-PRO\",\"url\":\"https:\\\/\\\/c-profil.se\\\/\",\"logo\":{\"@type\":\"ImageObject\",\"inLanguage\":\"en\",\"@id\":\"https:\\\/\\\/c-profil.se\\\/#\\\/schema\\\/logo\\\/image\\\/\",\"url\":\"https:\\\/\\\/c-profil.se\\\/wp-content\\\/uploads\\\/2022\\\/03\\\/c-pro-logga-liggande-500x500-1.png\",\"contentUrl\":\"https:\\\/\\\/c-profil.se\\\/wp-content\\\/uploads\\\/2022\\\/03\\\/c-pro-logga-liggande-500x500-1.png\",\"width\":500,\"height\":500,\"caption\":\"C-Pro\"},\"image\":{\"@id\":\"https:\\\/\\\/c-profil.se\\\/#\\\/schema\\\/logo\\\/image\\\/\"},\"sameAs\":[\"https:\\\/\\\/www.facebook.com\\\/people\\\/C-Pro\\\/61561767306874\\\/\",\"https:\\\/\\\/www.linkedin.com\\\/company\\\/c-pro-ab\",\"https:\\\/\\\/www.instagram.com\\\/cpro.ab\\\/\"],\"description\":\"C-PRO AB \u00e4r en helt\u00e4ckande leverant\u00f6r av material f\u00f6r applikationer inom el och automation. \u00c4nda sedan starten 1987 har vi f\u00f6rsett den svenska tillverkande industrin med elmaterial. Trots v\u00e5r storlek och ledande position har vi aldrig \u00f6vergett v\u00e5r grundfilosofi, att vara en personlig leverant\u00f6r. Vi p\u00e5 C-PRO \u00e4r l\u00e4tta att komma i kontakt med, \u00e4rliga och brinner f\u00f6r att l\u00f6sa v\u00e5ra kunders problem.\",\"email\":\"info@c-profil.se\",\"telephone\":\"031575785\",\"legalName\":\"C-Profil F\u00f6rl\u00e4ggningsmaterial AB\",\"foundingDate\":\"1987-01-01\"}]}<\/script>\n<meta property=\"product:brand\" content=\"eftermontering\" \/>\n<meta property=\"product:price:currency\" content=\"SEK\" \/>\n<meta property=\"og:availability\" content=\"instock\" \/>\n<meta property=\"product:availability\" content=\"instock\" \/>\n<meta property=\"product:retailer_item_id\" content=\"DB\" \/>\n<meta property=\"product:condition\" content=\"new\" \/>\n<!-- \/ Yoast SEO Premium plugin. -->","yoast_head_json":{"title":"Distribution Box 360\u00b0 | DB - C-Pro","description":"Easy distribution of cables in 360\u00b0 with our Distribution Box 360\u00b0. Perfect for cables with or without a connector. Order today for quick and easy installation!","robots":{"index":"index","follow":"follow","max-snippet":"max-snippet:-1","max-image-preview":"max-image-preview:large","max-video-preview":"max-video-preview:-1"},"canonical":"https:\/\/c-profil.se\/english\/product\/distribution-box-360-split-cable-entry-system\/","og_locale":"en_US","og_type":"article","og_title":"Distribution Box 360\u00b0 | DB - C-Pro","og_description":"Med Distribution Box 360\u00b0 \/ DB kan samlade kablar distribueras(med eller utan kontakt)och dirigeras i 360\u00b0 i alla riktningar. Kablar (med eller utan kontakt) och med en diameter av 1 till 15mm kan bli dirigerade, t\u00e4tade och erh\u00e5lla dragavlastning enligt EN 62444. Distribution Box 360\u00b0\u00e4r l\u00e4mpad f\u00f6r Metrisk h\u00e5ltagning M32-M75 och kan bli fixerade med en l\u00e5smutter, som ing\u00e5r i f\u00f6rs\u00e4ndelsen. Upp till 48st m\u00f6jliga positioner och d\u00e4rigenom stor kabelt\u00e4thet genom multi-insatser. Tack vare enkel skruvmontering och anv\u00e4ndandet av delbara insatser kan ominstallationer, reparationer och underh\u00e5ll sk\u00f6tas v\u00e4ldigt enkelt och smidigt. F\u00f6rdelar:    Snabb och enkel montering  Enkel distribution av kablar i 360\u00b0  Garantin p\u00e5 kontakterat kablage bibeh\u00e5lles  Ominstallationer, reparationer och underh\u00e5ll kan sk\u00f6tas v\u00e4ldigt enkelt och smidigt  Anpassade f\u00f6r metrisk h\u00e5ltagning M32-M75  Dragavlastning enligt EN62444  Anv\u00e4ndande av bepr\u00f6vade KT insatser  H\u00f6g kabelt\u00e4thet, stort utbud av insatser  H\u00f6g flexibilitet vid anv\u00e4ndande av multi-insater och IMAS-CONNECT\u2122 adapter insatser  Hexagonal l\u00e5smutter ing\u00e5r  H\u00f6g stabilitet, motst\u00e5ndskraftig mot vibrationer  Mekaniskt skydd av samlat kablage","og_url":"https:\/\/c-profil.se\/english\/product\/distribution-box-360-split-cable-entry-system\/","og_site_name":"C-Pro","article_publisher":"https:\/\/www.facebook.com\/people\/C-Pro\/61561767306874\/","article_modified_time":"2026-03-19T14:09:00+00:00","og_image":[{"width":1000,"height":1000,"url":"https:\/\/c-profil.se\/wp-content\/uploads\/2024\/11\/DISTRI1.jpg","type":"image\/jpeg"}],"twitter_card":"summary_large_image","twitter_misc":{"Price":"","Availability":"In stock"},"schema":{"@context":"https:\/\/schema.org","@graph":[{"@type":"WebPage","@id":"https:\/\/c-profil.se\/produkt\/distribution-box-360-delbart-kabelgenomforingsystem-db\/","url":"https:\/\/c-profil.se\/produkt\/distribution-box-360-delbart-kabelgenomforingsystem-db\/","name":"Distribution Box 360\u00b0 | DB - C-Pro","isPartOf":{"@id":"https:\/\/c-profil.se\/#website"},"primaryImageOfPage":{"@id":"https:\/\/c-profil.se\/produkt\/distribution-box-360-delbart-kabelgenomforingsystem-db\/#primaryimage"},"image":{"@id":"https:\/\/c-profil.se\/produkt\/distribution-box-360-delbart-kabelgenomforingsystem-db\/#primaryimage"},"thumbnailUrl":"https:\/\/c-profil.se\/wp-content\/uploads\/2024\/11\/DISTRI1.jpg","datePublished":"2024-11-13T12:16:00+00:00","dateModified":"2026-03-19T14:09:00+00:00","description":"Easy distribution of cables in 360\u00b0 with our Distribution Box 360\u00b0. Perfect for cables with or without a connector. Order today for quick and easy installation!","breadcrumb":{"@id":"https:\/\/c-profil.se\/produkt\/distribution-box-360-delbart-kabelgenomforingsystem-db\/#breadcrumb"},"inLanguage":"en","potentialAction":[{"@type":"ReadAction","target":["https:\/\/c-profil.se\/produkt\/distribution-box-360-delbart-kabelgenomforingsystem-db\/"]}]},{"@type":"ImageObject","inLanguage":"en","@id":"https:\/\/c-profil.se\/produkt\/distribution-box-360-delbart-kabelgenomforingsystem-db\/#primaryimage","url":"https:\/\/c-profil.se\/wp-content\/uploads\/2024\/11\/DISTRI1.jpg","contentUrl":"https:\/\/c-profil.se\/wp-content\/uploads\/2024\/11\/DISTRI1.jpg","width":1000,"height":1000,"caption":"Distribution Box 360\u00b0 delbart kabelgenomf\u00f6ringsystem \/ DB"},{"@type":"BreadcrumbList","@id":"https:\/\/c-profil.se\/produkt\/distribution-box-360-delbart-kabelgenomforingsystem-db\/#breadcrumb","itemListElement":[{"@type":"ListItem","position":1,"name":"Hem","item":"https:\/\/c-profil.se\/"},{"@type":"ListItem","position":2,"name":"Produkter","item":"https:\/\/c-profil.se\/produkter\/"},{"@type":"ListItem","position":3,"name":"Kabelf\u00f6rskruvningar f\u00f6r kablar med kontakt","item":"https:\/\/c-profil.se\/produkt-kategori\/kabelforskruvningar-for-kablar-med-kontakt\/"},{"@type":"ListItem","position":4,"name":"Distribution Box 360\u00b0 | DB"}]},{"@type":"WebSite","@id":"https:\/\/c-profil.se\/#website","url":"https:\/\/c-profil.se\/","name":"C-Pro","description":"Products for Electricity and Automation","publisher":{"@id":"https:\/\/c-profil.se\/#organization"},"potentialAction":[{"@type":"SearchAction","target":{"@type":"EntryPoint","urlTemplate":"https:\/\/c-profil.se\/?s={search_term_string}"},"query-input":{"@type":"PropertyValueSpecification","valueRequired":true,"valueName":"search_term_string"}}],"inLanguage":"en"},{"@type":"Organization","@id":"https:\/\/c-profil.se\/#organization","name":"C-Pro","alternateName":"C-PRO","url":"https:\/\/c-profil.se\/","logo":{"@type":"ImageObject","inLanguage":"en","@id":"https:\/\/c-profil.se\/#\/schema\/logo\/image\/","url":"https:\/\/c-profil.se\/wp-content\/uploads\/2022\/03\/c-pro-logga-liggande-500x500-1.png","contentUrl":"https:\/\/c-profil.se\/wp-content\/uploads\/2022\/03\/c-pro-logga-liggande-500x500-1.png","width":500,"height":500,"caption":"C-Pro"},"image":{"@id":"https:\/\/c-profil.se\/#\/schema\/logo\/image\/"},"sameAs":["https:\/\/www.facebook.com\/people\/C-Pro\/61561767306874\/","https:\/\/www.linkedin.com\/company\/c-pro-ab","https:\/\/www.instagram.com\/cpro.ab\/"],"description":"C-PRO AB is a comprehensive supplier of materials for applications in electricity and automation. Ever since the start in 1987, we have supplied the Swedish manufacturing industry with electrical materials. Despite our size and leading position, we have never abandoned our basic philosophy, to be a personal supplier. We at C-PRO are easy to get in touch with, honest and passionate about solving our customers&#039; problems.","email":"info@c-profil.se","telephone":"031575785","legalName":"C-Profil F\u00f6rl\u00e4ggningsmaterial AB","foundingDate":"1987-01-01"}]},"product_brand":"eftermontering","product_price_currency":"SEK","og_availability":"instock","product_availability":"instock","product_retailer_item_id":"DB","product_condition":"new"},"_links":{"self":[{"href":"https:\/\/c-profil.se\/english\/wp-json\/wp\/v2\/product\/50971","targetHints":{"allow":["GET"]}}],"collection":[{"href":"https:\/\/c-profil.se\/english\/wp-json\/wp\/v2\/product"}],"about":[{"href":"https:\/\/c-profil.se\/english\/wp-json\/wp\/v2\/types\/product"}],"version-history":[{"count":11,"href":"https:\/\/c-profil.se\/english\/wp-json\/wp\/v2\/product\/50971\/revisions"}],"predecessor-version":[{"id":74269,"href":"https:\/\/c-profil.se\/english\/wp-json\/wp\/v2\/product\/50971\/revisions\/74269"}],"wp:featuredmedia":[{"embeddable":true,"href":"https:\/\/c-profil.se\/english\/wp-json\/wp\/v2\/media\/50973"}],"wp:attachment":[{"href":"https:\/\/c-profil.se\/english\/wp-json\/wp\/v2\/media?parent=50971"}],"wp:term":[{"taxonomy":"product_brand","embeddable":true,"href":"https:\/\/c-profil.se\/english\/wp-json\/wp\/v2\/product_brand?post=50971"},{"taxonomy":"product_cat","embeddable":true,"href":"https:\/\/c-profil.se\/english\/wp-json\/wp\/v2\/product_cat?post=50971"},{"taxonomy":"product_tag","embeddable":true,"href":"https:\/\/c-profil.se\/english\/wp-json\/wp\/v2\/product_tag?post=50971"}],"curies":[{"name":"wp","href":"https:\/\/api.w.org\/{rel}","templated":true}]}}