{"id":50745,"date":"2024-11-11T11:57:00","date_gmt":"2024-11-11T10:57:00","guid":{"rendered":"https:\/\/c-profil.se\/?post_type=product&#038;p=50745"},"modified":"2026-04-24T08:14:30","modified_gmt":"2026-04-24T07:14:30","slug":"reduction-efforts","status":"publish","type":"product","link":"https:\/\/c-profil.se\/english\/produkt\/reduktionsinsatser\/","title":{"rendered":"Reduction efforts"},"content":{"rendered":"<p><strong>Reduction inserts are used to reduce the clamping area in cable glands<\/strong>, when the cable diameter is smaller than the standard range of the gland.<br \/>\nThey are made of durable rubber material and ensure proper sealing and strain relief in industrial installations.<\/p>","protected":false},"excerpt":{"rendered":"<p class=\"ai-optimize-36\">Optimize your cable installation with our high-quality reduction inserts. These reducers are specifically designed to improve the performance and safety of your industrial applications.<\/p>\n<p class=\"ai-optimize-37\">\u2022 Effectively reduces the clamping areas of cable glands<br \/>\n\u2022 Made of durable rubber material for long-lasting use<br \/>\n\u2022 Provides reliable strain relief and sealing<br \/>\n\u2022 Ideal for standardized industrial applications<\/p>","protected":false},"featured_media":50749,"template":"","meta":{"_acf_changed":false},"product_brand":[734],"product_cat":[627],"product_tag":[938,1005,939],"class_list":{"0":"post-50745","1":"product","2":"type-product","3":"status-publish","4":"has-post-thumbnail","6":"product_brand-bimed","7":"product_cat-tillbehor-kabelforskruvningar","8":"product_tag-kabelinforing","9":"product_tag-platbearbetning","10":"product_tag-tatning","12":"first","13":"instock","14":"shipping-taxable","15":"product-type-simple"},"acf":[],"yoast_head":"<!-- This site is optimized with the Yoast SEO Premium plugin v27.5 (Yoast SEO v27.5) - https:\/\/yoast.com\/product\/yoast-seo-premium-wordpress\/ -->\n<title>Reduktionsinsatser | Kl\u00e4momr\u00e5desreducering - C-Pro<\/title>\n<meta name=\"description\" content=\"Reduktionsinsatser i gummi \u00e4r perfekt f\u00f6r att minska kl\u00e4momr\u00e5det i kabelf\u00f6rskruvningar. F\u00e5 en s\u00e4ker l\u00f6sning f\u00f6r dina industriella applikationer!\" \/>\n<meta name=\"robots\" content=\"index, follow, max-snippet:-1, max-image-preview:large, max-video-preview:-1\" \/>\n<link rel=\"canonical\" href=\"https:\/\/c-profil.se\/english\/product\/reduction-efforts\/\" \/>\n<meta property=\"og:locale\" content=\"en_US\" \/>\n<meta property=\"og:type\" content=\"article\" \/>\n<meta property=\"og:title\" content=\"Reduktionsinsatser - C-Pro\" \/>\n<meta property=\"og:description\" content=\"Optimera din kabelinstallation med v\u00e5ra h\u00f6gkvalitativa reduktionsinsatser. Dessa reduceringar \u00e4r speciellt utformade f\u00f6r att f\u00f6rb\u00e4ttra prestandan och s\u00e4kerheten i dina industriella applikationer. \u2022 Minskar kl\u00e4momr\u00e5dena f\u00f6r kabelf\u00f6rskruvningar effektivt \u2022 Tillverkad av h\u00e5llbart gummimaterial f\u00f6r l\u00e5ngvarig anv\u00e4ndning \u2022 Ger p\u00e5litlig dragavlastning och t\u00e4tning \u2022 Idealisk f\u00f6r standardiserade industriella till\u00e4mpningar\" \/>\n<meta property=\"og:url\" content=\"https:\/\/c-profil.se\/english\/product\/reduction-efforts\/\" \/>\n<meta property=\"og:site_name\" content=\"C-Pro\" \/>\n<meta property=\"article:publisher\" content=\"https:\/\/www.facebook.com\/people\/C-Pro\/61561767306874\/\" \/>\n<meta property=\"article:modified_time\" content=\"2026-04-24T07:14:30+00:00\" \/>\n<meta property=\"og:image\" content=\"https:\/\/c-profil.se\/wp-content\/uploads\/2024\/11\/Reduceringar-Gummi-_-CMS.jpg\" \/>\n\t<meta property=\"og:image:width\" content=\"1000\" \/>\n\t<meta property=\"og:image:height\" content=\"1000\" \/>\n\t<meta property=\"og:image:type\" content=\"image\/jpeg\" \/>\n<meta name=\"twitter:card\" content=\"summary_large_image\" \/>\n<meta name=\"twitter:label1\" content=\"Price\" \/>\n\t<meta name=\"twitter:data1\" content=\"\" \/>\n\t<meta name=\"twitter:label2\" content=\"Availability\" \/>\n\t<meta name=\"twitter:data2\" content=\"In stock\" \/>\n<script type=\"application\/ld+json\" class=\"yoast-schema-graph\">{\"@context\":\"https:\\\/\\\/schema.org\",\"@graph\":[{\"@type\":\"WebPage\",\"@id\":\"https:\\\/\\\/c-profil.se\\\/produkt\\\/reduktionsinsatser\\\/\",\"url\":\"https:\\\/\\\/c-profil.se\\\/produkt\\\/reduktionsinsatser\\\/\",\"name\":\"Reduktionsinsatser | Kl\u00e4momr\u00e5desreducering - C-Pro\",\"isPartOf\":{\"@id\":\"https:\\\/\\\/c-profil.se\\\/#website\"},\"primaryImageOfPage\":{\"@id\":\"https:\\\/\\\/c-profil.se\\\/produkt\\\/reduktionsinsatser\\\/#primaryimage\"},\"image\":{\"@id\":\"https:\\\/\\\/c-profil.se\\\/produkt\\\/reduktionsinsatser\\\/#primaryimage\"},\"thumbnailUrl\":\"https:\\\/\\\/c-profil.se\\\/wp-content\\\/uploads\\\/2024\\\/11\\\/Reduceringar-Gummi-_-CMS.jpg\",\"datePublished\":\"2024-11-11T10:57:00+00:00\",\"dateModified\":\"2026-04-24T07:14:30+00:00\",\"description\":\"Reduktionsinsatser i gummi \u00e4r perfekt f\u00f6r att minska kl\u00e4momr\u00e5det i kabelf\u00f6rskruvningar. F\u00e5 en s\u00e4ker l\u00f6sning f\u00f6r dina industriella applikationer!\",\"breadcrumb\":{\"@id\":\"https:\\\/\\\/c-profil.se\\\/produkt\\\/reduktionsinsatser\\\/#breadcrumb\"},\"inLanguage\":\"en\",\"potentialAction\":[{\"@type\":\"ReadAction\",\"target\":[\"https:\\\/\\\/c-profil.se\\\/produkt\\\/reduktionsinsatser\\\/\"]}]},{\"@type\":\"ImageObject\",\"inLanguage\":\"en\",\"@id\":\"https:\\\/\\\/c-profil.se\\\/produkt\\\/reduktionsinsatser\\\/#primaryimage\",\"url\":\"https:\\\/\\\/c-profil.se\\\/wp-content\\\/uploads\\\/2024\\\/11\\\/Reduceringar-Gummi-_-CMS.jpg\",\"contentUrl\":\"https:\\\/\\\/c-profil.se\\\/wp-content\\\/uploads\\\/2024\\\/11\\\/Reduceringar-Gummi-_-CMS.jpg\",\"width\":1000,\"height\":1000,\"caption\":\"Reduceringar Gummi CMS\"},{\"@type\":\"BreadcrumbList\",\"@id\":\"https:\\\/\\\/c-profil.se\\\/produkt\\\/reduktionsinsatser\\\/#breadcrumb\",\"itemListElement\":[{\"@type\":\"ListItem\",\"position\":1,\"name\":\"Hem\",\"item\":\"https:\\\/\\\/c-profil.se\\\/\"},{\"@type\":\"ListItem\",\"position\":2,\"name\":\"Produkter\",\"item\":\"https:\\\/\\\/c-profil.se\\\/produkter\\\/\"},{\"@type\":\"ListItem\",\"position\":3,\"name\":\"Tillbeh\u00f6r kabelf\u00f6rskruvningar\",\"item\":\"https:\\\/\\\/c-profil.se\\\/produkt-kategori\\\/tillbehor-kabelforskruvningar\\\/\"},{\"@type\":\"ListItem\",\"position\":4,\"name\":\"Reduktionsinsatser\"}]},{\"@type\":\"WebSite\",\"@id\":\"https:\\\/\\\/c-profil.se\\\/#website\",\"url\":\"https:\\\/\\\/c-profil.se\\\/\",\"name\":\"C-Pro\",\"description\":\"Produkter f\u00f6r El och Automation\",\"publisher\":{\"@id\":\"https:\\\/\\\/c-profil.se\\\/#organization\"},\"potentialAction\":[{\"@type\":\"SearchAction\",\"target\":{\"@type\":\"EntryPoint\",\"urlTemplate\":\"https:\\\/\\\/c-profil.se\\\/?s={search_term_string}\"},\"query-input\":{\"@type\":\"PropertyValueSpecification\",\"valueRequired\":true,\"valueName\":\"search_term_string\"}}],\"inLanguage\":\"en\"},{\"@type\":\"Organization\",\"@id\":\"https:\\\/\\\/c-profil.se\\\/#organization\",\"name\":\"C-Pro\",\"alternateName\":\"C-PRO\",\"url\":\"https:\\\/\\\/c-profil.se\\\/\",\"logo\":{\"@type\":\"ImageObject\",\"inLanguage\":\"en\",\"@id\":\"https:\\\/\\\/c-profil.se\\\/#\\\/schema\\\/logo\\\/image\\\/\",\"url\":\"https:\\\/\\\/c-profil.se\\\/wp-content\\\/uploads\\\/2022\\\/03\\\/c-pro-logga-liggande-500x500-1.png\",\"contentUrl\":\"https:\\\/\\\/c-profil.se\\\/wp-content\\\/uploads\\\/2022\\\/03\\\/c-pro-logga-liggande-500x500-1.png\",\"width\":500,\"height\":500,\"caption\":\"C-Pro\"},\"image\":{\"@id\":\"https:\\\/\\\/c-profil.se\\\/#\\\/schema\\\/logo\\\/image\\\/\"},\"sameAs\":[\"https:\\\/\\\/www.facebook.com\\\/people\\\/C-Pro\\\/61561767306874\\\/\",\"https:\\\/\\\/www.linkedin.com\\\/company\\\/c-pro-ab\",\"https:\\\/\\\/www.instagram.com\\\/cpro.ab\\\/\"],\"description\":\"C-PRO AB \u00e4r en helt\u00e4ckande leverant\u00f6r av material f\u00f6r applikationer inom el och automation. \u00c4nda sedan starten 1987 har vi f\u00f6rsett den svenska tillverkande industrin med elmaterial. Trots v\u00e5r storlek och ledande position har vi aldrig \u00f6vergett v\u00e5r grundfilosofi, att vara en personlig leverant\u00f6r. Vi p\u00e5 C-PRO \u00e4r l\u00e4tta att komma i kontakt med, \u00e4rliga och brinner f\u00f6r att l\u00f6sa v\u00e5ra kunders problem.\",\"email\":\"info@c-profil.se\",\"telephone\":\"031575785\",\"legalName\":\"C-Profil F\u00f6rl\u00e4ggningsmaterial AB\",\"foundingDate\":\"1987-01-01\"}]}<\/script>\n<meta property=\"product:brand\" content=\"kabelinf\u00f6ring\" \/>\n<meta property=\"product:price:currency\" content=\"SEK\" \/>\n<meta property=\"og:availability\" content=\"instock\" \/>\n<meta property=\"product:availability\" content=\"instock\" \/>\n<meta property=\"product:retailer_item_id\" content=\"Reduktionsinsatser\" \/>\n<meta property=\"product:condition\" content=\"new\" \/>\n<!-- \/ Yoast SEO Premium plugin. -->","yoast_head_json":{"title":"Reduction Inserts | Clamping Area Reduction - C-Pro","description":"Rubber reduction inserts are perfect for reducing the clamping area in cable glands. Get a safe solution for your industrial applications!","robots":{"index":"index","follow":"follow","max-snippet":"max-snippet:-1","max-image-preview":"max-image-preview:large","max-video-preview":"max-video-preview:-1"},"canonical":"https:\/\/c-profil.se\/english\/product\/reduction-efforts\/","og_locale":"en_US","og_type":"article","og_title":"Reduktionsinsatser - C-Pro","og_description":"Optimera din kabelinstallation med v\u00e5ra h\u00f6gkvalitativa reduktionsinsatser. Dessa reduceringar \u00e4r speciellt utformade f\u00f6r att f\u00f6rb\u00e4ttra prestandan och s\u00e4kerheten i dina industriella applikationer. \u2022 Minskar kl\u00e4momr\u00e5dena f\u00f6r kabelf\u00f6rskruvningar effektivt \u2022 Tillverkad av h\u00e5llbart gummimaterial f\u00f6r l\u00e5ngvarig anv\u00e4ndning \u2022 Ger p\u00e5litlig dragavlastning och t\u00e4tning \u2022 Idealisk f\u00f6r standardiserade industriella till\u00e4mpningar","og_url":"https:\/\/c-profil.se\/english\/product\/reduction-efforts\/","og_site_name":"C-Pro","article_publisher":"https:\/\/www.facebook.com\/people\/C-Pro\/61561767306874\/","article_modified_time":"2026-04-24T07:14:30+00:00","og_image":[{"width":1000,"height":1000,"url":"https:\/\/c-profil.se\/wp-content\/uploads\/2024\/11\/Reduceringar-Gummi-_-CMS.jpg","type":"image\/jpeg"}],"twitter_card":"summary_large_image","twitter_misc":{"Price":"","Availability":"In stock"},"schema":{"@context":"https:\/\/schema.org","@graph":[{"@type":"WebPage","@id":"https:\/\/c-profil.se\/produkt\/reduktionsinsatser\/","url":"https:\/\/c-profil.se\/produkt\/reduktionsinsatser\/","name":"Reduction Inserts | Clamping Area Reduction - C-Pro","isPartOf":{"@id":"https:\/\/c-profil.se\/#website"},"primaryImageOfPage":{"@id":"https:\/\/c-profil.se\/produkt\/reduktionsinsatser\/#primaryimage"},"image":{"@id":"https:\/\/c-profil.se\/produkt\/reduktionsinsatser\/#primaryimage"},"thumbnailUrl":"https:\/\/c-profil.se\/wp-content\/uploads\/2024\/11\/Reduceringar-Gummi-_-CMS.jpg","datePublished":"2024-11-11T10:57:00+00:00","dateModified":"2026-04-24T07:14:30+00:00","description":"Rubber reduction inserts are perfect for reducing the clamping area in cable glands. Get a safe solution for your industrial applications!","breadcrumb":{"@id":"https:\/\/c-profil.se\/produkt\/reduktionsinsatser\/#breadcrumb"},"inLanguage":"en","potentialAction":[{"@type":"ReadAction","target":["https:\/\/c-profil.se\/produkt\/reduktionsinsatser\/"]}]},{"@type":"ImageObject","inLanguage":"en","@id":"https:\/\/c-profil.se\/produkt\/reduktionsinsatser\/#primaryimage","url":"https:\/\/c-profil.se\/wp-content\/uploads\/2024\/11\/Reduceringar-Gummi-_-CMS.jpg","contentUrl":"https:\/\/c-profil.se\/wp-content\/uploads\/2024\/11\/Reduceringar-Gummi-_-CMS.jpg","width":1000,"height":1000,"caption":"Reduceringar Gummi CMS"},{"@type":"BreadcrumbList","@id":"https:\/\/c-profil.se\/produkt\/reduktionsinsatser\/#breadcrumb","itemListElement":[{"@type":"ListItem","position":1,"name":"Hem","item":"https:\/\/c-profil.se\/"},{"@type":"ListItem","position":2,"name":"Produkter","item":"https:\/\/c-profil.se\/produkter\/"},{"@type":"ListItem","position":3,"name":"Tillbeh\u00f6r kabelf\u00f6rskruvningar","item":"https:\/\/c-profil.se\/produkt-kategori\/tillbehor-kabelforskruvningar\/"},{"@type":"ListItem","position":4,"name":"Reduktionsinsatser"}]},{"@type":"WebSite","@id":"https:\/\/c-profil.se\/#website","url":"https:\/\/c-profil.se\/","name":"C-Pro","description":"Products for Electricity and Automation","publisher":{"@id":"https:\/\/c-profil.se\/#organization"},"potentialAction":[{"@type":"SearchAction","target":{"@type":"EntryPoint","urlTemplate":"https:\/\/c-profil.se\/?s={search_term_string}"},"query-input":{"@type":"PropertyValueSpecification","valueRequired":true,"valueName":"search_term_string"}}],"inLanguage":"en"},{"@type":"Organization","@id":"https:\/\/c-profil.se\/#organization","name":"C-Pro","alternateName":"C-PRO","url":"https:\/\/c-profil.se\/","logo":{"@type":"ImageObject","inLanguage":"en","@id":"https:\/\/c-profil.se\/#\/schema\/logo\/image\/","url":"https:\/\/c-profil.se\/wp-content\/uploads\/2022\/03\/c-pro-logga-liggande-500x500-1.png","contentUrl":"https:\/\/c-profil.se\/wp-content\/uploads\/2022\/03\/c-pro-logga-liggande-500x500-1.png","width":500,"height":500,"caption":"C-Pro"},"image":{"@id":"https:\/\/c-profil.se\/#\/schema\/logo\/image\/"},"sameAs":["https:\/\/www.facebook.com\/people\/C-Pro\/61561767306874\/","https:\/\/www.linkedin.com\/company\/c-pro-ab","https:\/\/www.instagram.com\/cpro.ab\/"],"description":"C-PRO AB is a comprehensive supplier of materials for applications in electricity and automation. Ever since the start in 1987, we have supplied the Swedish manufacturing industry with electrical materials. Despite our size and leading position, we have never abandoned our basic philosophy, to be a personal supplier. We at C-PRO are easy to get in touch with, honest and passionate about solving our customers&#039; problems.","email":"info@c-profil.se","telephone":"031575785","legalName":"C-Profil F\u00f6rl\u00e4ggningsmaterial AB","foundingDate":"1987-01-01"}]},"product_brand":"kabelinf\u00f6ring","product_price_currency":"SEK","og_availability":"instock","product_availability":"instock","product_retailer_item_id":"Reduktionsinsatser","product_condition":"new"},"_links":{"self":[{"href":"https:\/\/c-profil.se\/english\/wp-json\/wp\/v2\/product\/50745","targetHints":{"allow":["GET"]}}],"collection":[{"href":"https:\/\/c-profil.se\/english\/wp-json\/wp\/v2\/product"}],"about":[{"href":"https:\/\/c-profil.se\/english\/wp-json\/wp\/v2\/types\/product"}],"version-history":[{"count":13,"href":"https:\/\/c-profil.se\/english\/wp-json\/wp\/v2\/product\/50745\/revisions"}],"predecessor-version":[{"id":75184,"href":"https:\/\/c-profil.se\/english\/wp-json\/wp\/v2\/product\/50745\/revisions\/75184"}],"wp:featuredmedia":[{"embeddable":true,"href":"https:\/\/c-profil.se\/english\/wp-json\/wp\/v2\/media\/50749"}],"wp:attachment":[{"href":"https:\/\/c-profil.se\/english\/wp-json\/wp\/v2\/media?parent=50745"}],"wp:term":[{"taxonomy":"product_brand","embeddable":true,"href":"https:\/\/c-profil.se\/english\/wp-json\/wp\/v2\/product_brand?post=50745"},{"taxonomy":"product_cat","embeddable":true,"href":"https:\/\/c-profil.se\/english\/wp-json\/wp\/v2\/product_cat?post=50745"},{"taxonomy":"product_tag","embeddable":true,"href":"https:\/\/c-profil.se\/english\/wp-json\/wp\/v2\/product_tag?post=50745"}],"curies":[{"name":"wp","href":"https:\/\/api.w.org\/{rel}","templated":true}]}}