{"id":50726,"date":"2024-11-11T11:08:00","date_gmt":"2024-11-11T10:08:00","guid":{"rendered":"https:\/\/c-profil.se\/?post_type=product&#038;p=50726"},"modified":"2026-03-19T14:48:45","modified_gmt":"2026-03-19T13:48:45","slug":"polyamide-plugs","status":"publish","type":"product","link":"https:\/\/c-profil.se\/english\/produkt\/pluggar-polyamid\/","title":{"rendered":"Plugs | Polyamide"},"content":{"rendered":"<p><strong>Polyamide plugs are used to seal cable glands when no cable is installed.<\/strong>, and protects the enclosure against moisture, dust and external influences.<br \/>\nA simple and reliable sealing solution for standard industrial applications.<\/p>","protected":false},"excerpt":{"rendered":"<p class=\"ai-optimize-26\">Discover Polyamide Plugs, the perfect solution to ensure optimal sealing in your industrial cable glands. Polyaimd \/ CBDP Plugs are the ideal choice for industrial environments where safety and reliability are paramount. This versatile product offers an effective sealing solution that protects against moisture, dust and other contaminants, while maintaining the integrity of your electrical systems. Whether you work in manufacturing, process automation or other heavy industry, Polyamide Plugs provide the reliability and performance you need to keep your systems in top condition.<\/p>\n<p class=\"ai-optimize-27\">\u2022 Designed to seal cable glands when no cable is in use<br \/>\n\u2022 Suitable for a wide range of industrial standard applications<br \/>\n\u2022 Made from high quality polyamide for durability and performance<br \/>\n\u2022 Easy to install and maintain<\/p>","protected":false},"featured_media":50730,"template":"","meta":{"_acf_changed":false},"product_brand":[734],"product_cat":[627],"product_tag":[938,1005,939],"class_list":{"0":"post-50726","1":"product","2":"type-product","3":"status-publish","4":"has-post-thumbnail","6":"product_brand-bimed","7":"product_cat-tillbehor-kabelforskruvningar","8":"product_tag-kabelinforing","9":"product_tag-platbearbetning","10":"product_tag-tatning","12":"first","13":"instock","14":"shipping-taxable","15":"product-type-simple"},"acf":[],"yoast_head":"<!-- This site is optimized with the Yoast SEO Premium plugin v27.5 (Yoast SEO v27.5) - https:\/\/yoast.com\/product\/yoast-seo-premium-wordpress\/ -->\n<title>Pluggar | Polyamid - C-Pro<\/title>\n<meta name=\"description\" content=\"Uppt\u00e4ck Pluggar Polyamid, den perfekta l\u00f6sningen f\u00f6r att s\u00e4kerst\u00e4lla optimal t\u00e4tning i dina industriella kabelf\u00f6rskruvningar. L\u00e4s Mer!\" \/>\n<meta name=\"robots\" content=\"index, follow, max-snippet:-1, max-image-preview:large, max-video-preview:-1\" \/>\n<link rel=\"canonical\" href=\"https:\/\/c-profil.se\/english\/product\/polyamide-plugs\/\" \/>\n<meta property=\"og:locale\" content=\"en_US\" \/>\n<meta property=\"og:type\" content=\"article\" \/>\n<meta property=\"og:title\" content=\"Pluggar | Polyamid - C-Pro\" \/>\n<meta property=\"og:description\" content=\"Uppt\u00e4ck Pluggar Polyamid, den perfekta l\u00f6sningen f\u00f6r att s\u00e4kerst\u00e4lla optimal t\u00e4tning i dina industriella kabelf\u00f6rskruvningar. Pluggar Polyaimd \/ CBDP \u00e4r det idealiska valet f\u00f6r industrimilj\u00f6er d\u00e4r s\u00e4kerhet och tillf\u00f6rlitlighet \u00e4r avg\u00f6rande. Denna m\u00e5ngsidiga produkt erbjuder en effektiv t\u00e4tningsl\u00f6sning som skyddar mot fukt, damm och andra f\u00f6roreningar, samtidigt som den bibeh\u00e5ller integriteten i dina elektriska system. Oavsett om du arbetar inom tillverkning, processautomation eller annan tung industri, ger Pluggar Polyamid den p\u00e5litlighet och prestanda du beh\u00f6ver f\u00f6r att h\u00e5lla dina system i toppskick. \u2022 Designad f\u00f6r att t\u00e4ta kabelf\u00f6rskruvningar n\u00e4r ingen kabel anv\u00e4nds \u2022 L\u00e4mplig f\u00f6r ett brett spektrum av industriella standardapplikationer \u2022 Tillverkad av h\u00f6gkvalitativ polyamid f\u00f6r h\u00e5llbarhet och prestanda \u2022 Enkel att installera och underh\u00e5lla\" \/>\n<meta property=\"og:url\" content=\"https:\/\/c-profil.se\/english\/product\/polyamide-plugs\/\" \/>\n<meta property=\"og:site_name\" content=\"C-Pro\" \/>\n<meta property=\"article:publisher\" content=\"https:\/\/www.facebook.com\/people\/C-Pro\/61561767306874\/\" \/>\n<meta property=\"article:modified_time\" content=\"2026-03-19T13:48:45+00:00\" \/>\n<meta property=\"og:image\" content=\"https:\/\/c-profil.se\/wp-content\/uploads\/2024\/11\/Pluggar-Polyamid-CBDP.jpg\" \/>\n\t<meta property=\"og:image:width\" content=\"1000\" \/>\n\t<meta property=\"og:image:height\" content=\"1000\" \/>\n\t<meta property=\"og:image:type\" content=\"image\/jpeg\" \/>\n<meta name=\"twitter:card\" content=\"summary_large_image\" \/>\n<meta name=\"twitter:label1\" content=\"Price\" \/>\n\t<meta name=\"twitter:data1\" content=\"\" \/>\n\t<meta name=\"twitter:label2\" content=\"Availability\" \/>\n\t<meta name=\"twitter:data2\" content=\"In stock\" \/>\n<script type=\"application\/ld+json\" class=\"yoast-schema-graph\">{\"@context\":\"https:\\\/\\\/schema.org\",\"@graph\":[{\"@type\":\"WebPage\",\"@id\":\"https:\\\/\\\/c-profil.se\\\/produkt\\\/pluggar-polyamid\\\/\",\"url\":\"https:\\\/\\\/c-profil.se\\\/produkt\\\/pluggar-polyamid\\\/\",\"name\":\"Pluggar | Polyamid - C-Pro\",\"isPartOf\":{\"@id\":\"https:\\\/\\\/c-profil.se\\\/#website\"},\"primaryImageOfPage\":{\"@id\":\"https:\\\/\\\/c-profil.se\\\/produkt\\\/pluggar-polyamid\\\/#primaryimage\"},\"image\":{\"@id\":\"https:\\\/\\\/c-profil.se\\\/produkt\\\/pluggar-polyamid\\\/#primaryimage\"},\"thumbnailUrl\":\"https:\\\/\\\/c-profil.se\\\/wp-content\\\/uploads\\\/2024\\\/11\\\/Pluggar-Polyamid-CBDP.jpg\",\"datePublished\":\"2024-11-11T10:08:00+00:00\",\"dateModified\":\"2026-03-19T13:48:45+00:00\",\"description\":\"Uppt\u00e4ck Pluggar Polyamid, den perfekta l\u00f6sningen f\u00f6r att s\u00e4kerst\u00e4lla optimal t\u00e4tning i dina industriella kabelf\u00f6rskruvningar. L\u00e4s Mer!\",\"breadcrumb\":{\"@id\":\"https:\\\/\\\/c-profil.se\\\/produkt\\\/pluggar-polyamid\\\/#breadcrumb\"},\"inLanguage\":\"en\",\"potentialAction\":[{\"@type\":\"ReadAction\",\"target\":[\"https:\\\/\\\/c-profil.se\\\/produkt\\\/pluggar-polyamid\\\/\"]}]},{\"@type\":\"ImageObject\",\"inLanguage\":\"en\",\"@id\":\"https:\\\/\\\/c-profil.se\\\/produkt\\\/pluggar-polyamid\\\/#primaryimage\",\"url\":\"https:\\\/\\\/c-profil.se\\\/wp-content\\\/uploads\\\/2024\\\/11\\\/Pluggar-Polyamid-CBDP.jpg\",\"contentUrl\":\"https:\\\/\\\/c-profil.se\\\/wp-content\\\/uploads\\\/2024\\\/11\\\/Pluggar-Polyamid-CBDP.jpg\",\"width\":1000,\"height\":1000,\"caption\":\"Pluggar Polyamid CBDP\"},{\"@type\":\"BreadcrumbList\",\"@id\":\"https:\\\/\\\/c-profil.se\\\/produkt\\\/pluggar-polyamid\\\/#breadcrumb\",\"itemListElement\":[{\"@type\":\"ListItem\",\"position\":1,\"name\":\"Hem\",\"item\":\"https:\\\/\\\/c-profil.se\\\/\"},{\"@type\":\"ListItem\",\"position\":2,\"name\":\"Produkter\",\"item\":\"https:\\\/\\\/c-profil.se\\\/produkter\\\/\"},{\"@type\":\"ListItem\",\"position\":3,\"name\":\"Tillbeh\u00f6r kabelf\u00f6rskruvningar\",\"item\":\"https:\\\/\\\/c-profil.se\\\/produkt-kategori\\\/tillbehor-kabelforskruvningar\\\/\"},{\"@type\":\"ListItem\",\"position\":4,\"name\":\"Pluggar | Polyamid\"}]},{\"@type\":\"WebSite\",\"@id\":\"https:\\\/\\\/c-profil.se\\\/#website\",\"url\":\"https:\\\/\\\/c-profil.se\\\/\",\"name\":\"C-Pro\",\"description\":\"Produkter f\u00f6r El och Automation\",\"publisher\":{\"@id\":\"https:\\\/\\\/c-profil.se\\\/#organization\"},\"potentialAction\":[{\"@type\":\"SearchAction\",\"target\":{\"@type\":\"EntryPoint\",\"urlTemplate\":\"https:\\\/\\\/c-profil.se\\\/?s={search_term_string}\"},\"query-input\":{\"@type\":\"PropertyValueSpecification\",\"valueRequired\":true,\"valueName\":\"search_term_string\"}}],\"inLanguage\":\"en\"},{\"@type\":\"Organization\",\"@id\":\"https:\\\/\\\/c-profil.se\\\/#organization\",\"name\":\"C-Pro\",\"alternateName\":\"C-PRO\",\"url\":\"https:\\\/\\\/c-profil.se\\\/\",\"logo\":{\"@type\":\"ImageObject\",\"inLanguage\":\"en\",\"@id\":\"https:\\\/\\\/c-profil.se\\\/#\\\/schema\\\/logo\\\/image\\\/\",\"url\":\"https:\\\/\\\/c-profil.se\\\/wp-content\\\/uploads\\\/2022\\\/03\\\/c-pro-logga-liggande-500x500-1.png\",\"contentUrl\":\"https:\\\/\\\/c-profil.se\\\/wp-content\\\/uploads\\\/2022\\\/03\\\/c-pro-logga-liggande-500x500-1.png\",\"width\":500,\"height\":500,\"caption\":\"C-Pro\"},\"image\":{\"@id\":\"https:\\\/\\\/c-profil.se\\\/#\\\/schema\\\/logo\\\/image\\\/\"},\"sameAs\":[\"https:\\\/\\\/www.facebook.com\\\/people\\\/C-Pro\\\/61561767306874\\\/\",\"https:\\\/\\\/www.linkedin.com\\\/company\\\/c-pro-ab\",\"https:\\\/\\\/www.instagram.com\\\/cpro.ab\\\/\"],\"description\":\"C-PRO AB \u00e4r en helt\u00e4ckande leverant\u00f6r av material f\u00f6r applikationer inom el och automation. \u00c4nda sedan starten 1987 har vi f\u00f6rsett den svenska tillverkande industrin med elmaterial. Trots v\u00e5r storlek och ledande position har vi aldrig \u00f6vergett v\u00e5r grundfilosofi, att vara en personlig leverant\u00f6r. Vi p\u00e5 C-PRO \u00e4r l\u00e4tta att komma i kontakt med, \u00e4rliga och brinner f\u00f6r att l\u00f6sa v\u00e5ra kunders problem.\",\"email\":\"info@c-profil.se\",\"telephone\":\"031575785\",\"legalName\":\"C-Profil F\u00f6rl\u00e4ggningsmaterial AB\",\"foundingDate\":\"1987-01-01\"}]}<\/script>\n<meta property=\"product:brand\" content=\"kabelinf\u00f6ring\" \/>\n<meta property=\"product:price:currency\" content=\"SEK\" \/>\n<meta property=\"og:availability\" content=\"instock\" \/>\n<meta property=\"product:availability\" content=\"instock\" \/>\n<meta property=\"product:retailer_item_id\" content=\"Pluggar | Polyamid\" \/>\n<meta property=\"product:condition\" content=\"new\" \/>\n<!-- \/ Yoast SEO Premium plugin. -->","yoast_head_json":{"title":"Plugs | Polyamide - C-Pro","description":"Discover Polyamide Plugs, the perfect solution to ensure optimal sealing in your industrial cable glands. Read More!","robots":{"index":"index","follow":"follow","max-snippet":"max-snippet:-1","max-image-preview":"max-image-preview:large","max-video-preview":"max-video-preview:-1"},"canonical":"https:\/\/c-profil.se\/english\/product\/polyamide-plugs\/","og_locale":"en_US","og_type":"article","og_title":"Pluggar | Polyamid - C-Pro","og_description":"Uppt\u00e4ck Pluggar Polyamid, den perfekta l\u00f6sningen f\u00f6r att s\u00e4kerst\u00e4lla optimal t\u00e4tning i dina industriella kabelf\u00f6rskruvningar. Pluggar Polyaimd \/ CBDP \u00e4r det idealiska valet f\u00f6r industrimilj\u00f6er d\u00e4r s\u00e4kerhet och tillf\u00f6rlitlighet \u00e4r avg\u00f6rande. Denna m\u00e5ngsidiga produkt erbjuder en effektiv t\u00e4tningsl\u00f6sning som skyddar mot fukt, damm och andra f\u00f6roreningar, samtidigt som den bibeh\u00e5ller integriteten i dina elektriska system. Oavsett om du arbetar inom tillverkning, processautomation eller annan tung industri, ger Pluggar Polyamid den p\u00e5litlighet och prestanda du beh\u00f6ver f\u00f6r att h\u00e5lla dina system i toppskick. \u2022 Designad f\u00f6r att t\u00e4ta kabelf\u00f6rskruvningar n\u00e4r ingen kabel anv\u00e4nds \u2022 L\u00e4mplig f\u00f6r ett brett spektrum av industriella standardapplikationer \u2022 Tillverkad av h\u00f6gkvalitativ polyamid f\u00f6r h\u00e5llbarhet och prestanda \u2022 Enkel att installera och underh\u00e5lla","og_url":"https:\/\/c-profil.se\/english\/product\/polyamide-plugs\/","og_site_name":"C-Pro","article_publisher":"https:\/\/www.facebook.com\/people\/C-Pro\/61561767306874\/","article_modified_time":"2026-03-19T13:48:45+00:00","og_image":[{"width":1000,"height":1000,"url":"https:\/\/c-profil.se\/wp-content\/uploads\/2024\/11\/Pluggar-Polyamid-CBDP.jpg","type":"image\/jpeg"}],"twitter_card":"summary_large_image","twitter_misc":{"Price":"","Availability":"In stock"},"schema":{"@context":"https:\/\/schema.org","@graph":[{"@type":"WebPage","@id":"https:\/\/c-profil.se\/produkt\/pluggar-polyamid\/","url":"https:\/\/c-profil.se\/produkt\/pluggar-polyamid\/","name":"Plugs | Polyamide - C-Pro","isPartOf":{"@id":"https:\/\/c-profil.se\/#website"},"primaryImageOfPage":{"@id":"https:\/\/c-profil.se\/produkt\/pluggar-polyamid\/#primaryimage"},"image":{"@id":"https:\/\/c-profil.se\/produkt\/pluggar-polyamid\/#primaryimage"},"thumbnailUrl":"https:\/\/c-profil.se\/wp-content\/uploads\/2024\/11\/Pluggar-Polyamid-CBDP.jpg","datePublished":"2024-11-11T10:08:00+00:00","dateModified":"2026-03-19T13:48:45+00:00","description":"Discover Polyamide Plugs, the perfect solution to ensure optimal sealing in your industrial cable glands. Read More!","breadcrumb":{"@id":"https:\/\/c-profil.se\/produkt\/pluggar-polyamid\/#breadcrumb"},"inLanguage":"en","potentialAction":[{"@type":"ReadAction","target":["https:\/\/c-profil.se\/produkt\/pluggar-polyamid\/"]}]},{"@type":"ImageObject","inLanguage":"en","@id":"https:\/\/c-profil.se\/produkt\/pluggar-polyamid\/#primaryimage","url":"https:\/\/c-profil.se\/wp-content\/uploads\/2024\/11\/Pluggar-Polyamid-CBDP.jpg","contentUrl":"https:\/\/c-profil.se\/wp-content\/uploads\/2024\/11\/Pluggar-Polyamid-CBDP.jpg","width":1000,"height":1000,"caption":"Pluggar Polyamid CBDP"},{"@type":"BreadcrumbList","@id":"https:\/\/c-profil.se\/produkt\/pluggar-polyamid\/#breadcrumb","itemListElement":[{"@type":"ListItem","position":1,"name":"Hem","item":"https:\/\/c-profil.se\/"},{"@type":"ListItem","position":2,"name":"Produkter","item":"https:\/\/c-profil.se\/produkter\/"},{"@type":"ListItem","position":3,"name":"Tillbeh\u00f6r kabelf\u00f6rskruvningar","item":"https:\/\/c-profil.se\/produkt-kategori\/tillbehor-kabelforskruvningar\/"},{"@type":"ListItem","position":4,"name":"Pluggar | Polyamid"}]},{"@type":"WebSite","@id":"https:\/\/c-profil.se\/#website","url":"https:\/\/c-profil.se\/","name":"C-Pro","description":"Products for Electricity and Automation","publisher":{"@id":"https:\/\/c-profil.se\/#organization"},"potentialAction":[{"@type":"SearchAction","target":{"@type":"EntryPoint","urlTemplate":"https:\/\/c-profil.se\/?s={search_term_string}"},"query-input":{"@type":"PropertyValueSpecification","valueRequired":true,"valueName":"search_term_string"}}],"inLanguage":"en"},{"@type":"Organization","@id":"https:\/\/c-profil.se\/#organization","name":"C-Pro","alternateName":"C-PRO","url":"https:\/\/c-profil.se\/","logo":{"@type":"ImageObject","inLanguage":"en","@id":"https:\/\/c-profil.se\/#\/schema\/logo\/image\/","url":"https:\/\/c-profil.se\/wp-content\/uploads\/2022\/03\/c-pro-logga-liggande-500x500-1.png","contentUrl":"https:\/\/c-profil.se\/wp-content\/uploads\/2022\/03\/c-pro-logga-liggande-500x500-1.png","width":500,"height":500,"caption":"C-Pro"},"image":{"@id":"https:\/\/c-profil.se\/#\/schema\/logo\/image\/"},"sameAs":["https:\/\/www.facebook.com\/people\/C-Pro\/61561767306874\/","https:\/\/www.linkedin.com\/company\/c-pro-ab","https:\/\/www.instagram.com\/cpro.ab\/"],"description":"C-PRO AB is a comprehensive supplier of materials for applications in electricity and automation. Ever since the start in 1987, we have supplied the Swedish manufacturing industry with electrical materials. Despite our size and leading position, we have never abandoned our basic philosophy, to be a personal supplier. We at C-PRO are easy to get in touch with, honest and passionate about solving our customers&#039; problems.","email":"info@c-profil.se","telephone":"031575785","legalName":"C-Profil F\u00f6rl\u00e4ggningsmaterial AB","foundingDate":"1987-01-01"}]},"product_brand":"kabelinf\u00f6ring","product_price_currency":"SEK","og_availability":"instock","product_availability":"instock","product_retailer_item_id":"Pluggar | Polyamid","product_condition":"new"},"_links":{"self":[{"href":"https:\/\/c-profil.se\/english\/wp-json\/wp\/v2\/product\/50726","targetHints":{"allow":["GET"]}}],"collection":[{"href":"https:\/\/c-profil.se\/english\/wp-json\/wp\/v2\/product"}],"about":[{"href":"https:\/\/c-profil.se\/english\/wp-json\/wp\/v2\/types\/product"}],"version-history":[{"count":12,"href":"https:\/\/c-profil.se\/english\/wp-json\/wp\/v2\/product\/50726\/revisions"}],"predecessor-version":[{"id":74261,"href":"https:\/\/c-profil.se\/english\/wp-json\/wp\/v2\/product\/50726\/revisions\/74261"}],"wp:featuredmedia":[{"embeddable":true,"href":"https:\/\/c-profil.se\/english\/wp-json\/wp\/v2\/media\/50730"}],"wp:attachment":[{"href":"https:\/\/c-profil.se\/english\/wp-json\/wp\/v2\/media?parent=50726"}],"wp:term":[{"taxonomy":"product_brand","embeddable":true,"href":"https:\/\/c-profil.se\/english\/wp-json\/wp\/v2\/product_brand?post=50726"},{"taxonomy":"product_cat","embeddable":true,"href":"https:\/\/c-profil.se\/english\/wp-json\/wp\/v2\/product_cat?post=50726"},{"taxonomy":"product_tag","embeddable":true,"href":"https:\/\/c-profil.se\/english\/wp-json\/wp\/v2\/product_tag?post=50726"}],"curies":[{"name":"wp","href":"https:\/\/api.w.org\/{rel}","templated":true}]}}