{"id":50189,"date":"2024-11-01T13:00:00","date_gmt":"2024-11-01T12:00:00","guid":{"rendered":"https:\/\/c-profil.se\/?post_type=product&#038;p=50189"},"modified":"2026-03-19T08:45:08","modified_gmt":"2026-03-19T07:45:08","slug":"stainless-steel-ventilation-plugs","status":"publish","type":"product","link":"https:\/\/c-profil.se\/english\/produkt\/ventilationspluggar-rostfria\/","title":{"rendered":"Ventilation plugs | Stainless steel"},"content":{"rendered":"<p><strong>Stainless steel ventilation plugs are developed for pressure equalization and moisture protection in demanding industrial environments.<\/strong><br \/>\nThey effectively balance pressure differences, prevent condensation and protect enclosures using a hydrophobic and oleophobic membrane.<\/p>","protected":false},"excerpt":{"rendered":"<p class=\"ai-optimize-31\" data-pm-slice=\"1 1 []\">Our Stainless Steel Ventilation Plugs are designed to meet the toughest industrial challenges. These robust plugs offer outstanding performance and reliability in demanding applications. Our Stainless Steel Ventilation Plugs are the ideal choice for industrial standard applications that require reliable performance in challenging environments. These plugs ensure optimal ventilation and protection for your sensitive components, extending the life of your equipment and minimizing maintenance needs. Upgrade your industrial applications with our Stainless Steel Ventilation Plugs \u2013 the perfect solution for demanding environments where reliability is essential.<\/p>\n<ul>\n<li class=\"ai-optimize-32\" data-pm-slice=\"1 1 []\">For standard industrial applications in harsh environments.<\/li>\n<li class=\"ai-optimize-33\" data-pm-slice=\"1 1 []\">Membrane properties: hydrophobic, oleophobic.<\/li>\n<li class=\"ai-optimize-34\" data-pm-slice=\"1 1 []\">Balances pressure differences between inner housing and the outside environment.<\/li>\n<li class=\"ai-optimize-35\" data-pm-slice=\"1 1 []\">Prevents damages according to pressure differences<\/li>\n<li class=\"ai-optimize-36\" data-pm-slice=\"1 1 []\">Prevents the formation of water condensation in tightly-sealed standard housings.<\/li>\n<\/ul>","protected":false},"featured_media":55680,"template":"","meta":{"_acf_changed":false},"product_brand":[734],"product_cat":[334],"product_tag":[963,966,952,1000],"class_list":{"0":"post-50189","1":"product","2":"type-product","3":"status-publish","4":"has-post-thumbnail","6":"product_brand-bimed","7":"product_cat-ventilation-dranering","8":"product_tag-klimatisering-av-apparatskap","9":"product_tag-kondensskydd","10":"product_tag-kravande-miljo","11":"product_tag-tryckutjamning","13":"first","14":"instock","15":"shipping-taxable","16":"product-type-simple"},"acf":[],"yoast_head":"<!-- This site is optimized with the Yoast SEO Premium plugin v27.4 (Yoast SEO v27.4) - https:\/\/yoast.com\/product\/yoast-seo-premium-wordpress\/ -->\n<title>Ventilationspluggar | Rostfria - C-Pro<\/title>\n<meta name=\"description\" content=\"Skydda dina industriella applikationer med v\u00e5ra Ventilationspluggar Rostfria. Optimal ventilation och p\u00e5litlig prestanda i kr\u00e4vande milj\u00f6er.\" \/>\n<meta name=\"robots\" content=\"index, follow, max-snippet:-1, max-image-preview:large, max-video-preview:-1\" \/>\n<link rel=\"canonical\" href=\"https:\/\/c-profil.se\/english\/product\/stainless-steel-ventilation-plugs\/\" \/>\n<meta property=\"og:locale\" content=\"en_US\" \/>\n<meta property=\"og:type\" content=\"article\" \/>\n<meta property=\"og:title\" content=\"Ventilationspluggar | Rostfria - C-Pro\" \/>\n<meta property=\"og:description\" content=\"V\u00e5ra Ventilationspluggar rostfria \u00e4r designade f\u00f6r att m\u00f6ta de tuffaste industriella utmaningarna. Dessa robusta pluggar erbjuder enast\u00e5ende prestanda och tillf\u00f6rlitlighet i kr\u00e4vande applikationer. V\u00e5ra Rostfria Ventilationspluggar \u00e4r det idealiska valet f\u00f6r industriella standardapplikationer som kr\u00e4ver p\u00e5litlig prestanda i utmanande milj\u00f6er. Dessa pluggar s\u00e4kerst\u00e4ller optimal ventilation och skydd f\u00f6r dina k\u00e4nsliga komponenter, vilket f\u00f6rl\u00e4nger livsl\u00e4ngden p\u00e5 din utrustning och minimerar underh\u00e5llsbehoven. Uppgradera dina industriella applikationer med v\u00e5ra Rostfria Ventilationspluggar \u2013 den perfekta l\u00f6sningen f\u00f6r kr\u00e4vande milj\u00f6er d\u00e4r tillf\u00f6rlitlighet \u00e4r avg\u00f6rande.    F\u00f6r industriella standardapplikationer i tuffa milj\u00f6er.  Membranegenskaper: hydrofob, oleofob.  Balanserar tryckskillnader mellan inre bostad och yttermilj\u00f6.  F\u00f6rhindrar skador beroende p\u00e5 tryckskillnader.  F\u00f6rhindrar bildandet av vattenkondens i t\u00e4tt slutna kapslingar.\" \/>\n<meta property=\"og:url\" content=\"https:\/\/c-profil.se\/english\/product\/stainless-steel-ventilation-plugs\/\" \/>\n<meta property=\"og:site_name\" content=\"C-Pro\" \/>\n<meta property=\"article:publisher\" content=\"https:\/\/www.facebook.com\/people\/C-Pro\/61561767306874\/\" \/>\n<meta property=\"article:modified_time\" content=\"2026-03-19T07:45:08+00:00\" \/>\n<meta property=\"og:image\" content=\"https:\/\/c-profil.se\/wp-content\/uploads\/2024\/11\/Ventilationspluggar-rostfria-CSBBVP-Ny.jpg\" \/>\n\t<meta property=\"og:image:width\" content=\"1000\" \/>\n\t<meta property=\"og:image:height\" content=\"1000\" \/>\n\t<meta property=\"og:image:type\" content=\"image\/jpeg\" \/>\n<meta name=\"twitter:card\" content=\"summary_large_image\" \/>\n<meta name=\"twitter:label1\" content=\"Price\" \/>\n\t<meta name=\"twitter:data1\" content=\"\" \/>\n\t<meta name=\"twitter:label2\" content=\"Availability\" \/>\n\t<meta name=\"twitter:data2\" content=\"In stock\" \/>\n<script type=\"application\/ld+json\" class=\"yoast-schema-graph\">{\"@context\":\"https:\\\/\\\/schema.org\",\"@graph\":[{\"@type\":\"WebPage\",\"@id\":\"https:\\\/\\\/c-profil.se\\\/produkt\\\/ventilationspluggar-rostfria\\\/\",\"url\":\"https:\\\/\\\/c-profil.se\\\/produkt\\\/ventilationspluggar-rostfria\\\/\",\"name\":\"Ventilationspluggar | Rostfria - C-Pro\",\"isPartOf\":{\"@id\":\"https:\\\/\\\/c-profil.se\\\/#website\"},\"primaryImageOfPage\":{\"@id\":\"https:\\\/\\\/c-profil.se\\\/produkt\\\/ventilationspluggar-rostfria\\\/#primaryimage\"},\"image\":{\"@id\":\"https:\\\/\\\/c-profil.se\\\/produkt\\\/ventilationspluggar-rostfria\\\/#primaryimage\"},\"thumbnailUrl\":\"https:\\\/\\\/c-profil.se\\\/wp-content\\\/uploads\\\/2024\\\/11\\\/Ventilationspluggar-rostfria-CSBBVP-Ny.jpg\",\"datePublished\":\"2024-11-01T12:00:00+00:00\",\"dateModified\":\"2026-03-19T07:45:08+00:00\",\"description\":\"Skydda dina industriella applikationer med v\u00e5ra Ventilationspluggar Rostfria. Optimal ventilation och p\u00e5litlig prestanda i kr\u00e4vande milj\u00f6er.\",\"breadcrumb\":{\"@id\":\"https:\\\/\\\/c-profil.se\\\/produkt\\\/ventilationspluggar-rostfria\\\/#breadcrumb\"},\"inLanguage\":\"en\",\"potentialAction\":[{\"@type\":\"ReadAction\",\"target\":[\"https:\\\/\\\/c-profil.se\\\/produkt\\\/ventilationspluggar-rostfria\\\/\"]}]},{\"@type\":\"ImageObject\",\"inLanguage\":\"en\",\"@id\":\"https:\\\/\\\/c-profil.se\\\/produkt\\\/ventilationspluggar-rostfria\\\/#primaryimage\",\"url\":\"https:\\\/\\\/c-profil.se\\\/wp-content\\\/uploads\\\/2024\\\/11\\\/Ventilationspluggar-rostfria-CSBBVP-Ny.jpg\",\"contentUrl\":\"https:\\\/\\\/c-profil.se\\\/wp-content\\\/uploads\\\/2024\\\/11\\\/Ventilationspluggar-rostfria-CSBBVP-Ny.jpg\",\"width\":1000,\"height\":1000,\"caption\":\"Ventilationspluggar rostfria \\\/ CSBBVP\"},{\"@type\":\"BreadcrumbList\",\"@id\":\"https:\\\/\\\/c-profil.se\\\/produkt\\\/ventilationspluggar-rostfria\\\/#breadcrumb\",\"itemListElement\":[{\"@type\":\"ListItem\",\"position\":1,\"name\":\"Hem\",\"item\":\"https:\\\/\\\/c-profil.se\\\/\"},{\"@type\":\"ListItem\",\"position\":2,\"name\":\"Produkter\",\"item\":\"https:\\\/\\\/c-profil.se\\\/produkter\\\/\"},{\"@type\":\"ListItem\",\"position\":3,\"name\":\"Ventilation &amp; Dr\u00e4nering\",\"item\":\"https:\\\/\\\/c-profil.se\\\/produkt-kategori\\\/ventilation-dranering\\\/\"},{\"@type\":\"ListItem\",\"position\":4,\"name\":\"Ventilationspluggar | Rostfria\"}]},{\"@type\":\"WebSite\",\"@id\":\"https:\\\/\\\/c-profil.se\\\/#website\",\"url\":\"https:\\\/\\\/c-profil.se\\\/\",\"name\":\"C-Pro\",\"description\":\"Produkter f\u00f6r El och Automation\",\"publisher\":{\"@id\":\"https:\\\/\\\/c-profil.se\\\/#organization\"},\"potentialAction\":[{\"@type\":\"SearchAction\",\"target\":{\"@type\":\"EntryPoint\",\"urlTemplate\":\"https:\\\/\\\/c-profil.se\\\/?s={search_term_string}\"},\"query-input\":{\"@type\":\"PropertyValueSpecification\",\"valueRequired\":true,\"valueName\":\"search_term_string\"}}],\"inLanguage\":\"en\"},{\"@type\":\"Organization\",\"@id\":\"https:\\\/\\\/c-profil.se\\\/#organization\",\"name\":\"C-Pro\",\"alternateName\":\"C-PRO\",\"url\":\"https:\\\/\\\/c-profil.se\\\/\",\"logo\":{\"@type\":\"ImageObject\",\"inLanguage\":\"en\",\"@id\":\"https:\\\/\\\/c-profil.se\\\/#\\\/schema\\\/logo\\\/image\\\/\",\"url\":\"https:\\\/\\\/c-profil.se\\\/wp-content\\\/uploads\\\/2022\\\/03\\\/c-pro-logga-liggande-500x500-1.png\",\"contentUrl\":\"https:\\\/\\\/c-profil.se\\\/wp-content\\\/uploads\\\/2022\\\/03\\\/c-pro-logga-liggande-500x500-1.png\",\"width\":500,\"height\":500,\"caption\":\"C-Pro\"},\"image\":{\"@id\":\"https:\\\/\\\/c-profil.se\\\/#\\\/schema\\\/logo\\\/image\\\/\"},\"sameAs\":[\"https:\\\/\\\/www.facebook.com\\\/people\\\/C-Pro\\\/61561767306874\\\/\",\"https:\\\/\\\/www.linkedin.com\\\/company\\\/c-pro-ab\",\"https:\\\/\\\/www.instagram.com\\\/cpro.ab\\\/\"],\"description\":\"C-PRO AB \u00e4r en helt\u00e4ckande leverant\u00f6r av material f\u00f6r applikationer inom el och automation. \u00c4nda sedan starten 1987 har vi f\u00f6rsett den svenska tillverkande industrin med elmaterial. Trots v\u00e5r storlek och ledande position har vi aldrig \u00f6vergett v\u00e5r grundfilosofi, att vara en personlig leverant\u00f6r. Vi p\u00e5 C-PRO \u00e4r l\u00e4tta att komma i kontakt med, \u00e4rliga och brinner f\u00f6r att l\u00f6sa v\u00e5ra kunders problem.\",\"email\":\"info@c-profil.se\",\"telephone\":\"031575785\",\"legalName\":\"C-Profil F\u00f6rl\u00e4ggningsmaterial AB\",\"foundingDate\":\"1987-01-01\"}]}<\/script>\n<meta property=\"product:brand\" content=\"klimatisering av apparatsk\u00e5p\" \/>\n<meta property=\"product:price:currency\" content=\"SEK\" \/>\n<meta property=\"og:availability\" content=\"instock\" \/>\n<meta property=\"product:availability\" content=\"instock\" \/>\n<meta property=\"product:retailer_item_id\" content=\"Ventilationspluggar | Rostfria\" \/>\n<meta property=\"product:condition\" content=\"new\" \/>\n<!-- \/ Yoast SEO Premium plugin. -->","yoast_head_json":{"title":"Ventilation Plugs | Stainless Steel - C-Pro","description":"Protect your industrial applications with our Stainless Steel Ventilation Plugs. Optimal ventilation and reliable performance in demanding environments.","robots":{"index":"index","follow":"follow","max-snippet":"max-snippet:-1","max-image-preview":"max-image-preview:large","max-video-preview":"max-video-preview:-1"},"canonical":"https:\/\/c-profil.se\/english\/product\/stainless-steel-ventilation-plugs\/","og_locale":"en_US","og_type":"article","og_title":"Ventilationspluggar | Rostfria - C-Pro","og_description":"V\u00e5ra Ventilationspluggar rostfria \u00e4r designade f\u00f6r att m\u00f6ta de tuffaste industriella utmaningarna. Dessa robusta pluggar erbjuder enast\u00e5ende prestanda och tillf\u00f6rlitlighet i kr\u00e4vande applikationer. V\u00e5ra Rostfria Ventilationspluggar \u00e4r det idealiska valet f\u00f6r industriella standardapplikationer som kr\u00e4ver p\u00e5litlig prestanda i utmanande milj\u00f6er. Dessa pluggar s\u00e4kerst\u00e4ller optimal ventilation och skydd f\u00f6r dina k\u00e4nsliga komponenter, vilket f\u00f6rl\u00e4nger livsl\u00e4ngden p\u00e5 din utrustning och minimerar underh\u00e5llsbehoven. Uppgradera dina industriella applikationer med v\u00e5ra Rostfria Ventilationspluggar \u2013 den perfekta l\u00f6sningen f\u00f6r kr\u00e4vande milj\u00f6er d\u00e4r tillf\u00f6rlitlighet \u00e4r avg\u00f6rande.    F\u00f6r industriella standardapplikationer i tuffa milj\u00f6er.  Membranegenskaper: hydrofob, oleofob.  Balanserar tryckskillnader mellan inre bostad och yttermilj\u00f6.  F\u00f6rhindrar skador beroende p\u00e5 tryckskillnader.  F\u00f6rhindrar bildandet av vattenkondens i t\u00e4tt slutna kapslingar.","og_url":"https:\/\/c-profil.se\/english\/product\/stainless-steel-ventilation-plugs\/","og_site_name":"C-Pro","article_publisher":"https:\/\/www.facebook.com\/people\/C-Pro\/61561767306874\/","article_modified_time":"2026-03-19T07:45:08+00:00","og_image":[{"width":1000,"height":1000,"url":"https:\/\/c-profil.se\/wp-content\/uploads\/2024\/11\/Ventilationspluggar-rostfria-CSBBVP-Ny.jpg","type":"image\/jpeg"}],"twitter_card":"summary_large_image","twitter_misc":{"Price":"","Availability":"In stock"},"schema":{"@context":"https:\/\/schema.org","@graph":[{"@type":"WebPage","@id":"https:\/\/c-profil.se\/produkt\/ventilationspluggar-rostfria\/","url":"https:\/\/c-profil.se\/produkt\/ventilationspluggar-rostfria\/","name":"Ventilation Plugs | Stainless Steel - C-Pro","isPartOf":{"@id":"https:\/\/c-profil.se\/#website"},"primaryImageOfPage":{"@id":"https:\/\/c-profil.se\/produkt\/ventilationspluggar-rostfria\/#primaryimage"},"image":{"@id":"https:\/\/c-profil.se\/produkt\/ventilationspluggar-rostfria\/#primaryimage"},"thumbnailUrl":"https:\/\/c-profil.se\/wp-content\/uploads\/2024\/11\/Ventilationspluggar-rostfria-CSBBVP-Ny.jpg","datePublished":"2024-11-01T12:00:00+00:00","dateModified":"2026-03-19T07:45:08+00:00","description":"Protect your industrial applications with our Stainless Steel Ventilation Plugs. Optimal ventilation and reliable performance in demanding environments.","breadcrumb":{"@id":"https:\/\/c-profil.se\/produkt\/ventilationspluggar-rostfria\/#breadcrumb"},"inLanguage":"en","potentialAction":[{"@type":"ReadAction","target":["https:\/\/c-profil.se\/produkt\/ventilationspluggar-rostfria\/"]}]},{"@type":"ImageObject","inLanguage":"en","@id":"https:\/\/c-profil.se\/produkt\/ventilationspluggar-rostfria\/#primaryimage","url":"https:\/\/c-profil.se\/wp-content\/uploads\/2024\/11\/Ventilationspluggar-rostfria-CSBBVP-Ny.jpg","contentUrl":"https:\/\/c-profil.se\/wp-content\/uploads\/2024\/11\/Ventilationspluggar-rostfria-CSBBVP-Ny.jpg","width":1000,"height":1000,"caption":"Ventilationspluggar rostfria \/ CSBBVP"},{"@type":"BreadcrumbList","@id":"https:\/\/c-profil.se\/produkt\/ventilationspluggar-rostfria\/#breadcrumb","itemListElement":[{"@type":"ListItem","position":1,"name":"Hem","item":"https:\/\/c-profil.se\/"},{"@type":"ListItem","position":2,"name":"Produkter","item":"https:\/\/c-profil.se\/produkter\/"},{"@type":"ListItem","position":3,"name":"Ventilation &amp; Dr\u00e4nering","item":"https:\/\/c-profil.se\/produkt-kategori\/ventilation-dranering\/"},{"@type":"ListItem","position":4,"name":"Ventilationspluggar | Rostfria"}]},{"@type":"WebSite","@id":"https:\/\/c-profil.se\/#website","url":"https:\/\/c-profil.se\/","name":"C-Pro","description":"Products for Electricity and Automation","publisher":{"@id":"https:\/\/c-profil.se\/#organization"},"potentialAction":[{"@type":"SearchAction","target":{"@type":"EntryPoint","urlTemplate":"https:\/\/c-profil.se\/?s={search_term_string}"},"query-input":{"@type":"PropertyValueSpecification","valueRequired":true,"valueName":"search_term_string"}}],"inLanguage":"en"},{"@type":"Organization","@id":"https:\/\/c-profil.se\/#organization","name":"C-Pro","alternateName":"C-PRO","url":"https:\/\/c-profil.se\/","logo":{"@type":"ImageObject","inLanguage":"en","@id":"https:\/\/c-profil.se\/#\/schema\/logo\/image\/","url":"https:\/\/c-profil.se\/wp-content\/uploads\/2022\/03\/c-pro-logga-liggande-500x500-1.png","contentUrl":"https:\/\/c-profil.se\/wp-content\/uploads\/2022\/03\/c-pro-logga-liggande-500x500-1.png","width":500,"height":500,"caption":"C-Pro"},"image":{"@id":"https:\/\/c-profil.se\/#\/schema\/logo\/image\/"},"sameAs":["https:\/\/www.facebook.com\/people\/C-Pro\/61561767306874\/","https:\/\/www.linkedin.com\/company\/c-pro-ab","https:\/\/www.instagram.com\/cpro.ab\/"],"description":"C-PRO AB is a comprehensive supplier of materials for applications in electricity and automation. Ever since the start in 1987, we have supplied the Swedish manufacturing industry with electrical materials. Despite our size and leading position, we have never abandoned our basic philosophy, to be a personal supplier. We at C-PRO are easy to get in touch with, honest and passionate about solving our customers&#039; problems.","email":"info@c-profil.se","telephone":"031575785","legalName":"C-Profil F\u00f6rl\u00e4ggningsmaterial AB","foundingDate":"1987-01-01"}]},"product_brand":"klimatisering av apparatsk\u00e5p","product_price_currency":"SEK","og_availability":"instock","product_availability":"instock","product_retailer_item_id":"Ventilationspluggar | Rostfria","product_condition":"new"},"_links":{"self":[{"href":"https:\/\/c-profil.se\/english\/wp-json\/wp\/v2\/product\/50189","targetHints":{"allow":["GET"]}}],"collection":[{"href":"https:\/\/c-profil.se\/english\/wp-json\/wp\/v2\/product"}],"about":[{"href":"https:\/\/c-profil.se\/english\/wp-json\/wp\/v2\/types\/product"}],"version-history":[{"count":12,"href":"https:\/\/c-profil.se\/english\/wp-json\/wp\/v2\/product\/50189\/revisions"}],"predecessor-version":[{"id":74379,"href":"https:\/\/c-profil.se\/english\/wp-json\/wp\/v2\/product\/50189\/revisions\/74379"}],"wp:featuredmedia":[{"embeddable":true,"href":"https:\/\/c-profil.se\/english\/wp-json\/wp\/v2\/media\/55680"}],"wp:attachment":[{"href":"https:\/\/c-profil.se\/english\/wp-json\/wp\/v2\/media?parent=50189"}],"wp:term":[{"taxonomy":"product_brand","embeddable":true,"href":"https:\/\/c-profil.se\/english\/wp-json\/wp\/v2\/product_brand?post=50189"},{"taxonomy":"product_cat","embeddable":true,"href":"https:\/\/c-profil.se\/english\/wp-json\/wp\/v2\/product_cat?post=50189"},{"taxonomy":"product_tag","embeddable":true,"href":"https:\/\/c-profil.se\/english\/wp-json\/wp\/v2\/product_tag?post=50189"}],"curies":[{"name":"wp","href":"https:\/\/api.w.org\/{rel}","templated":true}]}}