{"id":50177,"date":"2024-11-01T11:13:00","date_gmt":"2024-11-01T10:13:00","guid":{"rendered":"https:\/\/c-profil.se\/?post_type=product&#038;p=50177"},"modified":"2026-03-19T14:48:46","modified_gmt":"2026-03-19T13:48:46","slug":"hexagonal-polyamide-plugs","status":"publish","type":"product","link":"https:\/\/c-profil.se\/english\/produkt\/pluggar-hexagonala-polyamid\/","title":{"rendered":"Hexagonal Plugs | Polyamide"},"content":{"rendered":"<p><strong>Hexagonal polyamide plugs are intended for sealing holes where no cable entry is used<\/strong>, in enclosures and cabinets.<br \/>\nThe plug is easily installed with a wrench and provides a secure seal in industrial environments.<\/p>","protected":false},"excerpt":{"rendered":"<p>Hexagonal polyamide plugs offer a reliable solution for your industrial sealing needs, with a perfect combination of durability, functionality and ease of installation. Discover our high-quality hexagonal polyamide plugs, perfect for industrial standard applications. These robust plugs are designed to effectively seal holes where no cable gland is used, ensuring optimal performance and protection in demanding environments.<\/p>\n<ul>\n<li>For standard industrial applications.<\/li>\n<li>Seal of housing hole when no cable gland is used.<\/li>\n<li>To fasten with spanner.<\/li>\n<\/ul>","protected":false},"featured_media":55630,"template":"","meta":{"_acf_changed":false},"product_brand":[734],"product_cat":[627],"product_tag":[938,1005,939],"class_list":{"0":"post-50177","1":"product","2":"type-product","3":"status-publish","4":"has-post-thumbnail","6":"product_brand-bimed","7":"product_cat-tillbehor-kabelforskruvningar","8":"product_tag-kabelinforing","9":"product_tag-platbearbetning","10":"product_tag-tatning","12":"first","13":"instock","14":"shipping-taxable","15":"product-type-simple"},"acf":[],"yoast_head":"<!-- This site is optimized with the Yoast SEO Premium plugin v27.5 (Yoast SEO v27.5) - https:\/\/yoast.com\/product\/yoast-seo-premium-wordpress\/ -->\n<title>Pluggar Hexagonala | Polyamid - C-Pro<\/title>\n<meta name=\"description\" content=\"S\u00e4kra och h\u00e5llbara! V\u00e5ra hexagonala polyamidpluggar \u00e4r den perfekta l\u00f6sningen f\u00f6r industriella t\u00e4tningsbehov. Uppt\u00e4ck v\u00e5rt sortiment idag.\" \/>\n<meta name=\"robots\" content=\"index, follow, max-snippet:-1, max-image-preview:large, max-video-preview:-1\" \/>\n<link rel=\"canonical\" href=\"https:\/\/c-profil.se\/english\/product\/hexagonal-polyamide-plugs\/\" \/>\n<meta property=\"og:locale\" content=\"en_US\" \/>\n<meta property=\"og:type\" content=\"article\" \/>\n<meta property=\"og:title\" content=\"Pluggar Hexagonala | Polyamid - C-Pro\" \/>\n<meta property=\"og:description\" content=\"Pluggar hexagonala polyamid erbjuder en p\u00e5litlig l\u00f6sning f\u00f6r dina industriella t\u00e4tningsbehov, med en perfekt kombination av h\u00e5llbarhet, funktionalitet och enkel installation. Uppt\u00e4ck v\u00e5ra h\u00f6gkvalitativa hexagonala polyamidpluggar, perfekta f\u00f6r industriella standardapplikationer. Dessa robusta pluggar \u00e4r designade f\u00f6r att effektivt t\u00e4ta h\u00e5l d\u00e4r ingen kabelgenomf\u00f6ring anv\u00e4nds, vilket s\u00e4kerst\u00e4ller optimal prestanda och skydd i kr\u00e4vande milj\u00f6er.   F\u00f6r industriella standardapplikationer.  T\u00e4tning av h\u00e5l d\u00e4r ingen kabelgenomf\u00f6ring anv\u00e4nds.  Skruvas \u00e5t med skiftnyckel\" \/>\n<meta property=\"og:url\" content=\"https:\/\/c-profil.se\/english\/product\/hexagonal-polyamide-plugs\/\" \/>\n<meta property=\"og:site_name\" content=\"C-Pro\" \/>\n<meta property=\"article:publisher\" content=\"https:\/\/www.facebook.com\/people\/C-Pro\/61561767306874\/\" \/>\n<meta property=\"article:modified_time\" content=\"2026-03-19T13:48:46+00:00\" \/>\n<meta property=\"og:image\" content=\"https:\/\/c-profil.se\/wp-content\/uploads\/2024\/11\/Pluggar-hexagonala-polyamid-CBMBS-Ny.jpg\" \/>\n\t<meta property=\"og:image:width\" content=\"1000\" \/>\n\t<meta property=\"og:image:height\" content=\"1000\" \/>\n\t<meta property=\"og:image:type\" content=\"image\/jpeg\" \/>\n<meta name=\"twitter:card\" content=\"summary_large_image\" \/>\n<meta name=\"twitter:label1\" content=\"Price\" \/>\n\t<meta name=\"twitter:data1\" content=\"\" \/>\n\t<meta name=\"twitter:label2\" content=\"Availability\" \/>\n\t<meta name=\"twitter:data2\" content=\"In stock\" \/>\n<script type=\"application\/ld+json\" class=\"yoast-schema-graph\">{\"@context\":\"https:\\\/\\\/schema.org\",\"@graph\":[{\"@type\":\"WebPage\",\"@id\":\"https:\\\/\\\/c-profil.se\\\/produkt\\\/pluggar-hexagonala-polyamid\\\/\",\"url\":\"https:\\\/\\\/c-profil.se\\\/produkt\\\/pluggar-hexagonala-polyamid\\\/\",\"name\":\"Pluggar Hexagonala | Polyamid - C-Pro\",\"isPartOf\":{\"@id\":\"https:\\\/\\\/c-profil.se\\\/#website\"},\"primaryImageOfPage\":{\"@id\":\"https:\\\/\\\/c-profil.se\\\/produkt\\\/pluggar-hexagonala-polyamid\\\/#primaryimage\"},\"image\":{\"@id\":\"https:\\\/\\\/c-profil.se\\\/produkt\\\/pluggar-hexagonala-polyamid\\\/#primaryimage\"},\"thumbnailUrl\":\"https:\\\/\\\/c-profil.se\\\/wp-content\\\/uploads\\\/2024\\\/11\\\/Pluggar-hexagonala-polyamid-CBMBS-Ny.jpg\",\"datePublished\":\"2024-11-01T10:13:00+00:00\",\"dateModified\":\"2026-03-19T13:48:46+00:00\",\"description\":\"S\u00e4kra och h\u00e5llbara! V\u00e5ra hexagonala polyamidpluggar \u00e4r den perfekta l\u00f6sningen f\u00f6r industriella t\u00e4tningsbehov. Uppt\u00e4ck v\u00e5rt sortiment idag.\",\"breadcrumb\":{\"@id\":\"https:\\\/\\\/c-profil.se\\\/produkt\\\/pluggar-hexagonala-polyamid\\\/#breadcrumb\"},\"inLanguage\":\"en\",\"potentialAction\":[{\"@type\":\"ReadAction\",\"target\":[\"https:\\\/\\\/c-profil.se\\\/produkt\\\/pluggar-hexagonala-polyamid\\\/\"]}]},{\"@type\":\"ImageObject\",\"inLanguage\":\"en\",\"@id\":\"https:\\\/\\\/c-profil.se\\\/produkt\\\/pluggar-hexagonala-polyamid\\\/#primaryimage\",\"url\":\"https:\\\/\\\/c-profil.se\\\/wp-content\\\/uploads\\\/2024\\\/11\\\/Pluggar-hexagonala-polyamid-CBMBS-Ny.jpg\",\"contentUrl\":\"https:\\\/\\\/c-profil.se\\\/wp-content\\\/uploads\\\/2024\\\/11\\\/Pluggar-hexagonala-polyamid-CBMBS-Ny.jpg\",\"width\":1000,\"height\":1000,\"caption\":\"Pluggar hexagonala polyamid CBMBS\"},{\"@type\":\"BreadcrumbList\",\"@id\":\"https:\\\/\\\/c-profil.se\\\/produkt\\\/pluggar-hexagonala-polyamid\\\/#breadcrumb\",\"itemListElement\":[{\"@type\":\"ListItem\",\"position\":1,\"name\":\"Hem\",\"item\":\"https:\\\/\\\/c-profil.se\\\/\"},{\"@type\":\"ListItem\",\"position\":2,\"name\":\"Produkter\",\"item\":\"https:\\\/\\\/c-profil.se\\\/produkter\\\/\"},{\"@type\":\"ListItem\",\"position\":3,\"name\":\"Tillbeh\u00f6r kabelf\u00f6rskruvningar\",\"item\":\"https:\\\/\\\/c-profil.se\\\/produkt-kategori\\\/tillbehor-kabelforskruvningar\\\/\"},{\"@type\":\"ListItem\",\"position\":4,\"name\":\"Pluggar Hexagonala | Polyamid\"}]},{\"@type\":\"WebSite\",\"@id\":\"https:\\\/\\\/c-profil.se\\\/#website\",\"url\":\"https:\\\/\\\/c-profil.se\\\/\",\"name\":\"C-Pro\",\"description\":\"Produkter f\u00f6r El och Automation\",\"publisher\":{\"@id\":\"https:\\\/\\\/c-profil.se\\\/#organization\"},\"potentialAction\":[{\"@type\":\"SearchAction\",\"target\":{\"@type\":\"EntryPoint\",\"urlTemplate\":\"https:\\\/\\\/c-profil.se\\\/?s={search_term_string}\"},\"query-input\":{\"@type\":\"PropertyValueSpecification\",\"valueRequired\":true,\"valueName\":\"search_term_string\"}}],\"inLanguage\":\"en\"},{\"@type\":\"Organization\",\"@id\":\"https:\\\/\\\/c-profil.se\\\/#organization\",\"name\":\"C-Pro\",\"alternateName\":\"C-PRO\",\"url\":\"https:\\\/\\\/c-profil.se\\\/\",\"logo\":{\"@type\":\"ImageObject\",\"inLanguage\":\"en\",\"@id\":\"https:\\\/\\\/c-profil.se\\\/#\\\/schema\\\/logo\\\/image\\\/\",\"url\":\"https:\\\/\\\/c-profil.se\\\/wp-content\\\/uploads\\\/2022\\\/03\\\/c-pro-logga-liggande-500x500-1.png\",\"contentUrl\":\"https:\\\/\\\/c-profil.se\\\/wp-content\\\/uploads\\\/2022\\\/03\\\/c-pro-logga-liggande-500x500-1.png\",\"width\":500,\"height\":500,\"caption\":\"C-Pro\"},\"image\":{\"@id\":\"https:\\\/\\\/c-profil.se\\\/#\\\/schema\\\/logo\\\/image\\\/\"},\"sameAs\":[\"https:\\\/\\\/www.facebook.com\\\/people\\\/C-Pro\\\/61561767306874\\\/\",\"https:\\\/\\\/www.linkedin.com\\\/company\\\/c-pro-ab\",\"https:\\\/\\\/www.instagram.com\\\/cpro.ab\\\/\"],\"description\":\"C-PRO AB \u00e4r en helt\u00e4ckande leverant\u00f6r av material f\u00f6r applikationer inom el och automation. \u00c4nda sedan starten 1987 har vi f\u00f6rsett den svenska tillverkande industrin med elmaterial. Trots v\u00e5r storlek och ledande position har vi aldrig \u00f6vergett v\u00e5r grundfilosofi, att vara en personlig leverant\u00f6r. Vi p\u00e5 C-PRO \u00e4r l\u00e4tta att komma i kontakt med, \u00e4rliga och brinner f\u00f6r att l\u00f6sa v\u00e5ra kunders problem.\",\"email\":\"info@c-profil.se\",\"telephone\":\"031575785\",\"legalName\":\"C-Profil F\u00f6rl\u00e4ggningsmaterial AB\",\"foundingDate\":\"1987-01-01\"}]}<\/script>\n<meta property=\"product:brand\" content=\"kabelinf\u00f6ring\" \/>\n<meta property=\"product:price:currency\" content=\"SEK\" \/>\n<meta property=\"og:availability\" content=\"instock\" \/>\n<meta property=\"product:availability\" content=\"instock\" \/>\n<meta property=\"product:retailer_item_id\" content=\"Pluggar Hexagonala | Polyamid\" \/>\n<meta property=\"product:condition\" content=\"new\" \/>\n<!-- \/ Yoast SEO Premium plugin. -->","yoast_head_json":{"title":"Hexagonal Plugs | Polyamide - C-Pro","description":"Safe and durable! Our hexagonal polyamide plugs are the perfect solution for industrial sealing needs. Discover our range today.","robots":{"index":"index","follow":"follow","max-snippet":"max-snippet:-1","max-image-preview":"max-image-preview:large","max-video-preview":"max-video-preview:-1"},"canonical":"https:\/\/c-profil.se\/english\/product\/hexagonal-polyamide-plugs\/","og_locale":"en_US","og_type":"article","og_title":"Pluggar Hexagonala | Polyamid - C-Pro","og_description":"Pluggar hexagonala polyamid erbjuder en p\u00e5litlig l\u00f6sning f\u00f6r dina industriella t\u00e4tningsbehov, med en perfekt kombination av h\u00e5llbarhet, funktionalitet och enkel installation. Uppt\u00e4ck v\u00e5ra h\u00f6gkvalitativa hexagonala polyamidpluggar, perfekta f\u00f6r industriella standardapplikationer. Dessa robusta pluggar \u00e4r designade f\u00f6r att effektivt t\u00e4ta h\u00e5l d\u00e4r ingen kabelgenomf\u00f6ring anv\u00e4nds, vilket s\u00e4kerst\u00e4ller optimal prestanda och skydd i kr\u00e4vande milj\u00f6er.   F\u00f6r industriella standardapplikationer.  T\u00e4tning av h\u00e5l d\u00e4r ingen kabelgenomf\u00f6ring anv\u00e4nds.  Skruvas \u00e5t med skiftnyckel","og_url":"https:\/\/c-profil.se\/english\/product\/hexagonal-polyamide-plugs\/","og_site_name":"C-Pro","article_publisher":"https:\/\/www.facebook.com\/people\/C-Pro\/61561767306874\/","article_modified_time":"2026-03-19T13:48:46+00:00","og_image":[{"width":1000,"height":1000,"url":"https:\/\/c-profil.se\/wp-content\/uploads\/2024\/11\/Pluggar-hexagonala-polyamid-CBMBS-Ny.jpg","type":"image\/jpeg"}],"twitter_card":"summary_large_image","twitter_misc":{"Price":"","Availability":"In stock"},"schema":{"@context":"https:\/\/schema.org","@graph":[{"@type":"WebPage","@id":"https:\/\/c-profil.se\/produkt\/pluggar-hexagonala-polyamid\/","url":"https:\/\/c-profil.se\/produkt\/pluggar-hexagonala-polyamid\/","name":"Hexagonal Plugs | Polyamide - C-Pro","isPartOf":{"@id":"https:\/\/c-profil.se\/#website"},"primaryImageOfPage":{"@id":"https:\/\/c-profil.se\/produkt\/pluggar-hexagonala-polyamid\/#primaryimage"},"image":{"@id":"https:\/\/c-profil.se\/produkt\/pluggar-hexagonala-polyamid\/#primaryimage"},"thumbnailUrl":"https:\/\/c-profil.se\/wp-content\/uploads\/2024\/11\/Pluggar-hexagonala-polyamid-CBMBS-Ny.jpg","datePublished":"2024-11-01T10:13:00+00:00","dateModified":"2026-03-19T13:48:46+00:00","description":"Safe and durable! Our hexagonal polyamide plugs are the perfect solution for industrial sealing needs. Discover our range today.","breadcrumb":{"@id":"https:\/\/c-profil.se\/produkt\/pluggar-hexagonala-polyamid\/#breadcrumb"},"inLanguage":"en","potentialAction":[{"@type":"ReadAction","target":["https:\/\/c-profil.se\/produkt\/pluggar-hexagonala-polyamid\/"]}]},{"@type":"ImageObject","inLanguage":"en","@id":"https:\/\/c-profil.se\/produkt\/pluggar-hexagonala-polyamid\/#primaryimage","url":"https:\/\/c-profil.se\/wp-content\/uploads\/2024\/11\/Pluggar-hexagonala-polyamid-CBMBS-Ny.jpg","contentUrl":"https:\/\/c-profil.se\/wp-content\/uploads\/2024\/11\/Pluggar-hexagonala-polyamid-CBMBS-Ny.jpg","width":1000,"height":1000,"caption":"Pluggar hexagonala polyamid CBMBS"},{"@type":"BreadcrumbList","@id":"https:\/\/c-profil.se\/produkt\/pluggar-hexagonala-polyamid\/#breadcrumb","itemListElement":[{"@type":"ListItem","position":1,"name":"Hem","item":"https:\/\/c-profil.se\/"},{"@type":"ListItem","position":2,"name":"Produkter","item":"https:\/\/c-profil.se\/produkter\/"},{"@type":"ListItem","position":3,"name":"Tillbeh\u00f6r kabelf\u00f6rskruvningar","item":"https:\/\/c-profil.se\/produkt-kategori\/tillbehor-kabelforskruvningar\/"},{"@type":"ListItem","position":4,"name":"Pluggar Hexagonala | Polyamid"}]},{"@type":"WebSite","@id":"https:\/\/c-profil.se\/#website","url":"https:\/\/c-profil.se\/","name":"C-Pro","description":"Products for Electricity and Automation","publisher":{"@id":"https:\/\/c-profil.se\/#organization"},"potentialAction":[{"@type":"SearchAction","target":{"@type":"EntryPoint","urlTemplate":"https:\/\/c-profil.se\/?s={search_term_string}"},"query-input":{"@type":"PropertyValueSpecification","valueRequired":true,"valueName":"search_term_string"}}],"inLanguage":"en"},{"@type":"Organization","@id":"https:\/\/c-profil.se\/#organization","name":"C-Pro","alternateName":"C-PRO","url":"https:\/\/c-profil.se\/","logo":{"@type":"ImageObject","inLanguage":"en","@id":"https:\/\/c-profil.se\/#\/schema\/logo\/image\/","url":"https:\/\/c-profil.se\/wp-content\/uploads\/2022\/03\/c-pro-logga-liggande-500x500-1.png","contentUrl":"https:\/\/c-profil.se\/wp-content\/uploads\/2022\/03\/c-pro-logga-liggande-500x500-1.png","width":500,"height":500,"caption":"C-Pro"},"image":{"@id":"https:\/\/c-profil.se\/#\/schema\/logo\/image\/"},"sameAs":["https:\/\/www.facebook.com\/people\/C-Pro\/61561767306874\/","https:\/\/www.linkedin.com\/company\/c-pro-ab","https:\/\/www.instagram.com\/cpro.ab\/"],"description":"C-PRO AB is a comprehensive supplier of materials for applications in electricity and automation. Ever since the start in 1987, we have supplied the Swedish manufacturing industry with electrical materials. Despite our size and leading position, we have never abandoned our basic philosophy, to be a personal supplier. We at C-PRO are easy to get in touch with, honest and passionate about solving our customers&#039; problems.","email":"info@c-profil.se","telephone":"031575785","legalName":"C-Profil F\u00f6rl\u00e4ggningsmaterial AB","foundingDate":"1987-01-01"}]},"product_brand":"kabelinf\u00f6ring","product_price_currency":"SEK","og_availability":"instock","product_availability":"instock","product_retailer_item_id":"Pluggar Hexagonala | Polyamid","product_condition":"new"},"_links":{"self":[{"href":"https:\/\/c-profil.se\/english\/wp-json\/wp\/v2\/product\/50177","targetHints":{"allow":["GET"]}}],"collection":[{"href":"https:\/\/c-profil.se\/english\/wp-json\/wp\/v2\/product"}],"about":[{"href":"https:\/\/c-profil.se\/english\/wp-json\/wp\/v2\/types\/product"}],"version-history":[{"count":13,"href":"https:\/\/c-profil.se\/english\/wp-json\/wp\/v2\/product\/50177\/revisions"}],"predecessor-version":[{"id":74262,"href":"https:\/\/c-profil.se\/english\/wp-json\/wp\/v2\/product\/50177\/revisions\/74262"}],"wp:featuredmedia":[{"embeddable":true,"href":"https:\/\/c-profil.se\/english\/wp-json\/wp\/v2\/media\/55630"}],"wp:attachment":[{"href":"https:\/\/c-profil.se\/english\/wp-json\/wp\/v2\/media?parent=50177"}],"wp:term":[{"taxonomy":"product_brand","embeddable":true,"href":"https:\/\/c-profil.se\/english\/wp-json\/wp\/v2\/product_brand?post=50177"},{"taxonomy":"product_cat","embeddable":true,"href":"https:\/\/c-profil.se\/english\/wp-json\/wp\/v2\/product_cat?post=50177"},{"taxonomy":"product_tag","embeddable":true,"href":"https:\/\/c-profil.se\/english\/wp-json\/wp\/v2\/product_tag?post=50177"}],"curies":[{"name":"wp","href":"https:\/\/api.w.org\/{rel}","templated":true}]}}