{"id":50086,"date":"2024-10-31T09:57:00","date_gmt":"2024-10-31T08:57:00","guid":{"rendered":"https:\/\/c-profil.se\/?post_type=product&#038;p=50086"},"modified":"2026-04-23T13:28:29","modified_gmt":"2026-04-23T12:28:29","slug":"cable-glands-hp-polyamide","status":"publish","type":"product","link":"https:\/\/c-profil.se\/english\/produkt\/kabelforskruvningar-hp-polyamid\/","title":{"rendered":"Cable glands | HP Polyamide"},"content":{"rendered":"<p><strong>Cable gland HP in polyamide is a high-performance industrial gland<\/strong>, developed for applications with very high demands on sealing, strain relief and reliability.<br \/>\nIt achieves protection class IP68 (10 bar) and IP69, offers strain relief Type B according to EN 62444 and tolerates drilling deviations thanks to its unique O-ring design.<\/p>","protected":false},"excerpt":{"rendered":"<p>Discover our innovative \u201cHigh Performance\u201d Cable Gland HP Polyamide, designed to meet the highest standards in industrial applications. This high performance cable gland combines superior functionality with easy installation to ensure optimal performance in demanding environments. The HP Polyamide cable gland is ideal for industrial standard applications that require reliable performance and high quality. It meets current international standards and offers a perfect balance between functionality and cost-effectiveness.<\/p>\n<ul>\n<li>For standard industrial applications that require high performance.<\/li>\n<li>UL94 V0 Flammability Rating<\/li>\n<li>High performace strain relief: Type B according to EN62444<\/li>\n<li>High performance sealing: IP68-10bar and IP69<\/li>\n<li>Unique o-ring chanel design.<\/li>\n<li>Drilling mistakes for enclosure hole are tolerated thanks to unique o-ring channel design. (For M20 thread size, the enclosure hole can be drilled up to \u00d821.7mm)<\/li>\n<li>UL and VDE certified along with various other approvals - see technical data for full details<\/li>\n<li>Easy assembly.<\/li>\n<li>High quality strain relief and sealing reliable performance for standard industrial applications.<\/li>\n<li>Current international approvals.<\/li>\n<\/ul>","protected":false},"featured_media":65350,"template":"","meta":{"_acf_changed":false},"product_brand":[734],"product_cat":[624],"product_tag":[1006,938,1005,939],"class_list":{"0":"post-50086","1":"product","2":"type-product","3":"status-publish","4":"has-post-thumbnail","6":"product_brand-bimed","7":"product_cat-kabelforskruvningar-i-plast","8":"product_tag-kabelforskruvning","9":"product_tag-kabelinforing","10":"product_tag-platbearbetning","11":"product_tag-tatning","13":"first","14":"instock","15":"shipping-taxable","16":"product-type-simple"},"acf":[],"yoast_head":"<!-- This site is optimized with the Yoast SEO Premium plugin v27.6 (Yoast SEO v27.6) - https:\/\/yoast.com\/product\/yoast-seo-premium-wordpress\/ -->\n<title>Kabelf\u00f6rskruvningar | HP Polyamid - C-Pro<\/title>\n<meta name=\"description\" content=\"Uppt\u00e4ck v\u00e5ra h\u00f6gpresterande Kabelf\u00f6rskruvningar HP Polyamid som uppfyller industriens h\u00f6gsta standarder. Tillf\u00f6rlitlig prestanda f\u00f6r kr\u00e4vande milj\u00f6er.\" \/>\n<meta name=\"robots\" content=\"index, follow, max-snippet:-1, max-image-preview:large, max-video-preview:-1\" \/>\n<link rel=\"canonical\" href=\"https:\/\/c-profil.se\/english\/product\/cable-glands-hp-polyamide\/\" \/>\n<meta property=\"og:locale\" content=\"en_US\" \/>\n<meta property=\"og:type\" content=\"article\" \/>\n<meta property=\"og:title\" content=\"Kabelf\u00f6rskruvningar | HP Polyamid - C-Pro\" \/>\n<meta property=\"og:description\" content=\"Uppt\u00e4ck v\u00e5r innovativa &quot;High Performance&quot; Kabelf\u00f6rskruvning HP Polyamid, designad f\u00f6r att m\u00f6ta de h\u00f6gsta standarderna inom industriella applikationer. Denna h\u00f6gpresterande f\u00f6rskruvning kombinerar \u00f6verl\u00e4gsen funktionalitet med enkel installation f\u00f6r att s\u00e4kerst\u00e4lla optimal prestanda i kr\u00e4vande milj\u00f6er. HP Polyamid kabelf\u00f6rskruvning \u00e4r idealisk f\u00f6r industriella standardapplikationer som kr\u00e4ver p\u00e5litlig prestanda och h\u00f6g kvalitet. Den uppfyller aktuella internationella standarder och erbjuder en perfekt balans mellan funktionalitet och kostnadseffektivitet.   F\u00f6r industriella standardapplikationer som kr\u00e4ver h\u00f6g prestanda.  UL94 V0 Brandklassning  H\u00f6gpresterande dragavlastning: Typ B enligt EN62444  H\u00f6gpresterande t\u00e4tning: IP68-10bar och IP69  Unik design p\u00e5 o-ring  Borrmisstag f\u00f6r kapslingsh\u00e5l tolereras tack vare unik design p\u00e5 o-ring. (F\u00f6r g\u00e4ngstorlek M20 kan h\u00e5let borras upp till \u00d821,7 mm)  UL- och VDE-certifierade tillsammans med flera andra godk\u00e4nnanden - se tekniska data f\u00f6r fullst\u00e4ndiga detaljer  Enkel montering.  H\u00f6gkvalitativ dragavlastning och t\u00e4tning tillf\u00f6rlitlig prestanda f\u00f6r industriella standardapplikationer.  Aktuella internationella godk\u00e4nnanden.\" \/>\n<meta property=\"og:url\" content=\"https:\/\/c-profil.se\/english\/product\/cable-glands-hp-polyamide\/\" \/>\n<meta property=\"og:site_name\" content=\"C-Pro\" \/>\n<meta property=\"article:publisher\" content=\"https:\/\/www.facebook.com\/people\/C-Pro\/61561767306874\/\" \/>\n<meta property=\"article:modified_time\" content=\"2026-04-23T12:28:29+00:00\" \/>\n<meta property=\"og:image\" content=\"https:\/\/c-profil.se\/wp-content\/uploads\/2024\/10\/Kabelforskruvningar-HP-Polyamid-CBHPM_1.jpg\" \/>\n\t<meta property=\"og:image:width\" content=\"1000\" \/>\n\t<meta property=\"og:image:height\" content=\"1000\" \/>\n\t<meta property=\"og:image:type\" content=\"image\/jpeg\" \/>\n<meta name=\"twitter:card\" content=\"summary_large_image\" \/>\n<meta name=\"twitter:label1\" content=\"Price\" \/>\n\t<meta name=\"twitter:data1\" content=\"\" \/>\n\t<meta name=\"twitter:label2\" content=\"Availability\" \/>\n\t<meta name=\"twitter:data2\" content=\"In stock\" \/>\n<script type=\"application\/ld+json\" class=\"yoast-schema-graph\">{\"@context\":\"https:\\\/\\\/schema.org\",\"@graph\":[{\"@type\":\"WebPage\",\"@id\":\"https:\\\/\\\/c-profil.se\\\/produkt\\\/kabelforskruvningar-hp-polyamid\\\/\",\"url\":\"https:\\\/\\\/c-profil.se\\\/produkt\\\/kabelforskruvningar-hp-polyamid\\\/\",\"name\":\"Kabelf\u00f6rskruvningar | HP Polyamid - C-Pro\",\"isPartOf\":{\"@id\":\"https:\\\/\\\/c-profil.se\\\/#website\"},\"primaryImageOfPage\":{\"@id\":\"https:\\\/\\\/c-profil.se\\\/produkt\\\/kabelforskruvningar-hp-polyamid\\\/#primaryimage\"},\"image\":{\"@id\":\"https:\\\/\\\/c-profil.se\\\/produkt\\\/kabelforskruvningar-hp-polyamid\\\/#primaryimage\"},\"thumbnailUrl\":\"https:\\\/\\\/c-profil.se\\\/wp-content\\\/uploads\\\/2024\\\/10\\\/Kabelforskruvningar-HP-Polyamid-CBHPM_1.jpg\",\"datePublished\":\"2024-10-31T08:57:00+00:00\",\"dateModified\":\"2026-04-23T12:28:29+00:00\",\"description\":\"Uppt\u00e4ck v\u00e5ra h\u00f6gpresterande Kabelf\u00f6rskruvningar HP Polyamid som uppfyller industriens h\u00f6gsta standarder. Tillf\u00f6rlitlig prestanda f\u00f6r kr\u00e4vande milj\u00f6er.\",\"breadcrumb\":{\"@id\":\"https:\\\/\\\/c-profil.se\\\/produkt\\\/kabelforskruvningar-hp-polyamid\\\/#breadcrumb\"},\"inLanguage\":\"en\",\"potentialAction\":[{\"@type\":\"ReadAction\",\"target\":[\"https:\\\/\\\/c-profil.se\\\/produkt\\\/kabelforskruvningar-hp-polyamid\\\/\"]}]},{\"@type\":\"ImageObject\",\"inLanguage\":\"en\",\"@id\":\"https:\\\/\\\/c-profil.se\\\/produkt\\\/kabelforskruvningar-hp-polyamid\\\/#primaryimage\",\"url\":\"https:\\\/\\\/c-profil.se\\\/wp-content\\\/uploads\\\/2024\\\/10\\\/Kabelforskruvningar-HP-Polyamid-CBHPM_1.jpg\",\"contentUrl\":\"https:\\\/\\\/c-profil.se\\\/wp-content\\\/uploads\\\/2024\\\/10\\\/Kabelforskruvningar-HP-Polyamid-CBHPM_1.jpg\",\"width\":1000,\"height\":1000,\"caption\":\"Kabelf\u00f6rskruvningar HP Polyamid CBHPM_1\"},{\"@type\":\"BreadcrumbList\",\"@id\":\"https:\\\/\\\/c-profil.se\\\/produkt\\\/kabelforskruvningar-hp-polyamid\\\/#breadcrumb\",\"itemListElement\":[{\"@type\":\"ListItem\",\"position\":1,\"name\":\"Hem\",\"item\":\"https:\\\/\\\/c-profil.se\\\/\"},{\"@type\":\"ListItem\",\"position\":2,\"name\":\"Produkter\",\"item\":\"https:\\\/\\\/c-profil.se\\\/produkter\\\/\"},{\"@type\":\"ListItem\",\"position\":3,\"name\":\"Kabelf\u00f6rskruvningar i Plast\",\"item\":\"https:\\\/\\\/c-profil.se\\\/produkt-kategori\\\/kabelforskruvningar-i-plast\\\/\"},{\"@type\":\"ListItem\",\"position\":4,\"name\":\"Kabelf\u00f6rskruvningar | HP Polyamid\"}]},{\"@type\":\"WebSite\",\"@id\":\"https:\\\/\\\/c-profil.se\\\/#website\",\"url\":\"https:\\\/\\\/c-profil.se\\\/\",\"name\":\"C-Pro\",\"description\":\"Produkter f\u00f6r El och Automation\",\"publisher\":{\"@id\":\"https:\\\/\\\/c-profil.se\\\/#organization\"},\"potentialAction\":[{\"@type\":\"SearchAction\",\"target\":{\"@type\":\"EntryPoint\",\"urlTemplate\":\"https:\\\/\\\/c-profil.se\\\/?s={search_term_string}\"},\"query-input\":{\"@type\":\"PropertyValueSpecification\",\"valueRequired\":true,\"valueName\":\"search_term_string\"}}],\"inLanguage\":\"en\"},{\"@type\":\"Organization\",\"@id\":\"https:\\\/\\\/c-profil.se\\\/#organization\",\"name\":\"C-Pro\",\"alternateName\":\"C-PRO\",\"url\":\"https:\\\/\\\/c-profil.se\\\/\",\"logo\":{\"@type\":\"ImageObject\",\"inLanguage\":\"en\",\"@id\":\"https:\\\/\\\/c-profil.se\\\/#\\\/schema\\\/logo\\\/image\\\/\",\"url\":\"https:\\\/\\\/c-profil.se\\\/wp-content\\\/uploads\\\/2022\\\/03\\\/c-pro-logga-liggande-500x500-1.png\",\"contentUrl\":\"https:\\\/\\\/c-profil.se\\\/wp-content\\\/uploads\\\/2022\\\/03\\\/c-pro-logga-liggande-500x500-1.png\",\"width\":500,\"height\":500,\"caption\":\"C-Pro\"},\"image\":{\"@id\":\"https:\\\/\\\/c-profil.se\\\/#\\\/schema\\\/logo\\\/image\\\/\"},\"sameAs\":[\"https:\\\/\\\/www.facebook.com\\\/people\\\/C-Pro\\\/61561767306874\\\/\",\"https:\\\/\\\/www.linkedin.com\\\/company\\\/c-pro-ab\",\"https:\\\/\\\/www.instagram.com\\\/cpro.ab\\\/\"],\"description\":\"C-PRO AB \u00e4r en helt\u00e4ckande leverant\u00f6r av material f\u00f6r applikationer inom el och automation. \u00c4nda sedan starten 1987 har vi f\u00f6rsett den svenska tillverkande industrin med elmaterial. Trots v\u00e5r storlek och ledande position har vi aldrig \u00f6vergett v\u00e5r grundfilosofi, att vara en personlig leverant\u00f6r. Vi p\u00e5 C-PRO \u00e4r l\u00e4tta att komma i kontakt med, \u00e4rliga och brinner f\u00f6r att l\u00f6sa v\u00e5ra kunders problem.\",\"email\":\"info@c-profil.se\",\"telephone\":\"031575785\",\"legalName\":\"C-Profil F\u00f6rl\u00e4ggningsmaterial AB\",\"foundingDate\":\"1987-01-01\"}]}<\/script>\n<meta property=\"product:brand\" content=\"kabelf\u00f6rskruvning\" \/>\n<meta property=\"product:price:currency\" content=\"SEK\" \/>\n<meta property=\"og:availability\" content=\"instock\" \/>\n<meta property=\"product:availability\" content=\"instock\" \/>\n<meta property=\"product:retailer_item_id\" content=\"Kabelf\u00f6rskruvningar | HP Polyamid\" \/>\n<meta property=\"product:condition\" content=\"new\" \/>\n<!-- \/ Yoast SEO Premium plugin. -->","yoast_head_json":{"title":"Cable glands | HP Polyamide - C-Pro","description":"Discover our high-performance cable glands HP Polyamide that meet the industry's highest standards. Reliable performance for demanding environments.","robots":{"index":"index","follow":"follow","max-snippet":"max-snippet:-1","max-image-preview":"max-image-preview:large","max-video-preview":"max-video-preview:-1"},"canonical":"https:\/\/c-profil.se\/english\/product\/cable-glands-hp-polyamide\/","og_locale":"en_US","og_type":"article","og_title":"Kabelf\u00f6rskruvningar | HP Polyamid - C-Pro","og_description":"Uppt\u00e4ck v\u00e5r innovativa \"High Performance\" Kabelf\u00f6rskruvning HP Polyamid, designad f\u00f6r att m\u00f6ta de h\u00f6gsta standarderna inom industriella applikationer. Denna h\u00f6gpresterande f\u00f6rskruvning kombinerar \u00f6verl\u00e4gsen funktionalitet med enkel installation f\u00f6r att s\u00e4kerst\u00e4lla optimal prestanda i kr\u00e4vande milj\u00f6er. HP Polyamid kabelf\u00f6rskruvning \u00e4r idealisk f\u00f6r industriella standardapplikationer som kr\u00e4ver p\u00e5litlig prestanda och h\u00f6g kvalitet. Den uppfyller aktuella internationella standarder och erbjuder en perfekt balans mellan funktionalitet och kostnadseffektivitet.   F\u00f6r industriella standardapplikationer som kr\u00e4ver h\u00f6g prestanda.  UL94 V0 Brandklassning  H\u00f6gpresterande dragavlastning: Typ B enligt EN62444  H\u00f6gpresterande t\u00e4tning: IP68-10bar och IP69  Unik design p\u00e5 o-ring  Borrmisstag f\u00f6r kapslingsh\u00e5l tolereras tack vare unik design p\u00e5 o-ring. (F\u00f6r g\u00e4ngstorlek M20 kan h\u00e5let borras upp till \u00d821,7 mm)  UL- och VDE-certifierade tillsammans med flera andra godk\u00e4nnanden - se tekniska data f\u00f6r fullst\u00e4ndiga detaljer  Enkel montering.  H\u00f6gkvalitativ dragavlastning och t\u00e4tning tillf\u00f6rlitlig prestanda f\u00f6r industriella standardapplikationer.  Aktuella internationella godk\u00e4nnanden.","og_url":"https:\/\/c-profil.se\/english\/product\/cable-glands-hp-polyamide\/","og_site_name":"C-Pro","article_publisher":"https:\/\/www.facebook.com\/people\/C-Pro\/61561767306874\/","article_modified_time":"2026-04-23T12:28:29+00:00","og_image":[{"width":1000,"height":1000,"url":"https:\/\/c-profil.se\/wp-content\/uploads\/2024\/10\/Kabelforskruvningar-HP-Polyamid-CBHPM_1.jpg","type":"image\/jpeg"}],"twitter_card":"summary_large_image","twitter_misc":{"Price":"","Availability":"In stock"},"schema":{"@context":"https:\/\/schema.org","@graph":[{"@type":"WebPage","@id":"https:\/\/c-profil.se\/produkt\/kabelforskruvningar-hp-polyamid\/","url":"https:\/\/c-profil.se\/produkt\/kabelforskruvningar-hp-polyamid\/","name":"Cable glands | HP Polyamide - C-Pro","isPartOf":{"@id":"https:\/\/c-profil.se\/#website"},"primaryImageOfPage":{"@id":"https:\/\/c-profil.se\/produkt\/kabelforskruvningar-hp-polyamid\/#primaryimage"},"image":{"@id":"https:\/\/c-profil.se\/produkt\/kabelforskruvningar-hp-polyamid\/#primaryimage"},"thumbnailUrl":"https:\/\/c-profil.se\/wp-content\/uploads\/2024\/10\/Kabelforskruvningar-HP-Polyamid-CBHPM_1.jpg","datePublished":"2024-10-31T08:57:00+00:00","dateModified":"2026-04-23T12:28:29+00:00","description":"Discover our high-performance cable glands HP Polyamide that meet the industry's highest standards. Reliable performance for demanding environments.","breadcrumb":{"@id":"https:\/\/c-profil.se\/produkt\/kabelforskruvningar-hp-polyamid\/#breadcrumb"},"inLanguage":"en","potentialAction":[{"@type":"ReadAction","target":["https:\/\/c-profil.se\/produkt\/kabelforskruvningar-hp-polyamid\/"]}]},{"@type":"ImageObject","inLanguage":"en","@id":"https:\/\/c-profil.se\/produkt\/kabelforskruvningar-hp-polyamid\/#primaryimage","url":"https:\/\/c-profil.se\/wp-content\/uploads\/2024\/10\/Kabelforskruvningar-HP-Polyamid-CBHPM_1.jpg","contentUrl":"https:\/\/c-profil.se\/wp-content\/uploads\/2024\/10\/Kabelforskruvningar-HP-Polyamid-CBHPM_1.jpg","width":1000,"height":1000,"caption":"Kabelf\u00f6rskruvningar HP Polyamid CBHPM_1"},{"@type":"BreadcrumbList","@id":"https:\/\/c-profil.se\/produkt\/kabelforskruvningar-hp-polyamid\/#breadcrumb","itemListElement":[{"@type":"ListItem","position":1,"name":"Hem","item":"https:\/\/c-profil.se\/"},{"@type":"ListItem","position":2,"name":"Produkter","item":"https:\/\/c-profil.se\/produkter\/"},{"@type":"ListItem","position":3,"name":"Kabelf\u00f6rskruvningar i Plast","item":"https:\/\/c-profil.se\/produkt-kategori\/kabelforskruvningar-i-plast\/"},{"@type":"ListItem","position":4,"name":"Kabelf\u00f6rskruvningar | HP Polyamid"}]},{"@type":"WebSite","@id":"https:\/\/c-profil.se\/#website","url":"https:\/\/c-profil.se\/","name":"C-Pro","description":"Products for Electricity and Automation","publisher":{"@id":"https:\/\/c-profil.se\/#organization"},"potentialAction":[{"@type":"SearchAction","target":{"@type":"EntryPoint","urlTemplate":"https:\/\/c-profil.se\/?s={search_term_string}"},"query-input":{"@type":"PropertyValueSpecification","valueRequired":true,"valueName":"search_term_string"}}],"inLanguage":"en"},{"@type":"Organization","@id":"https:\/\/c-profil.se\/#organization","name":"C-Pro","alternateName":"C-PRO","url":"https:\/\/c-profil.se\/","logo":{"@type":"ImageObject","inLanguage":"en","@id":"https:\/\/c-profil.se\/#\/schema\/logo\/image\/","url":"https:\/\/c-profil.se\/wp-content\/uploads\/2022\/03\/c-pro-logga-liggande-500x500-1.png","contentUrl":"https:\/\/c-profil.se\/wp-content\/uploads\/2022\/03\/c-pro-logga-liggande-500x500-1.png","width":500,"height":500,"caption":"C-Pro"},"image":{"@id":"https:\/\/c-profil.se\/#\/schema\/logo\/image\/"},"sameAs":["https:\/\/www.facebook.com\/people\/C-Pro\/61561767306874\/","https:\/\/www.linkedin.com\/company\/c-pro-ab","https:\/\/www.instagram.com\/cpro.ab\/"],"description":"C-PRO AB is a comprehensive supplier of materials for applications in electricity and automation. Ever since the start in 1987, we have supplied the Swedish manufacturing industry with electrical materials. Despite our size and leading position, we have never abandoned our basic philosophy, to be a personal supplier. We at C-PRO are easy to get in touch with, honest and passionate about solving our customers&#039; problems.","email":"info@c-profil.se","telephone":"031575785","legalName":"C-Profil F\u00f6rl\u00e4ggningsmaterial AB","foundingDate":"1987-01-01"}]},"product_brand":"kabelf\u00f6rskruvning","product_price_currency":"SEK","og_availability":"instock","product_availability":"instock","product_retailer_item_id":"Kabelf\u00f6rskruvningar | HP Polyamid","product_condition":"new"},"_links":{"self":[{"href":"https:\/\/c-profil.se\/english\/wp-json\/wp\/v2\/product\/50086","targetHints":{"allow":["GET"]}}],"collection":[{"href":"https:\/\/c-profil.se\/english\/wp-json\/wp\/v2\/product"}],"about":[{"href":"https:\/\/c-profil.se\/english\/wp-json\/wp\/v2\/types\/product"}],"version-history":[{"count":15,"href":"https:\/\/c-profil.se\/english\/wp-json\/wp\/v2\/product\/50086\/revisions"}],"predecessor-version":[{"id":75173,"href":"https:\/\/c-profil.se\/english\/wp-json\/wp\/v2\/product\/50086\/revisions\/75173"}],"wp:featuredmedia":[{"embeddable":true,"href":"https:\/\/c-profil.se\/english\/wp-json\/wp\/v2\/media\/65350"}],"wp:attachment":[{"href":"https:\/\/c-profil.se\/english\/wp-json\/wp\/v2\/media?parent=50086"}],"wp:term":[{"taxonomy":"product_brand","embeddable":true,"href":"https:\/\/c-profil.se\/english\/wp-json\/wp\/v2\/product_brand?post=50086"},{"taxonomy":"product_cat","embeddable":true,"href":"https:\/\/c-profil.se\/english\/wp-json\/wp\/v2\/product_cat?post=50086"},{"taxonomy":"product_tag","embeddable":true,"href":"https:\/\/c-profil.se\/english\/wp-json\/wp\/v2\/product_tag?post=50086"}],"curies":[{"name":"wp","href":"https:\/\/api.w.org\/{rel}","templated":true}]}}