{"id":50049,"date":"2024-10-30T13:54:00","date_gmt":"2024-10-30T12:54:00","guid":{"rendered":"https:\/\/c-profil.se\/?post_type=product&#038;p=50049"},"modified":"2026-03-19T15:18:54","modified_gmt":"2026-03-19T14:18:54","slug":"cable-glands-emc-2-brass","status":"publish","type":"product","link":"https:\/\/c-profil.se\/english\/produkt\/kabelforkruvningar-emc-2-massing\/","title":{"rendered":"Cable glands | EMC 2"},"content":{"rendered":"<p><strong>Cable gland EMC 2 in brass is an EMC-protected cable gland for metal enclosures and machines<\/strong>, designed for applications where electromagnetic compatibility is crucial.<br \/>\nThe strong contact spring ensures long-lasting 360\u00b0 contact with the cable shield and provides easy, reliable installation in demanding EMC environments.<\/p>","protected":false},"excerpt":{"rendered":"<p class=\"ai-optimize-introduction ai-optimize-32\" data-pm-slice=\"1 1 []\">Cable glands EMC 2 Brass. Discover our specially designed EMC-protective cable glands. They combine superior performance with easy installation. EMC 2 is the perfect solution for your most demanding applications in electromagnetic compatibility. Ideal for metal machinery and enclosures where EMC protection is essential for optimal performance and safety. Choose EMC 2 for a reliable, efficient and long-lasting solution to your EMC challenges. With its combination of advanced technology and user-friendly design, this product is an indispensable addition to your industrial toolbox.<\/p>\n<ul>\n<li class=\"ai-optimize-33\">Specially designed EMC protective cable glands.<\/li>\n<li class=\"ai-optimize-34\">Long-lasting contact by high definition contact spring<\/li>\n<li class=\"ai-optimize-35\">Easy assembly:\n<ul>\n<li class=\"ai-optimize-36\">1- install cable gland<\/li>\n<li class=\"ai-optimize-37\">2- prepare cable sheath<\/li>\n<li class=\"ai-optimize-38\">3- insert cable<\/li>\n<li class=\"ai-optimize-39\">4- tighten cap<\/li>\n<\/ul>\n<\/li>\n<li class=\"ai-optimize-40\">High quality strain relief and sealing, reliable performance for EMC applications.<\/li>\n<li class=\"ai-optimize-41\">UL and VDE certified along with various other approvals - see technical data for full details<\/li>\n<\/ul>","protected":false},"featured_media":55654,"template":"","meta":{"_acf_changed":false},"product_brand":[734],"product_cat":[626],"product_tag":[991,1006,938,1005,957],"class_list":{"0":"post-50049","1":"product","2":"type-product","3":"status-publish","4":"has-post-thumbnail","6":"product_brand-bimed","7":"product_cat-kabelforskruvningar-emc","8":"product_tag-emc","9":"product_tag-kabelforskruvning","10":"product_tag-kabelinforing","11":"product_tag-platbearbetning","12":"product_tag-potentialutjamning","14":"first","15":"instock","16":"shipping-taxable","17":"product-type-simple"},"acf":[],"yoast_head":"<!-- This site is optimized with the Yoast SEO Premium plugin v27.5 (Yoast SEO v27.5) - https:\/\/yoast.com\/product\/yoast-seo-premium-wordpress\/ -->\n<title>Kabelf\u00f6rskruvningar | EMC 2 - C-Pro<\/title>\n<meta name=\"description\" content=\"S\u00e4kra och skydda dina kablar med v\u00e5ra Kabelf\u00f6rskruvningar EMC 2 M\u00e4ssing. EMC-skyddande kabelf\u00f6rskruvningar ger en tillf\u00f6rlitlig och l\u00e5ngvarig l\u00f6sning.\" \/>\n<meta name=\"robots\" content=\"index, follow, max-snippet:-1, max-image-preview:large, max-video-preview:-1\" \/>\n<link rel=\"canonical\" href=\"https:\/\/c-profil.se\/english\/product\/cable-glands-emc-2-brass\/\" \/>\n<meta property=\"og:locale\" content=\"en_US\" \/>\n<meta property=\"og:type\" content=\"article\" \/>\n<meta property=\"og:title\" content=\"Kabelf\u00f6rskruvningar | EMC 2 - C-Pro\" \/>\n<meta property=\"og:description\" content=\"Kabelf\u00f6rskruvningar EMC 2 M\u00e4ssing. uppt\u00e4ck v\u00e5ra specialdesignade EMC-skyddande kabelf\u00f6rskruvningar.\u00a0 De kombinerar \u00f6verl\u00e4gsen prestanda med enkel installation. EMC 2 \u00e4r den perfekta l\u00f6sningen f\u00f6r dina mest kr\u00e4vande applikationer inom elektromagnetisk kompatibilitet. Idealisk f\u00f6r metallmaskiner och h\u00f6ljen d\u00e4r EMC-skydd \u00e4r avg\u00f6rande f\u00f6r optimal prestanda och s\u00e4kerhet. V\u00e4lj EMC 2 f\u00f6r en tillf\u00f6rlitlig, effektiv och l\u00e5ngvarig l\u00f6sning p\u00e5 dina EMC-utmaningar. Med sin kombination av avancerad teknik och anv\u00e4ndarv\u00e4nlig design \u00e4r denna produkt ett oumb\u00e4rligt tillskott till din industriella verktygsl\u00e5da.    Specialdesignad EMC-f\u00f6rskruvningar.  L\u00e5ngvarig kontakt med kraftig kontaktfj\u00e4der  Enkel montering:   1- installera kabelgenomf\u00f6ringen  2- f\u00f6rbered kabelmantel  3- s\u00e4tt i kabeln  4- dra \u00e5t locket.    H\u00f6gkvalitativ dragavlastning och t\u00e4tning, p\u00e5litlig prestanda f\u00f6r EMC-applikationer.  UL- och VDE-certifierade tillsammans med olika andra godk\u00e4nnanden - se tekniska data f\u00f6r fullst\u00e4ndiga detaljer\" \/>\n<meta property=\"og:url\" content=\"https:\/\/c-profil.se\/english\/product\/cable-glands-emc-2-brass\/\" \/>\n<meta property=\"og:site_name\" content=\"C-Pro\" \/>\n<meta property=\"article:publisher\" content=\"https:\/\/www.facebook.com\/people\/C-Pro\/61561767306874\/\" \/>\n<meta property=\"article:modified_time\" content=\"2026-03-19T14:18:54+00:00\" \/>\n<meta property=\"og:image\" content=\"https:\/\/c-profil.se\/wp-content\/uploads\/2024\/10\/Kabelforskruvningar-EMC-2-_-CBMEM-Ny.jpg\" \/>\n\t<meta property=\"og:image:width\" content=\"1000\" \/>\n\t<meta property=\"og:image:height\" content=\"1000\" \/>\n\t<meta property=\"og:image:type\" content=\"image\/jpeg\" \/>\n<meta name=\"twitter:card\" content=\"summary_large_image\" \/>\n<meta name=\"twitter:label1\" content=\"Price\" \/>\n\t<meta name=\"twitter:data1\" content=\"\" \/>\n\t<meta name=\"twitter:label2\" content=\"Availability\" \/>\n\t<meta name=\"twitter:data2\" content=\"In stock\" \/>\n<script type=\"application\/ld+json\" class=\"yoast-schema-graph\">{\"@context\":\"https:\\\/\\\/schema.org\",\"@graph\":[{\"@type\":\"WebPage\",\"@id\":\"https:\\\/\\\/c-profil.se\\\/produkt\\\/kabelforkruvningar-emc-2-massing\\\/\",\"url\":\"https:\\\/\\\/c-profil.se\\\/produkt\\\/kabelforkruvningar-emc-2-massing\\\/\",\"name\":\"Kabelf\u00f6rskruvningar | EMC 2 - C-Pro\",\"isPartOf\":{\"@id\":\"https:\\\/\\\/c-profil.se\\\/#website\"},\"primaryImageOfPage\":{\"@id\":\"https:\\\/\\\/c-profil.se\\\/produkt\\\/kabelforkruvningar-emc-2-massing\\\/#primaryimage\"},\"image\":{\"@id\":\"https:\\\/\\\/c-profil.se\\\/produkt\\\/kabelforkruvningar-emc-2-massing\\\/#primaryimage\"},\"thumbnailUrl\":\"https:\\\/\\\/c-profil.se\\\/wp-content\\\/uploads\\\/2024\\\/10\\\/Kabelforskruvningar-EMC-2-_-CBMEM-Ny.jpg\",\"datePublished\":\"2024-10-30T12:54:00+00:00\",\"dateModified\":\"2026-03-19T14:18:54+00:00\",\"description\":\"S\u00e4kra och skydda dina kablar med v\u00e5ra Kabelf\u00f6rskruvningar EMC 2 M\u00e4ssing. EMC-skyddande kabelf\u00f6rskruvningar ger en tillf\u00f6rlitlig och l\u00e5ngvarig l\u00f6sning.\",\"breadcrumb\":{\"@id\":\"https:\\\/\\\/c-profil.se\\\/produkt\\\/kabelforkruvningar-emc-2-massing\\\/#breadcrumb\"},\"inLanguage\":\"en\",\"potentialAction\":[{\"@type\":\"ReadAction\",\"target\":[\"https:\\\/\\\/c-profil.se\\\/produkt\\\/kabelforkruvningar-emc-2-massing\\\/\"]}]},{\"@type\":\"ImageObject\",\"inLanguage\":\"en\",\"@id\":\"https:\\\/\\\/c-profil.se\\\/produkt\\\/kabelforkruvningar-emc-2-massing\\\/#primaryimage\",\"url\":\"https:\\\/\\\/c-profil.se\\\/wp-content\\\/uploads\\\/2024\\\/10\\\/Kabelforskruvningar-EMC-2-_-CBMEM-Ny.jpg\",\"contentUrl\":\"https:\\\/\\\/c-profil.se\\\/wp-content\\\/uploads\\\/2024\\\/10\\\/Kabelforskruvningar-EMC-2-_-CBMEM-Ny.jpg\",\"width\":1000,\"height\":1000,\"caption\":\"Kabelf\u00f6rskruvningar EMC 2 CBMEM\"},{\"@type\":\"BreadcrumbList\",\"@id\":\"https:\\\/\\\/c-profil.se\\\/produkt\\\/kabelforkruvningar-emc-2-massing\\\/#breadcrumb\",\"itemListElement\":[{\"@type\":\"ListItem\",\"position\":1,\"name\":\"Hem\",\"item\":\"https:\\\/\\\/c-profil.se\\\/\"},{\"@type\":\"ListItem\",\"position\":2,\"name\":\"Produkter\",\"item\":\"https:\\\/\\\/c-profil.se\\\/produkter\\\/\"},{\"@type\":\"ListItem\",\"position\":3,\"name\":\"Kabelf\u00f6rskruvningar EMC\",\"item\":\"https:\\\/\\\/c-profil.se\\\/produkt-kategori\\\/kabelforskruvningar-emc\\\/\"},{\"@type\":\"ListItem\",\"position\":4,\"name\":\"Kabelf\u00f6rskruvningar | EMC 2\"}]},{\"@type\":\"WebSite\",\"@id\":\"https:\\\/\\\/c-profil.se\\\/#website\",\"url\":\"https:\\\/\\\/c-profil.se\\\/\",\"name\":\"C-Pro\",\"description\":\"Produkter f\u00f6r El och Automation\",\"publisher\":{\"@id\":\"https:\\\/\\\/c-profil.se\\\/#organization\"},\"potentialAction\":[{\"@type\":\"SearchAction\",\"target\":{\"@type\":\"EntryPoint\",\"urlTemplate\":\"https:\\\/\\\/c-profil.se\\\/?s={search_term_string}\"},\"query-input\":{\"@type\":\"PropertyValueSpecification\",\"valueRequired\":true,\"valueName\":\"search_term_string\"}}],\"inLanguage\":\"en\"},{\"@type\":\"Organization\",\"@id\":\"https:\\\/\\\/c-profil.se\\\/#organization\",\"name\":\"C-Pro\",\"alternateName\":\"C-PRO\",\"url\":\"https:\\\/\\\/c-profil.se\\\/\",\"logo\":{\"@type\":\"ImageObject\",\"inLanguage\":\"en\",\"@id\":\"https:\\\/\\\/c-profil.se\\\/#\\\/schema\\\/logo\\\/image\\\/\",\"url\":\"https:\\\/\\\/c-profil.se\\\/wp-content\\\/uploads\\\/2022\\\/03\\\/c-pro-logga-liggande-500x500-1.png\",\"contentUrl\":\"https:\\\/\\\/c-profil.se\\\/wp-content\\\/uploads\\\/2022\\\/03\\\/c-pro-logga-liggande-500x500-1.png\",\"width\":500,\"height\":500,\"caption\":\"C-Pro\"},\"image\":{\"@id\":\"https:\\\/\\\/c-profil.se\\\/#\\\/schema\\\/logo\\\/image\\\/\"},\"sameAs\":[\"https:\\\/\\\/www.facebook.com\\\/people\\\/C-Pro\\\/61561767306874\\\/\",\"https:\\\/\\\/www.linkedin.com\\\/company\\\/c-pro-ab\",\"https:\\\/\\\/www.instagram.com\\\/cpro.ab\\\/\"],\"description\":\"C-PRO AB \u00e4r en helt\u00e4ckande leverant\u00f6r av material f\u00f6r applikationer inom el och automation. \u00c4nda sedan starten 1987 har vi f\u00f6rsett den svenska tillverkande industrin med elmaterial. Trots v\u00e5r storlek och ledande position har vi aldrig \u00f6vergett v\u00e5r grundfilosofi, att vara en personlig leverant\u00f6r. Vi p\u00e5 C-PRO \u00e4r l\u00e4tta att komma i kontakt med, \u00e4rliga och brinner f\u00f6r att l\u00f6sa v\u00e5ra kunders problem.\",\"email\":\"info@c-profil.se\",\"telephone\":\"031575785\",\"legalName\":\"C-Profil F\u00f6rl\u00e4ggningsmaterial AB\",\"foundingDate\":\"1987-01-01\"}]}<\/script>\n<meta property=\"product:brand\" content=\"emc\" \/>\n<meta property=\"product:price:currency\" content=\"SEK\" \/>\n<meta property=\"og:availability\" content=\"instock\" \/>\n<meta property=\"product:availability\" content=\"instock\" \/>\n<meta property=\"product:retailer_item_id\" content=\"Kabelf\u00f6rskruvningar | EMC 2\" \/>\n<meta property=\"product:condition\" content=\"new\" \/>\n<!-- \/ Yoast SEO Premium plugin. -->","yoast_head_json":{"title":"Cable glands | EMC 2 - C-Pro","description":"Secure and protect your cables with our EMC 2 Brass Cable Glands. EMC-protective cable glands provide a reliable and long-lasting solution.","robots":{"index":"index","follow":"follow","max-snippet":"max-snippet:-1","max-image-preview":"max-image-preview:large","max-video-preview":"max-video-preview:-1"},"canonical":"https:\/\/c-profil.se\/english\/product\/cable-glands-emc-2-brass\/","og_locale":"en_US","og_type":"article","og_title":"Kabelf\u00f6rskruvningar | EMC 2 - C-Pro","og_description":"Kabelf\u00f6rskruvningar EMC 2 M\u00e4ssing. uppt\u00e4ck v\u00e5ra specialdesignade EMC-skyddande kabelf\u00f6rskruvningar.\u00a0 De kombinerar \u00f6verl\u00e4gsen prestanda med enkel installation. EMC 2 \u00e4r den perfekta l\u00f6sningen f\u00f6r dina mest kr\u00e4vande applikationer inom elektromagnetisk kompatibilitet. Idealisk f\u00f6r metallmaskiner och h\u00f6ljen d\u00e4r EMC-skydd \u00e4r avg\u00f6rande f\u00f6r optimal prestanda och s\u00e4kerhet. V\u00e4lj EMC 2 f\u00f6r en tillf\u00f6rlitlig, effektiv och l\u00e5ngvarig l\u00f6sning p\u00e5 dina EMC-utmaningar. Med sin kombination av avancerad teknik och anv\u00e4ndarv\u00e4nlig design \u00e4r denna produkt ett oumb\u00e4rligt tillskott till din industriella verktygsl\u00e5da.    Specialdesignad EMC-f\u00f6rskruvningar.  L\u00e5ngvarig kontakt med kraftig kontaktfj\u00e4der  Enkel montering:   1- installera kabelgenomf\u00f6ringen  2- f\u00f6rbered kabelmantel  3- s\u00e4tt i kabeln  4- dra \u00e5t locket.    H\u00f6gkvalitativ dragavlastning och t\u00e4tning, p\u00e5litlig prestanda f\u00f6r EMC-applikationer.  UL- och VDE-certifierade tillsammans med olika andra godk\u00e4nnanden - se tekniska data f\u00f6r fullst\u00e4ndiga detaljer","og_url":"https:\/\/c-profil.se\/english\/product\/cable-glands-emc-2-brass\/","og_site_name":"C-Pro","article_publisher":"https:\/\/www.facebook.com\/people\/C-Pro\/61561767306874\/","article_modified_time":"2026-03-19T14:18:54+00:00","og_image":[{"width":1000,"height":1000,"url":"https:\/\/c-profil.se\/wp-content\/uploads\/2024\/10\/Kabelforskruvningar-EMC-2-_-CBMEM-Ny.jpg","type":"image\/jpeg"}],"twitter_card":"summary_large_image","twitter_misc":{"Price":"","Availability":"In stock"},"schema":{"@context":"https:\/\/schema.org","@graph":[{"@type":"WebPage","@id":"https:\/\/c-profil.se\/produkt\/kabelforkruvningar-emc-2-massing\/","url":"https:\/\/c-profil.se\/produkt\/kabelforkruvningar-emc-2-massing\/","name":"Cable glands | EMC 2 - C-Pro","isPartOf":{"@id":"https:\/\/c-profil.se\/#website"},"primaryImageOfPage":{"@id":"https:\/\/c-profil.se\/produkt\/kabelforkruvningar-emc-2-massing\/#primaryimage"},"image":{"@id":"https:\/\/c-profil.se\/produkt\/kabelforkruvningar-emc-2-massing\/#primaryimage"},"thumbnailUrl":"https:\/\/c-profil.se\/wp-content\/uploads\/2024\/10\/Kabelforskruvningar-EMC-2-_-CBMEM-Ny.jpg","datePublished":"2024-10-30T12:54:00+00:00","dateModified":"2026-03-19T14:18:54+00:00","description":"Secure and protect your cables with our EMC 2 Brass Cable Glands. EMC-protective cable glands provide a reliable and long-lasting solution.","breadcrumb":{"@id":"https:\/\/c-profil.se\/produkt\/kabelforkruvningar-emc-2-massing\/#breadcrumb"},"inLanguage":"en","potentialAction":[{"@type":"ReadAction","target":["https:\/\/c-profil.se\/produkt\/kabelforkruvningar-emc-2-massing\/"]}]},{"@type":"ImageObject","inLanguage":"en","@id":"https:\/\/c-profil.se\/produkt\/kabelforkruvningar-emc-2-massing\/#primaryimage","url":"https:\/\/c-profil.se\/wp-content\/uploads\/2024\/10\/Kabelforskruvningar-EMC-2-_-CBMEM-Ny.jpg","contentUrl":"https:\/\/c-profil.se\/wp-content\/uploads\/2024\/10\/Kabelforskruvningar-EMC-2-_-CBMEM-Ny.jpg","width":1000,"height":1000,"caption":"Kabelf\u00f6rskruvningar EMC 2 CBMEM"},{"@type":"BreadcrumbList","@id":"https:\/\/c-profil.se\/produkt\/kabelforkruvningar-emc-2-massing\/#breadcrumb","itemListElement":[{"@type":"ListItem","position":1,"name":"Hem","item":"https:\/\/c-profil.se\/"},{"@type":"ListItem","position":2,"name":"Produkter","item":"https:\/\/c-profil.se\/produkter\/"},{"@type":"ListItem","position":3,"name":"Kabelf\u00f6rskruvningar EMC","item":"https:\/\/c-profil.se\/produkt-kategori\/kabelforskruvningar-emc\/"},{"@type":"ListItem","position":4,"name":"Kabelf\u00f6rskruvningar | EMC 2"}]},{"@type":"WebSite","@id":"https:\/\/c-profil.se\/#website","url":"https:\/\/c-profil.se\/","name":"C-Pro","description":"Products for Electricity and Automation","publisher":{"@id":"https:\/\/c-profil.se\/#organization"},"potentialAction":[{"@type":"SearchAction","target":{"@type":"EntryPoint","urlTemplate":"https:\/\/c-profil.se\/?s={search_term_string}"},"query-input":{"@type":"PropertyValueSpecification","valueRequired":true,"valueName":"search_term_string"}}],"inLanguage":"en"},{"@type":"Organization","@id":"https:\/\/c-profil.se\/#organization","name":"C-Pro","alternateName":"C-PRO","url":"https:\/\/c-profil.se\/","logo":{"@type":"ImageObject","inLanguage":"en","@id":"https:\/\/c-profil.se\/#\/schema\/logo\/image\/","url":"https:\/\/c-profil.se\/wp-content\/uploads\/2022\/03\/c-pro-logga-liggande-500x500-1.png","contentUrl":"https:\/\/c-profil.se\/wp-content\/uploads\/2022\/03\/c-pro-logga-liggande-500x500-1.png","width":500,"height":500,"caption":"C-Pro"},"image":{"@id":"https:\/\/c-profil.se\/#\/schema\/logo\/image\/"},"sameAs":["https:\/\/www.facebook.com\/people\/C-Pro\/61561767306874\/","https:\/\/www.linkedin.com\/company\/c-pro-ab","https:\/\/www.instagram.com\/cpro.ab\/"],"description":"C-PRO AB is a comprehensive supplier of materials for applications in electricity and automation. Ever since the start in 1987, we have supplied the Swedish manufacturing industry with electrical materials. Despite our size and leading position, we have never abandoned our basic philosophy, to be a personal supplier. We at C-PRO are easy to get in touch with, honest and passionate about solving our customers&#039; problems.","email":"info@c-profil.se","telephone":"031575785","legalName":"C-Profil F\u00f6rl\u00e4ggningsmaterial AB","foundingDate":"1987-01-01"}]},"product_brand":"emc","product_price_currency":"SEK","og_availability":"instock","product_availability":"instock","product_retailer_item_id":"Kabelf\u00f6rskruvningar | EMC 2","product_condition":"new"},"_links":{"self":[{"href":"https:\/\/c-profil.se\/english\/wp-json\/wp\/v2\/product\/50049","targetHints":{"allow":["GET"]}}],"collection":[{"href":"https:\/\/c-profil.se\/english\/wp-json\/wp\/v2\/product"}],"about":[{"href":"https:\/\/c-profil.se\/english\/wp-json\/wp\/v2\/types\/product"}],"version-history":[{"count":16,"href":"https:\/\/c-profil.se\/english\/wp-json\/wp\/v2\/product\/50049\/revisions"}],"predecessor-version":[{"id":74248,"href":"https:\/\/c-profil.se\/english\/wp-json\/wp\/v2\/product\/50049\/revisions\/74248"}],"wp:featuredmedia":[{"embeddable":true,"href":"https:\/\/c-profil.se\/english\/wp-json\/wp\/v2\/media\/55654"}],"wp:attachment":[{"href":"https:\/\/c-profil.se\/english\/wp-json\/wp\/v2\/media?parent=50049"}],"wp:term":[{"taxonomy":"product_brand","embeddable":true,"href":"https:\/\/c-profil.se\/english\/wp-json\/wp\/v2\/product_brand?post=50049"},{"taxonomy":"product_cat","embeddable":true,"href":"https:\/\/c-profil.se\/english\/wp-json\/wp\/v2\/product_cat?post=50049"},{"taxonomy":"product_tag","embeddable":true,"href":"https:\/\/c-profil.se\/english\/wp-json\/wp\/v2\/product_tag?post=50049"}],"curies":[{"name":"wp","href":"https:\/\/api.w.org\/{rel}","templated":true}]}}