{"id":50032,"date":"2024-10-30T13:12:00","date_gmt":"2024-10-30T12:12:00","guid":{"rendered":"https:\/\/c-profil.se\/?post_type=product&#038;p=50032"},"modified":"2026-03-19T15:18:56","modified_gmt":"2026-03-19T14:18:56","slug":"cable-glands-emc-4-brass","status":"publish","type":"product","link":"https:\/\/c-profil.se\/english\/produkt\/kabelforskruvningar-emc-4-massing\/","title":{"rendered":"Cable glands | EMC 4"},"content":{"rendered":"<p><strong>Cable gland EMC 4 \/ CBMEM is an advanced EMC gland for demanding industrial applications<\/strong>, designed for high contact performance even under vibration.<br \/>\nThe movable spring contact provides low contact resistance, protects the cable shield and enables safe assembly and disassembly without damage to the cable.<\/p>","protected":false},"excerpt":{"rendered":"<p class=\"ai-optimize-27\" data-pm-slice=\"1 1 []\">Cable glands EMC 4 \/ CBMEM is a high-performance solution for safe and efficient cable connection in demanding industrial environments. This specially designed EMC 4 protected cable gland offers exceptional performance and reliability for your critical applications. EMC 4 \/ CBMEM is specifically designed for use in metal machinery and enclosures where electromagnetic compatibility (EMC) is critical. It offers superior performance in industries that require reliable and safe cable connection with EMC 4 protection. This high-quality cable gland combines ease of use with state-of-the-art technology to ensure optimal performance in your EMC applications. Choose EMC 4 \/ CBMEM for a reliable, efficient and long-lasting solution for your cable connection needs.<\/p>\n<ul>\n<li class=\"ai-optimize-28\">Vibration proof EMC performance.<\/li>\n<li class=\"ai-optimize-29\">High contact performance under vibration thanks to reduced distance between clamping seal and EMC contact fingers.<\/li>\n<li class=\"ai-optimize-30\">Long-lasting contact by high definition contact spring.<\/li>\n<li class=\"ai-optimize-31\">Moving spring contact offers reduced risk of sheath damage.<\/li>\n<li class=\"ai-optimize-32\">Open contact fingers when the gland cap is not tightened.<\/li>\n<li class=\"ai-optimize-33\">Free rotational and axial movement of the cable without damaging the cable shield thanks to the open contact fingers.<\/li>\n<li class=\"ai-optimize-34\">Low contact resistance thanks to large contact surfaces.<\/li>\n<li class=\"ai-optimize-35\">Easy assembly and disassembly of cable. Spring closes and opens according to fastening of the cap.<\/li>\n<li class=\"ai-optimize-36\">High quality strain relief and sealing, reliable performance for EMC applications.<\/li>\n<li class=\"ai-optimize-37\">UL and VDE certified along with various other approvals - see technical data for full details<\/li>\n<li class=\"ai-optimize-38\">Current international approvals.<\/li>\n<\/ul>","protected":false},"featured_media":55665,"template":"","meta":{"_acf_changed":false},"product_brand":[734],"product_cat":[626],"product_tag":[991,1006,938,1005,957],"class_list":{"0":"post-50032","1":"product","2":"type-product","3":"status-publish","4":"has-post-thumbnail","6":"product_brand-bimed","7":"product_cat-kabelforskruvningar-emc","8":"product_tag-emc","9":"product_tag-kabelforskruvning","10":"product_tag-kabelinforing","11":"product_tag-platbearbetning","12":"product_tag-potentialutjamning","14":"first","15":"instock","16":"shipping-taxable","17":"product-type-simple"},"acf":[],"yoast_head":"<!-- This site is optimized with the Yoast SEO Premium plugin v27.5 (Yoast SEO v27.5) - https:\/\/yoast.com\/product\/yoast-seo-premium-wordpress\/ -->\n<title>Kabelf\u00f6rskruvningar | EMC 4: \u00d6verl\u00e4gset EMC-skydd - C-Pro<\/title>\n<meta name=\"description\" content=\"Effektiv och l\u00e5ngvarig l\u00f6sning f\u00f6r kabelanslutning i kr\u00e4vande industriella milj\u00f6er. Uppt\u00e4ck f\u00f6rdelarna med Kabelf\u00f6rskruvningar EMC 4 M\u00e4ssing idag!\" \/>\n<meta name=\"robots\" content=\"index, follow, max-snippet:-1, max-image-preview:large, max-video-preview:-1\" \/>\n<link rel=\"canonical\" href=\"https:\/\/c-profil.se\/english\/product\/cable-glands-emc-4-brass\/\" \/>\n<meta property=\"og:locale\" content=\"en_US\" \/>\n<meta property=\"og:type\" content=\"article\" \/>\n<meta property=\"og:title\" content=\"Kabelf\u00f6rskruvningar | EMC 4 - C-Pro\" \/>\n<meta property=\"og:description\" content=\"Kabelf\u00f6rskruvningar EMC 4 \/ CBMEM \u00e4r en h\u00f6gpresterande l\u00f6sning f\u00f6r s\u00e4ker och effektiv kabelanslutning i kr\u00e4vande industriella milj\u00f6er. Denna specialdesignade EMC 4-skyddade kabelf\u00f6rskruvning erbjuder exceptionell prestanda och tillf\u00f6rlitlighet f\u00f6r dina kritiska applikationer. EMC 4 \/ CBMEM \u00e4r speciellt utformad f\u00f6r anv\u00e4ndning i metallmaskiner och h\u00f6ljen d\u00e4r elektromagnetisk kompatibilitet (EMC) \u00e4r kritisk. Den erbjuder \u00f6verl\u00e4gsen prestanda i industrier som kr\u00e4ver p\u00e5litlig och s\u00e4ker kabelanslutning med EMC 4-skydd. Denna h\u00f6gkvalitativa kabelf\u00f6rskruvning kombinerar anv\u00e4ndarv\u00e4nlighet med toppmodern teknik f\u00f6r att s\u00e4kerst\u00e4lla optimal prestanda i dina EMC-applikationer. V\u00e4lj EMC 4 \/ CBMEM f\u00f6r en tillf\u00f6rlitlig, effektiv och l\u00e5ngvarig l\u00f6sning f\u00f6r dina kabelanslutningsbehov.    Vibrationss\u00e4ker EMC-prestanda.  H\u00f6g kontaktprestanda under vibrationer tack vare minskat avst\u00e5nd mellan kl\u00e4mt\u00e4tning och EMC-kontaktfingrar.  L\u00e5ngvarig kontakt med kraftiga kontaktfj\u00e4der.  R\u00f6rlig fj\u00e4derkontakt minskar risken f\u00f6r mantelskador.  \u00d6ppna kontaktfingrarna n\u00e4r locket inte \u00e4r \u00e5tdraget.  Fri roterande och axiell r\u00f6relse av kabeln utan att skada kabelsk\u00e4rmen tack vare de \u00f6ppna kontaktfingrarna.  L\u00e5gt kontaktmotst\u00e5nd tack vare stora kontaktytor.  Enkel montering och demontering av kabel. Fj\u00e4der st\u00e4ngs och \u00f6ppnas enligt lockets f\u00e4ste.  H\u00f6gkvalitativ dragavlastning och t\u00e4tning, p\u00e5litlig prestanda f\u00f6r EMC-applikationer.  UL- och VDE-certifierade tillsammans med olika andra godk\u00e4nnanden - se tekniska data f\u00f6r fullst\u00e4ndiga detaljer  Aktuella internationella godk\u00e4nnanden.\" \/>\n<meta property=\"og:url\" content=\"https:\/\/c-profil.se\/english\/product\/cable-glands-emc-4-brass\/\" \/>\n<meta property=\"og:site_name\" content=\"C-Pro\" \/>\n<meta property=\"article:publisher\" content=\"https:\/\/www.facebook.com\/people\/C-Pro\/61561767306874\/\" \/>\n<meta property=\"article:modified_time\" content=\"2026-03-19T14:18:56+00:00\" \/>\n<meta property=\"og:image\" content=\"https:\/\/c-profil.se\/wp-content\/uploads\/2024\/10\/Kabelforskruvningar-EMC-4-CBMEM-Ny.jpg\" \/>\n\t<meta property=\"og:image:width\" content=\"1000\" \/>\n\t<meta property=\"og:image:height\" content=\"1000\" \/>\n\t<meta property=\"og:image:type\" content=\"image\/jpeg\" \/>\n<meta name=\"twitter:card\" content=\"summary_large_image\" \/>\n<meta name=\"twitter:label1\" content=\"Price\" \/>\n\t<meta name=\"twitter:data1\" content=\"\" \/>\n\t<meta name=\"twitter:label2\" content=\"Availability\" \/>\n\t<meta name=\"twitter:data2\" content=\"In stock\" \/>\n<script type=\"application\/ld+json\" class=\"yoast-schema-graph\">{\"@context\":\"https:\\\/\\\/schema.org\",\"@graph\":[{\"@type\":\"WebPage\",\"@id\":\"https:\\\/\\\/c-profil.se\\\/produkt\\\/kabelforskruvningar-emc-4-massing\\\/\",\"url\":\"https:\\\/\\\/c-profil.se\\\/produkt\\\/kabelforskruvningar-emc-4-massing\\\/\",\"name\":\"Kabelf\u00f6rskruvningar | EMC 4: \u00d6verl\u00e4gset EMC-skydd - C-Pro\",\"isPartOf\":{\"@id\":\"https:\\\/\\\/c-profil.se\\\/#website\"},\"primaryImageOfPage\":{\"@id\":\"https:\\\/\\\/c-profil.se\\\/produkt\\\/kabelforskruvningar-emc-4-massing\\\/#primaryimage\"},\"image\":{\"@id\":\"https:\\\/\\\/c-profil.se\\\/produkt\\\/kabelforskruvningar-emc-4-massing\\\/#primaryimage\"},\"thumbnailUrl\":\"https:\\\/\\\/c-profil.se\\\/wp-content\\\/uploads\\\/2024\\\/10\\\/Kabelforskruvningar-EMC-4-CBMEM-Ny.jpg\",\"datePublished\":\"2024-10-30T12:12:00+00:00\",\"dateModified\":\"2026-03-19T14:18:56+00:00\",\"description\":\"Effektiv och l\u00e5ngvarig l\u00f6sning f\u00f6r kabelanslutning i kr\u00e4vande industriella milj\u00f6er. Uppt\u00e4ck f\u00f6rdelarna med Kabelf\u00f6rskruvningar EMC 4 M\u00e4ssing idag!\",\"breadcrumb\":{\"@id\":\"https:\\\/\\\/c-profil.se\\\/produkt\\\/kabelforskruvningar-emc-4-massing\\\/#breadcrumb\"},\"inLanguage\":\"en\",\"potentialAction\":[{\"@type\":\"ReadAction\",\"target\":[\"https:\\\/\\\/c-profil.se\\\/produkt\\\/kabelforskruvningar-emc-4-massing\\\/\"]}]},{\"@type\":\"ImageObject\",\"inLanguage\":\"en\",\"@id\":\"https:\\\/\\\/c-profil.se\\\/produkt\\\/kabelforskruvningar-emc-4-massing\\\/#primaryimage\",\"url\":\"https:\\\/\\\/c-profil.se\\\/wp-content\\\/uploads\\\/2024\\\/10\\\/Kabelforskruvningar-EMC-4-CBMEM-Ny.jpg\",\"contentUrl\":\"https:\\\/\\\/c-profil.se\\\/wp-content\\\/uploads\\\/2024\\\/10\\\/Kabelforskruvningar-EMC-4-CBMEM-Ny.jpg\",\"width\":1000,\"height\":1000,\"caption\":\"Kabelf\u00f6rskruvningar EMC 4 \\\/ CBMEM\"},{\"@type\":\"BreadcrumbList\",\"@id\":\"https:\\\/\\\/c-profil.se\\\/produkt\\\/kabelforskruvningar-emc-4-massing\\\/#breadcrumb\",\"itemListElement\":[{\"@type\":\"ListItem\",\"position\":1,\"name\":\"Hem\",\"item\":\"https:\\\/\\\/c-profil.se\\\/\"},{\"@type\":\"ListItem\",\"position\":2,\"name\":\"Produkter\",\"item\":\"https:\\\/\\\/c-profil.se\\\/produkter\\\/\"},{\"@type\":\"ListItem\",\"position\":3,\"name\":\"Kabelf\u00f6rskruvningar EMC\",\"item\":\"https:\\\/\\\/c-profil.se\\\/produkt-kategori\\\/kabelforskruvningar-emc\\\/\"},{\"@type\":\"ListItem\",\"position\":4,\"name\":\"Kabelf\u00f6rskruvningar | EMC 4\"}]},{\"@type\":\"WebSite\",\"@id\":\"https:\\\/\\\/c-profil.se\\\/#website\",\"url\":\"https:\\\/\\\/c-profil.se\\\/\",\"name\":\"C-Pro\",\"description\":\"Produkter f\u00f6r El och Automation\",\"publisher\":{\"@id\":\"https:\\\/\\\/c-profil.se\\\/#organization\"},\"potentialAction\":[{\"@type\":\"SearchAction\",\"target\":{\"@type\":\"EntryPoint\",\"urlTemplate\":\"https:\\\/\\\/c-profil.se\\\/?s={search_term_string}\"},\"query-input\":{\"@type\":\"PropertyValueSpecification\",\"valueRequired\":true,\"valueName\":\"search_term_string\"}}],\"inLanguage\":\"en\"},{\"@type\":\"Organization\",\"@id\":\"https:\\\/\\\/c-profil.se\\\/#organization\",\"name\":\"C-Pro\",\"alternateName\":\"C-PRO\",\"url\":\"https:\\\/\\\/c-profil.se\\\/\",\"logo\":{\"@type\":\"ImageObject\",\"inLanguage\":\"en\",\"@id\":\"https:\\\/\\\/c-profil.se\\\/#\\\/schema\\\/logo\\\/image\\\/\",\"url\":\"https:\\\/\\\/c-profil.se\\\/wp-content\\\/uploads\\\/2022\\\/03\\\/c-pro-logga-liggande-500x500-1.png\",\"contentUrl\":\"https:\\\/\\\/c-profil.se\\\/wp-content\\\/uploads\\\/2022\\\/03\\\/c-pro-logga-liggande-500x500-1.png\",\"width\":500,\"height\":500,\"caption\":\"C-Pro\"},\"image\":{\"@id\":\"https:\\\/\\\/c-profil.se\\\/#\\\/schema\\\/logo\\\/image\\\/\"},\"sameAs\":[\"https:\\\/\\\/www.facebook.com\\\/people\\\/C-Pro\\\/61561767306874\\\/\",\"https:\\\/\\\/www.linkedin.com\\\/company\\\/c-pro-ab\",\"https:\\\/\\\/www.instagram.com\\\/cpro.ab\\\/\"],\"description\":\"C-PRO AB \u00e4r en helt\u00e4ckande leverant\u00f6r av material f\u00f6r applikationer inom el och automation. \u00c4nda sedan starten 1987 har vi f\u00f6rsett den svenska tillverkande industrin med elmaterial. Trots v\u00e5r storlek och ledande position har vi aldrig \u00f6vergett v\u00e5r grundfilosofi, att vara en personlig leverant\u00f6r. Vi p\u00e5 C-PRO \u00e4r l\u00e4tta att komma i kontakt med, \u00e4rliga och brinner f\u00f6r att l\u00f6sa v\u00e5ra kunders problem.\",\"email\":\"info@c-profil.se\",\"telephone\":\"031575785\",\"legalName\":\"C-Profil F\u00f6rl\u00e4ggningsmaterial AB\",\"foundingDate\":\"1987-01-01\"}]}<\/script>\n<meta property=\"product:brand\" content=\"emc\" \/>\n<meta property=\"product:price:currency\" content=\"SEK\" \/>\n<meta property=\"og:availability\" content=\"instock\" \/>\n<meta property=\"product:availability\" content=\"instock\" \/>\n<meta property=\"product:retailer_item_id\" content=\"Kabelf\u00f6rskruvningar | EMC 4\" \/>\n<meta property=\"product:condition\" content=\"new\" \/>\n<!-- \/ Yoast SEO Premium plugin. -->","yoast_head_json":{"title":"Cable glands | EMC 4: Superior EMC protection - C-Pro","description":"Efficient and long-lasting solution for cable connection in demanding industrial environments. Discover the benefits of Cable Glands EMC 4 Brass today!","robots":{"index":"index","follow":"follow","max-snippet":"max-snippet:-1","max-image-preview":"max-image-preview:large","max-video-preview":"max-video-preview:-1"},"canonical":"https:\/\/c-profil.se\/english\/product\/cable-glands-emc-4-brass\/","og_locale":"en_US","og_type":"article","og_title":"Kabelf\u00f6rskruvningar | EMC 4 - C-Pro","og_description":"Kabelf\u00f6rskruvningar EMC 4 \/ CBMEM \u00e4r en h\u00f6gpresterande l\u00f6sning f\u00f6r s\u00e4ker och effektiv kabelanslutning i kr\u00e4vande industriella milj\u00f6er. Denna specialdesignade EMC 4-skyddade kabelf\u00f6rskruvning erbjuder exceptionell prestanda och tillf\u00f6rlitlighet f\u00f6r dina kritiska applikationer. EMC 4 \/ CBMEM \u00e4r speciellt utformad f\u00f6r anv\u00e4ndning i metallmaskiner och h\u00f6ljen d\u00e4r elektromagnetisk kompatibilitet (EMC) \u00e4r kritisk. Den erbjuder \u00f6verl\u00e4gsen prestanda i industrier som kr\u00e4ver p\u00e5litlig och s\u00e4ker kabelanslutning med EMC 4-skydd. Denna h\u00f6gkvalitativa kabelf\u00f6rskruvning kombinerar anv\u00e4ndarv\u00e4nlighet med toppmodern teknik f\u00f6r att s\u00e4kerst\u00e4lla optimal prestanda i dina EMC-applikationer. V\u00e4lj EMC 4 \/ CBMEM f\u00f6r en tillf\u00f6rlitlig, effektiv och l\u00e5ngvarig l\u00f6sning f\u00f6r dina kabelanslutningsbehov.    Vibrationss\u00e4ker EMC-prestanda.  H\u00f6g kontaktprestanda under vibrationer tack vare minskat avst\u00e5nd mellan kl\u00e4mt\u00e4tning och EMC-kontaktfingrar.  L\u00e5ngvarig kontakt med kraftiga kontaktfj\u00e4der.  R\u00f6rlig fj\u00e4derkontakt minskar risken f\u00f6r mantelskador.  \u00d6ppna kontaktfingrarna n\u00e4r locket inte \u00e4r \u00e5tdraget.  Fri roterande och axiell r\u00f6relse av kabeln utan att skada kabelsk\u00e4rmen tack vare de \u00f6ppna kontaktfingrarna.  L\u00e5gt kontaktmotst\u00e5nd tack vare stora kontaktytor.  Enkel montering och demontering av kabel. Fj\u00e4der st\u00e4ngs och \u00f6ppnas enligt lockets f\u00e4ste.  H\u00f6gkvalitativ dragavlastning och t\u00e4tning, p\u00e5litlig prestanda f\u00f6r EMC-applikationer.  UL- och VDE-certifierade tillsammans med olika andra godk\u00e4nnanden - se tekniska data f\u00f6r fullst\u00e4ndiga detaljer  Aktuella internationella godk\u00e4nnanden.","og_url":"https:\/\/c-profil.se\/english\/product\/cable-glands-emc-4-brass\/","og_site_name":"C-Pro","article_publisher":"https:\/\/www.facebook.com\/people\/C-Pro\/61561767306874\/","article_modified_time":"2026-03-19T14:18:56+00:00","og_image":[{"width":1000,"height":1000,"url":"https:\/\/c-profil.se\/wp-content\/uploads\/2024\/10\/Kabelforskruvningar-EMC-4-CBMEM-Ny.jpg","type":"image\/jpeg"}],"twitter_card":"summary_large_image","twitter_misc":{"Price":"","Availability":"In stock"},"schema":{"@context":"https:\/\/schema.org","@graph":[{"@type":"WebPage","@id":"https:\/\/c-profil.se\/produkt\/kabelforskruvningar-emc-4-massing\/","url":"https:\/\/c-profil.se\/produkt\/kabelforskruvningar-emc-4-massing\/","name":"Cable glands | EMC 4: Superior EMC protection - C-Pro","isPartOf":{"@id":"https:\/\/c-profil.se\/#website"},"primaryImageOfPage":{"@id":"https:\/\/c-profil.se\/produkt\/kabelforskruvningar-emc-4-massing\/#primaryimage"},"image":{"@id":"https:\/\/c-profil.se\/produkt\/kabelforskruvningar-emc-4-massing\/#primaryimage"},"thumbnailUrl":"https:\/\/c-profil.se\/wp-content\/uploads\/2024\/10\/Kabelforskruvningar-EMC-4-CBMEM-Ny.jpg","datePublished":"2024-10-30T12:12:00+00:00","dateModified":"2026-03-19T14:18:56+00:00","description":"Efficient and long-lasting solution for cable connection in demanding industrial environments. Discover the benefits of Cable Glands EMC 4 Brass today!","breadcrumb":{"@id":"https:\/\/c-profil.se\/produkt\/kabelforskruvningar-emc-4-massing\/#breadcrumb"},"inLanguage":"en","potentialAction":[{"@type":"ReadAction","target":["https:\/\/c-profil.se\/produkt\/kabelforskruvningar-emc-4-massing\/"]}]},{"@type":"ImageObject","inLanguage":"en","@id":"https:\/\/c-profil.se\/produkt\/kabelforskruvningar-emc-4-massing\/#primaryimage","url":"https:\/\/c-profil.se\/wp-content\/uploads\/2024\/10\/Kabelforskruvningar-EMC-4-CBMEM-Ny.jpg","contentUrl":"https:\/\/c-profil.se\/wp-content\/uploads\/2024\/10\/Kabelforskruvningar-EMC-4-CBMEM-Ny.jpg","width":1000,"height":1000,"caption":"Kabelf\u00f6rskruvningar EMC 4 \/ CBMEM"},{"@type":"BreadcrumbList","@id":"https:\/\/c-profil.se\/produkt\/kabelforskruvningar-emc-4-massing\/#breadcrumb","itemListElement":[{"@type":"ListItem","position":1,"name":"Hem","item":"https:\/\/c-profil.se\/"},{"@type":"ListItem","position":2,"name":"Produkter","item":"https:\/\/c-profil.se\/produkter\/"},{"@type":"ListItem","position":3,"name":"Kabelf\u00f6rskruvningar EMC","item":"https:\/\/c-profil.se\/produkt-kategori\/kabelforskruvningar-emc\/"},{"@type":"ListItem","position":4,"name":"Kabelf\u00f6rskruvningar | EMC 4"}]},{"@type":"WebSite","@id":"https:\/\/c-profil.se\/#website","url":"https:\/\/c-profil.se\/","name":"C-Pro","description":"Products for Electricity and Automation","publisher":{"@id":"https:\/\/c-profil.se\/#organization"},"potentialAction":[{"@type":"SearchAction","target":{"@type":"EntryPoint","urlTemplate":"https:\/\/c-profil.se\/?s={search_term_string}"},"query-input":{"@type":"PropertyValueSpecification","valueRequired":true,"valueName":"search_term_string"}}],"inLanguage":"en"},{"@type":"Organization","@id":"https:\/\/c-profil.se\/#organization","name":"C-Pro","alternateName":"C-PRO","url":"https:\/\/c-profil.se\/","logo":{"@type":"ImageObject","inLanguage":"en","@id":"https:\/\/c-profil.se\/#\/schema\/logo\/image\/","url":"https:\/\/c-profil.se\/wp-content\/uploads\/2022\/03\/c-pro-logga-liggande-500x500-1.png","contentUrl":"https:\/\/c-profil.se\/wp-content\/uploads\/2022\/03\/c-pro-logga-liggande-500x500-1.png","width":500,"height":500,"caption":"C-Pro"},"image":{"@id":"https:\/\/c-profil.se\/#\/schema\/logo\/image\/"},"sameAs":["https:\/\/www.facebook.com\/people\/C-Pro\/61561767306874\/","https:\/\/www.linkedin.com\/company\/c-pro-ab","https:\/\/www.instagram.com\/cpro.ab\/"],"description":"C-PRO AB is a comprehensive supplier of materials for applications in electricity and automation. Ever since the start in 1987, we have supplied the Swedish manufacturing industry with electrical materials. Despite our size and leading position, we have never abandoned our basic philosophy, to be a personal supplier. We at C-PRO are easy to get in touch with, honest and passionate about solving our customers&#039; problems.","email":"info@c-profil.se","telephone":"031575785","legalName":"C-Profil F\u00f6rl\u00e4ggningsmaterial AB","foundingDate":"1987-01-01"}]},"product_brand":"emc","product_price_currency":"SEK","og_availability":"instock","product_availability":"instock","product_retailer_item_id":"Kabelf\u00f6rskruvningar | EMC 4","product_condition":"new"},"_links":{"self":[{"href":"https:\/\/c-profil.se\/english\/wp-json\/wp\/v2\/product\/50032","targetHints":{"allow":["GET"]}}],"collection":[{"href":"https:\/\/c-profil.se\/english\/wp-json\/wp\/v2\/product"}],"about":[{"href":"https:\/\/c-profil.se\/english\/wp-json\/wp\/v2\/types\/product"}],"version-history":[{"count":14,"href":"https:\/\/c-profil.se\/english\/wp-json\/wp\/v2\/product\/50032\/revisions"}],"predecessor-version":[{"id":74254,"href":"https:\/\/c-profil.se\/english\/wp-json\/wp\/v2\/product\/50032\/revisions\/74254"}],"wp:featuredmedia":[{"embeddable":true,"href":"https:\/\/c-profil.se\/english\/wp-json\/wp\/v2\/media\/55665"}],"wp:attachment":[{"href":"https:\/\/c-profil.se\/english\/wp-json\/wp\/v2\/media?parent=50032"}],"wp:term":[{"taxonomy":"product_brand","embeddable":true,"href":"https:\/\/c-profil.se\/english\/wp-json\/wp\/v2\/product_brand?post=50032"},{"taxonomy":"product_cat","embeddable":true,"href":"https:\/\/c-profil.se\/english\/wp-json\/wp\/v2\/product_cat?post=50032"},{"taxonomy":"product_tag","embeddable":true,"href":"https:\/\/c-profil.se\/english\/wp-json\/wp\/v2\/product_tag?post=50032"}],"curies":[{"name":"wp","href":"https:\/\/api.w.org\/{rel}","templated":true}]}}