{"id":49518,"date":"2024-10-24T08:49:00","date_gmt":"2024-10-24T07:49:00","guid":{"rendered":"https:\/\/c-profil.se\/?post_type=product&#038;p=49518"},"modified":"2026-03-19T15:23:18","modified_gmt":"2026-03-19T14:23:18","slug":"modular-stackable-cable-clamp-msmc","status":"publish","type":"product","link":"https:\/\/c-profil.se\/english\/produkt\/modulara-stapelbara-kabelklammor-msmc\/","title":{"rendered":"Modular cable clamps | MSMC"},"content":{"rendered":"<p><strong>Modular stackable cable clamps \/ MSMC are used for easy, quick and secure fastening of cables, pipes and cylindrical components<\/strong>.<br \/>\nThe system is stackable and interconnectable, which provides high flexibility, high cable density and very good strain and torsion relief even in demanding environments.<\/p>","protected":false},"excerpt":{"rendered":"<p>The modular stackable cable clamp MSMC is used for easy, quick and secure fastening of cables, pipes and other cylindrical components. The variable clamping range is up to 16 mm. The great advantage of this cable cleat is that it can be easily extended by stacking or baying. By using the CMC30 coupler, different clamping areas can be connected to each other. The MSMC offers a very high level of corrosion protection thanks to the choice of materials for the cable clamps and screws.<\/p>\n<p>The cable cleat consists of an upper and a lower part as well as hexagon head screws. A coupler is used to easily connect several cable clamps together horizontally. The longitudinal and transverse ridges of the support surface serve to absorb torsional and tensile forces. The central mounting point (slotted hole) offers a high degree of flexibility on many surfaces. For even greater stability and torsion resistance, two long screws can be used for fastening.<\/p>\n<p><strong>Mounting location:<\/strong> Metal plates, 30 mm DIN rail, universal.<\/p>\n<p>The cable cleats are available as Set A for lining up and stacking or as Set B for baying<\/p>\n<ul>\n<li>Set A additionally contains two long hexagon head screws. The cable clamp can be combined with a sliding nut for optional assembly on the C-rail.<\/li>\n<li>Set B contains a cable clamp (upper and lower part), a coupler and two short hexagon head screws.<\/li>\n<\/ul>\n<p><strong>Advantages:<\/strong><\/p>\n<ul>\n<li>Several cable clamps can be bayed or stacked together<\/li>\n<li>The diameter of the cables can vary up to 16 mm<\/li>\n<li>Designed for high strain relief<\/li>\n<li>Suitable for large cable diameters up to 55 mm<\/li>\n<li>Suitable for large bending radii of rigid cables<\/li>\n<li>Assembly on surfaces or on the C-rail<\/li>\n<li>Ridges in the half shells enable the absorption of tensile and torsional forces<\/li>\n<li>Anti-rotation lock during assembly with two through bolts<\/li>\n<li>The coupler can be used as a mounting aid for overhead mounting<\/li>\n<li>Weather-resistant material<\/li>\n<\/ul>","protected":false},"featured_media":49519,"template":"","meta":{"_acf_changed":false},"product_brand":[740],"product_cat":[301],"product_tag":[987,975,946],"class_list":{"0":"post-49518","1":"product","2":"type-product","3":"status-publish","4":"has-post-thumbnail","6":"product_brand-icotek","7":"product_cat-dragavlastning","8":"product_tag-dragavlastning","9":"product_tag-fastsattning","10":"product_tag-kabelhantering-i-apparatskap","12":"first","13":"instock","14":"shipping-taxable","15":"product-type-simple"},"acf":[],"yoast_head":"<!-- This site is optimized with the Yoast SEO Premium plugin v27.4 (Yoast SEO v27.4) - https:\/\/yoast.com\/product\/yoast-seo-premium-wordpress\/ -->\n<title>Modul\u00e4ra kabelkl\u00e4mmor | MSMC - C-Pro<\/title>\n<meta name=\"description\" content=\"Optimera kabelhanteringen med v\u00e5r modul\u00e4ra stapelbara kabelkl\u00e4mma. Enkel att anpassa och s\u00e4kra, f\u00f6r att h\u00e5lla allt p\u00e5 plats. Best\u00e4ll nu!\" \/>\n<meta name=\"robots\" content=\"index, follow, max-snippet:-1, max-image-preview:large, max-video-preview:-1\" \/>\n<link rel=\"canonical\" href=\"https:\/\/c-profil.se\/english\/product\/modular-stackable-cable-clamp-msmc\/\" \/>\n<meta property=\"og:locale\" content=\"en_US\" \/>\n<meta property=\"og:type\" content=\"article\" \/>\n<meta property=\"og:title\" content=\"Modul\u00e4ra kabelkl\u00e4mmor | MSMC - C-Pro\" \/>\n<meta property=\"og:description\" content=\"Modul\u00e4ra stapelbara kabelkl\u00e4mmor \/ MSMC anv\u00e4nds f\u00f6r enkel, snabb och s\u00e4ker fasts\u00e4ttning av kablar, r\u00f6r och andra cylindriska komponenter upp till 16 mm. Den stora f\u00f6rdelen med denna kabelkl\u00e4mma \u00e4r att du enkelt f\u00f6rl\u00e4nger den genom att stapla eller sammanfoga. Genom att du anv\u00e4nder CMC30-kopplingen kan olika kl\u00e4momr\u00e5den kopplas till varandra. Modul\u00e4ra stapelbara kabelkl\u00e4mmor \/ MSMC\u00a0 erbjuder en mycket h\u00f6g niv\u00e5 av korrosionsskydd tack vare materialvalet i kabelkl\u00e4mman och skruvarna.  Kabelkl\u00e4mman best\u00e5r av en \u00f6vre och en nedre del samt sexkantskruvar. Du anv\u00e4nder en koppling f\u00f6r att enkelt koppla ihop flera kabelkl\u00e4mmor horisontellt. De l\u00e4ngsg\u00e5ende och tv\u00e4rg\u00e5ende upph\u00f6jningarna p\u00e5 st\u00f6dytan absorberar vrid- och dragkrafter. Den centrala monteringspunkten (h\u00e5l) ger dig en h\u00f6gre grad av flexibilitet p\u00e5 flertalet ytor. F\u00f6r \u00e4nnu st\u00f6rre stabilitet och vridmotst\u00e5nd anv\u00e4nder du tv\u00e5 l\u00e5nga skruvar f\u00f6r inf\u00e4stning.  Monteringsplats: Metallpl\u00e5tar, 30 mm DIN-skena, universell.  Modul\u00e4ra stapelbara kabelkl\u00e4mmor \/ MSMC finns som set A f\u00f6r uppst\u00e4llning och stapling eller som set B f\u00f6r sammankoppling.   Set A inneh\u00e5ller dessutom tv\u00e5 l\u00e5nga sexkantsskruvar. Kabelkl\u00e4mman kan kombineras med en glidmutter f\u00f6r valfri montering p\u00e5 C-skenan.  Set B inneh\u00e5ller en kabelkl\u00e4mma (\u00f6vre och nedre del), en koppling och tv\u00e5 korta sexkantsskruvar.  F\u00f6rdelar:   Flera kabelkl\u00e4mmor kan monteras ihop eller staplas ihop  Kablarnas diameter kan variera upp till 16 mm  Designad f\u00f6r h\u00f6g belastnings avlastning  L\u00e4mplig f\u00f6r stora kabeldiametrar upp till 55 mm  L\u00e4mplig f\u00f6r stora b\u00f6jningsradier av styva kablar  Montering p\u00e5 ytor eller p\u00e5 C-skenan  Upph\u00f6jningarna p\u00e5 st\u00f6dytan m\u00f6jligg\u00f6r absorption av drag- och vridkrafter  Antirotationsl\u00e5s vid montering med tv\u00e5 genomg\u00e5ende bultar  Kopplingen kan anv\u00e4ndas som monteringshj\u00e4lp vid \u00f6verliggande montering  V\u00e4derbest\u00e4ndigt material\" \/>\n<meta property=\"og:url\" content=\"https:\/\/c-profil.se\/english\/product\/modular-stackable-cable-clamp-msmc\/\" \/>\n<meta property=\"og:site_name\" content=\"C-Pro\" \/>\n<meta property=\"article:publisher\" content=\"https:\/\/www.facebook.com\/people\/C-Pro\/61561767306874\/\" \/>\n<meta property=\"article:modified_time\" content=\"2026-03-19T14:23:18+00:00\" \/>\n<meta property=\"og:image\" content=\"https:\/\/c-profil.se\/wp-content\/uploads\/2024\/10\/Modulara-stapelbara-kabelklammor-MSMC.jpg\" \/>\n\t<meta property=\"og:image:width\" content=\"1000\" \/>\n\t<meta property=\"og:image:height\" content=\"1000\" \/>\n\t<meta property=\"og:image:type\" content=\"image\/jpeg\" \/>\n<meta name=\"twitter:card\" content=\"summary_large_image\" \/>\n<meta name=\"twitter:label1\" content=\"Price\" \/>\n\t<meta name=\"twitter:data1\" content=\"\" \/>\n\t<meta name=\"twitter:label2\" content=\"Availability\" \/>\n\t<meta name=\"twitter:data2\" content=\"In stock\" \/>\n<script type=\"application\/ld+json\" class=\"yoast-schema-graph\">{\"@context\":\"https:\\\/\\\/schema.org\",\"@graph\":[{\"@type\":\"WebPage\",\"@id\":\"https:\\\/\\\/c-profil.se\\\/produkt\\\/modulara-stapelbara-kabelklammor-msmc\\\/\",\"url\":\"https:\\\/\\\/c-profil.se\\\/produkt\\\/modulara-stapelbara-kabelklammor-msmc\\\/\",\"name\":\"Modul\u00e4ra kabelkl\u00e4mmor | MSMC - C-Pro\",\"isPartOf\":{\"@id\":\"https:\\\/\\\/c-profil.se\\\/#website\"},\"primaryImageOfPage\":{\"@id\":\"https:\\\/\\\/c-profil.se\\\/produkt\\\/modulara-stapelbara-kabelklammor-msmc\\\/#primaryimage\"},\"image\":{\"@id\":\"https:\\\/\\\/c-profil.se\\\/produkt\\\/modulara-stapelbara-kabelklammor-msmc\\\/#primaryimage\"},\"thumbnailUrl\":\"https:\\\/\\\/c-profil.se\\\/wp-content\\\/uploads\\\/2024\\\/10\\\/Modulara-stapelbara-kabelklammor-MSMC.jpg\",\"datePublished\":\"2024-10-24T07:49:00+00:00\",\"dateModified\":\"2026-03-19T14:23:18+00:00\",\"description\":\"Optimera kabelhanteringen med v\u00e5r modul\u00e4ra stapelbara kabelkl\u00e4mma. Enkel att anpassa och s\u00e4kra, f\u00f6r att h\u00e5lla allt p\u00e5 plats. Best\u00e4ll nu!\",\"breadcrumb\":{\"@id\":\"https:\\\/\\\/c-profil.se\\\/produkt\\\/modulara-stapelbara-kabelklammor-msmc\\\/#breadcrumb\"},\"inLanguage\":\"en\",\"potentialAction\":[{\"@type\":\"ReadAction\",\"target\":[\"https:\\\/\\\/c-profil.se\\\/produkt\\\/modulara-stapelbara-kabelklammor-msmc\\\/\"]}]},{\"@type\":\"ImageObject\",\"inLanguage\":\"en\",\"@id\":\"https:\\\/\\\/c-profil.se\\\/produkt\\\/modulara-stapelbara-kabelklammor-msmc\\\/#primaryimage\",\"url\":\"https:\\\/\\\/c-profil.se\\\/wp-content\\\/uploads\\\/2024\\\/10\\\/Modulara-stapelbara-kabelklammor-MSMC.jpg\",\"contentUrl\":\"https:\\\/\\\/c-profil.se\\\/wp-content\\\/uploads\\\/2024\\\/10\\\/Modulara-stapelbara-kabelklammor-MSMC.jpg\",\"width\":1000,\"height\":1000,\"caption\":\"Modul\u00e4ra stapelbara kabelkl\u00e4mmor MSMC\"},{\"@type\":\"BreadcrumbList\",\"@id\":\"https:\\\/\\\/c-profil.se\\\/produkt\\\/modulara-stapelbara-kabelklammor-msmc\\\/#breadcrumb\",\"itemListElement\":[{\"@type\":\"ListItem\",\"position\":1,\"name\":\"Hem\",\"item\":\"https:\\\/\\\/c-profil.se\\\/\"},{\"@type\":\"ListItem\",\"position\":2,\"name\":\"Produkter\",\"item\":\"https:\\\/\\\/c-profil.se\\\/produkter\\\/\"},{\"@type\":\"ListItem\",\"position\":3,\"name\":\"Dragavlastning\",\"item\":\"https:\\\/\\\/c-profil.se\\\/produkt-kategori\\\/dragavlastning\\\/\"},{\"@type\":\"ListItem\",\"position\":4,\"name\":\"Modul\u00e4ra kabelkl\u00e4mmor | MSMC\"}]},{\"@type\":\"WebSite\",\"@id\":\"https:\\\/\\\/c-profil.se\\\/#website\",\"url\":\"https:\\\/\\\/c-profil.se\\\/\",\"name\":\"C-Pro\",\"description\":\"Produkter f\u00f6r El och Automation\",\"publisher\":{\"@id\":\"https:\\\/\\\/c-profil.se\\\/#organization\"},\"potentialAction\":[{\"@type\":\"SearchAction\",\"target\":{\"@type\":\"EntryPoint\",\"urlTemplate\":\"https:\\\/\\\/c-profil.se\\\/?s={search_term_string}\"},\"query-input\":{\"@type\":\"PropertyValueSpecification\",\"valueRequired\":true,\"valueName\":\"search_term_string\"}}],\"inLanguage\":\"en\"},{\"@type\":\"Organization\",\"@id\":\"https:\\\/\\\/c-profil.se\\\/#organization\",\"name\":\"C-Pro\",\"alternateName\":\"C-PRO\",\"url\":\"https:\\\/\\\/c-profil.se\\\/\",\"logo\":{\"@type\":\"ImageObject\",\"inLanguage\":\"en\",\"@id\":\"https:\\\/\\\/c-profil.se\\\/#\\\/schema\\\/logo\\\/image\\\/\",\"url\":\"https:\\\/\\\/c-profil.se\\\/wp-content\\\/uploads\\\/2022\\\/03\\\/c-pro-logga-liggande-500x500-1.png\",\"contentUrl\":\"https:\\\/\\\/c-profil.se\\\/wp-content\\\/uploads\\\/2022\\\/03\\\/c-pro-logga-liggande-500x500-1.png\",\"width\":500,\"height\":500,\"caption\":\"C-Pro\"},\"image\":{\"@id\":\"https:\\\/\\\/c-profil.se\\\/#\\\/schema\\\/logo\\\/image\\\/\"},\"sameAs\":[\"https:\\\/\\\/www.facebook.com\\\/people\\\/C-Pro\\\/61561767306874\\\/\",\"https:\\\/\\\/www.linkedin.com\\\/company\\\/c-pro-ab\",\"https:\\\/\\\/www.instagram.com\\\/cpro.ab\\\/\"],\"description\":\"C-PRO AB \u00e4r en helt\u00e4ckande leverant\u00f6r av material f\u00f6r applikationer inom el och automation. \u00c4nda sedan starten 1987 har vi f\u00f6rsett den svenska tillverkande industrin med elmaterial. Trots v\u00e5r storlek och ledande position har vi aldrig \u00f6vergett v\u00e5r grundfilosofi, att vara en personlig leverant\u00f6r. Vi p\u00e5 C-PRO \u00e4r l\u00e4tta att komma i kontakt med, \u00e4rliga och brinner f\u00f6r att l\u00f6sa v\u00e5ra kunders problem.\",\"email\":\"info@c-profil.se\",\"telephone\":\"031575785\",\"legalName\":\"C-Profil F\u00f6rl\u00e4ggningsmaterial AB\",\"foundingDate\":\"1987-01-01\"}]}<\/script>\n<meta property=\"product:brand\" content=\"dragavlastning\" \/>\n<meta property=\"product:price:currency\" content=\"SEK\" \/>\n<meta property=\"og:availability\" content=\"instock\" \/>\n<meta property=\"product:availability\" content=\"instock\" \/>\n<meta property=\"product:retailer_item_id\" content=\"MSMC\" \/>\n<meta property=\"product:condition\" content=\"new\" \/>\n<!-- \/ Yoast SEO Premium plugin. -->","yoast_head_json":{"title":"Modular Cable Clamps | MSMC - C-Pro","description":"Optimize cable management with our modular stackable cable clamp. Easy to adjust and secure, to keep everything in place. Order now!","robots":{"index":"index","follow":"follow","max-snippet":"max-snippet:-1","max-image-preview":"max-image-preview:large","max-video-preview":"max-video-preview:-1"},"canonical":"https:\/\/c-profil.se\/english\/product\/modular-stackable-cable-clamp-msmc\/","og_locale":"en_US","og_type":"article","og_title":"Modul\u00e4ra kabelkl\u00e4mmor | MSMC - C-Pro","og_description":"Modul\u00e4ra stapelbara kabelkl\u00e4mmor \/ MSMC anv\u00e4nds f\u00f6r enkel, snabb och s\u00e4ker fasts\u00e4ttning av kablar, r\u00f6r och andra cylindriska komponenter upp till 16 mm. Den stora f\u00f6rdelen med denna kabelkl\u00e4mma \u00e4r att du enkelt f\u00f6rl\u00e4nger den genom att stapla eller sammanfoga. Genom att du anv\u00e4nder CMC30-kopplingen kan olika kl\u00e4momr\u00e5den kopplas till varandra. Modul\u00e4ra stapelbara kabelkl\u00e4mmor \/ MSMC\u00a0 erbjuder en mycket h\u00f6g niv\u00e5 av korrosionsskydd tack vare materialvalet i kabelkl\u00e4mman och skruvarna.  Kabelkl\u00e4mman best\u00e5r av en \u00f6vre och en nedre del samt sexkantskruvar. Du anv\u00e4nder en koppling f\u00f6r att enkelt koppla ihop flera kabelkl\u00e4mmor horisontellt. De l\u00e4ngsg\u00e5ende och tv\u00e4rg\u00e5ende upph\u00f6jningarna p\u00e5 st\u00f6dytan absorberar vrid- och dragkrafter. Den centrala monteringspunkten (h\u00e5l) ger dig en h\u00f6gre grad av flexibilitet p\u00e5 flertalet ytor. F\u00f6r \u00e4nnu st\u00f6rre stabilitet och vridmotst\u00e5nd anv\u00e4nder du tv\u00e5 l\u00e5nga skruvar f\u00f6r inf\u00e4stning.  Monteringsplats: Metallpl\u00e5tar, 30 mm DIN-skena, universell.  Modul\u00e4ra stapelbara kabelkl\u00e4mmor \/ MSMC finns som set A f\u00f6r uppst\u00e4llning och stapling eller som set B f\u00f6r sammankoppling.   Set A inneh\u00e5ller dessutom tv\u00e5 l\u00e5nga sexkantsskruvar. Kabelkl\u00e4mman kan kombineras med en glidmutter f\u00f6r valfri montering p\u00e5 C-skenan.  Set B inneh\u00e5ller en kabelkl\u00e4mma (\u00f6vre och nedre del), en koppling och tv\u00e5 korta sexkantsskruvar.  F\u00f6rdelar:   Flera kabelkl\u00e4mmor kan monteras ihop eller staplas ihop  Kablarnas diameter kan variera upp till 16 mm  Designad f\u00f6r h\u00f6g belastnings avlastning  L\u00e4mplig f\u00f6r stora kabeldiametrar upp till 55 mm  L\u00e4mplig f\u00f6r stora b\u00f6jningsradier av styva kablar  Montering p\u00e5 ytor eller p\u00e5 C-skenan  Upph\u00f6jningarna p\u00e5 st\u00f6dytan m\u00f6jligg\u00f6r absorption av drag- och vridkrafter  Antirotationsl\u00e5s vid montering med tv\u00e5 genomg\u00e5ende bultar  Kopplingen kan anv\u00e4ndas som monteringshj\u00e4lp vid \u00f6verliggande montering  V\u00e4derbest\u00e4ndigt material","og_url":"https:\/\/c-profil.se\/english\/product\/modular-stackable-cable-clamp-msmc\/","og_site_name":"C-Pro","article_publisher":"https:\/\/www.facebook.com\/people\/C-Pro\/61561767306874\/","article_modified_time":"2026-03-19T14:23:18+00:00","og_image":[{"width":1000,"height":1000,"url":"https:\/\/c-profil.se\/wp-content\/uploads\/2024\/10\/Modulara-stapelbara-kabelklammor-MSMC.jpg","type":"image\/jpeg"}],"twitter_card":"summary_large_image","twitter_misc":{"Price":"","Availability":"In stock"},"schema":{"@context":"https:\/\/schema.org","@graph":[{"@type":"WebPage","@id":"https:\/\/c-profil.se\/produkt\/modulara-stapelbara-kabelklammor-msmc\/","url":"https:\/\/c-profil.se\/produkt\/modulara-stapelbara-kabelklammor-msmc\/","name":"Modular Cable Clamps | MSMC - C-Pro","isPartOf":{"@id":"https:\/\/c-profil.se\/#website"},"primaryImageOfPage":{"@id":"https:\/\/c-profil.se\/produkt\/modulara-stapelbara-kabelklammor-msmc\/#primaryimage"},"image":{"@id":"https:\/\/c-profil.se\/produkt\/modulara-stapelbara-kabelklammor-msmc\/#primaryimage"},"thumbnailUrl":"https:\/\/c-profil.se\/wp-content\/uploads\/2024\/10\/Modulara-stapelbara-kabelklammor-MSMC.jpg","datePublished":"2024-10-24T07:49:00+00:00","dateModified":"2026-03-19T14:23:18+00:00","description":"Optimize cable management with our modular stackable cable clamp. Easy to adjust and secure, to keep everything in place. Order now!","breadcrumb":{"@id":"https:\/\/c-profil.se\/produkt\/modulara-stapelbara-kabelklammor-msmc\/#breadcrumb"},"inLanguage":"en","potentialAction":[{"@type":"ReadAction","target":["https:\/\/c-profil.se\/produkt\/modulara-stapelbara-kabelklammor-msmc\/"]}]},{"@type":"ImageObject","inLanguage":"en","@id":"https:\/\/c-profil.se\/produkt\/modulara-stapelbara-kabelklammor-msmc\/#primaryimage","url":"https:\/\/c-profil.se\/wp-content\/uploads\/2024\/10\/Modulara-stapelbara-kabelklammor-MSMC.jpg","contentUrl":"https:\/\/c-profil.se\/wp-content\/uploads\/2024\/10\/Modulara-stapelbara-kabelklammor-MSMC.jpg","width":1000,"height":1000,"caption":"Modul\u00e4ra stapelbara kabelkl\u00e4mmor MSMC"},{"@type":"BreadcrumbList","@id":"https:\/\/c-profil.se\/produkt\/modulara-stapelbara-kabelklammor-msmc\/#breadcrumb","itemListElement":[{"@type":"ListItem","position":1,"name":"Hem","item":"https:\/\/c-profil.se\/"},{"@type":"ListItem","position":2,"name":"Produkter","item":"https:\/\/c-profil.se\/produkter\/"},{"@type":"ListItem","position":3,"name":"Dragavlastning","item":"https:\/\/c-profil.se\/produkt-kategori\/dragavlastning\/"},{"@type":"ListItem","position":4,"name":"Modul\u00e4ra kabelkl\u00e4mmor | MSMC"}]},{"@type":"WebSite","@id":"https:\/\/c-profil.se\/#website","url":"https:\/\/c-profil.se\/","name":"C-Pro","description":"Products for Electricity and Automation","publisher":{"@id":"https:\/\/c-profil.se\/#organization"},"potentialAction":[{"@type":"SearchAction","target":{"@type":"EntryPoint","urlTemplate":"https:\/\/c-profil.se\/?s={search_term_string}"},"query-input":{"@type":"PropertyValueSpecification","valueRequired":true,"valueName":"search_term_string"}}],"inLanguage":"en"},{"@type":"Organization","@id":"https:\/\/c-profil.se\/#organization","name":"C-Pro","alternateName":"C-PRO","url":"https:\/\/c-profil.se\/","logo":{"@type":"ImageObject","inLanguage":"en","@id":"https:\/\/c-profil.se\/#\/schema\/logo\/image\/","url":"https:\/\/c-profil.se\/wp-content\/uploads\/2022\/03\/c-pro-logga-liggande-500x500-1.png","contentUrl":"https:\/\/c-profil.se\/wp-content\/uploads\/2022\/03\/c-pro-logga-liggande-500x500-1.png","width":500,"height":500,"caption":"C-Pro"},"image":{"@id":"https:\/\/c-profil.se\/#\/schema\/logo\/image\/"},"sameAs":["https:\/\/www.facebook.com\/people\/C-Pro\/61561767306874\/","https:\/\/www.linkedin.com\/company\/c-pro-ab","https:\/\/www.instagram.com\/cpro.ab\/"],"description":"C-PRO AB is a comprehensive supplier of materials for applications in electricity and automation. Ever since the start in 1987, we have supplied the Swedish manufacturing industry with electrical materials. Despite our size and leading position, we have never abandoned our basic philosophy, to be a personal supplier. We at C-PRO are easy to get in touch with, honest and passionate about solving our customers&#039; problems.","email":"info@c-profil.se","telephone":"031575785","legalName":"C-Profil F\u00f6rl\u00e4ggningsmaterial AB","foundingDate":"1987-01-01"}]},"product_brand":"dragavlastning","product_price_currency":"SEK","og_availability":"instock","product_availability":"instock","product_retailer_item_id":"MSMC","product_condition":"new"},"_links":{"self":[{"href":"https:\/\/c-profil.se\/english\/wp-json\/wp\/v2\/product\/49518","targetHints":{"allow":["GET"]}}],"collection":[{"href":"https:\/\/c-profil.se\/english\/wp-json\/wp\/v2\/product"}],"about":[{"href":"https:\/\/c-profil.se\/english\/wp-json\/wp\/v2\/types\/product"}],"version-history":[{"count":7,"href":"https:\/\/c-profil.se\/english\/wp-json\/wp\/v2\/product\/49518\/revisions"}],"predecessor-version":[{"id":74412,"href":"https:\/\/c-profil.se\/english\/wp-json\/wp\/v2\/product\/49518\/revisions\/74412"}],"wp:featuredmedia":[{"embeddable":true,"href":"https:\/\/c-profil.se\/english\/wp-json\/wp\/v2\/media\/49519"}],"wp:attachment":[{"href":"https:\/\/c-profil.se\/english\/wp-json\/wp\/v2\/media?parent=49518"}],"wp:term":[{"taxonomy":"product_brand","embeddable":true,"href":"https:\/\/c-profil.se\/english\/wp-json\/wp\/v2\/product_brand?post=49518"},{"taxonomy":"product_cat","embeddable":true,"href":"https:\/\/c-profil.se\/english\/wp-json\/wp\/v2\/product_cat?post=49518"},{"taxonomy":"product_tag","embeddable":true,"href":"https:\/\/c-profil.se\/english\/wp-json\/wp\/v2\/product_tag?post=49518"}],"curies":[{"name":"wp","href":"https:\/\/api.w.org\/{rel}","templated":true}]}}