{"id":48494,"date":"2024-10-15T12:42:00","date_gmt":"2024-10-15T11:42:00","guid":{"rendered":"https:\/\/c-profil.se\/?post_type=product&#038;p=48494"},"modified":"2026-04-21T09:20:24","modified_gmt":"2026-04-21T08:20:24","slug":"enclosure-e-gran-a","status":"publish","type":"product","link":"https:\/\/c-profil.se\/english\/produkt\/kapsling-e-gran-a\/","title":{"rendered":"Enclosure | E GRAN .A"},"content":{"rendered":"<p><strong>E GRAN .A is a steel enclosure with a screwed lid for industrial installations<\/strong>, developed for the safe containment of electrical and electronic components.<br \/>\nThe enclosure has a smooth lid that is attached with anti-slip screws and can be supplemented with a mounting plate and hinges if necessary.<\/p>","protected":false},"excerpt":{"rendered":"<p class=\"ai-optimize-31\">Enclosure E GRAN .A with screwed lid. An enclosure with a smooth screwed lid that is screwed with anti-slip screws. Possibility to order mounting plate and hinges separately.<br \/>\nE GRAN .A enclosure is carefully designed to provide a safe and efficient solution for electrical and electronic connections. Designed with precision and attention to detail, these enclosures ensure that your cables remain organized, secure and easily accessible.<\/p>\n<ul>\n<li class=\"ai-optimize-32\">Protection level guaranteed by two-component polyurethane foam sealing<\/li>\n<\/ul>\n<p class=\"ai-optimize-33\"><strong>Advantages<\/strong><\/p>\n<ul>\n<li class=\"ai-optimize-34\"><strong>Durable construction:<\/strong> Both box and lid are made of high-quality sheet steel, which ensures robustness and a long service life.<\/li>\n<li class=\"ai-optimize-35\"><strong>Secure cover:<\/strong> The cover is securely attached with fastening screws, ensuring that the contents remain protected from external factors.<\/li>\n<li class=\"ai-optimize-36\"><strong>Optional hinges:<\/strong> The box is designed with holes to accommodate optional hinges, providing flexibility in access and maintenance.<\/li>\n<\/ul>\n<p><img decoding=\"async\" class=\"alignnone wp-image-55136\" src=\"https:\/\/c-profil.se\/wp-content\/uploads\/2024\/10\/E-GRAN.png\" alt=\"E GRAN logo\" width=\"300\" height=\"40\" \/><\/p>","protected":false},"featured_media":72279,"template":"","meta":{"_acf_changed":false},"product_brand":[738],"product_cat":[247],"product_tag":[944,990,945],"class_list":{"0":"post-48494","1":"product","2":"type-product","3":"status-publish","4":"has-post-thumbnail","6":"product_brand-eta","7":"product_cat-apparatskap-plat","8":"product_tag-automation","9":"product_tag-kapsling","10":"product_tag-vaggmontage","12":"first","13":"instock","14":"shipping-taxable","15":"product-type-simple"},"acf":[],"yoast_head":"<!-- This site is optimized with the Yoast SEO Premium plugin v27.6 (Yoast SEO v27.6) - https:\/\/yoast.com\/product\/yoast-seo-premium-wordpress\/ -->\n<title>Kapsling | E GRAN .A - C-Pro<\/title>\n<meta name=\"description\" content=\"H\u00e5ll dina kablar organiserade och s\u00e4kra med Kapsling E GRAN .A. En s\u00e4ker och effektiv l\u00f6sning f\u00f6r elektriska anslutningar. Best\u00e4ll din idag!\" \/>\n<meta name=\"robots\" content=\"index, follow, max-snippet:-1, max-image-preview:large, max-video-preview:-1\" \/>\n<link rel=\"canonical\" href=\"https:\/\/c-profil.se\/english\/product\/enclosure-e-gran-a\/\" \/>\n<meta property=\"og:locale\" content=\"en_US\" \/>\n<meta property=\"og:type\" content=\"article\" \/>\n<meta property=\"og:title\" content=\"Kapsling | E GRAN .A - C-Pro\" \/>\n<meta property=\"og:description\" content=\"Kapsling E GRAN .A med skruvat lock. En kapsling med sl\u00e4tt skruvat lock som \u00e4r skruvat med halkskyddsskruvar. M\u00f6jlighet att best\u00e4lla monteringsplatta och g\u00e5ngj\u00e4rn separat. E GRAN .A kapslingen \u00e4r noggrant utformad f\u00f6r att ge en s\u00e4ker och effektiv l\u00f6sning f\u00f6r elektriska och elektroniska anslutningar. Dessa kapslingar, designade med precision och uppm\u00e4rksamhet p\u00e5 detaljer, ser till att dina kablar f\u00f6rblir organiserade, s\u00e4kra och l\u00e4ttillg\u00e4ngliga.    Skyddsniv\u00e5 garanterad av tv\u00e5komponents polyuretanskumt\u00e4tning  F\u00f6rdelar    H\u00e5llbar konstruktion: B\u00e5de l\u00e5da och lock \u00e4r tillverkade av h\u00f6gkvalitativt st\u00e5lpl\u00e5t, vilket s\u00e4kerst\u00e4ller robusthet och l\u00e5ng livsl\u00e4ngd.  S\u00e4kert lock: Locket \u00e4r s\u00e4kert f\u00e4st med f\u00e4stskruvar, vilket s\u00e4kerst\u00e4ller att inneh\u00e5llet f\u00f6rblir skyddat fr\u00e5n yttre faktorer.  Valfria g\u00e5ngj\u00e4rn: L\u00e5dan \u00e4r utformad med h\u00e5l f\u00f6r att rymma valfria g\u00e5ngj\u00e4rn, vilket ger flexibilitet i \u00e5tkomst och underh\u00e5ll.\" \/>\n<meta property=\"og:url\" content=\"https:\/\/c-profil.se\/english\/product\/enclosure-e-gran-a\/\" \/>\n<meta property=\"og:site_name\" content=\"C-Pro\" \/>\n<meta property=\"article:publisher\" content=\"https:\/\/www.facebook.com\/people\/C-Pro\/61561767306874\/\" \/>\n<meta property=\"article:modified_time\" content=\"2026-04-21T08:20:24+00:00\" \/>\n<meta property=\"og:image\" content=\"https:\/\/c-profil.se\/wp-content\/uploads\/2024\/10\/Kopplingslada-E-GRAN-alla.jpg\" \/>\n\t<meta property=\"og:image:width\" content=\"1000\" \/>\n\t<meta property=\"og:image:height\" content=\"1000\" \/>\n\t<meta property=\"og:image:type\" content=\"image\/jpeg\" \/>\n<meta name=\"twitter:card\" content=\"summary_large_image\" \/>\n<meta name=\"twitter:label1\" content=\"Price\" \/>\n\t<meta name=\"twitter:data1\" content=\"\" \/>\n\t<meta name=\"twitter:label2\" content=\"Availability\" \/>\n\t<meta name=\"twitter:data2\" content=\"In stock\" \/>\n<script type=\"application\/ld+json\" class=\"yoast-schema-graph\">{\"@context\":\"https:\\\/\\\/schema.org\",\"@graph\":[{\"@type\":\"WebPage\",\"@id\":\"https:\\\/\\\/c-profil.se\\\/produkt\\\/kapsling-e-gran-a\\\/\",\"url\":\"https:\\\/\\\/c-profil.se\\\/produkt\\\/kapsling-e-gran-a\\\/\",\"name\":\"Kapsling | E GRAN .A - C-Pro\",\"isPartOf\":{\"@id\":\"https:\\\/\\\/c-profil.se\\\/#website\"},\"primaryImageOfPage\":{\"@id\":\"https:\\\/\\\/c-profil.se\\\/produkt\\\/kapsling-e-gran-a\\\/#primaryimage\"},\"image\":{\"@id\":\"https:\\\/\\\/c-profil.se\\\/produkt\\\/kapsling-e-gran-a\\\/#primaryimage\"},\"thumbnailUrl\":\"https:\\\/\\\/c-profil.se\\\/wp-content\\\/uploads\\\/2024\\\/10\\\/Kopplingslada-E-GRAN-alla.jpg\",\"datePublished\":\"2024-10-15T11:42:00+00:00\",\"dateModified\":\"2026-04-21T08:20:24+00:00\",\"description\":\"H\u00e5ll dina kablar organiserade och s\u00e4kra med Kapsling E GRAN .A. En s\u00e4ker och effektiv l\u00f6sning f\u00f6r elektriska anslutningar. Best\u00e4ll din idag!\",\"breadcrumb\":{\"@id\":\"https:\\\/\\\/c-profil.se\\\/produkt\\\/kapsling-e-gran-a\\\/#breadcrumb\"},\"inLanguage\":\"en\",\"potentialAction\":[{\"@type\":\"ReadAction\",\"target\":[\"https:\\\/\\\/c-profil.se\\\/produkt\\\/kapsling-e-gran-a\\\/\"]}]},{\"@type\":\"ImageObject\",\"inLanguage\":\"en\",\"@id\":\"https:\\\/\\\/c-profil.se\\\/produkt\\\/kapsling-e-gran-a\\\/#primaryimage\",\"url\":\"https:\\\/\\\/c-profil.se\\\/wp-content\\\/uploads\\\/2024\\\/10\\\/Kopplingslada-E-GRAN-alla.jpg\",\"contentUrl\":\"https:\\\/\\\/c-profil.se\\\/wp-content\\\/uploads\\\/2024\\\/10\\\/Kopplingslada-E-GRAN-alla.jpg\",\"width\":1000,\"height\":1000,\"caption\":\"Kopplingsl\u00e5da E GRAN\"},{\"@type\":\"BreadcrumbList\",\"@id\":\"https:\\\/\\\/c-profil.se\\\/produkt\\\/kapsling-e-gran-a\\\/#breadcrumb\",\"itemListElement\":[{\"@type\":\"ListItem\",\"position\":1,\"name\":\"Hem\",\"item\":\"https:\\\/\\\/c-profil.se\\\/\"},{\"@type\":\"ListItem\",\"position\":2,\"name\":\"Produkter\",\"item\":\"https:\\\/\\\/c-profil.se\\\/produkter\\\/\"},{\"@type\":\"ListItem\",\"position\":3,\"name\":\"Apparatsk\u00e5p i Pl\u00e5t\",\"item\":\"https:\\\/\\\/c-profil.se\\\/produkt-kategori\\\/apparatskap-plat\\\/\"},{\"@type\":\"ListItem\",\"position\":4,\"name\":\"Kapsling | E GRAN .A\"}]},{\"@type\":\"WebSite\",\"@id\":\"https:\\\/\\\/c-profil.se\\\/#website\",\"url\":\"https:\\\/\\\/c-profil.se\\\/\",\"name\":\"C-Pro\",\"description\":\"Produkter f\u00f6r El och Automation\",\"publisher\":{\"@id\":\"https:\\\/\\\/c-profil.se\\\/#organization\"},\"potentialAction\":[{\"@type\":\"SearchAction\",\"target\":{\"@type\":\"EntryPoint\",\"urlTemplate\":\"https:\\\/\\\/c-profil.se\\\/?s={search_term_string}\"},\"query-input\":{\"@type\":\"PropertyValueSpecification\",\"valueRequired\":true,\"valueName\":\"search_term_string\"}}],\"inLanguage\":\"en\"},{\"@type\":\"Organization\",\"@id\":\"https:\\\/\\\/c-profil.se\\\/#organization\",\"name\":\"C-Pro\",\"alternateName\":\"C-PRO\",\"url\":\"https:\\\/\\\/c-profil.se\\\/\",\"logo\":{\"@type\":\"ImageObject\",\"inLanguage\":\"en\",\"@id\":\"https:\\\/\\\/c-profil.se\\\/#\\\/schema\\\/logo\\\/image\\\/\",\"url\":\"https:\\\/\\\/c-profil.se\\\/wp-content\\\/uploads\\\/2022\\\/03\\\/c-pro-logga-liggande-500x500-1.png\",\"contentUrl\":\"https:\\\/\\\/c-profil.se\\\/wp-content\\\/uploads\\\/2022\\\/03\\\/c-pro-logga-liggande-500x500-1.png\",\"width\":500,\"height\":500,\"caption\":\"C-Pro\"},\"image\":{\"@id\":\"https:\\\/\\\/c-profil.se\\\/#\\\/schema\\\/logo\\\/image\\\/\"},\"sameAs\":[\"https:\\\/\\\/www.facebook.com\\\/people\\\/C-Pro\\\/61561767306874\\\/\",\"https:\\\/\\\/www.linkedin.com\\\/company\\\/c-pro-ab\",\"https:\\\/\\\/www.instagram.com\\\/cpro.ab\\\/\"],\"description\":\"C-PRO AB \u00e4r en helt\u00e4ckande leverant\u00f6r av material f\u00f6r applikationer inom el och automation. \u00c4nda sedan starten 1987 har vi f\u00f6rsett den svenska tillverkande industrin med elmaterial. Trots v\u00e5r storlek och ledande position har vi aldrig \u00f6vergett v\u00e5r grundfilosofi, att vara en personlig leverant\u00f6r. Vi p\u00e5 C-PRO \u00e4r l\u00e4tta att komma i kontakt med, \u00e4rliga och brinner f\u00f6r att l\u00f6sa v\u00e5ra kunders problem.\",\"email\":\"info@c-profil.se\",\"telephone\":\"031575785\",\"legalName\":\"C-Profil F\u00f6rl\u00e4ggningsmaterial AB\",\"foundingDate\":\"1987-01-01\"}]}<\/script>\n<meta property=\"product:brand\" content=\"automation\" \/>\n<meta property=\"product:price:currency\" content=\"SEK\" \/>\n<meta property=\"og:availability\" content=\"instock\" \/>\n<meta property=\"product:availability\" content=\"instock\" \/>\n<meta property=\"product:retailer_item_id\" content=\"E GRAN .A\" \/>\n<meta property=\"product:condition\" content=\"new\" \/>\n<!-- \/ Yoast SEO Premium plugin. -->","yoast_head_json":{"title":"Enclosure | E GRAN .A - C-Pro","description":"Keep your cables organized and secure with Kapsling E GRAN .A. A safe and effective solution for electrical connections. Order yours today!","robots":{"index":"index","follow":"follow","max-snippet":"max-snippet:-1","max-image-preview":"max-image-preview:large","max-video-preview":"max-video-preview:-1"},"canonical":"https:\/\/c-profil.se\/english\/product\/enclosure-e-gran-a\/","og_locale":"en_US","og_type":"article","og_title":"Kapsling | E GRAN .A - C-Pro","og_description":"Kapsling E GRAN .A med skruvat lock. En kapsling med sl\u00e4tt skruvat lock som \u00e4r skruvat med halkskyddsskruvar. M\u00f6jlighet att best\u00e4lla monteringsplatta och g\u00e5ngj\u00e4rn separat. E GRAN .A kapslingen \u00e4r noggrant utformad f\u00f6r att ge en s\u00e4ker och effektiv l\u00f6sning f\u00f6r elektriska och elektroniska anslutningar. Dessa kapslingar, designade med precision och uppm\u00e4rksamhet p\u00e5 detaljer, ser till att dina kablar f\u00f6rblir organiserade, s\u00e4kra och l\u00e4ttillg\u00e4ngliga.    Skyddsniv\u00e5 garanterad av tv\u00e5komponents polyuretanskumt\u00e4tning  F\u00f6rdelar    H\u00e5llbar konstruktion: B\u00e5de l\u00e5da och lock \u00e4r tillverkade av h\u00f6gkvalitativt st\u00e5lpl\u00e5t, vilket s\u00e4kerst\u00e4ller robusthet och l\u00e5ng livsl\u00e4ngd.  S\u00e4kert lock: Locket \u00e4r s\u00e4kert f\u00e4st med f\u00e4stskruvar, vilket s\u00e4kerst\u00e4ller att inneh\u00e5llet f\u00f6rblir skyddat fr\u00e5n yttre faktorer.  Valfria g\u00e5ngj\u00e4rn: L\u00e5dan \u00e4r utformad med h\u00e5l f\u00f6r att rymma valfria g\u00e5ngj\u00e4rn, vilket ger flexibilitet i \u00e5tkomst och underh\u00e5ll.","og_url":"https:\/\/c-profil.se\/english\/product\/enclosure-e-gran-a\/","og_site_name":"C-Pro","article_publisher":"https:\/\/www.facebook.com\/people\/C-Pro\/61561767306874\/","article_modified_time":"2026-04-21T08:20:24+00:00","og_image":[{"width":1000,"height":1000,"url":"https:\/\/c-profil.se\/wp-content\/uploads\/2024\/10\/Kopplingslada-E-GRAN-alla.jpg","type":"image\/jpeg"}],"twitter_card":"summary_large_image","twitter_misc":{"Price":"","Availability":"In stock"},"schema":{"@context":"https:\/\/schema.org","@graph":[{"@type":"WebPage","@id":"https:\/\/c-profil.se\/produkt\/kapsling-e-gran-a\/","url":"https:\/\/c-profil.se\/produkt\/kapsling-e-gran-a\/","name":"Enclosure | E GRAN .A - C-Pro","isPartOf":{"@id":"https:\/\/c-profil.se\/#website"},"primaryImageOfPage":{"@id":"https:\/\/c-profil.se\/produkt\/kapsling-e-gran-a\/#primaryimage"},"image":{"@id":"https:\/\/c-profil.se\/produkt\/kapsling-e-gran-a\/#primaryimage"},"thumbnailUrl":"https:\/\/c-profil.se\/wp-content\/uploads\/2024\/10\/Kopplingslada-E-GRAN-alla.jpg","datePublished":"2024-10-15T11:42:00+00:00","dateModified":"2026-04-21T08:20:24+00:00","description":"Keep your cables organized and secure with Kapsling E GRAN .A. A safe and effective solution for electrical connections. Order yours today!","breadcrumb":{"@id":"https:\/\/c-profil.se\/produkt\/kapsling-e-gran-a\/#breadcrumb"},"inLanguage":"en","potentialAction":[{"@type":"ReadAction","target":["https:\/\/c-profil.se\/produkt\/kapsling-e-gran-a\/"]}]},{"@type":"ImageObject","inLanguage":"en","@id":"https:\/\/c-profil.se\/produkt\/kapsling-e-gran-a\/#primaryimage","url":"https:\/\/c-profil.se\/wp-content\/uploads\/2024\/10\/Kopplingslada-E-GRAN-alla.jpg","contentUrl":"https:\/\/c-profil.se\/wp-content\/uploads\/2024\/10\/Kopplingslada-E-GRAN-alla.jpg","width":1000,"height":1000,"caption":"Kopplingsl\u00e5da E GRAN"},{"@type":"BreadcrumbList","@id":"https:\/\/c-profil.se\/produkt\/kapsling-e-gran-a\/#breadcrumb","itemListElement":[{"@type":"ListItem","position":1,"name":"Hem","item":"https:\/\/c-profil.se\/"},{"@type":"ListItem","position":2,"name":"Produkter","item":"https:\/\/c-profil.se\/produkter\/"},{"@type":"ListItem","position":3,"name":"Apparatsk\u00e5p i Pl\u00e5t","item":"https:\/\/c-profil.se\/produkt-kategori\/apparatskap-plat\/"},{"@type":"ListItem","position":4,"name":"Kapsling | E GRAN .A"}]},{"@type":"WebSite","@id":"https:\/\/c-profil.se\/#website","url":"https:\/\/c-profil.se\/","name":"C-Pro","description":"Products for Electricity and Automation","publisher":{"@id":"https:\/\/c-profil.se\/#organization"},"potentialAction":[{"@type":"SearchAction","target":{"@type":"EntryPoint","urlTemplate":"https:\/\/c-profil.se\/?s={search_term_string}"},"query-input":{"@type":"PropertyValueSpecification","valueRequired":true,"valueName":"search_term_string"}}],"inLanguage":"en"},{"@type":"Organization","@id":"https:\/\/c-profil.se\/#organization","name":"C-Pro","alternateName":"C-PRO","url":"https:\/\/c-profil.se\/","logo":{"@type":"ImageObject","inLanguage":"en","@id":"https:\/\/c-profil.se\/#\/schema\/logo\/image\/","url":"https:\/\/c-profil.se\/wp-content\/uploads\/2022\/03\/c-pro-logga-liggande-500x500-1.png","contentUrl":"https:\/\/c-profil.se\/wp-content\/uploads\/2022\/03\/c-pro-logga-liggande-500x500-1.png","width":500,"height":500,"caption":"C-Pro"},"image":{"@id":"https:\/\/c-profil.se\/#\/schema\/logo\/image\/"},"sameAs":["https:\/\/www.facebook.com\/people\/C-Pro\/61561767306874\/","https:\/\/www.linkedin.com\/company\/c-pro-ab","https:\/\/www.instagram.com\/cpro.ab\/"],"description":"C-PRO AB is a comprehensive supplier of materials for applications in electricity and automation. Ever since the start in 1987, we have supplied the Swedish manufacturing industry with electrical materials. Despite our size and leading position, we have never abandoned our basic philosophy, to be a personal supplier. We at C-PRO are easy to get in touch with, honest and passionate about solving our customers&#039; problems.","email":"info@c-profil.se","telephone":"031575785","legalName":"C-Profil F\u00f6rl\u00e4ggningsmaterial AB","foundingDate":"1987-01-01"}]},"product_brand":"automation","product_price_currency":"SEK","og_availability":"instock","product_availability":"instock","product_retailer_item_id":"E GRAN .A","product_condition":"new"},"_links":{"self":[{"href":"https:\/\/c-profil.se\/english\/wp-json\/wp\/v2\/product\/48494","targetHints":{"allow":["GET"]}}],"collection":[{"href":"https:\/\/c-profil.se\/english\/wp-json\/wp\/v2\/product"}],"about":[{"href":"https:\/\/c-profil.se\/english\/wp-json\/wp\/v2\/types\/product"}],"version-history":[{"count":14,"href":"https:\/\/c-profil.se\/english\/wp-json\/wp\/v2\/product\/48494\/revisions"}],"predecessor-version":[{"id":75064,"href":"https:\/\/c-profil.se\/english\/wp-json\/wp\/v2\/product\/48494\/revisions\/75064"}],"wp:featuredmedia":[{"embeddable":true,"href":"https:\/\/c-profil.se\/english\/wp-json\/wp\/v2\/media\/72279"}],"wp:attachment":[{"href":"https:\/\/c-profil.se\/english\/wp-json\/wp\/v2\/media?parent=48494"}],"wp:term":[{"taxonomy":"product_brand","embeddable":true,"href":"https:\/\/c-profil.se\/english\/wp-json\/wp\/v2\/product_brand?post=48494"},{"taxonomy":"product_cat","embeddable":true,"href":"https:\/\/c-profil.se\/english\/wp-json\/wp\/v2\/product_cat?post=48494"},{"taxonomy":"product_tag","embeddable":true,"href":"https:\/\/c-profil.se\/english\/wp-json\/wp\/v2\/product_tag?post=48494"}],"curies":[{"name":"wp","href":"https:\/\/api.w.org\/{rel}","templated":true}]}}