{"id":45963,"date":"2024-08-29T09:00:00","date_gmt":"2024-08-29T08:00:00","guid":{"rendered":"https:\/\/c-profil.se\/?post_type=product&#038;p=45963"},"modified":"2026-03-19T15:09:01","modified_gmt":"2026-03-19T14:09:01","slug":"cable-entry-adapter-90-kea","status":"publish","type":"product","link":"https:\/\/c-profil.se\/english\/produkt\/kabelgenomforingsadapter-90-kea\/","title":{"rendered":"Cable gland adapter 90\u00b0 | KEA"},"content":{"rendered":"<p><strong>KEA is a 90\u00b0 cable gland adapter for industrial installations<\/strong>, designed to mount cable entry frames and plates in angled applications.<br \/>\nThe adapter protects cables against mechanical stress and enables flexible cable routing in tight spaces.<\/p>","protected":false},"excerpt":{"rendered":"<p class=\"ai-optimize-31\">Cable entry adapter 90\u00b0 \/ KEA is a adapter for accommodating various cable entry frames of size 24.The adapter allows cables to be routed at a 90\u00b0 angle. The installation direction can be horizontal or vertical. The cables are protected against mechanical tension in the entry and exit areas. Wall mounting is done either with screws and nuts or by using threaded bushings. A suitable wall seal is included in the scope of delivery. we also offers <a href=\"https:\/\/c-profil.se\/english\/product\/punches-rectangular\/\">rektangular punches<\/a> for the cut-out.<\/p>\n<p class=\"ai-optimize-32\">The cable entry plates <a href=\"https:\/\/c-profil.se\/english\/product\/cable-entry-plate-kel-dp\/\">KEL-DP 24<\/a> Type B can be easily snapped onto the KEA 24 W90 R.<br \/>\nThe cable entry frames <a href=\"https:\/\/c-profil.se\/english\/product\/split-cable-entry-frame-kel-u\/\">KEL-U 24<\/a>, <a href=\"https:\/\/c-profil.se\/english\/product\/split-cable-entry-frame-kel-er\/\">KEL-ER 24<\/a> and the cable entry plates <a href=\"https:\/\/c-profil.se\/english\/product\/cable-entry-plate-kel-dpz\/\">KEL-DPZ 24<\/a> and <a href=\"https:\/\/c-profil.se\/english\/product\/cable-entry-plate-kel-dpu\/\">KEL-DPU 24<\/a> can be screwed onto the KEA 24 W90 S. This enables the insertion of pre-assembled and non-assembled cables.<\/p>\n<p class=\"ai-optimize-33\"><strong style=\"font-weight: bold;color: #3a3a3a\">IP<\/strong><span style=\"color: #3a3a3a\">\u2013<\/span><strong style=\"font-weight: bold;color: #3a3a3a\">Class <strong>(KEA + \u2026):<\/strong><\/strong><span style=\"color: #3a3a3a\">\u00a0<\/span><\/p>\n<ul>\n<li class=\"ai-optimize-34\">KEL-ER 24: IP54, IP65<\/li>\n<li class=\"ai-optimize-35\">KEL-U 24: IP54<\/li>\n<li class=\"ai-optimize-36\">KEL 24: IP54<\/li>\n<li class=\"ai-optimize-37\">KEL-DPU 24: IP54, IP65<\/li>\n<li class=\"ai-optimize-38\">KEL-DPZ 24: IP54, IP65, IP66<\/li>\n<li class=\"ai-optimize-39\">KEL-DP 24 B: IP54<\/li>\n<\/ul>\n<p class=\"ai-optimize-41\"><strong>Advantages:<\/strong><\/p>\n<ul>\n<li class=\"ai-optimize-42\">Allows the adaptation of cable entry plates at a 90\u00b0 angle<\/li>\n<li class=\"ai-optimize-43\">Quick and easy, partly tool-free (R variant) assembly<\/li>\n<li class=\"ai-optimize-44\">High packing density in combination with cable entry plates (size 24)<\/li>\n<li class=\"ai-optimize-45\">Mechanical protection at cable entry and exit due to the closed housing<\/li>\n<li class=\"ai-optimize-46\">Universal 90\u00b0 adapter for many icotek products in size 24<\/li>\n<li class=\"ai-optimize-47\">Space saving within the control cabinet due to the bending radius being shifted outwards<\/li>\n<li class=\"ai-optimize-48\">Edge protection<\/li>\n<li class=\"ai-optimize-49\">Wall seal included<\/li>\n<li class=\"ai-optimize-50\">High stability due to the geometry of the housing<\/li>\n<\/ul>","protected":false},"featured_media":51134,"template":"","meta":{"_acf_changed":false},"product_brand":[740],"product_cat":[305],"product_tag":[953,992,938,990,1005,939],"class_list":{"0":"post-45963","1":"product","2":"type-product","3":"status-publish","4":"has-post-thumbnail","6":"product_brand-icotek","7":"product_cat-kabelgenomforingssystem-for-kablar-med-kontakt","8":"product_tag-eftermontering","9":"product_tag-kabelgenomforing","10":"product_tag-kabelinforing","11":"product_tag-kapsling","12":"product_tag-platbearbetning","13":"product_tag-tatning","15":"first","16":"instock","17":"shipping-taxable","18":"product-type-simple"},"acf":[],"yoast_head":"<!-- This site is optimized with the Yoast SEO Premium plugin v27.5 (Yoast SEO v27.5) - https:\/\/yoast.com\/product\/yoast-seo-premium-wordpress\/ -->\n<title>Kabelgenomf\u00f6ringsadapter 90\u00b0 | KEA - C-Pro<\/title>\n<meta name=\"description\" content=\"Kabelgenomf\u00f6ringsadapter 90\u00b0 \/ KEA \u00e4r en adapter f\u00f6r att f\u00e5 plats med olika kabelgenomf\u00f6ringsramar i storlek 24. Kablar kan dras i 90\u00b0 vinkel. L\u00e4s Mer!\" \/>\n<meta name=\"robots\" content=\"index, follow, max-snippet:-1, max-image-preview:large, max-video-preview:-1\" \/>\n<link rel=\"canonical\" href=\"https:\/\/c-profil.se\/english\/product\/cable-entry-adapter-90-kea\/\" \/>\n<meta property=\"og:locale\" content=\"en_US\" \/>\n<meta property=\"og:type\" content=\"article\" \/>\n<meta property=\"og:title\" content=\"Kabelgenomf\u00f6ringsadapter 90\u00b0 | KEA - C-Pro\" \/>\n<meta property=\"og:description\" content=\"Kabelgenomf\u00f6ringsadapter 90\u00b0 \/ KEA \u00e4r en adapter f\u00f6r att f\u00e5 plats med olika kabelgenomf\u00f6ringsramar i storlek 24. Adaptern g\u00f6r att kablar kan dras i 90\u00b0 vinkel. Riktningen p\u00e5 installationen kan vara horisontell eller vertikal. Kablarna \u00e4r skyddade mot mekaniska sp\u00e4nningar i in- och utg\u00e5ngsomr\u00e5dena. V\u00e4ggmontage g\u00f6rs antingen med skruvar och muttrar eller med hj\u00e4lp av g\u00e4ngade bussningar. En l\u00e4mplig t\u00e4tning f\u00f6r att s\u00e4tta mot v\u00e4ggen ing\u00e5r i leveransen. vi erbjuder \u00e4ven rektangul\u00e4ra punchar f\u00f6r h\u00e5ltagning. Kabelgenomf\u00f6ringsplattorna KEL-DP 24 Typ B kan enkelt sn\u00e4ppas fast p\u00e5 KEA 24 W90 R. Kabelgenomf\u00f6ringsramarna KEL-U 24, KEL-ER 24 och kabelgenomf\u00f6ringsplattorna KEL-DPZ 24 och KEL-DPU 24 kan skruvas p\u00e5 KEA 24 W90 S. Detta m\u00f6jligg\u00f6r inf\u00f6rande av f\u00f6rmonterade och icke-monterade kablar. IP\u2013Klass (KEA + ...):\u00a0    KEL-ER 24: IP54, IP65  KEL-U 24: IP54  KEL 24: IP54  KEL-DPU 24: IP54, IP65  KEL-DPZ 24: IP54, IP65, IP66  KEL-DP 24 B: IP54  F\u00f6rdelar:    M\u00f6jligg\u00f6r anpassning av kabelgenomf\u00f6ringramar i 90\u00b0 vinkel  Monteringen \u00e4r snabb och enkel, delvis verktygsfri (R-variant)  H\u00f6g packningsdensitet i kombination med kabelinf\u00f6ringsplattor (storlek 24)  Mekaniskt skydd vid kabeling\u00e5ng och -utg\u00e5ng p\u00e5 grund av den st\u00e4ngda kapslingen  Universal 90\u00b0-adapter f\u00f6r m\u00e5nga icotek-produkter i storlek 24  Utrymmesbesparande i apparatsk\u00e5pet genom att b\u00f6jradien f\u00f6rskjuts ut\u00e5t  Kantskydd  V\u00e4ggt\u00e4tning ing\u00e5r  H\u00f6g stabilitet tack vare husets geometri\" \/>\n<meta property=\"og:url\" content=\"https:\/\/c-profil.se\/english\/product\/cable-entry-adapter-90-kea\/\" \/>\n<meta property=\"og:site_name\" content=\"C-Pro\" \/>\n<meta property=\"article:publisher\" content=\"https:\/\/www.facebook.com\/people\/C-Pro\/61561767306874\/\" \/>\n<meta property=\"article:modified_time\" content=\"2026-03-19T14:09:01+00:00\" \/>\n<meta property=\"og:image\" content=\"https:\/\/c-profil.se\/wp-content\/uploads\/2024\/08\/Kabelgenomforingsadapter-90-KEA.jpg\" \/>\n\t<meta property=\"og:image:width\" content=\"1000\" \/>\n\t<meta property=\"og:image:height\" content=\"1000\" \/>\n\t<meta property=\"og:image:type\" content=\"image\/jpeg\" \/>\n<meta name=\"twitter:card\" content=\"summary_large_image\" \/>\n<meta name=\"twitter:label1\" content=\"Price\" \/>\n\t<meta name=\"twitter:data1\" content=\"\" \/>\n\t<meta name=\"twitter:label2\" content=\"Availability\" \/>\n\t<meta name=\"twitter:data2\" content=\"In stock\" \/>\n<script type=\"application\/ld+json\" class=\"yoast-schema-graph\">{\"@context\":\"https:\\\/\\\/schema.org\",\"@graph\":[{\"@type\":\"WebPage\",\"@id\":\"https:\\\/\\\/c-profil.se\\\/produkt\\\/kabelgenomforingsadapter-90-kea\\\/\",\"url\":\"https:\\\/\\\/c-profil.se\\\/produkt\\\/kabelgenomforingsadapter-90-kea\\\/\",\"name\":\"Kabelgenomf\u00f6ringsadapter 90\u00b0 | KEA - C-Pro\",\"isPartOf\":{\"@id\":\"https:\\\/\\\/c-profil.se\\\/#website\"},\"primaryImageOfPage\":{\"@id\":\"https:\\\/\\\/c-profil.se\\\/produkt\\\/kabelgenomforingsadapter-90-kea\\\/#primaryimage\"},\"image\":{\"@id\":\"https:\\\/\\\/c-profil.se\\\/produkt\\\/kabelgenomforingsadapter-90-kea\\\/#primaryimage\"},\"thumbnailUrl\":\"https:\\\/\\\/c-profil.se\\\/wp-content\\\/uploads\\\/2024\\\/08\\\/Kabelgenomforingsadapter-90-KEA.jpg\",\"datePublished\":\"2024-08-29T08:00:00+00:00\",\"dateModified\":\"2026-03-19T14:09:01+00:00\",\"description\":\"Kabelgenomf\u00f6ringsadapter 90\u00b0 \\\/ KEA \u00e4r en adapter f\u00f6r att f\u00e5 plats med olika kabelgenomf\u00f6ringsramar i storlek 24. Kablar kan dras i 90\u00b0 vinkel. L\u00e4s Mer!\",\"breadcrumb\":{\"@id\":\"https:\\\/\\\/c-profil.se\\\/produkt\\\/kabelgenomforingsadapter-90-kea\\\/#breadcrumb\"},\"inLanguage\":\"en\",\"potentialAction\":[{\"@type\":\"ReadAction\",\"target\":[\"https:\\\/\\\/c-profil.se\\\/produkt\\\/kabelgenomforingsadapter-90-kea\\\/\"]}]},{\"@type\":\"ImageObject\",\"inLanguage\":\"en\",\"@id\":\"https:\\\/\\\/c-profil.se\\\/produkt\\\/kabelgenomforingsadapter-90-kea\\\/#primaryimage\",\"url\":\"https:\\\/\\\/c-profil.se\\\/wp-content\\\/uploads\\\/2024\\\/08\\\/Kabelgenomforingsadapter-90-KEA.jpg\",\"contentUrl\":\"https:\\\/\\\/c-profil.se\\\/wp-content\\\/uploads\\\/2024\\\/08\\\/Kabelgenomforingsadapter-90-KEA.jpg\",\"width\":1000,\"height\":1000,\"caption\":\"Kabelgenomf\u00f6ringsadapter 90 KEA\"},{\"@type\":\"BreadcrumbList\",\"@id\":\"https:\\\/\\\/c-profil.se\\\/produkt\\\/kabelgenomforingsadapter-90-kea\\\/#breadcrumb\",\"itemListElement\":[{\"@type\":\"ListItem\",\"position\":1,\"name\":\"Hem\",\"item\":\"https:\\\/\\\/c-profil.se\\\/\"},{\"@type\":\"ListItem\",\"position\":2,\"name\":\"Produkter\",\"item\":\"https:\\\/\\\/c-profil.se\\\/produkter\\\/\"},{\"@type\":\"ListItem\",\"position\":3,\"name\":\"Kabelgenomf\u00f6ringssystem f\u00f6r kablar med kontakt\",\"item\":\"https:\\\/\\\/c-profil.se\\\/produkt-kategori\\\/kabelgenomforingssystem-for-kablar-med-kontakt\\\/\"},{\"@type\":\"ListItem\",\"position\":4,\"name\":\"Kabelgenomf\u00f6ringsadapter 90\u00b0 | KEA\"}]},{\"@type\":\"WebSite\",\"@id\":\"https:\\\/\\\/c-profil.se\\\/#website\",\"url\":\"https:\\\/\\\/c-profil.se\\\/\",\"name\":\"C-Pro\",\"description\":\"Produkter f\u00f6r El och Automation\",\"publisher\":{\"@id\":\"https:\\\/\\\/c-profil.se\\\/#organization\"},\"potentialAction\":[{\"@type\":\"SearchAction\",\"target\":{\"@type\":\"EntryPoint\",\"urlTemplate\":\"https:\\\/\\\/c-profil.se\\\/?s={search_term_string}\"},\"query-input\":{\"@type\":\"PropertyValueSpecification\",\"valueRequired\":true,\"valueName\":\"search_term_string\"}}],\"inLanguage\":\"en\"},{\"@type\":\"Organization\",\"@id\":\"https:\\\/\\\/c-profil.se\\\/#organization\",\"name\":\"C-Pro\",\"alternateName\":\"C-PRO\",\"url\":\"https:\\\/\\\/c-profil.se\\\/\",\"logo\":{\"@type\":\"ImageObject\",\"inLanguage\":\"en\",\"@id\":\"https:\\\/\\\/c-profil.se\\\/#\\\/schema\\\/logo\\\/image\\\/\",\"url\":\"https:\\\/\\\/c-profil.se\\\/wp-content\\\/uploads\\\/2022\\\/03\\\/c-pro-logga-liggande-500x500-1.png\",\"contentUrl\":\"https:\\\/\\\/c-profil.se\\\/wp-content\\\/uploads\\\/2022\\\/03\\\/c-pro-logga-liggande-500x500-1.png\",\"width\":500,\"height\":500,\"caption\":\"C-Pro\"},\"image\":{\"@id\":\"https:\\\/\\\/c-profil.se\\\/#\\\/schema\\\/logo\\\/image\\\/\"},\"sameAs\":[\"https:\\\/\\\/www.facebook.com\\\/people\\\/C-Pro\\\/61561767306874\\\/\",\"https:\\\/\\\/www.linkedin.com\\\/company\\\/c-pro-ab\",\"https:\\\/\\\/www.instagram.com\\\/cpro.ab\\\/\"],\"description\":\"C-PRO AB \u00e4r en helt\u00e4ckande leverant\u00f6r av material f\u00f6r applikationer inom el och automation. \u00c4nda sedan starten 1987 har vi f\u00f6rsett den svenska tillverkande industrin med elmaterial. Trots v\u00e5r storlek och ledande position har vi aldrig \u00f6vergett v\u00e5r grundfilosofi, att vara en personlig leverant\u00f6r. Vi p\u00e5 C-PRO \u00e4r l\u00e4tta att komma i kontakt med, \u00e4rliga och brinner f\u00f6r att l\u00f6sa v\u00e5ra kunders problem.\",\"email\":\"info@c-profil.se\",\"telephone\":\"031575785\",\"legalName\":\"C-Profil F\u00f6rl\u00e4ggningsmaterial AB\",\"foundingDate\":\"1987-01-01\"}]}<\/script>\n<meta property=\"product:brand\" content=\"eftermontering\" \/>\n<meta property=\"product:price:currency\" content=\"SEK\" \/>\n<meta property=\"og:availability\" content=\"instock\" \/>\n<meta property=\"product:availability\" content=\"instock\" \/>\n<meta property=\"product:retailer_item_id\" content=\"KEA\" \/>\n<meta property=\"product:condition\" content=\"new\" \/>\n<!-- \/ Yoast SEO Premium plugin. -->","yoast_head_json":{"title":"Cable gland adapter 90\u00b0 | KEA - C-Pro","description":"Cable entry adapter 90\u00b0 \/ KEA is a adapter for accommodating various cable entry frames of size 24.Cables cab be routed at a 90\u00b0 angle.","robots":{"index":"index","follow":"follow","max-snippet":"max-snippet:-1","max-image-preview":"max-image-preview:large","max-video-preview":"max-video-preview:-1"},"canonical":"https:\/\/c-profil.se\/english\/product\/cable-entry-adapter-90-kea\/","og_locale":"en_US","og_type":"article","og_title":"Kabelgenomf\u00f6ringsadapter 90\u00b0 | KEA - C-Pro","og_description":"Kabelgenomf\u00f6ringsadapter 90\u00b0 \/ KEA \u00e4r en adapter f\u00f6r att f\u00e5 plats med olika kabelgenomf\u00f6ringsramar i storlek 24. Adaptern g\u00f6r att kablar kan dras i 90\u00b0 vinkel. Riktningen p\u00e5 installationen kan vara horisontell eller vertikal. Kablarna \u00e4r skyddade mot mekaniska sp\u00e4nningar i in- och utg\u00e5ngsomr\u00e5dena. V\u00e4ggmontage g\u00f6rs antingen med skruvar och muttrar eller med hj\u00e4lp av g\u00e4ngade bussningar. En l\u00e4mplig t\u00e4tning f\u00f6r att s\u00e4tta mot v\u00e4ggen ing\u00e5r i leveransen. vi erbjuder \u00e4ven rektangul\u00e4ra punchar f\u00f6r h\u00e5ltagning. Kabelgenomf\u00f6ringsplattorna KEL-DP 24 Typ B kan enkelt sn\u00e4ppas fast p\u00e5 KEA 24 W90 R. Kabelgenomf\u00f6ringsramarna KEL-U 24, KEL-ER 24 och kabelgenomf\u00f6ringsplattorna KEL-DPZ 24 och KEL-DPU 24 kan skruvas p\u00e5 KEA 24 W90 S. Detta m\u00f6jligg\u00f6r inf\u00f6rande av f\u00f6rmonterade och icke-monterade kablar. IP\u2013Klass (KEA + ...):\u00a0    KEL-ER 24: IP54, IP65  KEL-U 24: IP54  KEL 24: IP54  KEL-DPU 24: IP54, IP65  KEL-DPZ 24: IP54, IP65, IP66  KEL-DP 24 B: IP54  F\u00f6rdelar:    M\u00f6jligg\u00f6r anpassning av kabelgenomf\u00f6ringramar i 90\u00b0 vinkel  Monteringen \u00e4r snabb och enkel, delvis verktygsfri (R-variant)  H\u00f6g packningsdensitet i kombination med kabelinf\u00f6ringsplattor (storlek 24)  Mekaniskt skydd vid kabeling\u00e5ng och -utg\u00e5ng p\u00e5 grund av den st\u00e4ngda kapslingen  Universal 90\u00b0-adapter f\u00f6r m\u00e5nga icotek-produkter i storlek 24  Utrymmesbesparande i apparatsk\u00e5pet genom att b\u00f6jradien f\u00f6rskjuts ut\u00e5t  Kantskydd  V\u00e4ggt\u00e4tning ing\u00e5r  H\u00f6g stabilitet tack vare husets geometri","og_url":"https:\/\/c-profil.se\/english\/product\/cable-entry-adapter-90-kea\/","og_site_name":"C-Pro","article_publisher":"https:\/\/www.facebook.com\/people\/C-Pro\/61561767306874\/","article_modified_time":"2026-03-19T14:09:01+00:00","og_image":[{"width":1000,"height":1000,"url":"https:\/\/c-profil.se\/wp-content\/uploads\/2024\/08\/Kabelgenomforingsadapter-90-KEA.jpg","type":"image\/jpeg"}],"twitter_card":"summary_large_image","twitter_misc":{"Price":"","Availability":"In stock"},"schema":{"@context":"https:\/\/schema.org","@graph":[{"@type":"WebPage","@id":"https:\/\/c-profil.se\/produkt\/kabelgenomforingsadapter-90-kea\/","url":"https:\/\/c-profil.se\/produkt\/kabelgenomforingsadapter-90-kea\/","name":"Cable gland adapter 90\u00b0 | KEA - C-Pro","isPartOf":{"@id":"https:\/\/c-profil.se\/#website"},"primaryImageOfPage":{"@id":"https:\/\/c-profil.se\/produkt\/kabelgenomforingsadapter-90-kea\/#primaryimage"},"image":{"@id":"https:\/\/c-profil.se\/produkt\/kabelgenomforingsadapter-90-kea\/#primaryimage"},"thumbnailUrl":"https:\/\/c-profil.se\/wp-content\/uploads\/2024\/08\/Kabelgenomforingsadapter-90-KEA.jpg","datePublished":"2024-08-29T08:00:00+00:00","dateModified":"2026-03-19T14:09:01+00:00","description":"Cable entry adapter 90\u00b0 \/ KEA is a adapter for accommodating various cable entry frames of size 24.Cables cab be routed at a 90\u00b0 angle.","breadcrumb":{"@id":"https:\/\/c-profil.se\/produkt\/kabelgenomforingsadapter-90-kea\/#breadcrumb"},"inLanguage":"en","potentialAction":[{"@type":"ReadAction","target":["https:\/\/c-profil.se\/produkt\/kabelgenomforingsadapter-90-kea\/"]}]},{"@type":"ImageObject","inLanguage":"en","@id":"https:\/\/c-profil.se\/produkt\/kabelgenomforingsadapter-90-kea\/#primaryimage","url":"https:\/\/c-profil.se\/wp-content\/uploads\/2024\/08\/Kabelgenomforingsadapter-90-KEA.jpg","contentUrl":"https:\/\/c-profil.se\/wp-content\/uploads\/2024\/08\/Kabelgenomforingsadapter-90-KEA.jpg","width":1000,"height":1000,"caption":"Kabelgenomf\u00f6ringsadapter 90 KEA"},{"@type":"BreadcrumbList","@id":"https:\/\/c-profil.se\/produkt\/kabelgenomforingsadapter-90-kea\/#breadcrumb","itemListElement":[{"@type":"ListItem","position":1,"name":"Hem","item":"https:\/\/c-profil.se\/"},{"@type":"ListItem","position":2,"name":"Produkter","item":"https:\/\/c-profil.se\/produkter\/"},{"@type":"ListItem","position":3,"name":"Kabelgenomf\u00f6ringssystem f\u00f6r kablar med kontakt","item":"https:\/\/c-profil.se\/produkt-kategori\/kabelgenomforingssystem-for-kablar-med-kontakt\/"},{"@type":"ListItem","position":4,"name":"Kabelgenomf\u00f6ringsadapter 90\u00b0 | KEA"}]},{"@type":"WebSite","@id":"https:\/\/c-profil.se\/#website","url":"https:\/\/c-profil.se\/","name":"C-Pro","description":"Products for Electricity and Automation","publisher":{"@id":"https:\/\/c-profil.se\/#organization"},"potentialAction":[{"@type":"SearchAction","target":{"@type":"EntryPoint","urlTemplate":"https:\/\/c-profil.se\/?s={search_term_string}"},"query-input":{"@type":"PropertyValueSpecification","valueRequired":true,"valueName":"search_term_string"}}],"inLanguage":"en"},{"@type":"Organization","@id":"https:\/\/c-profil.se\/#organization","name":"C-Pro","alternateName":"C-PRO","url":"https:\/\/c-profil.se\/","logo":{"@type":"ImageObject","inLanguage":"en","@id":"https:\/\/c-profil.se\/#\/schema\/logo\/image\/","url":"https:\/\/c-profil.se\/wp-content\/uploads\/2022\/03\/c-pro-logga-liggande-500x500-1.png","contentUrl":"https:\/\/c-profil.se\/wp-content\/uploads\/2022\/03\/c-pro-logga-liggande-500x500-1.png","width":500,"height":500,"caption":"C-Pro"},"image":{"@id":"https:\/\/c-profil.se\/#\/schema\/logo\/image\/"},"sameAs":["https:\/\/www.facebook.com\/people\/C-Pro\/61561767306874\/","https:\/\/www.linkedin.com\/company\/c-pro-ab","https:\/\/www.instagram.com\/cpro.ab\/"],"description":"C-PRO AB is a comprehensive supplier of materials for applications in electricity and automation. Ever since the start in 1987, we have supplied the Swedish manufacturing industry with electrical materials. Despite our size and leading position, we have never abandoned our basic philosophy, to be a personal supplier. We at C-PRO are easy to get in touch with, honest and passionate about solving our customers&#039; problems.","email":"info@c-profil.se","telephone":"031575785","legalName":"C-Profil F\u00f6rl\u00e4ggningsmaterial AB","foundingDate":"1987-01-01"}]},"product_brand":"eftermontering","product_price_currency":"SEK","og_availability":"instock","product_availability":"instock","product_retailer_item_id":"KEA","product_condition":"new"},"_links":{"self":[{"href":"https:\/\/c-profil.se\/english\/wp-json\/wp\/v2\/product\/45963","targetHints":{"allow":["GET"]}}],"collection":[{"href":"https:\/\/c-profil.se\/english\/wp-json\/wp\/v2\/product"}],"about":[{"href":"https:\/\/c-profil.se\/english\/wp-json\/wp\/v2\/types\/product"}],"version-history":[{"count":11,"href":"https:\/\/c-profil.se\/english\/wp-json\/wp\/v2\/product\/45963\/revisions"}],"predecessor-version":[{"id":74558,"href":"https:\/\/c-profil.se\/english\/wp-json\/wp\/v2\/product\/45963\/revisions\/74558"}],"wp:featuredmedia":[{"embeddable":true,"href":"https:\/\/c-profil.se\/english\/wp-json\/wp\/v2\/media\/51134"}],"wp:attachment":[{"href":"https:\/\/c-profil.se\/english\/wp-json\/wp\/v2\/media?parent=45963"}],"wp:term":[{"taxonomy":"product_brand","embeddable":true,"href":"https:\/\/c-profil.se\/english\/wp-json\/wp\/v2\/product_brand?post=45963"},{"taxonomy":"product_cat","embeddable":true,"href":"https:\/\/c-profil.se\/english\/wp-json\/wp\/v2\/product_cat?post=45963"},{"taxonomy":"product_tag","embeddable":true,"href":"https:\/\/c-profil.se\/english\/wp-json\/wp\/v2\/product_tag?post=45963"}],"curies":[{"name":"wp","href":"https:\/\/api.w.org\/{rel}","templated":true}]}}