{"id":45608,"date":"2024-08-23T08:17:00","date_gmt":"2024-08-23T07:17:00","guid":{"rendered":"https:\/\/c-profil.se\/?post_type=product&#038;p=45608"},"modified":"2026-04-21T12:07:35","modified_gmt":"2026-04-21T11:07:35","slug":"enclosure-mbx-basic-k","status":"publish","type":"product","link":"https:\/\/c-profil.se\/english\/produkt\/kapsling-mbx-basic-k\/","title":{"rendered":"Enclosure | MBX Basic K"},"content":{"rendered":"<p><strong>MBX Basic K is a polycarbonate enclosure for industrial installations<\/strong>, developed for environments with high demands on tightness, chemical resistance and corrosion protection.<br \/>\nThe enclosure is suitable for both indoor and outdoor use and is an effective alternative to aluminum enclosures in demanding applications.<\/p>","protected":false},"excerpt":{"rendered":"<p>The MBX Basic K enclosure is made of polycarbonate and is designed for industrial applications. It can replace aluminum enclosures without any problems. With its high IP rating, dust or water will never be a problem for the MBX Basic. It is superior to all aluminum enclosures, especially in applications with an increased risk of corrosion. The enclosure can withstand high-pressure washing, steam jet cleaning and short-term flooding.<\/p>\n<ul>\n<li>UV resistant<\/li>\n<li>Suitable for both indoor and outdoor use<\/li>\n<li>Available with grey or transparent cover<\/li>\n<\/ul>\n<p><strong>Customize your box<\/strong><\/p>\n<ul>\n<li><a href=\"https:\/\/c-profil.se\/english\/product\/mounting-assembly\/\">Mounting &amp; Assembly<\/a><\/li>\n<li><a href=\"https:\/\/c-profil.se\/english\/product\/printing\/\">Printing<\/a><\/li>\n<li><a href=\"https:\/\/c-profil.se\/english\/product\/design\/\">Design<\/a><\/li>\n<li><a href=\"https:\/\/c-profil.se\/english\/product\/color-2\/\">Color<\/a><\/li>\n<li><a href=\"https:\/\/c-profil.se\/english\/product\/punching-2\/\">Punching<\/a><\/li>\n<\/ul>","protected":false},"featured_media":45609,"template":"","meta":{"_acf_changed":false},"product_brand":[743],"product_cat":[599,269],"product_tag":[938,990,982],"class_list":{"0":"post-45608","1":"product","2":"type-product","3":"status-publish","4":"has-post-thumbnail","6":"product_brand-multi-box","7":"product_cat-kapsling-mbx","8":"product_cat-kapslingar-i-plast","9":"product_tag-kabelinforing","10":"product_tag-kapsling","11":"product_tag-panelmontage","13":"first","14":"instock","15":"shipping-taxable","16":"product-type-simple"},"acf":[],"yoast_head":"<!-- This site is optimized with the Yoast SEO Premium plugin v27.5 (Yoast SEO v27.5) - https:\/\/yoast.com\/product\/yoast-seo-premium-wordpress\/ -->\n<title>Kapsling MBX Basic K: Industriell Kapsling i Polykarbonat - C-Pro<\/title>\n<meta name=\"description\" content=\"Kapsling MBX Basic K \u00e4r tillverkad i polykarbonat och \u00e4r designad f\u00f6r industriella applikationer. Den kan ers\u00e4tta aluminiumkapslingar.\" \/>\n<meta name=\"robots\" content=\"index, follow, max-snippet:-1, max-image-preview:large, max-video-preview:-1\" \/>\n<link rel=\"canonical\" href=\"https:\/\/c-profil.se\/english\/product\/enclosure-mbx-basic-k\/\" \/>\n<meta property=\"og:locale\" content=\"en_US\" \/>\n<meta property=\"og:type\" content=\"article\" \/>\n<meta property=\"og:title\" content=\"Kapsling | MBX Basic K - C-Pro\" \/>\n<meta property=\"og:description\" content=\"Kapsling MBX Basic K \u00e4r tillverkad i polykarbonat och \u00e4r designad f\u00f6r industriella applikationer. Den kan ers\u00e4tta aluminiumkapslingar utan problem. Med sin h\u00f6ga IP-klass s\u00e5 kommer aldrig damm eller vatten vara n\u00e5got problem f\u00f6r MBX Basic. Den \u00e4r \u00f6verl\u00e4gsen till alla aluminiumkapslingar, framf\u00f6rallt vid applikationer med \u00f6kad risk f\u00f6r korrosion. Kapslingen t\u00e5l h\u00f6gtryckstv\u00e4tt, \u00e5ngstr\u00e5lereng\u00f6ring samt kortvarig \u00f6versv\u00e4mning.   UV-resistent  L\u00e4mplig f\u00f6r b\u00e5de inom- och utomhusbruk  Finns med gr\u00e5tt eller transparent lock  Anpassa din kapsling   Montering  Tryck  Design  F\u00e4rg  H\u00e5ltagning\" \/>\n<meta property=\"og:url\" content=\"https:\/\/c-profil.se\/english\/product\/enclosure-mbx-basic-k\/\" \/>\n<meta property=\"og:site_name\" content=\"C-Pro\" \/>\n<meta property=\"article:publisher\" content=\"https:\/\/www.facebook.com\/people\/C-Pro\/61561767306874\/\" \/>\n<meta property=\"article:modified_time\" content=\"2026-04-21T11:07:35+00:00\" \/>\n<meta property=\"og:image\" content=\"https:\/\/c-profil.se\/wp-content\/uploads\/2024\/08\/Kopplingslada-MBX-Basic-Transp.-lock.jpg\" \/>\n\t<meta property=\"og:image:width\" content=\"1000\" \/>\n\t<meta property=\"og:image:height\" content=\"1000\" \/>\n\t<meta property=\"og:image:type\" content=\"image\/jpeg\" \/>\n<meta name=\"twitter:card\" content=\"summary_large_image\" \/>\n<meta name=\"twitter:label1\" content=\"Price\" \/>\n\t<meta name=\"twitter:data1\" content=\"\" \/>\n\t<meta name=\"twitter:label2\" content=\"Availability\" \/>\n\t<meta name=\"twitter:data2\" content=\"In stock\" \/>\n<script type=\"application\/ld+json\" class=\"yoast-schema-graph\">{\"@context\":\"https:\\\/\\\/schema.org\",\"@graph\":[{\"@type\":\"WebPage\",\"@id\":\"https:\\\/\\\/c-profil.se\\\/produkt\\\/kapsling-mbx-basic-k\\\/\",\"url\":\"https:\\\/\\\/c-profil.se\\\/produkt\\\/kapsling-mbx-basic-k\\\/\",\"name\":\"Kapsling MBX Basic K: Industriell Kapsling i Polykarbonat - C-Pro\",\"isPartOf\":{\"@id\":\"https:\\\/\\\/c-profil.se\\\/#website\"},\"primaryImageOfPage\":{\"@id\":\"https:\\\/\\\/c-profil.se\\\/produkt\\\/kapsling-mbx-basic-k\\\/#primaryimage\"},\"image\":{\"@id\":\"https:\\\/\\\/c-profil.se\\\/produkt\\\/kapsling-mbx-basic-k\\\/#primaryimage\"},\"thumbnailUrl\":\"https:\\\/\\\/c-profil.se\\\/wp-content\\\/uploads\\\/2024\\\/08\\\/Kopplingslada-MBX-Basic-Transp.-lock.jpg\",\"datePublished\":\"2024-08-23T07:17:00+00:00\",\"dateModified\":\"2026-04-21T11:07:35+00:00\",\"description\":\"Kapsling MBX Basic K \u00e4r tillverkad i polykarbonat och \u00e4r designad f\u00f6r industriella applikationer. Den kan ers\u00e4tta aluminiumkapslingar.\",\"breadcrumb\":{\"@id\":\"https:\\\/\\\/c-profil.se\\\/produkt\\\/kapsling-mbx-basic-k\\\/#breadcrumb\"},\"inLanguage\":\"en\",\"potentialAction\":[{\"@type\":\"ReadAction\",\"target\":[\"https:\\\/\\\/c-profil.se\\\/produkt\\\/kapsling-mbx-basic-k\\\/\"]}]},{\"@type\":\"ImageObject\",\"inLanguage\":\"en\",\"@id\":\"https:\\\/\\\/c-profil.se\\\/produkt\\\/kapsling-mbx-basic-k\\\/#primaryimage\",\"url\":\"https:\\\/\\\/c-profil.se\\\/wp-content\\\/uploads\\\/2024\\\/08\\\/Kopplingslada-MBX-Basic-Transp.-lock.jpg\",\"contentUrl\":\"https:\\\/\\\/c-profil.se\\\/wp-content\\\/uploads\\\/2024\\\/08\\\/Kopplingslada-MBX-Basic-Transp.-lock.jpg\",\"width\":1000,\"height\":1000,\"caption\":\"Kapsling MBX Basic Transp. lock\"},{\"@type\":\"BreadcrumbList\",\"@id\":\"https:\\\/\\\/c-profil.se\\\/produkt\\\/kapsling-mbx-basic-k\\\/#breadcrumb\",\"itemListElement\":[{\"@type\":\"ListItem\",\"position\":1,\"name\":\"Hem\",\"item\":\"https:\\\/\\\/c-profil.se\\\/\"},{\"@type\":\"ListItem\",\"position\":2,\"name\":\"Produkter\",\"item\":\"https:\\\/\\\/c-profil.se\\\/produkter\\\/\"},{\"@type\":\"ListItem\",\"position\":3,\"name\":\"Kapslingar i plast\",\"item\":\"https:\\\/\\\/c-profil.se\\\/produkt-kategori\\\/kapslingar-i-plast\\\/\"},{\"@type\":\"ListItem\",\"position\":4,\"name\":\"Kapsling | MBX Basic K\"}]},{\"@type\":\"WebSite\",\"@id\":\"https:\\\/\\\/c-profil.se\\\/#website\",\"url\":\"https:\\\/\\\/c-profil.se\\\/\",\"name\":\"C-Pro\",\"description\":\"Produkter f\u00f6r El och Automation\",\"publisher\":{\"@id\":\"https:\\\/\\\/c-profil.se\\\/#organization\"},\"potentialAction\":[{\"@type\":\"SearchAction\",\"target\":{\"@type\":\"EntryPoint\",\"urlTemplate\":\"https:\\\/\\\/c-profil.se\\\/?s={search_term_string}\"},\"query-input\":{\"@type\":\"PropertyValueSpecification\",\"valueRequired\":true,\"valueName\":\"search_term_string\"}}],\"inLanguage\":\"en\"},{\"@type\":\"Organization\",\"@id\":\"https:\\\/\\\/c-profil.se\\\/#organization\",\"name\":\"C-Pro\",\"alternateName\":\"C-PRO\",\"url\":\"https:\\\/\\\/c-profil.se\\\/\",\"logo\":{\"@type\":\"ImageObject\",\"inLanguage\":\"en\",\"@id\":\"https:\\\/\\\/c-profil.se\\\/#\\\/schema\\\/logo\\\/image\\\/\",\"url\":\"https:\\\/\\\/c-profil.se\\\/wp-content\\\/uploads\\\/2022\\\/03\\\/c-pro-logga-liggande-500x500-1.png\",\"contentUrl\":\"https:\\\/\\\/c-profil.se\\\/wp-content\\\/uploads\\\/2022\\\/03\\\/c-pro-logga-liggande-500x500-1.png\",\"width\":500,\"height\":500,\"caption\":\"C-Pro\"},\"image\":{\"@id\":\"https:\\\/\\\/c-profil.se\\\/#\\\/schema\\\/logo\\\/image\\\/\"},\"sameAs\":[\"https:\\\/\\\/www.facebook.com\\\/people\\\/C-Pro\\\/61561767306874\\\/\",\"https:\\\/\\\/www.linkedin.com\\\/company\\\/c-pro-ab\",\"https:\\\/\\\/www.instagram.com\\\/cpro.ab\\\/\"],\"description\":\"C-PRO AB \u00e4r en helt\u00e4ckande leverant\u00f6r av material f\u00f6r applikationer inom el och automation. \u00c4nda sedan starten 1987 har vi f\u00f6rsett den svenska tillverkande industrin med elmaterial. Trots v\u00e5r storlek och ledande position har vi aldrig \u00f6vergett v\u00e5r grundfilosofi, att vara en personlig leverant\u00f6r. Vi p\u00e5 C-PRO \u00e4r l\u00e4tta att komma i kontakt med, \u00e4rliga och brinner f\u00f6r att l\u00f6sa v\u00e5ra kunders problem.\",\"email\":\"info@c-profil.se\",\"telephone\":\"031575785\",\"legalName\":\"C-Profil F\u00f6rl\u00e4ggningsmaterial AB\",\"foundingDate\":\"1987-01-01\"}]}<\/script>\n<meta property=\"product:brand\" content=\"kabelinf\u00f6ring\" \/>\n<meta property=\"product:price:currency\" content=\"SEK\" \/>\n<meta property=\"og:availability\" content=\"instock\" \/>\n<meta property=\"product:availability\" content=\"instock\" \/>\n<meta property=\"product:retailer_item_id\" content=\"MBX Basic K\" \/>\n<meta property=\"product:condition\" content=\"new\" \/>\n<!-- \/ Yoast SEO Premium plugin. -->","yoast_head_json":{"title":"Enclosure MBX Basic K: Industrial Enclosure in Polycarbonate - C-Pro","description":"The MBX Basic K enclosure is made of polycarbonate and is designed for industrial applications. It can replace aluminum enclosures.","robots":{"index":"index","follow":"follow","max-snippet":"max-snippet:-1","max-image-preview":"max-image-preview:large","max-video-preview":"max-video-preview:-1"},"canonical":"https:\/\/c-profil.se\/english\/product\/enclosure-mbx-basic-k\/","og_locale":"en_US","og_type":"article","og_title":"Kapsling | MBX Basic K - C-Pro","og_description":"Kapsling MBX Basic K \u00e4r tillverkad i polykarbonat och \u00e4r designad f\u00f6r industriella applikationer. Den kan ers\u00e4tta aluminiumkapslingar utan problem. Med sin h\u00f6ga IP-klass s\u00e5 kommer aldrig damm eller vatten vara n\u00e5got problem f\u00f6r MBX Basic. Den \u00e4r \u00f6verl\u00e4gsen till alla aluminiumkapslingar, framf\u00f6rallt vid applikationer med \u00f6kad risk f\u00f6r korrosion. Kapslingen t\u00e5l h\u00f6gtryckstv\u00e4tt, \u00e5ngstr\u00e5lereng\u00f6ring samt kortvarig \u00f6versv\u00e4mning.   UV-resistent  L\u00e4mplig f\u00f6r b\u00e5de inom- och utomhusbruk  Finns med gr\u00e5tt eller transparent lock  Anpassa din kapsling   Montering  Tryck  Design  F\u00e4rg  H\u00e5ltagning","og_url":"https:\/\/c-profil.se\/english\/product\/enclosure-mbx-basic-k\/","og_site_name":"C-Pro","article_publisher":"https:\/\/www.facebook.com\/people\/C-Pro\/61561767306874\/","article_modified_time":"2026-04-21T11:07:35+00:00","og_image":[{"width":1000,"height":1000,"url":"https:\/\/c-profil.se\/wp-content\/uploads\/2024\/08\/Kopplingslada-MBX-Basic-Transp.-lock.jpg","type":"image\/jpeg"}],"twitter_card":"summary_large_image","twitter_misc":{"Price":"","Availability":"In stock"},"schema":{"@context":"https:\/\/schema.org","@graph":[{"@type":"WebPage","@id":"https:\/\/c-profil.se\/produkt\/kapsling-mbx-basic-k\/","url":"https:\/\/c-profil.se\/produkt\/kapsling-mbx-basic-k\/","name":"Enclosure MBX Basic K: Industrial Enclosure in Polycarbonate - C-Pro","isPartOf":{"@id":"https:\/\/c-profil.se\/#website"},"primaryImageOfPage":{"@id":"https:\/\/c-profil.se\/produkt\/kapsling-mbx-basic-k\/#primaryimage"},"image":{"@id":"https:\/\/c-profil.se\/produkt\/kapsling-mbx-basic-k\/#primaryimage"},"thumbnailUrl":"https:\/\/c-profil.se\/wp-content\/uploads\/2024\/08\/Kopplingslada-MBX-Basic-Transp.-lock.jpg","datePublished":"2024-08-23T07:17:00+00:00","dateModified":"2026-04-21T11:07:35+00:00","description":"The MBX Basic K enclosure is made of polycarbonate and is designed for industrial applications. It can replace aluminum enclosures.","breadcrumb":{"@id":"https:\/\/c-profil.se\/produkt\/kapsling-mbx-basic-k\/#breadcrumb"},"inLanguage":"en","potentialAction":[{"@type":"ReadAction","target":["https:\/\/c-profil.se\/produkt\/kapsling-mbx-basic-k\/"]}]},{"@type":"ImageObject","inLanguage":"en","@id":"https:\/\/c-profil.se\/produkt\/kapsling-mbx-basic-k\/#primaryimage","url":"https:\/\/c-profil.se\/wp-content\/uploads\/2024\/08\/Kopplingslada-MBX-Basic-Transp.-lock.jpg","contentUrl":"https:\/\/c-profil.se\/wp-content\/uploads\/2024\/08\/Kopplingslada-MBX-Basic-Transp.-lock.jpg","width":1000,"height":1000,"caption":"Kapsling MBX Basic Transp. lock"},{"@type":"BreadcrumbList","@id":"https:\/\/c-profil.se\/produkt\/kapsling-mbx-basic-k\/#breadcrumb","itemListElement":[{"@type":"ListItem","position":1,"name":"Hem","item":"https:\/\/c-profil.se\/"},{"@type":"ListItem","position":2,"name":"Produkter","item":"https:\/\/c-profil.se\/produkter\/"},{"@type":"ListItem","position":3,"name":"Kapslingar i plast","item":"https:\/\/c-profil.se\/produkt-kategori\/kapslingar-i-plast\/"},{"@type":"ListItem","position":4,"name":"Kapsling | MBX Basic K"}]},{"@type":"WebSite","@id":"https:\/\/c-profil.se\/#website","url":"https:\/\/c-profil.se\/","name":"C-Pro","description":"Products for Electricity and Automation","publisher":{"@id":"https:\/\/c-profil.se\/#organization"},"potentialAction":[{"@type":"SearchAction","target":{"@type":"EntryPoint","urlTemplate":"https:\/\/c-profil.se\/?s={search_term_string}"},"query-input":{"@type":"PropertyValueSpecification","valueRequired":true,"valueName":"search_term_string"}}],"inLanguage":"en"},{"@type":"Organization","@id":"https:\/\/c-profil.se\/#organization","name":"C-Pro","alternateName":"C-PRO","url":"https:\/\/c-profil.se\/","logo":{"@type":"ImageObject","inLanguage":"en","@id":"https:\/\/c-profil.se\/#\/schema\/logo\/image\/","url":"https:\/\/c-profil.se\/wp-content\/uploads\/2022\/03\/c-pro-logga-liggande-500x500-1.png","contentUrl":"https:\/\/c-profil.se\/wp-content\/uploads\/2022\/03\/c-pro-logga-liggande-500x500-1.png","width":500,"height":500,"caption":"C-Pro"},"image":{"@id":"https:\/\/c-profil.se\/#\/schema\/logo\/image\/"},"sameAs":["https:\/\/www.facebook.com\/people\/C-Pro\/61561767306874\/","https:\/\/www.linkedin.com\/company\/c-pro-ab","https:\/\/www.instagram.com\/cpro.ab\/"],"description":"C-PRO AB is a comprehensive supplier of materials for applications in electricity and automation. Ever since the start in 1987, we have supplied the Swedish manufacturing industry with electrical materials. Despite our size and leading position, we have never abandoned our basic philosophy, to be a personal supplier. We at C-PRO are easy to get in touch with, honest and passionate about solving our customers&#039; problems.","email":"info@c-profil.se","telephone":"031575785","legalName":"C-Profil F\u00f6rl\u00e4ggningsmaterial AB","foundingDate":"1987-01-01"}]},"product_brand":"kabelinf\u00f6ring","product_price_currency":"SEK","og_availability":"instock","product_availability":"instock","product_retailer_item_id":"MBX Basic K","product_condition":"new"},"_links":{"self":[{"href":"https:\/\/c-profil.se\/english\/wp-json\/wp\/v2\/product\/45608","targetHints":{"allow":["GET"]}}],"collection":[{"href":"https:\/\/c-profil.se\/english\/wp-json\/wp\/v2\/product"}],"about":[{"href":"https:\/\/c-profil.se\/english\/wp-json\/wp\/v2\/types\/product"}],"version-history":[{"count":16,"href":"https:\/\/c-profil.se\/english\/wp-json\/wp\/v2\/product\/45608\/revisions"}],"predecessor-version":[{"id":68025,"href":"https:\/\/c-profil.se\/english\/wp-json\/wp\/v2\/product\/45608\/revisions\/68025"}],"wp:featuredmedia":[{"embeddable":true,"href":"https:\/\/c-profil.se\/english\/wp-json\/wp\/v2\/media\/45609"}],"wp:attachment":[{"href":"https:\/\/c-profil.se\/english\/wp-json\/wp\/v2\/media?parent=45608"}],"wp:term":[{"taxonomy":"product_brand","embeddable":true,"href":"https:\/\/c-profil.se\/english\/wp-json\/wp\/v2\/product_brand?post=45608"},{"taxonomy":"product_cat","embeddable":true,"href":"https:\/\/c-profil.se\/english\/wp-json\/wp\/v2\/product_cat?post=45608"},{"taxonomy":"product_tag","embeddable":true,"href":"https:\/\/c-profil.se\/english\/wp-json\/wp\/v2\/product_tag?post=45608"}],"curies":[{"name":"wp","href":"https:\/\/api.w.org\/{rel}","templated":true}]}}