{"id":45048,"date":"2024-05-30T08:55:00","date_gmt":"2024-05-30T07:55:00","guid":{"rendered":"https:\/\/c-profil.se\/?post_type=product&#038;p=45048"},"modified":"2026-03-19T15:18:56","modified_gmt":"2026-03-19T14:18:56","slug":"cable-glands-emc-3-brass","status":"publish","type":"product","link":"https:\/\/c-profil.se\/english\/produkt\/kabelforskruvningar-emc-3-massing\/","title":{"rendered":"Cable glands | EMC 3"},"content":{"rendered":"<p><strong>EMC cable gland in nickel-plated brass is a high-performance solution for effective cable shielding<\/strong>, developed for applications with high EMC requirements.<br \/>\nIt provides low electrical impedance without disassembly, secure 360\u00b0 contact with the cable shield and achieves protection class IP68 with easy installation.<\/p>","protected":false},"excerpt":{"rendered":"<p class=\"ai-optimize-32\">These EMC cable glands combine several advantages in a single product. First of all, they offer the same clamping areas as standard brass fittings. They also have a protection rating of IP68. A unique feature of these cable glands is that they do not need to be disassembled to achieve low electrical impedance between the gland and the cable braid. Second, perfect shielding can be achieved by simply tightening the lock nut. This cable gland with high-tech features consists of a body in nickel-plated brass, a clamping insert in PA6 material, an EMC contact element and a seal in chloroprene. All components are pre-assembled to facilitate installation.<\/p>\n<ul>\n<li class=\"ai-optimize-33\">Specially designed EMC protective cable glands.<\/li>\n<li class=\"ai-optimize-34\">Long-lasting contact by high definition contact spring.<\/li>\n<li class=\"ai-optimize-35\">Moving spring contact offers reduced risk of sheath damage.<\/li>\n<li class=\"ai-optimize-36\">Open contact fingers when the gland cap is not tightened.<\/li>\n<li class=\"ai-optimize-37\">Free rotational and axial movement of the cable without damaging the cable shield thanks to the open contact fingers.<\/li>\n<li class=\"ai-optimize-38\">Easy assembly: install cable gland - prepare cable sheath - insert cable - tighten cap.<\/li>\n<li class=\"ai-optimize-39\">High quality strain relief and sealing, reliable performance for EMC applications.<\/li>\n<li class=\"ai-optimize-40\">Current international approvals.<\/li>\n<li class=\"ai-optimize-41\">UL and VDE certified along with various other approvals - see technical data for full details<\/li>\n<\/ul>","protected":false},"featured_media":55658,"template":"","meta":{"_acf_changed":false},"product_brand":[734],"product_cat":[626],"product_tag":[991,1006,938,1005,957],"class_list":{"0":"post-45048","1":"product","2":"type-product","3":"status-publish","4":"has-post-thumbnail","6":"product_brand-bimed","7":"product_cat-kabelforskruvningar-emc","8":"product_tag-emc","9":"product_tag-kabelforskruvning","10":"product_tag-kabelinforing","11":"product_tag-platbearbetning","12":"product_tag-potentialutjamning","14":"first","15":"instock","16":"shipping-taxable","17":"product-type-simple"},"acf":[],"yoast_head":"<!-- This site is optimized with the Yoast SEO Premium plugin v27.4 (Yoast SEO v27.4) - https:\/\/yoast.com\/product\/yoast-seo-premium-wordpress\/ -->\n<title>Kabelf\u00f6rskruvningar | EMC 3 - C-Pro<\/title>\n<meta name=\"description\" content=\"Kabelf\u00f6rskruvningar EMC 3 M\u00e4ssing, det perfekta valet f\u00f6r industriella applikationer i kr\u00e4vande milj\u00f6er. Enkel montering och h\u00f6gkvalitativ dragavlastning.\" \/>\n<meta name=\"robots\" content=\"index, follow, max-snippet:-1, max-image-preview:large, max-video-preview:-1\" \/>\n<link rel=\"canonical\" href=\"https:\/\/c-profil.se\/english\/product\/cable-glands-emc-3-brass\/\" \/>\n<meta property=\"og:locale\" content=\"en_US\" \/>\n<meta property=\"og:type\" content=\"article\" \/>\n<meta property=\"og:title\" content=\"Kabelf\u00f6rskruvningar | EMC 3 - C-Pro\" \/>\n<meta property=\"og:description\" content=\"Dessa EMC-kabelf\u00f6rskruvningar kombinerar flera f\u00f6rdelar i en enda produkt. F\u00f6rst och fr\u00e4mst erbjuder de samma kl\u00e4momr\u00e5den som standardm\u00e4ssingsf\u00f6rskruvningar. De har \u00e4ven en skyddsklassning p\u00e5 IP68. En unik egenskap hos dessa kabelf\u00f6rskruvningar \u00e4r att de inte beh\u00f6ver monteras is\u00e4r f\u00f6r att uppn\u00e5 l\u00e5g elektrisk impedans mellan f\u00f6rskruvningen och kabelns fl\u00e4tning. F\u00f6r det andra kan en perfekt avsk\u00e4rmning uppn\u00e5s genom att helt enkelt dra \u00e5t l\u00e5smuttern. Denna kabelgenomf\u00f6ring med h\u00f6gteknologiska egenskaper best\u00e5r av en kropp i nickelpl\u00e4terad m\u00e4ssing, en kl\u00e4minsats i PA6-material, ett EMC-kontaktelement och en t\u00e4tning i kloropren. Alla komponenter \u00e4r f\u00f6rmonterade f\u00f6r att underl\u00e4tta installationen.    Specialdesignad EMC-f\u00f6rskruvningar.  L\u00e5ngvarig kontakt med h\u00f6guppl\u00f6st kontaktfj\u00e4der.  R\u00f6rlig fj\u00e4derkontakt minskar risken f\u00f6r mantelskador.  \u00d6ppna kontaktfingrarna n\u00e4r locket inte \u00e4r \u00e5tdraget.  Fri roterande och axiell r\u00f6relse av kabeln utan att skada kabelsk\u00e4rmen tack vare de \u00f6ppna kontaktfingrarna.  Enkel montering: installera kabelgenomf\u00f6ringen - f\u00f6rbered kabelmanteln - s\u00e4tt i kabeln - dra \u00e5t locket.  H\u00f6gkvalitativ dragavlastning och t\u00e4tning, p\u00e5litlig prestanda f\u00f6r EMC-applikationer.  Aktuella internationella godk\u00e4nnanden.  UL- och VDE-certifierade tillsammans med olika andra godk\u00e4nnanden - se tekniska data f\u00f6r fullst\u00e4ndiga detaljer\" \/>\n<meta property=\"og:url\" content=\"https:\/\/c-profil.se\/english\/product\/cable-glands-emc-3-brass\/\" \/>\n<meta property=\"og:site_name\" content=\"C-Pro\" \/>\n<meta property=\"article:publisher\" content=\"https:\/\/www.facebook.com\/people\/C-Pro\/61561767306874\/\" \/>\n<meta property=\"article:modified_time\" content=\"2026-03-19T14:18:56+00:00\" \/>\n<meta property=\"og:image\" content=\"https:\/\/c-profil.se\/wp-content\/uploads\/2024\/05\/Kabelforskruvningar-EMC-3-CBMEM-Ny.jpg\" \/>\n\t<meta property=\"og:image:width\" content=\"1000\" \/>\n\t<meta property=\"og:image:height\" content=\"1000\" \/>\n\t<meta property=\"og:image:type\" content=\"image\/jpeg\" \/>\n<meta name=\"twitter:card\" content=\"summary_large_image\" \/>\n<meta name=\"twitter:label1\" content=\"Price\" \/>\n\t<meta name=\"twitter:data1\" content=\"\" \/>\n\t<meta name=\"twitter:label2\" content=\"Availability\" \/>\n\t<meta name=\"twitter:data2\" content=\"In stock\" \/>\n<script type=\"application\/ld+json\" class=\"yoast-schema-graph\">{\"@context\":\"https:\\\/\\\/schema.org\",\"@graph\":[{\"@type\":\"WebPage\",\"@id\":\"https:\\\/\\\/c-profil.se\\\/produkt\\\/kabelforskruvningar-emc-3-massing\\\/\",\"url\":\"https:\\\/\\\/c-profil.se\\\/produkt\\\/kabelforskruvningar-emc-3-massing\\\/\",\"name\":\"Kabelf\u00f6rskruvningar | EMC 3 - C-Pro\",\"isPartOf\":{\"@id\":\"https:\\\/\\\/c-profil.se\\\/#website\"},\"primaryImageOfPage\":{\"@id\":\"https:\\\/\\\/c-profil.se\\\/produkt\\\/kabelforskruvningar-emc-3-massing\\\/#primaryimage\"},\"image\":{\"@id\":\"https:\\\/\\\/c-profil.se\\\/produkt\\\/kabelforskruvningar-emc-3-massing\\\/#primaryimage\"},\"thumbnailUrl\":\"https:\\\/\\\/c-profil.se\\\/wp-content\\\/uploads\\\/2024\\\/05\\\/Kabelforskruvningar-EMC-3-CBMEM-Ny.jpg\",\"datePublished\":\"2024-05-30T07:55:00+00:00\",\"dateModified\":\"2026-03-19T14:18:56+00:00\",\"description\":\"Kabelf\u00f6rskruvningar EMC 3 M\u00e4ssing, det perfekta valet f\u00f6r industriella applikationer i kr\u00e4vande milj\u00f6er. Enkel montering och h\u00f6gkvalitativ dragavlastning.\",\"breadcrumb\":{\"@id\":\"https:\\\/\\\/c-profil.se\\\/produkt\\\/kabelforskruvningar-emc-3-massing\\\/#breadcrumb\"},\"inLanguage\":\"en\",\"potentialAction\":[{\"@type\":\"ReadAction\",\"target\":[\"https:\\\/\\\/c-profil.se\\\/produkt\\\/kabelforskruvningar-emc-3-massing\\\/\"]}]},{\"@type\":\"ImageObject\",\"inLanguage\":\"en\",\"@id\":\"https:\\\/\\\/c-profil.se\\\/produkt\\\/kabelforskruvningar-emc-3-massing\\\/#primaryimage\",\"url\":\"https:\\\/\\\/c-profil.se\\\/wp-content\\\/uploads\\\/2024\\\/05\\\/Kabelforskruvningar-EMC-3-CBMEM-Ny.jpg\",\"contentUrl\":\"https:\\\/\\\/c-profil.se\\\/wp-content\\\/uploads\\\/2024\\\/05\\\/Kabelforskruvningar-EMC-3-CBMEM-Ny.jpg\",\"width\":1000,\"height\":1000,\"caption\":\"Kabelf\u00f6rskruvningar EMC 3 CBMEM\"},{\"@type\":\"BreadcrumbList\",\"@id\":\"https:\\\/\\\/c-profil.se\\\/produkt\\\/kabelforskruvningar-emc-3-massing\\\/#breadcrumb\",\"itemListElement\":[{\"@type\":\"ListItem\",\"position\":1,\"name\":\"Hem\",\"item\":\"https:\\\/\\\/c-profil.se\\\/\"},{\"@type\":\"ListItem\",\"position\":2,\"name\":\"Produkter\",\"item\":\"https:\\\/\\\/c-profil.se\\\/produkter\\\/\"},{\"@type\":\"ListItem\",\"position\":3,\"name\":\"Kabelf\u00f6rskruvningar EMC\",\"item\":\"https:\\\/\\\/c-profil.se\\\/produkt-kategori\\\/kabelforskruvningar-emc\\\/\"},{\"@type\":\"ListItem\",\"position\":4,\"name\":\"Kabelf\u00f6rskruvningar | EMC 3\"}]},{\"@type\":\"WebSite\",\"@id\":\"https:\\\/\\\/c-profil.se\\\/#website\",\"url\":\"https:\\\/\\\/c-profil.se\\\/\",\"name\":\"C-Pro\",\"description\":\"Produkter f\u00f6r El och Automation\",\"publisher\":{\"@id\":\"https:\\\/\\\/c-profil.se\\\/#organization\"},\"potentialAction\":[{\"@type\":\"SearchAction\",\"target\":{\"@type\":\"EntryPoint\",\"urlTemplate\":\"https:\\\/\\\/c-profil.se\\\/?s={search_term_string}\"},\"query-input\":{\"@type\":\"PropertyValueSpecification\",\"valueRequired\":true,\"valueName\":\"search_term_string\"}}],\"inLanguage\":\"en\"},{\"@type\":\"Organization\",\"@id\":\"https:\\\/\\\/c-profil.se\\\/#organization\",\"name\":\"C-Pro\",\"alternateName\":\"C-PRO\",\"url\":\"https:\\\/\\\/c-profil.se\\\/\",\"logo\":{\"@type\":\"ImageObject\",\"inLanguage\":\"en\",\"@id\":\"https:\\\/\\\/c-profil.se\\\/#\\\/schema\\\/logo\\\/image\\\/\",\"url\":\"https:\\\/\\\/c-profil.se\\\/wp-content\\\/uploads\\\/2022\\\/03\\\/c-pro-logga-liggande-500x500-1.png\",\"contentUrl\":\"https:\\\/\\\/c-profil.se\\\/wp-content\\\/uploads\\\/2022\\\/03\\\/c-pro-logga-liggande-500x500-1.png\",\"width\":500,\"height\":500,\"caption\":\"C-Pro\"},\"image\":{\"@id\":\"https:\\\/\\\/c-profil.se\\\/#\\\/schema\\\/logo\\\/image\\\/\"},\"sameAs\":[\"https:\\\/\\\/www.facebook.com\\\/people\\\/C-Pro\\\/61561767306874\\\/\",\"https:\\\/\\\/www.linkedin.com\\\/company\\\/c-pro-ab\",\"https:\\\/\\\/www.instagram.com\\\/cpro.ab\\\/\"],\"description\":\"C-PRO AB \u00e4r en helt\u00e4ckande leverant\u00f6r av material f\u00f6r applikationer inom el och automation. \u00c4nda sedan starten 1987 har vi f\u00f6rsett den svenska tillverkande industrin med elmaterial. Trots v\u00e5r storlek och ledande position har vi aldrig \u00f6vergett v\u00e5r grundfilosofi, att vara en personlig leverant\u00f6r. Vi p\u00e5 C-PRO \u00e4r l\u00e4tta att komma i kontakt med, \u00e4rliga och brinner f\u00f6r att l\u00f6sa v\u00e5ra kunders problem.\",\"email\":\"info@c-profil.se\",\"telephone\":\"031575785\",\"legalName\":\"C-Profil F\u00f6rl\u00e4ggningsmaterial AB\",\"foundingDate\":\"1987-01-01\"}]}<\/script>\n<meta property=\"product:brand\" content=\"emc\" \/>\n<meta property=\"product:price:currency\" content=\"SEK\" \/>\n<meta property=\"og:availability\" content=\"instock\" \/>\n<meta property=\"product:availability\" content=\"instock\" \/>\n<meta property=\"product:retailer_item_id\" content=\"Kabelf\u00f6rskruvningar | EMC 3\" \/>\n<meta property=\"product:condition\" content=\"new\" \/>\n<!-- \/ Yoast SEO Premium plugin. -->","yoast_head_json":{"title":"Cable glands | EMC 3 - C-Pro","description":"Cable glands EMC 3 Brass, the perfect choice for industrial applications in demanding environments. Easy assembly and high-quality strain relief.","robots":{"index":"index","follow":"follow","max-snippet":"max-snippet:-1","max-image-preview":"max-image-preview:large","max-video-preview":"max-video-preview:-1"},"canonical":"https:\/\/c-profil.se\/english\/product\/cable-glands-emc-3-brass\/","og_locale":"en_US","og_type":"article","og_title":"Kabelf\u00f6rskruvningar | EMC 3 - C-Pro","og_description":"Dessa EMC-kabelf\u00f6rskruvningar kombinerar flera f\u00f6rdelar i en enda produkt. F\u00f6rst och fr\u00e4mst erbjuder de samma kl\u00e4momr\u00e5den som standardm\u00e4ssingsf\u00f6rskruvningar. De har \u00e4ven en skyddsklassning p\u00e5 IP68. En unik egenskap hos dessa kabelf\u00f6rskruvningar \u00e4r att de inte beh\u00f6ver monteras is\u00e4r f\u00f6r att uppn\u00e5 l\u00e5g elektrisk impedans mellan f\u00f6rskruvningen och kabelns fl\u00e4tning. F\u00f6r det andra kan en perfekt avsk\u00e4rmning uppn\u00e5s genom att helt enkelt dra \u00e5t l\u00e5smuttern. Denna kabelgenomf\u00f6ring med h\u00f6gteknologiska egenskaper best\u00e5r av en kropp i nickelpl\u00e4terad m\u00e4ssing, en kl\u00e4minsats i PA6-material, ett EMC-kontaktelement och en t\u00e4tning i kloropren. Alla komponenter \u00e4r f\u00f6rmonterade f\u00f6r att underl\u00e4tta installationen.    Specialdesignad EMC-f\u00f6rskruvningar.  L\u00e5ngvarig kontakt med h\u00f6guppl\u00f6st kontaktfj\u00e4der.  R\u00f6rlig fj\u00e4derkontakt minskar risken f\u00f6r mantelskador.  \u00d6ppna kontaktfingrarna n\u00e4r locket inte \u00e4r \u00e5tdraget.  Fri roterande och axiell r\u00f6relse av kabeln utan att skada kabelsk\u00e4rmen tack vare de \u00f6ppna kontaktfingrarna.  Enkel montering: installera kabelgenomf\u00f6ringen - f\u00f6rbered kabelmanteln - s\u00e4tt i kabeln - dra \u00e5t locket.  H\u00f6gkvalitativ dragavlastning och t\u00e4tning, p\u00e5litlig prestanda f\u00f6r EMC-applikationer.  Aktuella internationella godk\u00e4nnanden.  UL- och VDE-certifierade tillsammans med olika andra godk\u00e4nnanden - se tekniska data f\u00f6r fullst\u00e4ndiga detaljer","og_url":"https:\/\/c-profil.se\/english\/product\/cable-glands-emc-3-brass\/","og_site_name":"C-Pro","article_publisher":"https:\/\/www.facebook.com\/people\/C-Pro\/61561767306874\/","article_modified_time":"2026-03-19T14:18:56+00:00","og_image":[{"width":1000,"height":1000,"url":"https:\/\/c-profil.se\/wp-content\/uploads\/2024\/05\/Kabelforskruvningar-EMC-3-CBMEM-Ny.jpg","type":"image\/jpeg"}],"twitter_card":"summary_large_image","twitter_misc":{"Price":"","Availability":"In stock"},"schema":{"@context":"https:\/\/schema.org","@graph":[{"@type":"WebPage","@id":"https:\/\/c-profil.se\/produkt\/kabelforskruvningar-emc-3-massing\/","url":"https:\/\/c-profil.se\/produkt\/kabelforskruvningar-emc-3-massing\/","name":"Cable glands | EMC 3 - C-Pro","isPartOf":{"@id":"https:\/\/c-profil.se\/#website"},"primaryImageOfPage":{"@id":"https:\/\/c-profil.se\/produkt\/kabelforskruvningar-emc-3-massing\/#primaryimage"},"image":{"@id":"https:\/\/c-profil.se\/produkt\/kabelforskruvningar-emc-3-massing\/#primaryimage"},"thumbnailUrl":"https:\/\/c-profil.se\/wp-content\/uploads\/2024\/05\/Kabelforskruvningar-EMC-3-CBMEM-Ny.jpg","datePublished":"2024-05-30T07:55:00+00:00","dateModified":"2026-03-19T14:18:56+00:00","description":"Cable glands EMC 3 Brass, the perfect choice for industrial applications in demanding environments. Easy assembly and high-quality strain relief.","breadcrumb":{"@id":"https:\/\/c-profil.se\/produkt\/kabelforskruvningar-emc-3-massing\/#breadcrumb"},"inLanguage":"en","potentialAction":[{"@type":"ReadAction","target":["https:\/\/c-profil.se\/produkt\/kabelforskruvningar-emc-3-massing\/"]}]},{"@type":"ImageObject","inLanguage":"en","@id":"https:\/\/c-profil.se\/produkt\/kabelforskruvningar-emc-3-massing\/#primaryimage","url":"https:\/\/c-profil.se\/wp-content\/uploads\/2024\/05\/Kabelforskruvningar-EMC-3-CBMEM-Ny.jpg","contentUrl":"https:\/\/c-profil.se\/wp-content\/uploads\/2024\/05\/Kabelforskruvningar-EMC-3-CBMEM-Ny.jpg","width":1000,"height":1000,"caption":"Kabelf\u00f6rskruvningar EMC 3 CBMEM"},{"@type":"BreadcrumbList","@id":"https:\/\/c-profil.se\/produkt\/kabelforskruvningar-emc-3-massing\/#breadcrumb","itemListElement":[{"@type":"ListItem","position":1,"name":"Hem","item":"https:\/\/c-profil.se\/"},{"@type":"ListItem","position":2,"name":"Produkter","item":"https:\/\/c-profil.se\/produkter\/"},{"@type":"ListItem","position":3,"name":"Kabelf\u00f6rskruvningar EMC","item":"https:\/\/c-profil.se\/produkt-kategori\/kabelforskruvningar-emc\/"},{"@type":"ListItem","position":4,"name":"Kabelf\u00f6rskruvningar | EMC 3"}]},{"@type":"WebSite","@id":"https:\/\/c-profil.se\/#website","url":"https:\/\/c-profil.se\/","name":"C-Pro","description":"Products for Electricity and Automation","publisher":{"@id":"https:\/\/c-profil.se\/#organization"},"potentialAction":[{"@type":"SearchAction","target":{"@type":"EntryPoint","urlTemplate":"https:\/\/c-profil.se\/?s={search_term_string}"},"query-input":{"@type":"PropertyValueSpecification","valueRequired":true,"valueName":"search_term_string"}}],"inLanguage":"en"},{"@type":"Organization","@id":"https:\/\/c-profil.se\/#organization","name":"C-Pro","alternateName":"C-PRO","url":"https:\/\/c-profil.se\/","logo":{"@type":"ImageObject","inLanguage":"en","@id":"https:\/\/c-profil.se\/#\/schema\/logo\/image\/","url":"https:\/\/c-profil.se\/wp-content\/uploads\/2022\/03\/c-pro-logga-liggande-500x500-1.png","contentUrl":"https:\/\/c-profil.se\/wp-content\/uploads\/2022\/03\/c-pro-logga-liggande-500x500-1.png","width":500,"height":500,"caption":"C-Pro"},"image":{"@id":"https:\/\/c-profil.se\/#\/schema\/logo\/image\/"},"sameAs":["https:\/\/www.facebook.com\/people\/C-Pro\/61561767306874\/","https:\/\/www.linkedin.com\/company\/c-pro-ab","https:\/\/www.instagram.com\/cpro.ab\/"],"description":"C-PRO AB is a comprehensive supplier of materials for applications in electricity and automation. Ever since the start in 1987, we have supplied the Swedish manufacturing industry with electrical materials. Despite our size and leading position, we have never abandoned our basic philosophy, to be a personal supplier. We at C-PRO are easy to get in touch with, honest and passionate about solving our customers&#039; problems.","email":"info@c-profil.se","telephone":"031575785","legalName":"C-Profil F\u00f6rl\u00e4ggningsmaterial AB","foundingDate":"1987-01-01"}]},"product_brand":"emc","product_price_currency":"SEK","og_availability":"instock","product_availability":"instock","product_retailer_item_id":"Kabelf\u00f6rskruvningar | EMC 3","product_condition":"new"},"_links":{"self":[{"href":"https:\/\/c-profil.se\/english\/wp-json\/wp\/v2\/product\/45048","targetHints":{"allow":["GET"]}}],"collection":[{"href":"https:\/\/c-profil.se\/english\/wp-json\/wp\/v2\/product"}],"about":[{"href":"https:\/\/c-profil.se\/english\/wp-json\/wp\/v2\/types\/product"}],"version-history":[{"count":14,"href":"https:\/\/c-profil.se\/english\/wp-json\/wp\/v2\/product\/45048\/revisions"}],"predecessor-version":[{"id":74249,"href":"https:\/\/c-profil.se\/english\/wp-json\/wp\/v2\/product\/45048\/revisions\/74249"}],"wp:featuredmedia":[{"embeddable":true,"href":"https:\/\/c-profil.se\/english\/wp-json\/wp\/v2\/media\/55658"}],"wp:attachment":[{"href":"https:\/\/c-profil.se\/english\/wp-json\/wp\/v2\/media?parent=45048"}],"wp:term":[{"taxonomy":"product_brand","embeddable":true,"href":"https:\/\/c-profil.se\/english\/wp-json\/wp\/v2\/product_brand?post=45048"},{"taxonomy":"product_cat","embeddable":true,"href":"https:\/\/c-profil.se\/english\/wp-json\/wp\/v2\/product_cat?post=45048"},{"taxonomy":"product_tag","embeddable":true,"href":"https:\/\/c-profil.se\/english\/wp-json\/wp\/v2\/product_tag?post=45048"}],"curies":[{"name":"wp","href":"https:\/\/api.w.org\/{rel}","templated":true}]}}