{"id":44913,"date":"2024-05-17T13:48:00","date_gmt":"2024-05-17T12:48:00","guid":{"rendered":"https:\/\/c-profil.se\/?post_type=product&#038;p=44913"},"modified":"2026-03-19T15:46:24","modified_gmt":"2026-03-19T14:46:24","slug":"industrial-networks","status":"publish","type":"product","link":"https:\/\/c-profil.se\/english\/produkt\/industriella-natverk\/","title":{"rendered":"Industrial Networks"},"content":{"rendered":"<p><strong>Schlegel&#039;s modular bus system (MBS) enables easy and flexible integration of control and display elements into industrial networks.<\/strong><br \/>\nThe system supports industrial Ethernet, fieldbus and IO-Link and enables control of up to 128 command points with minimal wiring and high adaptability.<\/p>","protected":false},"excerpt":{"rendered":"<p class=\"ai-optimize-introduction ai-optimize-31\">Industrial Networks with Fieldbus systems, industrial Ethernet and even IO-Link are already part of the industrialized area. Schlegel's modular bus system (MBS) can be universally integrated into many networks. The MBS allows the control and operation of up to 128 command points, for example push buttons, selector or key switches, pilot lights, etc. With MBS, operator panels or control units can be equipped quickly, flexibly and with less cable effort.<\/p>\n<p class=\"ai-optimize-32\">Our modular bus system consists of a bus-specific base module and a bus-independent expansion module, which provides the flexibility to be integrated into various common industrial networks. In addition, it is quite easy and quick to switch to another network or bus system. Only the basic module needs to be replaced<\/p>\n<p class=\"ai-optimize-33\">The modular system offers flexibility and can be combined with standardized SCHLEGEL MBS components for tailor-made solutions. Due to the modularity of the system, the design can be adapted individually.<\/p>\n<p class=\"ai-optimize-34\"><strong>Schlegel's Industrial Network is available for the following systems:<\/strong><\/p>\n<ul>\n<li class=\"ai-optimize-35\"><strong>AS-Interface<\/strong><\/li>\n<li class=\"ai-optimize-36\"><strong>Can Open<\/strong><\/li>\n<li class=\"ai-optimize-37\"><strong>Profibus<\/strong><\/li>\n<li class=\"ai-optimize-38\"><strong>EtherCAT<\/strong><\/li>\n<li class=\"ai-optimize-39\"><strong>Profinet I\/O<\/strong><\/li>\n<li class=\"ai-optimize-40\"><strong>Ethernet IP<\/strong><\/li>\n<li class=\"ai-optimize-41\"><strong>IO-link<\/strong><\/li>\n<li class=\"ai-optimize-42\"><strong>Powerlink<\/strong><\/li>\n<\/ul>\n<p class=\"h3 ai-optimize-43\"><strong><span class=\"VIpgJd-yAWNEb-VIpgJd-fmcmS-sn54Q\">This is the characteristic of the Modular systems:<\/span><\/strong><\/p>\n<ul>\n<li class=\"ai-optimize-44\">Direct integration of pushbuttons, pilot lights and switches in industrial networks<\/li>\n<li class=\"ai-optimize-45\">Only one connection for up to 128 pushbuttons, pilot lights and switches<\/li>\n<li class=\"ai-optimize-46\">Basic module can be extended by up to 15 bus independent I\/O modules<\/li>\n<li class=\"ai-optimize-47\">Minimum wiring effort, saving time and money<\/li>\n<li class=\"ai-optimize-48\">Higher flexibility: individual adaption by customised modules<\/li>\n<li class=\"ai-optimize-49\">Easy and cost-effective change of the bus system by exchanging the basic module<\/li>\n<li class=\"ai-optimize-50\">SCHLEGEL offers standardised modules suitable to the individual series in a grid of 25 x 25 mm \/ 27 x 27 mm \/ 30 x 30 mm<\/li>\n<li class=\"ai-optimize-51\">No rigid system: if the requirements change, the MBS can be expanded at any time<\/li>\n<li class=\"ai-optimize-52\">Versatile: thanks to its structure, the MBS is suitable for many fields of application<\/li>\n<\/ul>\n<p class=\"ai-optimize-54\"><strong>Compact gateway<\/strong><\/p>\n<p class=\"ai-optimize-55\">For the use of Industrial Ethernet systems like Profinet, Etherneth\/IP, EtherCAT or Powerlink SCHLEGEL has developed a gateway with an internal 2-port switch that includes an RFID interface and AD converter in addition to the bus node. Additional advantage of the gateway: It is very compact and therefore can be placed wherever it suits to fulfil functions like RFID user management or to connect a potentiometer. The RFID control inside the gateway is based on the Schlegel transponder management system (TMS).<\/p>\n<p class=\"ai-optimize-56\"><strong>Expansion module with RFID control<\/strong><\/p>\n<p class=\"ai-optimize-57\">The extension modules for the Industrial Ethernet systems also have an integrated RFID controller that works in a similar way as the gateway. An RFID reader can be connected to the 8 inputs. The data read from the transponder and processed by the RFID control is directly transmitted to the connected Industrial Ethernet. The 8 I\/Os can be used to add further control or operating elements. 2 I\/Os are for the control of the illumination ring of the RFID reader, 6 I\/Os for high loads, e.g. industrial lamps or valve terminals, in total up to 1 A.<\/p>","protected":false},"featured_media":44915,"template":"","meta":{"_acf_changed":false},"product_brand":[748],"product_cat":[605],"product_tag":[944,977,982],"class_list":{"0":"post-44913","1":"product","2":"type-product","3":"status-publish","4":"has-post-thumbnail","6":"product_brand-schlegel","7":"product_cat-manoverdon","8":"product_tag-automation","9":"product_tag-industriellt-natverk","10":"product_tag-panelmontage","12":"first","13":"instock","14":"shipping-taxable","15":"product-type-simple"},"acf":[],"yoast_head":"<!-- This site is optimized with the Yoast SEO Premium plugin v27.4 (Yoast SEO v27.4) - https:\/\/yoast.com\/product\/yoast-seo-premium-wordpress\/ -->\n<title>Industriella N\u00e4tverk - C-Pro<\/title>\n<meta name=\"description\" content=\"Industriella N\u00e4tverk med F\u00e4ltbusssystem, industriellt Ethernet och \u00e4ven IO-Link \u00e4r redan en del av det industrialiserade omr\u00e5det. L\u00e4s Mer!\" \/>\n<meta name=\"robots\" content=\"index, follow, max-snippet:-1, max-image-preview:large, max-video-preview:-1\" \/>\n<link rel=\"canonical\" href=\"https:\/\/c-profil.se\/english\/product\/industrial-networks\/\" \/>\n<meta property=\"og:locale\" content=\"en_US\" \/>\n<meta property=\"og:type\" content=\"article\" \/>\n<meta property=\"og:title\" content=\"Industriella N\u00e4tverk - C-Pro\" \/>\n<meta property=\"og:description\" content=\"Industriella N\u00e4tverk med F\u00e4ltbusssystem, industriellt Ethernet och \u00e4ven IO-Link \u00e4r redan en del av det industrialiserade omr\u00e5det. Schlegels modul\u00e4ra bussystem (MBS) kan integreras universellt i m\u00e5nga n\u00e4tverk. MBS till\u00e5ter styrning och man\u00f6vrering av upp till 128 kommandopunkter, till exempel tryckknappar, v\u00e4ljar- eller nyckelbrytare, pilotljus osv. Med MBS kan operat\u00f6rspaneler eller kontrollenheter utrustas snabbt, flexibelt och med mindre kabelanstr\u00e4ngning. V\u00e5rt modul\u00e4ra bussystem best\u00e5r av en bussspecifik basmodul och en bussoberoende utbyggnadsmodul, vilket ger flexibiliteten att integreras i olika gemensamma industriella n\u00e4tverk. Dessutom \u00e4r det ganska enkelt och snabbt att byta till ett annat n\u00e4tverk eller ett annat bussystem. Endast grundmodulen beh\u00f6ver bytas ut. Det modul\u00e4ra systemet erbjuder flexibilitet och kan kombineras med standardiserade SCHLEGEL MBS-komponenter f\u00f6r skr\u00e4ddarsydda l\u00f6sningar. P\u00e5 grund av systemets modularitet kan designen anpassas individuellt. Schlegel&#039;s Industriella N\u00e4tverk \u00e4r tillg\u00e4nglig f\u00f6r f\u00f6ljande system:    AS-Interface  Can Open  Profibus  EtherCAT  Profinet I\/O  Ethernet IP  IO-link  Powerlink  Detta \u00e4r karakteristiskt f\u00f6r Modulsystemen:    Direkt integration av tryckknappar, pilotljus och str\u00f6mbrytare i industriella n\u00e4tverk  Endast en anslutning f\u00f6r upp till 128 tryckknappar, pilotljus och str\u00f6mbrytare  Grundmodulen kan ut\u00f6kas med upp till 15 bussoberoende I\/O-moduler  Minimal kabelanstr\u00e4ngning, sparar tid och pengar  H\u00f6gre flexibilitet: individuell anpassning med skr\u00e4ddarsydda moduler  Enkelt och kostnadseffektivt byte av bussystemet genom att byta basmodul  SCHLEGEL erbjuder standardiserade moduler som passar den enskilda serien i ett rutn\u00e4t p\u00e5 25 x 25 mm \/ 27 x 27 mm \/ 30 x 30 mm  Inget stelt system: om kraven \u00e4ndras kan MBS ut\u00f6kas n\u00e4r som helst  M\u00e5ngsidig: tack vare sin struktur \u00e4r MBS l\u00e4mplig f\u00f6r m\u00e5nga anv\u00e4ndningsomr\u00e5den  Kompakt gateway F\u00f6r anv\u00e4ndning av industriella Ethernet-system som Profinet, Etherneth\/IP, EtherCAT eller Powerlink har SCHLEGEL utvecklat en gateway med en intern 2-ports switch som inkluderar ett RFID-gr\u00e4nssnitt och AD-omvandlare f\u00f6rutom bussnoden. Ytterligare f\u00f6rdel med gatewayen: Den \u00e4r mycket kompakt och kan d\u00e4rf\u00f6r placeras var den passar f\u00f6r att uppfylla funktioner som RFID-anv\u00e4ndarhantering eller f\u00f6r att ansluta en potentiometer. RFID-kontrollen inuti gatewayen \u00e4r baserad p\u00e5 Schlegels transponderhanteringssystem (TMS). Utbyggnadsmodul med RFID-kontroll Till\u00e4ggsmodulerna f\u00f6r Industrial Ethernet-systemen har ocks\u00e5 en integrerad RFID-kontroller som fungerar p\u00e5 liknande s\u00e4tt som gatewayen. En RFID-l\u00e4sare kan anslutas till de 8 ing\u00e5ngarna. Data som l\u00e4ses fr\u00e5n transpondern och bearbetas av RFID-styrningen \u00f6verf\u00f6rs direkt till det anslutna Industrial Ethernet. De 8 I\/O:erna kan anv\u00e4ndas f\u00f6r att l\u00e4gga till ytterligare kontroll- eller man\u00f6verelement. 2 I\/O \u00e4r f\u00f6r styrning av RFID-l\u00e4sarens belysningsring, 6 I\/O f\u00f6r h\u00f6g belastning, t.ex. industrilampor eller ventilterminaler, totalt upp till 1 A.\" \/>\n<meta property=\"og:url\" content=\"https:\/\/c-profil.se\/english\/product\/industrial-networks\/\" \/>\n<meta property=\"og:site_name\" content=\"C-Pro\" \/>\n<meta property=\"article:publisher\" content=\"https:\/\/www.facebook.com\/people\/C-Pro\/61561767306874\/\" \/>\n<meta property=\"article:modified_time\" content=\"2026-03-19T14:46:24+00:00\" \/>\n<meta property=\"og:image\" content=\"https:\/\/c-profil.se\/wp-content\/uploads\/2024\/05\/Industriella-Natverk.jpg\" \/>\n\t<meta property=\"og:image:width\" content=\"1000\" \/>\n\t<meta property=\"og:image:height\" content=\"1000\" \/>\n\t<meta property=\"og:image:type\" content=\"image\/jpeg\" \/>\n<meta name=\"twitter:card\" content=\"summary_large_image\" \/>\n<meta name=\"twitter:label1\" content=\"Price\" \/>\n\t<meta name=\"twitter:data1\" content=\"\" \/>\n\t<meta name=\"twitter:label2\" content=\"Availability\" \/>\n\t<meta name=\"twitter:data2\" content=\"In stock\" \/>\n<script type=\"application\/ld+json\" class=\"yoast-schema-graph\">{\"@context\":\"https:\\\/\\\/schema.org\",\"@graph\":[{\"@type\":\"WebPage\",\"@id\":\"https:\\\/\\\/c-profil.se\\\/produkt\\\/industriella-natverk\\\/\",\"url\":\"https:\\\/\\\/c-profil.se\\\/produkt\\\/industriella-natverk\\\/\",\"name\":\"Industriella N\u00e4tverk - C-Pro\",\"isPartOf\":{\"@id\":\"https:\\\/\\\/c-profil.se\\\/#website\"},\"primaryImageOfPage\":{\"@id\":\"https:\\\/\\\/c-profil.se\\\/produkt\\\/industriella-natverk\\\/#primaryimage\"},\"image\":{\"@id\":\"https:\\\/\\\/c-profil.se\\\/produkt\\\/industriella-natverk\\\/#primaryimage\"},\"thumbnailUrl\":\"https:\\\/\\\/c-profil.se\\\/wp-content\\\/uploads\\\/2024\\\/05\\\/Industriella-Natverk.jpg\",\"datePublished\":\"2024-05-17T12:48:00+00:00\",\"dateModified\":\"2026-03-19T14:46:24+00:00\",\"description\":\"Industriella N\u00e4tverk med F\u00e4ltbusssystem, industriellt Ethernet och \u00e4ven IO-Link \u00e4r redan en del av det industrialiserade omr\u00e5det. L\u00e4s Mer!\",\"breadcrumb\":{\"@id\":\"https:\\\/\\\/c-profil.se\\\/produkt\\\/industriella-natverk\\\/#breadcrumb\"},\"inLanguage\":\"en\",\"potentialAction\":[{\"@type\":\"ReadAction\",\"target\":[\"https:\\\/\\\/c-profil.se\\\/produkt\\\/industriella-natverk\\\/\"]}]},{\"@type\":\"ImageObject\",\"inLanguage\":\"en\",\"@id\":\"https:\\\/\\\/c-profil.se\\\/produkt\\\/industriella-natverk\\\/#primaryimage\",\"url\":\"https:\\\/\\\/c-profil.se\\\/wp-content\\\/uploads\\\/2024\\\/05\\\/Industriella-Natverk.jpg\",\"contentUrl\":\"https:\\\/\\\/c-profil.se\\\/wp-content\\\/uploads\\\/2024\\\/05\\\/Industriella-Natverk.jpg\",\"width\":1000,\"height\":1000,\"caption\":\"Industriella N\u00e4tverk\"},{\"@type\":\"BreadcrumbList\",\"@id\":\"https:\\\/\\\/c-profil.se\\\/produkt\\\/industriella-natverk\\\/#breadcrumb\",\"itemListElement\":[{\"@type\":\"ListItem\",\"position\":1,\"name\":\"Hem\",\"item\":\"https:\\\/\\\/c-profil.se\\\/\"},{\"@type\":\"ListItem\",\"position\":2,\"name\":\"Produkter\",\"item\":\"https:\\\/\\\/c-profil.se\\\/produkter\\\/\"},{\"@type\":\"ListItem\",\"position\":3,\"name\":\"Man\u00f6verdon\",\"item\":\"https:\\\/\\\/c-profil.se\\\/produkt-kategori\\\/manoverdon\\\/\"},{\"@type\":\"ListItem\",\"position\":4,\"name\":\"Industriella N\u00e4tverk\"}]},{\"@type\":\"WebSite\",\"@id\":\"https:\\\/\\\/c-profil.se\\\/#website\",\"url\":\"https:\\\/\\\/c-profil.se\\\/\",\"name\":\"C-Pro\",\"description\":\"Produkter f\u00f6r El och Automation\",\"publisher\":{\"@id\":\"https:\\\/\\\/c-profil.se\\\/#organization\"},\"potentialAction\":[{\"@type\":\"SearchAction\",\"target\":{\"@type\":\"EntryPoint\",\"urlTemplate\":\"https:\\\/\\\/c-profil.se\\\/?s={search_term_string}\"},\"query-input\":{\"@type\":\"PropertyValueSpecification\",\"valueRequired\":true,\"valueName\":\"search_term_string\"}}],\"inLanguage\":\"en\"},{\"@type\":\"Organization\",\"@id\":\"https:\\\/\\\/c-profil.se\\\/#organization\",\"name\":\"C-Pro\",\"alternateName\":\"C-PRO\",\"url\":\"https:\\\/\\\/c-profil.se\\\/\",\"logo\":{\"@type\":\"ImageObject\",\"inLanguage\":\"en\",\"@id\":\"https:\\\/\\\/c-profil.se\\\/#\\\/schema\\\/logo\\\/image\\\/\",\"url\":\"https:\\\/\\\/c-profil.se\\\/wp-content\\\/uploads\\\/2022\\\/03\\\/c-pro-logga-liggande-500x500-1.png\",\"contentUrl\":\"https:\\\/\\\/c-profil.se\\\/wp-content\\\/uploads\\\/2022\\\/03\\\/c-pro-logga-liggande-500x500-1.png\",\"width\":500,\"height\":500,\"caption\":\"C-Pro\"},\"image\":{\"@id\":\"https:\\\/\\\/c-profil.se\\\/#\\\/schema\\\/logo\\\/image\\\/\"},\"sameAs\":[\"https:\\\/\\\/www.facebook.com\\\/people\\\/C-Pro\\\/61561767306874\\\/\",\"https:\\\/\\\/www.linkedin.com\\\/company\\\/c-pro-ab\",\"https:\\\/\\\/www.instagram.com\\\/cpro.ab\\\/\"],\"description\":\"C-PRO AB \u00e4r en helt\u00e4ckande leverant\u00f6r av material f\u00f6r applikationer inom el och automation. \u00c4nda sedan starten 1987 har vi f\u00f6rsett den svenska tillverkande industrin med elmaterial. Trots v\u00e5r storlek och ledande position har vi aldrig \u00f6vergett v\u00e5r grundfilosofi, att vara en personlig leverant\u00f6r. Vi p\u00e5 C-PRO \u00e4r l\u00e4tta att komma i kontakt med, \u00e4rliga och brinner f\u00f6r att l\u00f6sa v\u00e5ra kunders problem.\",\"email\":\"info@c-profil.se\",\"telephone\":\"031575785\",\"legalName\":\"C-Profil F\u00f6rl\u00e4ggningsmaterial AB\",\"foundingDate\":\"1987-01-01\"}]}<\/script>\n<meta property=\"product:brand\" content=\"automation\" \/>\n<meta property=\"product:price:currency\" content=\"SEK\" \/>\n<meta property=\"og:availability\" content=\"instock\" \/>\n<meta property=\"product:availability\" content=\"instock\" \/>\n<meta property=\"product:retailer_item_id\" content=\"Industriella N\u00e4tverk\" \/>\n<meta property=\"product:condition\" content=\"new\" \/>\n<!-- \/ Yoast SEO Premium plugin. -->","yoast_head_json":{"title":"Industrial Networks - C-Pro","description":"Industrial Networks with Fieldbus systems, industrial Ethernet and even IO-Link are already part of the industrialized area. Read more!","robots":{"index":"index","follow":"follow","max-snippet":"max-snippet:-1","max-image-preview":"max-image-preview:large","max-video-preview":"max-video-preview:-1"},"canonical":"https:\/\/c-profil.se\/english\/product\/industrial-networks\/","og_locale":"en_US","og_type":"article","og_title":"Industriella N\u00e4tverk - C-Pro","og_description":"Industriella N\u00e4tverk med F\u00e4ltbusssystem, industriellt Ethernet och \u00e4ven IO-Link \u00e4r redan en del av det industrialiserade omr\u00e5det. Schlegels modul\u00e4ra bussystem (MBS) kan integreras universellt i m\u00e5nga n\u00e4tverk. MBS till\u00e5ter styrning och man\u00f6vrering av upp till 128 kommandopunkter, till exempel tryckknappar, v\u00e4ljar- eller nyckelbrytare, pilotljus osv. Med MBS kan operat\u00f6rspaneler eller kontrollenheter utrustas snabbt, flexibelt och med mindre kabelanstr\u00e4ngning. V\u00e5rt modul\u00e4ra bussystem best\u00e5r av en bussspecifik basmodul och en bussoberoende utbyggnadsmodul, vilket ger flexibiliteten att integreras i olika gemensamma industriella n\u00e4tverk. Dessutom \u00e4r det ganska enkelt och snabbt att byta till ett annat n\u00e4tverk eller ett annat bussystem. Endast grundmodulen beh\u00f6ver bytas ut. Det modul\u00e4ra systemet erbjuder flexibilitet och kan kombineras med standardiserade SCHLEGEL MBS-komponenter f\u00f6r skr\u00e4ddarsydda l\u00f6sningar. P\u00e5 grund av systemets modularitet kan designen anpassas individuellt. Schlegel's Industriella N\u00e4tverk \u00e4r tillg\u00e4nglig f\u00f6r f\u00f6ljande system:    AS-Interface  Can Open  Profibus  EtherCAT  Profinet I\/O  Ethernet IP  IO-link  Powerlink  Detta \u00e4r karakteristiskt f\u00f6r Modulsystemen:    Direkt integration av tryckknappar, pilotljus och str\u00f6mbrytare i industriella n\u00e4tverk  Endast en anslutning f\u00f6r upp till 128 tryckknappar, pilotljus och str\u00f6mbrytare  Grundmodulen kan ut\u00f6kas med upp till 15 bussoberoende I\/O-moduler  Minimal kabelanstr\u00e4ngning, sparar tid och pengar  H\u00f6gre flexibilitet: individuell anpassning med skr\u00e4ddarsydda moduler  Enkelt och kostnadseffektivt byte av bussystemet genom att byta basmodul  SCHLEGEL erbjuder standardiserade moduler som passar den enskilda serien i ett rutn\u00e4t p\u00e5 25 x 25 mm \/ 27 x 27 mm \/ 30 x 30 mm  Inget stelt system: om kraven \u00e4ndras kan MBS ut\u00f6kas n\u00e4r som helst  M\u00e5ngsidig: tack vare sin struktur \u00e4r MBS l\u00e4mplig f\u00f6r m\u00e5nga anv\u00e4ndningsomr\u00e5den  Kompakt gateway F\u00f6r anv\u00e4ndning av industriella Ethernet-system som Profinet, Etherneth\/IP, EtherCAT eller Powerlink har SCHLEGEL utvecklat en gateway med en intern 2-ports switch som inkluderar ett RFID-gr\u00e4nssnitt och AD-omvandlare f\u00f6rutom bussnoden. Ytterligare f\u00f6rdel med gatewayen: Den \u00e4r mycket kompakt och kan d\u00e4rf\u00f6r placeras var den passar f\u00f6r att uppfylla funktioner som RFID-anv\u00e4ndarhantering eller f\u00f6r att ansluta en potentiometer. RFID-kontrollen inuti gatewayen \u00e4r baserad p\u00e5 Schlegels transponderhanteringssystem (TMS). Utbyggnadsmodul med RFID-kontroll Till\u00e4ggsmodulerna f\u00f6r Industrial Ethernet-systemen har ocks\u00e5 en integrerad RFID-kontroller som fungerar p\u00e5 liknande s\u00e4tt som gatewayen. En RFID-l\u00e4sare kan anslutas till de 8 ing\u00e5ngarna. Data som l\u00e4ses fr\u00e5n transpondern och bearbetas av RFID-styrningen \u00f6verf\u00f6rs direkt till det anslutna Industrial Ethernet. De 8 I\/O:erna kan anv\u00e4ndas f\u00f6r att l\u00e4gga till ytterligare kontroll- eller man\u00f6verelement. 2 I\/O \u00e4r f\u00f6r styrning av RFID-l\u00e4sarens belysningsring, 6 I\/O f\u00f6r h\u00f6g belastning, t.ex. industrilampor eller ventilterminaler, totalt upp till 1 A.","og_url":"https:\/\/c-profil.se\/english\/product\/industrial-networks\/","og_site_name":"C-Pro","article_publisher":"https:\/\/www.facebook.com\/people\/C-Pro\/61561767306874\/","article_modified_time":"2026-03-19T14:46:24+00:00","og_image":[{"width":1000,"height":1000,"url":"https:\/\/c-profil.se\/wp-content\/uploads\/2024\/05\/Industriella-Natverk.jpg","type":"image\/jpeg"}],"twitter_card":"summary_large_image","twitter_misc":{"Price":"","Availability":"In stock"},"schema":{"@context":"https:\/\/schema.org","@graph":[{"@type":"WebPage","@id":"https:\/\/c-profil.se\/produkt\/industriella-natverk\/","url":"https:\/\/c-profil.se\/produkt\/industriella-natverk\/","name":"Industrial Networks - C-Pro","isPartOf":{"@id":"https:\/\/c-profil.se\/#website"},"primaryImageOfPage":{"@id":"https:\/\/c-profil.se\/produkt\/industriella-natverk\/#primaryimage"},"image":{"@id":"https:\/\/c-profil.se\/produkt\/industriella-natverk\/#primaryimage"},"thumbnailUrl":"https:\/\/c-profil.se\/wp-content\/uploads\/2024\/05\/Industriella-Natverk.jpg","datePublished":"2024-05-17T12:48:00+00:00","dateModified":"2026-03-19T14:46:24+00:00","description":"Industrial Networks with Fieldbus systems, industrial Ethernet and even IO-Link are already part of the industrialized area. Read more!","breadcrumb":{"@id":"https:\/\/c-profil.se\/produkt\/industriella-natverk\/#breadcrumb"},"inLanguage":"en","potentialAction":[{"@type":"ReadAction","target":["https:\/\/c-profil.se\/produkt\/industriella-natverk\/"]}]},{"@type":"ImageObject","inLanguage":"en","@id":"https:\/\/c-profil.se\/produkt\/industriella-natverk\/#primaryimage","url":"https:\/\/c-profil.se\/wp-content\/uploads\/2024\/05\/Industriella-Natverk.jpg","contentUrl":"https:\/\/c-profil.se\/wp-content\/uploads\/2024\/05\/Industriella-Natverk.jpg","width":1000,"height":1000,"caption":"Industriella N\u00e4tverk"},{"@type":"BreadcrumbList","@id":"https:\/\/c-profil.se\/produkt\/industriella-natverk\/#breadcrumb","itemListElement":[{"@type":"ListItem","position":1,"name":"Hem","item":"https:\/\/c-profil.se\/"},{"@type":"ListItem","position":2,"name":"Produkter","item":"https:\/\/c-profil.se\/produkter\/"},{"@type":"ListItem","position":3,"name":"Man\u00f6verdon","item":"https:\/\/c-profil.se\/produkt-kategori\/manoverdon\/"},{"@type":"ListItem","position":4,"name":"Industriella N\u00e4tverk"}]},{"@type":"WebSite","@id":"https:\/\/c-profil.se\/#website","url":"https:\/\/c-profil.se\/","name":"C-Pro","description":"Products for Electricity and Automation","publisher":{"@id":"https:\/\/c-profil.se\/#organization"},"potentialAction":[{"@type":"SearchAction","target":{"@type":"EntryPoint","urlTemplate":"https:\/\/c-profil.se\/?s={search_term_string}"},"query-input":{"@type":"PropertyValueSpecification","valueRequired":true,"valueName":"search_term_string"}}],"inLanguage":"en"},{"@type":"Organization","@id":"https:\/\/c-profil.se\/#organization","name":"C-Pro","alternateName":"C-PRO","url":"https:\/\/c-profil.se\/","logo":{"@type":"ImageObject","inLanguage":"en","@id":"https:\/\/c-profil.se\/#\/schema\/logo\/image\/","url":"https:\/\/c-profil.se\/wp-content\/uploads\/2022\/03\/c-pro-logga-liggande-500x500-1.png","contentUrl":"https:\/\/c-profil.se\/wp-content\/uploads\/2022\/03\/c-pro-logga-liggande-500x500-1.png","width":500,"height":500,"caption":"C-Pro"},"image":{"@id":"https:\/\/c-profil.se\/#\/schema\/logo\/image\/"},"sameAs":["https:\/\/www.facebook.com\/people\/C-Pro\/61561767306874\/","https:\/\/www.linkedin.com\/company\/c-pro-ab","https:\/\/www.instagram.com\/cpro.ab\/"],"description":"C-PRO AB is a comprehensive supplier of materials for applications in electricity and automation. Ever since the start in 1987, we have supplied the Swedish manufacturing industry with electrical materials. Despite our size and leading position, we have never abandoned our basic philosophy, to be a personal supplier. We at C-PRO are easy to get in touch with, honest and passionate about solving our customers&#039; problems.","email":"info@c-profil.se","telephone":"031575785","legalName":"C-Profil F\u00f6rl\u00e4ggningsmaterial AB","foundingDate":"1987-01-01"}]},"product_brand":"automation","product_price_currency":"SEK","og_availability":"instock","product_availability":"instock","product_retailer_item_id":"Industriella N\u00e4tverk","product_condition":"new"},"_links":{"self":[{"href":"https:\/\/c-profil.se\/english\/wp-json\/wp\/v2\/product\/44913","targetHints":{"allow":["GET"]}}],"collection":[{"href":"https:\/\/c-profil.se\/english\/wp-json\/wp\/v2\/product"}],"about":[{"href":"https:\/\/c-profil.se\/english\/wp-json\/wp\/v2\/types\/product"}],"version-history":[{"count":5,"href":"https:\/\/c-profil.se\/english\/wp-json\/wp\/v2\/product\/44913\/revisions"}],"predecessor-version":[{"id":71798,"href":"https:\/\/c-profil.se\/english\/wp-json\/wp\/v2\/product\/44913\/revisions\/71798"}],"wp:featuredmedia":[{"embeddable":true,"href":"https:\/\/c-profil.se\/english\/wp-json\/wp\/v2\/media\/44915"}],"wp:attachment":[{"href":"https:\/\/c-profil.se\/english\/wp-json\/wp\/v2\/media?parent=44913"}],"wp:term":[{"taxonomy":"product_brand","embeddable":true,"href":"https:\/\/c-profil.se\/english\/wp-json\/wp\/v2\/product_brand?post=44913"},{"taxonomy":"product_cat","embeddable":true,"href":"https:\/\/c-profil.se\/english\/wp-json\/wp\/v2\/product_cat?post=44913"},{"taxonomy":"product_tag","embeddable":true,"href":"https:\/\/c-profil.se\/english\/wp-json\/wp\/v2\/product_tag?post=44913"}],"curies":[{"name":"wp","href":"https:\/\/api.w.org\/{rel}","templated":true}]}}