{"id":44901,"date":"2024-05-17T13:30:00","date_gmt":"2024-05-17T12:30:00","guid":{"rendered":"https:\/\/c-profil.se\/?post_type=product&#038;p=44901"},"modified":"2026-03-19T15:46:24","modified_gmt":"2026-03-19T14:46:24","slug":"rfid-system","status":"publish","type":"product","link":"https:\/\/c-profil.se\/english\/produkt\/rfid-system\/","title":{"rendered":"RFID-System"},"content":{"rendered":"<p><strong>Schlegel&#039;s RFID system offers a contactless, secure and user-friendly solution for machine control and access management.<\/strong><br \/>\nThe technology replaces or complements traditional key switches and makes it easy to manage permissions, reduce the risk of unauthorized use and adapt the system to both simple and very complex requirements.<\/p>","protected":false},"excerpt":{"rendered":"<p class=\"ai-optimize-31 ai-optimize-introduction\">Shlegel's RFID system offers a contactless, secure and simple solution for controlling machines or managing access authorizations. An RFID system consists of a reading unit and a transponder (so-called tag) with an integrated microchip for data storage. This makes it possible to transfer and analyze person- or product-specific information.<\/p>\n<p class=\"ai-optimize-32\" style=\"font-weight: 400\">Conventional key switches for machine control can also be replaced or supplemented. Our RFID solutions make it possible to implement any number of switching modes.<\/p>\n<p class=\"ai-optimize-33\" style=\"font-weight: 400\">RFID technology easily manages access authorizations to protected areas, so a complex key system is not necessary. This technology also minimizes the risk of unauthorized use in case of key (transponder) loss. In such cases, the lost transponder can be deleted from the system and easily replaced with a new one.<\/p>\n<p class=\"ai-optimize-34\"><strong>Schlegel offers 3 RFID systems:<\/strong><\/p>\n<ul>\n<li class=\"ai-optimize-35\">RFID standard \u2013 for individual, special requirements (freely configurable)<\/li>\n<li class=\"ai-optimize-36\">RFID SKS \u2013 for quick and easy integration in areas with few requirements (up to 25 transponders)<\/li>\n<li class=\"ai-optimize-37\">RFID TMS \u2013 for flexible application in areas with complex requirements (different number of transponders possible)<\/li>\n<\/ul>\n<p class=\"ai-optimize-38\"><strong>Depending on the version, the RFID solutions support the following operating modes:<\/strong><\/p>\n<ul>\n<li class=\"ai-optimize-39\">Cyclic and\/or simple reading<\/li>\n<\/ul>","protected":false},"featured_media":44902,"template":"","meta":{"_acf_changed":false},"product_brand":[748],"product_cat":[605],"product_tag":[944,982,981],"class_list":{"0":"post-44901","1":"product","2":"type-product","3":"status-publish","4":"has-post-thumbnail","6":"product_brand-schlegel","7":"product_cat-manoverdon","8":"product_tag-automation","9":"product_tag-panelmontage","10":"product_tag-styrning","12":"first","13":"instock","14":"shipping-taxable","15":"product-type-simple"},"acf":[],"yoast_head":"<!-- This site is optimized with the Yoast SEO Premium plugin v27.6 (Yoast SEO v27.6) - https:\/\/yoast.com\/product\/yoast-seo-premium-wordpress\/ -->\n<title>RFID-System - C-Pro<\/title>\n<meta name=\"description\" content=\"RFID-System erbjuder en kontaktl\u00f6s, s\u00e4ker och enkel l\u00f6sning f\u00f6r att styra maskiner eller hantera \u00e5tkomstbeh\u00f6righeter. L\u00e4s Mer!\" \/>\n<meta name=\"robots\" content=\"index, follow, max-snippet:-1, max-image-preview:large, max-video-preview:-1\" \/>\n<link rel=\"canonical\" href=\"https:\/\/c-profil.se\/english\/product\/rfid-system\/\" \/>\n<meta property=\"og:locale\" content=\"en_US\" \/>\n<meta property=\"og:type\" content=\"article\" \/>\n<meta property=\"og:title\" content=\"RFID-System - C-Pro\" \/>\n<meta property=\"og:description\" content=\"Shlegel&#039;s RFID-system erbjuder en kontaktl\u00f6s, s\u00e4ker och enkel l\u00f6sning f\u00f6r att styra maskiner eller hantera \u00e5tkomstbeh\u00f6righeter. Ett RFID-system best\u00e5r av en l\u00e4senhet och en transponder (s\u00e5 kallad tagg) med ett integrerat mikrochip f\u00f6r datalagring. Detta g\u00f6r det m\u00f6jligt att \u00f6verf\u00f6ra och analysera person- eller produktspecifik information. Konventionella nyckelbrytare f\u00f6r maskinstyrning kan ocks\u00e5 bytas ut eller kompletteras. V\u00e5ra RFID-l\u00f6sningar g\u00f6r det m\u00f6jligt att implementera valfritt antal kopplingsl\u00e4gen. RFID-tekniken hanterar enkelt \u00e5tkomstbeh\u00f6righeter till skyddade omr\u00e5den, s\u00e5 att ett komplext nyckelsystem inte \u00e4r n\u00f6dv\u00e4ndigt. Denna teknik minimerar ocks\u00e5 risken f\u00f6r obeh\u00f6rig anv\u00e4ndning vid f\u00f6rlust av nyckel (transponder). I s\u00e5dana fall kan den f\u00f6rlorade transpondern raderas fr\u00e5n systemet och enkelt ers\u00e4ttas med en ny. Schlegel erbjuder 3st RFID-System:    RFID-standard - f\u00f6r individuella, speciella krav (fritt konfigurerbar)  RFID SKS - f\u00f6r snabb och enkel integration i omr\u00e5den med f\u00e5 krav (upp till 25 transpondrar)  RFID TMS - f\u00f6r flexibel applikation i omr\u00e5den med komplexa krav (olika antal transpondrar m\u00f6jliga)  Beroende p\u00e5 version st\u00f6der RFID-l\u00f6sningarna f\u00f6ljande driftl\u00e4gen:    Cyklisk och\/eller enkel l\u00e4sning\" \/>\n<meta property=\"og:url\" content=\"https:\/\/c-profil.se\/english\/product\/rfid-system\/\" \/>\n<meta property=\"og:site_name\" content=\"C-Pro\" \/>\n<meta property=\"article:publisher\" content=\"https:\/\/www.facebook.com\/people\/C-Pro\/61561767306874\/\" \/>\n<meta property=\"article:modified_time\" content=\"2026-03-19T14:46:24+00:00\" \/>\n<meta property=\"og:image\" content=\"https:\/\/c-profil.se\/wp-content\/uploads\/2024\/05\/RFID-System.jpg\" \/>\n\t<meta property=\"og:image:width\" content=\"1000\" \/>\n\t<meta property=\"og:image:height\" content=\"1000\" \/>\n\t<meta property=\"og:image:type\" content=\"image\/jpeg\" \/>\n<meta name=\"twitter:card\" content=\"summary_large_image\" \/>\n<meta name=\"twitter:label1\" content=\"Price\" \/>\n\t<meta name=\"twitter:data1\" content=\"\" \/>\n\t<meta name=\"twitter:label2\" content=\"Availability\" \/>\n\t<meta name=\"twitter:data2\" content=\"In stock\" \/>\n<script type=\"application\/ld+json\" class=\"yoast-schema-graph\">{\"@context\":\"https:\\\/\\\/schema.org\",\"@graph\":[{\"@type\":\"WebPage\",\"@id\":\"https:\\\/\\\/c-profil.se\\\/produkt\\\/rfid-system\\\/\",\"url\":\"https:\\\/\\\/c-profil.se\\\/produkt\\\/rfid-system\\\/\",\"name\":\"RFID-System - C-Pro\",\"isPartOf\":{\"@id\":\"https:\\\/\\\/c-profil.se\\\/#website\"},\"primaryImageOfPage\":{\"@id\":\"https:\\\/\\\/c-profil.se\\\/produkt\\\/rfid-system\\\/#primaryimage\"},\"image\":{\"@id\":\"https:\\\/\\\/c-profil.se\\\/produkt\\\/rfid-system\\\/#primaryimage\"},\"thumbnailUrl\":\"https:\\\/\\\/c-profil.se\\\/wp-content\\\/uploads\\\/2024\\\/05\\\/RFID-System.jpg\",\"datePublished\":\"2024-05-17T12:30:00+00:00\",\"dateModified\":\"2026-03-19T14:46:24+00:00\",\"description\":\"RFID-System erbjuder en kontaktl\u00f6s, s\u00e4ker och enkel l\u00f6sning f\u00f6r att styra maskiner eller hantera \u00e5tkomstbeh\u00f6righeter. L\u00e4s Mer!\",\"breadcrumb\":{\"@id\":\"https:\\\/\\\/c-profil.se\\\/produkt\\\/rfid-system\\\/#breadcrumb\"},\"inLanguage\":\"en\",\"potentialAction\":[{\"@type\":\"ReadAction\",\"target\":[\"https:\\\/\\\/c-profil.se\\\/produkt\\\/rfid-system\\\/\"]}]},{\"@type\":\"ImageObject\",\"inLanguage\":\"en\",\"@id\":\"https:\\\/\\\/c-profil.se\\\/produkt\\\/rfid-system\\\/#primaryimage\",\"url\":\"https:\\\/\\\/c-profil.se\\\/wp-content\\\/uploads\\\/2024\\\/05\\\/RFID-System.jpg\",\"contentUrl\":\"https:\\\/\\\/c-profil.se\\\/wp-content\\\/uploads\\\/2024\\\/05\\\/RFID-System.jpg\",\"width\":1000,\"height\":1000,\"caption\":\"RFID-System\"},{\"@type\":\"BreadcrumbList\",\"@id\":\"https:\\\/\\\/c-profil.se\\\/produkt\\\/rfid-system\\\/#breadcrumb\",\"itemListElement\":[{\"@type\":\"ListItem\",\"position\":1,\"name\":\"Hem\",\"item\":\"https:\\\/\\\/c-profil.se\\\/\"},{\"@type\":\"ListItem\",\"position\":2,\"name\":\"Produkter\",\"item\":\"https:\\\/\\\/c-profil.se\\\/produkter\\\/\"},{\"@type\":\"ListItem\",\"position\":3,\"name\":\"Man\u00f6verdon\",\"item\":\"https:\\\/\\\/c-profil.se\\\/produkt-kategori\\\/manoverdon\\\/\"},{\"@type\":\"ListItem\",\"position\":4,\"name\":\"RFID-System\"}]},{\"@type\":\"WebSite\",\"@id\":\"https:\\\/\\\/c-profil.se\\\/#website\",\"url\":\"https:\\\/\\\/c-profil.se\\\/\",\"name\":\"C-Pro\",\"description\":\"Produkter f\u00f6r El och Automation\",\"publisher\":{\"@id\":\"https:\\\/\\\/c-profil.se\\\/#organization\"},\"potentialAction\":[{\"@type\":\"SearchAction\",\"target\":{\"@type\":\"EntryPoint\",\"urlTemplate\":\"https:\\\/\\\/c-profil.se\\\/?s={search_term_string}\"},\"query-input\":{\"@type\":\"PropertyValueSpecification\",\"valueRequired\":true,\"valueName\":\"search_term_string\"}}],\"inLanguage\":\"en\"},{\"@type\":\"Organization\",\"@id\":\"https:\\\/\\\/c-profil.se\\\/#organization\",\"name\":\"C-Pro\",\"alternateName\":\"C-PRO\",\"url\":\"https:\\\/\\\/c-profil.se\\\/\",\"logo\":{\"@type\":\"ImageObject\",\"inLanguage\":\"en\",\"@id\":\"https:\\\/\\\/c-profil.se\\\/#\\\/schema\\\/logo\\\/image\\\/\",\"url\":\"https:\\\/\\\/c-profil.se\\\/wp-content\\\/uploads\\\/2022\\\/03\\\/c-pro-logga-liggande-500x500-1.png\",\"contentUrl\":\"https:\\\/\\\/c-profil.se\\\/wp-content\\\/uploads\\\/2022\\\/03\\\/c-pro-logga-liggande-500x500-1.png\",\"width\":500,\"height\":500,\"caption\":\"C-Pro\"},\"image\":{\"@id\":\"https:\\\/\\\/c-profil.se\\\/#\\\/schema\\\/logo\\\/image\\\/\"},\"sameAs\":[\"https:\\\/\\\/www.facebook.com\\\/people\\\/C-Pro\\\/61561767306874\\\/\",\"https:\\\/\\\/www.linkedin.com\\\/company\\\/c-pro-ab\",\"https:\\\/\\\/www.instagram.com\\\/cpro.ab\\\/\"],\"description\":\"C-PRO AB \u00e4r en helt\u00e4ckande leverant\u00f6r av material f\u00f6r applikationer inom el och automation. \u00c4nda sedan starten 1987 har vi f\u00f6rsett den svenska tillverkande industrin med elmaterial. Trots v\u00e5r storlek och ledande position har vi aldrig \u00f6vergett v\u00e5r grundfilosofi, att vara en personlig leverant\u00f6r. Vi p\u00e5 C-PRO \u00e4r l\u00e4tta att komma i kontakt med, \u00e4rliga och brinner f\u00f6r att l\u00f6sa v\u00e5ra kunders problem.\",\"email\":\"info@c-profil.se\",\"telephone\":\"031575785\",\"legalName\":\"C-Profil F\u00f6rl\u00e4ggningsmaterial AB\",\"foundingDate\":\"1987-01-01\"}]}<\/script>\n<meta property=\"product:brand\" content=\"automation\" \/>\n<meta property=\"product:price:currency\" content=\"SEK\" \/>\n<meta property=\"og:availability\" content=\"instock\" \/>\n<meta property=\"product:availability\" content=\"instock\" \/>\n<meta property=\"product:retailer_item_id\" content=\"RFID-System\" \/>\n<meta property=\"product:condition\" content=\"new\" \/>\n<!-- \/ Yoast SEO Premium plugin. -->","yoast_head_json":{"title":"RFID-System - C-Pro","description":"RFID-System offers a contactless, secure and simple solution for controlling machines or managing access authorizations. Read More!","robots":{"index":"index","follow":"follow","max-snippet":"max-snippet:-1","max-image-preview":"max-image-preview:large","max-video-preview":"max-video-preview:-1"},"canonical":"https:\/\/c-profil.se\/english\/product\/rfid-system\/","og_locale":"en_US","og_type":"article","og_title":"RFID-System - C-Pro","og_description":"Shlegel's RFID-system erbjuder en kontaktl\u00f6s, s\u00e4ker och enkel l\u00f6sning f\u00f6r att styra maskiner eller hantera \u00e5tkomstbeh\u00f6righeter. Ett RFID-system best\u00e5r av en l\u00e4senhet och en transponder (s\u00e5 kallad tagg) med ett integrerat mikrochip f\u00f6r datalagring. Detta g\u00f6r det m\u00f6jligt att \u00f6verf\u00f6ra och analysera person- eller produktspecifik information. Konventionella nyckelbrytare f\u00f6r maskinstyrning kan ocks\u00e5 bytas ut eller kompletteras. V\u00e5ra RFID-l\u00f6sningar g\u00f6r det m\u00f6jligt att implementera valfritt antal kopplingsl\u00e4gen. RFID-tekniken hanterar enkelt \u00e5tkomstbeh\u00f6righeter till skyddade omr\u00e5den, s\u00e5 att ett komplext nyckelsystem inte \u00e4r n\u00f6dv\u00e4ndigt. Denna teknik minimerar ocks\u00e5 risken f\u00f6r obeh\u00f6rig anv\u00e4ndning vid f\u00f6rlust av nyckel (transponder). I s\u00e5dana fall kan den f\u00f6rlorade transpondern raderas fr\u00e5n systemet och enkelt ers\u00e4ttas med en ny. Schlegel erbjuder 3st RFID-System:    RFID-standard - f\u00f6r individuella, speciella krav (fritt konfigurerbar)  RFID SKS - f\u00f6r snabb och enkel integration i omr\u00e5den med f\u00e5 krav (upp till 25 transpondrar)  RFID TMS - f\u00f6r flexibel applikation i omr\u00e5den med komplexa krav (olika antal transpondrar m\u00f6jliga)  Beroende p\u00e5 version st\u00f6der RFID-l\u00f6sningarna f\u00f6ljande driftl\u00e4gen:    Cyklisk och\/eller enkel l\u00e4sning","og_url":"https:\/\/c-profil.se\/english\/product\/rfid-system\/","og_site_name":"C-Pro","article_publisher":"https:\/\/www.facebook.com\/people\/C-Pro\/61561767306874\/","article_modified_time":"2026-03-19T14:46:24+00:00","og_image":[{"width":1000,"height":1000,"url":"https:\/\/c-profil.se\/wp-content\/uploads\/2024\/05\/RFID-System.jpg","type":"image\/jpeg"}],"twitter_card":"summary_large_image","twitter_misc":{"Price":"","Availability":"In stock"},"schema":{"@context":"https:\/\/schema.org","@graph":[{"@type":"WebPage","@id":"https:\/\/c-profil.se\/produkt\/rfid-system\/","url":"https:\/\/c-profil.se\/produkt\/rfid-system\/","name":"RFID-System - C-Pro","isPartOf":{"@id":"https:\/\/c-profil.se\/#website"},"primaryImageOfPage":{"@id":"https:\/\/c-profil.se\/produkt\/rfid-system\/#primaryimage"},"image":{"@id":"https:\/\/c-profil.se\/produkt\/rfid-system\/#primaryimage"},"thumbnailUrl":"https:\/\/c-profil.se\/wp-content\/uploads\/2024\/05\/RFID-System.jpg","datePublished":"2024-05-17T12:30:00+00:00","dateModified":"2026-03-19T14:46:24+00:00","description":"RFID-System offers a contactless, secure and simple solution for controlling machines or managing access authorizations. Read More!","breadcrumb":{"@id":"https:\/\/c-profil.se\/produkt\/rfid-system\/#breadcrumb"},"inLanguage":"en","potentialAction":[{"@type":"ReadAction","target":["https:\/\/c-profil.se\/produkt\/rfid-system\/"]}]},{"@type":"ImageObject","inLanguage":"en","@id":"https:\/\/c-profil.se\/produkt\/rfid-system\/#primaryimage","url":"https:\/\/c-profil.se\/wp-content\/uploads\/2024\/05\/RFID-System.jpg","contentUrl":"https:\/\/c-profil.se\/wp-content\/uploads\/2024\/05\/RFID-System.jpg","width":1000,"height":1000,"caption":"RFID-System"},{"@type":"BreadcrumbList","@id":"https:\/\/c-profil.se\/produkt\/rfid-system\/#breadcrumb","itemListElement":[{"@type":"ListItem","position":1,"name":"Hem","item":"https:\/\/c-profil.se\/"},{"@type":"ListItem","position":2,"name":"Produkter","item":"https:\/\/c-profil.se\/produkter\/"},{"@type":"ListItem","position":3,"name":"Man\u00f6verdon","item":"https:\/\/c-profil.se\/produkt-kategori\/manoverdon\/"},{"@type":"ListItem","position":4,"name":"RFID-System"}]},{"@type":"WebSite","@id":"https:\/\/c-profil.se\/#website","url":"https:\/\/c-profil.se\/","name":"C-Pro","description":"Products for Electricity and Automation","publisher":{"@id":"https:\/\/c-profil.se\/#organization"},"potentialAction":[{"@type":"SearchAction","target":{"@type":"EntryPoint","urlTemplate":"https:\/\/c-profil.se\/?s={search_term_string}"},"query-input":{"@type":"PropertyValueSpecification","valueRequired":true,"valueName":"search_term_string"}}],"inLanguage":"en"},{"@type":"Organization","@id":"https:\/\/c-profil.se\/#organization","name":"C-Pro","alternateName":"C-PRO","url":"https:\/\/c-profil.se\/","logo":{"@type":"ImageObject","inLanguage":"en","@id":"https:\/\/c-profil.se\/#\/schema\/logo\/image\/","url":"https:\/\/c-profil.se\/wp-content\/uploads\/2022\/03\/c-pro-logga-liggande-500x500-1.png","contentUrl":"https:\/\/c-profil.se\/wp-content\/uploads\/2022\/03\/c-pro-logga-liggande-500x500-1.png","width":500,"height":500,"caption":"C-Pro"},"image":{"@id":"https:\/\/c-profil.se\/#\/schema\/logo\/image\/"},"sameAs":["https:\/\/www.facebook.com\/people\/C-Pro\/61561767306874\/","https:\/\/www.linkedin.com\/company\/c-pro-ab","https:\/\/www.instagram.com\/cpro.ab\/"],"description":"C-PRO AB is a comprehensive supplier of materials for applications in electricity and automation. Ever since the start in 1987, we have supplied the Swedish manufacturing industry with electrical materials. Despite our size and leading position, we have never abandoned our basic philosophy, to be a personal supplier. We at C-PRO are easy to get in touch with, honest and passionate about solving our customers&#039; problems.","email":"info@c-profil.se","telephone":"031575785","legalName":"C-Profil F\u00f6rl\u00e4ggningsmaterial AB","foundingDate":"1987-01-01"}]},"product_brand":"automation","product_price_currency":"SEK","og_availability":"instock","product_availability":"instock","product_retailer_item_id":"RFID-System","product_condition":"new"},"_links":{"self":[{"href":"https:\/\/c-profil.se\/english\/wp-json\/wp\/v2\/product\/44901","targetHints":{"allow":["GET"]}}],"collection":[{"href":"https:\/\/c-profil.se\/english\/wp-json\/wp\/v2\/product"}],"about":[{"href":"https:\/\/c-profil.se\/english\/wp-json\/wp\/v2\/types\/product"}],"version-history":[{"count":5,"href":"https:\/\/c-profil.se\/english\/wp-json\/wp\/v2\/product\/44901\/revisions"}],"predecessor-version":[{"id":71799,"href":"https:\/\/c-profil.se\/english\/wp-json\/wp\/v2\/product\/44901\/revisions\/71799"}],"wp:featuredmedia":[{"embeddable":true,"href":"https:\/\/c-profil.se\/english\/wp-json\/wp\/v2\/media\/44902"}],"wp:attachment":[{"href":"https:\/\/c-profil.se\/english\/wp-json\/wp\/v2\/media?parent=44901"}],"wp:term":[{"taxonomy":"product_brand","embeddable":true,"href":"https:\/\/c-profil.se\/english\/wp-json\/wp\/v2\/product_brand?post=44901"},{"taxonomy":"product_cat","embeddable":true,"href":"https:\/\/c-profil.se\/english\/wp-json\/wp\/v2\/product_cat?post=44901"},{"taxonomy":"product_tag","embeddable":true,"href":"https:\/\/c-profil.se\/english\/wp-json\/wp\/v2\/product_tag?post=44901"}],"curies":[{"name":"wp","href":"https:\/\/api.w.org\/{rel}","templated":true}]}}