{"id":44883,"date":"2024-05-17T12:54:00","date_gmt":"2024-05-17T11:54:00","guid":{"rendered":"https:\/\/c-profil.se\/?post_type=product&#038;p=44883"},"modified":"2026-03-19T15:46:25","modified_gmt":"2026-03-19T14:46:25","slug":"panel-mount-jacks","status":"publish","type":"product","link":"https:\/\/c-profil.se\/english\/produkt\/panelmonterade-uttag\/","title":{"rendered":"Panel Mount Jacks"},"content":{"rendered":"<p><strong>Schlegel panel-mounted sockets are key components for safe and flexible external access to machines and systems.<\/strong><br \/>\nThrough this interface technology, multiple devices can be connected, enabling smooth communication and data exchange across system boundaries.<\/p>","protected":false},"excerpt":{"rendered":"<p class=\"ai-optimize-31 ai-optimize-introduction\">Schlegel Panel mount jacks are key components for overcoming technological limitations and gaining external access to machines. Several devices and systems can be connected to machines via this interface technology. Thus it enables data to be exchanged across system boundaries.<\/p>\n<p class=\"ai-optimize-32\" style=\"font-weight: 400\">We offer panel mount jacks for a wide variety of applications. Based on a broad variety of connection types, panel cut-outs and variants with small mounting depths.<\/p>\n<p class=\"ai-optimize-33\"><strong>Several types of panel-mounted sockets:<\/strong><\/p>\n<ul>\n<li class=\"ai-optimize-34\" style=\"text-align: left\"><strong>USB A,B &amp; C <\/strong><\/li>\n<li class=\"ai-optimize-34\" style=\"text-align: left\"><strong>FIREWIRE<\/strong><\/li>\n<li class=\"ai-optimize-34\" style=\"text-align: left\"><strong>RJ 45<\/strong><\/li>\n<li class=\"ai-optimize-34\" style=\"text-align: left\"><strong>Optical fiber<\/strong><\/li>\n<li class=\"ai-optimize-34\" style=\"text-align: left\"><strong>M12<\/strong><\/li>\n<li class=\"ai-optimize-34\" style=\"text-align: left\"><strong>HDMI<\/strong><\/li>\n<\/ul>\n<p class=\"ai-optimize-35\"><strong>Hole punching:<\/strong><\/p>\n<ul>\n<li class=\"ai-optimize-36\"><strong>Mounting diameter<\/strong>:\n<ul>\n<li class=\"ai-optimize-37\">22.3 mm (RONTRON-R-JUWEL and RONTRON-Q-JUWEL series),<\/li>\n<li class=\"ai-optimize-38\">23 x 23 mm (OKTRON-JUWEL), 24 x 48 mm (QUARTRON-JUWEL), adapter plate for 30.5 mm is also available<\/li>\n<\/ul>\n<\/li>\n<\/ul>\n<p class=\"ai-optimize-39\">The panel mount jacks are available with silver-coloured, stainless steel (polished) and black front bezel. In addition, you can choose from a variety of suitable accessories like protective covers, illumination rings or connecting cables.<\/p>","protected":false},"featured_media":44885,"template":"","meta":{"_acf_changed":false},"product_brand":[748],"product_cat":[605],"product_tag":[982,974,958],"class_list":{"0":"post-44883","1":"product","2":"type-product","3":"status-publish","4":"has-post-thumbnail","6":"product_brand-schlegel","7":"product_cat-manoverdon","8":"product_tag-panelmontage","9":"product_tag-service-underhall","10":"product_tag-stromforsorjning","12":"first","13":"instock","14":"shipping-taxable","15":"product-type-simple"},"acf":[],"yoast_head":"<!-- This site is optimized with the Yoast SEO Premium plugin v27.4 (Yoast SEO v27.4) - https:\/\/yoast.com\/product\/yoast-seo-premium-wordpress\/ -->\n<title>Panelmonterade Uttag - C-Pro<\/title>\n<meta name=\"description\" content=\"Schlegel&#039;s panelmonterade uttag\u00a0\u00e4r nyckelkomponenter f\u00f6r att \u00f6vervinna tekniska begr\u00e4nsningar och f\u00e5 extern \u00e5tkomst till maskiner. L\u00e4s Mer!\" \/>\n<meta name=\"robots\" content=\"index, follow, max-snippet:-1, max-image-preview:large, max-video-preview:-1\" \/>\n<link rel=\"canonical\" href=\"https:\/\/c-profil.se\/english\/product\/panel-mount-jacks\/\" \/>\n<meta property=\"og:locale\" content=\"en_US\" \/>\n<meta property=\"og:type\" content=\"article\" \/>\n<meta property=\"og:title\" content=\"Panelmonterade Uttag - C-Pro\" \/>\n<meta property=\"og:description\" content=\"Schlegel&#039;s panelmonterade uttag\u00a0\u00e4r nyckelkomponenter f\u00f6r att \u00f6vervinna tekniska begr\u00e4nsningar och f\u00e5 extern \u00e5tkomst till maskiner. Flera enheter och system kan anslutas till maskiner via denna gr\u00e4nssnittsteknik. P\u00e5 s\u00e5 s\u00e4tt kan data utbytas \u00f6ver systemgr\u00e4nserna. Vi erbjuder uttag f\u00f6r panelmontage f\u00f6r en m\u00e4ngd olika applikationer. Baserat p\u00e5 ett brett utbud av anslutningstyper, h\u00e5ltagning och varianter med sm\u00e5 monteringsdjup. Flertalet typer av panelmonterade uttag:    USB A,B &amp; C   FIREWIRE  RJ 45  Optisk fiber  M12  HDMI  H\u00e5ltagning:    Monteringsdiameter:   22,3 mm (serien RONTRON-R-JUWEL och RONTRON-Q-JUWEL),  23 x 23 mm (OKTRON-JUWEL), 24 x 48 mm (QUARTRON-JUWEL), adapterplatta f\u00f6r 30,5 mm finns ocks\u00e5 tillg\u00e4nglig    Panelf\u00e4stet finns med silverf\u00e4rgat, rostfritt st\u00e5l (polerat) och svart frontram. Dessutom kan du v\u00e4lja mellan en m\u00e4ngd l\u00e4mpliga tillbeh\u00f6r som skyddsk\u00e5por, belysningsringar eller anslutningskablar.\" \/>\n<meta property=\"og:url\" content=\"https:\/\/c-profil.se\/english\/product\/panel-mount-jacks\/\" \/>\n<meta property=\"og:site_name\" content=\"C-Pro\" \/>\n<meta property=\"article:publisher\" content=\"https:\/\/www.facebook.com\/people\/C-Pro\/61561767306874\/\" \/>\n<meta property=\"article:modified_time\" content=\"2026-03-19T14:46:25+00:00\" \/>\n<meta property=\"og:image\" content=\"https:\/\/c-profil.se\/wp-content\/uploads\/2024\/05\/Panelmonterade-Uttag.jpg\" \/>\n\t<meta property=\"og:image:width\" content=\"1000\" \/>\n\t<meta property=\"og:image:height\" content=\"1000\" \/>\n\t<meta property=\"og:image:type\" content=\"image\/jpeg\" \/>\n<meta name=\"twitter:card\" content=\"summary_large_image\" \/>\n<meta name=\"twitter:label1\" content=\"Price\" \/>\n\t<meta name=\"twitter:data1\" content=\"\" \/>\n\t<meta name=\"twitter:label2\" content=\"Availability\" \/>\n\t<meta name=\"twitter:data2\" content=\"In stock\" \/>\n<script type=\"application\/ld+json\" class=\"yoast-schema-graph\">{\"@context\":\"https:\\\/\\\/schema.org\",\"@graph\":[{\"@type\":\"WebPage\",\"@id\":\"https:\\\/\\\/c-profil.se\\\/produkt\\\/panelmonterade-uttag\\\/\",\"url\":\"https:\\\/\\\/c-profil.se\\\/produkt\\\/panelmonterade-uttag\\\/\",\"name\":\"Panelmonterade Uttag - C-Pro\",\"isPartOf\":{\"@id\":\"https:\\\/\\\/c-profil.se\\\/#website\"},\"primaryImageOfPage\":{\"@id\":\"https:\\\/\\\/c-profil.se\\\/produkt\\\/panelmonterade-uttag\\\/#primaryimage\"},\"image\":{\"@id\":\"https:\\\/\\\/c-profil.se\\\/produkt\\\/panelmonterade-uttag\\\/#primaryimage\"},\"thumbnailUrl\":\"https:\\\/\\\/c-profil.se\\\/wp-content\\\/uploads\\\/2024\\\/05\\\/Panelmonterade-Uttag.jpg\",\"datePublished\":\"2024-05-17T11:54:00+00:00\",\"dateModified\":\"2026-03-19T14:46:25+00:00\",\"description\":\"Schlegel's panelmonterade uttag\u00a0\u00e4r nyckelkomponenter f\u00f6r att \u00f6vervinna tekniska begr\u00e4nsningar och f\u00e5 extern \u00e5tkomst till maskiner. L\u00e4s Mer!\",\"breadcrumb\":{\"@id\":\"https:\\\/\\\/c-profil.se\\\/produkt\\\/panelmonterade-uttag\\\/#breadcrumb\"},\"inLanguage\":\"en\",\"potentialAction\":[{\"@type\":\"ReadAction\",\"target\":[\"https:\\\/\\\/c-profil.se\\\/produkt\\\/panelmonterade-uttag\\\/\"]}]},{\"@type\":\"ImageObject\",\"inLanguage\":\"en\",\"@id\":\"https:\\\/\\\/c-profil.se\\\/produkt\\\/panelmonterade-uttag\\\/#primaryimage\",\"url\":\"https:\\\/\\\/c-profil.se\\\/wp-content\\\/uploads\\\/2024\\\/05\\\/Panelmonterade-Uttag.jpg\",\"contentUrl\":\"https:\\\/\\\/c-profil.se\\\/wp-content\\\/uploads\\\/2024\\\/05\\\/Panelmonterade-Uttag.jpg\",\"width\":1000,\"height\":1000,\"caption\":\"Panelmonterade Uttag\"},{\"@type\":\"BreadcrumbList\",\"@id\":\"https:\\\/\\\/c-profil.se\\\/produkt\\\/panelmonterade-uttag\\\/#breadcrumb\",\"itemListElement\":[{\"@type\":\"ListItem\",\"position\":1,\"name\":\"Hem\",\"item\":\"https:\\\/\\\/c-profil.se\\\/\"},{\"@type\":\"ListItem\",\"position\":2,\"name\":\"Produkter\",\"item\":\"https:\\\/\\\/c-profil.se\\\/produkter\\\/\"},{\"@type\":\"ListItem\",\"position\":3,\"name\":\"Man\u00f6verdon\",\"item\":\"https:\\\/\\\/c-profil.se\\\/produkt-kategori\\\/manoverdon\\\/\"},{\"@type\":\"ListItem\",\"position\":4,\"name\":\"Panelmonterade Uttag\"}]},{\"@type\":\"WebSite\",\"@id\":\"https:\\\/\\\/c-profil.se\\\/#website\",\"url\":\"https:\\\/\\\/c-profil.se\\\/\",\"name\":\"C-Pro\",\"description\":\"Produkter f\u00f6r El och Automation\",\"publisher\":{\"@id\":\"https:\\\/\\\/c-profil.se\\\/#organization\"},\"potentialAction\":[{\"@type\":\"SearchAction\",\"target\":{\"@type\":\"EntryPoint\",\"urlTemplate\":\"https:\\\/\\\/c-profil.se\\\/?s={search_term_string}\"},\"query-input\":{\"@type\":\"PropertyValueSpecification\",\"valueRequired\":true,\"valueName\":\"search_term_string\"}}],\"inLanguage\":\"en\"},{\"@type\":\"Organization\",\"@id\":\"https:\\\/\\\/c-profil.se\\\/#organization\",\"name\":\"C-Pro\",\"alternateName\":\"C-PRO\",\"url\":\"https:\\\/\\\/c-profil.se\\\/\",\"logo\":{\"@type\":\"ImageObject\",\"inLanguage\":\"en\",\"@id\":\"https:\\\/\\\/c-profil.se\\\/#\\\/schema\\\/logo\\\/image\\\/\",\"url\":\"https:\\\/\\\/c-profil.se\\\/wp-content\\\/uploads\\\/2022\\\/03\\\/c-pro-logga-liggande-500x500-1.png\",\"contentUrl\":\"https:\\\/\\\/c-profil.se\\\/wp-content\\\/uploads\\\/2022\\\/03\\\/c-pro-logga-liggande-500x500-1.png\",\"width\":500,\"height\":500,\"caption\":\"C-Pro\"},\"image\":{\"@id\":\"https:\\\/\\\/c-profil.se\\\/#\\\/schema\\\/logo\\\/image\\\/\"},\"sameAs\":[\"https:\\\/\\\/www.facebook.com\\\/people\\\/C-Pro\\\/61561767306874\\\/\",\"https:\\\/\\\/www.linkedin.com\\\/company\\\/c-pro-ab\",\"https:\\\/\\\/www.instagram.com\\\/cpro.ab\\\/\"],\"description\":\"C-PRO AB \u00e4r en helt\u00e4ckande leverant\u00f6r av material f\u00f6r applikationer inom el och automation. \u00c4nda sedan starten 1987 har vi f\u00f6rsett den svenska tillverkande industrin med elmaterial. Trots v\u00e5r storlek och ledande position har vi aldrig \u00f6vergett v\u00e5r grundfilosofi, att vara en personlig leverant\u00f6r. Vi p\u00e5 C-PRO \u00e4r l\u00e4tta att komma i kontakt med, \u00e4rliga och brinner f\u00f6r att l\u00f6sa v\u00e5ra kunders problem.\",\"email\":\"info@c-profil.se\",\"telephone\":\"031575785\",\"legalName\":\"C-Profil F\u00f6rl\u00e4ggningsmaterial AB\",\"foundingDate\":\"1987-01-01\"}]}<\/script>\n<meta property=\"product:brand\" content=\"panelmontage\" \/>\n<meta property=\"product:price:currency\" content=\"SEK\" \/>\n<meta property=\"og:availability\" content=\"instock\" \/>\n<meta property=\"product:availability\" content=\"instock\" \/>\n<meta property=\"product:retailer_item_id\" content=\"Panelmonterade Uttag\" \/>\n<meta property=\"product:condition\" content=\"new\" \/>\n<!-- \/ Yoast SEO Premium plugin. -->","yoast_head_json":{"title":"Panel Mount Jacks - C-Pro","description":"Schlegel&#039;s panel mount sockets are key components for overcoming technical limitations and gaining external access to machines. Read More!","robots":{"index":"index","follow":"follow","max-snippet":"max-snippet:-1","max-image-preview":"max-image-preview:large","max-video-preview":"max-video-preview:-1"},"canonical":"https:\/\/c-profil.se\/english\/product\/panel-mount-jacks\/","og_locale":"en_US","og_type":"article","og_title":"Panelmonterade Uttag - C-Pro","og_description":"Schlegel's panelmonterade uttag\u00a0\u00e4r nyckelkomponenter f\u00f6r att \u00f6vervinna tekniska begr\u00e4nsningar och f\u00e5 extern \u00e5tkomst till maskiner. Flera enheter och system kan anslutas till maskiner via denna gr\u00e4nssnittsteknik. P\u00e5 s\u00e5 s\u00e4tt kan data utbytas \u00f6ver systemgr\u00e4nserna. Vi erbjuder uttag f\u00f6r panelmontage f\u00f6r en m\u00e4ngd olika applikationer. Baserat p\u00e5 ett brett utbud av anslutningstyper, h\u00e5ltagning och varianter med sm\u00e5 monteringsdjup. Flertalet typer av panelmonterade uttag:    USB A,B &amp; C   FIREWIRE  RJ 45  Optisk fiber  M12  HDMI  H\u00e5ltagning:    Monteringsdiameter:   22,3 mm (serien RONTRON-R-JUWEL och RONTRON-Q-JUWEL),  23 x 23 mm (OKTRON-JUWEL), 24 x 48 mm (QUARTRON-JUWEL), adapterplatta f\u00f6r 30,5 mm finns ocks\u00e5 tillg\u00e4nglig    Panelf\u00e4stet finns med silverf\u00e4rgat, rostfritt st\u00e5l (polerat) och svart frontram. Dessutom kan du v\u00e4lja mellan en m\u00e4ngd l\u00e4mpliga tillbeh\u00f6r som skyddsk\u00e5por, belysningsringar eller anslutningskablar.","og_url":"https:\/\/c-profil.se\/english\/product\/panel-mount-jacks\/","og_site_name":"C-Pro","article_publisher":"https:\/\/www.facebook.com\/people\/C-Pro\/61561767306874\/","article_modified_time":"2026-03-19T14:46:25+00:00","og_image":[{"width":1000,"height":1000,"url":"https:\/\/c-profil.se\/wp-content\/uploads\/2024\/05\/Panelmonterade-Uttag.jpg","type":"image\/jpeg"}],"twitter_card":"summary_large_image","twitter_misc":{"Price":"","Availability":"In stock"},"schema":{"@context":"https:\/\/schema.org","@graph":[{"@type":"WebPage","@id":"https:\/\/c-profil.se\/produkt\/panelmonterade-uttag\/","url":"https:\/\/c-profil.se\/produkt\/panelmonterade-uttag\/","name":"Panel Mount Jacks - C-Pro","isPartOf":{"@id":"https:\/\/c-profil.se\/#website"},"primaryImageOfPage":{"@id":"https:\/\/c-profil.se\/produkt\/panelmonterade-uttag\/#primaryimage"},"image":{"@id":"https:\/\/c-profil.se\/produkt\/panelmonterade-uttag\/#primaryimage"},"thumbnailUrl":"https:\/\/c-profil.se\/wp-content\/uploads\/2024\/05\/Panelmonterade-Uttag.jpg","datePublished":"2024-05-17T11:54:00+00:00","dateModified":"2026-03-19T14:46:25+00:00","description":"Schlegel&#039;s panel mount sockets are key components for overcoming technical limitations and gaining external access to machines. Read More!","breadcrumb":{"@id":"https:\/\/c-profil.se\/produkt\/panelmonterade-uttag\/#breadcrumb"},"inLanguage":"en","potentialAction":[{"@type":"ReadAction","target":["https:\/\/c-profil.se\/produkt\/panelmonterade-uttag\/"]}]},{"@type":"ImageObject","inLanguage":"en","@id":"https:\/\/c-profil.se\/produkt\/panelmonterade-uttag\/#primaryimage","url":"https:\/\/c-profil.se\/wp-content\/uploads\/2024\/05\/Panelmonterade-Uttag.jpg","contentUrl":"https:\/\/c-profil.se\/wp-content\/uploads\/2024\/05\/Panelmonterade-Uttag.jpg","width":1000,"height":1000,"caption":"Panelmonterade Uttag"},{"@type":"BreadcrumbList","@id":"https:\/\/c-profil.se\/produkt\/panelmonterade-uttag\/#breadcrumb","itemListElement":[{"@type":"ListItem","position":1,"name":"Hem","item":"https:\/\/c-profil.se\/"},{"@type":"ListItem","position":2,"name":"Produkter","item":"https:\/\/c-profil.se\/produkter\/"},{"@type":"ListItem","position":3,"name":"Man\u00f6verdon","item":"https:\/\/c-profil.se\/produkt-kategori\/manoverdon\/"},{"@type":"ListItem","position":4,"name":"Panelmonterade Uttag"}]},{"@type":"WebSite","@id":"https:\/\/c-profil.se\/#website","url":"https:\/\/c-profil.se\/","name":"C-Pro","description":"Products for Electricity and Automation","publisher":{"@id":"https:\/\/c-profil.se\/#organization"},"potentialAction":[{"@type":"SearchAction","target":{"@type":"EntryPoint","urlTemplate":"https:\/\/c-profil.se\/?s={search_term_string}"},"query-input":{"@type":"PropertyValueSpecification","valueRequired":true,"valueName":"search_term_string"}}],"inLanguage":"en"},{"@type":"Organization","@id":"https:\/\/c-profil.se\/#organization","name":"C-Pro","alternateName":"C-PRO","url":"https:\/\/c-profil.se\/","logo":{"@type":"ImageObject","inLanguage":"en","@id":"https:\/\/c-profil.se\/#\/schema\/logo\/image\/","url":"https:\/\/c-profil.se\/wp-content\/uploads\/2022\/03\/c-pro-logga-liggande-500x500-1.png","contentUrl":"https:\/\/c-profil.se\/wp-content\/uploads\/2022\/03\/c-pro-logga-liggande-500x500-1.png","width":500,"height":500,"caption":"C-Pro"},"image":{"@id":"https:\/\/c-profil.se\/#\/schema\/logo\/image\/"},"sameAs":["https:\/\/www.facebook.com\/people\/C-Pro\/61561767306874\/","https:\/\/www.linkedin.com\/company\/c-pro-ab","https:\/\/www.instagram.com\/cpro.ab\/"],"description":"C-PRO AB is a comprehensive supplier of materials for applications in electricity and automation. Ever since the start in 1987, we have supplied the Swedish manufacturing industry with electrical materials. Despite our size and leading position, we have never abandoned our basic philosophy, to be a personal supplier. We at C-PRO are easy to get in touch with, honest and passionate about solving our customers&#039; problems.","email":"info@c-profil.se","telephone":"031575785","legalName":"C-Profil F\u00f6rl\u00e4ggningsmaterial AB","foundingDate":"1987-01-01"}]},"product_brand":"panelmontage","product_price_currency":"SEK","og_availability":"instock","product_availability":"instock","product_retailer_item_id":"Panelmonterade Uttag","product_condition":"new"},"_links":{"self":[{"href":"https:\/\/c-profil.se\/english\/wp-json\/wp\/v2\/product\/44883","targetHints":{"allow":["GET"]}}],"collection":[{"href":"https:\/\/c-profil.se\/english\/wp-json\/wp\/v2\/product"}],"about":[{"href":"https:\/\/c-profil.se\/english\/wp-json\/wp\/v2\/types\/product"}],"version-history":[{"count":5,"href":"https:\/\/c-profil.se\/english\/wp-json\/wp\/v2\/product\/44883\/revisions"}],"predecessor-version":[{"id":71800,"href":"https:\/\/c-profil.se\/english\/wp-json\/wp\/v2\/product\/44883\/revisions\/71800"}],"wp:featuredmedia":[{"embeddable":true,"href":"https:\/\/c-profil.se\/english\/wp-json\/wp\/v2\/media\/44885"}],"wp:attachment":[{"href":"https:\/\/c-profil.se\/english\/wp-json\/wp\/v2\/media?parent=44883"}],"wp:term":[{"taxonomy":"product_brand","embeddable":true,"href":"https:\/\/c-profil.se\/english\/wp-json\/wp\/v2\/product_brand?post=44883"},{"taxonomy":"product_cat","embeddable":true,"href":"https:\/\/c-profil.se\/english\/wp-json\/wp\/v2\/product_cat?post=44883"},{"taxonomy":"product_tag","embeddable":true,"href":"https:\/\/c-profil.se\/english\/wp-json\/wp\/v2\/product_tag?post=44883"}],"curies":[{"name":"wp","href":"https:\/\/api.w.org\/{rel}","templated":true}]}}