{"id":44862,"date":"2024-05-17T10:45:00","date_gmt":"2024-05-17T09:45:00","guid":{"rendered":"https:\/\/c-profil.se\/?post_type=product&#038;p=44862"},"modified":"2026-03-19T15:46:26","modified_gmt":"2026-03-19T14:46:26","slug":"emergency-stops","status":"publish","type":"product","link":"https:\/\/c-profil.se\/english\/produkt\/nodstopp\/","title":{"rendered":"Emergency Stops"},"content":{"rendered":"<p><strong>Schlegel emergency stops are developed to protect people and machines in dangerous situations where quick and reliable disconnection is crucial.<\/strong><br \/>\nWith mechanical robustness, high safety levels, attractive design and international approvals, they are used worldwide in industrial applications where safety cannot be compromised.<\/p>","protected":false},"excerpt":{"rendered":"<p class=\"ai-optimize-31\">Schlegel's emergency stop - In dangerous situations, emergency stop switches can protect against serious injury or even safe life. Schlegel's emergency stop convinces customers all over the world. Mechanical robustness, outstanding functionality and safety as well as the attractive design are good arguments for using our emergency stop switches. Our switches are T\u00dcV certified and available in various shapes, dimensions and suitable for our standard and AS-Interface contact blocks.<\/p>\n<p class=\"ai-optimize-32\"><strong>Emergency stop with illuminated status indication active-inactive<\/strong><\/p>\n<p class=\"ai-optimize-33\">In order to avoid the mixing up of active and inactive emergency-stops it was necessary for a long time to lock away or cover the inactive emergency-stop to make it unrecognisable as soon as the relating operating panel or plant part was no longer connected to the overall system.<br \/>\nSince the EN ISO 13850:2015 came into force emergency-stops can also indicate the actual operating status by a corresponding illumination. In order to increase the work safety and for a better recognisability of inactive emergency-stop switches, SCHLEGEL has developed emergency-stops which signal the active and inactive status by using their illumination.<\/p>\n<p class=\"ai-optimize-34\"><strong>Self-monitoring contact block for emergency stop<\/strong><\/p>\n<p class=\"ai-optimize-35\">The self-monitoring emergency-stop contact blocks developed by SCHLEGEL increase the safety. The functional principle: In case of a negligent assembly or a mechanical damage (separation of contact block from the actuator) the self-monitoring emergency-stop contact block ensures the immediate automatic activation of the emergency-off signal. The installation is switched off and can only be restarted after successful trouble-shooting.<\/p>\n<p class=\"ai-optimize-36\"><strong>SAFETY@WORK<\/strong><\/p>\n<p class=\"ai-optimize-37\">Safety@Work allows you to expand existing AS-Interface systems by emergency-stop switches and other safety-related components. Please ask our sales staff about the significant advantages \u2013 we will be glad to advise you!<\/p>\n<p class=\"ai-optimize-38\"><strong>Advantages of Schlegel&#039;s emergency stop:<\/strong><\/p>\n<ul>\n<li class=\"ai-optimize-39\"><strong><span class=\"VIpgJd-yAWNEb-VIpgJd-fmcmS-sn54Q\">UL and T\u00dcV approval<\/span><\/strong><\/li>\n<li class=\"ai-optimize-40\"><strong>For drilling: \u00d8 16.2 mm, \u00d8 22.3 mm, \u00d8 30.5 mm and 23 x 23 mm, 24 x 24 mm, 26 x 26 mm<\/strong><\/li>\n<li class=\"ai-optimize-41\"><strong>Clearly visible switching position indicator<\/strong><\/li>\n<li class=\"ai-optimize-42\"><strong>Twist to release (in both directions) or release by pulling<\/strong><\/li>\n<li class=\"ai-optimize-43\"><strong>Degree of protection is IP65 to IP69K, depending on the type<\/strong><\/li>\n<li class=\"ai-optimize-44\"><strong>Certified acc. to the standards EN 60947-5-5 and DIN EN 13850<\/strong><\/li>\n<li class=\"ai-optimize-45\"><strong>Contact blocks with positive opening acc. to EN 60947-5-1, appendix K, one or two-channel versions are available<\/strong><\/li>\n<li class=\"ai-optimize-46\"><strong>Even low currents (5 mA at 24 V or less) can be switched reliably<\/strong><\/li>\n<li class=\"ai-optimize-47\"><strong>Standard contact blocks as well as AS-Interface (Safety@ Work) contact blocks are available<\/strong><\/li>\n<\/ul>","protected":false},"featured_media":61568,"template":"","meta":{"_acf_changed":false},"product_brand":[748],"product_cat":[605],"product_tag":[944,982,981],"class_list":{"0":"post-44862","1":"product","2":"type-product","3":"status-publish","4":"has-post-thumbnail","6":"product_brand-schlegel","7":"product_cat-manoverdon","8":"product_tag-automation","9":"product_tag-panelmontage","10":"product_tag-styrning","12":"first","13":"instock","14":"shipping-taxable","15":"product-type-simple"},"acf":[],"yoast_head":"<!-- This site is optimized with the Yoast SEO Premium plugin v27.4 (Yoast SEO v27.4) - https:\/\/yoast.com\/product\/yoast-seo-premium-wordpress\/ -->\n<title>N\u00f6dstopp - C-Pro<\/title>\n<meta name=\"description\" content=\"Schlegel&#039;s N\u00f6dstopp - I farliga situationer kan n\u00f6dstoppsbrytare skydda mot allvarliga skador eller till och med s\u00e4kert liv. L\u00e4s Mer!\" \/>\n<meta name=\"robots\" content=\"index, follow, max-snippet:-1, max-image-preview:large, max-video-preview:-1\" \/>\n<link rel=\"canonical\" href=\"https:\/\/c-profil.se\/english\/product\/emergency-stops\/\" \/>\n<meta property=\"og:locale\" content=\"en_US\" \/>\n<meta property=\"og:type\" content=\"article\" \/>\n<meta property=\"og:title\" content=\"N\u00f6dstopp - C-Pro\" \/>\n<meta property=\"og:description\" content=\"Schlegel&#039;s n\u00f6dstopp - I farliga situationer kan n\u00f6dstoppsbrytare skydda mot allvarliga skador eller till och med s\u00e4kert liv. Schlegel&#039;s n\u00f6dstopp \u00f6vertygar kunder i hela v\u00e4rlden. Mekanisk robusthet, enast\u00e5ende funktionalitet och s\u00e4kerhet samt den attraktiva designen \u00e4r goda argument f\u00f6r att anv\u00e4nda v\u00e5ra n\u00f6dstoppsbrytare. V\u00e5ra brytare \u00e4r T\u00dcV-certifierade och finns i olika former, dimensioner och l\u00e4mpliga f\u00f6r v\u00e5ra standard- och AS-Interface-kontaktblock. N\u00f6dstopp med belyst statusindikation aktiv\/inaktiv F\u00f6r att undvika sammanblandning av aktiva och inaktiva n\u00f6dstopp var det n\u00f6dv\u00e4ndigt att under l\u00e5ng tid l\u00e5sa eller t\u00e4cka \u00f6ver det inaktiva n\u00f6dstoppet f\u00f6r att g\u00f6ra det oigenk\u00e4nnligt s\u00e5 snart den tillh\u00f6rande man\u00f6verpanelen eller anl\u00e4ggningsdelen inte l\u00e4ngre var ansluten till det \u00f6vergripande systemet. Sedan EN ISO 13850:2015 tr\u00e4dde i kraft kan n\u00f6dstopp \u00e4ven indikera den faktiska driftstatusen med en motsvarande belysning. F\u00f6r att \u00f6ka arbetss\u00e4kerheten och f\u00f6r en b\u00e4ttre igenk\u00e4nning av inaktiva n\u00f6dstoppsbrytare har SCHLEGEL utvecklat n\u00f6dstopp som signalerar aktiv och inaktiv status genom att anv\u00e4nda deras belysning. Sj\u00e4lv\u00f6vervakande kontakktblock f\u00f6r n\u00f6dstopp De sj\u00e4lv\u00f6vervakande n\u00f6dstoppskontaktblocken utvecklade av SCHLEGEL \u00f6kar s\u00e4kerheten. Funktionsprincipen: Vid v\u00e5rdsl\u00f6s montering eller mekanisk skada (separering av kontaktblocket fr\u00e5n st\u00e4lldonet) s\u00e4kerst\u00e4ller det sj\u00e4lv\u00f6vervakande n\u00f6dstoppskontaktblocket en omedelbar automatisk aktivering av n\u00f6davst\u00e4ngningssignalen. Installationen \u00e4r avst\u00e4ngd och kan endast startas om efter lyckad fels\u00f6kning. SAFETY@WORK Safety@Work l\u00e5ter dig ut\u00f6ka befintliga AS-Interface-system med n\u00f6dstoppsbrytare och andra s\u00e4kerhetsrelaterade komponenter. Fr\u00e5ga v\u00e5r s\u00e4ljare om de betydande f\u00f6rdelarna \u2013 vi ger dig g\u00e4rna r\u00e5d! F\u00f6rdelar med Schlegels n\u00f6dstopp:    UL och T\u00dcV godk\u00e4nnande  F\u00f6r h\u00e5ltagning: \u00d8 16,2 mm, \u00d8 22,3 mm, \u00d8 30,5 mm samt 23 x 23 mm, 24 x 24 mm, 26 x 26 mm  Tydligt synlig v\u00e4xlingsl\u00e4gesindikator  Vrid f\u00f6r att sl\u00e4ppa (i b\u00e5da riktningarna) eller sl\u00e4pp genom att dra  Kapslingsgrad \u00e4r IP65 till IP69K, beroende p\u00e5 typ  Certifierad enl. enligt standarderna EN 60947-5-5 och DIN EN 13850  Kontaktblock med positiv \u00f6ppning enl. till EN 60947-5-1, bilaga K, finns en- eller tv\u00e5kanalsversioner tillg\u00e4ngliga  \u00c4ven l\u00e5ga str\u00f6mmar (5 mA vid 24 V eller mindre) kan v\u00e4xlas tillf\u00f6rlitligt  Standardkontaktblock samt AS-Interface (Safety@ Work) kontaktblock \u00e4r tillg\u00e4ngliga\" \/>\n<meta property=\"og:url\" content=\"https:\/\/c-profil.se\/english\/product\/emergency-stops\/\" \/>\n<meta property=\"og:site_name\" content=\"C-Pro\" \/>\n<meta property=\"article:publisher\" content=\"https:\/\/www.facebook.com\/people\/C-Pro\/61561767306874\/\" \/>\n<meta property=\"article:modified_time\" content=\"2026-03-19T14:46:26+00:00\" \/>\n<meta property=\"og:image\" content=\"https:\/\/c-profil.se\/wp-content\/uploads\/2025\/09\/Nodstopp.jpg\" \/>\n\t<meta property=\"og:image:width\" content=\"1536\" \/>\n\t<meta property=\"og:image:height\" content=\"1536\" \/>\n\t<meta property=\"og:image:type\" content=\"image\/jpeg\" \/>\n<meta name=\"twitter:card\" content=\"summary_large_image\" \/>\n<meta name=\"twitter:label1\" content=\"Price\" \/>\n\t<meta name=\"twitter:data1\" content=\"\" \/>\n\t<meta name=\"twitter:label2\" content=\"Availability\" \/>\n\t<meta name=\"twitter:data2\" content=\"In stock\" \/>\n<script type=\"application\/ld+json\" class=\"yoast-schema-graph\">{\"@context\":\"https:\\\/\\\/schema.org\",\"@graph\":[{\"@type\":\"WebPage\",\"@id\":\"https:\\\/\\\/c-profil.se\\\/produkt\\\/nodstopp\\\/\",\"url\":\"https:\\\/\\\/c-profil.se\\\/produkt\\\/nodstopp\\\/\",\"name\":\"N\u00f6dstopp - C-Pro\",\"isPartOf\":{\"@id\":\"https:\\\/\\\/c-profil.se\\\/#website\"},\"primaryImageOfPage\":{\"@id\":\"https:\\\/\\\/c-profil.se\\\/produkt\\\/nodstopp\\\/#primaryimage\"},\"image\":{\"@id\":\"https:\\\/\\\/c-profil.se\\\/produkt\\\/nodstopp\\\/#primaryimage\"},\"thumbnailUrl\":\"https:\\\/\\\/c-profil.se\\\/wp-content\\\/uploads\\\/2025\\\/09\\\/Nodstopp.jpg\",\"datePublished\":\"2024-05-17T09:45:00+00:00\",\"dateModified\":\"2026-03-19T14:46:26+00:00\",\"description\":\"Schlegel's N\u00f6dstopp - I farliga situationer kan n\u00f6dstoppsbrytare skydda mot allvarliga skador eller till och med s\u00e4kert liv. L\u00e4s Mer!\",\"breadcrumb\":{\"@id\":\"https:\\\/\\\/c-profil.se\\\/produkt\\\/nodstopp\\\/#breadcrumb\"},\"inLanguage\":\"en\",\"potentialAction\":[{\"@type\":\"ReadAction\",\"target\":[\"https:\\\/\\\/c-profil.se\\\/produkt\\\/nodstopp\\\/\"]}]},{\"@type\":\"ImageObject\",\"inLanguage\":\"en\",\"@id\":\"https:\\\/\\\/c-profil.se\\\/produkt\\\/nodstopp\\\/#primaryimage\",\"url\":\"https:\\\/\\\/c-profil.se\\\/wp-content\\\/uploads\\\/2025\\\/09\\\/Nodstopp.jpg\",\"contentUrl\":\"https:\\\/\\\/c-profil.se\\\/wp-content\\\/uploads\\\/2025\\\/09\\\/Nodstopp.jpg\",\"width\":1536,\"height\":1536,\"caption\":\"N\u00f6dstopp\"},{\"@type\":\"BreadcrumbList\",\"@id\":\"https:\\\/\\\/c-profil.se\\\/produkt\\\/nodstopp\\\/#breadcrumb\",\"itemListElement\":[{\"@type\":\"ListItem\",\"position\":1,\"name\":\"Hem\",\"item\":\"https:\\\/\\\/c-profil.se\\\/\"},{\"@type\":\"ListItem\",\"position\":2,\"name\":\"Produkter\",\"item\":\"https:\\\/\\\/c-profil.se\\\/produkter\\\/\"},{\"@type\":\"ListItem\",\"position\":3,\"name\":\"Man\u00f6verdon\",\"item\":\"https:\\\/\\\/c-profil.se\\\/produkt-kategori\\\/manoverdon\\\/\"},{\"@type\":\"ListItem\",\"position\":4,\"name\":\"N\u00f6dstopp\"}]},{\"@type\":\"WebSite\",\"@id\":\"https:\\\/\\\/c-profil.se\\\/#website\",\"url\":\"https:\\\/\\\/c-profil.se\\\/\",\"name\":\"C-Pro\",\"description\":\"Produkter f\u00f6r El och Automation\",\"publisher\":{\"@id\":\"https:\\\/\\\/c-profil.se\\\/#organization\"},\"potentialAction\":[{\"@type\":\"SearchAction\",\"target\":{\"@type\":\"EntryPoint\",\"urlTemplate\":\"https:\\\/\\\/c-profil.se\\\/?s={search_term_string}\"},\"query-input\":{\"@type\":\"PropertyValueSpecification\",\"valueRequired\":true,\"valueName\":\"search_term_string\"}}],\"inLanguage\":\"en\"},{\"@type\":\"Organization\",\"@id\":\"https:\\\/\\\/c-profil.se\\\/#organization\",\"name\":\"C-Pro\",\"alternateName\":\"C-PRO\",\"url\":\"https:\\\/\\\/c-profil.se\\\/\",\"logo\":{\"@type\":\"ImageObject\",\"inLanguage\":\"en\",\"@id\":\"https:\\\/\\\/c-profil.se\\\/#\\\/schema\\\/logo\\\/image\\\/\",\"url\":\"https:\\\/\\\/c-profil.se\\\/wp-content\\\/uploads\\\/2022\\\/03\\\/c-pro-logga-liggande-500x500-1.png\",\"contentUrl\":\"https:\\\/\\\/c-profil.se\\\/wp-content\\\/uploads\\\/2022\\\/03\\\/c-pro-logga-liggande-500x500-1.png\",\"width\":500,\"height\":500,\"caption\":\"C-Pro\"},\"image\":{\"@id\":\"https:\\\/\\\/c-profil.se\\\/#\\\/schema\\\/logo\\\/image\\\/\"},\"sameAs\":[\"https:\\\/\\\/www.facebook.com\\\/people\\\/C-Pro\\\/61561767306874\\\/\",\"https:\\\/\\\/www.linkedin.com\\\/company\\\/c-pro-ab\",\"https:\\\/\\\/www.instagram.com\\\/cpro.ab\\\/\"],\"description\":\"C-PRO AB \u00e4r en helt\u00e4ckande leverant\u00f6r av material f\u00f6r applikationer inom el och automation. \u00c4nda sedan starten 1987 har vi f\u00f6rsett den svenska tillverkande industrin med elmaterial. Trots v\u00e5r storlek och ledande position har vi aldrig \u00f6vergett v\u00e5r grundfilosofi, att vara en personlig leverant\u00f6r. Vi p\u00e5 C-PRO \u00e4r l\u00e4tta att komma i kontakt med, \u00e4rliga och brinner f\u00f6r att l\u00f6sa v\u00e5ra kunders problem.\",\"email\":\"info@c-profil.se\",\"telephone\":\"031575785\",\"legalName\":\"C-Profil F\u00f6rl\u00e4ggningsmaterial AB\",\"foundingDate\":\"1987-01-01\"}]}<\/script>\n<meta property=\"product:brand\" content=\"automation\" \/>\n<meta property=\"product:price:currency\" content=\"SEK\" \/>\n<meta property=\"og:availability\" content=\"instock\" \/>\n<meta property=\"product:availability\" content=\"instock\" \/>\n<meta property=\"product:retailer_item_id\" content=\"N\u00f6dstopp\" \/>\n<meta property=\"product:condition\" content=\"new\" \/>\n<!-- \/ Yoast SEO Premium plugin. -->","yoast_head_json":{"title":"Emergency Stops - C-Pro","description":"Schlegel&#039;s Emergency Stop - In dangerous situations, emergency stop switches can protect against serious injury or even life. Read More!","robots":{"index":"index","follow":"follow","max-snippet":"max-snippet:-1","max-image-preview":"max-image-preview:large","max-video-preview":"max-video-preview:-1"},"canonical":"https:\/\/c-profil.se\/english\/product\/emergency-stops\/","og_locale":"en_US","og_type":"article","og_title":"N\u00f6dstopp - C-Pro","og_description":"Schlegel's n\u00f6dstopp - I farliga situationer kan n\u00f6dstoppsbrytare skydda mot allvarliga skador eller till och med s\u00e4kert liv. Schlegel's n\u00f6dstopp \u00f6vertygar kunder i hela v\u00e4rlden. Mekanisk robusthet, enast\u00e5ende funktionalitet och s\u00e4kerhet samt den attraktiva designen \u00e4r goda argument f\u00f6r att anv\u00e4nda v\u00e5ra n\u00f6dstoppsbrytare. V\u00e5ra brytare \u00e4r T\u00dcV-certifierade och finns i olika former, dimensioner och l\u00e4mpliga f\u00f6r v\u00e5ra standard- och AS-Interface-kontaktblock. N\u00f6dstopp med belyst statusindikation aktiv\/inaktiv F\u00f6r att undvika sammanblandning av aktiva och inaktiva n\u00f6dstopp var det n\u00f6dv\u00e4ndigt att under l\u00e5ng tid l\u00e5sa eller t\u00e4cka \u00f6ver det inaktiva n\u00f6dstoppet f\u00f6r att g\u00f6ra det oigenk\u00e4nnligt s\u00e5 snart den tillh\u00f6rande man\u00f6verpanelen eller anl\u00e4ggningsdelen inte l\u00e4ngre var ansluten till det \u00f6vergripande systemet. Sedan EN ISO 13850:2015 tr\u00e4dde i kraft kan n\u00f6dstopp \u00e4ven indikera den faktiska driftstatusen med en motsvarande belysning. F\u00f6r att \u00f6ka arbetss\u00e4kerheten och f\u00f6r en b\u00e4ttre igenk\u00e4nning av inaktiva n\u00f6dstoppsbrytare har SCHLEGEL utvecklat n\u00f6dstopp som signalerar aktiv och inaktiv status genom att anv\u00e4nda deras belysning. Sj\u00e4lv\u00f6vervakande kontakktblock f\u00f6r n\u00f6dstopp De sj\u00e4lv\u00f6vervakande n\u00f6dstoppskontaktblocken utvecklade av SCHLEGEL \u00f6kar s\u00e4kerheten. Funktionsprincipen: Vid v\u00e5rdsl\u00f6s montering eller mekanisk skada (separering av kontaktblocket fr\u00e5n st\u00e4lldonet) s\u00e4kerst\u00e4ller det sj\u00e4lv\u00f6vervakande n\u00f6dstoppskontaktblocket en omedelbar automatisk aktivering av n\u00f6davst\u00e4ngningssignalen. Installationen \u00e4r avst\u00e4ngd och kan endast startas om efter lyckad fels\u00f6kning. SAFETY@WORK Safety@Work l\u00e5ter dig ut\u00f6ka befintliga AS-Interface-system med n\u00f6dstoppsbrytare och andra s\u00e4kerhetsrelaterade komponenter. Fr\u00e5ga v\u00e5r s\u00e4ljare om de betydande f\u00f6rdelarna \u2013 vi ger dig g\u00e4rna r\u00e5d! F\u00f6rdelar med Schlegels n\u00f6dstopp:    UL och T\u00dcV godk\u00e4nnande  F\u00f6r h\u00e5ltagning: \u00d8 16,2 mm, \u00d8 22,3 mm, \u00d8 30,5 mm samt 23 x 23 mm, 24 x 24 mm, 26 x 26 mm  Tydligt synlig v\u00e4xlingsl\u00e4gesindikator  Vrid f\u00f6r att sl\u00e4ppa (i b\u00e5da riktningarna) eller sl\u00e4pp genom att dra  Kapslingsgrad \u00e4r IP65 till IP69K, beroende p\u00e5 typ  Certifierad enl. enligt standarderna EN 60947-5-5 och DIN EN 13850  Kontaktblock med positiv \u00f6ppning enl. till EN 60947-5-1, bilaga K, finns en- eller tv\u00e5kanalsversioner tillg\u00e4ngliga  \u00c4ven l\u00e5ga str\u00f6mmar (5 mA vid 24 V eller mindre) kan v\u00e4xlas tillf\u00f6rlitligt  Standardkontaktblock samt AS-Interface (Safety@ Work) kontaktblock \u00e4r tillg\u00e4ngliga","og_url":"https:\/\/c-profil.se\/english\/product\/emergency-stops\/","og_site_name":"C-Pro","article_publisher":"https:\/\/www.facebook.com\/people\/C-Pro\/61561767306874\/","article_modified_time":"2026-03-19T14:46:26+00:00","og_image":[{"width":1536,"height":1536,"url":"https:\/\/c-profil.se\/wp-content\/uploads\/2025\/09\/Nodstopp.jpg","type":"image\/jpeg"}],"twitter_card":"summary_large_image","twitter_misc":{"Price":"","Availability":"In stock"},"schema":{"@context":"https:\/\/schema.org","@graph":[{"@type":"WebPage","@id":"https:\/\/c-profil.se\/produkt\/nodstopp\/","url":"https:\/\/c-profil.se\/produkt\/nodstopp\/","name":"Emergency Stops - C-Pro","isPartOf":{"@id":"https:\/\/c-profil.se\/#website"},"primaryImageOfPage":{"@id":"https:\/\/c-profil.se\/produkt\/nodstopp\/#primaryimage"},"image":{"@id":"https:\/\/c-profil.se\/produkt\/nodstopp\/#primaryimage"},"thumbnailUrl":"https:\/\/c-profil.se\/wp-content\/uploads\/2025\/09\/Nodstopp.jpg","datePublished":"2024-05-17T09:45:00+00:00","dateModified":"2026-03-19T14:46:26+00:00","description":"Schlegel&#039;s Emergency Stop - In dangerous situations, emergency stop switches can protect against serious injury or even life. Read More!","breadcrumb":{"@id":"https:\/\/c-profil.se\/produkt\/nodstopp\/#breadcrumb"},"inLanguage":"en","potentialAction":[{"@type":"ReadAction","target":["https:\/\/c-profil.se\/produkt\/nodstopp\/"]}]},{"@type":"ImageObject","inLanguage":"en","@id":"https:\/\/c-profil.se\/produkt\/nodstopp\/#primaryimage","url":"https:\/\/c-profil.se\/wp-content\/uploads\/2025\/09\/Nodstopp.jpg","contentUrl":"https:\/\/c-profil.se\/wp-content\/uploads\/2025\/09\/Nodstopp.jpg","width":1536,"height":1536,"caption":"N\u00f6dstopp"},{"@type":"BreadcrumbList","@id":"https:\/\/c-profil.se\/produkt\/nodstopp\/#breadcrumb","itemListElement":[{"@type":"ListItem","position":1,"name":"Hem","item":"https:\/\/c-profil.se\/"},{"@type":"ListItem","position":2,"name":"Produkter","item":"https:\/\/c-profil.se\/produkter\/"},{"@type":"ListItem","position":3,"name":"Man\u00f6verdon","item":"https:\/\/c-profil.se\/produkt-kategori\/manoverdon\/"},{"@type":"ListItem","position":4,"name":"N\u00f6dstopp"}]},{"@type":"WebSite","@id":"https:\/\/c-profil.se\/#website","url":"https:\/\/c-profil.se\/","name":"C-Pro","description":"Products for Electricity and Automation","publisher":{"@id":"https:\/\/c-profil.se\/#organization"},"potentialAction":[{"@type":"SearchAction","target":{"@type":"EntryPoint","urlTemplate":"https:\/\/c-profil.se\/?s={search_term_string}"},"query-input":{"@type":"PropertyValueSpecification","valueRequired":true,"valueName":"search_term_string"}}],"inLanguage":"en"},{"@type":"Organization","@id":"https:\/\/c-profil.se\/#organization","name":"C-Pro","alternateName":"C-PRO","url":"https:\/\/c-profil.se\/","logo":{"@type":"ImageObject","inLanguage":"en","@id":"https:\/\/c-profil.se\/#\/schema\/logo\/image\/","url":"https:\/\/c-profil.se\/wp-content\/uploads\/2022\/03\/c-pro-logga-liggande-500x500-1.png","contentUrl":"https:\/\/c-profil.se\/wp-content\/uploads\/2022\/03\/c-pro-logga-liggande-500x500-1.png","width":500,"height":500,"caption":"C-Pro"},"image":{"@id":"https:\/\/c-profil.se\/#\/schema\/logo\/image\/"},"sameAs":["https:\/\/www.facebook.com\/people\/C-Pro\/61561767306874\/","https:\/\/www.linkedin.com\/company\/c-pro-ab","https:\/\/www.instagram.com\/cpro.ab\/"],"description":"C-PRO AB is a comprehensive supplier of materials for applications in electricity and automation. Ever since the start in 1987, we have supplied the Swedish manufacturing industry with electrical materials. Despite our size and leading position, we have never abandoned our basic philosophy, to be a personal supplier. We at C-PRO are easy to get in touch with, honest and passionate about solving our customers&#039; problems.","email":"info@c-profil.se","telephone":"031575785","legalName":"C-Profil F\u00f6rl\u00e4ggningsmaterial AB","foundingDate":"1987-01-01"}]},"product_brand":"automation","product_price_currency":"SEK","og_availability":"instock","product_availability":"instock","product_retailer_item_id":"N\u00f6dstopp","product_condition":"new"},"_links":{"self":[{"href":"https:\/\/c-profil.se\/english\/wp-json\/wp\/v2\/product\/44862","targetHints":{"allow":["GET"]}}],"collection":[{"href":"https:\/\/c-profil.se\/english\/wp-json\/wp\/v2\/product"}],"about":[{"href":"https:\/\/c-profil.se\/english\/wp-json\/wp\/v2\/types\/product"}],"version-history":[{"count":5,"href":"https:\/\/c-profil.se\/english\/wp-json\/wp\/v2\/product\/44862\/revisions"}],"predecessor-version":[{"id":71801,"href":"https:\/\/c-profil.se\/english\/wp-json\/wp\/v2\/product\/44862\/revisions\/71801"}],"wp:featuredmedia":[{"embeddable":true,"href":"https:\/\/c-profil.se\/english\/wp-json\/wp\/v2\/media\/61568"}],"wp:attachment":[{"href":"https:\/\/c-profil.se\/english\/wp-json\/wp\/v2\/media?parent=44862"}],"wp:term":[{"taxonomy":"product_brand","embeddable":true,"href":"https:\/\/c-profil.se\/english\/wp-json\/wp\/v2\/product_brand?post=44862"},{"taxonomy":"product_cat","embeddable":true,"href":"https:\/\/c-profil.se\/english\/wp-json\/wp\/v2\/product_cat?post=44862"},{"taxonomy":"product_tag","embeddable":true,"href":"https:\/\/c-profil.se\/english\/wp-json\/wp\/v2\/product_tag?post=44862"}],"curies":[{"name":"wp","href":"https:\/\/api.w.org\/{rel}","templated":true}]}}