{"id":44123,"date":"2024-04-19T12:13:00","date_gmt":"2024-04-19T11:13:00","guid":{"rendered":"https:\/\/c-profil.se\/?post_type=product&#038;p=44123"},"modified":"2026-04-28T10:49:17","modified_gmt":"2026-04-28T09:49:17","slug":"hygienic-cable-entry-plate-multi-membrane-kel-dpu-hd","status":"publish","type":"product","link":"https:\/\/c-profil.se\/english\/produkt\/hygienisk-kabelgenomforingsplatta-multi-membran-kel-dpu-hd\/","title":{"rendered":"Cable entry plate | KEL-DPU-HD"},"content":{"rendered":"<p><strong>KEL-DPU-HD is a hygienic cable entry plate for food and packaging machines<\/strong>, developed according to Hygienic Design guidelines.<br \/>\nIt enables safe routing, sealing and strain relief of cables without contact in environments with high hygiene requirements.<\/p>","protected":false},"excerpt":{"rendered":"<p class=\"ai-optimize-introduction ai-optimize-25\">Hygienic multi-membrane cable entry plate \/ KEL-DPU-HD has been developed especially for installation in food and packaging machines. During the development according to Hygienic Design guidelines, care has been taken to ensure that the visible side of the cable entry plate is free of dirt-collecting recesses. The surface was kept very smooth (Ra = 0.421 \u03bcm according to ISO 4287).<\/p>\n<p class=\"ai-optimize-introduction ai-optimize-25\">The outer contour has a radius of 6 mm instead of the required 3 mm. In addition, KEL-DPU-HD uses an FDA-compliant elastomer in accordance with food approval 1935\/2004\/EC and (EU) 10\/2011. The signal color blue ensures clear visual color recognition.<\/p>\n<p class=\"ai-optimize-26\">Hygienic Cable entry plate multi-membrane \/ KEL-DPU-HD's entry plates are designed to pull and seal cables without connectors (from 3.2 mm to 20.5 mm in diameter) in confined spaces with IP66\/IP68**. The KEL-DPU-HD is particularly characterized by its solid robust frame and the increased strain relief of the drawn cables.<\/p>\n<ul>\n<li class=\"ai-optimize-27\">KEL-DPU-HD 24 exactly matches the cutout dimensions of 24-pin standard industrial connectors<\/li>\n<li class=\"ai-optimize-28\">The cable entry plate is mounted either by screwing it to the inside of the enclosure or by snapping it into the recess<\/li>\n<li class=\"ai-optimize-29\">** IP68 only when screw mounted<\/li>\n<\/ul>\n<p class=\"ai-optimize-31\"><strong>Advantages<\/strong>:<\/p>\n<ul>\n<li class=\"ai-optimize-32\">Elastomer of the cable entry plate made of material according to 1935\/2004\/EG , (EU) 10\/2011<\/li>\n<li class=\"ai-optimize-33\">FDA compliant<\/li>\n<li class=\"ai-optimize-34\">Developed according to hygienic design guidelines<\/li>\n<li class=\"ai-optimize-35\">Hygienic design \u2013 free of dirt-collecting recesses<\/li>\n<li class=\"ai-optimize-36\">Very flat design, very smooth surface (Ra = 0,421 \u03bcm acc. to ISO 4287)<\/li>\n<li class=\"ai-optimize-37\">Dual sealing of cables (IP66\/IP68**)<\/li>\n<li class=\"ai-optimize-38\">High strength and stability<\/li>\n<li class=\"ai-optimize-39\">High strain relief<\/li>\n<li class=\"ai-optimize-40\">Quick and easy assembly<\/li>\n<li class=\"ai-optimize-41\">Very high cable density<\/li>\n<li class=\"ai-optimize-42\">Cable diameter 3.2 \u2013 20.5 mm<\/li>\n<li class=\"ai-optimize-43\">Reproducible cleaning process<\/li>\n<li class=\"ai-optimize-44\">Very low moisture absorption<\/li>\n<li class=\"ai-optimize-45\">High resistance to aromatic solvents, oils, greases, mineral products<\/li>\n<\/ul>","protected":false},"featured_media":51194,"template":"","meta":{"_acf_changed":false},"product_brand":[740],"product_cat":[307],"product_tag":[992,938,990,950,1005,939],"class_list":{"0":"post-44123","1":"product","2":"type-product","3":"status-publish","4":"has-post-thumbnail","6":"product_brand-icotek","7":"product_cat-kabelgenomforingsplattor-multiflansar","8":"product_tag-kabelgenomforing","9":"product_tag-kabelinforing","10":"product_tag-kapsling","11":"product_tag-livsmedelsindustri","12":"product_tag-platbearbetning","13":"product_tag-tatning","15":"first","16":"instock","17":"shipping-taxable","18":"product-type-simple"},"acf":[],"yoast_head":"<!-- This site is optimized with the Yoast SEO Premium plugin v27.5 (Yoast SEO v27.5) - https:\/\/yoast.com\/product\/yoast-seo-premium-wordpress\/ -->\n<title>Kabelgenomf\u00f6ringsplatta | KEL-DPU-HD - C-Pro<\/title>\n<meta name=\"description\" content=\"Hygienisk Kabelgenomf\u00f6ringsplatta \/ KEL-DPU-HD har utvecklats speciellt f\u00f6r installation i livsmedels- och f\u00f6rpackningsmaskiner. L\u00e4s Mer!\" \/>\n<meta name=\"robots\" content=\"index, follow, max-snippet:-1, max-image-preview:large, max-video-preview:-1\" \/>\n<link rel=\"canonical\" href=\"https:\/\/c-profil.se\/english\/product\/hygienic-cable-entry-plate-multi-membrane-kel-dpu-hd\/\" \/>\n<meta property=\"og:locale\" content=\"en_US\" \/>\n<meta property=\"og:type\" content=\"article\" \/>\n<meta property=\"og:title\" content=\"Kabelgenomf\u00f6ringsplatta | KEL-DPU-HD - C-Pro\" \/>\n<meta property=\"og:description\" content=\"Hygienisk Kabelgenomf\u00f6ringsplatta multi-membran \/ KEL-DPU-HD har utvecklats speciellt f\u00f6r installation i livsmedels- och f\u00f6rpackningsmaskiner. Under utvecklingen enligt riktlinjerna f\u00f6r Hygienic Design har man sett till att den synliga sidan av kabelgenomf\u00f6ringsplattan \u00e4r fri fr\u00e5n smutssamlande urtag. Ytan h\u00f6lls mycket sl\u00e4t (Ra = 0,421 \u03bcm enligt ISO 4287). Den yttre konturen har en radie p\u00e5 6 mm ist\u00e4llet f\u00f6r de 3 mm som kr\u00e4vs. Dessutom anv\u00e4nder KEL-DPU-HD en FDA-kompatibel elastomer i enlighet med livsmedelsgodk\u00e4nnande 1935\/2004\/EG och (EU) 10\/2011. Signalf\u00e4rgen bl\u00e5 s\u00e4kerst\u00e4ller en tydlig visuell f\u00e4rgigenk\u00e4nning. Hygienisk Kabelgenomf\u00f6ringsplatta multi-membran \/ KEL-DPU-HD&#039;s ing\u00e5ngspl\u00e5tar \u00e4r designade f\u00f6r att dra och t\u00e4ta kablar utan kontakter (fr\u00e5n 3,2 mm till 20,5 mm i diameter) i begr\u00e4nsat utrymme med IP66\/IP68**. KEL-DPU-HD k\u00e4nnetecknas s\u00e4rskilt av sin solida robusta ram och den \u00f6kade dragavlastningen hos de dragna kablarna.    KEL-DPU-HD 24 matchar exakt utsk\u00e4rningsm\u00e5tten f\u00f6r 24-stifts standard industrikontakter  Kabelgenomf\u00f6ringsplattan monteras antingen genom att skruva fast den p\u00e5 insidan av kapslingen eller genom att sn\u00e4ppa fast den i urtaget  ** IP68 endast n\u00e4r den \u00e4r skruvmonterad  F\u00f6rdelar:    Elastomer av kabelgenomf\u00f6ringsplattan gjord av material enligt 1935\/2004\/EG, (EU) 10\/2011  FDA-kompatibel  Utvecklad enligt riktlinjer f\u00f6r hygienisk design  Hygienisk design \u2013 fri fr\u00e5n smutssamlande urtag  Mycket platt design, mycket sl\u00e4t yta (Ra = 0,421 \u03bcm enligt ISO 4287)  Dubbel t\u00e4tning av kablar (IP66\/IP68**)  H\u00f6g styrka och stabilitet  H\u00f6g belastningsavlastning  Snabb och enkel montering  Mycket h\u00f6g kabelt\u00e4thet  Kabeldiameter 3,2 \u2013 20,5 mm  Reproducerbar reng\u00f6ringsprocess  Mycket l\u00e5g fuktupptagning  H\u00f6g motst\u00e5ndskraft mot aromatiska l\u00f6sningsmedel, oljor, fetter, mineralprodukter\" \/>\n<meta property=\"og:url\" content=\"https:\/\/c-profil.se\/english\/product\/hygienic-cable-entry-plate-multi-membrane-kel-dpu-hd\/\" \/>\n<meta property=\"og:site_name\" content=\"C-Pro\" \/>\n<meta property=\"article:publisher\" content=\"https:\/\/www.facebook.com\/people\/C-Pro\/61561767306874\/\" \/>\n<meta property=\"article:modified_time\" content=\"2026-04-28T09:49:17+00:00\" \/>\n<meta property=\"og:image\" content=\"https:\/\/c-profil.se\/wp-content\/uploads\/2024\/04\/Hygienisk-Kabelgenomforingsplatta-1.jpg\" \/>\n\t<meta property=\"og:image:width\" content=\"1000\" \/>\n\t<meta property=\"og:image:height\" content=\"1000\" \/>\n\t<meta property=\"og:image:type\" content=\"image\/jpeg\" \/>\n<meta name=\"twitter:card\" content=\"summary_large_image\" \/>\n<meta name=\"twitter:label1\" content=\"Price\" \/>\n\t<meta name=\"twitter:data1\" content=\"\" \/>\n\t<meta name=\"twitter:label2\" content=\"Availability\" \/>\n\t<meta name=\"twitter:data2\" content=\"In stock\" \/>\n<script type=\"application\/ld+json\" class=\"yoast-schema-graph\">{\"@context\":\"https:\\\/\\\/schema.org\",\"@graph\":[{\"@type\":\"WebPage\",\"@id\":\"https:\\\/\\\/c-profil.se\\\/produkt\\\/hygienisk-kabelgenomforingsplatta-multi-membran-kel-dpu-hd\\\/\",\"url\":\"https:\\\/\\\/c-profil.se\\\/produkt\\\/hygienisk-kabelgenomforingsplatta-multi-membran-kel-dpu-hd\\\/\",\"name\":\"Kabelgenomf\u00f6ringsplatta | KEL-DPU-HD - C-Pro\",\"isPartOf\":{\"@id\":\"https:\\\/\\\/c-profil.se\\\/#website\"},\"primaryImageOfPage\":{\"@id\":\"https:\\\/\\\/c-profil.se\\\/produkt\\\/hygienisk-kabelgenomforingsplatta-multi-membran-kel-dpu-hd\\\/#primaryimage\"},\"image\":{\"@id\":\"https:\\\/\\\/c-profil.se\\\/produkt\\\/hygienisk-kabelgenomforingsplatta-multi-membran-kel-dpu-hd\\\/#primaryimage\"},\"thumbnailUrl\":\"https:\\\/\\\/c-profil.se\\\/wp-content\\\/uploads\\\/2024\\\/04\\\/Hygienisk-Kabelgenomforingsplatta-1.jpg\",\"datePublished\":\"2024-04-19T11:13:00+00:00\",\"dateModified\":\"2026-04-28T09:49:17+00:00\",\"description\":\"Hygienisk Kabelgenomf\u00f6ringsplatta \\\/ KEL-DPU-HD har utvecklats speciellt f\u00f6r installation i livsmedels- och f\u00f6rpackningsmaskiner. L\u00e4s Mer!\",\"breadcrumb\":{\"@id\":\"https:\\\/\\\/c-profil.se\\\/produkt\\\/hygienisk-kabelgenomforingsplatta-multi-membran-kel-dpu-hd\\\/#breadcrumb\"},\"inLanguage\":\"en\",\"potentialAction\":[{\"@type\":\"ReadAction\",\"target\":[\"https:\\\/\\\/c-profil.se\\\/produkt\\\/hygienisk-kabelgenomforingsplatta-multi-membran-kel-dpu-hd\\\/\"]}]},{\"@type\":\"ImageObject\",\"inLanguage\":\"en\",\"@id\":\"https:\\\/\\\/c-profil.se\\\/produkt\\\/hygienisk-kabelgenomforingsplatta-multi-membran-kel-dpu-hd\\\/#primaryimage\",\"url\":\"https:\\\/\\\/c-profil.se\\\/wp-content\\\/uploads\\\/2024\\\/04\\\/Hygienisk-Kabelgenomforingsplatta-1.jpg\",\"contentUrl\":\"https:\\\/\\\/c-profil.se\\\/wp-content\\\/uploads\\\/2024\\\/04\\\/Hygienisk-Kabelgenomforingsplatta-1.jpg\",\"width\":1000,\"height\":1000,\"caption\":\"Hygienisk Kabelgenomf\u00f6ringsplatta\"},{\"@type\":\"BreadcrumbList\",\"@id\":\"https:\\\/\\\/c-profil.se\\\/produkt\\\/hygienisk-kabelgenomforingsplatta-multi-membran-kel-dpu-hd\\\/#breadcrumb\",\"itemListElement\":[{\"@type\":\"ListItem\",\"position\":1,\"name\":\"Hem\",\"item\":\"https:\\\/\\\/c-profil.se\\\/\"},{\"@type\":\"ListItem\",\"position\":2,\"name\":\"Produkter\",\"item\":\"https:\\\/\\\/c-profil.se\\\/produkter\\\/\"},{\"@type\":\"ListItem\",\"position\":3,\"name\":\"Kabelgenomf\u00f6ringsplattor &amp; multifl\u00e4nsar\",\"item\":\"https:\\\/\\\/c-profil.se\\\/produkt-kategori\\\/kabelgenomforingsplattor-multiflansar\\\/\"},{\"@type\":\"ListItem\",\"position\":4,\"name\":\"Kabelgenomf\u00f6ringsplatta | KEL-DPU-HD\"}]},{\"@type\":\"WebSite\",\"@id\":\"https:\\\/\\\/c-profil.se\\\/#website\",\"url\":\"https:\\\/\\\/c-profil.se\\\/\",\"name\":\"C-Pro\",\"description\":\"Produkter f\u00f6r El och Automation\",\"publisher\":{\"@id\":\"https:\\\/\\\/c-profil.se\\\/#organization\"},\"potentialAction\":[{\"@type\":\"SearchAction\",\"target\":{\"@type\":\"EntryPoint\",\"urlTemplate\":\"https:\\\/\\\/c-profil.se\\\/?s={search_term_string}\"},\"query-input\":{\"@type\":\"PropertyValueSpecification\",\"valueRequired\":true,\"valueName\":\"search_term_string\"}}],\"inLanguage\":\"en\"},{\"@type\":\"Organization\",\"@id\":\"https:\\\/\\\/c-profil.se\\\/#organization\",\"name\":\"C-Pro\",\"alternateName\":\"C-PRO\",\"url\":\"https:\\\/\\\/c-profil.se\\\/\",\"logo\":{\"@type\":\"ImageObject\",\"inLanguage\":\"en\",\"@id\":\"https:\\\/\\\/c-profil.se\\\/#\\\/schema\\\/logo\\\/image\\\/\",\"url\":\"https:\\\/\\\/c-profil.se\\\/wp-content\\\/uploads\\\/2022\\\/03\\\/c-pro-logga-liggande-500x500-1.png\",\"contentUrl\":\"https:\\\/\\\/c-profil.se\\\/wp-content\\\/uploads\\\/2022\\\/03\\\/c-pro-logga-liggande-500x500-1.png\",\"width\":500,\"height\":500,\"caption\":\"C-Pro\"},\"image\":{\"@id\":\"https:\\\/\\\/c-profil.se\\\/#\\\/schema\\\/logo\\\/image\\\/\"},\"sameAs\":[\"https:\\\/\\\/www.facebook.com\\\/people\\\/C-Pro\\\/61561767306874\\\/\",\"https:\\\/\\\/www.linkedin.com\\\/company\\\/c-pro-ab\",\"https:\\\/\\\/www.instagram.com\\\/cpro.ab\\\/\"],\"description\":\"C-PRO AB \u00e4r en helt\u00e4ckande leverant\u00f6r av material f\u00f6r applikationer inom el och automation. \u00c4nda sedan starten 1987 har vi f\u00f6rsett den svenska tillverkande industrin med elmaterial. Trots v\u00e5r storlek och ledande position har vi aldrig \u00f6vergett v\u00e5r grundfilosofi, att vara en personlig leverant\u00f6r. Vi p\u00e5 C-PRO \u00e4r l\u00e4tta att komma i kontakt med, \u00e4rliga och brinner f\u00f6r att l\u00f6sa v\u00e5ra kunders problem.\",\"email\":\"info@c-profil.se\",\"telephone\":\"031575785\",\"legalName\":\"C-Profil F\u00f6rl\u00e4ggningsmaterial AB\",\"foundingDate\":\"1987-01-01\"}]}<\/script>\n<meta property=\"product:brand\" content=\"kabelgenomf\u00f6ring\" \/>\n<meta property=\"product:price:currency\" content=\"SEK\" \/>\n<meta property=\"og:availability\" content=\"instock\" \/>\n<meta property=\"product:availability\" content=\"instock\" \/>\n<meta property=\"product:retailer_item_id\" content=\"KEL-DPU-HD\" \/>\n<meta property=\"product:condition\" content=\"new\" \/>\n<!-- \/ Yoast SEO Premium plugin. -->","yoast_head_json":{"title":"Cable entry plate | KEL-DPU-HD - C-Pro","description":"Hygienic Cable Entry Plate \/ KEL-DPU-HD has been developed specifically for installation in food and packaging machines. Read More!","robots":{"index":"index","follow":"follow","max-snippet":"max-snippet:-1","max-image-preview":"max-image-preview:large","max-video-preview":"max-video-preview:-1"},"canonical":"https:\/\/c-profil.se\/english\/product\/hygienic-cable-entry-plate-multi-membrane-kel-dpu-hd\/","og_locale":"en_US","og_type":"article","og_title":"Kabelgenomf\u00f6ringsplatta | KEL-DPU-HD - C-Pro","og_description":"Hygienisk Kabelgenomf\u00f6ringsplatta multi-membran \/ KEL-DPU-HD har utvecklats speciellt f\u00f6r installation i livsmedels- och f\u00f6rpackningsmaskiner. Under utvecklingen enligt riktlinjerna f\u00f6r Hygienic Design har man sett till att den synliga sidan av kabelgenomf\u00f6ringsplattan \u00e4r fri fr\u00e5n smutssamlande urtag. Ytan h\u00f6lls mycket sl\u00e4t (Ra = 0,421 \u03bcm enligt ISO 4287). Den yttre konturen har en radie p\u00e5 6 mm ist\u00e4llet f\u00f6r de 3 mm som kr\u00e4vs. Dessutom anv\u00e4nder KEL-DPU-HD en FDA-kompatibel elastomer i enlighet med livsmedelsgodk\u00e4nnande 1935\/2004\/EG och (EU) 10\/2011. Signalf\u00e4rgen bl\u00e5 s\u00e4kerst\u00e4ller en tydlig visuell f\u00e4rgigenk\u00e4nning. Hygienisk Kabelgenomf\u00f6ringsplatta multi-membran \/ KEL-DPU-HD's ing\u00e5ngspl\u00e5tar \u00e4r designade f\u00f6r att dra och t\u00e4ta kablar utan kontakter (fr\u00e5n 3,2 mm till 20,5 mm i diameter) i begr\u00e4nsat utrymme med IP66\/IP68**. KEL-DPU-HD k\u00e4nnetecknas s\u00e4rskilt av sin solida robusta ram och den \u00f6kade dragavlastningen hos de dragna kablarna.    KEL-DPU-HD 24 matchar exakt utsk\u00e4rningsm\u00e5tten f\u00f6r 24-stifts standard industrikontakter  Kabelgenomf\u00f6ringsplattan monteras antingen genom att skruva fast den p\u00e5 insidan av kapslingen eller genom att sn\u00e4ppa fast den i urtaget  ** IP68 endast n\u00e4r den \u00e4r skruvmonterad  F\u00f6rdelar:    Elastomer av kabelgenomf\u00f6ringsplattan gjord av material enligt 1935\/2004\/EG, (EU) 10\/2011  FDA-kompatibel  Utvecklad enligt riktlinjer f\u00f6r hygienisk design  Hygienisk design \u2013 fri fr\u00e5n smutssamlande urtag  Mycket platt design, mycket sl\u00e4t yta (Ra = 0,421 \u03bcm enligt ISO 4287)  Dubbel t\u00e4tning av kablar (IP66\/IP68**)  H\u00f6g styrka och stabilitet  H\u00f6g belastningsavlastning  Snabb och enkel montering  Mycket h\u00f6g kabelt\u00e4thet  Kabeldiameter 3,2 \u2013 20,5 mm  Reproducerbar reng\u00f6ringsprocess  Mycket l\u00e5g fuktupptagning  H\u00f6g motst\u00e5ndskraft mot aromatiska l\u00f6sningsmedel, oljor, fetter, mineralprodukter","og_url":"https:\/\/c-profil.se\/english\/product\/hygienic-cable-entry-plate-multi-membrane-kel-dpu-hd\/","og_site_name":"C-Pro","article_publisher":"https:\/\/www.facebook.com\/people\/C-Pro\/61561767306874\/","article_modified_time":"2026-04-28T09:49:17+00:00","og_image":[{"width":1000,"height":1000,"url":"https:\/\/c-profil.se\/wp-content\/uploads\/2024\/04\/Hygienisk-Kabelgenomforingsplatta-1.jpg","type":"image\/jpeg"}],"twitter_card":"summary_large_image","twitter_misc":{"Price":"","Availability":"In stock"},"schema":{"@context":"https:\/\/schema.org","@graph":[{"@type":"WebPage","@id":"https:\/\/c-profil.se\/produkt\/hygienisk-kabelgenomforingsplatta-multi-membran-kel-dpu-hd\/","url":"https:\/\/c-profil.se\/produkt\/hygienisk-kabelgenomforingsplatta-multi-membran-kel-dpu-hd\/","name":"Cable entry plate | KEL-DPU-HD - C-Pro","isPartOf":{"@id":"https:\/\/c-profil.se\/#website"},"primaryImageOfPage":{"@id":"https:\/\/c-profil.se\/produkt\/hygienisk-kabelgenomforingsplatta-multi-membran-kel-dpu-hd\/#primaryimage"},"image":{"@id":"https:\/\/c-profil.se\/produkt\/hygienisk-kabelgenomforingsplatta-multi-membran-kel-dpu-hd\/#primaryimage"},"thumbnailUrl":"https:\/\/c-profil.se\/wp-content\/uploads\/2024\/04\/Hygienisk-Kabelgenomforingsplatta-1.jpg","datePublished":"2024-04-19T11:13:00+00:00","dateModified":"2026-04-28T09:49:17+00:00","description":"Hygienic Cable Entry Plate \/ KEL-DPU-HD has been developed specifically for installation in food and packaging machines. Read More!","breadcrumb":{"@id":"https:\/\/c-profil.se\/produkt\/hygienisk-kabelgenomforingsplatta-multi-membran-kel-dpu-hd\/#breadcrumb"},"inLanguage":"en","potentialAction":[{"@type":"ReadAction","target":["https:\/\/c-profil.se\/produkt\/hygienisk-kabelgenomforingsplatta-multi-membran-kel-dpu-hd\/"]}]},{"@type":"ImageObject","inLanguage":"en","@id":"https:\/\/c-profil.se\/produkt\/hygienisk-kabelgenomforingsplatta-multi-membran-kel-dpu-hd\/#primaryimage","url":"https:\/\/c-profil.se\/wp-content\/uploads\/2024\/04\/Hygienisk-Kabelgenomforingsplatta-1.jpg","contentUrl":"https:\/\/c-profil.se\/wp-content\/uploads\/2024\/04\/Hygienisk-Kabelgenomforingsplatta-1.jpg","width":1000,"height":1000,"caption":"Hygienisk Kabelgenomf\u00f6ringsplatta"},{"@type":"BreadcrumbList","@id":"https:\/\/c-profil.se\/produkt\/hygienisk-kabelgenomforingsplatta-multi-membran-kel-dpu-hd\/#breadcrumb","itemListElement":[{"@type":"ListItem","position":1,"name":"Hem","item":"https:\/\/c-profil.se\/"},{"@type":"ListItem","position":2,"name":"Produkter","item":"https:\/\/c-profil.se\/produkter\/"},{"@type":"ListItem","position":3,"name":"Kabelgenomf\u00f6ringsplattor &amp; multifl\u00e4nsar","item":"https:\/\/c-profil.se\/produkt-kategori\/kabelgenomforingsplattor-multiflansar\/"},{"@type":"ListItem","position":4,"name":"Kabelgenomf\u00f6ringsplatta | KEL-DPU-HD"}]},{"@type":"WebSite","@id":"https:\/\/c-profil.se\/#website","url":"https:\/\/c-profil.se\/","name":"C-Pro","description":"Products for Electricity and Automation","publisher":{"@id":"https:\/\/c-profil.se\/#organization"},"potentialAction":[{"@type":"SearchAction","target":{"@type":"EntryPoint","urlTemplate":"https:\/\/c-profil.se\/?s={search_term_string}"},"query-input":{"@type":"PropertyValueSpecification","valueRequired":true,"valueName":"search_term_string"}}],"inLanguage":"en"},{"@type":"Organization","@id":"https:\/\/c-profil.se\/#organization","name":"C-Pro","alternateName":"C-PRO","url":"https:\/\/c-profil.se\/","logo":{"@type":"ImageObject","inLanguage":"en","@id":"https:\/\/c-profil.se\/#\/schema\/logo\/image\/","url":"https:\/\/c-profil.se\/wp-content\/uploads\/2022\/03\/c-pro-logga-liggande-500x500-1.png","contentUrl":"https:\/\/c-profil.se\/wp-content\/uploads\/2022\/03\/c-pro-logga-liggande-500x500-1.png","width":500,"height":500,"caption":"C-Pro"},"image":{"@id":"https:\/\/c-profil.se\/#\/schema\/logo\/image\/"},"sameAs":["https:\/\/www.facebook.com\/people\/C-Pro\/61561767306874\/","https:\/\/www.linkedin.com\/company\/c-pro-ab","https:\/\/www.instagram.com\/cpro.ab\/"],"description":"C-PRO AB is a comprehensive supplier of materials for applications in electricity and automation. Ever since the start in 1987, we have supplied the Swedish manufacturing industry with electrical materials. Despite our size and leading position, we have never abandoned our basic philosophy, to be a personal supplier. We at C-PRO are easy to get in touch with, honest and passionate about solving our customers&#039; problems.","email":"info@c-profil.se","telephone":"031575785","legalName":"C-Profil F\u00f6rl\u00e4ggningsmaterial AB","foundingDate":"1987-01-01"}]},"product_brand":"kabelgenomf\u00f6ring","product_price_currency":"SEK","og_availability":"instock","product_availability":"instock","product_retailer_item_id":"KEL-DPU-HD","product_condition":"new"},"_links":{"self":[{"href":"https:\/\/c-profil.se\/english\/wp-json\/wp\/v2\/product\/44123","targetHints":{"allow":["GET"]}}],"collection":[{"href":"https:\/\/c-profil.se\/english\/wp-json\/wp\/v2\/product"}],"about":[{"href":"https:\/\/c-profil.se\/english\/wp-json\/wp\/v2\/types\/product"}],"version-history":[{"count":12,"href":"https:\/\/c-profil.se\/english\/wp-json\/wp\/v2\/product\/44123\/revisions"}],"predecessor-version":[{"id":75238,"href":"https:\/\/c-profil.se\/english\/wp-json\/wp\/v2\/product\/44123\/revisions\/75238"}],"wp:featuredmedia":[{"embeddable":true,"href":"https:\/\/c-profil.se\/english\/wp-json\/wp\/v2\/media\/51194"}],"wp:attachment":[{"href":"https:\/\/c-profil.se\/english\/wp-json\/wp\/v2\/media?parent=44123"}],"wp:term":[{"taxonomy":"product_brand","embeddable":true,"href":"https:\/\/c-profil.se\/english\/wp-json\/wp\/v2\/product_brand?post=44123"},{"taxonomy":"product_cat","embeddable":true,"href":"https:\/\/c-profil.se\/english\/wp-json\/wp\/v2\/product_cat?post=44123"},{"taxonomy":"product_tag","embeddable":true,"href":"https:\/\/c-profil.se\/english\/wp-json\/wp\/v2\/product_tag?post=44123"}],"curies":[{"name":"wp","href":"https:\/\/api.w.org\/{rel}","templated":true}]}}