{"id":42963,"date":"2024-03-14T14:06:00","date_gmt":"2024-03-14T13:06:00","guid":{"rendered":"https:\/\/c-profil.se\/?post_type=product&#038;p=42963"},"modified":"2026-04-23T14:50:17","modified_gmt":"2026-04-23T13:50:17","slug":"cable-glands-stainless-cbmsc","status":"publish","type":"product","link":"https:\/\/c-profil.se\/english\/produkt\/kabelforskruvningar-rostfria-cbmsc\/","title":{"rendered":"Cable glands | Stainless steel"},"content":{"rendered":"<p><strong>Stainless steel cable gland is intended for industrial applications in corrosive and hygiene-critical environments<\/strong>, such as outdoor installations, food and pharmaceutical industries.<br \/>\nIt offers reliable sealing and strain relief, easy assembly and meets current international standards and approvals.<\/p>","protected":false},"excerpt":{"rendered":"<p class=\"ai-optimize-31\">Stainless steel cable glands are the perfect choice for industrial standard applications in demanding and corrosive environments. These glands offer easy assembly and high-quality strain relief, ensuring reliable performance. With proven sealing technology and international approvals, you can be sure that these cable glands meet the highest standards. Whether it is outdoor applications, in the food or pharmaceutical industry and other sensitive applications, these stainless steel cable glands are a reliable choice for your needs.<\/p>\n<ul>\n<li class=\"ai-optimize-32\">For high quality machines and housings.<\/li>\n<li class=\"ai-optimize-33\">For high quality applications in corrosive environments.<\/li>\n<li class=\"ai-optimize-34\">Applications: Outdoor, food industry, pharmazeutical industry and other sensitive applications.<\/li>\n<li class=\"ai-optimize-35\">UL and VDE certified along with various other approvals - see technical data for full details<\/li>\n<li class=\"ai-optimize-36\">Easy assembly: install cable gland - insert cable - tighten cap.<\/li>\n<li class=\"ai-optimize-37\">High quality strain relief and sealing, reliable performance for standard industrial applications.<\/li>\n<li class=\"ai-optimize-38\">Current international approvals.<\/li>\n<\/ul>","protected":false},"featured_media":55645,"template":"","meta":{"_acf_changed":false},"product_brand":[734],"product_cat":[625],"product_tag":[1006,938,1005,939],"class_list":{"0":"post-42963","1":"product","2":"type-product","3":"status-publish","4":"has-post-thumbnail","6":"product_brand-bimed","7":"product_cat-kabelforskruvningar-i-metall","8":"product_tag-kabelforskruvning","9":"product_tag-kabelinforing","10":"product_tag-platbearbetning","11":"product_tag-tatning","13":"first","14":"instock","15":"shipping-taxable","16":"product-type-simple"},"acf":[],"yoast_head":"<!-- This site is optimized with the Yoast SEO Premium plugin v27.5 (Yoast SEO v27.5) - https:\/\/yoast.com\/product\/yoast-seo-premium-wordpress\/ -->\n<title>Kabelf\u00f6rskruvningar | Rostfria - C-Pro<\/title>\n<meta name=\"description\" content=\"Kabelf\u00f6rskruvningar Rostfria \u00e4r det perfekta valet f\u00f6r industriella standardapplikationer i kr\u00e4vande och korrosiva milj\u00f6er. Enkel montering. L\u00e4s Mer!\" \/>\n<meta name=\"robots\" content=\"index, follow, max-snippet:-1, max-image-preview:large, max-video-preview:-1\" \/>\n<link rel=\"canonical\" href=\"https:\/\/c-profil.se\/english\/product\/cable-glands-stainless-cbmsc\/\" \/>\n<meta property=\"og:locale\" content=\"en_US\" \/>\n<meta property=\"og:type\" content=\"article\" \/>\n<meta property=\"og:title\" content=\"Kabelf\u00f6rskruvningar | Rostfria - C-Pro\" \/>\n<meta property=\"og:description\" content=\"Kabelf\u00f6rskruvningar Rostfria \u00e4r det perfekta valet f\u00f6r industriella standardapplikationer i kr\u00e4vande och korrosiva milj\u00f6er. Dessa f\u00f6rskruvningar erbjuder enkel montering och h\u00f6gkvalitativ dragavlastning, vilket garanterar tillf\u00f6rlitlig prestanda. Med bepr\u00f6vad t\u00e4tningsteknik och internationella godk\u00e4nnanden kan du vara s\u00e4ker p\u00e5 att dessa kabelf\u00f6rskruvningar lever upp till de h\u00f6gsta standarderna.\u00a0Oavsett om det handlar om applikationer utomhus, inom livsmedelsindustri eller l\u00e4kemedelsindustri och andra k\u00e4nsliga applikationer \u00e4r dessa kabelf\u00f6rskruvningar i rostfritt st\u00e5l ett p\u00e5litligt val f\u00f6r dina behov.    F\u00f6r h\u00f6gkvalitativa maskiner och h\u00f6ljen.  F\u00f6r h\u00f6gkvalitativa applikationer i korrosiva milj\u00f6er.  Applikationer:\u00a0Utomhus,\u00a0livsmedelsindustri,\u00a0l\u00e4kemedelsindustri och andra k\u00e4nsliga applikationer.  UL- och VDE-certifierade tillsammans med olika andra godk\u00e4nnanden - se tekniska data f\u00f6r fullst\u00e4ndiga detaljer  Enkel montering: installera kabelgenomf\u00f6ringen - s\u00e4tt i kabeln - dra \u00e5t locket.  H\u00f6gkvalitativ dragavlastning och t\u00e4tning, p\u00e5litlig prestanda f\u00f6r industriella standardapplikationer.  Aktuella internationella godk\u00e4nnanden.\" \/>\n<meta property=\"og:url\" content=\"https:\/\/c-profil.se\/english\/product\/cable-glands-stainless-cbmsc\/\" \/>\n<meta property=\"og:site_name\" content=\"C-Pro\" \/>\n<meta property=\"article:publisher\" content=\"https:\/\/www.facebook.com\/people\/C-Pro\/61561767306874\/\" \/>\n<meta property=\"article:modified_time\" content=\"2026-04-23T13:50:17+00:00\" \/>\n<meta property=\"og:image\" content=\"https:\/\/c-profil.se\/wp-content\/uploads\/2024\/03\/Kabelforskruvningar-Rostfria-CBMSC-Ny.jpg\" \/>\n\t<meta property=\"og:image:width\" content=\"1000\" \/>\n\t<meta property=\"og:image:height\" content=\"1000\" \/>\n\t<meta property=\"og:image:type\" content=\"image\/jpeg\" \/>\n<meta name=\"twitter:card\" content=\"summary_large_image\" \/>\n<meta name=\"twitter:label1\" content=\"Price\" \/>\n\t<meta name=\"twitter:data1\" content=\"\" \/>\n\t<meta name=\"twitter:label2\" content=\"Availability\" \/>\n\t<meta name=\"twitter:data2\" content=\"In stock\" \/>\n<script type=\"application\/ld+json\" class=\"yoast-schema-graph\">{\"@context\":\"https:\\\/\\\/schema.org\",\"@graph\":[{\"@type\":\"WebPage\",\"@id\":\"https:\\\/\\\/c-profil.se\\\/produkt\\\/kabelforskruvningar-rostfria-cbmsc\\\/\",\"url\":\"https:\\\/\\\/c-profil.se\\\/produkt\\\/kabelforskruvningar-rostfria-cbmsc\\\/\",\"name\":\"Kabelf\u00f6rskruvningar | Rostfria - C-Pro\",\"isPartOf\":{\"@id\":\"https:\\\/\\\/c-profil.se\\\/#website\"},\"primaryImageOfPage\":{\"@id\":\"https:\\\/\\\/c-profil.se\\\/produkt\\\/kabelforskruvningar-rostfria-cbmsc\\\/#primaryimage\"},\"image\":{\"@id\":\"https:\\\/\\\/c-profil.se\\\/produkt\\\/kabelforskruvningar-rostfria-cbmsc\\\/#primaryimage\"},\"thumbnailUrl\":\"https:\\\/\\\/c-profil.se\\\/wp-content\\\/uploads\\\/2024\\\/03\\\/Kabelforskruvningar-Rostfria-CBMSC-Ny.jpg\",\"datePublished\":\"2024-03-14T13:06:00+00:00\",\"dateModified\":\"2026-04-23T13:50:17+00:00\",\"description\":\"Kabelf\u00f6rskruvningar Rostfria \u00e4r det perfekta valet f\u00f6r industriella standardapplikationer i kr\u00e4vande och korrosiva milj\u00f6er. Enkel montering. L\u00e4s Mer!\",\"breadcrumb\":{\"@id\":\"https:\\\/\\\/c-profil.se\\\/produkt\\\/kabelforskruvningar-rostfria-cbmsc\\\/#breadcrumb\"},\"inLanguage\":\"en\",\"potentialAction\":[{\"@type\":\"ReadAction\",\"target\":[\"https:\\\/\\\/c-profil.se\\\/produkt\\\/kabelforskruvningar-rostfria-cbmsc\\\/\"]}]},{\"@type\":\"ImageObject\",\"inLanguage\":\"en\",\"@id\":\"https:\\\/\\\/c-profil.se\\\/produkt\\\/kabelforskruvningar-rostfria-cbmsc\\\/#primaryimage\",\"url\":\"https:\\\/\\\/c-profil.se\\\/wp-content\\\/uploads\\\/2024\\\/03\\\/Kabelforskruvningar-Rostfria-CBMSC-Ny.jpg\",\"contentUrl\":\"https:\\\/\\\/c-profil.se\\\/wp-content\\\/uploads\\\/2024\\\/03\\\/Kabelforskruvningar-Rostfria-CBMSC-Ny.jpg\",\"width\":1000,\"height\":1000,\"caption\":\"Kabelf\u00f6rskruvningar Rostfria CBMSC\"},{\"@type\":\"BreadcrumbList\",\"@id\":\"https:\\\/\\\/c-profil.se\\\/produkt\\\/kabelforskruvningar-rostfria-cbmsc\\\/#breadcrumb\",\"itemListElement\":[{\"@type\":\"ListItem\",\"position\":1,\"name\":\"Hem\",\"item\":\"https:\\\/\\\/c-profil.se\\\/\"},{\"@type\":\"ListItem\",\"position\":2,\"name\":\"Produkter\",\"item\":\"https:\\\/\\\/c-profil.se\\\/produkter\\\/\"},{\"@type\":\"ListItem\",\"position\":3,\"name\":\"Kabelf\u00f6rskruvningar i Metall\",\"item\":\"https:\\\/\\\/c-profil.se\\\/produkt-kategori\\\/kabelforskruvningar-i-metall\\\/\"},{\"@type\":\"ListItem\",\"position\":4,\"name\":\"Kabelf\u00f6rskruvningar | Rostfria\"}]},{\"@type\":\"WebSite\",\"@id\":\"https:\\\/\\\/c-profil.se\\\/#website\",\"url\":\"https:\\\/\\\/c-profil.se\\\/\",\"name\":\"C-Pro\",\"description\":\"Produkter f\u00f6r El och Automation\",\"publisher\":{\"@id\":\"https:\\\/\\\/c-profil.se\\\/#organization\"},\"potentialAction\":[{\"@type\":\"SearchAction\",\"target\":{\"@type\":\"EntryPoint\",\"urlTemplate\":\"https:\\\/\\\/c-profil.se\\\/?s={search_term_string}\"},\"query-input\":{\"@type\":\"PropertyValueSpecification\",\"valueRequired\":true,\"valueName\":\"search_term_string\"}}],\"inLanguage\":\"en\"},{\"@type\":\"Organization\",\"@id\":\"https:\\\/\\\/c-profil.se\\\/#organization\",\"name\":\"C-Pro\",\"alternateName\":\"C-PRO\",\"url\":\"https:\\\/\\\/c-profil.se\\\/\",\"logo\":{\"@type\":\"ImageObject\",\"inLanguage\":\"en\",\"@id\":\"https:\\\/\\\/c-profil.se\\\/#\\\/schema\\\/logo\\\/image\\\/\",\"url\":\"https:\\\/\\\/c-profil.se\\\/wp-content\\\/uploads\\\/2022\\\/03\\\/c-pro-logga-liggande-500x500-1.png\",\"contentUrl\":\"https:\\\/\\\/c-profil.se\\\/wp-content\\\/uploads\\\/2022\\\/03\\\/c-pro-logga-liggande-500x500-1.png\",\"width\":500,\"height\":500,\"caption\":\"C-Pro\"},\"image\":{\"@id\":\"https:\\\/\\\/c-profil.se\\\/#\\\/schema\\\/logo\\\/image\\\/\"},\"sameAs\":[\"https:\\\/\\\/www.facebook.com\\\/people\\\/C-Pro\\\/61561767306874\\\/\",\"https:\\\/\\\/www.linkedin.com\\\/company\\\/c-pro-ab\",\"https:\\\/\\\/www.instagram.com\\\/cpro.ab\\\/\"],\"description\":\"C-PRO AB \u00e4r en helt\u00e4ckande leverant\u00f6r av material f\u00f6r applikationer inom el och automation. \u00c4nda sedan starten 1987 har vi f\u00f6rsett den svenska tillverkande industrin med elmaterial. Trots v\u00e5r storlek och ledande position har vi aldrig \u00f6vergett v\u00e5r grundfilosofi, att vara en personlig leverant\u00f6r. Vi p\u00e5 C-PRO \u00e4r l\u00e4tta att komma i kontakt med, \u00e4rliga och brinner f\u00f6r att l\u00f6sa v\u00e5ra kunders problem.\",\"email\":\"info@c-profil.se\",\"telephone\":\"031575785\",\"legalName\":\"C-Profil F\u00f6rl\u00e4ggningsmaterial AB\",\"foundingDate\":\"1987-01-01\"}]}<\/script>\n<meta property=\"product:brand\" content=\"kabelf\u00f6rskruvning\" \/>\n<meta property=\"product:price:currency\" content=\"SEK\" \/>\n<meta property=\"og:availability\" content=\"instock\" \/>\n<meta property=\"product:availability\" content=\"instock\" \/>\n<meta property=\"product:retailer_item_id\" content=\"Kabelf\u00f6rskruvningar | Rostfria\" \/>\n<meta property=\"product:condition\" content=\"new\" \/>\n<!-- \/ Yoast SEO Premium plugin. -->","yoast_head_json":{"title":"Cable glands | Stainless steel - C-Pro","description":"Cable glands Stainless steel are the perfect choice for standard industrial applications in demanding and corrosive environments. Simple assembly. Read more!","robots":{"index":"index","follow":"follow","max-snippet":"max-snippet:-1","max-image-preview":"max-image-preview:large","max-video-preview":"max-video-preview:-1"},"canonical":"https:\/\/c-profil.se\/english\/product\/cable-glands-stainless-cbmsc\/","og_locale":"en_US","og_type":"article","og_title":"Kabelf\u00f6rskruvningar | Rostfria - C-Pro","og_description":"Kabelf\u00f6rskruvningar Rostfria \u00e4r det perfekta valet f\u00f6r industriella standardapplikationer i kr\u00e4vande och korrosiva milj\u00f6er. Dessa f\u00f6rskruvningar erbjuder enkel montering och h\u00f6gkvalitativ dragavlastning, vilket garanterar tillf\u00f6rlitlig prestanda. Med bepr\u00f6vad t\u00e4tningsteknik och internationella godk\u00e4nnanden kan du vara s\u00e4ker p\u00e5 att dessa kabelf\u00f6rskruvningar lever upp till de h\u00f6gsta standarderna.\u00a0Oavsett om det handlar om applikationer utomhus, inom livsmedelsindustri eller l\u00e4kemedelsindustri och andra k\u00e4nsliga applikationer \u00e4r dessa kabelf\u00f6rskruvningar i rostfritt st\u00e5l ett p\u00e5litligt val f\u00f6r dina behov.    F\u00f6r h\u00f6gkvalitativa maskiner och h\u00f6ljen.  F\u00f6r h\u00f6gkvalitativa applikationer i korrosiva milj\u00f6er.  Applikationer:\u00a0Utomhus,\u00a0livsmedelsindustri,\u00a0l\u00e4kemedelsindustri och andra k\u00e4nsliga applikationer.  UL- och VDE-certifierade tillsammans med olika andra godk\u00e4nnanden - se tekniska data f\u00f6r fullst\u00e4ndiga detaljer  Enkel montering: installera kabelgenomf\u00f6ringen - s\u00e4tt i kabeln - dra \u00e5t locket.  H\u00f6gkvalitativ dragavlastning och t\u00e4tning, p\u00e5litlig prestanda f\u00f6r industriella standardapplikationer.  Aktuella internationella godk\u00e4nnanden.","og_url":"https:\/\/c-profil.se\/english\/product\/cable-glands-stainless-cbmsc\/","og_site_name":"C-Pro","article_publisher":"https:\/\/www.facebook.com\/people\/C-Pro\/61561767306874\/","article_modified_time":"2026-04-23T13:50:17+00:00","og_image":[{"width":1000,"height":1000,"url":"https:\/\/c-profil.se\/wp-content\/uploads\/2024\/03\/Kabelforskruvningar-Rostfria-CBMSC-Ny.jpg","type":"image\/jpeg"}],"twitter_card":"summary_large_image","twitter_misc":{"Price":"","Availability":"In stock"},"schema":{"@context":"https:\/\/schema.org","@graph":[{"@type":"WebPage","@id":"https:\/\/c-profil.se\/produkt\/kabelforskruvningar-rostfria-cbmsc\/","url":"https:\/\/c-profil.se\/produkt\/kabelforskruvningar-rostfria-cbmsc\/","name":"Cable glands | Stainless steel - C-Pro","isPartOf":{"@id":"https:\/\/c-profil.se\/#website"},"primaryImageOfPage":{"@id":"https:\/\/c-profil.se\/produkt\/kabelforskruvningar-rostfria-cbmsc\/#primaryimage"},"image":{"@id":"https:\/\/c-profil.se\/produkt\/kabelforskruvningar-rostfria-cbmsc\/#primaryimage"},"thumbnailUrl":"https:\/\/c-profil.se\/wp-content\/uploads\/2024\/03\/Kabelforskruvningar-Rostfria-CBMSC-Ny.jpg","datePublished":"2024-03-14T13:06:00+00:00","dateModified":"2026-04-23T13:50:17+00:00","description":"Cable glands Stainless steel are the perfect choice for standard industrial applications in demanding and corrosive environments. Simple assembly. Read more!","breadcrumb":{"@id":"https:\/\/c-profil.se\/produkt\/kabelforskruvningar-rostfria-cbmsc\/#breadcrumb"},"inLanguage":"en","potentialAction":[{"@type":"ReadAction","target":["https:\/\/c-profil.se\/produkt\/kabelforskruvningar-rostfria-cbmsc\/"]}]},{"@type":"ImageObject","inLanguage":"en","@id":"https:\/\/c-profil.se\/produkt\/kabelforskruvningar-rostfria-cbmsc\/#primaryimage","url":"https:\/\/c-profil.se\/wp-content\/uploads\/2024\/03\/Kabelforskruvningar-Rostfria-CBMSC-Ny.jpg","contentUrl":"https:\/\/c-profil.se\/wp-content\/uploads\/2024\/03\/Kabelforskruvningar-Rostfria-CBMSC-Ny.jpg","width":1000,"height":1000,"caption":"Kabelf\u00f6rskruvningar Rostfria CBMSC"},{"@type":"BreadcrumbList","@id":"https:\/\/c-profil.se\/produkt\/kabelforskruvningar-rostfria-cbmsc\/#breadcrumb","itemListElement":[{"@type":"ListItem","position":1,"name":"Hem","item":"https:\/\/c-profil.se\/"},{"@type":"ListItem","position":2,"name":"Produkter","item":"https:\/\/c-profil.se\/produkter\/"},{"@type":"ListItem","position":3,"name":"Kabelf\u00f6rskruvningar i Metall","item":"https:\/\/c-profil.se\/produkt-kategori\/kabelforskruvningar-i-metall\/"},{"@type":"ListItem","position":4,"name":"Kabelf\u00f6rskruvningar | Rostfria"}]},{"@type":"WebSite","@id":"https:\/\/c-profil.se\/#website","url":"https:\/\/c-profil.se\/","name":"C-Pro","description":"Products for Electricity and Automation","publisher":{"@id":"https:\/\/c-profil.se\/#organization"},"potentialAction":[{"@type":"SearchAction","target":{"@type":"EntryPoint","urlTemplate":"https:\/\/c-profil.se\/?s={search_term_string}"},"query-input":{"@type":"PropertyValueSpecification","valueRequired":true,"valueName":"search_term_string"}}],"inLanguage":"en"},{"@type":"Organization","@id":"https:\/\/c-profil.se\/#organization","name":"C-Pro","alternateName":"C-PRO","url":"https:\/\/c-profil.se\/","logo":{"@type":"ImageObject","inLanguage":"en","@id":"https:\/\/c-profil.se\/#\/schema\/logo\/image\/","url":"https:\/\/c-profil.se\/wp-content\/uploads\/2022\/03\/c-pro-logga-liggande-500x500-1.png","contentUrl":"https:\/\/c-profil.se\/wp-content\/uploads\/2022\/03\/c-pro-logga-liggande-500x500-1.png","width":500,"height":500,"caption":"C-Pro"},"image":{"@id":"https:\/\/c-profil.se\/#\/schema\/logo\/image\/"},"sameAs":["https:\/\/www.facebook.com\/people\/C-Pro\/61561767306874\/","https:\/\/www.linkedin.com\/company\/c-pro-ab","https:\/\/www.instagram.com\/cpro.ab\/"],"description":"C-PRO AB is a comprehensive supplier of materials for applications in electricity and automation. Ever since the start in 1987, we have supplied the Swedish manufacturing industry with electrical materials. Despite our size and leading position, we have never abandoned our basic philosophy, to be a personal supplier. We at C-PRO are easy to get in touch with, honest and passionate about solving our customers&#039; problems.","email":"info@c-profil.se","telephone":"031575785","legalName":"C-Profil F\u00f6rl\u00e4ggningsmaterial AB","foundingDate":"1987-01-01"}]},"product_brand":"kabelf\u00f6rskruvning","product_price_currency":"SEK","og_availability":"instock","product_availability":"instock","product_retailer_item_id":"Kabelf\u00f6rskruvningar | Rostfria","product_condition":"new"},"_links":{"self":[{"href":"https:\/\/c-profil.se\/english\/wp-json\/wp\/v2\/product\/42963","targetHints":{"allow":["GET"]}}],"collection":[{"href":"https:\/\/c-profil.se\/english\/wp-json\/wp\/v2\/product"}],"about":[{"href":"https:\/\/c-profil.se\/english\/wp-json\/wp\/v2\/types\/product"}],"version-history":[{"count":14,"href":"https:\/\/c-profil.se\/english\/wp-json\/wp\/v2\/product\/42963\/revisions"}],"predecessor-version":[{"id":75182,"href":"https:\/\/c-profil.se\/english\/wp-json\/wp\/v2\/product\/42963\/revisions\/75182"}],"wp:featuredmedia":[{"embeddable":true,"href":"https:\/\/c-profil.se\/english\/wp-json\/wp\/v2\/media\/55645"}],"wp:attachment":[{"href":"https:\/\/c-profil.se\/english\/wp-json\/wp\/v2\/media?parent=42963"}],"wp:term":[{"taxonomy":"product_brand","embeddable":true,"href":"https:\/\/c-profil.se\/english\/wp-json\/wp\/v2\/product_brand?post=42963"},{"taxonomy":"product_cat","embeddable":true,"href":"https:\/\/c-profil.se\/english\/wp-json\/wp\/v2\/product_cat?post=42963"},{"taxonomy":"product_tag","embeddable":true,"href":"https:\/\/c-profil.se\/english\/wp-json\/wp\/v2\/product_tag?post=42963"}],"curies":[{"name":"wp","href":"https:\/\/api.w.org\/{rel}","templated":true}]}}