{"id":42949,"date":"2024-03-14T11:23:00","date_gmt":"2024-03-14T10:23:00","guid":{"rendered":"https:\/\/c-profil.se\/?post_type=product&#038;p=42949"},"modified":"2026-04-23T10:40:08","modified_gmt":"2026-04-23T09:40:08","slug":"cable-glands-polyamide","status":"publish","type":"product","link":"https:\/\/c-profil.se\/english\/produkt\/kabelforskruvningar-polyamid\/","title":{"rendered":"Cable glands | Polyamide"},"content":{"rendered":"<p><strong>Polyamide cable gland is a reliable standard solution for industrial applications<\/strong>, developed for easy assembly, secure sealing and effective strain relief.<br \/>\nWith proven sealing technology and international approvals, it is well suited for both heavy industry and other demanding environments.<\/p>","protected":false},"excerpt":{"rendered":"<p>Cable glands Polyamide are the perfect choice for industrial standard applications. These glands offer easy assembly and high-quality strain relief, ensuring reliable performance. With proven sealing technology and international approvals, you can be sure that these cable glands meet the highest standards. Whether it is heavy industry or other demanding applications, these polyamide cable glands are a reliable choice for your needs.<\/p>\n<ul>\n<li>For standard industrial applications<\/li>\n<li>UL and VDE certified along with various other approvals - see technical data for full details<\/li>\n<li>Fast and easy mounting<\/li>\n<li>High quality strain relief and sealing, reliable performance for standard industrial applications<\/li>\n<li>Current international approvals<\/li>\n<\/ul>","protected":false},"featured_media":55610,"template":"","meta":{"_acf_changed":false},"product_brand":[734],"product_cat":[624],"product_tag":[1006,938,1005,939],"class_list":{"0":"post-42949","1":"product","2":"type-product","3":"status-publish","4":"has-post-thumbnail","6":"product_brand-bimed","7":"product_cat-kabelforskruvningar-i-plast","8":"product_tag-kabelforskruvning","9":"product_tag-kabelinforing","10":"product_tag-platbearbetning","11":"product_tag-tatning","13":"first","14":"instock","15":"shipping-taxable","16":"product-type-simple"},"acf":[],"yoast_head":"<!-- This site is optimized with the Yoast SEO Premium plugin v27.5 (Yoast SEO v27.5) - https:\/\/yoast.com\/product\/yoast-seo-premium-wordpress\/ -->\n<title>Kabelf\u00f6rskruvningar | Polyamid - C-Pro<\/title>\n<meta name=\"description\" content=\"Kabelf\u00f6rskruvningar Polyamid \u00e4r det perfekta valet f\u00f6r industriella standardapplikationer. Enkel montering och h\u00f6gkvalitativ dragavlastning.\" \/>\n<meta name=\"robots\" content=\"index, follow, max-snippet:-1, max-image-preview:large, max-video-preview:-1\" \/>\n<link rel=\"canonical\" href=\"https:\/\/c-profil.se\/english\/product\/cable-glands-polyamide\/\" \/>\n<meta property=\"og:locale\" content=\"en_US\" \/>\n<meta property=\"og:type\" content=\"article\" \/>\n<meta property=\"og:title\" content=\"Kabelf\u00f6rskruvningar | Polyamid - C-Pro\" \/>\n<meta property=\"og:description\" content=\"Kabelf\u00f6rskruvningar Polyamid \u00e4r det perfekta valet f\u00f6r industriella standardapplikationer. Dessa f\u00f6rskruvningar erbjuder enkel montering och h\u00f6gkvalitativ dragavlastning, vilket garanterar tillf\u00f6rlitlig prestanda. Med bepr\u00f6vad t\u00e4tningsteknik och internationella godk\u00e4nnanden kan du vara s\u00e4ker p\u00e5 att dessa kabelf\u00f6rskruvningar lever upp till de h\u00f6gsta standarderna. Oavsett om det handlar om tung industri eller andra kr\u00e4vande applikationer, s\u00e5 \u00e4r dessa kabelf\u00f6rskruvningar i polyamid ett p\u00e5litligt val f\u00f6r dina behov.   F\u00f6r industriella standardapplikationer  UL- och VDE-certifierade tillsammans med olika andra godk\u00e4nnanden - se tekniska data f\u00f6r fullst\u00e4ndiga detaljer  Enkel montering  H\u00f6gkvalitativ dragavlastning och t\u00e4tning, p\u00e5litlig prestanda f\u00f6r industriella standardapplikationer  Aktuella internationella godk\u00e4nnanden\" \/>\n<meta property=\"og:url\" content=\"https:\/\/c-profil.se\/english\/product\/cable-glands-polyamide\/\" \/>\n<meta property=\"og:site_name\" content=\"C-Pro\" \/>\n<meta property=\"article:publisher\" content=\"https:\/\/www.facebook.com\/people\/C-Pro\/61561767306874\/\" \/>\n<meta property=\"article:modified_time\" content=\"2026-04-23T09:40:08+00:00\" \/>\n<meta property=\"og:image\" content=\"https:\/\/c-profil.se\/wp-content\/uploads\/2024\/03\/Kabelforskruvningar-Polyamid-CBM-Ny.jpg\" \/>\n\t<meta property=\"og:image:width\" content=\"1000\" \/>\n\t<meta property=\"og:image:height\" content=\"1000\" \/>\n\t<meta property=\"og:image:type\" content=\"image\/jpeg\" \/>\n<meta name=\"twitter:card\" content=\"summary_large_image\" \/>\n<meta name=\"twitter:label1\" content=\"Price\" \/>\n\t<meta name=\"twitter:data1\" content=\"\" \/>\n\t<meta name=\"twitter:label2\" content=\"Availability\" \/>\n\t<meta name=\"twitter:data2\" content=\"In stock\" \/>\n<script type=\"application\/ld+json\" class=\"yoast-schema-graph\">{\"@context\":\"https:\\\/\\\/schema.org\",\"@graph\":[{\"@type\":\"WebPage\",\"@id\":\"https:\\\/\\\/c-profil.se\\\/produkt\\\/kabelforskruvningar-polyamid\\\/\",\"url\":\"https:\\\/\\\/c-profil.se\\\/produkt\\\/kabelforskruvningar-polyamid\\\/\",\"name\":\"Kabelf\u00f6rskruvningar | Polyamid - C-Pro\",\"isPartOf\":{\"@id\":\"https:\\\/\\\/c-profil.se\\\/#website\"},\"primaryImageOfPage\":{\"@id\":\"https:\\\/\\\/c-profil.se\\\/produkt\\\/kabelforskruvningar-polyamid\\\/#primaryimage\"},\"image\":{\"@id\":\"https:\\\/\\\/c-profil.se\\\/produkt\\\/kabelforskruvningar-polyamid\\\/#primaryimage\"},\"thumbnailUrl\":\"https:\\\/\\\/c-profil.se\\\/wp-content\\\/uploads\\\/2024\\\/03\\\/Kabelforskruvningar-Polyamid-CBM-Ny.jpg\",\"datePublished\":\"2024-03-14T10:23:00+00:00\",\"dateModified\":\"2026-04-23T09:40:08+00:00\",\"description\":\"Kabelf\u00f6rskruvningar Polyamid \u00e4r det perfekta valet f\u00f6r industriella standardapplikationer. Enkel montering och h\u00f6gkvalitativ dragavlastning.\",\"breadcrumb\":{\"@id\":\"https:\\\/\\\/c-profil.se\\\/produkt\\\/kabelforskruvningar-polyamid\\\/#breadcrumb\"},\"inLanguage\":\"en\",\"potentialAction\":[{\"@type\":\"ReadAction\",\"target\":[\"https:\\\/\\\/c-profil.se\\\/produkt\\\/kabelforskruvningar-polyamid\\\/\"]}]},{\"@type\":\"ImageObject\",\"inLanguage\":\"en\",\"@id\":\"https:\\\/\\\/c-profil.se\\\/produkt\\\/kabelforskruvningar-polyamid\\\/#primaryimage\",\"url\":\"https:\\\/\\\/c-profil.se\\\/wp-content\\\/uploads\\\/2024\\\/03\\\/Kabelforskruvningar-Polyamid-CBM-Ny.jpg\",\"contentUrl\":\"https:\\\/\\\/c-profil.se\\\/wp-content\\\/uploads\\\/2024\\\/03\\\/Kabelforskruvningar-Polyamid-CBM-Ny.jpg\",\"width\":1000,\"height\":1000,\"caption\":\"Kabelf\u00f6rskruvningar Polyamid CBM\"},{\"@type\":\"BreadcrumbList\",\"@id\":\"https:\\\/\\\/c-profil.se\\\/produkt\\\/kabelforskruvningar-polyamid\\\/#breadcrumb\",\"itemListElement\":[{\"@type\":\"ListItem\",\"position\":1,\"name\":\"Hem\",\"item\":\"https:\\\/\\\/c-profil.se\\\/\"},{\"@type\":\"ListItem\",\"position\":2,\"name\":\"Produkter\",\"item\":\"https:\\\/\\\/c-profil.se\\\/produkter\\\/\"},{\"@type\":\"ListItem\",\"position\":3,\"name\":\"Kabelf\u00f6rskruvningar i Plast\",\"item\":\"https:\\\/\\\/c-profil.se\\\/produkt-kategori\\\/kabelforskruvningar-i-plast\\\/\"},{\"@type\":\"ListItem\",\"position\":4,\"name\":\"Kabelf\u00f6rskruvningar | Polyamid\"}]},{\"@type\":\"WebSite\",\"@id\":\"https:\\\/\\\/c-profil.se\\\/#website\",\"url\":\"https:\\\/\\\/c-profil.se\\\/\",\"name\":\"C-Pro\",\"description\":\"Produkter f\u00f6r El och Automation\",\"publisher\":{\"@id\":\"https:\\\/\\\/c-profil.se\\\/#organization\"},\"potentialAction\":[{\"@type\":\"SearchAction\",\"target\":{\"@type\":\"EntryPoint\",\"urlTemplate\":\"https:\\\/\\\/c-profil.se\\\/?s={search_term_string}\"},\"query-input\":{\"@type\":\"PropertyValueSpecification\",\"valueRequired\":true,\"valueName\":\"search_term_string\"}}],\"inLanguage\":\"en\"},{\"@type\":\"Organization\",\"@id\":\"https:\\\/\\\/c-profil.se\\\/#organization\",\"name\":\"C-Pro\",\"alternateName\":\"C-PRO\",\"url\":\"https:\\\/\\\/c-profil.se\\\/\",\"logo\":{\"@type\":\"ImageObject\",\"inLanguage\":\"en\",\"@id\":\"https:\\\/\\\/c-profil.se\\\/#\\\/schema\\\/logo\\\/image\\\/\",\"url\":\"https:\\\/\\\/c-profil.se\\\/wp-content\\\/uploads\\\/2022\\\/03\\\/c-pro-logga-liggande-500x500-1.png\",\"contentUrl\":\"https:\\\/\\\/c-profil.se\\\/wp-content\\\/uploads\\\/2022\\\/03\\\/c-pro-logga-liggande-500x500-1.png\",\"width\":500,\"height\":500,\"caption\":\"C-Pro\"},\"image\":{\"@id\":\"https:\\\/\\\/c-profil.se\\\/#\\\/schema\\\/logo\\\/image\\\/\"},\"sameAs\":[\"https:\\\/\\\/www.facebook.com\\\/people\\\/C-Pro\\\/61561767306874\\\/\",\"https:\\\/\\\/www.linkedin.com\\\/company\\\/c-pro-ab\",\"https:\\\/\\\/www.instagram.com\\\/cpro.ab\\\/\"],\"description\":\"C-PRO AB \u00e4r en helt\u00e4ckande leverant\u00f6r av material f\u00f6r applikationer inom el och automation. \u00c4nda sedan starten 1987 har vi f\u00f6rsett den svenska tillverkande industrin med elmaterial. Trots v\u00e5r storlek och ledande position har vi aldrig \u00f6vergett v\u00e5r grundfilosofi, att vara en personlig leverant\u00f6r. Vi p\u00e5 C-PRO \u00e4r l\u00e4tta att komma i kontakt med, \u00e4rliga och brinner f\u00f6r att l\u00f6sa v\u00e5ra kunders problem.\",\"email\":\"info@c-profil.se\",\"telephone\":\"031575785\",\"legalName\":\"C-Profil F\u00f6rl\u00e4ggningsmaterial AB\",\"foundingDate\":\"1987-01-01\"}]}<\/script>\n<meta property=\"product:brand\" content=\"kabelf\u00f6rskruvning\" \/>\n<meta property=\"product:price:currency\" content=\"SEK\" \/>\n<meta property=\"og:availability\" content=\"instock\" \/>\n<meta property=\"product:availability\" content=\"instock\" \/>\n<meta property=\"product:retailer_item_id\" content=\"Kabelf\u00f6rskruvningar | Polyamid\" \/>\n<meta property=\"product:condition\" content=\"new\" \/>\n<!-- \/ Yoast SEO Premium plugin. -->","yoast_head_json":{"title":"Cable glands | Polyamide - C-Pro","description":"Cable Glands Polyamide is the perfect choice for industrial standard applications. Easy assembly and high-quality strain relief.","robots":{"index":"index","follow":"follow","max-snippet":"max-snippet:-1","max-image-preview":"max-image-preview:large","max-video-preview":"max-video-preview:-1"},"canonical":"https:\/\/c-profil.se\/english\/product\/cable-glands-polyamide\/","og_locale":"en_US","og_type":"article","og_title":"Kabelf\u00f6rskruvningar | Polyamid - C-Pro","og_description":"Kabelf\u00f6rskruvningar Polyamid \u00e4r det perfekta valet f\u00f6r industriella standardapplikationer. Dessa f\u00f6rskruvningar erbjuder enkel montering och h\u00f6gkvalitativ dragavlastning, vilket garanterar tillf\u00f6rlitlig prestanda. Med bepr\u00f6vad t\u00e4tningsteknik och internationella godk\u00e4nnanden kan du vara s\u00e4ker p\u00e5 att dessa kabelf\u00f6rskruvningar lever upp till de h\u00f6gsta standarderna. Oavsett om det handlar om tung industri eller andra kr\u00e4vande applikationer, s\u00e5 \u00e4r dessa kabelf\u00f6rskruvningar i polyamid ett p\u00e5litligt val f\u00f6r dina behov.   F\u00f6r industriella standardapplikationer  UL- och VDE-certifierade tillsammans med olika andra godk\u00e4nnanden - se tekniska data f\u00f6r fullst\u00e4ndiga detaljer  Enkel montering  H\u00f6gkvalitativ dragavlastning och t\u00e4tning, p\u00e5litlig prestanda f\u00f6r industriella standardapplikationer  Aktuella internationella godk\u00e4nnanden","og_url":"https:\/\/c-profil.se\/english\/product\/cable-glands-polyamide\/","og_site_name":"C-Pro","article_publisher":"https:\/\/www.facebook.com\/people\/C-Pro\/61561767306874\/","article_modified_time":"2026-04-23T09:40:08+00:00","og_image":[{"width":1000,"height":1000,"url":"https:\/\/c-profil.se\/wp-content\/uploads\/2024\/03\/Kabelforskruvningar-Polyamid-CBM-Ny.jpg","type":"image\/jpeg"}],"twitter_card":"summary_large_image","twitter_misc":{"Price":"","Availability":"In stock"},"schema":{"@context":"https:\/\/schema.org","@graph":[{"@type":"WebPage","@id":"https:\/\/c-profil.se\/produkt\/kabelforskruvningar-polyamid\/","url":"https:\/\/c-profil.se\/produkt\/kabelforskruvningar-polyamid\/","name":"Cable glands | Polyamide - C-Pro","isPartOf":{"@id":"https:\/\/c-profil.se\/#website"},"primaryImageOfPage":{"@id":"https:\/\/c-profil.se\/produkt\/kabelforskruvningar-polyamid\/#primaryimage"},"image":{"@id":"https:\/\/c-profil.se\/produkt\/kabelforskruvningar-polyamid\/#primaryimage"},"thumbnailUrl":"https:\/\/c-profil.se\/wp-content\/uploads\/2024\/03\/Kabelforskruvningar-Polyamid-CBM-Ny.jpg","datePublished":"2024-03-14T10:23:00+00:00","dateModified":"2026-04-23T09:40:08+00:00","description":"Cable Glands Polyamide is the perfect choice for industrial standard applications. Easy assembly and high-quality strain relief.","breadcrumb":{"@id":"https:\/\/c-profil.se\/produkt\/kabelforskruvningar-polyamid\/#breadcrumb"},"inLanguage":"en","potentialAction":[{"@type":"ReadAction","target":["https:\/\/c-profil.se\/produkt\/kabelforskruvningar-polyamid\/"]}]},{"@type":"ImageObject","inLanguage":"en","@id":"https:\/\/c-profil.se\/produkt\/kabelforskruvningar-polyamid\/#primaryimage","url":"https:\/\/c-profil.se\/wp-content\/uploads\/2024\/03\/Kabelforskruvningar-Polyamid-CBM-Ny.jpg","contentUrl":"https:\/\/c-profil.se\/wp-content\/uploads\/2024\/03\/Kabelforskruvningar-Polyamid-CBM-Ny.jpg","width":1000,"height":1000,"caption":"Kabelf\u00f6rskruvningar Polyamid CBM"},{"@type":"BreadcrumbList","@id":"https:\/\/c-profil.se\/produkt\/kabelforskruvningar-polyamid\/#breadcrumb","itemListElement":[{"@type":"ListItem","position":1,"name":"Hem","item":"https:\/\/c-profil.se\/"},{"@type":"ListItem","position":2,"name":"Produkter","item":"https:\/\/c-profil.se\/produkter\/"},{"@type":"ListItem","position":3,"name":"Kabelf\u00f6rskruvningar i Plast","item":"https:\/\/c-profil.se\/produkt-kategori\/kabelforskruvningar-i-plast\/"},{"@type":"ListItem","position":4,"name":"Kabelf\u00f6rskruvningar | Polyamid"}]},{"@type":"WebSite","@id":"https:\/\/c-profil.se\/#website","url":"https:\/\/c-profil.se\/","name":"C-Pro","description":"Products for Electricity and Automation","publisher":{"@id":"https:\/\/c-profil.se\/#organization"},"potentialAction":[{"@type":"SearchAction","target":{"@type":"EntryPoint","urlTemplate":"https:\/\/c-profil.se\/?s={search_term_string}"},"query-input":{"@type":"PropertyValueSpecification","valueRequired":true,"valueName":"search_term_string"}}],"inLanguage":"en"},{"@type":"Organization","@id":"https:\/\/c-profil.se\/#organization","name":"C-Pro","alternateName":"C-PRO","url":"https:\/\/c-profil.se\/","logo":{"@type":"ImageObject","inLanguage":"en","@id":"https:\/\/c-profil.se\/#\/schema\/logo\/image\/","url":"https:\/\/c-profil.se\/wp-content\/uploads\/2022\/03\/c-pro-logga-liggande-500x500-1.png","contentUrl":"https:\/\/c-profil.se\/wp-content\/uploads\/2022\/03\/c-pro-logga-liggande-500x500-1.png","width":500,"height":500,"caption":"C-Pro"},"image":{"@id":"https:\/\/c-profil.se\/#\/schema\/logo\/image\/"},"sameAs":["https:\/\/www.facebook.com\/people\/C-Pro\/61561767306874\/","https:\/\/www.linkedin.com\/company\/c-pro-ab","https:\/\/www.instagram.com\/cpro.ab\/"],"description":"C-PRO AB is a comprehensive supplier of materials for applications in electricity and automation. Ever since the start in 1987, we have supplied the Swedish manufacturing industry with electrical materials. Despite our size and leading position, we have never abandoned our basic philosophy, to be a personal supplier. We at C-PRO are easy to get in touch with, honest and passionate about solving our customers&#039; problems.","email":"info@c-profil.se","telephone":"031575785","legalName":"C-Profil F\u00f6rl\u00e4ggningsmaterial AB","foundingDate":"1987-01-01"}]},"product_brand":"kabelf\u00f6rskruvning","product_price_currency":"SEK","og_availability":"instock","product_availability":"instock","product_retailer_item_id":"Kabelf\u00f6rskruvningar | Polyamid","product_condition":"new"},"_links":{"self":[{"href":"https:\/\/c-profil.se\/english\/wp-json\/wp\/v2\/product\/42949","targetHints":{"allow":["GET"]}}],"collection":[{"href":"https:\/\/c-profil.se\/english\/wp-json\/wp\/v2\/product"}],"about":[{"href":"https:\/\/c-profil.se\/english\/wp-json\/wp\/v2\/types\/product"}],"version-history":[{"count":16,"href":"https:\/\/c-profil.se\/english\/wp-json\/wp\/v2\/product\/42949\/revisions"}],"predecessor-version":[{"id":75171,"href":"https:\/\/c-profil.se\/english\/wp-json\/wp\/v2\/product\/42949\/revisions\/75171"}],"wp:featuredmedia":[{"embeddable":true,"href":"https:\/\/c-profil.se\/english\/wp-json\/wp\/v2\/media\/55610"}],"wp:attachment":[{"href":"https:\/\/c-profil.se\/english\/wp-json\/wp\/v2\/media?parent=42949"}],"wp:term":[{"taxonomy":"product_brand","embeddable":true,"href":"https:\/\/c-profil.se\/english\/wp-json\/wp\/v2\/product_brand?post=42949"},{"taxonomy":"product_cat","embeddable":true,"href":"https:\/\/c-profil.se\/english\/wp-json\/wp\/v2\/product_cat?post=42949"},{"taxonomy":"product_tag","embeddable":true,"href":"https:\/\/c-profil.se\/english\/wp-json\/wp\/v2\/product_tag?post=42949"}],"curies":[{"name":"wp","href":"https:\/\/api.w.org\/{rel}","templated":true}]}}