{"id":41731,"date":"2024-02-08T13:08:00","date_gmt":"2024-02-08T12:08:00","guid":{"rendered":"https:\/\/c-profil.se\/?post_type=product&#038;p=41731"},"modified":"2026-03-19T08:45:10","modified_gmt":"2026-03-19T07:45:10","slug":"thermoelectric-dehumidifier","status":"publish","type":"product","link":"https:\/\/c-profil.se\/english\/produkt\/termoelektrisk-avfuktare\/","title":{"rendered":"Thermoelectric dehumidifier"},"content":{"rendered":"<p><strong>Thermoelectric dehumidifier is a maintenance-free solution for effective humidity control in enclosures and control panels.<\/strong><br \/>\nIt ensures a dry environment both indoors and outdoors, with flexible mounting, IP56 rating and the option of an optional condensate pump.<\/p>","protected":false},"excerpt":{"rendered":"<p>Protect your enclosures and control panels from moisture with our Thermoelectric Dehumidifier \u2013 a maintenance-free solution for both indoor and outdoor use. Flexible mounting options and a robust design with protection class IP 56 make this an optimal choice for all applications that require reliable dehumidification. For an extra dimension of convenience, a condensate pump is an option that streamlines the handling of condensate water.<\/p>\n<ul>\n<li>Our Thermoelectric Dehumidifier ensures a dry environment for your valuable components, extending their life and reliability.<\/li>\n<li>condensate pump optional<\/li>\n<\/ul>","protected":false},"featured_media":51453,"template":"","meta":{"_acf_changed":false},"product_brand":[749],"product_cat":[334],"product_tag":[963,966,1000],"class_list":{"0":"post-41731","1":"product","2":"type-product","3":"status-publish","4":"has-post-thumbnail","6":"product_brand-seifert","7":"product_cat-ventilation-dranering","8":"product_tag-klimatisering-av-apparatskap","9":"product_tag-kondensskydd","10":"product_tag-tryckutjamning","12":"first","13":"instock","14":"shipping-taxable","15":"product-type-simple"},"acf":[],"yoast_head":"<!-- This site is optimized with the Yoast SEO Premium plugin v27.4 (Yoast SEO v27.4) - https:\/\/yoast.com\/product\/yoast-seo-premium-wordpress\/ -->\n<title>Termoelektrisk avfuktare - C-Pro<\/title>\n<meta name=\"description\" content=\"H\u00e5ll dina kapslingar torra med en Termoelektrisk avfuktare \u2013 perfekt f\u00f6r b\u00e5de inomhus- och utomhusbruk, underh\u00e5llsfri och s\u00e4krad med IP 56.\" \/>\n<meta name=\"robots\" content=\"index, follow, max-snippet:-1, max-image-preview:large, max-video-preview:-1\" \/>\n<link rel=\"canonical\" href=\"https:\/\/c-profil.se\/english\/product\/thermoelectric-dehumidifier\/\" \/>\n<meta property=\"og:locale\" content=\"en_US\" \/>\n<meta property=\"og:type\" content=\"article\" \/>\n<meta property=\"og:title\" content=\"Termoelektrisk avfuktare - C-Pro\" \/>\n<meta property=\"og:description\" content=\"Skydda dina kapslingar och kontrollpaneler mot fukt med v\u00e5r Termoelektrisk avfuktare \u2013 en underh\u00e5llsfri l\u00f6sning f\u00f6r b\u00e5de inomhus- och utomhusbruk. Flexibla monteringsalternativ och en robust design med skyddsklass IP 56 g\u00f6r detta till ett optimalt val f\u00f6r alla applikationer som kr\u00e4ver tillf\u00f6rlitlig avfuktning. F\u00f6r en extra dimension av bekv\u00e4mlighet \u00e4r en kondensatpump ett tillval som effektiviserar hanteringen av kondensvatten.   V\u00e5r Termoelektrisk avfuktare garanterar en torr milj\u00f6 f\u00f6r dina v\u00e4rdefulla komponenter, vilket f\u00f6rl\u00e4nger deras livsl\u00e4ngd och p\u00e5litlighet.  Kondenspump finns som tillval\" \/>\n<meta property=\"og:url\" content=\"https:\/\/c-profil.se\/english\/product\/thermoelectric-dehumidifier\/\" \/>\n<meta property=\"og:site_name\" content=\"C-Pro\" \/>\n<meta property=\"article:publisher\" content=\"https:\/\/www.facebook.com\/people\/C-Pro\/61561767306874\/\" \/>\n<meta property=\"article:modified_time\" content=\"2026-03-19T07:45:10+00:00\" \/>\n<meta property=\"og:image\" content=\"https:\/\/c-profil.se\/wp-content\/uploads\/2024\/02\/Termoelektrisk-avfuktare.jpg\" \/>\n\t<meta property=\"og:image:width\" content=\"1000\" \/>\n\t<meta property=\"og:image:height\" content=\"1000\" \/>\n\t<meta property=\"og:image:type\" content=\"image\/jpeg\" \/>\n<meta name=\"twitter:card\" content=\"summary_large_image\" \/>\n<meta name=\"twitter:label1\" content=\"Price\" \/>\n\t<meta name=\"twitter:data1\" content=\"\" \/>\n\t<meta name=\"twitter:label2\" content=\"Availability\" \/>\n\t<meta name=\"twitter:data2\" content=\"In stock\" \/>\n<script type=\"application\/ld+json\" class=\"yoast-schema-graph\">{\"@context\":\"https:\\\/\\\/schema.org\",\"@graph\":[{\"@type\":\"WebPage\",\"@id\":\"https:\\\/\\\/c-profil.se\\\/produkt\\\/termoelektrisk-avfuktare\\\/\",\"url\":\"https:\\\/\\\/c-profil.se\\\/produkt\\\/termoelektrisk-avfuktare\\\/\",\"name\":\"Termoelektrisk avfuktare - C-Pro\",\"isPartOf\":{\"@id\":\"https:\\\/\\\/c-profil.se\\\/#website\"},\"primaryImageOfPage\":{\"@id\":\"https:\\\/\\\/c-profil.se\\\/produkt\\\/termoelektrisk-avfuktare\\\/#primaryimage\"},\"image\":{\"@id\":\"https:\\\/\\\/c-profil.se\\\/produkt\\\/termoelektrisk-avfuktare\\\/#primaryimage\"},\"thumbnailUrl\":\"https:\\\/\\\/c-profil.se\\\/wp-content\\\/uploads\\\/2024\\\/02\\\/Termoelektrisk-avfuktare.jpg\",\"datePublished\":\"2024-02-08T12:08:00+00:00\",\"dateModified\":\"2026-03-19T07:45:10+00:00\",\"description\":\"H\u00e5ll dina kapslingar torra med en Termoelektrisk avfuktare \u2013 perfekt f\u00f6r b\u00e5de inomhus- och utomhusbruk, underh\u00e5llsfri och s\u00e4krad med IP 56.\",\"breadcrumb\":{\"@id\":\"https:\\\/\\\/c-profil.se\\\/produkt\\\/termoelektrisk-avfuktare\\\/#breadcrumb\"},\"inLanguage\":\"en\",\"potentialAction\":[{\"@type\":\"ReadAction\",\"target\":[\"https:\\\/\\\/c-profil.se\\\/produkt\\\/termoelektrisk-avfuktare\\\/\"]}]},{\"@type\":\"ImageObject\",\"inLanguage\":\"en\",\"@id\":\"https:\\\/\\\/c-profil.se\\\/produkt\\\/termoelektrisk-avfuktare\\\/#primaryimage\",\"url\":\"https:\\\/\\\/c-profil.se\\\/wp-content\\\/uploads\\\/2024\\\/02\\\/Termoelektrisk-avfuktare.jpg\",\"contentUrl\":\"https:\\\/\\\/c-profil.se\\\/wp-content\\\/uploads\\\/2024\\\/02\\\/Termoelektrisk-avfuktare.jpg\",\"width\":1000,\"height\":1000,\"caption\":\"Termoelektrisk avfuktare\"},{\"@type\":\"BreadcrumbList\",\"@id\":\"https:\\\/\\\/c-profil.se\\\/produkt\\\/termoelektrisk-avfuktare\\\/#breadcrumb\",\"itemListElement\":[{\"@type\":\"ListItem\",\"position\":1,\"name\":\"Hem\",\"item\":\"https:\\\/\\\/c-profil.se\\\/\"},{\"@type\":\"ListItem\",\"position\":2,\"name\":\"Produkter\",\"item\":\"https:\\\/\\\/c-profil.se\\\/produkter\\\/\"},{\"@type\":\"ListItem\",\"position\":3,\"name\":\"Ventilation &amp; Dr\u00e4nering\",\"item\":\"https:\\\/\\\/c-profil.se\\\/produkt-kategori\\\/ventilation-dranering\\\/\"},{\"@type\":\"ListItem\",\"position\":4,\"name\":\"Termoelektrisk avfuktare\"}]},{\"@type\":\"WebSite\",\"@id\":\"https:\\\/\\\/c-profil.se\\\/#website\",\"url\":\"https:\\\/\\\/c-profil.se\\\/\",\"name\":\"C-Pro\",\"description\":\"Produkter f\u00f6r El och Automation\",\"publisher\":{\"@id\":\"https:\\\/\\\/c-profil.se\\\/#organization\"},\"potentialAction\":[{\"@type\":\"SearchAction\",\"target\":{\"@type\":\"EntryPoint\",\"urlTemplate\":\"https:\\\/\\\/c-profil.se\\\/?s={search_term_string}\"},\"query-input\":{\"@type\":\"PropertyValueSpecification\",\"valueRequired\":true,\"valueName\":\"search_term_string\"}}],\"inLanguage\":\"en\"},{\"@type\":\"Organization\",\"@id\":\"https:\\\/\\\/c-profil.se\\\/#organization\",\"name\":\"C-Pro\",\"alternateName\":\"C-PRO\",\"url\":\"https:\\\/\\\/c-profil.se\\\/\",\"logo\":{\"@type\":\"ImageObject\",\"inLanguage\":\"en\",\"@id\":\"https:\\\/\\\/c-profil.se\\\/#\\\/schema\\\/logo\\\/image\\\/\",\"url\":\"https:\\\/\\\/c-profil.se\\\/wp-content\\\/uploads\\\/2022\\\/03\\\/c-pro-logga-liggande-500x500-1.png\",\"contentUrl\":\"https:\\\/\\\/c-profil.se\\\/wp-content\\\/uploads\\\/2022\\\/03\\\/c-pro-logga-liggande-500x500-1.png\",\"width\":500,\"height\":500,\"caption\":\"C-Pro\"},\"image\":{\"@id\":\"https:\\\/\\\/c-profil.se\\\/#\\\/schema\\\/logo\\\/image\\\/\"},\"sameAs\":[\"https:\\\/\\\/www.facebook.com\\\/people\\\/C-Pro\\\/61561767306874\\\/\",\"https:\\\/\\\/www.linkedin.com\\\/company\\\/c-pro-ab\",\"https:\\\/\\\/www.instagram.com\\\/cpro.ab\\\/\"],\"description\":\"C-PRO AB \u00e4r en helt\u00e4ckande leverant\u00f6r av material f\u00f6r applikationer inom el och automation. \u00c4nda sedan starten 1987 har vi f\u00f6rsett den svenska tillverkande industrin med elmaterial. Trots v\u00e5r storlek och ledande position har vi aldrig \u00f6vergett v\u00e5r grundfilosofi, att vara en personlig leverant\u00f6r. Vi p\u00e5 C-PRO \u00e4r l\u00e4tta att komma i kontakt med, \u00e4rliga och brinner f\u00f6r att l\u00f6sa v\u00e5ra kunders problem.\",\"email\":\"info@c-profil.se\",\"telephone\":\"031575785\",\"legalName\":\"C-Profil F\u00f6rl\u00e4ggningsmaterial AB\",\"foundingDate\":\"1987-01-01\"}]}<\/script>\n<meta property=\"product:brand\" content=\"klimatisering av apparatsk\u00e5p\" \/>\n<meta property=\"product:price:currency\" content=\"SEK\" \/>\n<meta property=\"og:availability\" content=\"instock\" \/>\n<meta property=\"product:availability\" content=\"instock\" \/>\n<meta property=\"product:retailer_item_id\" content=\"TG 3039\" \/>\n<meta property=\"product:condition\" content=\"new\" \/>\n<!-- \/ Yoast SEO Premium plugin. -->","yoast_head_json":{"title":"Thermoelectric dehumidifier - C-Pro","description":"Keep your cabinets and boxes dry with a Thermoelectric Dehumidifier - perfect for both indoor and outdoor use, maintenance-free and secured with IP 56.","robots":{"index":"index","follow":"follow","max-snippet":"max-snippet:-1","max-image-preview":"max-image-preview:large","max-video-preview":"max-video-preview:-1"},"canonical":"https:\/\/c-profil.se\/english\/product\/thermoelectric-dehumidifier\/","og_locale":"en_US","og_type":"article","og_title":"Termoelektrisk avfuktare - C-Pro","og_description":"Skydda dina kapslingar och kontrollpaneler mot fukt med v\u00e5r Termoelektrisk avfuktare \u2013 en underh\u00e5llsfri l\u00f6sning f\u00f6r b\u00e5de inomhus- och utomhusbruk. Flexibla monteringsalternativ och en robust design med skyddsklass IP 56 g\u00f6r detta till ett optimalt val f\u00f6r alla applikationer som kr\u00e4ver tillf\u00f6rlitlig avfuktning. F\u00f6r en extra dimension av bekv\u00e4mlighet \u00e4r en kondensatpump ett tillval som effektiviserar hanteringen av kondensvatten.   V\u00e5r Termoelektrisk avfuktare garanterar en torr milj\u00f6 f\u00f6r dina v\u00e4rdefulla komponenter, vilket f\u00f6rl\u00e4nger deras livsl\u00e4ngd och p\u00e5litlighet.  Kondenspump finns som tillval","og_url":"https:\/\/c-profil.se\/english\/product\/thermoelectric-dehumidifier\/","og_site_name":"C-Pro","article_publisher":"https:\/\/www.facebook.com\/people\/C-Pro\/61561767306874\/","article_modified_time":"2026-03-19T07:45:10+00:00","og_image":[{"width":1000,"height":1000,"url":"https:\/\/c-profil.se\/wp-content\/uploads\/2024\/02\/Termoelektrisk-avfuktare.jpg","type":"image\/jpeg"}],"twitter_card":"summary_large_image","twitter_misc":{"Price":"","Availability":"In stock"},"schema":{"@context":"https:\/\/schema.org","@graph":[{"@type":"WebPage","@id":"https:\/\/c-profil.se\/produkt\/termoelektrisk-avfuktare\/","url":"https:\/\/c-profil.se\/produkt\/termoelektrisk-avfuktare\/","name":"Thermoelectric dehumidifier - C-Pro","isPartOf":{"@id":"https:\/\/c-profil.se\/#website"},"primaryImageOfPage":{"@id":"https:\/\/c-profil.se\/produkt\/termoelektrisk-avfuktare\/#primaryimage"},"image":{"@id":"https:\/\/c-profil.se\/produkt\/termoelektrisk-avfuktare\/#primaryimage"},"thumbnailUrl":"https:\/\/c-profil.se\/wp-content\/uploads\/2024\/02\/Termoelektrisk-avfuktare.jpg","datePublished":"2024-02-08T12:08:00+00:00","dateModified":"2026-03-19T07:45:10+00:00","description":"Keep your cabinets and boxes dry with a Thermoelectric Dehumidifier - perfect for both indoor and outdoor use, maintenance-free and secured with IP 56.","breadcrumb":{"@id":"https:\/\/c-profil.se\/produkt\/termoelektrisk-avfuktare\/#breadcrumb"},"inLanguage":"en","potentialAction":[{"@type":"ReadAction","target":["https:\/\/c-profil.se\/produkt\/termoelektrisk-avfuktare\/"]}]},{"@type":"ImageObject","inLanguage":"en","@id":"https:\/\/c-profil.se\/produkt\/termoelektrisk-avfuktare\/#primaryimage","url":"https:\/\/c-profil.se\/wp-content\/uploads\/2024\/02\/Termoelektrisk-avfuktare.jpg","contentUrl":"https:\/\/c-profil.se\/wp-content\/uploads\/2024\/02\/Termoelektrisk-avfuktare.jpg","width":1000,"height":1000,"caption":"Termoelektrisk avfuktare"},{"@type":"BreadcrumbList","@id":"https:\/\/c-profil.se\/produkt\/termoelektrisk-avfuktare\/#breadcrumb","itemListElement":[{"@type":"ListItem","position":1,"name":"Hem","item":"https:\/\/c-profil.se\/"},{"@type":"ListItem","position":2,"name":"Produkter","item":"https:\/\/c-profil.se\/produkter\/"},{"@type":"ListItem","position":3,"name":"Ventilation &amp; Dr\u00e4nering","item":"https:\/\/c-profil.se\/produkt-kategori\/ventilation-dranering\/"},{"@type":"ListItem","position":4,"name":"Termoelektrisk avfuktare"}]},{"@type":"WebSite","@id":"https:\/\/c-profil.se\/#website","url":"https:\/\/c-profil.se\/","name":"C-Pro","description":"Products for Electricity and Automation","publisher":{"@id":"https:\/\/c-profil.se\/#organization"},"potentialAction":[{"@type":"SearchAction","target":{"@type":"EntryPoint","urlTemplate":"https:\/\/c-profil.se\/?s={search_term_string}"},"query-input":{"@type":"PropertyValueSpecification","valueRequired":true,"valueName":"search_term_string"}}],"inLanguage":"en"},{"@type":"Organization","@id":"https:\/\/c-profil.se\/#organization","name":"C-Pro","alternateName":"C-PRO","url":"https:\/\/c-profil.se\/","logo":{"@type":"ImageObject","inLanguage":"en","@id":"https:\/\/c-profil.se\/#\/schema\/logo\/image\/","url":"https:\/\/c-profil.se\/wp-content\/uploads\/2022\/03\/c-pro-logga-liggande-500x500-1.png","contentUrl":"https:\/\/c-profil.se\/wp-content\/uploads\/2022\/03\/c-pro-logga-liggande-500x500-1.png","width":500,"height":500,"caption":"C-Pro"},"image":{"@id":"https:\/\/c-profil.se\/#\/schema\/logo\/image\/"},"sameAs":["https:\/\/www.facebook.com\/people\/C-Pro\/61561767306874\/","https:\/\/www.linkedin.com\/company\/c-pro-ab","https:\/\/www.instagram.com\/cpro.ab\/"],"description":"C-PRO AB is a comprehensive supplier of materials for applications in electricity and automation. Ever since the start in 1987, we have supplied the Swedish manufacturing industry with electrical materials. Despite our size and leading position, we have never abandoned our basic philosophy, to be a personal supplier. We at C-PRO are easy to get in touch with, honest and passionate about solving our customers&#039; problems.","email":"info@c-profil.se","telephone":"031575785","legalName":"C-Profil F\u00f6rl\u00e4ggningsmaterial AB","foundingDate":"1987-01-01"}]},"product_brand":"klimatisering av apparatsk\u00e5p","product_price_currency":"SEK","og_availability":"instock","product_availability":"instock","product_retailer_item_id":"TG 3039","product_condition":"new"},"_links":{"self":[{"href":"https:\/\/c-profil.se\/english\/wp-json\/wp\/v2\/product\/41731","targetHints":{"allow":["GET"]}}],"collection":[{"href":"https:\/\/c-profil.se\/english\/wp-json\/wp\/v2\/product"}],"about":[{"href":"https:\/\/c-profil.se\/english\/wp-json\/wp\/v2\/types\/product"}],"version-history":[{"count":6,"href":"https:\/\/c-profil.se\/english\/wp-json\/wp\/v2\/product\/41731\/revisions"}],"predecessor-version":[{"id":71794,"href":"https:\/\/c-profil.se\/english\/wp-json\/wp\/v2\/product\/41731\/revisions\/71794"}],"wp:featuredmedia":[{"embeddable":true,"href":"https:\/\/c-profil.se\/english\/wp-json\/wp\/v2\/media\/51453"}],"wp:attachment":[{"href":"https:\/\/c-profil.se\/english\/wp-json\/wp\/v2\/media?parent=41731"}],"wp:term":[{"taxonomy":"product_brand","embeddable":true,"href":"https:\/\/c-profil.se\/english\/wp-json\/wp\/v2\/product_brand?post=41731"},{"taxonomy":"product_cat","embeddable":true,"href":"https:\/\/c-profil.se\/english\/wp-json\/wp\/v2\/product_cat?post=41731"},{"taxonomy":"product_tag","embeddable":true,"href":"https:\/\/c-profil.se\/english\/wp-json\/wp\/v2\/product_tag?post=41731"}],"curies":[{"name":"wp","href":"https:\/\/api.w.org\/{rel}","templated":true}]}}