{"id":41544,"date":"2024-02-01T11:39:00","date_gmt":"2024-02-01T10:39:00","guid":{"rendered":"https:\/\/c-profil.se\/?post_type=product&#038;p=41544"},"modified":"2026-03-19T15:50:44","modified_gmt":"2026-03-19T14:50:44","slug":"enclosure-mbi-bk-ok","status":"publish","type":"product","link":"https:\/\/c-profil.se\/english\/produkt\/kapsling-mbi-bk-ok\/","title":{"rendered":"Enclosure | MBI-BK-OK"},"content":{"rendered":"<p><strong>MBI-BK-OK BLACK is a junction box in black polycarbonate for industrial installations<\/strong>,<br \/>\ndeveloped for applications where discreet design is combined with high flexibility for customization.<br \/>\nThe enclosure has flat side walls that can be machined and is supplied with a black base.<br \/>\nand transparent lid.<\/p>","protected":false},"excerpt":{"rendered":"<p>The MBI-BK-OK BLACK enclosure is the perfect combination of discreet presence, modern design and excellent technical performance. The bases are designed with flat side walls. These can be mechanically processed according to the customer&#039;s wishes.<\/p>\n<ul>\n<li>The bottom of the box is supplied in black and the lids are transparent in this version.<\/li>\n<\/ul>\n<p>Its black design integrates seamlessly into industrial environments and enables a discreet, almost invisible installation in factory halls, control cabinets, camera systems or elevator installations. Thanks to its design in elegant black color and clean shapes, MBI-BLACK boxes have a modern appearance.<\/p>\n<p><strong>Meets high technical requirements<\/strong><\/p>\n<p>Enclosure \/ MBI-BK-OK reliably meets the high technical requirements of industrial installation technology. MBI BLACK enclosures are made of glass-fiber reinforced polycarbonate. The material is UV-resistant (UL 746C F1) and self-extinguishing (UL 94 V0). With a seamlessly foamed 2-component polyurethane gasket, all types achieve protection class IP66. Cover screws are made of plastic material and are therefore completely corrosion-free. The impact resistance corresponds to IK08, making MBI BLACK enclosures ideal for use in industrial and outdoor applications.<\/p>\n<ul>\n<li class=\"zn-inspecting-element zn-inspecting-element--relative\">UV-resistant<\/li>\n<li>Plastic screws for mounting are included in the delivery.<\/li>\n<li>MBI enclosures offer a variety of mounting points for direct fixation of components to the base.<\/li>\n<\/ul>\n<p><strong>Customize your box<\/strong><\/p>\n<ul>\n<li><a href=\"https:\/\/c-profil.se\/english\/product\/mounting-assembly\/\">Mounting &amp; Assembly<\/a><\/li>\n<li><a href=\"https:\/\/c-profil.se\/english\/product\/printing\/\">Printing<\/a><\/li>\n<li><a href=\"https:\/\/c-profil.se\/english\/product\/design\/\">Design<\/a><\/li>\n<li><a href=\"https:\/\/c-profil.se\/english\/product\/color-2\/\">Color<\/a><\/li>\n<li><a href=\"https:\/\/c-profil.se\/english\/product\/punching-2\/\">Punching<\/a><\/li>\n<\/ul>","protected":false},"featured_media":67710,"template":"","meta":{"_acf_changed":false},"product_brand":[743],"product_cat":[601],"product_tag":[938,990,982],"class_list":{"0":"post-41544","1":"product","2":"type-product","3":"status-publish","4":"has-post-thumbnail","6":"product_brand-multi-box","7":"product_cat-kapsling-mbi-black","8":"product_tag-kabelinforing","9":"product_tag-kapsling","10":"product_tag-panelmontage","12":"first","13":"instock","14":"shipping-taxable","15":"product-type-simple"},"acf":[],"yoast_head":"<!-- This site is optimized with the Yoast SEO Premium plugin v27.5 (Yoast SEO v27.5) - https:\/\/yoast.com\/product\/yoast-seo-premium-wordpress\/ -->\n<title>Kapsling MBI-BK-OK: Diskret design och h\u00f6g prestanda - C-Pro<\/title>\n<meta name=\"description\" content=\"Kapsling MBI-BK-OK BLACK \u00e4r den perfekta kombinationen av diskret n\u00e4rvaro, modern design och utm\u00e4rkt teknisk prestanda. Transparent lock!\" \/>\n<meta name=\"robots\" content=\"index, follow, max-snippet:-1, max-image-preview:large, max-video-preview:-1\" \/>\n<link rel=\"canonical\" href=\"https:\/\/c-profil.se\/english\/product\/enclosure-mbi-bk-ok\/\" \/>\n<meta property=\"og:locale\" content=\"en_US\" \/>\n<meta property=\"og:type\" content=\"article\" \/>\n<meta property=\"og:title\" content=\"Kapsling | MBI-BK-OK - C-Pro\" \/>\n<meta property=\"og:description\" content=\"Kapsling MBI-BK-OK BLACK \u00e4r den perfekta kombinationen av diskret n\u00e4rvaro, modern design och utm\u00e4rkt teknisk prestanda. Basen \u00e4r utformade med plana sidov\u00e4ggar. Dessa kan bearbetas mekaniskt enligt kundens \u00f6nskem\u00e5l.   Kapslingens botten levereras i svart f\u00e4rg och locken \u00e4r transparenta i denna version.  Dess svarta design integreras s\u00f6ml\u00f6st i industriella milj\u00f6er och m\u00f6jligg\u00f6r en diskret, n\u00e4stan osynlig installation i fabrikshallar, styrsk\u00e5p, kamerasystem eller hissinstallationer. Tack vare sin design i elegant svart f\u00e4rg och rena former har MBI-BLACK kapslingar ett modernt utseende.  Uppfyller h\u00f6ga tekniska krav  Kapsling \/ MBI-BK-OK uppfyller p\u00e5 ett tillf\u00f6rlitligt s\u00e4tt de h\u00f6ga tekniska kraven f\u00f6r industriell installationsteknik. MBI BLACK kapslingar \u00e4r tillverkade av glasfiberf\u00f6rst\u00e4rkt polykarbonat. Materialet \u00e4r UV-best\u00e4ndigt (UL 746C F1) och sj\u00e4lvsl\u00e4ckande (UL 94 V0). Med en s\u00f6ml\u00f6st skummad 2-komponent polyuretanpackning uppn\u00e5r alla typer skyddsklass IP66. T\u00e4ckskruvar \u00e4r gjorda av plastmaterial och d\u00e4rf\u00f6r \u00e4r de helt korrosionsfria. Slagh\u00e5llfastheten motsvarar IK08, vilket g\u00f6r MBI BLACK-kapslingarna idealiska f\u00f6r anv\u00e4ndning i industriella och utomhusapplikationer.   UV-best\u00e4ndig  Plastskruvar f\u00f6r montering ing\u00e5r i leveransen.  MBI-kapslingar erbjuder en m\u00e4ngd olika monteringspunkter f\u00f6r direkt fixering av komponenter i basen.  Anpassa din kapsling   Montering  Tryck  Design  F\u00e4rg  H\u00e5ltagning\" \/>\n<meta property=\"og:url\" content=\"https:\/\/c-profil.se\/english\/product\/enclosure-mbi-bk-ok\/\" \/>\n<meta property=\"og:site_name\" content=\"C-Pro\" \/>\n<meta property=\"article:publisher\" content=\"https:\/\/www.facebook.com\/people\/C-Pro\/61561767306874\/\" \/>\n<meta property=\"article:modified_time\" content=\"2026-03-19T14:50:44+00:00\" \/>\n<meta property=\"og:image\" content=\"https:\/\/c-profil.se\/wp-content\/uploads\/2024\/02\/Kopplingslada-MBI-BK-OK-1.jpg\" \/>\n\t<meta property=\"og:image:width\" content=\"1000\" \/>\n\t<meta property=\"og:image:height\" content=\"1000\" \/>\n\t<meta property=\"og:image:type\" content=\"image\/jpeg\" \/>\n<meta name=\"twitter:card\" content=\"summary_large_image\" \/>\n<meta name=\"twitter:label1\" content=\"Price\" \/>\n\t<meta name=\"twitter:data1\" content=\"\" \/>\n\t<meta name=\"twitter:label2\" content=\"Availability\" \/>\n\t<meta name=\"twitter:data2\" content=\"In stock\" \/>\n<script type=\"application\/ld+json\" class=\"yoast-schema-graph\">{\"@context\":\"https:\\\/\\\/schema.org\",\"@graph\":[{\"@type\":\"WebPage\",\"@id\":\"https:\\\/\\\/c-profil.se\\\/produkt\\\/kapsling-mbi-bk-ok\\\/\",\"url\":\"https:\\\/\\\/c-profil.se\\\/produkt\\\/kapsling-mbi-bk-ok\\\/\",\"name\":\"Kapsling MBI-BK-OK: Diskret design och h\u00f6g prestanda - C-Pro\",\"isPartOf\":{\"@id\":\"https:\\\/\\\/c-profil.se\\\/#website\"},\"primaryImageOfPage\":{\"@id\":\"https:\\\/\\\/c-profil.se\\\/produkt\\\/kapsling-mbi-bk-ok\\\/#primaryimage\"},\"image\":{\"@id\":\"https:\\\/\\\/c-profil.se\\\/produkt\\\/kapsling-mbi-bk-ok\\\/#primaryimage\"},\"thumbnailUrl\":\"https:\\\/\\\/c-profil.se\\\/wp-content\\\/uploads\\\/2024\\\/02\\\/Kopplingslada-MBI-BK-OK-1.jpg\",\"datePublished\":\"2024-02-01T10:39:00+00:00\",\"dateModified\":\"2026-03-19T14:50:44+00:00\",\"description\":\"Kapsling MBI-BK-OK BLACK \u00e4r den perfekta kombinationen av diskret n\u00e4rvaro, modern design och utm\u00e4rkt teknisk prestanda. Transparent lock!\",\"breadcrumb\":{\"@id\":\"https:\\\/\\\/c-profil.se\\\/produkt\\\/kapsling-mbi-bk-ok\\\/#breadcrumb\"},\"inLanguage\":\"en\",\"potentialAction\":[{\"@type\":\"ReadAction\",\"target\":[\"https:\\\/\\\/c-profil.se\\\/produkt\\\/kapsling-mbi-bk-ok\\\/\"]}]},{\"@type\":\"ImageObject\",\"inLanguage\":\"en\",\"@id\":\"https:\\\/\\\/c-profil.se\\\/produkt\\\/kapsling-mbi-bk-ok\\\/#primaryimage\",\"url\":\"https:\\\/\\\/c-profil.se\\\/wp-content\\\/uploads\\\/2024\\\/02\\\/Kopplingslada-MBI-BK-OK-1.jpg\",\"contentUrl\":\"https:\\\/\\\/c-profil.se\\\/wp-content\\\/uploads\\\/2024\\\/02\\\/Kopplingslada-MBI-BK-OK-1.jpg\",\"width\":1000,\"height\":1000,\"caption\":\"Kapsling MBI BK-OK\"},{\"@type\":\"BreadcrumbList\",\"@id\":\"https:\\\/\\\/c-profil.se\\\/produkt\\\/kapsling-mbi-bk-ok\\\/#breadcrumb\",\"itemListElement\":[{\"@type\":\"ListItem\",\"position\":1,\"name\":\"Hem\",\"item\":\"https:\\\/\\\/c-profil.se\\\/\"},{\"@type\":\"ListItem\",\"position\":2,\"name\":\"Produkter\",\"item\":\"https:\\\/\\\/c-profil.se\\\/produkter\\\/\"},{\"@type\":\"ListItem\",\"position\":3,\"name\":\"Kapslingar i plast\",\"item\":\"https:\\\/\\\/c-profil.se\\\/produkt-kategori\\\/kapslingar-i-plast\\\/\"},{\"@type\":\"ListItem\",\"position\":4,\"name\":\"Kapsling MBI Black\",\"item\":\"https:\\\/\\\/c-profil.se\\\/produkt-kategori\\\/kapslingar-i-plast\\\/kapsling-mbi-black\\\/\"},{\"@type\":\"ListItem\",\"position\":5,\"name\":\"Kapsling | MBI-BK-OK\"}]},{\"@type\":\"WebSite\",\"@id\":\"https:\\\/\\\/c-profil.se\\\/#website\",\"url\":\"https:\\\/\\\/c-profil.se\\\/\",\"name\":\"C-Pro\",\"description\":\"Produkter f\u00f6r El och Automation\",\"publisher\":{\"@id\":\"https:\\\/\\\/c-profil.se\\\/#organization\"},\"potentialAction\":[{\"@type\":\"SearchAction\",\"target\":{\"@type\":\"EntryPoint\",\"urlTemplate\":\"https:\\\/\\\/c-profil.se\\\/?s={search_term_string}\"},\"query-input\":{\"@type\":\"PropertyValueSpecification\",\"valueRequired\":true,\"valueName\":\"search_term_string\"}}],\"inLanguage\":\"en\"},{\"@type\":\"Organization\",\"@id\":\"https:\\\/\\\/c-profil.se\\\/#organization\",\"name\":\"C-Pro\",\"alternateName\":\"C-PRO\",\"url\":\"https:\\\/\\\/c-profil.se\\\/\",\"logo\":{\"@type\":\"ImageObject\",\"inLanguage\":\"en\",\"@id\":\"https:\\\/\\\/c-profil.se\\\/#\\\/schema\\\/logo\\\/image\\\/\",\"url\":\"https:\\\/\\\/c-profil.se\\\/wp-content\\\/uploads\\\/2022\\\/03\\\/c-pro-logga-liggande-500x500-1.png\",\"contentUrl\":\"https:\\\/\\\/c-profil.se\\\/wp-content\\\/uploads\\\/2022\\\/03\\\/c-pro-logga-liggande-500x500-1.png\",\"width\":500,\"height\":500,\"caption\":\"C-Pro\"},\"image\":{\"@id\":\"https:\\\/\\\/c-profil.se\\\/#\\\/schema\\\/logo\\\/image\\\/\"},\"sameAs\":[\"https:\\\/\\\/www.facebook.com\\\/people\\\/C-Pro\\\/61561767306874\\\/\",\"https:\\\/\\\/www.linkedin.com\\\/company\\\/c-pro-ab\",\"https:\\\/\\\/www.instagram.com\\\/cpro.ab\\\/\"],\"description\":\"C-PRO AB \u00e4r en helt\u00e4ckande leverant\u00f6r av material f\u00f6r applikationer inom el och automation. \u00c4nda sedan starten 1987 har vi f\u00f6rsett den svenska tillverkande industrin med elmaterial. Trots v\u00e5r storlek och ledande position har vi aldrig \u00f6vergett v\u00e5r grundfilosofi, att vara en personlig leverant\u00f6r. Vi p\u00e5 C-PRO \u00e4r l\u00e4tta att komma i kontakt med, \u00e4rliga och brinner f\u00f6r att l\u00f6sa v\u00e5ra kunders problem.\",\"email\":\"info@c-profil.se\",\"telephone\":\"031575785\",\"legalName\":\"C-Profil F\u00f6rl\u00e4ggningsmaterial AB\",\"foundingDate\":\"1987-01-01\"}]}<\/script>\n<meta property=\"product:brand\" content=\"kabelinf\u00f6ring\" \/>\n<meta property=\"product:price:currency\" content=\"SEK\" \/>\n<meta property=\"og:availability\" content=\"instock\" \/>\n<meta property=\"product:availability\" content=\"instock\" \/>\n<meta property=\"product:retailer_item_id\" content=\"MBI-BK-OK\" \/>\n<meta property=\"product:condition\" content=\"new\" \/>\n<!-- \/ Yoast SEO Premium plugin. -->","yoast_head_json":{"title":"Enclosure MBI-BK-OK: Discreet design and high performance - C-Pro","description":"The MBI-BK-OK BLACK enclosure is the perfect combination of discreet presence, modern design and excellent technical performance. Transparent lid!","robots":{"index":"index","follow":"follow","max-snippet":"max-snippet:-1","max-image-preview":"max-image-preview:large","max-video-preview":"max-video-preview:-1"},"canonical":"https:\/\/c-profil.se\/english\/product\/enclosure-mbi-bk-ok\/","og_locale":"en_US","og_type":"article","og_title":"Kapsling | MBI-BK-OK - C-Pro","og_description":"Kapsling MBI-BK-OK BLACK \u00e4r den perfekta kombinationen av diskret n\u00e4rvaro, modern design och utm\u00e4rkt teknisk prestanda. Basen \u00e4r utformade med plana sidov\u00e4ggar. Dessa kan bearbetas mekaniskt enligt kundens \u00f6nskem\u00e5l.   Kapslingens botten levereras i svart f\u00e4rg och locken \u00e4r transparenta i denna version.  Dess svarta design integreras s\u00f6ml\u00f6st i industriella milj\u00f6er och m\u00f6jligg\u00f6r en diskret, n\u00e4stan osynlig installation i fabrikshallar, styrsk\u00e5p, kamerasystem eller hissinstallationer. Tack vare sin design i elegant svart f\u00e4rg och rena former har MBI-BLACK kapslingar ett modernt utseende.  Uppfyller h\u00f6ga tekniska krav  Kapsling \/ MBI-BK-OK uppfyller p\u00e5 ett tillf\u00f6rlitligt s\u00e4tt de h\u00f6ga tekniska kraven f\u00f6r industriell installationsteknik. MBI BLACK kapslingar \u00e4r tillverkade av glasfiberf\u00f6rst\u00e4rkt polykarbonat. Materialet \u00e4r UV-best\u00e4ndigt (UL 746C F1) och sj\u00e4lvsl\u00e4ckande (UL 94 V0). Med en s\u00f6ml\u00f6st skummad 2-komponent polyuretanpackning uppn\u00e5r alla typer skyddsklass IP66. T\u00e4ckskruvar \u00e4r gjorda av plastmaterial och d\u00e4rf\u00f6r \u00e4r de helt korrosionsfria. Slagh\u00e5llfastheten motsvarar IK08, vilket g\u00f6r MBI BLACK-kapslingarna idealiska f\u00f6r anv\u00e4ndning i industriella och utomhusapplikationer.   UV-best\u00e4ndig  Plastskruvar f\u00f6r montering ing\u00e5r i leveransen.  MBI-kapslingar erbjuder en m\u00e4ngd olika monteringspunkter f\u00f6r direkt fixering av komponenter i basen.  Anpassa din kapsling   Montering  Tryck  Design  F\u00e4rg  H\u00e5ltagning","og_url":"https:\/\/c-profil.se\/english\/product\/enclosure-mbi-bk-ok\/","og_site_name":"C-Pro","article_publisher":"https:\/\/www.facebook.com\/people\/C-Pro\/61561767306874\/","article_modified_time":"2026-03-19T14:50:44+00:00","og_image":[{"width":1000,"height":1000,"url":"https:\/\/c-profil.se\/wp-content\/uploads\/2024\/02\/Kopplingslada-MBI-BK-OK-1.jpg","type":"image\/jpeg"}],"twitter_card":"summary_large_image","twitter_misc":{"Price":"","Availability":"In stock"},"schema":{"@context":"https:\/\/schema.org","@graph":[{"@type":"WebPage","@id":"https:\/\/c-profil.se\/produkt\/kapsling-mbi-bk-ok\/","url":"https:\/\/c-profil.se\/produkt\/kapsling-mbi-bk-ok\/","name":"Enclosure MBI-BK-OK: Discreet design and high performance - C-Pro","isPartOf":{"@id":"https:\/\/c-profil.se\/#website"},"primaryImageOfPage":{"@id":"https:\/\/c-profil.se\/produkt\/kapsling-mbi-bk-ok\/#primaryimage"},"image":{"@id":"https:\/\/c-profil.se\/produkt\/kapsling-mbi-bk-ok\/#primaryimage"},"thumbnailUrl":"https:\/\/c-profil.se\/wp-content\/uploads\/2024\/02\/Kopplingslada-MBI-BK-OK-1.jpg","datePublished":"2024-02-01T10:39:00+00:00","dateModified":"2026-03-19T14:50:44+00:00","description":"The MBI-BK-OK BLACK enclosure is the perfect combination of discreet presence, modern design and excellent technical performance. Transparent lid!","breadcrumb":{"@id":"https:\/\/c-profil.se\/produkt\/kapsling-mbi-bk-ok\/#breadcrumb"},"inLanguage":"en","potentialAction":[{"@type":"ReadAction","target":["https:\/\/c-profil.se\/produkt\/kapsling-mbi-bk-ok\/"]}]},{"@type":"ImageObject","inLanguage":"en","@id":"https:\/\/c-profil.se\/produkt\/kapsling-mbi-bk-ok\/#primaryimage","url":"https:\/\/c-profil.se\/wp-content\/uploads\/2024\/02\/Kopplingslada-MBI-BK-OK-1.jpg","contentUrl":"https:\/\/c-profil.se\/wp-content\/uploads\/2024\/02\/Kopplingslada-MBI-BK-OK-1.jpg","width":1000,"height":1000,"caption":"Kapsling MBI BK-OK"},{"@type":"BreadcrumbList","@id":"https:\/\/c-profil.se\/produkt\/kapsling-mbi-bk-ok\/#breadcrumb","itemListElement":[{"@type":"ListItem","position":1,"name":"Hem","item":"https:\/\/c-profil.se\/"},{"@type":"ListItem","position":2,"name":"Produkter","item":"https:\/\/c-profil.se\/produkter\/"},{"@type":"ListItem","position":3,"name":"Kapslingar i plast","item":"https:\/\/c-profil.se\/produkt-kategori\/kapslingar-i-plast\/"},{"@type":"ListItem","position":4,"name":"Kapsling MBI Black","item":"https:\/\/c-profil.se\/produkt-kategori\/kapslingar-i-plast\/kapsling-mbi-black\/"},{"@type":"ListItem","position":5,"name":"Kapsling | MBI-BK-OK"}]},{"@type":"WebSite","@id":"https:\/\/c-profil.se\/#website","url":"https:\/\/c-profil.se\/","name":"C-Pro","description":"Products for Electricity and Automation","publisher":{"@id":"https:\/\/c-profil.se\/#organization"},"potentialAction":[{"@type":"SearchAction","target":{"@type":"EntryPoint","urlTemplate":"https:\/\/c-profil.se\/?s={search_term_string}"},"query-input":{"@type":"PropertyValueSpecification","valueRequired":true,"valueName":"search_term_string"}}],"inLanguage":"en"},{"@type":"Organization","@id":"https:\/\/c-profil.se\/#organization","name":"C-Pro","alternateName":"C-PRO","url":"https:\/\/c-profil.se\/","logo":{"@type":"ImageObject","inLanguage":"en","@id":"https:\/\/c-profil.se\/#\/schema\/logo\/image\/","url":"https:\/\/c-profil.se\/wp-content\/uploads\/2022\/03\/c-pro-logga-liggande-500x500-1.png","contentUrl":"https:\/\/c-profil.se\/wp-content\/uploads\/2022\/03\/c-pro-logga-liggande-500x500-1.png","width":500,"height":500,"caption":"C-Pro"},"image":{"@id":"https:\/\/c-profil.se\/#\/schema\/logo\/image\/"},"sameAs":["https:\/\/www.facebook.com\/people\/C-Pro\/61561767306874\/","https:\/\/www.linkedin.com\/company\/c-pro-ab","https:\/\/www.instagram.com\/cpro.ab\/"],"description":"C-PRO AB is a comprehensive supplier of materials for applications in electricity and automation. Ever since the start in 1987, we have supplied the Swedish manufacturing industry with electrical materials. Despite our size and leading position, we have never abandoned our basic philosophy, to be a personal supplier. We at C-PRO are easy to get in touch with, honest and passionate about solving our customers&#039; problems.","email":"info@c-profil.se","telephone":"031575785","legalName":"C-Profil F\u00f6rl\u00e4ggningsmaterial AB","foundingDate":"1987-01-01"}]},"product_brand":"kabelinf\u00f6ring","product_price_currency":"SEK","og_availability":"instock","product_availability":"instock","product_retailer_item_id":"MBI-BK-OK","product_condition":"new"},"_links":{"self":[{"href":"https:\/\/c-profil.se\/english\/wp-json\/wp\/v2\/product\/41544","targetHints":{"allow":["GET"]}}],"collection":[{"href":"https:\/\/c-profil.se\/english\/wp-json\/wp\/v2\/product"}],"about":[{"href":"https:\/\/c-profil.se\/english\/wp-json\/wp\/v2\/types\/product"}],"version-history":[{"count":13,"href":"https:\/\/c-profil.se\/english\/wp-json\/wp\/v2\/product\/41544\/revisions"}],"predecessor-version":[{"id":74213,"href":"https:\/\/c-profil.se\/english\/wp-json\/wp\/v2\/product\/41544\/revisions\/74213"}],"wp:featuredmedia":[{"embeddable":true,"href":"https:\/\/c-profil.se\/english\/wp-json\/wp\/v2\/media\/67710"}],"wp:attachment":[{"href":"https:\/\/c-profil.se\/english\/wp-json\/wp\/v2\/media?parent=41544"}],"wp:term":[{"taxonomy":"product_brand","embeddable":true,"href":"https:\/\/c-profil.se\/english\/wp-json\/wp\/v2\/product_brand?post=41544"},{"taxonomy":"product_cat","embeddable":true,"href":"https:\/\/c-profil.se\/english\/wp-json\/wp\/v2\/product_cat?post=41544"},{"taxonomy":"product_tag","embeddable":true,"href":"https:\/\/c-profil.se\/english\/wp-json\/wp\/v2\/product_tag?post=41544"}],"curies":[{"name":"wp","href":"https:\/\/api.w.org\/{rel}","templated":true}]}}