{"id":41220,"date":"2023-12-07T10:56:00","date_gmt":"2023-12-07T09:56:00","guid":{"rendered":"https:\/\/c-profil.se\/?post_type=product&#038;p=41220"},"modified":"2026-03-19T15:09:02","modified_gmt":"2026-03-19T14:09:02","slug":"cable-entry-frame-for-the-food-industry-kel-er-bl","status":"publish","type":"product","link":"https:\/\/c-profil.se\/english\/produkt\/kabelgenomforingsram-for-livsmedelsindustrin-kel-er-bl\/","title":{"rendered":"Cable entry frame | KEL-ER-BL"},"content":{"rendered":"<p><strong>KEL-ER-BL is a divisible cable entry frame in signal blue for industrial installations<\/strong>, developed for cables with or without contact in, for example, the food and pharmaceutical industries.<br \/>\nThe cable entry frame enables high cable density, strain relief according to EN 62444 and secure sealing with protection class IP65.<\/p>","protected":false},"excerpt":{"rendered":"<p class=\"ai-optimize-52\">Cable entry frame \/ KEL-ER-BL in signal color blue is primarily used in food packaging and processing machines where there is no direct contact with food. Products in this signal color are also popular in the pharmaceutical sector.<\/p>\n<p class=\"ai-optimize-53\"><span class=\"zn-inspecting-element zn-inspecting-element--relative\">KEL-ER-BL is a split cable entry system for cables with and without connectors. Depending on the size, cables with a diameter of 1 to 16 mm (\u00a0<\/span><a href=\"https:\/\/www.icotek.com\/en\/products\/cable-grommets\/kt-bl\">inserts KT-BL 1 to KT-BL 15<\/a> ) or 16 to 35 mm ( <a href=\"https:\/\/www.icotek.com\/en\/products\/cable-grommets\/kt-bl\">inserts KT-BL 16 to 34<\/a> ) are pulled, sealed to IP65 and strain relief according to EN 62444. The cable inserts are placed in compartments and are securely attached to the frame during assembly.<\/p>\n<p class=\"ai-optimize-55\">The KEL-ER-BL frames match the cut-out dimensions of 10-, 16- and 24-pin standard industrial connectors exactly. Depending on the cables to be routed, a cut-out height of 36 mm or 46 mm can be selected. The KEL-ER-BL-B frame matches the cut-out dimensions of 46 \u00d7 46 mm for measuring instruments.<\/p>\n<p class=\"ai-optimize-56\">The single-row cable entry KEL-ER-BL-E is characterised by its space-saving design and is therefore ideal for confined spaces and cables with flat connectors (e.g. Sub-D).<\/p>\n<p class=\"ai-optimize-57\">Thanks to the injected seal and the use of simple inserts, the KEL-ER-BL series achieves protection class IP65.<\/p>\n<ul>\n<li class=\"ai-optimize-57\">If the surface is coarsely textured or slightly uneven, we recommend installing the blue extra flat rubber gasket included in the delivery.<\/li>\n<\/ul>\n<p class=\"ai-optimize-35\"><strong>Advantages:<\/strong><\/p>\n<ul>\n<li class=\"ai-optimize-36\">Warranty on pre-terminated cables remains<\/li>\n<li class=\"ai-optimize-37\">Retrofits, repairs and maintenance can be done much more easily and quickly<\/li>\n<li class=\"ai-optimize-38\">High cable density, wide variety of grommets<\/li>\n<li class=\"ai-optimize-39\">Strain relief according to EN 62444<\/li>\n<li class=\"ai-optimize-40\">High stability, vibration resistant<\/li>\n<li class=\"ai-optimize-41\">Space-saving shape<\/li>\n<\/ul>","protected":false},"featured_media":51130,"template":"","meta":{"_acf_changed":false},"product_brand":[740],"product_cat":[305],"product_tag":[953,992,938,950,1005,939],"class_list":{"0":"post-41220","1":"product","2":"type-product","3":"status-publish","4":"has-post-thumbnail","6":"product_brand-icotek","7":"product_cat-kabelgenomforingssystem-for-kablar-med-kontakt","8":"product_tag-eftermontering","9":"product_tag-kabelgenomforing","10":"product_tag-kabelinforing","11":"product_tag-livsmedelsindustri","12":"product_tag-platbearbetning","13":"product_tag-tatning","15":"first","16":"instock","17":"shipping-taxable","18":"product-type-simple"},"acf":[],"yoast_head":"<!-- This site is optimized with the Yoast SEO Premium plugin v27.5 (Yoast SEO v27.5) - https:\/\/yoast.com\/product\/yoast-seo-premium-wordpress\/ -->\n<title>Kabelgenomf\u00f6ringsram | KEL-ER-BL - C-Pro<\/title>\n<meta name=\"description\" content=\"Kabelgenomf\u00f6ringsram \/ KEL-ER-BL i signalf\u00e4rgen bl\u00e5 anv\u00e4nds inom omr\u00e5den f\u00f6r livsmedelsindustri t.ex. livsmedelsf\u00f6rpackningar och bearbetningsmaskiner.\" \/>\n<meta name=\"robots\" content=\"index, follow, max-snippet:-1, max-image-preview:large, max-video-preview:-1\" \/>\n<link rel=\"canonical\" href=\"https:\/\/c-profil.se\/english\/product\/cable-entry-frame-for-the-food-industry-kel-er-bl\/\" \/>\n<meta property=\"og:locale\" content=\"en_US\" \/>\n<meta property=\"og:type\" content=\"article\" \/>\n<meta property=\"og:title\" content=\"Kabelgenomf\u00f6ringsram | KEL-ER-BL - C-Pro\" \/>\n<meta property=\"og:description\" content=\"Kabelgenomf\u00f6ringsram \/ KEL-ER-BL i signalf\u00e4rgen bl\u00e5 anv\u00e4nds f\u00f6retr\u00e4desvis inom livsmedelsf\u00f6rpackningar och bearbetningsmaskiner d\u00e4r det inte finns n\u00e5gon direkt kontakt med livsmedel. Produkter i denna signalf\u00e4rg \u00e4r ocks\u00e5 popul\u00e4ra inom l\u00e4kemedelssektorn. KEL-ER-BL \u00e4r ett delat kabelgenomf\u00f6ringssystem f\u00f6r kablar med och utan kontakter. Beroende p\u00e5 storlek kan kablar med en diameter p\u00e5 1 till 16 mm (\u00a0insatser KT-BL 1 till KT-BL 15 ) eller 16 till 35 mm ( insatser KT-BL 16 till 34 ) dras, t\u00e4tas med IP65 och avlastas enligt EN 62444. Kabelinsatserna placeras i fack och \u00e4r s\u00e4kert f\u00e4sta vid ramen under montering. KEL-ER-BL-ramarna matchar exakt h\u00e5ltagningsm\u00e5tten f\u00f6r 10-, 16- och 24-poliga standardkontakter f\u00f6r industrin. Beroende p\u00e5 vilka kablar som ska dras kan en h\u00e5ltagningsh\u00f6jd v\u00e4ljas med 36 mm eller 46 mm. KEL-ER-BL-B-ramen matchar h\u00e5ltagningsm\u00e5tten f\u00f6r m\u00e4tinstrument p\u00e5 46 \u00d7 46 mm. Den enradiga kabelgenomf\u00f6ringen KEL-ER-BL-E k\u00e4nnetecknas av sin platsbesparande design och \u00e4r d\u00e4rf\u00f6r idealisk f\u00f6r tr\u00e5nga utrymmen och kablar med platta kontakter (t.ex. Sub-D). Tack vare den injicerade t\u00e4tningen och anv\u00e4ndningen av enkla insatser uppn\u00e5r KEL-ER-BL-serien skyddsklass IP65.    Om ytan \u00e4r grovt strukturerad eller n\u00e5got oj\u00e4mn rekommenderar vi att man installerar den bl\u00e5 extra plana gummipackningen som medf\u00f6ljer leveransen.  F\u00f6rdelar:    Garanti p\u00e5 f\u00f6rkontakterade kablar kvarst\u00e5r  Eftermontering, reparationer och underh\u00e5ll kan g\u00f6ras mycket enklare och snabbare  H\u00f6g kabelt\u00e4thet, brett utbud av genomf\u00f6ringar  Dragavlastning enligt EN 62444  H\u00f6g stabilitet, vibrationsbest\u00e4ndig  Utrymmesbesparande form\" \/>\n<meta property=\"og:url\" content=\"https:\/\/c-profil.se\/english\/product\/cable-entry-frame-for-the-food-industry-kel-er-bl\/\" \/>\n<meta property=\"og:site_name\" content=\"C-Pro\" \/>\n<meta property=\"article:publisher\" content=\"https:\/\/www.facebook.com\/people\/C-Pro\/61561767306874\/\" \/>\n<meta property=\"article:modified_time\" content=\"2026-03-19T14:09:02+00:00\" \/>\n<meta property=\"og:image\" content=\"https:\/\/c-profil.se\/wp-content\/uploads\/2023\/12\/Kabelgenomforingsram-KEL-ER-BL.jpg\" \/>\n\t<meta property=\"og:image:width\" content=\"1000\" \/>\n\t<meta property=\"og:image:height\" content=\"1000\" \/>\n\t<meta property=\"og:image:type\" content=\"image\/jpeg\" \/>\n<meta name=\"twitter:card\" content=\"summary_large_image\" \/>\n<meta name=\"twitter:label1\" content=\"Price\" \/>\n\t<meta name=\"twitter:data1\" content=\"\" \/>\n\t<meta name=\"twitter:label2\" content=\"Availability\" \/>\n\t<meta name=\"twitter:data2\" content=\"In stock\" \/>\n<script type=\"application\/ld+json\" class=\"yoast-schema-graph\">{\"@context\":\"https:\\\/\\\/schema.org\",\"@graph\":[{\"@type\":\"WebPage\",\"@id\":\"https:\\\/\\\/c-profil.se\\\/produkt\\\/kabelgenomforingsram-for-livsmedelsindustrin-kel-er-bl\\\/\",\"url\":\"https:\\\/\\\/c-profil.se\\\/produkt\\\/kabelgenomforingsram-for-livsmedelsindustrin-kel-er-bl\\\/\",\"name\":\"Kabelgenomf\u00f6ringsram | KEL-ER-BL - C-Pro\",\"isPartOf\":{\"@id\":\"https:\\\/\\\/c-profil.se\\\/#website\"},\"primaryImageOfPage\":{\"@id\":\"https:\\\/\\\/c-profil.se\\\/produkt\\\/kabelgenomforingsram-for-livsmedelsindustrin-kel-er-bl\\\/#primaryimage\"},\"image\":{\"@id\":\"https:\\\/\\\/c-profil.se\\\/produkt\\\/kabelgenomforingsram-for-livsmedelsindustrin-kel-er-bl\\\/#primaryimage\"},\"thumbnailUrl\":\"https:\\\/\\\/c-profil.se\\\/wp-content\\\/uploads\\\/2023\\\/12\\\/Kabelgenomforingsram-KEL-ER-BL.jpg\",\"datePublished\":\"2023-12-07T09:56:00+00:00\",\"dateModified\":\"2026-03-19T14:09:02+00:00\",\"description\":\"Kabelgenomf\u00f6ringsram \\\/ KEL-ER-BL i signalf\u00e4rgen bl\u00e5 anv\u00e4nds inom omr\u00e5den f\u00f6r livsmedelsindustri t.ex. livsmedelsf\u00f6rpackningar och bearbetningsmaskiner.\",\"breadcrumb\":{\"@id\":\"https:\\\/\\\/c-profil.se\\\/produkt\\\/kabelgenomforingsram-for-livsmedelsindustrin-kel-er-bl\\\/#breadcrumb\"},\"inLanguage\":\"en\",\"potentialAction\":[{\"@type\":\"ReadAction\",\"target\":[\"https:\\\/\\\/c-profil.se\\\/produkt\\\/kabelgenomforingsram-for-livsmedelsindustrin-kel-er-bl\\\/\"]}]},{\"@type\":\"ImageObject\",\"inLanguage\":\"en\",\"@id\":\"https:\\\/\\\/c-profil.se\\\/produkt\\\/kabelgenomforingsram-for-livsmedelsindustrin-kel-er-bl\\\/#primaryimage\",\"url\":\"https:\\\/\\\/c-profil.se\\\/wp-content\\\/uploads\\\/2023\\\/12\\\/Kabelgenomforingsram-KEL-ER-BL.jpg\",\"contentUrl\":\"https:\\\/\\\/c-profil.se\\\/wp-content\\\/uploads\\\/2023\\\/12\\\/Kabelgenomforingsram-KEL-ER-BL.jpg\",\"width\":1000,\"height\":1000,\"caption\":\"Kabelgenomf\u00f6ringsram KEL-ER-BL\"},{\"@type\":\"BreadcrumbList\",\"@id\":\"https:\\\/\\\/c-profil.se\\\/produkt\\\/kabelgenomforingsram-for-livsmedelsindustrin-kel-er-bl\\\/#breadcrumb\",\"itemListElement\":[{\"@type\":\"ListItem\",\"position\":1,\"name\":\"Hem\",\"item\":\"https:\\\/\\\/c-profil.se\\\/\"},{\"@type\":\"ListItem\",\"position\":2,\"name\":\"Produkter\",\"item\":\"https:\\\/\\\/c-profil.se\\\/produkter\\\/\"},{\"@type\":\"ListItem\",\"position\":3,\"name\":\"Kabelgenomf\u00f6ringssystem f\u00f6r kablar med kontakt\",\"item\":\"https:\\\/\\\/c-profil.se\\\/produkt-kategori\\\/kabelgenomforingssystem-for-kablar-med-kontakt\\\/\"},{\"@type\":\"ListItem\",\"position\":4,\"name\":\"Kabelgenomf\u00f6ringsram | KEL-ER-BL\"}]},{\"@type\":\"WebSite\",\"@id\":\"https:\\\/\\\/c-profil.se\\\/#website\",\"url\":\"https:\\\/\\\/c-profil.se\\\/\",\"name\":\"C-Pro\",\"description\":\"Produkter f\u00f6r El och Automation\",\"publisher\":{\"@id\":\"https:\\\/\\\/c-profil.se\\\/#organization\"},\"potentialAction\":[{\"@type\":\"SearchAction\",\"target\":{\"@type\":\"EntryPoint\",\"urlTemplate\":\"https:\\\/\\\/c-profil.se\\\/?s={search_term_string}\"},\"query-input\":{\"@type\":\"PropertyValueSpecification\",\"valueRequired\":true,\"valueName\":\"search_term_string\"}}],\"inLanguage\":\"en\"},{\"@type\":\"Organization\",\"@id\":\"https:\\\/\\\/c-profil.se\\\/#organization\",\"name\":\"C-Pro\",\"alternateName\":\"C-PRO\",\"url\":\"https:\\\/\\\/c-profil.se\\\/\",\"logo\":{\"@type\":\"ImageObject\",\"inLanguage\":\"en\",\"@id\":\"https:\\\/\\\/c-profil.se\\\/#\\\/schema\\\/logo\\\/image\\\/\",\"url\":\"https:\\\/\\\/c-profil.se\\\/wp-content\\\/uploads\\\/2022\\\/03\\\/c-pro-logga-liggande-500x500-1.png\",\"contentUrl\":\"https:\\\/\\\/c-profil.se\\\/wp-content\\\/uploads\\\/2022\\\/03\\\/c-pro-logga-liggande-500x500-1.png\",\"width\":500,\"height\":500,\"caption\":\"C-Pro\"},\"image\":{\"@id\":\"https:\\\/\\\/c-profil.se\\\/#\\\/schema\\\/logo\\\/image\\\/\"},\"sameAs\":[\"https:\\\/\\\/www.facebook.com\\\/people\\\/C-Pro\\\/61561767306874\\\/\",\"https:\\\/\\\/www.linkedin.com\\\/company\\\/c-pro-ab\",\"https:\\\/\\\/www.instagram.com\\\/cpro.ab\\\/\"],\"description\":\"C-PRO AB \u00e4r en helt\u00e4ckande leverant\u00f6r av material f\u00f6r applikationer inom el och automation. \u00c4nda sedan starten 1987 har vi f\u00f6rsett den svenska tillverkande industrin med elmaterial. Trots v\u00e5r storlek och ledande position har vi aldrig \u00f6vergett v\u00e5r grundfilosofi, att vara en personlig leverant\u00f6r. Vi p\u00e5 C-PRO \u00e4r l\u00e4tta att komma i kontakt med, \u00e4rliga och brinner f\u00f6r att l\u00f6sa v\u00e5ra kunders problem.\",\"email\":\"info@c-profil.se\",\"telephone\":\"031575785\",\"legalName\":\"C-Profil F\u00f6rl\u00e4ggningsmaterial AB\",\"foundingDate\":\"1987-01-01\"}]}<\/script>\n<meta property=\"product:brand\" content=\"eftermontering\" \/>\n<meta property=\"product:price:currency\" content=\"SEK\" \/>\n<meta property=\"og:availability\" content=\"instock\" \/>\n<meta property=\"product:availability\" content=\"instock\" \/>\n<meta property=\"product:retailer_item_id\" content=\"KEL-ER-BL\" \/>\n<meta property=\"product:condition\" content=\"new\" \/>\n<!-- \/ Yoast SEO Premium plugin. -->","yoast_head_json":{"title":"Cable entry frame | KEL-ER-BL - C-Pro","description":"Cable entry frame \/ KEL-ER-BL in signal color blue is used in areas for the food industry, such as food packaging and processing machines.","robots":{"index":"index","follow":"follow","max-snippet":"max-snippet:-1","max-image-preview":"max-image-preview:large","max-video-preview":"max-video-preview:-1"},"canonical":"https:\/\/c-profil.se\/english\/product\/cable-entry-frame-for-the-food-industry-kel-er-bl\/","og_locale":"en_US","og_type":"article","og_title":"Kabelgenomf\u00f6ringsram | KEL-ER-BL - C-Pro","og_description":"Kabelgenomf\u00f6ringsram \/ KEL-ER-BL i signalf\u00e4rgen bl\u00e5 anv\u00e4nds f\u00f6retr\u00e4desvis inom livsmedelsf\u00f6rpackningar och bearbetningsmaskiner d\u00e4r det inte finns n\u00e5gon direkt kontakt med livsmedel. Produkter i denna signalf\u00e4rg \u00e4r ocks\u00e5 popul\u00e4ra inom l\u00e4kemedelssektorn. KEL-ER-BL \u00e4r ett delat kabelgenomf\u00f6ringssystem f\u00f6r kablar med och utan kontakter. Beroende p\u00e5 storlek kan kablar med en diameter p\u00e5 1 till 16 mm (\u00a0insatser KT-BL 1 till KT-BL 15 ) eller 16 till 35 mm ( insatser KT-BL 16 till 34 ) dras, t\u00e4tas med IP65 och avlastas enligt EN 62444. Kabelinsatserna placeras i fack och \u00e4r s\u00e4kert f\u00e4sta vid ramen under montering. KEL-ER-BL-ramarna matchar exakt h\u00e5ltagningsm\u00e5tten f\u00f6r 10-, 16- och 24-poliga standardkontakter f\u00f6r industrin. Beroende p\u00e5 vilka kablar som ska dras kan en h\u00e5ltagningsh\u00f6jd v\u00e4ljas med 36 mm eller 46 mm. KEL-ER-BL-B-ramen matchar h\u00e5ltagningsm\u00e5tten f\u00f6r m\u00e4tinstrument p\u00e5 46 \u00d7 46 mm. Den enradiga kabelgenomf\u00f6ringen KEL-ER-BL-E k\u00e4nnetecknas av sin platsbesparande design och \u00e4r d\u00e4rf\u00f6r idealisk f\u00f6r tr\u00e5nga utrymmen och kablar med platta kontakter (t.ex. Sub-D). Tack vare den injicerade t\u00e4tningen och anv\u00e4ndningen av enkla insatser uppn\u00e5r KEL-ER-BL-serien skyddsklass IP65.    Om ytan \u00e4r grovt strukturerad eller n\u00e5got oj\u00e4mn rekommenderar vi att man installerar den bl\u00e5 extra plana gummipackningen som medf\u00f6ljer leveransen.  F\u00f6rdelar:    Garanti p\u00e5 f\u00f6rkontakterade kablar kvarst\u00e5r  Eftermontering, reparationer och underh\u00e5ll kan g\u00f6ras mycket enklare och snabbare  H\u00f6g kabelt\u00e4thet, brett utbud av genomf\u00f6ringar  Dragavlastning enligt EN 62444  H\u00f6g stabilitet, vibrationsbest\u00e4ndig  Utrymmesbesparande form","og_url":"https:\/\/c-profil.se\/english\/product\/cable-entry-frame-for-the-food-industry-kel-er-bl\/","og_site_name":"C-Pro","article_publisher":"https:\/\/www.facebook.com\/people\/C-Pro\/61561767306874\/","article_modified_time":"2026-03-19T14:09:02+00:00","og_image":[{"width":1000,"height":1000,"url":"https:\/\/c-profil.se\/wp-content\/uploads\/2023\/12\/Kabelgenomforingsram-KEL-ER-BL.jpg","type":"image\/jpeg"}],"twitter_card":"summary_large_image","twitter_misc":{"Price":"","Availability":"In stock"},"schema":{"@context":"https:\/\/schema.org","@graph":[{"@type":"WebPage","@id":"https:\/\/c-profil.se\/produkt\/kabelgenomforingsram-for-livsmedelsindustrin-kel-er-bl\/","url":"https:\/\/c-profil.se\/produkt\/kabelgenomforingsram-for-livsmedelsindustrin-kel-er-bl\/","name":"Cable entry frame | KEL-ER-BL - C-Pro","isPartOf":{"@id":"https:\/\/c-profil.se\/#website"},"primaryImageOfPage":{"@id":"https:\/\/c-profil.se\/produkt\/kabelgenomforingsram-for-livsmedelsindustrin-kel-er-bl\/#primaryimage"},"image":{"@id":"https:\/\/c-profil.se\/produkt\/kabelgenomforingsram-for-livsmedelsindustrin-kel-er-bl\/#primaryimage"},"thumbnailUrl":"https:\/\/c-profil.se\/wp-content\/uploads\/2023\/12\/Kabelgenomforingsram-KEL-ER-BL.jpg","datePublished":"2023-12-07T09:56:00+00:00","dateModified":"2026-03-19T14:09:02+00:00","description":"Cable entry frame \/ KEL-ER-BL in signal color blue is used in areas for the food industry, such as food packaging and processing machines.","breadcrumb":{"@id":"https:\/\/c-profil.se\/produkt\/kabelgenomforingsram-for-livsmedelsindustrin-kel-er-bl\/#breadcrumb"},"inLanguage":"en","potentialAction":[{"@type":"ReadAction","target":["https:\/\/c-profil.se\/produkt\/kabelgenomforingsram-for-livsmedelsindustrin-kel-er-bl\/"]}]},{"@type":"ImageObject","inLanguage":"en","@id":"https:\/\/c-profil.se\/produkt\/kabelgenomforingsram-for-livsmedelsindustrin-kel-er-bl\/#primaryimage","url":"https:\/\/c-profil.se\/wp-content\/uploads\/2023\/12\/Kabelgenomforingsram-KEL-ER-BL.jpg","contentUrl":"https:\/\/c-profil.se\/wp-content\/uploads\/2023\/12\/Kabelgenomforingsram-KEL-ER-BL.jpg","width":1000,"height":1000,"caption":"Kabelgenomf\u00f6ringsram KEL-ER-BL"},{"@type":"BreadcrumbList","@id":"https:\/\/c-profil.se\/produkt\/kabelgenomforingsram-for-livsmedelsindustrin-kel-er-bl\/#breadcrumb","itemListElement":[{"@type":"ListItem","position":1,"name":"Hem","item":"https:\/\/c-profil.se\/"},{"@type":"ListItem","position":2,"name":"Produkter","item":"https:\/\/c-profil.se\/produkter\/"},{"@type":"ListItem","position":3,"name":"Kabelgenomf\u00f6ringssystem f\u00f6r kablar med kontakt","item":"https:\/\/c-profil.se\/produkt-kategori\/kabelgenomforingssystem-for-kablar-med-kontakt\/"},{"@type":"ListItem","position":4,"name":"Kabelgenomf\u00f6ringsram | KEL-ER-BL"}]},{"@type":"WebSite","@id":"https:\/\/c-profil.se\/#website","url":"https:\/\/c-profil.se\/","name":"C-Pro","description":"Products for Electricity and Automation","publisher":{"@id":"https:\/\/c-profil.se\/#organization"},"potentialAction":[{"@type":"SearchAction","target":{"@type":"EntryPoint","urlTemplate":"https:\/\/c-profil.se\/?s={search_term_string}"},"query-input":{"@type":"PropertyValueSpecification","valueRequired":true,"valueName":"search_term_string"}}],"inLanguage":"en"},{"@type":"Organization","@id":"https:\/\/c-profil.se\/#organization","name":"C-Pro","alternateName":"C-PRO","url":"https:\/\/c-profil.se\/","logo":{"@type":"ImageObject","inLanguage":"en","@id":"https:\/\/c-profil.se\/#\/schema\/logo\/image\/","url":"https:\/\/c-profil.se\/wp-content\/uploads\/2022\/03\/c-pro-logga-liggande-500x500-1.png","contentUrl":"https:\/\/c-profil.se\/wp-content\/uploads\/2022\/03\/c-pro-logga-liggande-500x500-1.png","width":500,"height":500,"caption":"C-Pro"},"image":{"@id":"https:\/\/c-profil.se\/#\/schema\/logo\/image\/"},"sameAs":["https:\/\/www.facebook.com\/people\/C-Pro\/61561767306874\/","https:\/\/www.linkedin.com\/company\/c-pro-ab","https:\/\/www.instagram.com\/cpro.ab\/"],"description":"C-PRO AB is a comprehensive supplier of materials for applications in electricity and automation. Ever since the start in 1987, we have supplied the Swedish manufacturing industry with electrical materials. Despite our size and leading position, we have never abandoned our basic philosophy, to be a personal supplier. We at C-PRO are easy to get in touch with, honest and passionate about solving our customers&#039; problems.","email":"info@c-profil.se","telephone":"031575785","legalName":"C-Profil F\u00f6rl\u00e4ggningsmaterial AB","foundingDate":"1987-01-01"}]},"product_brand":"eftermontering","product_price_currency":"SEK","og_availability":"instock","product_availability":"instock","product_retailer_item_id":"KEL-ER-BL","product_condition":"new"},"_links":{"self":[{"href":"https:\/\/c-profil.se\/english\/wp-json\/wp\/v2\/product\/41220","targetHints":{"allow":["GET"]}}],"collection":[{"href":"https:\/\/c-profil.se\/english\/wp-json\/wp\/v2\/product"}],"about":[{"href":"https:\/\/c-profil.se\/english\/wp-json\/wp\/v2\/types\/product"}],"version-history":[{"count":8,"href":"https:\/\/c-profil.se\/english\/wp-json\/wp\/v2\/product\/41220\/revisions"}],"predecessor-version":[{"id":74283,"href":"https:\/\/c-profil.se\/english\/wp-json\/wp\/v2\/product\/41220\/revisions\/74283"}],"wp:featuredmedia":[{"embeddable":true,"href":"https:\/\/c-profil.se\/english\/wp-json\/wp\/v2\/media\/51130"}],"wp:attachment":[{"href":"https:\/\/c-profil.se\/english\/wp-json\/wp\/v2\/media?parent=41220"}],"wp:term":[{"taxonomy":"product_brand","embeddable":true,"href":"https:\/\/c-profil.se\/english\/wp-json\/wp\/v2\/product_brand?post=41220"},{"taxonomy":"product_cat","embeddable":true,"href":"https:\/\/c-profil.se\/english\/wp-json\/wp\/v2\/product_cat?post=41220"},{"taxonomy":"product_tag","embeddable":true,"href":"https:\/\/c-profil.se\/english\/wp-json\/wp\/v2\/product_tag?post=41220"}],"curies":[{"name":"wp","href":"https:\/\/api.w.org\/{rel}","templated":true}]}}