{"id":40668,"date":"2023-11-17T10:13:00","date_gmt":"2023-11-17T09:13:00","guid":{"rendered":"https:\/\/c-profil.se\/?post_type=product&#038;p=40668"},"modified":"2026-03-19T15:44:30","modified_gmt":"2026-03-19T14:44:30","slug":"batterymodul-ups-cliq-m-drn","status":"publish","type":"product","link":"https:\/\/c-profil.se\/english\/produkt\/batterimodul-ups-cliq-m-drn\/","title":{"rendered":"UPS battery module | CliQ M"},"content":{"rendered":"<p><strong>Battery module UPS \/ CliQ M is a 24 V battery module for industrial backup solutions up to 40 A<\/strong> and is used together with CliQ M DC-UPS modules.<br \/>\nIt is adapted for two 12 V\/7.2 Ah lead-acid batteries in series and has an LED indicator, temperature monitoring and a corrosion-resistant chassis for long and safe operation.<\/p>","protected":false},"excerpt":{"rendered":"<p data-start=\"118\" data-end=\"260\">Battery module UPS \/ CliQ M is a <strong data-start=\"128\" data-end=\"144\">battery module<\/strong> within the CliQ M series, designed for 24V systems and up to 40A output current.<\/p>\n<ul>\n<li data-start=\"263\" data-end=\"399\">Fits two 12 V\/7.2 Ah lead-acid batteries in series (so a total of 24 V) for backup solutions.<\/li>\n<li data-start=\"402\" data-end=\"607\">Features anti-corrosion powder coated chassis, built-in LED battery voltage indicator and temperature monitoring to protect the battery and thus increase its lifespan.<\/li>\n<li data-start=\"610\" data-end=\"692\">Designed for industrial applications with DIN rail and hot\/fail-safe operation.<\/li>\n<li>Must be used with <a href=\"https:\/\/c-profil.se\/english\/product\/ups-cliq-m-dc-eng\/\">CliQ M DC-UPS<\/a>modules.<\/li>\n<\/ul>","protected":false},"featured_media":51729,"template":"","meta":{"_acf_changed":false},"product_brand":[736],"product_cat":[574],"product_tag":[960,958],"class_list":{"0":"post-40668","1":"product","2":"type-product","3":"status-publish","4":"has-post-thumbnail","6":"product_brand-delta-electronics","7":"product_cat-ups","8":"product_tag-redundans","9":"product_tag-stromforsorjning","11":"first","12":"instock","13":"shipping-taxable","14":"product-type-simple"},"acf":[],"yoast_head":"<!-- This site is optimized with the Yoast SEO Premium plugin v27.4 (Yoast SEO v27.4) - https:\/\/yoast.com\/product\/yoast-seo-premium-wordpress\/ -->\n<title>Batterimodul UPS \/ CliQ M - C-Pro<\/title>\n<meta name=\"description\" content=\"Batterimodul UPS \/ CliQ M DRN. Anti-korrosion pulverlackerat chassi. L\u00e4mplig f\u00f6r 7,2 AH bly-syra batteri2 x 12 V batteri. L\u00e4s Mer\" \/>\n<meta name=\"robots\" content=\"index, follow, max-snippet:-1, max-image-preview:large, max-video-preview:-1\" \/>\n<link rel=\"canonical\" href=\"https:\/\/c-profil.se\/english\/product\/batterymodul-ups-cliq-m-drn\/\" \/>\n<meta property=\"og:locale\" content=\"en_US\" \/>\n<meta property=\"og:type\" content=\"article\" \/>\n<meta property=\"og:title\" content=\"Batterimodul UPS | CliQ M - C-Pro\" \/>\n<meta property=\"og:description\" content=\"Batterimodul UPS \/ CliQ M \u00e4r en batterimodul inom CliQ M-serien, konstruerad f\u00f6r 24V-system och upp till 40A utstr\u00f6m.   Passar tv\u00e5 stycken 12 V\/7,2 Ah bly-syra batterier i serie (s\u00e5 totalt 24 V) f\u00f6r backup-l\u00f6sningar.  Har \u201canti-corrosion powder coated chassis\u201d, inbyggd LED-indikator f\u00f6r batterisp\u00e4nning samt temperatur\u00f6vervakning f\u00f6r att skydda batteriet och d\u00e4rmed \u00f6ka livsl\u00e4ngden.  Utformad f\u00f6r industriella applikationer med DIN-skena och varm\/drifts\u00e4ker drift.  M\u00e5ste anv\u00e4ndas med CliQ M DC-UPS-moduler.\" \/>\n<meta property=\"og:url\" content=\"https:\/\/c-profil.se\/english\/product\/batterymodul-ups-cliq-m-drn\/\" \/>\n<meta property=\"og:site_name\" content=\"C-Pro\" \/>\n<meta property=\"article:publisher\" content=\"https:\/\/www.facebook.com\/people\/C-Pro\/61561767306874\/\" \/>\n<meta property=\"article:modified_time\" content=\"2026-03-19T14:44:30+00:00\" \/>\n<meta property=\"og:image\" content=\"https:\/\/c-profil.se\/wp-content\/uploads\/2023\/11\/Batterimodul-UPS-CliQ-M.jpg\" \/>\n\t<meta property=\"og:image:width\" content=\"1000\" \/>\n\t<meta property=\"og:image:height\" content=\"1000\" \/>\n\t<meta property=\"og:image:type\" content=\"image\/jpeg\" \/>\n<meta name=\"twitter:card\" content=\"summary_large_image\" \/>\n<meta name=\"twitter:label1\" content=\"Price\" \/>\n\t<meta name=\"twitter:data1\" content=\"\" \/>\n\t<meta name=\"twitter:label2\" content=\"Availability\" \/>\n\t<meta name=\"twitter:data2\" content=\"In stock\" \/>\n<script type=\"application\/ld+json\" class=\"yoast-schema-graph\">{\"@context\":\"https:\\\/\\\/schema.org\",\"@graph\":[{\"@type\":\"WebPage\",\"@id\":\"https:\\\/\\\/c-profil.se\\\/produkt\\\/batterimodul-ups-cliq-m-drn\\\/\",\"url\":\"https:\\\/\\\/c-profil.se\\\/produkt\\\/batterimodul-ups-cliq-m-drn\\\/\",\"name\":\"Batterimodul UPS \\\/ CliQ M - C-Pro\",\"isPartOf\":{\"@id\":\"https:\\\/\\\/c-profil.se\\\/#website\"},\"primaryImageOfPage\":{\"@id\":\"https:\\\/\\\/c-profil.se\\\/produkt\\\/batterimodul-ups-cliq-m-drn\\\/#primaryimage\"},\"image\":{\"@id\":\"https:\\\/\\\/c-profil.se\\\/produkt\\\/batterimodul-ups-cliq-m-drn\\\/#primaryimage\"},\"thumbnailUrl\":\"https:\\\/\\\/c-profil.se\\\/wp-content\\\/uploads\\\/2023\\\/11\\\/Batterimodul-UPS-CliQ-M.jpg\",\"datePublished\":\"2023-11-17T09:13:00+00:00\",\"dateModified\":\"2026-03-19T14:44:30+00:00\",\"description\":\"Batterimodul UPS \\\/ CliQ M DRN. Anti-korrosion pulverlackerat chassi. L\u00e4mplig f\u00f6r 7,2 AH bly-syra batteri2 x 12 V batteri. L\u00e4s Mer\",\"breadcrumb\":{\"@id\":\"https:\\\/\\\/c-profil.se\\\/produkt\\\/batterimodul-ups-cliq-m-drn\\\/#breadcrumb\"},\"inLanguage\":\"en\",\"potentialAction\":[{\"@type\":\"ReadAction\",\"target\":[\"https:\\\/\\\/c-profil.se\\\/produkt\\\/batterimodul-ups-cliq-m-drn\\\/\"]}]},{\"@type\":\"ImageObject\",\"inLanguage\":\"en\",\"@id\":\"https:\\\/\\\/c-profil.se\\\/produkt\\\/batterimodul-ups-cliq-m-drn\\\/#primaryimage\",\"url\":\"https:\\\/\\\/c-profil.se\\\/wp-content\\\/uploads\\\/2023\\\/11\\\/Batterimodul-UPS-CliQ-M.jpg\",\"contentUrl\":\"https:\\\/\\\/c-profil.se\\\/wp-content\\\/uploads\\\/2023\\\/11\\\/Batterimodul-UPS-CliQ-M.jpg\",\"width\":1000,\"height\":1000,\"caption\":\"Batterimodul UPS CliQ M\"},{\"@type\":\"BreadcrumbList\",\"@id\":\"https:\\\/\\\/c-profil.se\\\/produkt\\\/batterimodul-ups-cliq-m-drn\\\/#breadcrumb\",\"itemListElement\":[{\"@type\":\"ListItem\",\"position\":1,\"name\":\"Hem\",\"item\":\"https:\\\/\\\/c-profil.se\\\/\"},{\"@type\":\"ListItem\",\"position\":2,\"name\":\"Produkter\",\"item\":\"https:\\\/\\\/c-profil.se\\\/produkter\\\/\"},{\"@type\":\"ListItem\",\"position\":3,\"name\":\"UPS\",\"item\":\"https:\\\/\\\/c-profil.se\\\/produkt-kategori\\\/ups\\\/\"},{\"@type\":\"ListItem\",\"position\":4,\"name\":\"Batterimodul UPS | CliQ M\"}]},{\"@type\":\"WebSite\",\"@id\":\"https:\\\/\\\/c-profil.se\\\/#website\",\"url\":\"https:\\\/\\\/c-profil.se\\\/\",\"name\":\"C-Pro\",\"description\":\"Produkter f\u00f6r El och Automation\",\"publisher\":{\"@id\":\"https:\\\/\\\/c-profil.se\\\/#organization\"},\"potentialAction\":[{\"@type\":\"SearchAction\",\"target\":{\"@type\":\"EntryPoint\",\"urlTemplate\":\"https:\\\/\\\/c-profil.se\\\/?s={search_term_string}\"},\"query-input\":{\"@type\":\"PropertyValueSpecification\",\"valueRequired\":true,\"valueName\":\"search_term_string\"}}],\"inLanguage\":\"en\"},{\"@type\":\"Organization\",\"@id\":\"https:\\\/\\\/c-profil.se\\\/#organization\",\"name\":\"C-Pro\",\"alternateName\":\"C-PRO\",\"url\":\"https:\\\/\\\/c-profil.se\\\/\",\"logo\":{\"@type\":\"ImageObject\",\"inLanguage\":\"en\",\"@id\":\"https:\\\/\\\/c-profil.se\\\/#\\\/schema\\\/logo\\\/image\\\/\",\"url\":\"https:\\\/\\\/c-profil.se\\\/wp-content\\\/uploads\\\/2022\\\/03\\\/c-pro-logga-liggande-500x500-1.png\",\"contentUrl\":\"https:\\\/\\\/c-profil.se\\\/wp-content\\\/uploads\\\/2022\\\/03\\\/c-pro-logga-liggande-500x500-1.png\",\"width\":500,\"height\":500,\"caption\":\"C-Pro\"},\"image\":{\"@id\":\"https:\\\/\\\/c-profil.se\\\/#\\\/schema\\\/logo\\\/image\\\/\"},\"sameAs\":[\"https:\\\/\\\/www.facebook.com\\\/people\\\/C-Pro\\\/61561767306874\\\/\",\"https:\\\/\\\/www.linkedin.com\\\/company\\\/c-pro-ab\",\"https:\\\/\\\/www.instagram.com\\\/cpro.ab\\\/\"],\"description\":\"C-PRO AB \u00e4r en helt\u00e4ckande leverant\u00f6r av material f\u00f6r applikationer inom el och automation. \u00c4nda sedan starten 1987 har vi f\u00f6rsett den svenska tillverkande industrin med elmaterial. Trots v\u00e5r storlek och ledande position har vi aldrig \u00f6vergett v\u00e5r grundfilosofi, att vara en personlig leverant\u00f6r. Vi p\u00e5 C-PRO \u00e4r l\u00e4tta att komma i kontakt med, \u00e4rliga och brinner f\u00f6r att l\u00f6sa v\u00e5ra kunders problem.\",\"email\":\"info@c-profil.se\",\"telephone\":\"031575785\",\"legalName\":\"C-Profil F\u00f6rl\u00e4ggningsmaterial AB\",\"foundingDate\":\"1987-01-01\"}]}<\/script>\n<meta property=\"product:brand\" content=\"redundans\" \/>\n<meta property=\"product:price:currency\" content=\"SEK\" \/>\n<meta property=\"og:availability\" content=\"instock\" \/>\n<meta property=\"product:availability\" content=\"instock\" \/>\n<meta property=\"product:retailer_item_id\" content=\"Batterimodul UPS \/ CliQ M\" \/>\n<meta property=\"product:condition\" content=\"new\" \/>\n<!-- \/ Yoast SEO Premium plugin. -->","yoast_head_json":{"title":"Battery Module UPS \/ CliQ M - C-Pro","description":"Battery Module \/ CliQ M DRN. Anti-Corrosion Powder Coated Chassis. Suitable for 7.2 AH Lead-Acid Battery. Read More!","robots":{"index":"index","follow":"follow","max-snippet":"max-snippet:-1","max-image-preview":"max-image-preview:large","max-video-preview":"max-video-preview:-1"},"canonical":"https:\/\/c-profil.se\/english\/product\/batterymodul-ups-cliq-m-drn\/","og_locale":"en_US","og_type":"article","og_title":"Batterimodul UPS | CliQ M - C-Pro","og_description":"Batterimodul UPS \/ CliQ M \u00e4r en batterimodul inom CliQ M-serien, konstruerad f\u00f6r 24V-system och upp till 40A utstr\u00f6m.   Passar tv\u00e5 stycken 12 V\/7,2 Ah bly-syra batterier i serie (s\u00e5 totalt 24 V) f\u00f6r backup-l\u00f6sningar.  Har \u201canti-corrosion powder coated chassis\u201d, inbyggd LED-indikator f\u00f6r batterisp\u00e4nning samt temperatur\u00f6vervakning f\u00f6r att skydda batteriet och d\u00e4rmed \u00f6ka livsl\u00e4ngden.  Utformad f\u00f6r industriella applikationer med DIN-skena och varm\/drifts\u00e4ker drift.  M\u00e5ste anv\u00e4ndas med CliQ M DC-UPS-moduler.","og_url":"https:\/\/c-profil.se\/english\/product\/batterymodul-ups-cliq-m-drn\/","og_site_name":"C-Pro","article_publisher":"https:\/\/www.facebook.com\/people\/C-Pro\/61561767306874\/","article_modified_time":"2026-03-19T14:44:30+00:00","og_image":[{"width":1000,"height":1000,"url":"https:\/\/c-profil.se\/wp-content\/uploads\/2023\/11\/Batterimodul-UPS-CliQ-M.jpg","type":"image\/jpeg"}],"twitter_card":"summary_large_image","twitter_misc":{"Price":"","Availability":"In stock"},"schema":{"@context":"https:\/\/schema.org","@graph":[{"@type":"WebPage","@id":"https:\/\/c-profil.se\/produkt\/batterimodul-ups-cliq-m-drn\/","url":"https:\/\/c-profil.se\/produkt\/batterimodul-ups-cliq-m-drn\/","name":"Battery Module UPS \/ CliQ M - C-Pro","isPartOf":{"@id":"https:\/\/c-profil.se\/#website"},"primaryImageOfPage":{"@id":"https:\/\/c-profil.se\/produkt\/batterimodul-ups-cliq-m-drn\/#primaryimage"},"image":{"@id":"https:\/\/c-profil.se\/produkt\/batterimodul-ups-cliq-m-drn\/#primaryimage"},"thumbnailUrl":"https:\/\/c-profil.se\/wp-content\/uploads\/2023\/11\/Batterimodul-UPS-CliQ-M.jpg","datePublished":"2023-11-17T09:13:00+00:00","dateModified":"2026-03-19T14:44:30+00:00","description":"Battery Module \/ CliQ M DRN. Anti-Corrosion Powder Coated Chassis. Suitable for 7.2 AH Lead-Acid Battery. Read More!","breadcrumb":{"@id":"https:\/\/c-profil.se\/produkt\/batterimodul-ups-cliq-m-drn\/#breadcrumb"},"inLanguage":"en","potentialAction":[{"@type":"ReadAction","target":["https:\/\/c-profil.se\/produkt\/batterimodul-ups-cliq-m-drn\/"]}]},{"@type":"ImageObject","inLanguage":"en","@id":"https:\/\/c-profil.se\/produkt\/batterimodul-ups-cliq-m-drn\/#primaryimage","url":"https:\/\/c-profil.se\/wp-content\/uploads\/2023\/11\/Batterimodul-UPS-CliQ-M.jpg","contentUrl":"https:\/\/c-profil.se\/wp-content\/uploads\/2023\/11\/Batterimodul-UPS-CliQ-M.jpg","width":1000,"height":1000,"caption":"Batterimodul UPS CliQ M"},{"@type":"BreadcrumbList","@id":"https:\/\/c-profil.se\/produkt\/batterimodul-ups-cliq-m-drn\/#breadcrumb","itemListElement":[{"@type":"ListItem","position":1,"name":"Hem","item":"https:\/\/c-profil.se\/"},{"@type":"ListItem","position":2,"name":"Produkter","item":"https:\/\/c-profil.se\/produkter\/"},{"@type":"ListItem","position":3,"name":"UPS","item":"https:\/\/c-profil.se\/produkt-kategori\/ups\/"},{"@type":"ListItem","position":4,"name":"Batterimodul UPS | CliQ M"}]},{"@type":"WebSite","@id":"https:\/\/c-profil.se\/#website","url":"https:\/\/c-profil.se\/","name":"C-Pro","description":"Products for Electricity and Automation","publisher":{"@id":"https:\/\/c-profil.se\/#organization"},"potentialAction":[{"@type":"SearchAction","target":{"@type":"EntryPoint","urlTemplate":"https:\/\/c-profil.se\/?s={search_term_string}"},"query-input":{"@type":"PropertyValueSpecification","valueRequired":true,"valueName":"search_term_string"}}],"inLanguage":"en"},{"@type":"Organization","@id":"https:\/\/c-profil.se\/#organization","name":"C-Pro","alternateName":"C-PRO","url":"https:\/\/c-profil.se\/","logo":{"@type":"ImageObject","inLanguage":"en","@id":"https:\/\/c-profil.se\/#\/schema\/logo\/image\/","url":"https:\/\/c-profil.se\/wp-content\/uploads\/2022\/03\/c-pro-logga-liggande-500x500-1.png","contentUrl":"https:\/\/c-profil.se\/wp-content\/uploads\/2022\/03\/c-pro-logga-liggande-500x500-1.png","width":500,"height":500,"caption":"C-Pro"},"image":{"@id":"https:\/\/c-profil.se\/#\/schema\/logo\/image\/"},"sameAs":["https:\/\/www.facebook.com\/people\/C-Pro\/61561767306874\/","https:\/\/www.linkedin.com\/company\/c-pro-ab","https:\/\/www.instagram.com\/cpro.ab\/"],"description":"C-PRO AB is a comprehensive supplier of materials for applications in electricity and automation. Ever since the start in 1987, we have supplied the Swedish manufacturing industry with electrical materials. Despite our size and leading position, we have never abandoned our basic philosophy, to be a personal supplier. We at C-PRO are easy to get in touch with, honest and passionate about solving our customers&#039; problems.","email":"info@c-profil.se","telephone":"031575785","legalName":"C-Profil F\u00f6rl\u00e4ggningsmaterial AB","foundingDate":"1987-01-01"}]},"product_brand":"redundans","product_price_currency":"SEK","og_availability":"instock","product_availability":"instock","product_retailer_item_id":"Batterimodul UPS \/ CliQ M","product_condition":"new"},"_links":{"self":[{"href":"https:\/\/c-profil.se\/english\/wp-json\/wp\/v2\/product\/40668","targetHints":{"allow":["GET"]}}],"collection":[{"href":"https:\/\/c-profil.se\/english\/wp-json\/wp\/v2\/product"}],"about":[{"href":"https:\/\/c-profil.se\/english\/wp-json\/wp\/v2\/types\/product"}],"version-history":[{"count":7,"href":"https:\/\/c-profil.se\/english\/wp-json\/wp\/v2\/product\/40668\/revisions"}],"predecessor-version":[{"id":74444,"href":"https:\/\/c-profil.se\/english\/wp-json\/wp\/v2\/product\/40668\/revisions\/74444"}],"wp:featuredmedia":[{"embeddable":true,"href":"https:\/\/c-profil.se\/english\/wp-json\/wp\/v2\/media\/51729"}],"wp:attachment":[{"href":"https:\/\/c-profil.se\/english\/wp-json\/wp\/v2\/media?parent=40668"}],"wp:term":[{"taxonomy":"product_brand","embeddable":true,"href":"https:\/\/c-profil.se\/english\/wp-json\/wp\/v2\/product_brand?post=40668"},{"taxonomy":"product_cat","embeddable":true,"href":"https:\/\/c-profil.se\/english\/wp-json\/wp\/v2\/product_cat?post=40668"},{"taxonomy":"product_tag","embeddable":true,"href":"https:\/\/c-profil.se\/english\/wp-json\/wp\/v2\/product_tag?post=40668"}],"curies":[{"name":"wp","href":"https:\/\/api.w.org\/{rel}","templated":true}]}}