{"id":40551,"date":"2023-11-10T11:20:00","date_gmt":"2023-11-10T10:20:00","guid":{"rendered":"https:\/\/c-profil.se\/?post_type=product&#038;p=40551"},"modified":"2026-03-19T15:44:06","modified_gmt":"2026-03-19T14:44:06","slug":"night-unit-chrome-ii","status":"publish","type":"product","link":"https:\/\/c-profil.se\/english\/produkt\/nataggregat-chrome-ii\/","title":{"rendered":"Power supply | CHROME II"},"content":{"rendered":"<p><strong>Power supply \/ CHROME II is a DIN-mounted power supply with Class II double insulation<\/strong> which does not require a ground connection.<br \/>\nIt offers universal AC input, full power up to 55\u00b0C and high efficiency of up to 92 % for safe and reliable operation in compact cabinets.<\/p>","protected":false},"excerpt":{"rendered":"<p>Power supply \/ CHROME II, mounted on DIN rail. With Class II double insulation, no earth connection is required. Its universal AC input voltage range and full power up to 55\u00b0C means that the power does not derate over the entire input voltage range. With an efficiency of up to 92%, it can be installed in compact cabinets. Its low earth fault current of less than 0.25 mA @ 264 Vac and compliance with harmonic current IEC\/EN 61000-3-2, class A, guarantees safety and reliability. It is also safety approved according to IEC\/EN\/UL 60950-1, IEC\/EN\/UL 62368-1 and UL 508.<\/p>\n<ul>\n<li>Efficiency up to 92%<\/li>\n<li>Class II, Double Isolation (No Earth connection is required<\/li>\n<li>Universal AC input voltage range and full power up to 55\u00b0C<\/li>\n<li>Power will not de-rate for the entire input voltage range<\/li>\n<li>Efficiency &gt; 86.0% @ 115 Vac &amp; 230 Vac<\/li>\n<li>Can be installed in compact cabinets<\/li>\n<li>Low earth leakage current &lt; 0.25 mA @ 264 Vac<\/li>\n<li>Conforms to harmonic current IEC\/EN 61000-3-2, Class A<\/li>\n<li>Safety approval according to IEC\/EN\/UL 60950-1, IEC\/EN\/UL 62368-1 and UL 508<\/li>\n<\/ul>","protected":false},"featured_media":51715,"template":"","meta":{"_acf_changed":false},"product_brand":[736],"product_cat":[535],"product_tag":[940,959,958],"class_list":{"0":"post-40551","1":"product","2":"type-product","3":"status-publish","4":"has-post-thumbnail","6":"product_brand-delta-electronics","7":"product_cat-nataggregat","8":"product_tag-apparatskap","9":"product_tag-din-skena","10":"product_tag-stromforsorjning","12":"first","13":"instock","14":"shipping-taxable","15":"product-type-simple"},"acf":[],"yoast_head":"<!-- This site is optimized with the Yoast SEO Premium plugin v27.5 (Yoast SEO v27.5) - https:\/\/yoast.com\/product\/yoast-seo-premium-wordpress\/ -->\n<title>N\u00e4taggregat | CHROME II - C-Pro<\/title>\n<meta name=\"description\" content=\"N\u00e4taggregat \/ CHROME II, monteras p\u00e5 DIN-Profil. Klass II dubbel isolering, NEC-Klass 2. Universal AC-ing\u00e5ngssp\u00e4nningsomr\u00e5de och full effekt upp till 55\u00b0C.\" \/>\n<meta name=\"robots\" content=\"index, follow, max-snippet:-1, max-image-preview:large, max-video-preview:-1\" \/>\n<link rel=\"canonical\" href=\"https:\/\/c-profil.se\/english\/product\/night-unit-chrome-ii\/\" \/>\n<meta property=\"og:locale\" content=\"en_US\" \/>\n<meta property=\"og:type\" content=\"article\" \/>\n<meta property=\"og:title\" content=\"N\u00e4taggregat | CHROME II - C-Pro\" \/>\n<meta property=\"og:description\" content=\"N\u00e4taggregat \/ CHROME II, monteras p\u00e5 DIN-Profil. Med Klass II-dubbelisolering kr\u00e4vs ingen jordanslutning. Dess universal AC-ing\u00e5ngssp\u00e4nningsomr\u00e5de och fulla effekt upp till 55\u00b0C g\u00f6r att effekten inte minskar f\u00f6r hela insp\u00e4nningsomr\u00e5det. Med en verkningsgrad p\u00e5 upp till 92%, kan det installeras i kompakta sk\u00e5p. Dess l\u00e5ga jordfelsstr\u00f6m p\u00e5 mindre \u00e4n 0,25 mA @ 264 Vac och \u00f6verensst\u00e4mmelse med \u00f6vertonsstr\u00f6m IEC\/EN 61000-3-2, klass A, garanterar s\u00e4kerhet och p\u00e5litlighet. Den \u00e4r ocks\u00e5 s\u00e4kerhetsgodk\u00e4nd enligt IEC\/EN\/UL 60950-1, IEC\/EN\/UL 62368-1 och UL 508.  Verkningsgrad upp till 92%  Klass II, dubbel isolering (ingen jordanslutning kr\u00e4vs)  Universal AC-ing\u00e5ngssp\u00e4nningsomr\u00e5de och full effekt upp till 55\u00b0C  Effekten kommer inte att minska f\u00f6r hela insp\u00e4nningsomr\u00e5det  Verkningsgrad &gt; 86,0 % vid 115 Vac &amp; 230 Vac  Kan installeras i kompakta sk\u00e5p  L\u00e5g jordfelsstr\u00f6m &lt; 0,25 mA @ 264 Vac  \u00d6verensst\u00e4mmer med \u00f6vertonsstr\u00f6m IEC\/EN 61000-3-2, klass A  S\u00e4kerhetsgodk\u00e4nnande enligt IEC\/EN\/UL 60950-1, IEC\/EN\/UL 62368-1 och UL 508\" \/>\n<meta property=\"og:url\" content=\"https:\/\/c-profil.se\/english\/product\/night-unit-chrome-ii\/\" \/>\n<meta property=\"og:site_name\" content=\"C-Pro\" \/>\n<meta property=\"article:publisher\" content=\"https:\/\/www.facebook.com\/people\/C-Pro\/61561767306874\/\" \/>\n<meta property=\"article:modified_time\" content=\"2026-03-19T14:44:06+00:00\" \/>\n<meta property=\"og:image\" content=\"https:\/\/c-profil.se\/wp-content\/uploads\/2023\/11\/Nataggregat-CHROME.jpg\" \/>\n\t<meta property=\"og:image:width\" content=\"1000\" \/>\n\t<meta property=\"og:image:height\" content=\"1000\" \/>\n\t<meta property=\"og:image:type\" content=\"image\/jpeg\" \/>\n<meta name=\"twitter:card\" content=\"summary_large_image\" \/>\n<meta name=\"twitter:label1\" content=\"Price\" \/>\n\t<meta name=\"twitter:data1\" content=\"\" \/>\n\t<meta name=\"twitter:label2\" content=\"Availability\" \/>\n\t<meta name=\"twitter:data2\" content=\"In stock\" \/>\n<script type=\"application\/ld+json\" class=\"yoast-schema-graph\">{\"@context\":\"https:\\\/\\\/schema.org\",\"@graph\":[{\"@type\":\"WebPage\",\"@id\":\"https:\\\/\\\/c-profil.se\\\/produkt\\\/nataggregat-chrome-ii\\\/\",\"url\":\"https:\\\/\\\/c-profil.se\\\/produkt\\\/nataggregat-chrome-ii\\\/\",\"name\":\"N\u00e4taggregat | CHROME II - C-Pro\",\"isPartOf\":{\"@id\":\"https:\\\/\\\/c-profil.se\\\/#website\"},\"primaryImageOfPage\":{\"@id\":\"https:\\\/\\\/c-profil.se\\\/produkt\\\/nataggregat-chrome-ii\\\/#primaryimage\"},\"image\":{\"@id\":\"https:\\\/\\\/c-profil.se\\\/produkt\\\/nataggregat-chrome-ii\\\/#primaryimage\"},\"thumbnailUrl\":\"https:\\\/\\\/c-profil.se\\\/wp-content\\\/uploads\\\/2023\\\/11\\\/Nataggregat-CHROME.jpg\",\"datePublished\":\"2023-11-10T10:20:00+00:00\",\"dateModified\":\"2026-03-19T14:44:06+00:00\",\"description\":\"N\u00e4taggregat \\\/ CHROME II, monteras p\u00e5 DIN-Profil. Klass II dubbel isolering, NEC-Klass 2. Universal AC-ing\u00e5ngssp\u00e4nningsomr\u00e5de och full effekt upp till 55\u00b0C.\",\"breadcrumb\":{\"@id\":\"https:\\\/\\\/c-profil.se\\\/produkt\\\/nataggregat-chrome-ii\\\/#breadcrumb\"},\"inLanguage\":\"en\",\"potentialAction\":[{\"@type\":\"ReadAction\",\"target\":[\"https:\\\/\\\/c-profil.se\\\/produkt\\\/nataggregat-chrome-ii\\\/\"]}]},{\"@type\":\"ImageObject\",\"inLanguage\":\"en\",\"@id\":\"https:\\\/\\\/c-profil.se\\\/produkt\\\/nataggregat-chrome-ii\\\/#primaryimage\",\"url\":\"https:\\\/\\\/c-profil.se\\\/wp-content\\\/uploads\\\/2023\\\/11\\\/Nataggregat-CHROME.jpg\",\"contentUrl\":\"https:\\\/\\\/c-profil.se\\\/wp-content\\\/uploads\\\/2023\\\/11\\\/Nataggregat-CHROME.jpg\",\"width\":1000,\"height\":1000,\"caption\":\"N\u00e4taggregat CHROME\"},{\"@type\":\"BreadcrumbList\",\"@id\":\"https:\\\/\\\/c-profil.se\\\/produkt\\\/nataggregat-chrome-ii\\\/#breadcrumb\",\"itemListElement\":[{\"@type\":\"ListItem\",\"position\":1,\"name\":\"Hem\",\"item\":\"https:\\\/\\\/c-profil.se\\\/\"},{\"@type\":\"ListItem\",\"position\":2,\"name\":\"Produkter\",\"item\":\"https:\\\/\\\/c-profil.se\\\/produkter\\\/\"},{\"@type\":\"ListItem\",\"position\":3,\"name\":\"N\u00e4taggregat\",\"item\":\"https:\\\/\\\/c-profil.se\\\/produkt-kategori\\\/nataggregat\\\/\"},{\"@type\":\"ListItem\",\"position\":4,\"name\":\"N\u00e4taggregat | CHROME II\"}]},{\"@type\":\"WebSite\",\"@id\":\"https:\\\/\\\/c-profil.se\\\/#website\",\"url\":\"https:\\\/\\\/c-profil.se\\\/\",\"name\":\"C-Pro\",\"description\":\"Produkter f\u00f6r El och Automation\",\"publisher\":{\"@id\":\"https:\\\/\\\/c-profil.se\\\/#organization\"},\"potentialAction\":[{\"@type\":\"SearchAction\",\"target\":{\"@type\":\"EntryPoint\",\"urlTemplate\":\"https:\\\/\\\/c-profil.se\\\/?s={search_term_string}\"},\"query-input\":{\"@type\":\"PropertyValueSpecification\",\"valueRequired\":true,\"valueName\":\"search_term_string\"}}],\"inLanguage\":\"en\"},{\"@type\":\"Organization\",\"@id\":\"https:\\\/\\\/c-profil.se\\\/#organization\",\"name\":\"C-Pro\",\"alternateName\":\"C-PRO\",\"url\":\"https:\\\/\\\/c-profil.se\\\/\",\"logo\":{\"@type\":\"ImageObject\",\"inLanguage\":\"en\",\"@id\":\"https:\\\/\\\/c-profil.se\\\/#\\\/schema\\\/logo\\\/image\\\/\",\"url\":\"https:\\\/\\\/c-profil.se\\\/wp-content\\\/uploads\\\/2022\\\/03\\\/c-pro-logga-liggande-500x500-1.png\",\"contentUrl\":\"https:\\\/\\\/c-profil.se\\\/wp-content\\\/uploads\\\/2022\\\/03\\\/c-pro-logga-liggande-500x500-1.png\",\"width\":500,\"height\":500,\"caption\":\"C-Pro\"},\"image\":{\"@id\":\"https:\\\/\\\/c-profil.se\\\/#\\\/schema\\\/logo\\\/image\\\/\"},\"sameAs\":[\"https:\\\/\\\/www.facebook.com\\\/people\\\/C-Pro\\\/61561767306874\\\/\",\"https:\\\/\\\/www.linkedin.com\\\/company\\\/c-pro-ab\",\"https:\\\/\\\/www.instagram.com\\\/cpro.ab\\\/\"],\"description\":\"C-PRO AB \u00e4r en helt\u00e4ckande leverant\u00f6r av material f\u00f6r applikationer inom el och automation. \u00c4nda sedan starten 1987 har vi f\u00f6rsett den svenska tillverkande industrin med elmaterial. Trots v\u00e5r storlek och ledande position har vi aldrig \u00f6vergett v\u00e5r grundfilosofi, att vara en personlig leverant\u00f6r. Vi p\u00e5 C-PRO \u00e4r l\u00e4tta att komma i kontakt med, \u00e4rliga och brinner f\u00f6r att l\u00f6sa v\u00e5ra kunders problem.\",\"email\":\"info@c-profil.se\",\"telephone\":\"031575785\",\"legalName\":\"C-Profil F\u00f6rl\u00e4ggningsmaterial AB\",\"foundingDate\":\"1987-01-01\"}]}<\/script>\n<meta property=\"product:brand\" content=\"apparatsk\u00e5p\" \/>\n<meta property=\"product:price:currency\" content=\"SEK\" \/>\n<meta property=\"og:availability\" content=\"instock\" \/>\n<meta property=\"product:availability\" content=\"instock\" \/>\n<meta property=\"product:retailer_item_id\" content=\"CHROME\" \/>\n<meta property=\"product:condition\" content=\"new\" \/>\n<!-- \/ Yoast SEO Premium plugin. -->","yoast_head_json":{"title":"Power supply | CHROME II - C-Pro","description":"Power supply \/ CHROME II, mounted on DIN-Profile. Class II double insulation, NEC Class 2. Universal AC input voltage range and full power up to 55\u00b0C.","robots":{"index":"index","follow":"follow","max-snippet":"max-snippet:-1","max-image-preview":"max-image-preview:large","max-video-preview":"max-video-preview:-1"},"canonical":"https:\/\/c-profil.se\/english\/product\/night-unit-chrome-ii\/","og_locale":"en_US","og_type":"article","og_title":"N\u00e4taggregat | CHROME II - C-Pro","og_description":"N\u00e4taggregat \/ CHROME II, monteras p\u00e5 DIN-Profil. Med Klass II-dubbelisolering kr\u00e4vs ingen jordanslutning. Dess universal AC-ing\u00e5ngssp\u00e4nningsomr\u00e5de och fulla effekt upp till 55\u00b0C g\u00f6r att effekten inte minskar f\u00f6r hela insp\u00e4nningsomr\u00e5det. Med en verkningsgrad p\u00e5 upp till 92%, kan det installeras i kompakta sk\u00e5p. Dess l\u00e5ga jordfelsstr\u00f6m p\u00e5 mindre \u00e4n 0,25 mA @ 264 Vac och \u00f6verensst\u00e4mmelse med \u00f6vertonsstr\u00f6m IEC\/EN 61000-3-2, klass A, garanterar s\u00e4kerhet och p\u00e5litlighet. Den \u00e4r ocks\u00e5 s\u00e4kerhetsgodk\u00e4nd enligt IEC\/EN\/UL 60950-1, IEC\/EN\/UL 62368-1 och UL 508.  Verkningsgrad upp till 92%  Klass II, dubbel isolering (ingen jordanslutning kr\u00e4vs)  Universal AC-ing\u00e5ngssp\u00e4nningsomr\u00e5de och full effekt upp till 55\u00b0C  Effekten kommer inte att minska f\u00f6r hela insp\u00e4nningsomr\u00e5det  Verkningsgrad &gt; 86,0 % vid 115 Vac &amp; 230 Vac  Kan installeras i kompakta sk\u00e5p  L\u00e5g jordfelsstr\u00f6m &lt; 0,25 mA @ 264 Vac  \u00d6verensst\u00e4mmer med \u00f6vertonsstr\u00f6m IEC\/EN 61000-3-2, klass A  S\u00e4kerhetsgodk\u00e4nnande enligt IEC\/EN\/UL 60950-1, IEC\/EN\/UL 62368-1 och UL 508","og_url":"https:\/\/c-profil.se\/english\/product\/night-unit-chrome-ii\/","og_site_name":"C-Pro","article_publisher":"https:\/\/www.facebook.com\/people\/C-Pro\/61561767306874\/","article_modified_time":"2026-03-19T14:44:06+00:00","og_image":[{"width":1000,"height":1000,"url":"https:\/\/c-profil.se\/wp-content\/uploads\/2023\/11\/Nataggregat-CHROME.jpg","type":"image\/jpeg"}],"twitter_card":"summary_large_image","twitter_misc":{"Price":"","Availability":"In stock"},"schema":{"@context":"https:\/\/schema.org","@graph":[{"@type":"WebPage","@id":"https:\/\/c-profil.se\/produkt\/nataggregat-chrome-ii\/","url":"https:\/\/c-profil.se\/produkt\/nataggregat-chrome-ii\/","name":"Power supply | CHROME II - C-Pro","isPartOf":{"@id":"https:\/\/c-profil.se\/#website"},"primaryImageOfPage":{"@id":"https:\/\/c-profil.se\/produkt\/nataggregat-chrome-ii\/#primaryimage"},"image":{"@id":"https:\/\/c-profil.se\/produkt\/nataggregat-chrome-ii\/#primaryimage"},"thumbnailUrl":"https:\/\/c-profil.se\/wp-content\/uploads\/2023\/11\/Nataggregat-CHROME.jpg","datePublished":"2023-11-10T10:20:00+00:00","dateModified":"2026-03-19T14:44:06+00:00","description":"Power supply \/ CHROME II, mounted on DIN-Profile. Class II double insulation, NEC Class 2. Universal AC input voltage range and full power up to 55\u00b0C.","breadcrumb":{"@id":"https:\/\/c-profil.se\/produkt\/nataggregat-chrome-ii\/#breadcrumb"},"inLanguage":"en","potentialAction":[{"@type":"ReadAction","target":["https:\/\/c-profil.se\/produkt\/nataggregat-chrome-ii\/"]}]},{"@type":"ImageObject","inLanguage":"en","@id":"https:\/\/c-profil.se\/produkt\/nataggregat-chrome-ii\/#primaryimage","url":"https:\/\/c-profil.se\/wp-content\/uploads\/2023\/11\/Nataggregat-CHROME.jpg","contentUrl":"https:\/\/c-profil.se\/wp-content\/uploads\/2023\/11\/Nataggregat-CHROME.jpg","width":1000,"height":1000,"caption":"N\u00e4taggregat CHROME"},{"@type":"BreadcrumbList","@id":"https:\/\/c-profil.se\/produkt\/nataggregat-chrome-ii\/#breadcrumb","itemListElement":[{"@type":"ListItem","position":1,"name":"Hem","item":"https:\/\/c-profil.se\/"},{"@type":"ListItem","position":2,"name":"Produkter","item":"https:\/\/c-profil.se\/produkter\/"},{"@type":"ListItem","position":3,"name":"N\u00e4taggregat","item":"https:\/\/c-profil.se\/produkt-kategori\/nataggregat\/"},{"@type":"ListItem","position":4,"name":"N\u00e4taggregat | CHROME II"}]},{"@type":"WebSite","@id":"https:\/\/c-profil.se\/#website","url":"https:\/\/c-profil.se\/","name":"C-Pro","description":"Products for Electricity and Automation","publisher":{"@id":"https:\/\/c-profil.se\/#organization"},"potentialAction":[{"@type":"SearchAction","target":{"@type":"EntryPoint","urlTemplate":"https:\/\/c-profil.se\/?s={search_term_string}"},"query-input":{"@type":"PropertyValueSpecification","valueRequired":true,"valueName":"search_term_string"}}],"inLanguage":"en"},{"@type":"Organization","@id":"https:\/\/c-profil.se\/#organization","name":"C-Pro","alternateName":"C-PRO","url":"https:\/\/c-profil.se\/","logo":{"@type":"ImageObject","inLanguage":"en","@id":"https:\/\/c-profil.se\/#\/schema\/logo\/image\/","url":"https:\/\/c-profil.se\/wp-content\/uploads\/2022\/03\/c-pro-logga-liggande-500x500-1.png","contentUrl":"https:\/\/c-profil.se\/wp-content\/uploads\/2022\/03\/c-pro-logga-liggande-500x500-1.png","width":500,"height":500,"caption":"C-Pro"},"image":{"@id":"https:\/\/c-profil.se\/#\/schema\/logo\/image\/"},"sameAs":["https:\/\/www.facebook.com\/people\/C-Pro\/61561767306874\/","https:\/\/www.linkedin.com\/company\/c-pro-ab","https:\/\/www.instagram.com\/cpro.ab\/"],"description":"C-PRO AB is a comprehensive supplier of materials for applications in electricity and automation. Ever since the start in 1987, we have supplied the Swedish manufacturing industry with electrical materials. Despite our size and leading position, we have never abandoned our basic philosophy, to be a personal supplier. We at C-PRO are easy to get in touch with, honest and passionate about solving our customers&#039; problems.","email":"info@c-profil.se","telephone":"031575785","legalName":"C-Profil F\u00f6rl\u00e4ggningsmaterial AB","foundingDate":"1987-01-01"}]},"product_brand":"apparatsk\u00e5p","product_price_currency":"SEK","og_availability":"instock","product_availability":"instock","product_retailer_item_id":"CHROME","product_condition":"new"},"_links":{"self":[{"href":"https:\/\/c-profil.se\/english\/wp-json\/wp\/v2\/product\/40551","targetHints":{"allow":["GET"]}}],"collection":[{"href":"https:\/\/c-profil.se\/english\/wp-json\/wp\/v2\/product"}],"about":[{"href":"https:\/\/c-profil.se\/english\/wp-json\/wp\/v2\/types\/product"}],"version-history":[{"count":9,"href":"https:\/\/c-profil.se\/english\/wp-json\/wp\/v2\/product\/40551\/revisions"}],"predecessor-version":[{"id":74438,"href":"https:\/\/c-profil.se\/english\/wp-json\/wp\/v2\/product\/40551\/revisions\/74438"}],"wp:featuredmedia":[{"embeddable":true,"href":"https:\/\/c-profil.se\/english\/wp-json\/wp\/v2\/media\/51715"}],"wp:attachment":[{"href":"https:\/\/c-profil.se\/english\/wp-json\/wp\/v2\/media?parent=40551"}],"wp:term":[{"taxonomy":"product_brand","embeddable":true,"href":"https:\/\/c-profil.se\/english\/wp-json\/wp\/v2\/product_brand?post=40551"},{"taxonomy":"product_cat","embeddable":true,"href":"https:\/\/c-profil.se\/english\/wp-json\/wp\/v2\/product_cat?post=40551"},{"taxonomy":"product_tag","embeddable":true,"href":"https:\/\/c-profil.se\/english\/wp-json\/wp\/v2\/product_tag?post=40551"}],"curies":[{"name":"wp","href":"https:\/\/api.w.org\/{rel}","templated":true}]}}